{"id":5085,"date":"2018-03-27T08:51:30","date_gmt":"2018-03-27T07:51:30","guid":{"rendered":"https:\/\/woo-themes-plugins.com\/product\/woopress-tema-woocommerce-todos-los-sitios-tema-versatil-sensible-y-paralelo\/"},"modified":"2018-03-27T08:51:30","modified_gmt":"2018-03-27T07:51:30","slug":"woopress-tema-woocommerce-todos-los-sitios-tema-versatil-sensible-y-paralelo","status":"publish","type":"product","link":"https:\/\/woo-themes-plugins.com\/es\/product\/woopress-tema-woocommerce-todos-los-sitios-tema-versatil-sensible-y-paralelo\/","title":{"rendered":"WooPress &#8211; Tema WooCommerce Todos los sitios &#8211; Tema vers\u00e1til, sensible y paralelo"},"content":{"rendered":"","protected":false},"excerpt":{"rendered":"<p><span id=\"result_box\" class=\"\" lang=\"es\">El resumen en dos l\u00edneas de lo que WooPress puede hacer ser\u00eda casi un insulto a este tema de WooCommerce, tanto que su autor est\u00e1 tratando de establecer un list\u00f3n alto. Vers\u00e1til tema WooCommerce por naturaleza, WooPress es m\u00e1s de 20 dise\u00f1os para dise\u00f1ar todo tipo de sitios de comercio electr\u00f3nico. <span class=\"\">Mire un poco los dise\u00f1os que propone este tema WooCommerce: juguete de sitio, muebles, flores, con paralaje de efectos, para tiendas de mascotas, para joyer\u00eda &#8230; la elecci\u00f3n es amplia y variada.<\/span><\/span><\/p>\n","protected":false},"featured_media":948,"template":"","meta":{"_monsterinsights_skip_tracking":false,"_monsterinsights_sitenote_active":false,"_monsterinsights_sitenote_note":"","_monsterinsights_sitenote_category":0},"product_cat":[221],"product_tag":[300,275,299,224,229,306,271,264,263,272,289,301,298,303,286,287,285,297,282],"class_list":["post-5085","product","type-product","status-publish","has-post-thumbnail","hentry","product_cat-tema-de-woocommerce","product_tag-control-deslizante-woocommerce-y-revolution","product_tag-el-tema-de-la-vendimia-de-woocommerce","product_tag-instalacion-de-woocommerce-un-clic","product_tag-paquete-de-complementos-premium","product_tag-principiante-woocommerce","product_tag-responsive-woocommerce","product_tag-tema-woocommerce-onepage","product_tag-tema-woocommerce-y-ajax","product_tag-temas-personalizables-de-woocommerce","product_tag-the-woocommerce-parallax-tema","product_tag-woocommerce-florist","product_tag-woocommerce-visual-composer-es","product_tag-woocommerce-belleza","product_tag-woocommerce-multilingual","product_tag-woocommerce-y-animalerie","product_tag-woocommerce-y-joyeria","product_tag-woocommerce-y-muebles","product_tag-woocommerce-y-quincaillerie","product_tag-woocommerce-y-toy-store","pa_dev-woo-plugin-theme-8theme-es","pa_marketplace-woocommerce-themeforest-net-es"],"yoast_head":"<!-- This site is optimized with the Yoast SEO plugin v23.1 - https:\/\/yoast.com\/wordpress\/plugins\/seo\/ -->\n<title>WooPress - Tema WooCommerce Todos los sitios - Tema vers\u00e1til, sensible y paralelo - Woo-themes-plugins.com<\/title>\n<meta name=\"robots\" content=\"index, follow, max-snippet:-1, max-image-preview:large, max-video-preview:-1\" \/>\n<link rel=\"canonical\" href=\"https:\/\/woo-themes-plugins.com\/es\/producto\/woopress-tema-woocommerce-todos-los-sitios-tema-versatil-sensible-y-paralelo\/\" \/>\n<meta property=\"og:locale\" content=\"es_ES\" \/>\n<meta property=\"og:type\" content=\"article\" \/>\n<meta property=\"og:title\" content=\"WooPress - Tema WooCommerce Todos los sitios - Tema vers\u00e1til, sensible y paralelo - Woo-themes-plugins.com\" \/>\n<meta property=\"og:description\" content=\"El resumen en dos l\u00edneas de lo que WooPress puede hacer ser\u00eda casi un insulto a este tema de WooCommerce, tanto que su autor est\u00e1 tratando de establecer un list\u00f3n alto. Vers\u00e1til tema WooCommerce por naturaleza, WooPress es m\u00e1s de 20 dise\u00f1os para dise\u00f1ar todo tipo de sitios de comercio electr\u00f3nico. Mire un poco los dise\u00f1os que propone este tema WooCommerce: juguete de sitio, muebles, flores, con paralaje de efectos, para tiendas de mascotas, para joyer\u00eda ... la elecci\u00f3n es amplia y variada.\" \/>\n<meta property=\"og:url\" content=\"https:\/\/woo-themes-plugins.com\/es\/producto\/woopress-tema-woocommerce-todos-los-sitios-tema-versatil-sensible-y-paralelo\/\" \/>\n<meta property=\"og:site_name\" content=\"Woo-themes-plugins.com\" \/>\n<meta property=\"og:image\" content=\"https:\/\/woo-themes-plugins.com\/wp-content\/uploads\/sites\/7\/2018\/03\/woo-themes-plugins-woopress-theme-woocommerce-tous-sites-theme-versatile-responsive-default.jpg\" \/>\n\t<meta property=\"og:image:width\" content=\"906\" \/>\n\t<meta property=\"og:image:height\" content=\"900\" \/>\n\t<meta property=\"og:image:type\" content=\"image\/jpeg\" \/>\n<script type=\"application\/ld+json\" class=\"yoast-schema-graph\">{\"@context\":\"https:\/\/schema.org\",\"@graph\":[{\"@type\":\"WebPage\",\"@id\":\"https:\/\/woo-themes-plugins.com\/es\/producto\/woopress-tema-woocommerce-todos-los-sitios-tema-versatil-sensible-y-paralelo\/\",\"url\":\"https:\/\/woo-themes-plugins.com\/es\/producto\/woopress-tema-woocommerce-todos-los-sitios-tema-versatil-sensible-y-paralelo\/\",\"name\":\"WooPress - Tema WooCommerce Todos los sitios - Tema vers\u00e1til, sensible y paralelo - Woo-themes-plugins.com\",\"isPartOf\":{\"@id\":\"https:\/\/woo-themes-plugins.com\/it\/#website\"},\"primaryImageOfPage\":{\"@id\":\"https:\/\/woo-themes-plugins.com\/es\/producto\/woopress-tema-woocommerce-todos-los-sitios-tema-versatil-sensible-y-paralelo\/#primaryimage\"},\"image\":{\"@id\":\"https:\/\/woo-themes-plugins.com\/es\/producto\/woopress-tema-woocommerce-todos-los-sitios-tema-versatil-sensible-y-paralelo\/#primaryimage\"},\"thumbnailUrl\":\"https:\/\/woo-themes-plugins.com\/wp-content\/uploads\/sites\/7\/2018\/03\/woo-themes-plugins-woopress-theme-woocommerce-tous-sites-theme-versatile-responsive-default.jpg\",\"datePublished\":\"2018-03-27T07:51:30+00:00\",\"dateModified\":\"2018-03-27T07:51:30+00:00\",\"breadcrumb\":{\"@id\":\"https:\/\/woo-themes-plugins.com\/es\/producto\/woopress-tema-woocommerce-todos-los-sitios-tema-versatil-sensible-y-paralelo\/#breadcrumb\"},\"inLanguage\":\"es\",\"potentialAction\":[{\"@type\":\"ReadAction\",\"target\":[\"https:\/\/woo-themes-plugins.com\/es\/producto\/woopress-tema-woocommerce-todos-los-sitios-tema-versatil-sensible-y-paralelo\/\"]}]},{\"@type\":\"ImageObject\",\"inLanguage\":\"es\",\"@id\":\"https:\/\/woo-themes-plugins.com\/es\/producto\/woopress-tema-woocommerce-todos-los-sitios-tema-versatil-sensible-y-paralelo\/#primaryimage\",\"url\":\"https:\/\/woo-themes-plugins.com\/wp-content\/uploads\/sites\/7\/2018\/03\/woo-themes-plugins-woopress-theme-woocommerce-tous-sites-theme-versatile-responsive-default.jpg\",\"contentUrl\":\"https:\/\/woo-themes-plugins.com\/wp-content\/uploads\/sites\/7\/2018\/03\/woo-themes-plugins-woopress-theme-woocommerce-tous-sites-theme-versatile-responsive-default.jpg\",\"width\":906,\"height\":900},{\"@type\":\"BreadcrumbList\",\"@id\":\"https:\/\/woo-themes-plugins.com\/es\/producto\/woopress-tema-woocommerce-todos-los-sitios-tema-versatil-sensible-y-paralelo\/#breadcrumb\",\"itemListElement\":[{\"@type\":\"ListItem\",\"position\":1,\"name\":\"Accueil\",\"item\":\"https:\/\/woo-themes-plugins.com\/fr\/\"},{\"@type\":\"ListItem\",\"position\":2,\"name\":\"Shop\",\"item\":\"https:\/\/woo-themes-plugins.com\/shop\/\"},{\"@type\":\"ListItem\",\"position\":3,\"name\":\"WooPress &#8211; Tema WooCommerce Todos los sitios &#8211; Tema vers\u00e1til, sensible y paralelo\"}]},{\"@type\":\"WebSite\",\"@id\":\"https:\/\/woo-themes-plugins.com\/it\/#website\",\"url\":\"https:\/\/woo-themes-plugins.com\/it\/\",\"name\":\"Woo-themes-plugins.com\",\"description\":\"Tous les th\u00e8mes et plugins WooCommerce Premium\",\"potentialAction\":[{\"@type\":\"SearchAction\",\"target\":{\"@type\":\"EntryPoint\",\"urlTemplate\":\"https:\/\/woo-themes-plugins.com\/it\/?s={search_term_string}\"},\"query-input\":\"required name=search_term_string\"}],\"inLanguage\":\"es\"}]}<\/script>\n<!-- \/ Yoast SEO plugin. -->","yoast_head_json":{"title":"WooPress - Tema WooCommerce Todos los sitios - Tema vers\u00e1til, sensible y paralelo - Woo-themes-plugins.com","robots":{"index":"index","follow":"follow","max-snippet":"max-snippet:-1","max-image-preview":"max-image-preview:large","max-video-preview":"max-video-preview:-1"},"canonical":"https:\/\/woo-themes-plugins.com\/es\/producto\/woopress-tema-woocommerce-todos-los-sitios-tema-versatil-sensible-y-paralelo\/","og_locale":"es_ES","og_type":"article","og_title":"WooPress - Tema WooCommerce Todos los sitios - Tema vers\u00e1til, sensible y paralelo - Woo-themes-plugins.com","og_description":"El resumen en dos l\u00edneas de lo que WooPress puede hacer ser\u00eda casi un insulto a este tema de WooCommerce, tanto que su autor est\u00e1 tratando de establecer un list\u00f3n alto. Vers\u00e1til tema WooCommerce por naturaleza, WooPress es m\u00e1s de 20 dise\u00f1os para dise\u00f1ar todo tipo de sitios de comercio electr\u00f3nico. Mire un poco los dise\u00f1os que propone este tema WooCommerce: juguete de sitio, muebles, flores, con paralaje de efectos, para tiendas de mascotas, para joyer\u00eda ... la elecci\u00f3n es amplia y variada.","og_url":"https:\/\/woo-themes-plugins.com\/es\/producto\/woopress-tema-woocommerce-todos-los-sitios-tema-versatil-sensible-y-paralelo\/","og_site_name":"Woo-themes-plugins.com","og_image":[{"width":906,"height":900,"url":"https:\/\/woo-themes-plugins.com\/wp-content\/uploads\/sites\/7\/2018\/03\/woo-themes-plugins-woopress-theme-woocommerce-tous-sites-theme-versatile-responsive-default.jpg","type":"image\/jpeg"}],"schema":{"@context":"https:\/\/schema.org","@graph":[{"@type":"WebPage","@id":"https:\/\/woo-themes-plugins.com\/es\/producto\/woopress-tema-woocommerce-todos-los-sitios-tema-versatil-sensible-y-paralelo\/","url":"https:\/\/woo-themes-plugins.com\/es\/producto\/woopress-tema-woocommerce-todos-los-sitios-tema-versatil-sensible-y-paralelo\/","name":"WooPress - Tema WooCommerce Todos los sitios - Tema vers\u00e1til, sensible y paralelo - Woo-themes-plugins.com","isPartOf":{"@id":"https:\/\/woo-themes-plugins.com\/it\/#website"},"primaryImageOfPage":{"@id":"https:\/\/woo-themes-plugins.com\/es\/producto\/woopress-tema-woocommerce-todos-los-sitios-tema-versatil-sensible-y-paralelo\/#primaryimage"},"image":{"@id":"https:\/\/woo-themes-plugins.com\/es\/producto\/woopress-tema-woocommerce-todos-los-sitios-tema-versatil-sensible-y-paralelo\/#primaryimage"},"thumbnailUrl":"https:\/\/woo-themes-plugins.com\/wp-content\/uploads\/sites\/7\/2018\/03\/woo-themes-plugins-woopress-theme-woocommerce-tous-sites-theme-versatile-responsive-default.jpg","datePublished":"2018-03-27T07:51:30+00:00","dateModified":"2018-03-27T07:51:30+00:00","breadcrumb":{"@id":"https:\/\/woo-themes-plugins.com\/es\/producto\/woopress-tema-woocommerce-todos-los-sitios-tema-versatil-sensible-y-paralelo\/#breadcrumb"},"inLanguage":"es","potentialAction":[{"@type":"ReadAction","target":["https:\/\/woo-themes-plugins.com\/es\/producto\/woopress-tema-woocommerce-todos-los-sitios-tema-versatil-sensible-y-paralelo\/"]}]},{"@type":"ImageObject","inLanguage":"es","@id":"https:\/\/woo-themes-plugins.com\/es\/producto\/woopress-tema-woocommerce-todos-los-sitios-tema-versatil-sensible-y-paralelo\/#primaryimage","url":"https:\/\/woo-themes-plugins.com\/wp-content\/uploads\/sites\/7\/2018\/03\/woo-themes-plugins-woopress-theme-woocommerce-tous-sites-theme-versatile-responsive-default.jpg","contentUrl":"https:\/\/woo-themes-plugins.com\/wp-content\/uploads\/sites\/7\/2018\/03\/woo-themes-plugins-woopress-theme-woocommerce-tous-sites-theme-versatile-responsive-default.jpg","width":906,"height":900},{"@type":"BreadcrumbList","@id":"https:\/\/woo-themes-plugins.com\/es\/producto\/woopress-tema-woocommerce-todos-los-sitios-tema-versatil-sensible-y-paralelo\/#breadcrumb","itemListElement":[{"@type":"ListItem","position":1,"name":"Accueil","item":"https:\/\/woo-themes-plugins.com\/fr\/"},{"@type":"ListItem","position":2,"name":"Shop","item":"https:\/\/woo-themes-plugins.com\/shop\/"},{"@type":"ListItem","position":3,"name":"WooPress &#8211; Tema WooCommerce Todos los sitios &#8211; Tema vers\u00e1til, sensible y paralelo"}]},{"@type":"WebSite","@id":"https:\/\/woo-themes-plugins.com\/it\/#website","url":"https:\/\/woo-themes-plugins.com\/it\/","name":"Woo-themes-plugins.com","description":"Tous les th\u00e8mes et plugins WooCommerce Premium","potentialAction":[{"@type":"SearchAction","target":{"@type":"EntryPoint","urlTemplate":"https:\/\/woo-themes-plugins.com\/it\/?s={search_term_string}"},"query-input":"required name=search_term_string"}],"inLanguage":"es"}]}},"_links":{"self":[{"href":"https:\/\/woo-themes-plugins.com\/es\/wp-json\/wp\/v2\/product\/5085","targetHints":{"allow":["GET"]}}],"collection":[{"href":"https:\/\/woo-themes-plugins.com\/es\/wp-json\/wp\/v2\/product"}],"about":[{"href":"https:\/\/woo-themes-plugins.com\/es\/wp-json\/wp\/v2\/types\/product"}],"wp:featuredmedia":[{"embeddable":true,"href":"https:\/\/woo-themes-plugins.com\/es\/wp-json\/wp\/v2\/media\/948"}],"wp:attachment":[{"href":"https:\/\/woo-themes-plugins.com\/es\/wp-json\/wp\/v2\/media?parent=5085"}],"wp:term":[{"taxonomy":"product_cat","embeddable":true,"href":"https:\/\/woo-themes-plugins.com\/es\/wp-json\/wp\/v2\/product_cat?post=5085"},{"taxonomy":"product_tag","embeddable":true,"href":"https:\/\/woo-themes-plugins.com\/es\/wp-json\/wp\/v2\/product_tag?post=5085"}],"curies":[{"name":"wp","href":"https:\/\/api.w.org\/{rel}","templated":true}]}}