{"id":5106,"date":"2018-04-19T10:13:00","date_gmt":"2018-04-19T09:13:00","guid":{"rendered":"https:\/\/woo-themes-plugins.com\/product\/divi-el-woocommerce-tema-saber-absolutamente\/"},"modified":"2018-04-19T10:13:00","modified_gmt":"2018-04-19T09:13:00","slug":"divi-el-woocommerce-tema-saber-absolutamente","status":"publish","type":"product","link":"https:\/\/woo-themes-plugins.com\/es\/product\/divi-el-woocommerce-tema-saber-absolutamente\/","title":{"rendered":"DIVI &#8211; EL WOOCOMMERCE TEMA SABER ABSOLUTAMENTE"},"content":{"rendered":"<p><span id=\"result_box\" class=\"\" lang=\"es\"><span title=\"Pourquoi ce th\u00e8me plut\u00f4t qu'un autre ?\">\u00bfPor qu\u00e9 este tema en lugar de otro? <\/span><span title=\"Apr\u00e8s tout, il suffit de regarder la s\u00e9lection de th\u00e8mes WooCommerce que nous faisons sur woo-themes-plugins.com pour se convaincre du fait que moult autres th\u00e8mes WooCommerce existent.\">Despu\u00e9s de todo, solo mira la selecci\u00f3n de temas de WooCommerce que estamos haciendo en woo-themes-plugins.com para convencernos de que existen muchos otros temas de WooCommerce. <\/span><span title=\"Alors, pourquoi ?\n\n\">Entonces porque ?<\/p>\n<p><\/span><span title=\"Avant de parler du th\u00e8me en lui-m\u00eame, une des raisons qui en font une s\u00e9lection de choix tient dans sa long\u00e9vit\u00e9.\">Antes de hablar sobre el tema en s\u00ed, uno de los motivos que lo convierten en una selecci\u00f3n de opciones radica en su longevidad. <\/span><span title=\"Ce th\u00e8me existe depuis... En fait, je sais m\u00eame plus tellement j'ai l'impression de l'avoir toujours connu.\">Este tema ha existido desde &#8230; De hecho, incluso s\u00e9 m\u00e1s, as\u00ed que siento que siempre he sabido. <\/span><span title=\"Divi est un th\u00e8me qui a vu le jour chez Elegant Themes.\">Divi es un tema que ha surgido en Elegant Themes. <\/span><span title=\"Ce n'est pas leur premier th\u00e8me, loin de l\u00e0, mais c'est le tout premier et seul th\u00e8me permettant autant de souplesse parmi la s\u00e9lection de chez Elegant Themes.\">Este no es su primer tema, ni mucho menos, pero es el primer y \u00fanico tema que permite tanta flexibilidad entre la selecci\u00f3n de Elegant Themes. <\/span><span title=\"Plut\u00f4t que de se disperser, Divi est devenu LE th\u00e8me de chez Elegant Themes;\">En lugar de dispersarse, Divi se convirti\u00f3 en EL tema de Temas Elegantes; <\/span><span title=\"il permet v\u00e9ritablement de tout faire avec WordPress et bien entendu WooCommerce.\">realmente hace todo con WordPress y, por supuesto, con WooCommerce. <\/span><span title=\"Il faut bien le dire, Divi existait avant WooCommerce.\">Hay que decir que Divi exist\u00eda antes de WooCommerce. <\/span><span title=\"Divi n'est pas un th\u00e8me fait juste pour WooCommerce;\">Divi no es un tema solo para WooCommerce; <\/span><span title=\"c'est un th\u00e8me qui supporte \u00e9norm\u00e9ment de souplesse dont l'int\u00e9gration d'une vraie boutique de eCommerce au travers de WooCommerce.\n\n\">es un tema que admite mucha flexibilidad, incluida la integraci\u00f3n de una verdadera tienda de comercio electr\u00f3nico a trav\u00e9s de WooCommerce.<\/p>\n<p><\/span><span title=\"Difficile de d\u00e9crire dans le d\u00e9tail un th\u00e8me WooCommerce qui permet litt\u00e9ralement de tout faire.\">Dif\u00edcil describir en detalle un tema de WooCommerce que literalmente te permite hacerlo todo. <\/span><span title=\"Concentrons-nous sur des \u00e9l\u00e9ments bien pr\u00e9cis.\">Vamos a centrarnos en cosas espec\u00edficas. <\/span><span title=\"Une des immenses forces de Divi est son constructeur de page juste hallucinant de r\u00e9activit\u00e9 et de souplesse.\">Una de las fortalezas m\u00e1s grandes de Divi es su generador de una p\u00e1gina de capacidad de respuesta y flexibilidad alucinante. <\/span><span title=\"Gr\u00e2ce \u00e0 ce constructeur, tu pourras r\u00e9aliser 100% de tes pages sans jamais voir l'ombre d'un shortcode et encore moins de code PHP ou JavaScript.\">Gracias a este constructor, podr\u00e1 realizar el 100% de sus p\u00e1ginas sin nunca ver la sombra de un c\u00f3digo corto y a\u00fan menos el c\u00f3digo PHP o JavaScript. <\/span><span title=\"Ce th\u00e8me c'est tr\u00e8s largement impos\u00e9 dans le monde de la fabrication \u00e0 la cha\u00eene de sites WooCommerce ne se ressemblant pas, mais reposant sur une base commune.\n\n\">Este tema est\u00e1 muy ampliamente impuesto en el mundo de la fabricaci\u00f3n de la cadena de sitios WooCommerce, no es similar, sino que se basa en una base com\u00fan.<\/p>\n<p><\/span><span title=\"Bien entendu ce th\u00e8me WooCommerce est responsible, nous permet d'acc\u00e9der \u00e0 des tonnes de shortcodes, autorise le drag and drop, permet de personnaliser 100% de son interface au clic et tellement plus.\">Por supuesto, este tema WooCommerce es responsable, nos permite acceder a toneladas de c\u00f3digos cortos, permite arrastrar y soltar, permite personalizar el 100% de su interfaz al clic y mucho m\u00e1s. <\/span><span title=\"All\u00e9, lances-toi et d\u00e9couvres sans plus tarder Divi.\">Vamos, descubre y descubre Divi sin demora.<\/span><\/span><\/p>\n","protected":false},"excerpt":{"rendered":"<p><span id=\"result_box\" class=\"\" lang=\"es\">No te preocupes con mi teclado; casi se grita con el t\u00edtulo de un tema de WooCommerce, no es genial, lo siento. Pero aqu\u00ed, Divi es un tema de WooCommerce tan inevitable, que necesitaba una forma de captar tu atenci\u00f3n para dec\u00edrtelo;)<\/p>\n<p>Dos formas de convencerse a s\u00ed mismo, leer la descripci\u00f3n larga a continuaci\u00f3n, o descubrir de inmediato una demostraci\u00f3n de este tema haciendo clic en el bot\u00f3n de descarga justo debajo. Estoy seguro de que en 30 segundos estar\u00e1s convencido del poder de este tema WooCommerce como ning\u00fan otro.<\/span><\/p>\n","protected":false},"featured_media":3077,"template":"","meta":{"_monsterinsights_skip_tracking":false,"_monsterinsights_sitenote_active":false,"_monsterinsights_sitenote_note":"","_monsterinsights_sitenote_category":0},"product_cat":[221],"product_tag":[299,269,229,306,308,265,266,270,273,267,276,263,242,304,295],"class_list":["post-5106","product","type-product","status-publish","has-post-thumbnail","hentry","product_cat-tema-de-woocommerce","product_tag-instalacion-de-woocommerce-un-clic","product_tag-minimalista-de-woocommerce-del-tema","product_tag-principiante-woocommerce","product_tag-responsive-woocommerce","product_tag-seo-woocommerce","product_tag-tema-de-woocommerce-con-blog","product_tag-tema-de-woocommerce-con-constructor","product_tag-tema-moderno-del-woocommerce","product_tag-tema-polivalente-woocommerce","product_tag-tema-woocommerce-hi-tech","product_tag-tema-woocommerce-y-diseno-plano","product_tag-temas-personalizables-de-woocommerce","product_tag-woocommerce-indispensable","product_tag-woocommerce-optimizado","product_tag-woocommerce-y-tienda-de-ropa","pa_dev-woo-plugin-theme-sara_p-es","pa_marketplace-woocommerce-themeforest-net-es"],"yoast_head":"<!-- This site is optimized with the Yoast SEO plugin v23.1 - https:\/\/yoast.com\/wordpress\/plugins\/seo\/ -->\n<title>DIVI - EL WOOCOMMERCE TEMA SABER ABSOLUTAMENTE - Woo-themes-plugins.com<\/title>\n<meta name=\"robots\" content=\"index, follow, max-snippet:-1, max-image-preview:large, max-video-preview:-1\" \/>\n<link rel=\"canonical\" href=\"https:\/\/woo-themes-plugins.com\/es\/producto\/divi-el-woocommerce-tema-saber-absolutamente\/\" \/>\n<meta property=\"og:locale\" content=\"es_ES\" \/>\n<meta property=\"og:type\" content=\"article\" \/>\n<meta property=\"og:title\" content=\"DIVI - EL WOOCOMMERCE TEMA SABER ABSOLUTAMENTE - Woo-themes-plugins.com\" \/>\n<meta property=\"og:description\" content=\"No te preocupes con mi teclado; casi se grita con el t\u00edtulo de un tema de WooCommerce, no es genial, lo siento. Pero aqu\u00ed, Divi es un tema de WooCommerce tan inevitable, que necesitaba una forma de captar tu atenci\u00f3n para dec\u00edrtelo;)  Dos formas de convencerse a s\u00ed mismo, leer la descripci\u00f3n larga a continuaci\u00f3n, o descubrir de inmediato una demostraci\u00f3n de este tema haciendo clic en el bot\u00f3n de descarga justo debajo. Estoy seguro de que en 30 segundos estar\u00e1s convencido del poder de este tema WooCommerce como ning\u00fan otro.\" \/>\n<meta property=\"og:url\" content=\"https:\/\/woo-themes-plugins.com\/es\/producto\/divi-el-woocommerce-tema-saber-absolutamente\/\" \/>\n<meta property=\"og:site_name\" content=\"Woo-themes-plugins.com\" \/>\n<meta property=\"og:image\" content=\"https:\/\/woo-themes-plugins.com\/wp-content\/uploads\/sites\/7\/2018\/04\/woo-themes-plugins_divi-theme-woocommerce-incontournable-4.jpg\" \/>\n\t<meta property=\"og:image:width\" content=\"644\" \/>\n\t<meta property=\"og:image:height\" content=\"900\" \/>\n\t<meta property=\"og:image:type\" content=\"image\/jpeg\" \/>\n<meta name=\"twitter:label1\" content=\"Tiempo de lectura\" \/>\n\t<meta name=\"twitter:data1\" content=\"2 minutos\" \/>\n<script type=\"application\/ld+json\" class=\"yoast-schema-graph\">{\"@context\":\"https:\/\/schema.org\",\"@graph\":[{\"@type\":\"WebPage\",\"@id\":\"https:\/\/woo-themes-plugins.com\/es\/producto\/divi-el-woocommerce-tema-saber-absolutamente\/\",\"url\":\"https:\/\/woo-themes-plugins.com\/es\/producto\/divi-el-woocommerce-tema-saber-absolutamente\/\",\"name\":\"DIVI - EL WOOCOMMERCE TEMA SABER ABSOLUTAMENTE - Woo-themes-plugins.com\",\"isPartOf\":{\"@id\":\"https:\/\/woo-themes-plugins.com\/it\/#website\"},\"primaryImageOfPage\":{\"@id\":\"https:\/\/woo-themes-plugins.com\/es\/producto\/divi-el-woocommerce-tema-saber-absolutamente\/#primaryimage\"},\"image\":{\"@id\":\"https:\/\/woo-themes-plugins.com\/es\/producto\/divi-el-woocommerce-tema-saber-absolutamente\/#primaryimage\"},\"thumbnailUrl\":\"https:\/\/woo-themes-plugins.com\/wp-content\/uploads\/sites\/7\/2018\/04\/woo-themes-plugins_divi-theme-woocommerce-incontournable-4.jpg\",\"datePublished\":\"2018-04-19T09:13:00+00:00\",\"dateModified\":\"2018-04-19T09:13:00+00:00\",\"breadcrumb\":{\"@id\":\"https:\/\/woo-themes-plugins.com\/es\/producto\/divi-el-woocommerce-tema-saber-absolutamente\/#breadcrumb\"},\"inLanguage\":\"es\",\"potentialAction\":[{\"@type\":\"ReadAction\",\"target\":[\"https:\/\/woo-themes-plugins.com\/es\/producto\/divi-el-woocommerce-tema-saber-absolutamente\/\"]}]},{\"@type\":\"ImageObject\",\"inLanguage\":\"es\",\"@id\":\"https:\/\/woo-themes-plugins.com\/es\/producto\/divi-el-woocommerce-tema-saber-absolutamente\/#primaryimage\",\"url\":\"https:\/\/woo-themes-plugins.com\/wp-content\/uploads\/sites\/7\/2018\/04\/woo-themes-plugins_divi-theme-woocommerce-incontournable-4.jpg\",\"contentUrl\":\"https:\/\/woo-themes-plugins.com\/wp-content\/uploads\/sites\/7\/2018\/04\/woo-themes-plugins_divi-theme-woocommerce-incontournable-4.jpg\",\"width\":644,\"height\":900},{\"@type\":\"BreadcrumbList\",\"@id\":\"https:\/\/woo-themes-plugins.com\/es\/producto\/divi-el-woocommerce-tema-saber-absolutamente\/#breadcrumb\",\"itemListElement\":[{\"@type\":\"ListItem\",\"position\":1,\"name\":\"Accueil\",\"item\":\"https:\/\/woo-themes-plugins.com\/fr\/\"},{\"@type\":\"ListItem\",\"position\":2,\"name\":\"Shop\",\"item\":\"https:\/\/woo-themes-plugins.com\/shop\/\"},{\"@type\":\"ListItem\",\"position\":3,\"name\":\"DIVI &#8211; EL WOOCOMMERCE TEMA SABER ABSOLUTAMENTE\"}]},{\"@type\":\"WebSite\",\"@id\":\"https:\/\/woo-themes-plugins.com\/it\/#website\",\"url\":\"https:\/\/woo-themes-plugins.com\/it\/\",\"name\":\"Woo-themes-plugins.com\",\"description\":\"Tous les th\u00e8mes et plugins WooCommerce Premium\",\"potentialAction\":[{\"@type\":\"SearchAction\",\"target\":{\"@type\":\"EntryPoint\",\"urlTemplate\":\"https:\/\/woo-themes-plugins.com\/it\/?s={search_term_string}\"},\"query-input\":\"required name=search_term_string\"}],\"inLanguage\":\"es\"}]}<\/script>\n<!-- \/ Yoast SEO plugin. -->","yoast_head_json":{"title":"DIVI - EL WOOCOMMERCE TEMA SABER ABSOLUTAMENTE - Woo-themes-plugins.com","robots":{"index":"index","follow":"follow","max-snippet":"max-snippet:-1","max-image-preview":"max-image-preview:large","max-video-preview":"max-video-preview:-1"},"canonical":"https:\/\/woo-themes-plugins.com\/es\/producto\/divi-el-woocommerce-tema-saber-absolutamente\/","og_locale":"es_ES","og_type":"article","og_title":"DIVI - EL WOOCOMMERCE TEMA SABER ABSOLUTAMENTE - Woo-themes-plugins.com","og_description":"No te preocupes con mi teclado; casi se grita con el t\u00edtulo de un tema de WooCommerce, no es genial, lo siento. Pero aqu\u00ed, Divi es un tema de WooCommerce tan inevitable, que necesitaba una forma de captar tu atenci\u00f3n para dec\u00edrtelo;)  Dos formas de convencerse a s\u00ed mismo, leer la descripci\u00f3n larga a continuaci\u00f3n, o descubrir de inmediato una demostraci\u00f3n de este tema haciendo clic en el bot\u00f3n de descarga justo debajo. Estoy seguro de que en 30 segundos estar\u00e1s convencido del poder de este tema WooCommerce como ning\u00fan otro.","og_url":"https:\/\/woo-themes-plugins.com\/es\/producto\/divi-el-woocommerce-tema-saber-absolutamente\/","og_site_name":"Woo-themes-plugins.com","og_image":[{"width":644,"height":900,"url":"https:\/\/woo-themes-plugins.com\/wp-content\/uploads\/sites\/7\/2018\/04\/woo-themes-plugins_divi-theme-woocommerce-incontournable-4.jpg","type":"image\/jpeg"}],"twitter_misc":{"Tiempo de lectura":"2 minutos"},"schema":{"@context":"https:\/\/schema.org","@graph":[{"@type":"WebPage","@id":"https:\/\/woo-themes-plugins.com\/es\/producto\/divi-el-woocommerce-tema-saber-absolutamente\/","url":"https:\/\/woo-themes-plugins.com\/es\/producto\/divi-el-woocommerce-tema-saber-absolutamente\/","name":"DIVI - EL WOOCOMMERCE TEMA SABER ABSOLUTAMENTE - Woo-themes-plugins.com","isPartOf":{"@id":"https:\/\/woo-themes-plugins.com\/it\/#website"},"primaryImageOfPage":{"@id":"https:\/\/woo-themes-plugins.com\/es\/producto\/divi-el-woocommerce-tema-saber-absolutamente\/#primaryimage"},"image":{"@id":"https:\/\/woo-themes-plugins.com\/es\/producto\/divi-el-woocommerce-tema-saber-absolutamente\/#primaryimage"},"thumbnailUrl":"https:\/\/woo-themes-plugins.com\/wp-content\/uploads\/sites\/7\/2018\/04\/woo-themes-plugins_divi-theme-woocommerce-incontournable-4.jpg","datePublished":"2018-04-19T09:13:00+00:00","dateModified":"2018-04-19T09:13:00+00:00","breadcrumb":{"@id":"https:\/\/woo-themes-plugins.com\/es\/producto\/divi-el-woocommerce-tema-saber-absolutamente\/#breadcrumb"},"inLanguage":"es","potentialAction":[{"@type":"ReadAction","target":["https:\/\/woo-themes-plugins.com\/es\/producto\/divi-el-woocommerce-tema-saber-absolutamente\/"]}]},{"@type":"ImageObject","inLanguage":"es","@id":"https:\/\/woo-themes-plugins.com\/es\/producto\/divi-el-woocommerce-tema-saber-absolutamente\/#primaryimage","url":"https:\/\/woo-themes-plugins.com\/wp-content\/uploads\/sites\/7\/2018\/04\/woo-themes-plugins_divi-theme-woocommerce-incontournable-4.jpg","contentUrl":"https:\/\/woo-themes-plugins.com\/wp-content\/uploads\/sites\/7\/2018\/04\/woo-themes-plugins_divi-theme-woocommerce-incontournable-4.jpg","width":644,"height":900},{"@type":"BreadcrumbList","@id":"https:\/\/woo-themes-plugins.com\/es\/producto\/divi-el-woocommerce-tema-saber-absolutamente\/#breadcrumb","itemListElement":[{"@type":"ListItem","position":1,"name":"Accueil","item":"https:\/\/woo-themes-plugins.com\/fr\/"},{"@type":"ListItem","position":2,"name":"Shop","item":"https:\/\/woo-themes-plugins.com\/shop\/"},{"@type":"ListItem","position":3,"name":"DIVI &#8211; EL WOOCOMMERCE TEMA SABER ABSOLUTAMENTE"}]},{"@type":"WebSite","@id":"https:\/\/woo-themes-plugins.com\/it\/#website","url":"https:\/\/woo-themes-plugins.com\/it\/","name":"Woo-themes-plugins.com","description":"Tous les th\u00e8mes et plugins WooCommerce Premium","potentialAction":[{"@type":"SearchAction","target":{"@type":"EntryPoint","urlTemplate":"https:\/\/woo-themes-plugins.com\/it\/?s={search_term_string}"},"query-input":"required name=search_term_string"}],"inLanguage":"es"}]}},"_links":{"self":[{"href":"https:\/\/woo-themes-plugins.com\/es\/wp-json\/wp\/v2\/product\/5106","targetHints":{"allow":["GET"]}}],"collection":[{"href":"https:\/\/woo-themes-plugins.com\/es\/wp-json\/wp\/v2\/product"}],"about":[{"href":"https:\/\/woo-themes-plugins.com\/es\/wp-json\/wp\/v2\/types\/product"}],"wp:featuredmedia":[{"embeddable":true,"href":"https:\/\/woo-themes-plugins.com\/es\/wp-json\/wp\/v2\/media\/3077"}],"wp:attachment":[{"href":"https:\/\/woo-themes-plugins.com\/es\/wp-json\/wp\/v2\/media?parent=5106"}],"wp:term":[{"taxonomy":"product_cat","embeddable":true,"href":"https:\/\/woo-themes-plugins.com\/es\/wp-json\/wp\/v2\/product_cat?post=5106"},{"taxonomy":"product_tag","embeddable":true,"href":"https:\/\/woo-themes-plugins.com\/es\/wp-json\/wp\/v2\/product_tag?post=5106"}],"curies":[{"name":"wp","href":"https:\/\/api.w.org\/{rel}","templated":true}]}}