{"id":5108,"date":"2018-04-17T14:37:24","date_gmt":"2018-04-17T13:37:24","guid":{"rendered":"https:\/\/woo-themes-plugins.com\/product\/listas-de-deseos-de-woocommerce-complemento-de-woocommerce-lista-de-deseos\/"},"modified":"2018-04-17T14:37:24","modified_gmt":"2018-04-17T13:37:24","slug":"listas-de-deseos-de-woocommerce-complemento-de-woocommerce-lista-de-deseos","status":"publish","type":"product","link":"https:\/\/woo-themes-plugins.com\/es\/product\/listas-de-deseos-de-woocommerce-complemento-de-woocommerce-lista-de-deseos\/","title":{"rendered":"Listas de deseos de WooCommerce &#8211; Complemento de WooCommerce Lista de deseos"},"content":{"rendered":"<p><span id=\"result_box\" class=\"\" lang=\"es\"><span title=\"Si les wishlists manquent tant par d\u00e9faut \u00e0 WooCommerce, c'est que tous types de sites d\u00e9velopp\u00e9s avec WooCommerce peut tirer partie et b\u00e9n\u00e9fice de l'ajout de ce type de fonctionnalit\u00e9.\n\n\">Si las listas de deseos faltan por defecto en WooCommerce, todos los tipos de sitios desarrollados con WooCommerce pueden beneficiarse y beneficiarse al agregar este tipo de funcionalidad.<\/p>\n<p><\/span><span title=\"WooCommerce Wishlists s'engouffre dans ce vide pour nous offrir un plugin tr\u00e8s performant, nous permettant de g\u00e9rer les wishlists sur notre site WooCommerce.\">Las listas de deseos de WooCommerce se adentran en este vac\u00edo para ofrecernos un complemento muy potente que nos permite gestionar las listas de regalos en nuestro sitio de WooCommerce. <\/span><span title=\"Gr\u00e2ce \u00e0 l'ajout des fonctionnalit\u00e9s propos\u00e9es par ce plugin, tu vas \u00eatre en mesure de proposer \u00e0 l'ensemble de tes visiteurs, un v\u00e9ritable syst\u00e8me de gestion des listes d'envies.\">Gracias a las caracter\u00edsticas adicionales que ofrece este complemento, podr\u00e1 ofrecer a todos sus visitantes un sistema real de administraci\u00f3n de listas de deseos. <\/span><span title=\"Diff\u00e9rentes \u00e9tudes tendent  \u00e0 d\u00e9montrer que permettre \u00e0 vos visiteurs de sauvegarder et g\u00e9rer leurs propres listes d'envies am\u00e9liore les taux de transformations sur les sites eCommerce.\">Diferentes estudios tienden a mostrar que permitir que los visitantes guarden y administren sus propias listas de deseos mejora las tasas de conversi\u00f3n en los sitios de comercio electr\u00f3nico. <\/span><span title=\"En effet, nous faisons face \u00e0 l'une des fonctionnalit\u00e9s qui va faire revenir votre internaute le plus facilement.\">De hecho, enfrentamos una de las caracter\u00edsticas que har\u00e1 que su usuario regrese m\u00e1s f\u00e1cilmente. <\/span><span title=\"S'il cr\u00e9e une liste d'envie, c'est bien pour la retrouver apr\u00e8s tout.\n\n\">Si \u00e9l crea una lista de envidia, es bueno encontrarla despu\u00e9s de todo.<\/p>\n<p><\/span><span title=\"En quelques mots, voici ce que nous permet de faire WooCommerce Wishlists :\n\n\u00a0\u00a0\u00a0\u00a0\">En pocas palabras, esto es lo que nos permite hacer listas de deseos de WooCommerce:<\/p>\n<p><\/span><span title=\"Permettre aux invit\u00e9s de cr\u00e9er une liste d'envie valable 30 jours sur ton site.\n\u00a0\u00a0\u00a0\u00a0\">Permita que los invitados creen una lista de deseos v\u00e1lida por 30 d\u00edas en su sitio.<br \/>\n<\/span><span title=\"Permettre aux clients connect\u00e9s de cr\u00e9er des listes d'envies sans limite de temps pour la conservation.\n\u00a0\u00a0\u00a0\u00a0\">Permita que los clientes conectados creen listas de deseos sin l\u00edmite de tiempo para el almacenamiento.<br \/>\n<\/span><span title=\"Nombre de wishlists sans limite.\n\u00a0\u00a0\u00a0\u00a0\">N\u00famero de listas de deseos ilimitadas.<br \/>\n<\/span><span title=\"Contr\u00f4le de la vie priv\u00e9e sur les listes d'envies cr\u00e9\u00e9es par les clients.\">Control de privacidad en las listas de deseos creadas por los clientes. <\/span><span title=\"S'ils le souhaitent, la liste d'envies peut \u00eatre public ou non.\n\u00a0\u00a0\u00a0\u00a0\">Si lo desean, la lista de deseos puede ser p\u00fablica o no.<br \/>\n<\/span><span title=\"Possibilit\u00e9 de partage de la liste d'envies sur les r\u00e9seaux sociaux.\n\u00a0\u00a0\u00a0\u00a0\">Posibilidad de compartir la lista de deseos en las redes sociales.<br \/>\n<\/span><span title=\"Support de tous types de produit (group\u00e9, variation, simple...)\n\u00a0\u00a0\u00a0\u00a0\">Soporte de todo tipo de productos (agrupados, variaci\u00f3n, simple &#8230;)<br \/>\n<\/span><span title=\"Personnalisation du message d'ajout dans la liste d'envies.\n\u00a0\u00a0\u00a0\u00a0\">Personalizaci\u00f3n del mensaje de agregar en la lista de deseos.<br \/>\n<\/span><span title=\"Int\u00e9gration simple dans WordPress gr\u00e2ce \u00e0 l'utilisation de page.\n\n\">Integraci\u00f3n simple en WordPress gracias al uso de la p\u00e1gina.<\/p>\n<p><\/span><span title=\"D'un point de vue administrateur du site WooCommerce sur lequel ce plugin WooCommerce de listes d'envies, il te sera possible de venir regarder ce que chacune d'entre elle contient.\">Desde el punto de vista del administrador del sitio WooCommerce en el que se encuentra este complemento de lista de deseos de WooCommerce, podr\u00e1 ver qu\u00e9 contiene cada uno de ellos. <\/span><span title=\"Mieux, il te sera m\u00eame possible de faire du traitement par lot.\">Mejor, incluso podr\u00e1s hacer el procesamiento por lotes.<\/span><\/span><\/p>\n","protected":false},"excerpt":{"rendered":"<p><span id=\"result_box\" class=\"\" lang=\"es\">Tiendo a decir que las listas de deseos son uno de los mayores resquicios en WooCommerce cuando lo usas sin ning\u00fan complemento adicional. No hay otra opci\u00f3n, as\u00ed que si quieres tener un sistema de listas de regalos en su sitio WooCommerce, deber\u00e1s utilizar un complemento de WooCommerce. \u00a1Ese es el prop\u00f3sito de este complemento de administraci\u00f3n oficial de WooCommerce! Este complemento de listas de deseos para WooCommerce permitir\u00e1 a sus visitantes y clientes crear una cantidad pr\u00e1cticamente ilimitada de listas de deseos.<\/span><\/p>\n","protected":false},"featured_media":3047,"template":"","meta":{"_monsterinsights_skip_tracking":false,"_monsterinsights_sitenote_active":false,"_monsterinsights_sitenote_note":"","_monsterinsights_sitenote_category":0},"product_cat":[220],"product_tag":[281,242],"class_list":["post-5108","product","type-product","status-publish","has-post-thumbnail","hentry","product_cat-plugin-woocommerce-es","product_tag-lista-de-deseos-woocommerce","product_tag-woocommerce-indispensable","pa_dev-woo-plugin-theme-lucas-stark-es","pa_marketplace-woocommerce-woocommerce-com-es"],"yoast_head":"<!-- This site is optimized with the Yoast SEO plugin v23.1 - https:\/\/yoast.com\/wordpress\/plugins\/seo\/ -->\n<title>Listas de deseos de WooCommerce - Complemento de WooCommerce Lista de deseos<\/title>\n<meta name=\"description\" content=\"\u00bfNecesitas gestionar las listas de deseos en tu sitio de WooCommerce? Echa un vistazo al plugin oficial de WooCommerce ahora mismo para administrar las listas de regalos, por supuesto, he nombrado Wishlists de WooCommerce. \u00a1Con este complemento, sus clientes y visitantes pueden crear tantas listas de deseos como lo deseen!\" \/>\n<meta name=\"robots\" content=\"index, follow, max-snippet:-1, max-image-preview:large, max-video-preview:-1\" \/>\n<link rel=\"canonical\" href=\"https:\/\/woo-themes-plugins.com\/es\/producto\/listas-de-deseos-de-woocommerce-complemento-de-woocommerce-lista-de-deseos\/\" \/>\n<meta property=\"og:locale\" content=\"es_ES\" \/>\n<meta property=\"og:type\" content=\"article\" \/>\n<meta property=\"og:title\" content=\"Listas de deseos de WooCommerce - Complemento de WooCommerce Lista de deseos\" \/>\n<meta property=\"og:description\" content=\"\u00bfNecesitas gestionar las listas de deseos en tu sitio de WooCommerce? Echa un vistazo al plugin oficial de WooCommerce ahora mismo para administrar las listas de regalos, por supuesto, he nombrado Wishlists de WooCommerce. \u00a1Con este complemento, sus clientes y visitantes pueden crear tantas listas de deseos como lo deseen!\" \/>\n<meta property=\"og:url\" content=\"https:\/\/woo-themes-plugins.com\/es\/producto\/listas-de-deseos-de-woocommerce-complemento-de-woocommerce-lista-de-deseos\/\" \/>\n<meta property=\"og:site_name\" content=\"Woo-themes-plugins.com\" \/>\n<meta property=\"og:image\" content=\"https:\/\/woo-themes-plugins.com\/wp-content\/uploads\/sites\/7\/2018\/04\/woo-themes-plugins_woocommerce-woocommerce-wishlists-listes-envies-client-invite-plugin-woocommerce.jpg\" \/>\n\t<meta property=\"og:image:width\" content=\"900\" \/>\n\t<meta property=\"og:image:height\" content=\"900\" \/>\n\t<meta property=\"og:image:type\" content=\"image\/jpeg\" \/>\n<meta name=\"twitter:label1\" content=\"Tiempo de lectura\" \/>\n\t<meta name=\"twitter:data1\" content=\"2 minutos\" \/>\n<script type=\"application\/ld+json\" class=\"yoast-schema-graph\">{\"@context\":\"https:\/\/schema.org\",\"@graph\":[{\"@type\":\"WebPage\",\"@id\":\"https:\/\/woo-themes-plugins.com\/es\/producto\/listas-de-deseos-de-woocommerce-complemento-de-woocommerce-lista-de-deseos\/\",\"url\":\"https:\/\/woo-themes-plugins.com\/es\/producto\/listas-de-deseos-de-woocommerce-complemento-de-woocommerce-lista-de-deseos\/\",\"name\":\"Listas de deseos de WooCommerce - Complemento de WooCommerce Lista de deseos\",\"isPartOf\":{\"@id\":\"https:\/\/woo-themes-plugins.com\/it\/#website\"},\"primaryImageOfPage\":{\"@id\":\"https:\/\/woo-themes-plugins.com\/es\/producto\/listas-de-deseos-de-woocommerce-complemento-de-woocommerce-lista-de-deseos\/#primaryimage\"},\"image\":{\"@id\":\"https:\/\/woo-themes-plugins.com\/es\/producto\/listas-de-deseos-de-woocommerce-complemento-de-woocommerce-lista-de-deseos\/#primaryimage\"},\"thumbnailUrl\":\"https:\/\/woo-themes-plugins.com\/wp-content\/uploads\/sites\/7\/2018\/04\/woo-themes-plugins_woocommerce-woocommerce-wishlists-listes-envies-client-invite-plugin-woocommerce.jpg\",\"datePublished\":\"2018-04-17T13:37:24+00:00\",\"dateModified\":\"2018-04-17T13:37:24+00:00\",\"description\":\"\u00bfNecesitas gestionar las listas de deseos en tu sitio de WooCommerce? Echa un vistazo al plugin oficial de WooCommerce ahora mismo para administrar las listas de regalos, por supuesto, he nombrado Wishlists de WooCommerce. \u00a1Con este complemento, sus clientes y visitantes pueden crear tantas listas de deseos como lo deseen!\",\"breadcrumb\":{\"@id\":\"https:\/\/woo-themes-plugins.com\/es\/producto\/listas-de-deseos-de-woocommerce-complemento-de-woocommerce-lista-de-deseos\/#breadcrumb\"},\"inLanguage\":\"es\",\"potentialAction\":[{\"@type\":\"ReadAction\",\"target\":[\"https:\/\/woo-themes-plugins.com\/es\/producto\/listas-de-deseos-de-woocommerce-complemento-de-woocommerce-lista-de-deseos\/\"]}]},{\"@type\":\"ImageObject\",\"inLanguage\":\"es\",\"@id\":\"https:\/\/woo-themes-plugins.com\/es\/producto\/listas-de-deseos-de-woocommerce-complemento-de-woocommerce-lista-de-deseos\/#primaryimage\",\"url\":\"https:\/\/woo-themes-plugins.com\/wp-content\/uploads\/sites\/7\/2018\/04\/woo-themes-plugins_woocommerce-woocommerce-wishlists-listes-envies-client-invite-plugin-woocommerce.jpg\",\"contentUrl\":\"https:\/\/woo-themes-plugins.com\/wp-content\/uploads\/sites\/7\/2018\/04\/woo-themes-plugins_woocommerce-woocommerce-wishlists-listes-envies-client-invite-plugin-woocommerce.jpg\",\"width\":900,\"height\":900},{\"@type\":\"BreadcrumbList\",\"@id\":\"https:\/\/woo-themes-plugins.com\/es\/producto\/listas-de-deseos-de-woocommerce-complemento-de-woocommerce-lista-de-deseos\/#breadcrumb\",\"itemListElement\":[{\"@type\":\"ListItem\",\"position\":1,\"name\":\"Accueil\",\"item\":\"https:\/\/woo-themes-plugins.com\/fr\/\"},{\"@type\":\"ListItem\",\"position\":2,\"name\":\"Shop\",\"item\":\"https:\/\/woo-themes-plugins.com\/shop\/\"},{\"@type\":\"ListItem\",\"position\":3,\"name\":\"Listas de deseos de WooCommerce &#8211; Complemento de WooCommerce Lista de deseos\"}]},{\"@type\":\"WebSite\",\"@id\":\"https:\/\/woo-themes-plugins.com\/it\/#website\",\"url\":\"https:\/\/woo-themes-plugins.com\/it\/\",\"name\":\"Woo-themes-plugins.com\",\"description\":\"Tous les th\u00e8mes et plugins WooCommerce Premium\",\"potentialAction\":[{\"@type\":\"SearchAction\",\"target\":{\"@type\":\"EntryPoint\",\"urlTemplate\":\"https:\/\/woo-themes-plugins.com\/it\/?s={search_term_string}\"},\"query-input\":\"required name=search_term_string\"}],\"inLanguage\":\"es\"}]}<\/script>\n<!-- \/ Yoast SEO plugin. -->","yoast_head_json":{"title":"Listas de deseos de WooCommerce - Complemento de WooCommerce Lista de deseos","description":"\u00bfNecesitas gestionar las listas de deseos en tu sitio de WooCommerce? Echa un vistazo al plugin oficial de WooCommerce ahora mismo para administrar las listas de regalos, por supuesto, he nombrado Wishlists de WooCommerce. \u00a1Con este complemento, sus clientes y visitantes pueden crear tantas listas de deseos como lo deseen!","robots":{"index":"index","follow":"follow","max-snippet":"max-snippet:-1","max-image-preview":"max-image-preview:large","max-video-preview":"max-video-preview:-1"},"canonical":"https:\/\/woo-themes-plugins.com\/es\/producto\/listas-de-deseos-de-woocommerce-complemento-de-woocommerce-lista-de-deseos\/","og_locale":"es_ES","og_type":"article","og_title":"Listas de deseos de WooCommerce - Complemento de WooCommerce Lista de deseos","og_description":"\u00bfNecesitas gestionar las listas de deseos en tu sitio de WooCommerce? Echa un vistazo al plugin oficial de WooCommerce ahora mismo para administrar las listas de regalos, por supuesto, he nombrado Wishlists de WooCommerce. \u00a1Con este complemento, sus clientes y visitantes pueden crear tantas listas de deseos como lo deseen!","og_url":"https:\/\/woo-themes-plugins.com\/es\/producto\/listas-de-deseos-de-woocommerce-complemento-de-woocommerce-lista-de-deseos\/","og_site_name":"Woo-themes-plugins.com","og_image":[{"width":900,"height":900,"url":"https:\/\/woo-themes-plugins.com\/wp-content\/uploads\/sites\/7\/2018\/04\/woo-themes-plugins_woocommerce-woocommerce-wishlists-listes-envies-client-invite-plugin-woocommerce.jpg","type":"image\/jpeg"}],"twitter_misc":{"Tiempo de lectura":"2 minutos"},"schema":{"@context":"https:\/\/schema.org","@graph":[{"@type":"WebPage","@id":"https:\/\/woo-themes-plugins.com\/es\/producto\/listas-de-deseos-de-woocommerce-complemento-de-woocommerce-lista-de-deseos\/","url":"https:\/\/woo-themes-plugins.com\/es\/producto\/listas-de-deseos-de-woocommerce-complemento-de-woocommerce-lista-de-deseos\/","name":"Listas de deseos de WooCommerce - Complemento de WooCommerce Lista de deseos","isPartOf":{"@id":"https:\/\/woo-themes-plugins.com\/it\/#website"},"primaryImageOfPage":{"@id":"https:\/\/woo-themes-plugins.com\/es\/producto\/listas-de-deseos-de-woocommerce-complemento-de-woocommerce-lista-de-deseos\/#primaryimage"},"image":{"@id":"https:\/\/woo-themes-plugins.com\/es\/producto\/listas-de-deseos-de-woocommerce-complemento-de-woocommerce-lista-de-deseos\/#primaryimage"},"thumbnailUrl":"https:\/\/woo-themes-plugins.com\/wp-content\/uploads\/sites\/7\/2018\/04\/woo-themes-plugins_woocommerce-woocommerce-wishlists-listes-envies-client-invite-plugin-woocommerce.jpg","datePublished":"2018-04-17T13:37:24+00:00","dateModified":"2018-04-17T13:37:24+00:00","description":"\u00bfNecesitas gestionar las listas de deseos en tu sitio de WooCommerce? Echa un vistazo al plugin oficial de WooCommerce ahora mismo para administrar las listas de regalos, por supuesto, he nombrado Wishlists de WooCommerce. \u00a1Con este complemento, sus clientes y visitantes pueden crear tantas listas de deseos como lo deseen!","breadcrumb":{"@id":"https:\/\/woo-themes-plugins.com\/es\/producto\/listas-de-deseos-de-woocommerce-complemento-de-woocommerce-lista-de-deseos\/#breadcrumb"},"inLanguage":"es","potentialAction":[{"@type":"ReadAction","target":["https:\/\/woo-themes-plugins.com\/es\/producto\/listas-de-deseos-de-woocommerce-complemento-de-woocommerce-lista-de-deseos\/"]}]},{"@type":"ImageObject","inLanguage":"es","@id":"https:\/\/woo-themes-plugins.com\/es\/producto\/listas-de-deseos-de-woocommerce-complemento-de-woocommerce-lista-de-deseos\/#primaryimage","url":"https:\/\/woo-themes-plugins.com\/wp-content\/uploads\/sites\/7\/2018\/04\/woo-themes-plugins_woocommerce-woocommerce-wishlists-listes-envies-client-invite-plugin-woocommerce.jpg","contentUrl":"https:\/\/woo-themes-plugins.com\/wp-content\/uploads\/sites\/7\/2018\/04\/woo-themes-plugins_woocommerce-woocommerce-wishlists-listes-envies-client-invite-plugin-woocommerce.jpg","width":900,"height":900},{"@type":"BreadcrumbList","@id":"https:\/\/woo-themes-plugins.com\/es\/producto\/listas-de-deseos-de-woocommerce-complemento-de-woocommerce-lista-de-deseos\/#breadcrumb","itemListElement":[{"@type":"ListItem","position":1,"name":"Accueil","item":"https:\/\/woo-themes-plugins.com\/fr\/"},{"@type":"ListItem","position":2,"name":"Shop","item":"https:\/\/woo-themes-plugins.com\/shop\/"},{"@type":"ListItem","position":3,"name":"Listas de deseos de WooCommerce &#8211; Complemento de WooCommerce Lista de deseos"}]},{"@type":"WebSite","@id":"https:\/\/woo-themes-plugins.com\/it\/#website","url":"https:\/\/woo-themes-plugins.com\/it\/","name":"Woo-themes-plugins.com","description":"Tous les th\u00e8mes et plugins WooCommerce Premium","potentialAction":[{"@type":"SearchAction","target":{"@type":"EntryPoint","urlTemplate":"https:\/\/woo-themes-plugins.com\/it\/?s={search_term_string}"},"query-input":"required name=search_term_string"}],"inLanguage":"es"}]}},"_links":{"self":[{"href":"https:\/\/woo-themes-plugins.com\/es\/wp-json\/wp\/v2\/product\/5108","targetHints":{"allow":["GET"]}}],"collection":[{"href":"https:\/\/woo-themes-plugins.com\/es\/wp-json\/wp\/v2\/product"}],"about":[{"href":"https:\/\/woo-themes-plugins.com\/es\/wp-json\/wp\/v2\/types\/product"}],"wp:featuredmedia":[{"embeddable":true,"href":"https:\/\/woo-themes-plugins.com\/es\/wp-json\/wp\/v2\/media\/3047"}],"wp:attachment":[{"href":"https:\/\/woo-themes-plugins.com\/es\/wp-json\/wp\/v2\/media?parent=5108"}],"wp:term":[{"taxonomy":"product_cat","embeddable":true,"href":"https:\/\/woo-themes-plugins.com\/es\/wp-json\/wp\/v2\/product_cat?post=5108"},{"taxonomy":"product_tag","embeddable":true,"href":"https:\/\/woo-themes-plugins.com\/es\/wp-json\/wp\/v2\/product_tag?post=5108"}],"curies":[{"name":"wp","href":"https:\/\/api.w.org\/{rel}","templated":true}]}}