{"id":5109,"date":"2018-04-17T14:24:52","date_gmt":"2018-04-17T13:24:52","guid":{"rendered":"https:\/\/woo-themes-plugins.com\/product\/numero-de-iva-de-la-ue-complemento-de-iva-profesional-de-woocommerce\/"},"modified":"2018-04-17T14:24:52","modified_gmt":"2018-04-17T13:24:52","slug":"numero-de-iva-de-la-ue-complemento-de-iva-profesional-de-woocommerce","status":"publish","type":"product","link":"https:\/\/woo-themes-plugins.com\/es\/product\/numero-de-iva-de-la-ue-complemento-de-iva-profesional-de-woocommerce\/","title":{"rendered":"N\u00famero de IVA de la UE: complemento de IVA profesional de WooCommerce"},"content":{"rendered":"<p><span id=\"result_box\" class=\"\" lang=\"es\"><span title=\"EU VAT Number est un plugin WooCommerce d\u00e9velopp\u00e9 justement par l'\u00e9quipe derri\u00e8re WooCommerce.\">El N\u00famero de IVA de la UE es un complemento de WooCommerce desarrollado por el equipo detr\u00e1s de WooCommerce. <\/span><span title=\"Ce plugin nous permet de g\u00e9rer la TVA intracommunautaire de fa\u00e7on tr\u00e8s simple.\">Este complemento nos permite administrar el IVA intracomunitario de una manera muy simple. <\/span><span title=\"Il te suffit d'installer et d'activer ce plugin pour voir appara\u00eetre dans le tunnel de conversion, une case demandant son num\u00e9ro de TVA intracommunautaire \u00e0 votre client.\">Simplemente instale y active este complemento para ver aparecer en el t\u00fanel de conversi\u00f3n, un cuadro que le solicita su n\u00famero de IVA a su cliente. <\/span><span title=\"Si ce dernier est un num\u00e9ro de TVA intracommunautaire valide, alors la TVA ne sera pas appliqu\u00e9e sur cette commande.\n\n\">Si este \u00faltimo es un n\u00famero de IVA intracomunitario v\u00e1lido, el IVA no se aplicar\u00e1 a este pedido.<\/p>\n<p><\/span><span title=\"Ce plugin WooCommerce fait donc une v\u00e9rification du num\u00e9ro intracommunautaire fournis par ton client.\">Este complemento de WooCommerce comprueba el n\u00famero intracomunitario proporcionado por su cliente. <\/span><span title=\"Ce service se base sur le service VIES qui est le syst\u00e8me Europ\u00e9en de v\u00e9rification des num\u00e9ros de TVA intracommunautaire.\">Este servicio se basa en el servicio VIES, que es el sistema europeo para verificar los n\u00fameros de IVA intracomunitario. <\/span><span title=\"Ce service nous assure donc qu'un vrai contr\u00f4le soit fait, pas simplement une v\u00e9rification sur le nombre de caract\u00e8res saisis par exemple.\">Este servicio garantiza que se realice una comprobaci\u00f3n real, no solo una verificaci\u00f3n del n\u00famero de caracteres ingresados, por ejemplo. <\/span><span title=\"Un gage de tranquillit\u00e9 pour votre commerce B2B.\">Un compromiso de tranquilidad para su negocio B2B. <\/span><span title=\"Mieux, je n'ai pas peur de classer cette extension WooCommerce parmi les extensions indispensables.\">Mejor, no tengo miedo de clasificar esta extensi\u00f3n WooCommerce entre las extensiones esenciales. <\/span><span title=\"En tant que pro, il est toujours appr\u00e9ciable de ne pas avoir \u00e0 payer la TVA au moment de l'achat d'un produit ou d'un service.\">Como profesional, siempre es bueno no tener que pagar el IVA cuando compra un producto o servicio.<\/span><\/span><\/p>\n","protected":false},"excerpt":{"rendered":"<p><span id=\"result_box\" class=\"\" lang=\"es\">El N\u00famero de IVA de la UE es el complemento de WooCommerce para profesionales que venden a otros profesionales (B2B) que desean que el IVA no se aplique si y solo si su cliente tiene un n\u00famero de IVA v\u00e1lido.<\/span><\/p>\n","protected":false},"featured_media":3038,"template":"","meta":{"_monsterinsights_skip_tracking":false,"_monsterinsights_sitenote_active":false,"_monsterinsights_sitenote_note":"","_monsterinsights_sitenote_category":0},"product_cat":[220],"product_tag":[1173,1181,245,242],"class_list":["post-5109","product","type-product","status-publish","has-post-thumbnail","hentry","product_cat-plugin-woocommerce-es","product_tag-contabilidad-y-woocommerce","product_tag-gestion-de-stock-woocommerce-es","product_tag-pedidos-y-woocommerce","product_tag-woocommerce-indispensable","pa_dev-woo-plugin-theme-woocommerce-es","pa_marketplace-woocommerce-woocommerce-com-es"],"yoast_head":"<!-- This site is optimized with the Yoast SEO plugin v23.1 - https:\/\/yoast.com\/wordpress\/plugins\/seo\/ -->\n<title>N\u00famero de IVA de la UE: complemento de IVA profesional de WooCommerce<\/title>\n<meta name=\"description\" content=\"Permita que los profesionales no paguen el IVA en su sitio WooCommerce es posible. Este es el prop\u00f3sito del complemento WooCommerce EU VAT Number. Gracias a este complemento, su cliente indica un n\u00famero de IVA intracomunitario y, autom\u00e1ticamente, no pagar\u00e1 el IVA.\" \/>\n<meta name=\"robots\" content=\"index, follow, max-snippet:-1, max-image-preview:large, max-video-preview:-1\" \/>\n<link rel=\"canonical\" href=\"https:\/\/woo-themes-plugins.com\/es\/producto\/numero-de-iva-de-la-ue-complemento-de-iva-profesional-de-woocommerce\/\" \/>\n<meta property=\"og:locale\" content=\"es_ES\" \/>\n<meta property=\"og:type\" content=\"article\" \/>\n<meta property=\"og:title\" content=\"N\u00famero de IVA de la UE: complemento de IVA profesional de WooCommerce\" \/>\n<meta property=\"og:description\" content=\"Permita que los profesionales no paguen el IVA en su sitio WooCommerce es posible. Este es el prop\u00f3sito del complemento WooCommerce EU VAT Number. Gracias a este complemento, su cliente indica un n\u00famero de IVA intracomunitario y, autom\u00e1ticamente, no pagar\u00e1 el IVA.\" \/>\n<meta property=\"og:url\" content=\"https:\/\/woo-themes-plugins.com\/es\/producto\/numero-de-iva-de-la-ue-complemento-de-iva-profesional-de-woocommerce\/\" \/>\n<meta property=\"og:site_name\" content=\"Woo-themes-plugins.com\" \/>\n<meta property=\"og:image\" content=\"https:\/\/woo-themes-plugins.com\/wp-content\/uploads\/sites\/7\/2018\/04\/woo-themes-plugins_woocommerce-eu-vat-number-tva-b2b-plugin-woocommerce.jpg\" \/>\n\t<meta property=\"og:image:width\" content=\"900\" \/>\n\t<meta property=\"og:image:height\" content=\"900\" \/>\n\t<meta property=\"og:image:type\" content=\"image\/jpeg\" \/>\n<meta name=\"twitter:label1\" content=\"Tiempo de lectura\" \/>\n\t<meta name=\"twitter:data1\" content=\"1 minuto\" \/>\n<script type=\"application\/ld+json\" class=\"yoast-schema-graph\">{\"@context\":\"https:\/\/schema.org\",\"@graph\":[{\"@type\":\"WebPage\",\"@id\":\"https:\/\/woo-themes-plugins.com\/es\/producto\/numero-de-iva-de-la-ue-complemento-de-iva-profesional-de-woocommerce\/\",\"url\":\"https:\/\/woo-themes-plugins.com\/es\/producto\/numero-de-iva-de-la-ue-complemento-de-iva-profesional-de-woocommerce\/\",\"name\":\"N\u00famero de IVA de la UE: complemento de IVA profesional de WooCommerce\",\"isPartOf\":{\"@id\":\"https:\/\/woo-themes-plugins.com\/it\/#website\"},\"primaryImageOfPage\":{\"@id\":\"https:\/\/woo-themes-plugins.com\/es\/producto\/numero-de-iva-de-la-ue-complemento-de-iva-profesional-de-woocommerce\/#primaryimage\"},\"image\":{\"@id\":\"https:\/\/woo-themes-plugins.com\/es\/producto\/numero-de-iva-de-la-ue-complemento-de-iva-profesional-de-woocommerce\/#primaryimage\"},\"thumbnailUrl\":\"https:\/\/woo-themes-plugins.com\/wp-content\/uploads\/sites\/7\/2018\/04\/woo-themes-plugins_woocommerce-eu-vat-number-tva-b2b-plugin-woocommerce.jpg\",\"datePublished\":\"2018-04-17T13:24:52+00:00\",\"dateModified\":\"2018-04-17T13:24:52+00:00\",\"description\":\"Permita que los profesionales no paguen el IVA en su sitio WooCommerce es posible. Este es el prop\u00f3sito del complemento WooCommerce EU VAT Number. Gracias a este complemento, su cliente indica un n\u00famero de IVA intracomunitario y, autom\u00e1ticamente, no pagar\u00e1 el IVA.\",\"breadcrumb\":{\"@id\":\"https:\/\/woo-themes-plugins.com\/es\/producto\/numero-de-iva-de-la-ue-complemento-de-iva-profesional-de-woocommerce\/#breadcrumb\"},\"inLanguage\":\"es\",\"potentialAction\":[{\"@type\":\"ReadAction\",\"target\":[\"https:\/\/woo-themes-plugins.com\/es\/producto\/numero-de-iva-de-la-ue-complemento-de-iva-profesional-de-woocommerce\/\"]}]},{\"@type\":\"ImageObject\",\"inLanguage\":\"es\",\"@id\":\"https:\/\/woo-themes-plugins.com\/es\/producto\/numero-de-iva-de-la-ue-complemento-de-iva-profesional-de-woocommerce\/#primaryimage\",\"url\":\"https:\/\/woo-themes-plugins.com\/wp-content\/uploads\/sites\/7\/2018\/04\/woo-themes-plugins_woocommerce-eu-vat-number-tva-b2b-plugin-woocommerce.jpg\",\"contentUrl\":\"https:\/\/woo-themes-plugins.com\/wp-content\/uploads\/sites\/7\/2018\/04\/woo-themes-plugins_woocommerce-eu-vat-number-tva-b2b-plugin-woocommerce.jpg\",\"width\":900,\"height\":900},{\"@type\":\"BreadcrumbList\",\"@id\":\"https:\/\/woo-themes-plugins.com\/es\/producto\/numero-de-iva-de-la-ue-complemento-de-iva-profesional-de-woocommerce\/#breadcrumb\",\"itemListElement\":[{\"@type\":\"ListItem\",\"position\":1,\"name\":\"Accueil\",\"item\":\"https:\/\/woo-themes-plugins.com\/fr\/\"},{\"@type\":\"ListItem\",\"position\":2,\"name\":\"Shop\",\"item\":\"https:\/\/woo-themes-plugins.com\/shop\/\"},{\"@type\":\"ListItem\",\"position\":3,\"name\":\"N\u00famero de IVA de la UE: complemento de IVA profesional de WooCommerce\"}]},{\"@type\":\"WebSite\",\"@id\":\"https:\/\/woo-themes-plugins.com\/it\/#website\",\"url\":\"https:\/\/woo-themes-plugins.com\/it\/\",\"name\":\"Woo-themes-plugins.com\",\"description\":\"Tous les th\u00e8mes et plugins WooCommerce Premium\",\"potentialAction\":[{\"@type\":\"SearchAction\",\"target\":{\"@type\":\"EntryPoint\",\"urlTemplate\":\"https:\/\/woo-themes-plugins.com\/it\/?s={search_term_string}\"},\"query-input\":\"required name=search_term_string\"}],\"inLanguage\":\"es\"}]}<\/script>\n<!-- \/ Yoast SEO plugin. -->","yoast_head_json":{"title":"N\u00famero de IVA de la UE: complemento de IVA profesional de WooCommerce","description":"Permita que los profesionales no paguen el IVA en su sitio WooCommerce es posible. Este es el prop\u00f3sito del complemento WooCommerce EU VAT Number. Gracias a este complemento, su cliente indica un n\u00famero de IVA intracomunitario y, autom\u00e1ticamente, no pagar\u00e1 el IVA.","robots":{"index":"index","follow":"follow","max-snippet":"max-snippet:-1","max-image-preview":"max-image-preview:large","max-video-preview":"max-video-preview:-1"},"canonical":"https:\/\/woo-themes-plugins.com\/es\/producto\/numero-de-iva-de-la-ue-complemento-de-iva-profesional-de-woocommerce\/","og_locale":"es_ES","og_type":"article","og_title":"N\u00famero de IVA de la UE: complemento de IVA profesional de WooCommerce","og_description":"Permita que los profesionales no paguen el IVA en su sitio WooCommerce es posible. Este es el prop\u00f3sito del complemento WooCommerce EU VAT Number. Gracias a este complemento, su cliente indica un n\u00famero de IVA intracomunitario y, autom\u00e1ticamente, no pagar\u00e1 el IVA.","og_url":"https:\/\/woo-themes-plugins.com\/es\/producto\/numero-de-iva-de-la-ue-complemento-de-iva-profesional-de-woocommerce\/","og_site_name":"Woo-themes-plugins.com","og_image":[{"width":900,"height":900,"url":"https:\/\/woo-themes-plugins.com\/wp-content\/uploads\/sites\/7\/2018\/04\/woo-themes-plugins_woocommerce-eu-vat-number-tva-b2b-plugin-woocommerce.jpg","type":"image\/jpeg"}],"twitter_misc":{"Tiempo de lectura":"1 minuto"},"schema":{"@context":"https:\/\/schema.org","@graph":[{"@type":"WebPage","@id":"https:\/\/woo-themes-plugins.com\/es\/producto\/numero-de-iva-de-la-ue-complemento-de-iva-profesional-de-woocommerce\/","url":"https:\/\/woo-themes-plugins.com\/es\/producto\/numero-de-iva-de-la-ue-complemento-de-iva-profesional-de-woocommerce\/","name":"N\u00famero de IVA de la UE: complemento de IVA profesional de WooCommerce","isPartOf":{"@id":"https:\/\/woo-themes-plugins.com\/it\/#website"},"primaryImageOfPage":{"@id":"https:\/\/woo-themes-plugins.com\/es\/producto\/numero-de-iva-de-la-ue-complemento-de-iva-profesional-de-woocommerce\/#primaryimage"},"image":{"@id":"https:\/\/woo-themes-plugins.com\/es\/producto\/numero-de-iva-de-la-ue-complemento-de-iva-profesional-de-woocommerce\/#primaryimage"},"thumbnailUrl":"https:\/\/woo-themes-plugins.com\/wp-content\/uploads\/sites\/7\/2018\/04\/woo-themes-plugins_woocommerce-eu-vat-number-tva-b2b-plugin-woocommerce.jpg","datePublished":"2018-04-17T13:24:52+00:00","dateModified":"2018-04-17T13:24:52+00:00","description":"Permita que los profesionales no paguen el IVA en su sitio WooCommerce es posible. Este es el prop\u00f3sito del complemento WooCommerce EU VAT Number. Gracias a este complemento, su cliente indica un n\u00famero de IVA intracomunitario y, autom\u00e1ticamente, no pagar\u00e1 el IVA.","breadcrumb":{"@id":"https:\/\/woo-themes-plugins.com\/es\/producto\/numero-de-iva-de-la-ue-complemento-de-iva-profesional-de-woocommerce\/#breadcrumb"},"inLanguage":"es","potentialAction":[{"@type":"ReadAction","target":["https:\/\/woo-themes-plugins.com\/es\/producto\/numero-de-iva-de-la-ue-complemento-de-iva-profesional-de-woocommerce\/"]}]},{"@type":"ImageObject","inLanguage":"es","@id":"https:\/\/woo-themes-plugins.com\/es\/producto\/numero-de-iva-de-la-ue-complemento-de-iva-profesional-de-woocommerce\/#primaryimage","url":"https:\/\/woo-themes-plugins.com\/wp-content\/uploads\/sites\/7\/2018\/04\/woo-themes-plugins_woocommerce-eu-vat-number-tva-b2b-plugin-woocommerce.jpg","contentUrl":"https:\/\/woo-themes-plugins.com\/wp-content\/uploads\/sites\/7\/2018\/04\/woo-themes-plugins_woocommerce-eu-vat-number-tva-b2b-plugin-woocommerce.jpg","width":900,"height":900},{"@type":"BreadcrumbList","@id":"https:\/\/woo-themes-plugins.com\/es\/producto\/numero-de-iva-de-la-ue-complemento-de-iva-profesional-de-woocommerce\/#breadcrumb","itemListElement":[{"@type":"ListItem","position":1,"name":"Accueil","item":"https:\/\/woo-themes-plugins.com\/fr\/"},{"@type":"ListItem","position":2,"name":"Shop","item":"https:\/\/woo-themes-plugins.com\/shop\/"},{"@type":"ListItem","position":3,"name":"N\u00famero de IVA de la UE: complemento de IVA profesional de WooCommerce"}]},{"@type":"WebSite","@id":"https:\/\/woo-themes-plugins.com\/it\/#website","url":"https:\/\/woo-themes-plugins.com\/it\/","name":"Woo-themes-plugins.com","description":"Tous les th\u00e8mes et plugins WooCommerce Premium","potentialAction":[{"@type":"SearchAction","target":{"@type":"EntryPoint","urlTemplate":"https:\/\/woo-themes-plugins.com\/it\/?s={search_term_string}"},"query-input":"required name=search_term_string"}],"inLanguage":"es"}]}},"_links":{"self":[{"href":"https:\/\/woo-themes-plugins.com\/es\/wp-json\/wp\/v2\/product\/5109","targetHints":{"allow":["GET"]}}],"collection":[{"href":"https:\/\/woo-themes-plugins.com\/es\/wp-json\/wp\/v2\/product"}],"about":[{"href":"https:\/\/woo-themes-plugins.com\/es\/wp-json\/wp\/v2\/types\/product"}],"wp:featuredmedia":[{"embeddable":true,"href":"https:\/\/woo-themes-plugins.com\/es\/wp-json\/wp\/v2\/media\/3038"}],"wp:attachment":[{"href":"https:\/\/woo-themes-plugins.com\/es\/wp-json\/wp\/v2\/media?parent=5109"}],"wp:term":[{"taxonomy":"product_cat","embeddable":true,"href":"https:\/\/woo-themes-plugins.com\/es\/wp-json\/wp\/v2\/product_cat?post=5109"},{"taxonomy":"product_tag","embeddable":true,"href":"https:\/\/woo-themes-plugins.com\/es\/wp-json\/wp\/v2\/product_tag?post=5109"}],"curies":[{"name":"wp","href":"https:\/\/api.w.org\/{rel}","templated":true}]}}