{"id":5110,"date":"2018-04-17T09:58:42","date_gmt":"2018-04-17T08:58:42","guid":{"rendered":"https:\/\/woo-themes-plugins.com\/product\/xero-plugin-de-administracion-de-cuentas-stock-de-woocommerce\/"},"modified":"2018-04-17T09:58:42","modified_gmt":"2018-04-17T08:58:42","slug":"xero-plugin-de-administracion-de-cuentas-stock-de-woocommerce","status":"publish","type":"product","link":"https:\/\/woo-themes-plugins.com\/es\/product\/xero-plugin-de-administracion-de-cuentas-stock-de-woocommerce\/","title":{"rendered":"Xero &#8211; Plugin de administraci\u00f3n de cuentas \/ stock de WooCommerce"},"content":{"rendered":"<p><span id=\"result_box\" class=\"\" lang=\"es\">\u00bfA\u00fan no conoces a Xero? Xero es un software cuyo objetivo es proporcionar a las pymes un software de contabilidad en l\u00ednea, realizar un seguimiento de las cancelaciones bancarias, pero tambi\u00e9n generar informes de estado de sus inventarios, por ejemplo. Adem\u00e1s de ser particularmente funcional, Xero tambi\u00e9n es hermoso.<\/p>\n<p>Gracias a Xero for WooCommerce, le ser\u00e1 posible configurar los diversos automatismos de Xero, como la generaci\u00f3n autom\u00e1tica de facturas. Una vez que se instala la extensi\u00f3n Xero para WooCommerce, cada pedido realizado desde su sitio WooCommerce se env\u00eda de forma segura a Xero. Esto no es todo porque todos sus productos, as\u00ed como todos sus descuentos e impuestos, tambi\u00e9n se sincronizar\u00e1n con Xero.<\/p>\n<p>Peque\u00f1os detalles, debe por supuesto una cuenta de Xero activa para lograr todo eso, incluso con el complemento.<\/span><\/p>\n","protected":false},"excerpt":{"rendered":"<p><span id=\"result_box\" class=\"\" lang=\"es\">Benef\u00edciese de la soluci\u00f3n de gesti\u00f3n de reservas y compatibilidad Xero en su sitio web eCommerce WooCommerce, sin ning\u00fan desarrollo, es posible gracias al plugin Xero, desarrollado por WooCommerce.<\/span><\/p>\n","protected":false},"featured_media":3029,"template":"","meta":{"_monsterinsights_skip_tracking":false,"_monsterinsights_sitenote_active":false,"_monsterinsights_sitenote_note":"","_monsterinsights_sitenote_category":0},"product_cat":[220],"product_tag":[1173,1181,245],"class_list":["post-5110","product","type-product","status-publish","has-post-thumbnail","hentry","product_cat-plugin-woocommerce-es","product_tag-contabilidad-y-woocommerce","product_tag-gestion-de-stock-woocommerce-es","product_tag-pedidos-y-woocommerce","pa_dev-woo-plugin-theme-woocommerce-es","pa_marketplace-woocommerce-woocommerce-com-es"],"yoast_head":"<!-- This site is optimized with the Yoast SEO plugin v23.1 - https:\/\/yoast.com\/wordpress\/plugins\/seo\/ -->\n<title>Xero - Plugin de administraci\u00f3n de cuentas \/ stock de WooCommerce<\/title>\n<meta name=\"description\" content=\"El complemento oficial de WooCommerce para Xero. Gracias a este complemento para Xero, podr\u00e1 sincronizar toda su tienda WooCommerce con el software de administraci\u00f3n de inventario y contabilidad de Xero.\" \/>\n<meta name=\"robots\" content=\"index, follow, max-snippet:-1, max-image-preview:large, max-video-preview:-1\" \/>\n<link rel=\"canonical\" href=\"https:\/\/woo-themes-plugins.com\/es\/producto\/xero-plugin-de-administracion-de-cuentas-stock-de-woocommerce\/\" \/>\n<meta property=\"og:locale\" content=\"es_ES\" \/>\n<meta property=\"og:type\" content=\"article\" \/>\n<meta property=\"og:title\" content=\"Xero - Plugin de administraci\u00f3n de cuentas \/ stock de WooCommerce\" \/>\n<meta property=\"og:description\" content=\"El complemento oficial de WooCommerce para Xero. Gracias a este complemento para Xero, podr\u00e1 sincronizar toda su tienda WooCommerce con el software de administraci\u00f3n de inventario y contabilidad de Xero.\" \/>\n<meta property=\"og:url\" content=\"https:\/\/woo-themes-plugins.com\/es\/producto\/xero-plugin-de-administracion-de-cuentas-stock-de-woocommerce\/\" \/>\n<meta property=\"og:site_name\" content=\"Woo-themes-plugins.com\" \/>\n<meta property=\"og:image\" content=\"https:\/\/woo-themes-plugins.com\/wp-content\/uploads\/sites\/7\/2018\/04\/woo-themes-plugins_woocommerce-xero-compatibilite-gestion-stock-plugin-woocommerce.jpg\" \/>\n\t<meta property=\"og:image:width\" content=\"900\" \/>\n\t<meta property=\"og:image:height\" content=\"900\" \/>\n\t<meta property=\"og:image:type\" content=\"image\/jpeg\" \/>\n<meta name=\"twitter:label1\" content=\"Tiempo de lectura\" \/>\n\t<meta name=\"twitter:data1\" content=\"1 minuto\" \/>\n<script type=\"application\/ld+json\" class=\"yoast-schema-graph\">{\"@context\":\"https:\/\/schema.org\",\"@graph\":[{\"@type\":\"WebPage\",\"@id\":\"https:\/\/woo-themes-plugins.com\/es\/producto\/xero-plugin-de-administracion-de-cuentas-stock-de-woocommerce\/\",\"url\":\"https:\/\/woo-themes-plugins.com\/es\/producto\/xero-plugin-de-administracion-de-cuentas-stock-de-woocommerce\/\",\"name\":\"Xero - Plugin de administraci\u00f3n de cuentas \/ stock de WooCommerce\",\"isPartOf\":{\"@id\":\"https:\/\/woo-themes-plugins.com\/it\/#website\"},\"primaryImageOfPage\":{\"@id\":\"https:\/\/woo-themes-plugins.com\/es\/producto\/xero-plugin-de-administracion-de-cuentas-stock-de-woocommerce\/#primaryimage\"},\"image\":{\"@id\":\"https:\/\/woo-themes-plugins.com\/es\/producto\/xero-plugin-de-administracion-de-cuentas-stock-de-woocommerce\/#primaryimage\"},\"thumbnailUrl\":\"https:\/\/woo-themes-plugins.com\/wp-content\/uploads\/sites\/7\/2018\/04\/woo-themes-plugins_woocommerce-xero-compatibilite-gestion-stock-plugin-woocommerce.jpg\",\"datePublished\":\"2018-04-17T08:58:42+00:00\",\"dateModified\":\"2018-04-17T08:58:42+00:00\",\"description\":\"El complemento oficial de WooCommerce para Xero. Gracias a este complemento para Xero, podr\u00e1 sincronizar toda su tienda WooCommerce con el software de administraci\u00f3n de inventario y contabilidad de Xero.\",\"breadcrumb\":{\"@id\":\"https:\/\/woo-themes-plugins.com\/es\/producto\/xero-plugin-de-administracion-de-cuentas-stock-de-woocommerce\/#breadcrumb\"},\"inLanguage\":\"es\",\"potentialAction\":[{\"@type\":\"ReadAction\",\"target\":[\"https:\/\/woo-themes-plugins.com\/es\/producto\/xero-plugin-de-administracion-de-cuentas-stock-de-woocommerce\/\"]}]},{\"@type\":\"ImageObject\",\"inLanguage\":\"es\",\"@id\":\"https:\/\/woo-themes-plugins.com\/es\/producto\/xero-plugin-de-administracion-de-cuentas-stock-de-woocommerce\/#primaryimage\",\"url\":\"https:\/\/woo-themes-plugins.com\/wp-content\/uploads\/sites\/7\/2018\/04\/woo-themes-plugins_woocommerce-xero-compatibilite-gestion-stock-plugin-woocommerce.jpg\",\"contentUrl\":\"https:\/\/woo-themes-plugins.com\/wp-content\/uploads\/sites\/7\/2018\/04\/woo-themes-plugins_woocommerce-xero-compatibilite-gestion-stock-plugin-woocommerce.jpg\",\"width\":900,\"height\":900},{\"@type\":\"BreadcrumbList\",\"@id\":\"https:\/\/woo-themes-plugins.com\/es\/producto\/xero-plugin-de-administracion-de-cuentas-stock-de-woocommerce\/#breadcrumb\",\"itemListElement\":[{\"@type\":\"ListItem\",\"position\":1,\"name\":\"Accueil\",\"item\":\"https:\/\/woo-themes-plugins.com\/fr\/\"},{\"@type\":\"ListItem\",\"position\":2,\"name\":\"Shop\",\"item\":\"https:\/\/woo-themes-plugins.com\/shop\/\"},{\"@type\":\"ListItem\",\"position\":3,\"name\":\"Xero &#8211; Plugin de administraci\u00f3n de cuentas \/ stock de WooCommerce\"}]},{\"@type\":\"WebSite\",\"@id\":\"https:\/\/woo-themes-plugins.com\/it\/#website\",\"url\":\"https:\/\/woo-themes-plugins.com\/it\/\",\"name\":\"Woo-themes-plugins.com\",\"description\":\"Tous les th\u00e8mes et plugins WooCommerce Premium\",\"potentialAction\":[{\"@type\":\"SearchAction\",\"target\":{\"@type\":\"EntryPoint\",\"urlTemplate\":\"https:\/\/woo-themes-plugins.com\/it\/?s={search_term_string}\"},\"query-input\":\"required name=search_term_string\"}],\"inLanguage\":\"es\"}]}<\/script>\n<!-- \/ Yoast SEO plugin. -->","yoast_head_json":{"title":"Xero - Plugin de administraci\u00f3n de cuentas \/ stock de WooCommerce","description":"El complemento oficial de WooCommerce para Xero. Gracias a este complemento para Xero, podr\u00e1 sincronizar toda su tienda WooCommerce con el software de administraci\u00f3n de inventario y contabilidad de Xero.","robots":{"index":"index","follow":"follow","max-snippet":"max-snippet:-1","max-image-preview":"max-image-preview:large","max-video-preview":"max-video-preview:-1"},"canonical":"https:\/\/woo-themes-plugins.com\/es\/producto\/xero-plugin-de-administracion-de-cuentas-stock-de-woocommerce\/","og_locale":"es_ES","og_type":"article","og_title":"Xero - Plugin de administraci\u00f3n de cuentas \/ stock de WooCommerce","og_description":"El complemento oficial de WooCommerce para Xero. Gracias a este complemento para Xero, podr\u00e1 sincronizar toda su tienda WooCommerce con el software de administraci\u00f3n de inventario y contabilidad de Xero.","og_url":"https:\/\/woo-themes-plugins.com\/es\/producto\/xero-plugin-de-administracion-de-cuentas-stock-de-woocommerce\/","og_site_name":"Woo-themes-plugins.com","og_image":[{"width":900,"height":900,"url":"https:\/\/woo-themes-plugins.com\/wp-content\/uploads\/sites\/7\/2018\/04\/woo-themes-plugins_woocommerce-xero-compatibilite-gestion-stock-plugin-woocommerce.jpg","type":"image\/jpeg"}],"twitter_misc":{"Tiempo de lectura":"1 minuto"},"schema":{"@context":"https:\/\/schema.org","@graph":[{"@type":"WebPage","@id":"https:\/\/woo-themes-plugins.com\/es\/producto\/xero-plugin-de-administracion-de-cuentas-stock-de-woocommerce\/","url":"https:\/\/woo-themes-plugins.com\/es\/producto\/xero-plugin-de-administracion-de-cuentas-stock-de-woocommerce\/","name":"Xero - Plugin de administraci\u00f3n de cuentas \/ stock de WooCommerce","isPartOf":{"@id":"https:\/\/woo-themes-plugins.com\/it\/#website"},"primaryImageOfPage":{"@id":"https:\/\/woo-themes-plugins.com\/es\/producto\/xero-plugin-de-administracion-de-cuentas-stock-de-woocommerce\/#primaryimage"},"image":{"@id":"https:\/\/woo-themes-plugins.com\/es\/producto\/xero-plugin-de-administracion-de-cuentas-stock-de-woocommerce\/#primaryimage"},"thumbnailUrl":"https:\/\/woo-themes-plugins.com\/wp-content\/uploads\/sites\/7\/2018\/04\/woo-themes-plugins_woocommerce-xero-compatibilite-gestion-stock-plugin-woocommerce.jpg","datePublished":"2018-04-17T08:58:42+00:00","dateModified":"2018-04-17T08:58:42+00:00","description":"El complemento oficial de WooCommerce para Xero. Gracias a este complemento para Xero, podr\u00e1 sincronizar toda su tienda WooCommerce con el software de administraci\u00f3n de inventario y contabilidad de Xero.","breadcrumb":{"@id":"https:\/\/woo-themes-plugins.com\/es\/producto\/xero-plugin-de-administracion-de-cuentas-stock-de-woocommerce\/#breadcrumb"},"inLanguage":"es","potentialAction":[{"@type":"ReadAction","target":["https:\/\/woo-themes-plugins.com\/es\/producto\/xero-plugin-de-administracion-de-cuentas-stock-de-woocommerce\/"]}]},{"@type":"ImageObject","inLanguage":"es","@id":"https:\/\/woo-themes-plugins.com\/es\/producto\/xero-plugin-de-administracion-de-cuentas-stock-de-woocommerce\/#primaryimage","url":"https:\/\/woo-themes-plugins.com\/wp-content\/uploads\/sites\/7\/2018\/04\/woo-themes-plugins_woocommerce-xero-compatibilite-gestion-stock-plugin-woocommerce.jpg","contentUrl":"https:\/\/woo-themes-plugins.com\/wp-content\/uploads\/sites\/7\/2018\/04\/woo-themes-plugins_woocommerce-xero-compatibilite-gestion-stock-plugin-woocommerce.jpg","width":900,"height":900},{"@type":"BreadcrumbList","@id":"https:\/\/woo-themes-plugins.com\/es\/producto\/xero-plugin-de-administracion-de-cuentas-stock-de-woocommerce\/#breadcrumb","itemListElement":[{"@type":"ListItem","position":1,"name":"Accueil","item":"https:\/\/woo-themes-plugins.com\/fr\/"},{"@type":"ListItem","position":2,"name":"Shop","item":"https:\/\/woo-themes-plugins.com\/shop\/"},{"@type":"ListItem","position":3,"name":"Xero &#8211; Plugin de administraci\u00f3n de cuentas \/ stock de WooCommerce"}]},{"@type":"WebSite","@id":"https:\/\/woo-themes-plugins.com\/it\/#website","url":"https:\/\/woo-themes-plugins.com\/it\/","name":"Woo-themes-plugins.com","description":"Tous les th\u00e8mes et plugins WooCommerce Premium","potentialAction":[{"@type":"SearchAction","target":{"@type":"EntryPoint","urlTemplate":"https:\/\/woo-themes-plugins.com\/it\/?s={search_term_string}"},"query-input":"required name=search_term_string"}],"inLanguage":"es"}]}},"_links":{"self":[{"href":"https:\/\/woo-themes-plugins.com\/es\/wp-json\/wp\/v2\/product\/5110","targetHints":{"allow":["GET"]}}],"collection":[{"href":"https:\/\/woo-themes-plugins.com\/es\/wp-json\/wp\/v2\/product"}],"about":[{"href":"https:\/\/woo-themes-plugins.com\/es\/wp-json\/wp\/v2\/types\/product"}],"wp:featuredmedia":[{"embeddable":true,"href":"https:\/\/woo-themes-plugins.com\/es\/wp-json\/wp\/v2\/media\/3029"}],"wp:attachment":[{"href":"https:\/\/woo-themes-plugins.com\/es\/wp-json\/wp\/v2\/media?parent=5110"}],"wp:term":[{"taxonomy":"product_cat","embeddable":true,"href":"https:\/\/woo-themes-plugins.com\/es\/wp-json\/wp\/v2\/product_cat?post=5110"},{"taxonomy":"product_tag","embeddable":true,"href":"https:\/\/woo-themes-plugins.com\/es\/wp-json\/wp\/v2\/product_tag?post=5110"}],"curies":[{"name":"wp","href":"https:\/\/api.w.org\/{rel}","templated":true}]}}