{"id":2879,"date":"2018-03-26T06:18:07","date_gmt":"2018-03-26T05:18:07","guid":{"rendered":"https:\/\/woo-themes-plugins.com\/product\/authorize-net-aim-woocommerce-makseviis-woocommercei-plugin\/"},"modified":"2018-03-26T06:18:07","modified_gmt":"2018-03-26T05:18:07","slug":"authorize-net-aim-woocommerce-makseviis-woocommercei-plugin","status":"publish","type":"product","link":"https:\/\/woo-themes-plugins.com\/et\/product\/authorize-net-aim-woocommerce-makseviis-woocommercei-plugin\/","title":{"rendered":"Authorize.net AIM &#8211; WooCommerce makseviis &#8211; WooCommercei plugin"},"content":{"rendered":"<p><span id=\"result_box\" class=\"\" lang=\"et\">Authorize.net soovib AIM olla WooCommercei plugin, mis pakub k\u00f5ige t\u00e4psemat integratsiooni, mis kasutab nii WooCommerce&#8217;i kui ka Authorize.net-i teenuseid. See plugin lubab isegi Autorize.net eChecki ja Accept.jsi toe. Kes on parem?<\/p>\n<p>Authorize.net on v\u00e4ga edukas veebip\u00f5hine makseteenus, sealhulgas selle suur kasutus lihtsus koos suurep\u00e4rase turvalisusega. See WooCommercei pistikprogramm v\u00f5imaldab teil makseid otse oma WooCommerce&#8217;i saiti integreerida ja maksta otse WooCommercei haldamise liidesesse.<\/p>\n<p>Kui see plugin nimetatakse AIMiks, on see Authorize.net versioon, mis v\u00f5imaldab teil pakkuda oma klientidele v\u00f5imalust j\u00e4\u00e4da oma e-kaubanduse saidile makse tegemise ajal. Tegelik pluss tellimuse vormi h\u00f5\u00f5rdefekti v\u00e4hendamiseks, eriti mobiilside liideste jaoks.<\/span><\/p>\n","protected":false},"excerpt":{"rendered":"<p><span id=\"result_box\" class=\"\" lang=\"et\">SkyVerge pakub teile seda pangamakse pluginat, mis v\u00f5imaldab teil luua Authorize.net -i makselahenduse otse saidi makse lehel oma e-kaubanduse WooCommerce saidil!<\/span><\/p>\n","protected":false},"featured_media":2455,"template":"","meta":{"_monsterinsights_skip_tracking":false,"_monsterinsights_sitenote_active":false,"_monsterinsights_sitenote_note":"","_monsterinsights_sitenote_category":0},"product_cat":[204],"product_tag":[796,825],"class_list":["post-2879","product","type-product","status-publish","has-post-thumbnail","hentry","product_cat-plugin-woocommerce-et","product_tag-authorize-net-woocommerce-et","product_tag-lahenduse-maksmine-woocommerce","pa_dev-woo-plugin-theme-skyverge-et","pa_marketplace-woocommerce-woocommerce-com-et"],"yoast_head":"<!-- This site is optimized with the Yoast SEO plugin v23.1 - https:\/\/yoast.com\/wordpress\/plugins\/seo\/ -->\n<title>Authorize.net AIM - WooCommerce makseviis - WooCommercei plugin - Woo-themes-plugins.com<\/title>\n<meta name=\"robots\" content=\"index, follow, max-snippet:-1, max-image-preview:large, max-video-preview:-1\" \/>\n<link rel=\"canonical\" href=\"https:\/\/woo-themes-plugins.com\/et\/toode\/authorize-net-aim-woocommerce-makseviis-woocommercei-plugin\/\" \/>\n<meta property=\"og:locale\" content=\"et_EE\" \/>\n<meta property=\"og:type\" content=\"article\" \/>\n<meta property=\"og:title\" content=\"Authorize.net AIM - WooCommerce makseviis - WooCommercei plugin - Woo-themes-plugins.com\" \/>\n<meta property=\"og:description\" content=\"SkyVerge pakub teile seda pangamakse pluginat, mis v\u00f5imaldab teil luua Authorize.net -i makselahenduse otse saidi makse lehel oma e-kaubanduse WooCommerce saidil!\" \/>\n<meta property=\"og:url\" content=\"https:\/\/woo-themes-plugins.com\/et\/toode\/authorize-net-aim-woocommerce-makseviis-woocommercei-plugin\/\" \/>\n<meta property=\"og:site_name\" content=\"Woo-themes-plugins.com\" \/>\n<meta property=\"og:image\" content=\"https:\/\/woo-themes-plugins.com\/wp-content\/uploads\/sites\/7\/2018\/03\/woo-themes-plugins_woocommerce-auhtorize-net-plugin-woocommerce.jpg\" \/>\n\t<meta property=\"og:image:width\" content=\"900\" \/>\n\t<meta property=\"og:image:height\" content=\"900\" \/>\n\t<meta property=\"og:image:type\" content=\"image\/jpeg\" \/>\n<meta name=\"twitter:label1\" content=\"Est. reading time\" \/>\n\t<meta name=\"twitter:data1\" content=\"1 minut\" \/>\n<script type=\"application\/ld+json\" class=\"yoast-schema-graph\">{\"@context\":\"https:\/\/schema.org\",\"@graph\":[{\"@type\":\"WebPage\",\"@id\":\"https:\/\/woo-themes-plugins.com\/et\/toode\/authorize-net-aim-woocommerce-makseviis-woocommercei-plugin\/\",\"url\":\"https:\/\/woo-themes-plugins.com\/et\/toode\/authorize-net-aim-woocommerce-makseviis-woocommercei-plugin\/\",\"name\":\"Authorize.net AIM - WooCommerce makseviis - WooCommercei plugin - Woo-themes-plugins.com\",\"isPartOf\":{\"@id\":\"https:\/\/woo-themes-plugins.com\/it\/#website\"},\"primaryImageOfPage\":{\"@id\":\"https:\/\/woo-themes-plugins.com\/et\/toode\/authorize-net-aim-woocommerce-makseviis-woocommercei-plugin\/#primaryimage\"},\"image\":{\"@id\":\"https:\/\/woo-themes-plugins.com\/et\/toode\/authorize-net-aim-woocommerce-makseviis-woocommercei-plugin\/#primaryimage\"},\"thumbnailUrl\":\"https:\/\/woo-themes-plugins.com\/wp-content\/uploads\/sites\/7\/2018\/03\/woo-themes-plugins_woocommerce-auhtorize-net-plugin-woocommerce.jpg\",\"datePublished\":\"2018-03-26T05:18:07+00:00\",\"dateModified\":\"2018-03-26T05:18:07+00:00\",\"breadcrumb\":{\"@id\":\"https:\/\/woo-themes-plugins.com\/et\/toode\/authorize-net-aim-woocommerce-makseviis-woocommercei-plugin\/#breadcrumb\"},\"inLanguage\":\"et\",\"potentialAction\":[{\"@type\":\"ReadAction\",\"target\":[\"https:\/\/woo-themes-plugins.com\/et\/toode\/authorize-net-aim-woocommerce-makseviis-woocommercei-plugin\/\"]}]},{\"@type\":\"ImageObject\",\"inLanguage\":\"et\",\"@id\":\"https:\/\/woo-themes-plugins.com\/et\/toode\/authorize-net-aim-woocommerce-makseviis-woocommercei-plugin\/#primaryimage\",\"url\":\"https:\/\/woo-themes-plugins.com\/wp-content\/uploads\/sites\/7\/2018\/03\/woo-themes-plugins_woocommerce-auhtorize-net-plugin-woocommerce.jpg\",\"contentUrl\":\"https:\/\/woo-themes-plugins.com\/wp-content\/uploads\/sites\/7\/2018\/03\/woo-themes-plugins_woocommerce-auhtorize-net-plugin-woocommerce.jpg\",\"width\":900,\"height\":900},{\"@type\":\"BreadcrumbList\",\"@id\":\"https:\/\/woo-themes-plugins.com\/et\/toode\/authorize-net-aim-woocommerce-makseviis-woocommercei-plugin\/#breadcrumb\",\"itemListElement\":[{\"@type\":\"ListItem\",\"position\":1,\"name\":\"Accueil\",\"item\":\"https:\/\/woo-themes-plugins.com\/fr\/\"},{\"@type\":\"ListItem\",\"position\":2,\"name\":\"Shop\",\"item\":\"https:\/\/woo-themes-plugins.com\/shop\/\"},{\"@type\":\"ListItem\",\"position\":3,\"name\":\"Authorize.net AIM &#8211; WooCommerce makseviis &#8211; WooCommercei plugin\"}]},{\"@type\":\"WebSite\",\"@id\":\"https:\/\/woo-themes-plugins.com\/it\/#website\",\"url\":\"https:\/\/woo-themes-plugins.com\/it\/\",\"name\":\"Woo-themes-plugins.com\",\"description\":\"Tous les th\u00e8mes et plugins WooCommerce Premium\",\"potentialAction\":[{\"@type\":\"SearchAction\",\"target\":{\"@type\":\"EntryPoint\",\"urlTemplate\":\"https:\/\/woo-themes-plugins.com\/it\/?s={search_term_string}\"},\"query-input\":\"required name=search_term_string\"}],\"inLanguage\":\"et\"}]}<\/script>\n<!-- \/ Yoast SEO plugin. -->","yoast_head_json":{"title":"Authorize.net AIM - WooCommerce makseviis - WooCommercei plugin - Woo-themes-plugins.com","robots":{"index":"index","follow":"follow","max-snippet":"max-snippet:-1","max-image-preview":"max-image-preview:large","max-video-preview":"max-video-preview:-1"},"canonical":"https:\/\/woo-themes-plugins.com\/et\/toode\/authorize-net-aim-woocommerce-makseviis-woocommercei-plugin\/","og_locale":"et_EE","og_type":"article","og_title":"Authorize.net AIM - WooCommerce makseviis - WooCommercei plugin - Woo-themes-plugins.com","og_description":"SkyVerge pakub teile seda pangamakse pluginat, mis v\u00f5imaldab teil luua Authorize.net -i makselahenduse otse saidi makse lehel oma e-kaubanduse WooCommerce saidil!","og_url":"https:\/\/woo-themes-plugins.com\/et\/toode\/authorize-net-aim-woocommerce-makseviis-woocommercei-plugin\/","og_site_name":"Woo-themes-plugins.com","og_image":[{"width":900,"height":900,"url":"https:\/\/woo-themes-plugins.com\/wp-content\/uploads\/sites\/7\/2018\/03\/woo-themes-plugins_woocommerce-auhtorize-net-plugin-woocommerce.jpg","type":"image\/jpeg"}],"twitter_misc":{"Est. reading time":"1 minut"},"schema":{"@context":"https:\/\/schema.org","@graph":[{"@type":"WebPage","@id":"https:\/\/woo-themes-plugins.com\/et\/toode\/authorize-net-aim-woocommerce-makseviis-woocommercei-plugin\/","url":"https:\/\/woo-themes-plugins.com\/et\/toode\/authorize-net-aim-woocommerce-makseviis-woocommercei-plugin\/","name":"Authorize.net AIM - WooCommerce makseviis - WooCommercei plugin - Woo-themes-plugins.com","isPartOf":{"@id":"https:\/\/woo-themes-plugins.com\/it\/#website"},"primaryImageOfPage":{"@id":"https:\/\/woo-themes-plugins.com\/et\/toode\/authorize-net-aim-woocommerce-makseviis-woocommercei-plugin\/#primaryimage"},"image":{"@id":"https:\/\/woo-themes-plugins.com\/et\/toode\/authorize-net-aim-woocommerce-makseviis-woocommercei-plugin\/#primaryimage"},"thumbnailUrl":"https:\/\/woo-themes-plugins.com\/wp-content\/uploads\/sites\/7\/2018\/03\/woo-themes-plugins_woocommerce-auhtorize-net-plugin-woocommerce.jpg","datePublished":"2018-03-26T05:18:07+00:00","dateModified":"2018-03-26T05:18:07+00:00","breadcrumb":{"@id":"https:\/\/woo-themes-plugins.com\/et\/toode\/authorize-net-aim-woocommerce-makseviis-woocommercei-plugin\/#breadcrumb"},"inLanguage":"et","potentialAction":[{"@type":"ReadAction","target":["https:\/\/woo-themes-plugins.com\/et\/toode\/authorize-net-aim-woocommerce-makseviis-woocommercei-plugin\/"]}]},{"@type":"ImageObject","inLanguage":"et","@id":"https:\/\/woo-themes-plugins.com\/et\/toode\/authorize-net-aim-woocommerce-makseviis-woocommercei-plugin\/#primaryimage","url":"https:\/\/woo-themes-plugins.com\/wp-content\/uploads\/sites\/7\/2018\/03\/woo-themes-plugins_woocommerce-auhtorize-net-plugin-woocommerce.jpg","contentUrl":"https:\/\/woo-themes-plugins.com\/wp-content\/uploads\/sites\/7\/2018\/03\/woo-themes-plugins_woocommerce-auhtorize-net-plugin-woocommerce.jpg","width":900,"height":900},{"@type":"BreadcrumbList","@id":"https:\/\/woo-themes-plugins.com\/et\/toode\/authorize-net-aim-woocommerce-makseviis-woocommercei-plugin\/#breadcrumb","itemListElement":[{"@type":"ListItem","position":1,"name":"Accueil","item":"https:\/\/woo-themes-plugins.com\/fr\/"},{"@type":"ListItem","position":2,"name":"Shop","item":"https:\/\/woo-themes-plugins.com\/shop\/"},{"@type":"ListItem","position":3,"name":"Authorize.net AIM &#8211; WooCommerce makseviis &#8211; WooCommercei plugin"}]},{"@type":"WebSite","@id":"https:\/\/woo-themes-plugins.com\/it\/#website","url":"https:\/\/woo-themes-plugins.com\/it\/","name":"Woo-themes-plugins.com","description":"Tous les th\u00e8mes et plugins WooCommerce Premium","potentialAction":[{"@type":"SearchAction","target":{"@type":"EntryPoint","urlTemplate":"https:\/\/woo-themes-plugins.com\/it\/?s={search_term_string}"},"query-input":"required name=search_term_string"}],"inLanguage":"et"}]}},"_links":{"self":[{"href":"https:\/\/woo-themes-plugins.com\/et\/wp-json\/wp\/v2\/product\/2879","targetHints":{"allow":["GET"]}}],"collection":[{"href":"https:\/\/woo-themes-plugins.com\/et\/wp-json\/wp\/v2\/product"}],"about":[{"href":"https:\/\/woo-themes-plugins.com\/et\/wp-json\/wp\/v2\/types\/product"}],"wp:featuredmedia":[{"embeddable":true,"href":"https:\/\/woo-themes-plugins.com\/et\/wp-json\/wp\/v2\/media\/2455"}],"wp:attachment":[{"href":"https:\/\/woo-themes-plugins.com\/et\/wp-json\/wp\/v2\/media?parent=2879"}],"wp:term":[{"taxonomy":"product_cat","embeddable":true,"href":"https:\/\/woo-themes-plugins.com\/et\/wp-json\/wp\/v2\/product_cat?post=2879"},{"taxonomy":"product_tag","embeddable":true,"href":"https:\/\/woo-themes-plugins.com\/et\/wp-json\/wp\/v2\/product_tag?post=2879"}],"curies":[{"name":"wp","href":"https:\/\/api.w.org\/{rel}","templated":true}]}}