{"id":2880,"date":"2018-03-26T06:12:20","date_gmt":"2018-03-26T05:12:20","guid":{"rendered":"https:\/\/woo-themes-plugins.com\/product\/usps-i-kohaletoimetamise-meetod-woocommercei-tarneplugin\/"},"modified":"2018-03-26T06:12:20","modified_gmt":"2018-03-26T05:12:20","slug":"usps-i-kohaletoimetamise-meetod-woocommercei-tarneplugin","status":"publish","type":"product","link":"https:\/\/woo-themes-plugins.com\/et\/product\/usps-i-kohaletoimetamise-meetod-woocommercei-tarneplugin\/","title":{"rendered":"USPS-i kohaletoimetamise meetod &#8211; WooCommerce&#8217;i tarneplugin"},"content":{"rendered":"<p><span id=\"result_box\" class=\"\" lang=\"et\">Kas m\u00fc\u00fcte Ameerika \u00dchendriikidele? Nii et peate kindlasti kasutama USPSi teenuseid.<\/p>\n<p>Selle laiendusega WooCommerce abil saate reaalajas n\u00e4idata oma klientidele tegelikku hinda.<\/p>\n<p>Selle funktsiooni kasutamiseks on endiselt vaja j\u00e4rgida m\u00f5ningaid eeskirju, n\u00e4iteks klientide maksmine USA dollarites, neitsi saared v\u00f5i Puerto Ribo. S\u00fcsteem on ka l\u00f5ika Ameerika turule, sest peate m\u00f5\u00f5t\u00fchikuks kasutama tolli ja naela. Teie teabe jaoks viiakse metrilised konversioonid ise, kui vajadus ilmneb teie WooCommerce&#8217;i saidil.<\/p>\n<p>Kui kasutate USPSi teenuseid, tuleb see plugin WooCommerce klassifitseerida oluliste pistikprogrammide raadiusesse.<\/span><\/p>\n","protected":false},"excerpt":{"rendered":"<p><span id=\"result_box\" class=\"\" lang=\"et\">Ametlik WooCommercei pistikprogramm, mis v\u00f5imaldab USPSi operaatori integreerimist (koos temaga muidugi) otse teie e-kaubanduse WooCommercei saidile.<\/span><\/p>\n","protected":false},"featured_media":2447,"template":"","meta":{"_monsterinsights_skip_tracking":false,"_monsterinsights_sitenote_active":false,"_monsterinsights_sitenote_note":"","_monsterinsights_sitenote_category":0},"product_cat":[204],"product_tag":[855],"class_list":["post-2880","product","type-product","status-publish","has-post-thumbnail","hentry","product_cat-plugin-woocommerce-et","product_tag-tarneaeg-woocommerce","pa_dev-woo-plugin-theme-woocommerce-et","pa_marketplace-woocommerce-woocommerce-com-et"],"yoast_head":"<!-- This site is optimized with the Yoast SEO plugin v23.1 - https:\/\/yoast.com\/wordpress\/plugins\/seo\/ -->\n<title>USPS-i kohaletoimetamise meetod - WooCommerce&#039;i tarneplugin - Woo-themes-plugins.com<\/title>\n<meta name=\"robots\" content=\"index, follow, max-snippet:-1, max-image-preview:large, max-video-preview:-1\" \/>\n<link rel=\"canonical\" href=\"https:\/\/woo-themes-plugins.com\/et\/toode\/usps-i-kohaletoimetamise-meetod-woocommercei-tarneplugin\/\" \/>\n<meta property=\"og:locale\" content=\"et_EE\" \/>\n<meta property=\"og:type\" content=\"article\" \/>\n<meta property=\"og:title\" content=\"USPS-i kohaletoimetamise meetod - WooCommerce&#039;i tarneplugin - Woo-themes-plugins.com\" \/>\n<meta property=\"og:description\" content=\"Ametlik WooCommercei pistikprogramm, mis v\u00f5imaldab USPSi operaatori integreerimist (koos temaga muidugi) otse teie e-kaubanduse WooCommercei saidile.\" \/>\n<meta property=\"og:url\" content=\"https:\/\/woo-themes-plugins.com\/et\/toode\/usps-i-kohaletoimetamise-meetod-woocommercei-tarneplugin\/\" \/>\n<meta property=\"og:site_name\" content=\"Woo-themes-plugins.com\" \/>\n<meta property=\"og:image\" content=\"https:\/\/woo-themes-plugins.com\/wp-content\/uploads\/sites\/7\/2018\/03\/woo-themes-plugins_woocommerce-usps-shipping-method-plugin-woocommerce.jpg\" \/>\n\t<meta property=\"og:image:width\" content=\"900\" \/>\n\t<meta property=\"og:image:height\" content=\"900\" \/>\n\t<meta property=\"og:image:type\" content=\"image\/jpeg\" \/>\n<script type=\"application\/ld+json\" class=\"yoast-schema-graph\">{\"@context\":\"https:\/\/schema.org\",\"@graph\":[{\"@type\":\"WebPage\",\"@id\":\"https:\/\/woo-themes-plugins.com\/et\/toode\/usps-i-kohaletoimetamise-meetod-woocommercei-tarneplugin\/\",\"url\":\"https:\/\/woo-themes-plugins.com\/et\/toode\/usps-i-kohaletoimetamise-meetod-woocommercei-tarneplugin\/\",\"name\":\"USPS-i kohaletoimetamise meetod - WooCommerce'i tarneplugin - Woo-themes-plugins.com\",\"isPartOf\":{\"@id\":\"https:\/\/woo-themes-plugins.com\/it\/#website\"},\"primaryImageOfPage\":{\"@id\":\"https:\/\/woo-themes-plugins.com\/et\/toode\/usps-i-kohaletoimetamise-meetod-woocommercei-tarneplugin\/#primaryimage\"},\"image\":{\"@id\":\"https:\/\/woo-themes-plugins.com\/et\/toode\/usps-i-kohaletoimetamise-meetod-woocommercei-tarneplugin\/#primaryimage\"},\"thumbnailUrl\":\"https:\/\/woo-themes-plugins.com\/wp-content\/uploads\/sites\/7\/2018\/03\/woo-themes-plugins_woocommerce-usps-shipping-method-plugin-woocommerce.jpg\",\"datePublished\":\"2018-03-26T05:12:20+00:00\",\"dateModified\":\"2018-03-26T05:12:20+00:00\",\"breadcrumb\":{\"@id\":\"https:\/\/woo-themes-plugins.com\/et\/toode\/usps-i-kohaletoimetamise-meetod-woocommercei-tarneplugin\/#breadcrumb\"},\"inLanguage\":\"et\",\"potentialAction\":[{\"@type\":\"ReadAction\",\"target\":[\"https:\/\/woo-themes-plugins.com\/et\/toode\/usps-i-kohaletoimetamise-meetod-woocommercei-tarneplugin\/\"]}]},{\"@type\":\"ImageObject\",\"inLanguage\":\"et\",\"@id\":\"https:\/\/woo-themes-plugins.com\/et\/toode\/usps-i-kohaletoimetamise-meetod-woocommercei-tarneplugin\/#primaryimage\",\"url\":\"https:\/\/woo-themes-plugins.com\/wp-content\/uploads\/sites\/7\/2018\/03\/woo-themes-plugins_woocommerce-usps-shipping-method-plugin-woocommerce.jpg\",\"contentUrl\":\"https:\/\/woo-themes-plugins.com\/wp-content\/uploads\/sites\/7\/2018\/03\/woo-themes-plugins_woocommerce-usps-shipping-method-plugin-woocommerce.jpg\",\"width\":900,\"height\":900},{\"@type\":\"BreadcrumbList\",\"@id\":\"https:\/\/woo-themes-plugins.com\/et\/toode\/usps-i-kohaletoimetamise-meetod-woocommercei-tarneplugin\/#breadcrumb\",\"itemListElement\":[{\"@type\":\"ListItem\",\"position\":1,\"name\":\"Accueil\",\"item\":\"https:\/\/woo-themes-plugins.com\/fr\/\"},{\"@type\":\"ListItem\",\"position\":2,\"name\":\"Shop\",\"item\":\"https:\/\/woo-themes-plugins.com\/shop\/\"},{\"@type\":\"ListItem\",\"position\":3,\"name\":\"USPS-i kohaletoimetamise meetod &#8211; WooCommerce&#8217;i tarneplugin\"}]},{\"@type\":\"WebSite\",\"@id\":\"https:\/\/woo-themes-plugins.com\/it\/#website\",\"url\":\"https:\/\/woo-themes-plugins.com\/it\/\",\"name\":\"Woo-themes-plugins.com\",\"description\":\"Tous les th\u00e8mes et plugins WooCommerce Premium\",\"potentialAction\":[{\"@type\":\"SearchAction\",\"target\":{\"@type\":\"EntryPoint\",\"urlTemplate\":\"https:\/\/woo-themes-plugins.com\/it\/?s={search_term_string}\"},\"query-input\":\"required name=search_term_string\"}],\"inLanguage\":\"et\"}]}<\/script>\n<!-- \/ Yoast SEO plugin. -->","yoast_head_json":{"title":"USPS-i kohaletoimetamise meetod - WooCommerce'i tarneplugin - Woo-themes-plugins.com","robots":{"index":"index","follow":"follow","max-snippet":"max-snippet:-1","max-image-preview":"max-image-preview:large","max-video-preview":"max-video-preview:-1"},"canonical":"https:\/\/woo-themes-plugins.com\/et\/toode\/usps-i-kohaletoimetamise-meetod-woocommercei-tarneplugin\/","og_locale":"et_EE","og_type":"article","og_title":"USPS-i kohaletoimetamise meetod - WooCommerce'i tarneplugin - Woo-themes-plugins.com","og_description":"Ametlik WooCommercei pistikprogramm, mis v\u00f5imaldab USPSi operaatori integreerimist (koos temaga muidugi) otse teie e-kaubanduse WooCommercei saidile.","og_url":"https:\/\/woo-themes-plugins.com\/et\/toode\/usps-i-kohaletoimetamise-meetod-woocommercei-tarneplugin\/","og_site_name":"Woo-themes-plugins.com","og_image":[{"width":900,"height":900,"url":"https:\/\/woo-themes-plugins.com\/wp-content\/uploads\/sites\/7\/2018\/03\/woo-themes-plugins_woocommerce-usps-shipping-method-plugin-woocommerce.jpg","type":"image\/jpeg"}],"schema":{"@context":"https:\/\/schema.org","@graph":[{"@type":"WebPage","@id":"https:\/\/woo-themes-plugins.com\/et\/toode\/usps-i-kohaletoimetamise-meetod-woocommercei-tarneplugin\/","url":"https:\/\/woo-themes-plugins.com\/et\/toode\/usps-i-kohaletoimetamise-meetod-woocommercei-tarneplugin\/","name":"USPS-i kohaletoimetamise meetod - WooCommerce'i tarneplugin - Woo-themes-plugins.com","isPartOf":{"@id":"https:\/\/woo-themes-plugins.com\/it\/#website"},"primaryImageOfPage":{"@id":"https:\/\/woo-themes-plugins.com\/et\/toode\/usps-i-kohaletoimetamise-meetod-woocommercei-tarneplugin\/#primaryimage"},"image":{"@id":"https:\/\/woo-themes-plugins.com\/et\/toode\/usps-i-kohaletoimetamise-meetod-woocommercei-tarneplugin\/#primaryimage"},"thumbnailUrl":"https:\/\/woo-themes-plugins.com\/wp-content\/uploads\/sites\/7\/2018\/03\/woo-themes-plugins_woocommerce-usps-shipping-method-plugin-woocommerce.jpg","datePublished":"2018-03-26T05:12:20+00:00","dateModified":"2018-03-26T05:12:20+00:00","breadcrumb":{"@id":"https:\/\/woo-themes-plugins.com\/et\/toode\/usps-i-kohaletoimetamise-meetod-woocommercei-tarneplugin\/#breadcrumb"},"inLanguage":"et","potentialAction":[{"@type":"ReadAction","target":["https:\/\/woo-themes-plugins.com\/et\/toode\/usps-i-kohaletoimetamise-meetod-woocommercei-tarneplugin\/"]}]},{"@type":"ImageObject","inLanguage":"et","@id":"https:\/\/woo-themes-plugins.com\/et\/toode\/usps-i-kohaletoimetamise-meetod-woocommercei-tarneplugin\/#primaryimage","url":"https:\/\/woo-themes-plugins.com\/wp-content\/uploads\/sites\/7\/2018\/03\/woo-themes-plugins_woocommerce-usps-shipping-method-plugin-woocommerce.jpg","contentUrl":"https:\/\/woo-themes-plugins.com\/wp-content\/uploads\/sites\/7\/2018\/03\/woo-themes-plugins_woocommerce-usps-shipping-method-plugin-woocommerce.jpg","width":900,"height":900},{"@type":"BreadcrumbList","@id":"https:\/\/woo-themes-plugins.com\/et\/toode\/usps-i-kohaletoimetamise-meetod-woocommercei-tarneplugin\/#breadcrumb","itemListElement":[{"@type":"ListItem","position":1,"name":"Accueil","item":"https:\/\/woo-themes-plugins.com\/fr\/"},{"@type":"ListItem","position":2,"name":"Shop","item":"https:\/\/woo-themes-plugins.com\/shop\/"},{"@type":"ListItem","position":3,"name":"USPS-i kohaletoimetamise meetod &#8211; WooCommerce&#8217;i tarneplugin"}]},{"@type":"WebSite","@id":"https:\/\/woo-themes-plugins.com\/it\/#website","url":"https:\/\/woo-themes-plugins.com\/it\/","name":"Woo-themes-plugins.com","description":"Tous les th\u00e8mes et plugins WooCommerce Premium","potentialAction":[{"@type":"SearchAction","target":{"@type":"EntryPoint","urlTemplate":"https:\/\/woo-themes-plugins.com\/it\/?s={search_term_string}"},"query-input":"required name=search_term_string"}],"inLanguage":"et"}]}},"_links":{"self":[{"href":"https:\/\/woo-themes-plugins.com\/et\/wp-json\/wp\/v2\/product\/2880","targetHints":{"allow":["GET"]}}],"collection":[{"href":"https:\/\/woo-themes-plugins.com\/et\/wp-json\/wp\/v2\/product"}],"about":[{"href":"https:\/\/woo-themes-plugins.com\/et\/wp-json\/wp\/v2\/types\/product"}],"wp:featuredmedia":[{"embeddable":true,"href":"https:\/\/woo-themes-plugins.com\/et\/wp-json\/wp\/v2\/media\/2447"}],"wp:attachment":[{"href":"https:\/\/woo-themes-plugins.com\/et\/wp-json\/wp\/v2\/media?parent=2880"}],"wp:term":[{"taxonomy":"product_cat","embeddable":true,"href":"https:\/\/woo-themes-plugins.com\/et\/wp-json\/wp\/v2\/product_cat?post=2880"},{"taxonomy":"product_tag","embeddable":true,"href":"https:\/\/woo-themes-plugins.com\/et\/wp-json\/wp\/v2\/product_tag?post=2880"}],"curies":[{"name":"wp","href":"https:\/\/api.w.org\/{rel}","templated":true}]}}