{"id":2881,"date":"2018-03-26T06:00:37","date_gmt":"2018-03-26T05:00:37","guid":{"rendered":"https:\/\/woo-themes-plugins.com\/product\/woocommerce-kliendi-tellimuse-csv-eksport-ekspordi-tellimused-kliente-woocommercei-plugin\/"},"modified":"2018-03-26T06:00:37","modified_gmt":"2018-03-26T05:00:37","slug":"woocommerce-kliendi-tellimuse-csv-eksport-ekspordi-tellimused-kliente-woocommercei-plugin","status":"publish","type":"product","link":"https:\/\/woo-themes-plugins.com\/et\/product\/woocommerce-kliendi-tellimuse-csv-eksport-ekspordi-tellimused-kliente-woocommercei-plugin\/","title":{"rendered":"WooCommerce Kliendi \/ tellimuse CSV eksport &#8211; ekspordi tellimused &amp; Kliente &#8211; WooCommercei plugin"},"content":{"rendered":"<p><span id=\"result_box\" class=\"\" lang=\"et\">Kuigi WooCommerce pakub aruannete esitamise v\u00f5imalust, peavad paljud kaubanduse kasutajad ikkagi regulaarselt CSV-i v\u00e4ljav\u00f5tte tegema, olenemata sellest, kas need on tellimuste j\u00e4lgimine, klientide haldamine v\u00f5i lihtsalt Excelis kogu nende andmete lugemine.<\/p>\n<p>Selle WooCommercei laienduse eesm\u00e4rk on lihtsustada WooCommercei andmete hankimise protsessi, v\u00f5imaldades meil teha v\u00e4ga sihitud eksporti v\u00f5i kogu meie WooCommerce&#8217;i veebisaiti. Meil on isegi v\u00f5imalik m\u00e4\u00e4ratleda automaatseid v\u00e4ljav\u00f5tteid, mis saadetakse FTP, HTTP POST v\u00f5i isegi e-posti teel.<\/p>\n<p>Ekstraheerimis\u00fclesanded on meie WooCommerce&#8217;i saidi taustal. Teisis\u00f5nu t\u00e4hendab see seda, et see protsess ei ole \u00fclimuslik teiste suhtes, pakkudes oma klientidele maksimaalset j\u00f5udlust. Nii et isegi kui teil on tuhandeid ekspordiliine, \u00e4rge muretsege, see ei aeglusta meie e-kaubanduse saiti.<\/span><\/p>\n","protected":false},"excerpt":{"rendered":"<p><span id=\"result_box\" class=\"\" lang=\"et\"><span class=\"\">See WooCommercei pistikprogramm v\u00f5imaldab teil tellimuste ja klientide CSV-i eksportida teie WooCommerce veebisaidilt.<\/span><\/span><\/p>\n","protected":false},"featured_media":2439,"template":"","meta":{"_monsterinsights_skip_tracking":false,"_monsterinsights_sitenote_active":false,"_monsterinsights_sitenote_note":"","_monsterinsights_sitenote_category":0},"product_cat":[204],"product_tag":[802,807,815],"class_list":["post-2881","product","type-product","status-publish","has-post-thumbnail","hentry","product_cat-plugin-woocommerce-et","product_tag-ekspordi-impordi-woo-kaubanduse-kasud","product_tag-importija-eksportija-kliendid-woocommerce","product_tag-plugin-export-woocommerce-et","pa_dev-woo-plugin-theme-skyverge-et","pa_marketplace-woocommerce-woocommerce-com-et"],"yoast_head":"<!-- This site is optimized with the Yoast SEO plugin v23.1 - https:\/\/yoast.com\/wordpress\/plugins\/seo\/ -->\n<title>PayPal Braintree - makses\u00fcsteem - WooCommerce plugin<\/title>\n<meta name=\"description\" content=\"Ametlik WooCommercei pistikprogramm ja tasuta otse kasutada PayPali lahendust teie e-kaubanduse WooCommerce&#039;i veebisaidi makselehel Braintree teenuste kaudu.\" \/>\n<meta name=\"robots\" content=\"index, follow, max-snippet:-1, max-image-preview:large, max-video-preview:-1\" \/>\n<link rel=\"canonical\" href=\"https:\/\/woo-themes-plugins.com\/et\/toode\/woocommerce-kliendi-tellimuse-csv-eksport-ekspordi-tellimused-kliente-woocommercei-plugin\/\" \/>\n<meta property=\"og:locale\" content=\"et_EE\" \/>\n<meta property=\"og:type\" content=\"article\" \/>\n<meta property=\"og:title\" content=\"PayPal Braintree - makses\u00fcsteem - WooCommerce plugin\" \/>\n<meta property=\"og:description\" content=\"Ametlik WooCommercei pistikprogramm ja tasuta otse kasutada PayPali lahendust teie e-kaubanduse WooCommerce&#039;i veebisaidi makselehel Braintree teenuste kaudu.\" \/>\n<meta property=\"og:url\" content=\"https:\/\/woo-themes-plugins.com\/et\/toode\/woocommerce-kliendi-tellimuse-csv-eksport-ekspordi-tellimused-kliente-woocommercei-plugin\/\" \/>\n<meta property=\"og:site_name\" content=\"Woo-themes-plugins.com\" \/>\n<meta property=\"og:image\" content=\"https:\/\/woo-themes-plugins.com\/wp-content\/uploads\/sites\/7\/2018\/03\/woo-themes-plugins_woocommerce-customer-order-csv-export-plugin-woocommerce.jpg\" \/>\n\t<meta property=\"og:image:width\" content=\"900\" \/>\n\t<meta property=\"og:image:height\" content=\"900\" \/>\n\t<meta property=\"og:image:type\" content=\"image\/jpeg\" \/>\n<meta name=\"twitter:label1\" content=\"Est. reading time\" \/>\n\t<meta name=\"twitter:data1\" content=\"1 minut\" \/>\n<script type=\"application\/ld+json\" class=\"yoast-schema-graph\">{\"@context\":\"https:\/\/schema.org\",\"@graph\":[{\"@type\":\"WebPage\",\"@id\":\"https:\/\/woo-themes-plugins.com\/et\/toode\/woocommerce-kliendi-tellimuse-csv-eksport-ekspordi-tellimused-kliente-woocommercei-plugin\/\",\"url\":\"https:\/\/woo-themes-plugins.com\/et\/toode\/woocommerce-kliendi-tellimuse-csv-eksport-ekspordi-tellimused-kliente-woocommercei-plugin\/\",\"name\":\"PayPal Braintree - makses\u00fcsteem - WooCommerce plugin\",\"isPartOf\":{\"@id\":\"https:\/\/woo-themes-plugins.com\/it\/#website\"},\"primaryImageOfPage\":{\"@id\":\"https:\/\/woo-themes-plugins.com\/et\/toode\/woocommerce-kliendi-tellimuse-csv-eksport-ekspordi-tellimused-kliente-woocommercei-plugin\/#primaryimage\"},\"image\":{\"@id\":\"https:\/\/woo-themes-plugins.com\/et\/toode\/woocommerce-kliendi-tellimuse-csv-eksport-ekspordi-tellimused-kliente-woocommercei-plugin\/#primaryimage\"},\"thumbnailUrl\":\"https:\/\/woo-themes-plugins.com\/wp-content\/uploads\/sites\/7\/2018\/03\/woo-themes-plugins_woocommerce-customer-order-csv-export-plugin-woocommerce.jpg\",\"datePublished\":\"2018-03-26T05:00:37+00:00\",\"dateModified\":\"2018-03-26T05:00:37+00:00\",\"description\":\"Ametlik WooCommercei pistikprogramm ja tasuta otse kasutada PayPali lahendust teie e-kaubanduse WooCommerce'i veebisaidi makselehel Braintree teenuste kaudu.\",\"breadcrumb\":{\"@id\":\"https:\/\/woo-themes-plugins.com\/et\/toode\/woocommerce-kliendi-tellimuse-csv-eksport-ekspordi-tellimused-kliente-woocommercei-plugin\/#breadcrumb\"},\"inLanguage\":\"et\",\"potentialAction\":[{\"@type\":\"ReadAction\",\"target\":[\"https:\/\/woo-themes-plugins.com\/et\/toode\/woocommerce-kliendi-tellimuse-csv-eksport-ekspordi-tellimused-kliente-woocommercei-plugin\/\"]}]},{\"@type\":\"ImageObject\",\"inLanguage\":\"et\",\"@id\":\"https:\/\/woo-themes-plugins.com\/et\/toode\/woocommerce-kliendi-tellimuse-csv-eksport-ekspordi-tellimused-kliente-woocommercei-plugin\/#primaryimage\",\"url\":\"https:\/\/woo-themes-plugins.com\/wp-content\/uploads\/sites\/7\/2018\/03\/woo-themes-plugins_woocommerce-customer-order-csv-export-plugin-woocommerce.jpg\",\"contentUrl\":\"https:\/\/woo-themes-plugins.com\/wp-content\/uploads\/sites\/7\/2018\/03\/woo-themes-plugins_woocommerce-customer-order-csv-export-plugin-woocommerce.jpg\",\"width\":900,\"height\":900},{\"@type\":\"BreadcrumbList\",\"@id\":\"https:\/\/woo-themes-plugins.com\/et\/toode\/woocommerce-kliendi-tellimuse-csv-eksport-ekspordi-tellimused-kliente-woocommercei-plugin\/#breadcrumb\",\"itemListElement\":[{\"@type\":\"ListItem\",\"position\":1,\"name\":\"Accueil\",\"item\":\"https:\/\/woo-themes-plugins.com\/fr\/\"},{\"@type\":\"ListItem\",\"position\":2,\"name\":\"Shop\",\"item\":\"https:\/\/woo-themes-plugins.com\/shop\/\"},{\"@type\":\"ListItem\",\"position\":3,\"name\":\"WooCommerce Kliendi \/ tellimuse CSV eksport &#8211; ekspordi tellimused &amp; Kliente &#8211; WooCommercei plugin\"}]},{\"@type\":\"WebSite\",\"@id\":\"https:\/\/woo-themes-plugins.com\/it\/#website\",\"url\":\"https:\/\/woo-themes-plugins.com\/it\/\",\"name\":\"Woo-themes-plugins.com\",\"description\":\"Tous les th\u00e8mes et plugins WooCommerce Premium\",\"potentialAction\":[{\"@type\":\"SearchAction\",\"target\":{\"@type\":\"EntryPoint\",\"urlTemplate\":\"https:\/\/woo-themes-plugins.com\/it\/?s={search_term_string}\"},\"query-input\":\"required name=search_term_string\"}],\"inLanguage\":\"et\"}]}<\/script>\n<!-- \/ Yoast SEO plugin. -->","yoast_head_json":{"title":"PayPal Braintree - makses\u00fcsteem - WooCommerce plugin","description":"Ametlik WooCommercei pistikprogramm ja tasuta otse kasutada PayPali lahendust teie e-kaubanduse WooCommerce'i veebisaidi makselehel Braintree teenuste kaudu.","robots":{"index":"index","follow":"follow","max-snippet":"max-snippet:-1","max-image-preview":"max-image-preview:large","max-video-preview":"max-video-preview:-1"},"canonical":"https:\/\/woo-themes-plugins.com\/et\/toode\/woocommerce-kliendi-tellimuse-csv-eksport-ekspordi-tellimused-kliente-woocommercei-plugin\/","og_locale":"et_EE","og_type":"article","og_title":"PayPal Braintree - makses\u00fcsteem - WooCommerce plugin","og_description":"Ametlik WooCommercei pistikprogramm ja tasuta otse kasutada PayPali lahendust teie e-kaubanduse WooCommerce'i veebisaidi makselehel Braintree teenuste kaudu.","og_url":"https:\/\/woo-themes-plugins.com\/et\/toode\/woocommerce-kliendi-tellimuse-csv-eksport-ekspordi-tellimused-kliente-woocommercei-plugin\/","og_site_name":"Woo-themes-plugins.com","og_image":[{"width":900,"height":900,"url":"https:\/\/woo-themes-plugins.com\/wp-content\/uploads\/sites\/7\/2018\/03\/woo-themes-plugins_woocommerce-customer-order-csv-export-plugin-woocommerce.jpg","type":"image\/jpeg"}],"twitter_misc":{"Est. reading time":"1 minut"},"schema":{"@context":"https:\/\/schema.org","@graph":[{"@type":"WebPage","@id":"https:\/\/woo-themes-plugins.com\/et\/toode\/woocommerce-kliendi-tellimuse-csv-eksport-ekspordi-tellimused-kliente-woocommercei-plugin\/","url":"https:\/\/woo-themes-plugins.com\/et\/toode\/woocommerce-kliendi-tellimuse-csv-eksport-ekspordi-tellimused-kliente-woocommercei-plugin\/","name":"PayPal Braintree - makses\u00fcsteem - WooCommerce plugin","isPartOf":{"@id":"https:\/\/woo-themes-plugins.com\/it\/#website"},"primaryImageOfPage":{"@id":"https:\/\/woo-themes-plugins.com\/et\/toode\/woocommerce-kliendi-tellimuse-csv-eksport-ekspordi-tellimused-kliente-woocommercei-plugin\/#primaryimage"},"image":{"@id":"https:\/\/woo-themes-plugins.com\/et\/toode\/woocommerce-kliendi-tellimuse-csv-eksport-ekspordi-tellimused-kliente-woocommercei-plugin\/#primaryimage"},"thumbnailUrl":"https:\/\/woo-themes-plugins.com\/wp-content\/uploads\/sites\/7\/2018\/03\/woo-themes-plugins_woocommerce-customer-order-csv-export-plugin-woocommerce.jpg","datePublished":"2018-03-26T05:00:37+00:00","dateModified":"2018-03-26T05:00:37+00:00","description":"Ametlik WooCommercei pistikprogramm ja tasuta otse kasutada PayPali lahendust teie e-kaubanduse WooCommerce'i veebisaidi makselehel Braintree teenuste kaudu.","breadcrumb":{"@id":"https:\/\/woo-themes-plugins.com\/et\/toode\/woocommerce-kliendi-tellimuse-csv-eksport-ekspordi-tellimused-kliente-woocommercei-plugin\/#breadcrumb"},"inLanguage":"et","potentialAction":[{"@type":"ReadAction","target":["https:\/\/woo-themes-plugins.com\/et\/toode\/woocommerce-kliendi-tellimuse-csv-eksport-ekspordi-tellimused-kliente-woocommercei-plugin\/"]}]},{"@type":"ImageObject","inLanguage":"et","@id":"https:\/\/woo-themes-plugins.com\/et\/toode\/woocommerce-kliendi-tellimuse-csv-eksport-ekspordi-tellimused-kliente-woocommercei-plugin\/#primaryimage","url":"https:\/\/woo-themes-plugins.com\/wp-content\/uploads\/sites\/7\/2018\/03\/woo-themes-plugins_woocommerce-customer-order-csv-export-plugin-woocommerce.jpg","contentUrl":"https:\/\/woo-themes-plugins.com\/wp-content\/uploads\/sites\/7\/2018\/03\/woo-themes-plugins_woocommerce-customer-order-csv-export-plugin-woocommerce.jpg","width":900,"height":900},{"@type":"BreadcrumbList","@id":"https:\/\/woo-themes-plugins.com\/et\/toode\/woocommerce-kliendi-tellimuse-csv-eksport-ekspordi-tellimused-kliente-woocommercei-plugin\/#breadcrumb","itemListElement":[{"@type":"ListItem","position":1,"name":"Accueil","item":"https:\/\/woo-themes-plugins.com\/fr\/"},{"@type":"ListItem","position":2,"name":"Shop","item":"https:\/\/woo-themes-plugins.com\/shop\/"},{"@type":"ListItem","position":3,"name":"WooCommerce Kliendi \/ tellimuse CSV eksport &#8211; ekspordi tellimused &amp; Kliente &#8211; WooCommercei plugin"}]},{"@type":"WebSite","@id":"https:\/\/woo-themes-plugins.com\/it\/#website","url":"https:\/\/woo-themes-plugins.com\/it\/","name":"Woo-themes-plugins.com","description":"Tous les th\u00e8mes et plugins WooCommerce Premium","potentialAction":[{"@type":"SearchAction","target":{"@type":"EntryPoint","urlTemplate":"https:\/\/woo-themes-plugins.com\/it\/?s={search_term_string}"},"query-input":"required name=search_term_string"}],"inLanguage":"et"}]}},"_links":{"self":[{"href":"https:\/\/woo-themes-plugins.com\/et\/wp-json\/wp\/v2\/product\/2881","targetHints":{"allow":["GET"]}}],"collection":[{"href":"https:\/\/woo-themes-plugins.com\/et\/wp-json\/wp\/v2\/product"}],"about":[{"href":"https:\/\/woo-themes-plugins.com\/et\/wp-json\/wp\/v2\/types\/product"}],"wp:featuredmedia":[{"embeddable":true,"href":"https:\/\/woo-themes-plugins.com\/et\/wp-json\/wp\/v2\/media\/2439"}],"wp:attachment":[{"href":"https:\/\/woo-themes-plugins.com\/et\/wp-json\/wp\/v2\/media?parent=2881"}],"wp:term":[{"taxonomy":"product_cat","embeddable":true,"href":"https:\/\/woo-themes-plugins.com\/et\/wp-json\/wp\/v2\/product_cat?post=2881"},{"taxonomy":"product_tag","embeddable":true,"href":"https:\/\/woo-themes-plugins.com\/et\/wp-json\/wp\/v2\/product_tag?post=2881"}],"curies":[{"name":"wp","href":"https:\/\/api.w.org\/{rel}","templated":true}]}}