{"id":2882,"date":"2018-03-26T05:49:12","date_gmt":"2018-03-26T04:49:12","guid":{"rendered":"https:\/\/woo-themes-plugins.com\/product\/paypal-cb-poolt-braintree-maksesusteem-woocommerce-plugin\/"},"modified":"2018-03-26T05:49:12","modified_gmt":"2018-03-26T04:49:12","slug":"paypal-cb-poolt-braintree-maksesusteem-woocommerce-plugin","status":"publish","type":"product","link":"https:\/\/woo-themes-plugins.com\/et\/product\/paypal-cb-poolt-braintree-maksesusteem-woocommerce-plugin\/","title":{"rendered":"Paypal &amp; CB poolt Braintree &#8211; makses\u00fcsteem &#8211; WooCommerce plugin"},"content":{"rendered":"<p><span id=\"result_box\" class=\"\" lang=\"et\"><span title=\"Ce plugin WooCommerce offre une grande vari\u00e9t\u00e9 de fonctionnalit\u00e9 \u00e0 qui veux utiliser Paypal sur son site WooCommerce.\">See WooCommercei pistikprogramm pakub paljusid funktsioone, kes soovivad Paypalit oma WooCommerce&#8217;i saidil kasutada. <\/span><span title=\"Paypal by Braintree est comme son nom l'indique une solution de paiement te proposant d'inclure Paypal sur ton site.\">Pea meeles, kui lugeda seda. Paypal poolt Braintree on nagu selle nimi n\u00e4itab makselahenduse ettepaneku lisada Paypal oma saidil. <\/span><span title=\"\u00c9trange non ?\">Kummaline ei? <\/span><span title=\"Apr\u00e8s tout, il est possible de le faire nativement avec WooCommerce, non ?\">L\u00f5ppude l\u00f5puks on see v\u00f5imalik WooCommerceiga teha, kas pole? <\/span><span title=\"En fait... Oui et non.\">Tegelikult &#8230; jah ja ei. <\/span><span title=\"Disons que cette extension WooCommerce va bien plus loin en te permettant d'inclure le paiement par Paypal directement sur ton site, mais aussi des moyens de paiements pour cartes bancaires.\">Oletame, et see laiendus WooCommerce l\u00e4heb veelgi kaugemale, v\u00f5imaldades teil sisestada makse Paypal&#8217;i kaudu otse oma saidil, vaid ka krediitkaartide maksevahendiks. <\/span><span title=\"Fini les clients qui sont renvoy\u00e9s sur le site de Paypal pour payer.\">L\u00f5ppenud kliendid, kes saadetakse Paypal saidil tagasi maksma. <\/span><span title=\"Avec cette extension, vos clients restent sur votre site WooCommerce.\n\n\">Selle laiendusega j\u00e4\u00e4vad teie kliendid teie WooCommerce&#8217;i saidile.<\/p>\n<p><\/span><span title=\"En plus d'offrir une mise en \u0153uvre d\u00e9concertante de simplicit\u00e9, ce plugin WooCommerce te permettra :\n\n\u00a0\u00a0\u00a0\u00a0\">Lisaks sellele, et pakutakse h\u00e4mmastavat lihtsuse rakendamist, v\u00f5imaldab see WooCommercei plugin teil:<\/p>\n<p><\/span><span title=\"Accepter toutes les plus grandes cartes de cr\u00e9dits comme Visa, MasterCard, American Express, Discover, Diner's Club et JCB\n\u00a0\u00a0\u00a0\u00a0\">V\u00f5ta vastu k\u00f5ik suuremad krediitkaardid nagu Visa, MasterCard, American Express, Discover, Diner&#8217;s Club ja JCB<br \/>\n<\/span><span title=\"Compatible PCI DSS v3.0 SAQ-A\n\u00a0\u00a0\u00a0\u00a0\">PCI DSS v3.0 \u00fchilduv SAQ-A<br \/>\n<\/span><span title=\"Activation au choix du contr\u00f4le AVS ou CVV\n\u00a0\u00a0\u00a0\u00a0\">AVS v\u00f5i CVV juhtimise vabatahtlik aktiveerimine<br \/>\n<\/span><span title=\"Processus de renboursement int\u00e9gr\u00e9 \u00e0 l'interface d'administration de WooCommerce\n\u00a0\u00a0\u00a0\u00a0\">WoCommerce&#8217;i halduse liidesesse integreeritud tagasimakse protsess<br \/>\n<\/span><span title=\"Compatible avec le plugin de paiement recurrant WooCommerce Subscriptions\n\n\">\u00dchildub korduva makse plugina WooCommerce tellimustega<\/p>\n<p><\/span><span title=\"Une fois le plugin d'install\u00e9 sur ton site, la connexion avec Braintree se fera en un clic sur ton interface d'administration WooCommerce.\">Kui plugin installitud saidile, on Braintree&#8217;iga \u00fchenduse loomine teie administraatoriliideses WooCommerce \u00fche kl\u00f5psuga. <\/span><span title=\"Cela activera l'ensemble des fonctionnalit\u00e9s que nous venons de lister.\n\n\">See aktiveerib k\u00f5ik loetletud funktsioonid.<\/p>\n<p><\/span><span title=\"Au fait, si tu es habitu\u00e9 aux autres solutions Paypal, tu vas certainement recherch\u00e9 partout o\u00f9 mettre ta cl\u00e9 secrette.\">Muide, kui kasutate teisi Paypal-lahendusi, otsib kindlasti k\u00f5ikjal oma salajane v\u00f5ti. <\/span><span title=\"Avec Paypal by Braintree, cela est rendu caduc.\">Braintree Paypal&#8217;iga on see aegunud.<\/span><\/span><\/p>\n","protected":false},"excerpt":{"rendered":"<p><span id=\"result_box\" class=\"\" lang=\"et\">WooCommerce pakub teile seda tasuta ja ametlikku plugina, mis v\u00f5imaldab teil PayPaliga makseid seadistada otse oma saidil WooCommerce Braintree teenuste kaudu.<\/span><\/p>\n","protected":false},"featured_media":2431,"template":"","meta":{"_monsterinsights_skip_tracking":false,"_monsterinsights_sitenote_active":false,"_monsterinsights_sitenote_note":"","_monsterinsights_sitenote_category":0},"product_cat":[204],"product_tag":[825,657,803],"class_list":["post-2882","product","type-product","status-publish","has-post-thumbnail","hentry","product_cat-plugin-woocommerce-et","product_tag-lahenduse-maksmine-woocommerce","product_tag-paypal-woocommerce-et","product_tag-tasuta-woocommerce-laiendamine","pa_dev-woo-plugin-theme-woocommerce-et","pa_marketplace-woocommerce-woocommerce-com-et"],"yoast_head":"<!-- This site is optimized with the Yoast SEO plugin v23.1 - https:\/\/yoast.com\/wordpress\/plugins\/seo\/ -->\n<title>PayPal Braintree - makses\u00fcsteem - WooCommerce plugin<\/title>\n<meta name=\"description\" content=\"Ametlik WooCommercei pistikprogramm ja tasuta otse kasutada PayPali lahendust teie e-kaubanduse WooCommerce&#039;i veebisaidi makselehel Braintree teenuste kaudu.\" \/>\n<meta name=\"robots\" content=\"index, follow, max-snippet:-1, max-image-preview:large, max-video-preview:-1\" \/>\n<link rel=\"canonical\" href=\"https:\/\/woo-themes-plugins.com\/et\/toode\/paypal-cb-poolt-braintree-maksesusteem-woocommerce-plugin\/\" \/>\n<meta property=\"og:locale\" content=\"et_EE\" \/>\n<meta property=\"og:type\" content=\"article\" \/>\n<meta property=\"og:title\" content=\"PayPal Braintree - makses\u00fcsteem - WooCommerce plugin\" \/>\n<meta property=\"og:description\" content=\"Ametlik WooCommercei pistikprogramm ja tasuta otse kasutada PayPali lahendust teie e-kaubanduse WooCommerce&#039;i veebisaidi makselehel Braintree teenuste kaudu.\" \/>\n<meta property=\"og:url\" content=\"https:\/\/woo-themes-plugins.com\/et\/toode\/paypal-cb-poolt-braintree-maksesusteem-woocommerce-plugin\/\" \/>\n<meta property=\"og:site_name\" content=\"Woo-themes-plugins.com\" \/>\n<meta property=\"og:image\" content=\"https:\/\/woo-themes-plugins.com\/wp-content\/uploads\/sites\/7\/2018\/03\/woo-themes-plugins_woocommerce-paypal-cb-braintree.jpg\" \/>\n\t<meta property=\"og:image:width\" content=\"900\" \/>\n\t<meta property=\"og:image:height\" content=\"900\" \/>\n\t<meta property=\"og:image:type\" content=\"image\/jpeg\" \/>\n<meta name=\"twitter:label1\" content=\"Est. reading time\" \/>\n\t<meta name=\"twitter:data1\" content=\"1 minut\" \/>\n<script type=\"application\/ld+json\" class=\"yoast-schema-graph\">{\"@context\":\"https:\/\/schema.org\",\"@graph\":[{\"@type\":\"WebPage\",\"@id\":\"https:\/\/woo-themes-plugins.com\/et\/toode\/paypal-cb-poolt-braintree-maksesusteem-woocommerce-plugin\/\",\"url\":\"https:\/\/woo-themes-plugins.com\/et\/toode\/paypal-cb-poolt-braintree-maksesusteem-woocommerce-plugin\/\",\"name\":\"PayPal Braintree - makses\u00fcsteem - WooCommerce plugin\",\"isPartOf\":{\"@id\":\"https:\/\/woo-themes-plugins.com\/it\/#website\"},\"primaryImageOfPage\":{\"@id\":\"https:\/\/woo-themes-plugins.com\/et\/toode\/paypal-cb-poolt-braintree-maksesusteem-woocommerce-plugin\/#primaryimage\"},\"image\":{\"@id\":\"https:\/\/woo-themes-plugins.com\/et\/toode\/paypal-cb-poolt-braintree-maksesusteem-woocommerce-plugin\/#primaryimage\"},\"thumbnailUrl\":\"https:\/\/woo-themes-plugins.com\/wp-content\/uploads\/sites\/7\/2018\/03\/woo-themes-plugins_woocommerce-paypal-cb-braintree.jpg\",\"datePublished\":\"2018-03-26T04:49:12+00:00\",\"dateModified\":\"2018-03-26T04:49:12+00:00\",\"description\":\"Ametlik WooCommercei pistikprogramm ja tasuta otse kasutada PayPali lahendust teie e-kaubanduse WooCommerce'i veebisaidi makselehel Braintree teenuste kaudu.\",\"breadcrumb\":{\"@id\":\"https:\/\/woo-themes-plugins.com\/et\/toode\/paypal-cb-poolt-braintree-maksesusteem-woocommerce-plugin\/#breadcrumb\"},\"inLanguage\":\"et\",\"potentialAction\":[{\"@type\":\"ReadAction\",\"target\":[\"https:\/\/woo-themes-plugins.com\/et\/toode\/paypal-cb-poolt-braintree-maksesusteem-woocommerce-plugin\/\"]}]},{\"@type\":\"ImageObject\",\"inLanguage\":\"et\",\"@id\":\"https:\/\/woo-themes-plugins.com\/et\/toode\/paypal-cb-poolt-braintree-maksesusteem-woocommerce-plugin\/#primaryimage\",\"url\":\"https:\/\/woo-themes-plugins.com\/wp-content\/uploads\/sites\/7\/2018\/03\/woo-themes-plugins_woocommerce-paypal-cb-braintree.jpg\",\"contentUrl\":\"https:\/\/woo-themes-plugins.com\/wp-content\/uploads\/sites\/7\/2018\/03\/woo-themes-plugins_woocommerce-paypal-cb-braintree.jpg\",\"width\":900,\"height\":900},{\"@type\":\"BreadcrumbList\",\"@id\":\"https:\/\/woo-themes-plugins.com\/et\/toode\/paypal-cb-poolt-braintree-maksesusteem-woocommerce-plugin\/#breadcrumb\",\"itemListElement\":[{\"@type\":\"ListItem\",\"position\":1,\"name\":\"Accueil\",\"item\":\"https:\/\/woo-themes-plugins.com\/fr\/\"},{\"@type\":\"ListItem\",\"position\":2,\"name\":\"Shop\",\"item\":\"https:\/\/woo-themes-plugins.com\/shop\/\"},{\"@type\":\"ListItem\",\"position\":3,\"name\":\"Paypal &amp; CB poolt Braintree &#8211; makses\u00fcsteem &#8211; WooCommerce plugin\"}]},{\"@type\":\"WebSite\",\"@id\":\"https:\/\/woo-themes-plugins.com\/it\/#website\",\"url\":\"https:\/\/woo-themes-plugins.com\/it\/\",\"name\":\"Woo-themes-plugins.com\",\"description\":\"Tous les th\u00e8mes et plugins WooCommerce Premium\",\"potentialAction\":[{\"@type\":\"SearchAction\",\"target\":{\"@type\":\"EntryPoint\",\"urlTemplate\":\"https:\/\/woo-themes-plugins.com\/it\/?s={search_term_string}\"},\"query-input\":\"required name=search_term_string\"}],\"inLanguage\":\"et\"}]}<\/script>\n<!-- \/ Yoast SEO plugin. -->","yoast_head_json":{"title":"PayPal Braintree - makses\u00fcsteem - WooCommerce plugin","description":"Ametlik WooCommercei pistikprogramm ja tasuta otse kasutada PayPali lahendust teie e-kaubanduse WooCommerce'i veebisaidi makselehel Braintree teenuste kaudu.","robots":{"index":"index","follow":"follow","max-snippet":"max-snippet:-1","max-image-preview":"max-image-preview:large","max-video-preview":"max-video-preview:-1"},"canonical":"https:\/\/woo-themes-plugins.com\/et\/toode\/paypal-cb-poolt-braintree-maksesusteem-woocommerce-plugin\/","og_locale":"et_EE","og_type":"article","og_title":"PayPal Braintree - makses\u00fcsteem - WooCommerce plugin","og_description":"Ametlik WooCommercei pistikprogramm ja tasuta otse kasutada PayPali lahendust teie e-kaubanduse WooCommerce'i veebisaidi makselehel Braintree teenuste kaudu.","og_url":"https:\/\/woo-themes-plugins.com\/et\/toode\/paypal-cb-poolt-braintree-maksesusteem-woocommerce-plugin\/","og_site_name":"Woo-themes-plugins.com","og_image":[{"width":900,"height":900,"url":"https:\/\/woo-themes-plugins.com\/wp-content\/uploads\/sites\/7\/2018\/03\/woo-themes-plugins_woocommerce-paypal-cb-braintree.jpg","type":"image\/jpeg"}],"twitter_misc":{"Est. reading time":"1 minut"},"schema":{"@context":"https:\/\/schema.org","@graph":[{"@type":"WebPage","@id":"https:\/\/woo-themes-plugins.com\/et\/toode\/paypal-cb-poolt-braintree-maksesusteem-woocommerce-plugin\/","url":"https:\/\/woo-themes-plugins.com\/et\/toode\/paypal-cb-poolt-braintree-maksesusteem-woocommerce-plugin\/","name":"PayPal Braintree - makses\u00fcsteem - WooCommerce plugin","isPartOf":{"@id":"https:\/\/woo-themes-plugins.com\/it\/#website"},"primaryImageOfPage":{"@id":"https:\/\/woo-themes-plugins.com\/et\/toode\/paypal-cb-poolt-braintree-maksesusteem-woocommerce-plugin\/#primaryimage"},"image":{"@id":"https:\/\/woo-themes-plugins.com\/et\/toode\/paypal-cb-poolt-braintree-maksesusteem-woocommerce-plugin\/#primaryimage"},"thumbnailUrl":"https:\/\/woo-themes-plugins.com\/wp-content\/uploads\/sites\/7\/2018\/03\/woo-themes-plugins_woocommerce-paypal-cb-braintree.jpg","datePublished":"2018-03-26T04:49:12+00:00","dateModified":"2018-03-26T04:49:12+00:00","description":"Ametlik WooCommercei pistikprogramm ja tasuta otse kasutada PayPali lahendust teie e-kaubanduse WooCommerce'i veebisaidi makselehel Braintree teenuste kaudu.","breadcrumb":{"@id":"https:\/\/woo-themes-plugins.com\/et\/toode\/paypal-cb-poolt-braintree-maksesusteem-woocommerce-plugin\/#breadcrumb"},"inLanguage":"et","potentialAction":[{"@type":"ReadAction","target":["https:\/\/woo-themes-plugins.com\/et\/toode\/paypal-cb-poolt-braintree-maksesusteem-woocommerce-plugin\/"]}]},{"@type":"ImageObject","inLanguage":"et","@id":"https:\/\/woo-themes-plugins.com\/et\/toode\/paypal-cb-poolt-braintree-maksesusteem-woocommerce-plugin\/#primaryimage","url":"https:\/\/woo-themes-plugins.com\/wp-content\/uploads\/sites\/7\/2018\/03\/woo-themes-plugins_woocommerce-paypal-cb-braintree.jpg","contentUrl":"https:\/\/woo-themes-plugins.com\/wp-content\/uploads\/sites\/7\/2018\/03\/woo-themes-plugins_woocommerce-paypal-cb-braintree.jpg","width":900,"height":900},{"@type":"BreadcrumbList","@id":"https:\/\/woo-themes-plugins.com\/et\/toode\/paypal-cb-poolt-braintree-maksesusteem-woocommerce-plugin\/#breadcrumb","itemListElement":[{"@type":"ListItem","position":1,"name":"Accueil","item":"https:\/\/woo-themes-plugins.com\/fr\/"},{"@type":"ListItem","position":2,"name":"Shop","item":"https:\/\/woo-themes-plugins.com\/shop\/"},{"@type":"ListItem","position":3,"name":"Paypal &amp; CB poolt Braintree &#8211; makses\u00fcsteem &#8211; WooCommerce plugin"}]},{"@type":"WebSite","@id":"https:\/\/woo-themes-plugins.com\/it\/#website","url":"https:\/\/woo-themes-plugins.com\/it\/","name":"Woo-themes-plugins.com","description":"Tous les th\u00e8mes et plugins WooCommerce Premium","potentialAction":[{"@type":"SearchAction","target":{"@type":"EntryPoint","urlTemplate":"https:\/\/woo-themes-plugins.com\/it\/?s={search_term_string}"},"query-input":"required name=search_term_string"}],"inLanguage":"et"}]}},"_links":{"self":[{"href":"https:\/\/woo-themes-plugins.com\/et\/wp-json\/wp\/v2\/product\/2882","targetHints":{"allow":["GET"]}}],"collection":[{"href":"https:\/\/woo-themes-plugins.com\/et\/wp-json\/wp\/v2\/product"}],"about":[{"href":"https:\/\/woo-themes-plugins.com\/et\/wp-json\/wp\/v2\/types\/product"}],"wp:featuredmedia":[{"embeddable":true,"href":"https:\/\/woo-themes-plugins.com\/et\/wp-json\/wp\/v2\/media\/2431"}],"wp:attachment":[{"href":"https:\/\/woo-themes-plugins.com\/et\/wp-json\/wp\/v2\/media?parent=2882"}],"wp:term":[{"taxonomy":"product_cat","embeddable":true,"href":"https:\/\/woo-themes-plugins.com\/et\/wp-json\/wp\/v2\/product_cat?post=2882"},{"taxonomy":"product_tag","embeddable":true,"href":"https:\/\/woo-themes-plugins.com\/et\/wp-json\/wp\/v2\/product_tag?post=2882"}],"curies":[{"name":"wp","href":"https:\/\/api.w.org\/{rel}","templated":true}]}}