{"id":2883,"date":"2018-03-26T05:44:16","date_gmt":"2018-03-26T04:44:16","guid":{"rendered":"https:\/\/woo-themes-plugins.com\/product\/payfast-payment-gateway-woocommerce-makseviis-woocommercei-plugin\/"},"modified":"2018-03-26T05:44:16","modified_gmt":"2018-03-26T04:44:16","slug":"payfast-payment-gateway-woocommerce-makseviis-woocommercei-plugin","status":"publish","type":"product","link":"https:\/\/woo-themes-plugins.com\/et\/product\/payfast-payment-gateway-woocommerce-makseviis-woocommercei-plugin\/","title":{"rendered":"PayFast Payment Gateway &#8211; WooCommerce makseviis &#8211; WooCommercei plugin"},"content":{"rendered":"<p><span id=\"result_box\" class=\"\" lang=\"et\">Payfast on \u00fcks WooCommercei olemasolevatest lahendustest, mis pakuvad oma e-kaubanduse veebisaidil paindlikku maksekontseptsiooni. Paindlikult kuuleme, et see plugin WooCommerce lubab teil aktsepteerida maksete tellimuse t\u00fc\u00fcpi, tagatisraha hoiust v\u00f5i ettetellimise re\u017eiimis. Teabe saamiseks on PayFast L\u00f5una-Aafrika pank.<\/p>\n<p><span class=\"\">Kui otsite pistikprogrammi, mis v\u00f5imaldab teil WooCommerce&#8217;i saidil tellimusi seadistada, siis soovitan teil WooCommerce&#8217;i tellimuse asemel leida.<\/span><\/span><\/p>\n","protected":false},"excerpt":{"rendered":"<p><span id=\"result_box\" class=\"\" lang=\"et\">WooCommerce pakub teile seda ametlikku pistikprogrammi, mis v\u00f5imaldab teil seadistada PayFast Payment Gateway makselahenduse otse teie e-kaubanduse WooCommerce veebisaidile.<\/span><\/p>\n","protected":false},"featured_media":2423,"template":"","meta":{"_monsterinsights_skip_tracking":false,"_monsterinsights_sitenote_active":false,"_monsterinsights_sitenote_note":"","_monsterinsights_sitenote_category":0},"product_cat":[204],"product_tag":[825,803],"class_list":["post-2883","product","type-product","status-publish","has-post-thumbnail","hentry","product_cat-plugin-woocommerce-et","product_tag-lahenduse-maksmine-woocommerce","product_tag-tasuta-woocommerce-laiendamine","pa_dev-woo-plugin-theme-woocommerce-et","pa_marketplace-woocommerce-woocommerce-com-et"],"yoast_head":"<!-- This site is optimized with the Yoast SEO plugin v23.1 - https:\/\/yoast.com\/wordpress\/plugins\/seo\/ -->\n<title>PayFast Payment Gateway - WooCommerce makseviis<\/title>\n<meta name=\"description\" content=\"PayFasti makselahenduse haldamise ametlik WooCommercei pistikprogramm.\" \/>\n<meta name=\"robots\" content=\"index, follow, max-snippet:-1, max-image-preview:large, max-video-preview:-1\" \/>\n<link rel=\"canonical\" href=\"https:\/\/woo-themes-plugins.com\/et\/toode\/payfast-payment-gateway-woocommerce-makseviis-woocommercei-plugin\/\" \/>\n<meta property=\"og:locale\" content=\"et_EE\" \/>\n<meta property=\"og:type\" content=\"article\" \/>\n<meta property=\"og:title\" content=\"PayFast Payment Gateway - WooCommerce makseviis\" \/>\n<meta property=\"og:description\" content=\"PayFasti makselahenduse haldamise ametlik WooCommercei pistikprogramm.\" \/>\n<meta property=\"og:url\" content=\"https:\/\/woo-themes-plugins.com\/et\/toode\/payfast-payment-gateway-woocommerce-makseviis-woocommercei-plugin\/\" \/>\n<meta property=\"og:site_name\" content=\"Woo-themes-plugins.com\" \/>\n<meta property=\"og:image\" content=\"https:\/\/woo-themes-plugins.com\/wp-content\/uploads\/sites\/7\/2018\/03\/woo-themes-plugins_woocommerce-fast-paiement-gateway-1.jpg\" \/>\n\t<meta property=\"og:image:width\" content=\"900\" \/>\n\t<meta property=\"og:image:height\" content=\"900\" \/>\n\t<meta property=\"og:image:type\" content=\"image\/jpeg\" \/>\n<script type=\"application\/ld+json\" class=\"yoast-schema-graph\">{\"@context\":\"https:\/\/schema.org\",\"@graph\":[{\"@type\":\"WebPage\",\"@id\":\"https:\/\/woo-themes-plugins.com\/et\/toode\/payfast-payment-gateway-woocommerce-makseviis-woocommercei-plugin\/\",\"url\":\"https:\/\/woo-themes-plugins.com\/et\/toode\/payfast-payment-gateway-woocommerce-makseviis-woocommercei-plugin\/\",\"name\":\"PayFast Payment Gateway - WooCommerce makseviis\",\"isPartOf\":{\"@id\":\"https:\/\/woo-themes-plugins.com\/it\/#website\"},\"primaryImageOfPage\":{\"@id\":\"https:\/\/woo-themes-plugins.com\/et\/toode\/payfast-payment-gateway-woocommerce-makseviis-woocommercei-plugin\/#primaryimage\"},\"image\":{\"@id\":\"https:\/\/woo-themes-plugins.com\/et\/toode\/payfast-payment-gateway-woocommerce-makseviis-woocommercei-plugin\/#primaryimage\"},\"thumbnailUrl\":\"https:\/\/woo-themes-plugins.com\/wp-content\/uploads\/sites\/7\/2018\/03\/woo-themes-plugins_woocommerce-fast-paiement-gateway-1.jpg\",\"datePublished\":\"2018-03-26T04:44:16+00:00\",\"dateModified\":\"2018-03-26T04:44:16+00:00\",\"description\":\"PayFasti makselahenduse haldamise ametlik WooCommercei pistikprogramm.\",\"breadcrumb\":{\"@id\":\"https:\/\/woo-themes-plugins.com\/et\/toode\/payfast-payment-gateway-woocommerce-makseviis-woocommercei-plugin\/#breadcrumb\"},\"inLanguage\":\"et\",\"potentialAction\":[{\"@type\":\"ReadAction\",\"target\":[\"https:\/\/woo-themes-plugins.com\/et\/toode\/payfast-payment-gateway-woocommerce-makseviis-woocommercei-plugin\/\"]}]},{\"@type\":\"ImageObject\",\"inLanguage\":\"et\",\"@id\":\"https:\/\/woo-themes-plugins.com\/et\/toode\/payfast-payment-gateway-woocommerce-makseviis-woocommercei-plugin\/#primaryimage\",\"url\":\"https:\/\/woo-themes-plugins.com\/wp-content\/uploads\/sites\/7\/2018\/03\/woo-themes-plugins_woocommerce-fast-paiement-gateway-1.jpg\",\"contentUrl\":\"https:\/\/woo-themes-plugins.com\/wp-content\/uploads\/sites\/7\/2018\/03\/woo-themes-plugins_woocommerce-fast-paiement-gateway-1.jpg\",\"width\":900,\"height\":900},{\"@type\":\"BreadcrumbList\",\"@id\":\"https:\/\/woo-themes-plugins.com\/et\/toode\/payfast-payment-gateway-woocommerce-makseviis-woocommercei-plugin\/#breadcrumb\",\"itemListElement\":[{\"@type\":\"ListItem\",\"position\":1,\"name\":\"Accueil\",\"item\":\"https:\/\/woo-themes-plugins.com\/fr\/\"},{\"@type\":\"ListItem\",\"position\":2,\"name\":\"Shop\",\"item\":\"https:\/\/woo-themes-plugins.com\/shop\/\"},{\"@type\":\"ListItem\",\"position\":3,\"name\":\"PayFast Payment Gateway &#8211; WooCommerce makseviis &#8211; WooCommercei plugin\"}]},{\"@type\":\"WebSite\",\"@id\":\"https:\/\/woo-themes-plugins.com\/it\/#website\",\"url\":\"https:\/\/woo-themes-plugins.com\/it\/\",\"name\":\"Woo-themes-plugins.com\",\"description\":\"Tous les th\u00e8mes et plugins WooCommerce Premium\",\"potentialAction\":[{\"@type\":\"SearchAction\",\"target\":{\"@type\":\"EntryPoint\",\"urlTemplate\":\"https:\/\/woo-themes-plugins.com\/it\/?s={search_term_string}\"},\"query-input\":\"required name=search_term_string\"}],\"inLanguage\":\"et\"}]}<\/script>\n<!-- \/ Yoast SEO plugin. -->","yoast_head_json":{"title":"PayFast Payment Gateway - WooCommerce makseviis","description":"PayFasti makselahenduse haldamise ametlik WooCommercei pistikprogramm.","robots":{"index":"index","follow":"follow","max-snippet":"max-snippet:-1","max-image-preview":"max-image-preview:large","max-video-preview":"max-video-preview:-1"},"canonical":"https:\/\/woo-themes-plugins.com\/et\/toode\/payfast-payment-gateway-woocommerce-makseviis-woocommercei-plugin\/","og_locale":"et_EE","og_type":"article","og_title":"PayFast Payment Gateway - WooCommerce makseviis","og_description":"PayFasti makselahenduse haldamise ametlik WooCommercei pistikprogramm.","og_url":"https:\/\/woo-themes-plugins.com\/et\/toode\/payfast-payment-gateway-woocommerce-makseviis-woocommercei-plugin\/","og_site_name":"Woo-themes-plugins.com","og_image":[{"width":900,"height":900,"url":"https:\/\/woo-themes-plugins.com\/wp-content\/uploads\/sites\/7\/2018\/03\/woo-themes-plugins_woocommerce-fast-paiement-gateway-1.jpg","type":"image\/jpeg"}],"schema":{"@context":"https:\/\/schema.org","@graph":[{"@type":"WebPage","@id":"https:\/\/woo-themes-plugins.com\/et\/toode\/payfast-payment-gateway-woocommerce-makseviis-woocommercei-plugin\/","url":"https:\/\/woo-themes-plugins.com\/et\/toode\/payfast-payment-gateway-woocommerce-makseviis-woocommercei-plugin\/","name":"PayFast Payment Gateway - WooCommerce makseviis","isPartOf":{"@id":"https:\/\/woo-themes-plugins.com\/it\/#website"},"primaryImageOfPage":{"@id":"https:\/\/woo-themes-plugins.com\/et\/toode\/payfast-payment-gateway-woocommerce-makseviis-woocommercei-plugin\/#primaryimage"},"image":{"@id":"https:\/\/woo-themes-plugins.com\/et\/toode\/payfast-payment-gateway-woocommerce-makseviis-woocommercei-plugin\/#primaryimage"},"thumbnailUrl":"https:\/\/woo-themes-plugins.com\/wp-content\/uploads\/sites\/7\/2018\/03\/woo-themes-plugins_woocommerce-fast-paiement-gateway-1.jpg","datePublished":"2018-03-26T04:44:16+00:00","dateModified":"2018-03-26T04:44:16+00:00","description":"PayFasti makselahenduse haldamise ametlik WooCommercei pistikprogramm.","breadcrumb":{"@id":"https:\/\/woo-themes-plugins.com\/et\/toode\/payfast-payment-gateway-woocommerce-makseviis-woocommercei-plugin\/#breadcrumb"},"inLanguage":"et","potentialAction":[{"@type":"ReadAction","target":["https:\/\/woo-themes-plugins.com\/et\/toode\/payfast-payment-gateway-woocommerce-makseviis-woocommercei-plugin\/"]}]},{"@type":"ImageObject","inLanguage":"et","@id":"https:\/\/woo-themes-plugins.com\/et\/toode\/payfast-payment-gateway-woocommerce-makseviis-woocommercei-plugin\/#primaryimage","url":"https:\/\/woo-themes-plugins.com\/wp-content\/uploads\/sites\/7\/2018\/03\/woo-themes-plugins_woocommerce-fast-paiement-gateway-1.jpg","contentUrl":"https:\/\/woo-themes-plugins.com\/wp-content\/uploads\/sites\/7\/2018\/03\/woo-themes-plugins_woocommerce-fast-paiement-gateway-1.jpg","width":900,"height":900},{"@type":"BreadcrumbList","@id":"https:\/\/woo-themes-plugins.com\/et\/toode\/payfast-payment-gateway-woocommerce-makseviis-woocommercei-plugin\/#breadcrumb","itemListElement":[{"@type":"ListItem","position":1,"name":"Accueil","item":"https:\/\/woo-themes-plugins.com\/fr\/"},{"@type":"ListItem","position":2,"name":"Shop","item":"https:\/\/woo-themes-plugins.com\/shop\/"},{"@type":"ListItem","position":3,"name":"PayFast Payment Gateway &#8211; WooCommerce makseviis &#8211; WooCommercei plugin"}]},{"@type":"WebSite","@id":"https:\/\/woo-themes-plugins.com\/it\/#website","url":"https:\/\/woo-themes-plugins.com\/it\/","name":"Woo-themes-plugins.com","description":"Tous les th\u00e8mes et plugins WooCommerce Premium","potentialAction":[{"@type":"SearchAction","target":{"@type":"EntryPoint","urlTemplate":"https:\/\/woo-themes-plugins.com\/it\/?s={search_term_string}"},"query-input":"required name=search_term_string"}],"inLanguage":"et"}]}},"_links":{"self":[{"href":"https:\/\/woo-themes-plugins.com\/et\/wp-json\/wp\/v2\/product\/2883","targetHints":{"allow":["GET"]}}],"collection":[{"href":"https:\/\/woo-themes-plugins.com\/et\/wp-json\/wp\/v2\/product"}],"about":[{"href":"https:\/\/woo-themes-plugins.com\/et\/wp-json\/wp\/v2\/types\/product"}],"wp:featuredmedia":[{"embeddable":true,"href":"https:\/\/woo-themes-plugins.com\/et\/wp-json\/wp\/v2\/media\/2423"}],"wp:attachment":[{"href":"https:\/\/woo-themes-plugins.com\/et\/wp-json\/wp\/v2\/media?parent=2883"}],"wp:term":[{"taxonomy":"product_cat","embeddable":true,"href":"https:\/\/woo-themes-plugins.com\/et\/wp-json\/wp\/v2\/product_cat?post=2883"},{"taxonomy":"product_tag","embeddable":true,"href":"https:\/\/woo-themes-plugins.com\/et\/wp-json\/wp\/v2\/product_tag?post=2883"}],"curies":[{"name":"wp","href":"https:\/\/api.w.org\/{rel}","templated":true}]}}