{"id":2884,"date":"2018-03-26T05:37:50","date_gmt":"2018-03-26T04:37:50","guid":{"rendered":"https:\/\/woo-themes-plugins.com\/product\/woocommerce-google-analytics-statistika-analytics-woocommerce-plugin\/"},"modified":"2018-03-26T05:37:50","modified_gmt":"2018-03-26T04:37:50","slug":"woocommerce-google-analytics-statistika-analytics-woocommerce-plugin","status":"publish","type":"product","link":"https:\/\/woo-themes-plugins.com\/et\/product\/woocommerce-google-analytics-statistika-analytics-woocommerce-plugin\/","title":{"rendered":"WooCommerce Google Analytics &#8211; Statistika &amp; Analytics &#8211; WooCommerce plugin"},"content":{"rendered":"<p><span id=\"result_box\" class=\"\" lang=\"et\">Selle WooCommercei laiendusega saate tasuta juurdep\u00e4\u00e4su Google Analyticsi p\u00f5hisandmetele.<\/p>\n<p>Selle tasuta Google Analytics WooCommercei laiendusega saate teada kanalitest, mis toovad teile n\u00e4iteks selliseid kliente nagu otsingumootorid v\u00f5i viiteallikad. See v\u00f5imaldab teil keskenduda neile, kes teatavad teile k\u00f5ige rohkem k\u00fclastajaid. Kuid see muidugi ei peatu seal. L\u00f5ppude l\u00f5puks r\u00e4\u00e4gime WooCommerceist, et saaksite leida saidil asuvaid kohti, mis kaotavad teie k\u00f5ige rohkem raha. <span class=\"\">See on v\u00f5imalik, anal\u00fc\u00fcsides oma toote lehtede kasutajavoogu oma makse lehtedele.<\/span> <span class=\"\">Klientide paremaks m\u00f5istmiseks saate vaadata kanalitest saadud tulu v\u00f5i kindlaks teha, mida teie kliendid teie saidil otsivad.<\/span><\/p>\n<p><span class=\"\">WooCommercei tasuta laiendus, mis on ilmselgelt oluline WooCommercei laienduste osa.<\/span><\/span><\/p>\n","protected":false},"excerpt":{"rendered":"<p><span id=\"result_box\" class=\"\" lang=\"et\">Google Analytics WooCommerce tasuta pistikprogramm pakutakse WooCommerce&#8217;i arendajatele. Selle pistikprogrammi abil saate Google Analyticsi j\u00e4lgimist oma e-kaubanduse WooCommerce saidil seadistada. Ideaalne k\u00f5igile e-kaubanduse kohta k\u00f5igile Google Analyticsi aruannetes.<\/span><\/p>\n","protected":false},"featured_media":2407,"template":"","meta":{"_monsterinsights_skip_tracking":false,"_monsterinsights_sitenote_active":false,"_monsterinsights_sitenote_note":"","_monsterinsights_sitenote_category":0},"product_cat":[204],"product_tag":[804,856,803],"class_list":["post-2884","product","type-product","status-publish","has-post-thumbnail","hentry","product_cat-plugin-woocommerce-et","product_tag-google-analytics-plugin-woocommerce","product_tag-olulised-woocommerce","product_tag-tasuta-woocommerce-laiendamine","pa_dev-woo-plugin-theme-woocommerce-et","pa_marketplace-woocommerce-woocommerce-com-et"],"yoast_head":"<!-- This site is optimized with the Yoast SEO plugin v23.1 - https:\/\/yoast.com\/wordpress\/plugins\/seo\/ -->\n<title>WooCommerce Google Analytics - Statistika ja anal\u00fc\u00fcs - Plugin<\/title>\n<meta name=\"description\" content=\"Kas vajate Google Analyticsi seadistamist WooCommerce&#039;i saidil? WooCommerce Google Analytics, tasuta, on plugin, mille on v\u00e4lja t\u00f6\u00f6tanud sama meeskond nagu WooCommerce. Peate lihtsalt installima Google Analytics WooCommercei ja otse oma Google Analyticsis m\u00fc\u00fcki.\" \/>\n<meta name=\"robots\" content=\"index, follow, max-snippet:-1, max-image-preview:large, max-video-preview:-1\" \/>\n<link rel=\"canonical\" href=\"https:\/\/woo-themes-plugins.com\/et\/toode\/woocommerce-google-analytics-statistika-analytics-woocommerce-plugin\/\" \/>\n<meta property=\"og:locale\" content=\"et_EE\" \/>\n<meta property=\"og:type\" content=\"article\" \/>\n<meta property=\"og:title\" content=\"WooCommerce Google Analytics - Statistika ja anal\u00fc\u00fcs - Plugin\" \/>\n<meta property=\"og:description\" content=\"Kas vajate Google Analyticsi seadistamist WooCommerce&#039;i saidil? WooCommerce Google Analytics, tasuta, on plugin, mille on v\u00e4lja t\u00f6\u00f6tanud sama meeskond nagu WooCommerce. Peate lihtsalt installima Google Analytics WooCommercei ja otse oma Google Analyticsis m\u00fc\u00fcki.\" \/>\n<meta property=\"og:url\" content=\"https:\/\/woo-themes-plugins.com\/et\/toode\/woocommerce-google-analytics-statistika-analytics-woocommerce-plugin\/\" \/>\n<meta property=\"og:site_name\" content=\"Woo-themes-plugins.com\" \/>\n<meta property=\"og:image\" content=\"https:\/\/woo-themes-plugins.com\/wp-content\/uploads\/sites\/7\/2018\/03\/woo-themes-plugins_woocommerce-google-analytics.jpg\" \/>\n\t<meta property=\"og:image:width\" content=\"900\" \/>\n\t<meta property=\"og:image:height\" content=\"900\" \/>\n\t<meta property=\"og:image:type\" content=\"image\/jpeg\" \/>\n<meta name=\"twitter:label1\" content=\"Est. reading time\" \/>\n\t<meta name=\"twitter:data1\" content=\"1 minut\" \/>\n<script type=\"application\/ld+json\" class=\"yoast-schema-graph\">{\"@context\":\"https:\/\/schema.org\",\"@graph\":[{\"@type\":\"WebPage\",\"@id\":\"https:\/\/woo-themes-plugins.com\/et\/toode\/woocommerce-google-analytics-statistika-analytics-woocommerce-plugin\/\",\"url\":\"https:\/\/woo-themes-plugins.com\/et\/toode\/woocommerce-google-analytics-statistika-analytics-woocommerce-plugin\/\",\"name\":\"WooCommerce Google Analytics - Statistika ja anal\u00fc\u00fcs - Plugin\",\"isPartOf\":{\"@id\":\"https:\/\/woo-themes-plugins.com\/it\/#website\"},\"primaryImageOfPage\":{\"@id\":\"https:\/\/woo-themes-plugins.com\/et\/toode\/woocommerce-google-analytics-statistika-analytics-woocommerce-plugin\/#primaryimage\"},\"image\":{\"@id\":\"https:\/\/woo-themes-plugins.com\/et\/toode\/woocommerce-google-analytics-statistika-analytics-woocommerce-plugin\/#primaryimage\"},\"thumbnailUrl\":\"https:\/\/woo-themes-plugins.com\/wp-content\/uploads\/sites\/7\/2018\/03\/woo-themes-plugins_woocommerce-google-analytics.jpg\",\"datePublished\":\"2018-03-26T04:37:50+00:00\",\"dateModified\":\"2018-03-26T04:37:50+00:00\",\"description\":\"Kas vajate Google Analyticsi seadistamist WooCommerce'i saidil? WooCommerce Google Analytics, tasuta, on plugin, mille on v\u00e4lja t\u00f6\u00f6tanud sama meeskond nagu WooCommerce. Peate lihtsalt installima Google Analytics WooCommercei ja otse oma Google Analyticsis m\u00fc\u00fcki.\",\"breadcrumb\":{\"@id\":\"https:\/\/woo-themes-plugins.com\/et\/toode\/woocommerce-google-analytics-statistika-analytics-woocommerce-plugin\/#breadcrumb\"},\"inLanguage\":\"et\",\"potentialAction\":[{\"@type\":\"ReadAction\",\"target\":[\"https:\/\/woo-themes-plugins.com\/et\/toode\/woocommerce-google-analytics-statistika-analytics-woocommerce-plugin\/\"]}]},{\"@type\":\"ImageObject\",\"inLanguage\":\"et\",\"@id\":\"https:\/\/woo-themes-plugins.com\/et\/toode\/woocommerce-google-analytics-statistika-analytics-woocommerce-plugin\/#primaryimage\",\"url\":\"https:\/\/woo-themes-plugins.com\/wp-content\/uploads\/sites\/7\/2018\/03\/woo-themes-plugins_woocommerce-google-analytics.jpg\",\"contentUrl\":\"https:\/\/woo-themes-plugins.com\/wp-content\/uploads\/sites\/7\/2018\/03\/woo-themes-plugins_woocommerce-google-analytics.jpg\",\"width\":900,\"height\":900},{\"@type\":\"BreadcrumbList\",\"@id\":\"https:\/\/woo-themes-plugins.com\/et\/toode\/woocommerce-google-analytics-statistika-analytics-woocommerce-plugin\/#breadcrumb\",\"itemListElement\":[{\"@type\":\"ListItem\",\"position\":1,\"name\":\"Accueil\",\"item\":\"https:\/\/woo-themes-plugins.com\/fr\/\"},{\"@type\":\"ListItem\",\"position\":2,\"name\":\"Shop\",\"item\":\"https:\/\/woo-themes-plugins.com\/shop\/\"},{\"@type\":\"ListItem\",\"position\":3,\"name\":\"WooCommerce Google Analytics &#8211; Statistika &amp; Analytics &#8211; WooCommerce plugin\"}]},{\"@type\":\"WebSite\",\"@id\":\"https:\/\/woo-themes-plugins.com\/it\/#website\",\"url\":\"https:\/\/woo-themes-plugins.com\/it\/\",\"name\":\"Woo-themes-plugins.com\",\"description\":\"Tous les th\u00e8mes et plugins WooCommerce Premium\",\"potentialAction\":[{\"@type\":\"SearchAction\",\"target\":{\"@type\":\"EntryPoint\",\"urlTemplate\":\"https:\/\/woo-themes-plugins.com\/it\/?s={search_term_string}\"},\"query-input\":\"required name=search_term_string\"}],\"inLanguage\":\"et\"}]}<\/script>\n<!-- \/ Yoast SEO plugin. -->","yoast_head_json":{"title":"WooCommerce Google Analytics - Statistika ja anal\u00fc\u00fcs - Plugin","description":"Kas vajate Google Analyticsi seadistamist WooCommerce'i saidil? WooCommerce Google Analytics, tasuta, on plugin, mille on v\u00e4lja t\u00f6\u00f6tanud sama meeskond nagu WooCommerce. Peate lihtsalt installima Google Analytics WooCommercei ja otse oma Google Analyticsis m\u00fc\u00fcki.","robots":{"index":"index","follow":"follow","max-snippet":"max-snippet:-1","max-image-preview":"max-image-preview:large","max-video-preview":"max-video-preview:-1"},"canonical":"https:\/\/woo-themes-plugins.com\/et\/toode\/woocommerce-google-analytics-statistika-analytics-woocommerce-plugin\/","og_locale":"et_EE","og_type":"article","og_title":"WooCommerce Google Analytics - Statistika ja anal\u00fc\u00fcs - Plugin","og_description":"Kas vajate Google Analyticsi seadistamist WooCommerce'i saidil? WooCommerce Google Analytics, tasuta, on plugin, mille on v\u00e4lja t\u00f6\u00f6tanud sama meeskond nagu WooCommerce. Peate lihtsalt installima Google Analytics WooCommercei ja otse oma Google Analyticsis m\u00fc\u00fcki.","og_url":"https:\/\/woo-themes-plugins.com\/et\/toode\/woocommerce-google-analytics-statistika-analytics-woocommerce-plugin\/","og_site_name":"Woo-themes-plugins.com","og_image":[{"width":900,"height":900,"url":"https:\/\/woo-themes-plugins.com\/wp-content\/uploads\/sites\/7\/2018\/03\/woo-themes-plugins_woocommerce-google-analytics.jpg","type":"image\/jpeg"}],"twitter_misc":{"Est. reading time":"1 minut"},"schema":{"@context":"https:\/\/schema.org","@graph":[{"@type":"WebPage","@id":"https:\/\/woo-themes-plugins.com\/et\/toode\/woocommerce-google-analytics-statistika-analytics-woocommerce-plugin\/","url":"https:\/\/woo-themes-plugins.com\/et\/toode\/woocommerce-google-analytics-statistika-analytics-woocommerce-plugin\/","name":"WooCommerce Google Analytics - Statistika ja anal\u00fc\u00fcs - Plugin","isPartOf":{"@id":"https:\/\/woo-themes-plugins.com\/it\/#website"},"primaryImageOfPage":{"@id":"https:\/\/woo-themes-plugins.com\/et\/toode\/woocommerce-google-analytics-statistika-analytics-woocommerce-plugin\/#primaryimage"},"image":{"@id":"https:\/\/woo-themes-plugins.com\/et\/toode\/woocommerce-google-analytics-statistika-analytics-woocommerce-plugin\/#primaryimage"},"thumbnailUrl":"https:\/\/woo-themes-plugins.com\/wp-content\/uploads\/sites\/7\/2018\/03\/woo-themes-plugins_woocommerce-google-analytics.jpg","datePublished":"2018-03-26T04:37:50+00:00","dateModified":"2018-03-26T04:37:50+00:00","description":"Kas vajate Google Analyticsi seadistamist WooCommerce'i saidil? WooCommerce Google Analytics, tasuta, on plugin, mille on v\u00e4lja t\u00f6\u00f6tanud sama meeskond nagu WooCommerce. Peate lihtsalt installima Google Analytics WooCommercei ja otse oma Google Analyticsis m\u00fc\u00fcki.","breadcrumb":{"@id":"https:\/\/woo-themes-plugins.com\/et\/toode\/woocommerce-google-analytics-statistika-analytics-woocommerce-plugin\/#breadcrumb"},"inLanguage":"et","potentialAction":[{"@type":"ReadAction","target":["https:\/\/woo-themes-plugins.com\/et\/toode\/woocommerce-google-analytics-statistika-analytics-woocommerce-plugin\/"]}]},{"@type":"ImageObject","inLanguage":"et","@id":"https:\/\/woo-themes-plugins.com\/et\/toode\/woocommerce-google-analytics-statistika-analytics-woocommerce-plugin\/#primaryimage","url":"https:\/\/woo-themes-plugins.com\/wp-content\/uploads\/sites\/7\/2018\/03\/woo-themes-plugins_woocommerce-google-analytics.jpg","contentUrl":"https:\/\/woo-themes-plugins.com\/wp-content\/uploads\/sites\/7\/2018\/03\/woo-themes-plugins_woocommerce-google-analytics.jpg","width":900,"height":900},{"@type":"BreadcrumbList","@id":"https:\/\/woo-themes-plugins.com\/et\/toode\/woocommerce-google-analytics-statistika-analytics-woocommerce-plugin\/#breadcrumb","itemListElement":[{"@type":"ListItem","position":1,"name":"Accueil","item":"https:\/\/woo-themes-plugins.com\/fr\/"},{"@type":"ListItem","position":2,"name":"Shop","item":"https:\/\/woo-themes-plugins.com\/shop\/"},{"@type":"ListItem","position":3,"name":"WooCommerce Google Analytics &#8211; Statistika &amp; Analytics &#8211; WooCommerce plugin"}]},{"@type":"WebSite","@id":"https:\/\/woo-themes-plugins.com\/it\/#website","url":"https:\/\/woo-themes-plugins.com\/it\/","name":"Woo-themes-plugins.com","description":"Tous les th\u00e8mes et plugins WooCommerce Premium","potentialAction":[{"@type":"SearchAction","target":{"@type":"EntryPoint","urlTemplate":"https:\/\/woo-themes-plugins.com\/it\/?s={search_term_string}"},"query-input":"required name=search_term_string"}],"inLanguage":"et"}]}},"_links":{"self":[{"href":"https:\/\/woo-themes-plugins.com\/et\/wp-json\/wp\/v2\/product\/2884","targetHints":{"allow":["GET"]}}],"collection":[{"href":"https:\/\/woo-themes-plugins.com\/et\/wp-json\/wp\/v2\/product"}],"about":[{"href":"https:\/\/woo-themes-plugins.com\/et\/wp-json\/wp\/v2\/types\/product"}],"wp:featuredmedia":[{"embeddable":true,"href":"https:\/\/woo-themes-plugins.com\/et\/wp-json\/wp\/v2\/media\/2407"}],"wp:attachment":[{"href":"https:\/\/woo-themes-plugins.com\/et\/wp-json\/wp\/v2\/media?parent=2884"}],"wp:term":[{"taxonomy":"product_cat","embeddable":true,"href":"https:\/\/woo-themes-plugins.com\/et\/wp-json\/wp\/v2\/product_cat?post=2884"},{"taxonomy":"product_tag","embeddable":true,"href":"https:\/\/woo-themes-plugins.com\/et\/wp-json\/wp\/v2\/product_tag?post=2884"}],"curies":[{"name":"wp","href":"https:\/\/api.w.org\/{rel}","templated":true}]}}