{"id":2885,"date":"2018-03-26T05:32:48","date_gmt":"2018-03-26T04:32:48","guid":{"rendered":"https:\/\/woo-themes-plugins.com\/product\/woocommercei-tellimus-korduv-makse-woocommercei-plugin\/"},"modified":"2018-04-09T18:05:30","modified_gmt":"2018-04-09T17:05:30","slug":"woocommercei-tellimus-korduv-makse-woocommercei-plugin","status":"publish","type":"product","link":"https:\/\/woo-themes-plugins.com\/et\/product\/woocommercei-tellimus-korduv-makse-woocommercei-plugin\/","title":{"rendered":"WooCommerce&#8217;i tellimus &#8211; korduv makse &#8211; WooCommercei plugin"},"content":{"rendered":"<p><span id=\"result_box\" class=\"\" lang=\"et\"><span title=\"Le commerce est par d\u00e9finition fluctuant.\">Kaubandus on \u00fcldjuhul k\u00f5ikuv. <\/span><span title=\"Comment pr\u00e9voir le niveau de vos ventes d'un mois sur l'autre ?\">Kuidas prognoosida oma m\u00fc\u00fcgi taset \u00fchest kuust teise? <\/span><span title=\"Trop de facteurs peuvent venir influencer les ventes d'un mois sur l'autres pour avoir la certitude quand \u00e0 son chiffre d'affaire en fin de mois.\">Liiga palju tegureid v\u00f5ivad \u00fche kuu m\u00fcgi m\u00f5jutada teistele, et olla kindlad, kui selle k\u00e4ive on kuu l\u00f5pus. <\/span><span title=\"Et si je te disais qu'il existe une solution ?\">Mis siis, kui ma teile r\u00e4\u00e4kisin, on lahendus? <\/span><span title=\"La mise en place d'un abonnement !\">Tellimuse seadistamine! <\/span><span title=\"Un abonnement, c'est la certitude de conna\u00eetre son chiffre d'affaire \u00e0 l'avance. \">Tellimus on kindel, et teate oma k\u00e4ibe ette.<\/span><\/span><\/p>\n<p><span title=\"En plus de la bonne id\u00e9e qui te permettra de vendre \u00e0 une fr\u00e9quence d\u00e9finit un certain type de produit ou service, il va falloir que ton site WooCommerce soit en mesure de traiter le paiement r\u00e9curant d'un abonnement.\">Lisaks heale ideele, mis v\u00f5imaldab teil teatud kindlal sagedusel m\u00fc\u00fca, m\u00e4\u00e4ratleb teatud t\u00fc\u00fcpi toote v\u00f5i teenuse, on teie WooCommerce&#8217;i veebisaitidel vaja tellimuse korduvat maksmist t\u00f6\u00f6delda. <\/span><span title=\"La solution, c'est WooCommerce Subscription, une extension certifi\u00e9e WooCommerce qui te permettra de cr\u00e9er et g\u00e9rer des produits avec un paiement r\u00e9curant. \">Lahenduseks on WooCommerce&#8217;i tellimus, sertifitseeritud WooCommercei laiendus, mis v\u00f5imaldab teil luua ja hallata korduva maksega tooteid.<\/span><\/p>\n<p><span title=\"WooCommerce Subscription est une extension WooCommerce qui va te permettra d'acc\u00e9der \u00e0 toutes une gamme vari\u00e9e d'abonnement pour les biens et les services.\">WooCommercei tellimine on WooCommercei laiendus, mis v\u00f5imaldab teil kasutada k\u00f5iki kaupade ja teenuste liitumislepinguid. <\/span><span title=\"Cette extension va te permettra par exemple de cr\u00e9er une formule d'abonnement mensuel \u00e0 un club de sport, un abonnement hebdomadaire \u00e0 un service de formation \u00e0 distance ou encore un abonnement annuel \u00e0 un logiciel.\">Selle laiendusega saate n\u00e4iteks spordiklubi igakuise tellimuse loomiseks, n\u00e4dalase kaug\u00f5ppe teenusega liitumiseks v\u00f5i tarkvara aastase tellimuse saamiseks. <\/span><span title=\"Tu vas m\u00eame pouvoir ajouter des frais d'adh\u00e9sion payables uniquement la premi\u00e8re fois, offrir des p\u00e9riodes d'essais ou encore indiquer la date de fin d'un service. \">Saate isegi lisada liikmemaksu ainult esimest korda, pakkuda prooviperioodi v\u00f5i n\u00e4idata teenuse l\u00f5ppkuup\u00e4eva.<\/span><\/p>\n<p><span title=\"WooCommerce Subscription est tout simplement le plugin de r\u00e9f\u00e9rence en mati\u00e8re de cr\u00e9ation d'abonnement ou de paiement r\u00e9curant avec WooCommerce.\">WooCommercei tellimine on lihtsalt v\u00f5rdlusplugin WooCommercei tellimuse v\u00f5i makse korduvkasutamiseks.<\/span><\/p>\n","protected":false},"excerpt":{"rendered":"<p><span id=\"result_box\" class=\"\" lang=\"et\">WooCommercei tellimuse pistikprogramm v\u00f5imaldab teil oma e-kaubanduse WooCommerce&#8217;i saidil korduvalt paigaldada makses\u00fcsteemi, n\u00e4iteks oma poe tellimust.<\/span><\/p>\n","protected":false},"featured_media":2399,"template":"","meta":{"_monsterinsights_skip_tracking":false,"_monsterinsights_sitenote_active":false,"_monsterinsights_sitenote_note":"","_monsterinsights_sitenote_category":0},"product_cat":[204],"product_tag":[825,856,853],"class_list":["post-2885","product","type-product","status-publish","has-post-thumbnail","hentry","product_cat-plugin-woocommerce-et","product_tag-lahenduse-maksmine-woocommerce","product_tag-olulised-woocommerce","product_tag-woocommerce-sportsimuuk","pa_dev-woo-plugin-theme-woocommerce-et","pa_marketplace-woocommerce-woocommerce-com-et"],"yoast_head":"<!-- This site is optimized with the Yoast SEO plugin v23.1 - https:\/\/yoast.com\/wordpress\/plugins\/seo\/ -->\n<title>WooCommerce&#039;i tellimus - korduv makse - WooCommercei plugin<\/title>\n<meta name=\"description\" content=\"WooCommercei pistikprogramm, mille abil saate hallata korduvaid makseid teie e-kaubanduse saidil, v\u00f5i \u00f6elnud teisiti, v\u00f5imaldab see plugin teil oma WooCommerce&#039;i saidil tellida.\" \/>\n<meta name=\"robots\" content=\"index, follow, max-snippet:-1, max-image-preview:large, max-video-preview:-1\" \/>\n<link rel=\"canonical\" href=\"https:\/\/woo-themes-plugins.com\/et\/toode\/woocommercei-tellimus-korduv-makse-woocommercei-plugin\/\" \/>\n<meta property=\"og:locale\" content=\"et_EE\" \/>\n<meta property=\"og:type\" content=\"article\" \/>\n<meta property=\"og:title\" content=\"WooCommerce&#039;i tellimus - korduv makse - WooCommercei plugin\" \/>\n<meta property=\"og:description\" content=\"WooCommercei pistikprogramm, mille abil saate hallata korduvaid makseid teie e-kaubanduse saidil, v\u00f5i \u00f6elnud teisiti, v\u00f5imaldab see plugin teil oma WooCommerce&#039;i saidil tellida.\" \/>\n<meta property=\"og:url\" content=\"https:\/\/woo-themes-plugins.com\/et\/toode\/woocommercei-tellimus-korduv-makse-woocommercei-plugin\/\" \/>\n<meta property=\"og:site_name\" content=\"Woo-themes-plugins.com\" \/>\n<meta property=\"article:modified_time\" content=\"2018-04-09T17:05:30+00:00\" \/>\n<meta property=\"og:image\" content=\"https:\/\/woo-themes-plugins.com\/wp-content\/uploads\/sites\/7\/2018\/03\/woo-themes-plugins_woocommerce-subscription-payement.jpg\" \/>\n\t<meta property=\"og:image:width\" content=\"900\" \/>\n\t<meta property=\"og:image:height\" content=\"900\" \/>\n\t<meta property=\"og:image:type\" content=\"image\/jpeg\" \/>\n<meta name=\"twitter:label1\" content=\"Est. reading time\" \/>\n\t<meta name=\"twitter:data1\" content=\"1 minut\" \/>\n<script type=\"application\/ld+json\" class=\"yoast-schema-graph\">{\"@context\":\"https:\/\/schema.org\",\"@graph\":[{\"@type\":\"WebPage\",\"@id\":\"https:\/\/woo-themes-plugins.com\/et\/toode\/woocommercei-tellimus-korduv-makse-woocommercei-plugin\/\",\"url\":\"https:\/\/woo-themes-plugins.com\/et\/toode\/woocommercei-tellimus-korduv-makse-woocommercei-plugin\/\",\"name\":\"WooCommerce'i tellimus - korduv makse - WooCommercei plugin\",\"isPartOf\":{\"@id\":\"https:\/\/woo-themes-plugins.com\/it\/#website\"},\"primaryImageOfPage\":{\"@id\":\"https:\/\/woo-themes-plugins.com\/et\/toode\/woocommercei-tellimus-korduv-makse-woocommercei-plugin\/#primaryimage\"},\"image\":{\"@id\":\"https:\/\/woo-themes-plugins.com\/et\/toode\/woocommercei-tellimus-korduv-makse-woocommercei-plugin\/#primaryimage\"},\"thumbnailUrl\":\"https:\/\/woo-themes-plugins.com\/wp-content\/uploads\/sites\/7\/2018\/03\/woo-themes-plugins_woocommerce-subscription-payement.jpg\",\"datePublished\":\"2018-03-26T04:32:48+00:00\",\"dateModified\":\"2018-04-09T17:05:30+00:00\",\"description\":\"WooCommercei pistikprogramm, mille abil saate hallata korduvaid makseid teie e-kaubanduse saidil, v\u00f5i \u00f6elnud teisiti, v\u00f5imaldab see plugin teil oma WooCommerce'i saidil tellida.\",\"breadcrumb\":{\"@id\":\"https:\/\/woo-themes-plugins.com\/et\/toode\/woocommercei-tellimus-korduv-makse-woocommercei-plugin\/#breadcrumb\"},\"inLanguage\":\"et\",\"potentialAction\":[{\"@type\":\"ReadAction\",\"target\":[\"https:\/\/woo-themes-plugins.com\/et\/toode\/woocommercei-tellimus-korduv-makse-woocommercei-plugin\/\"]}]},{\"@type\":\"ImageObject\",\"inLanguage\":\"et\",\"@id\":\"https:\/\/woo-themes-plugins.com\/et\/toode\/woocommercei-tellimus-korduv-makse-woocommercei-plugin\/#primaryimage\",\"url\":\"https:\/\/woo-themes-plugins.com\/wp-content\/uploads\/sites\/7\/2018\/03\/woo-themes-plugins_woocommerce-subscription-payement.jpg\",\"contentUrl\":\"https:\/\/woo-themes-plugins.com\/wp-content\/uploads\/sites\/7\/2018\/03\/woo-themes-plugins_woocommerce-subscription-payement.jpg\",\"width\":900,\"height\":900},{\"@type\":\"BreadcrumbList\",\"@id\":\"https:\/\/woo-themes-plugins.com\/et\/toode\/woocommercei-tellimus-korduv-makse-woocommercei-plugin\/#breadcrumb\",\"itemListElement\":[{\"@type\":\"ListItem\",\"position\":1,\"name\":\"Accueil\",\"item\":\"https:\/\/woo-themes-plugins.com\/fr\/\"},{\"@type\":\"ListItem\",\"position\":2,\"name\":\"Shop\",\"item\":\"https:\/\/woo-themes-plugins.com\/shop\/\"},{\"@type\":\"ListItem\",\"position\":3,\"name\":\"WooCommerce&#8217;i tellimus &#8211; korduv makse &#8211; WooCommercei plugin\"}]},{\"@type\":\"WebSite\",\"@id\":\"https:\/\/woo-themes-plugins.com\/it\/#website\",\"url\":\"https:\/\/woo-themes-plugins.com\/it\/\",\"name\":\"Woo-themes-plugins.com\",\"description\":\"Tous les th\u00e8mes et plugins WooCommerce Premium\",\"potentialAction\":[{\"@type\":\"SearchAction\",\"target\":{\"@type\":\"EntryPoint\",\"urlTemplate\":\"https:\/\/woo-themes-plugins.com\/it\/?s={search_term_string}\"},\"query-input\":\"required name=search_term_string\"}],\"inLanguage\":\"et\"}]}<\/script>\n<!-- \/ Yoast SEO plugin. -->","yoast_head_json":{"title":"WooCommerce'i tellimus - korduv makse - WooCommercei plugin","description":"WooCommercei pistikprogramm, mille abil saate hallata korduvaid makseid teie e-kaubanduse saidil, v\u00f5i \u00f6elnud teisiti, v\u00f5imaldab see plugin teil oma WooCommerce'i saidil tellida.","robots":{"index":"index","follow":"follow","max-snippet":"max-snippet:-1","max-image-preview":"max-image-preview:large","max-video-preview":"max-video-preview:-1"},"canonical":"https:\/\/woo-themes-plugins.com\/et\/toode\/woocommercei-tellimus-korduv-makse-woocommercei-plugin\/","og_locale":"et_EE","og_type":"article","og_title":"WooCommerce'i tellimus - korduv makse - WooCommercei plugin","og_description":"WooCommercei pistikprogramm, mille abil saate hallata korduvaid makseid teie e-kaubanduse saidil, v\u00f5i \u00f6elnud teisiti, v\u00f5imaldab see plugin teil oma WooCommerce'i saidil tellida.","og_url":"https:\/\/woo-themes-plugins.com\/et\/toode\/woocommercei-tellimus-korduv-makse-woocommercei-plugin\/","og_site_name":"Woo-themes-plugins.com","article_modified_time":"2018-04-09T17:05:30+00:00","og_image":[{"width":900,"height":900,"url":"https:\/\/woo-themes-plugins.com\/wp-content\/uploads\/sites\/7\/2018\/03\/woo-themes-plugins_woocommerce-subscription-payement.jpg","type":"image\/jpeg"}],"twitter_misc":{"Est. reading time":"1 minut"},"schema":{"@context":"https:\/\/schema.org","@graph":[{"@type":"WebPage","@id":"https:\/\/woo-themes-plugins.com\/et\/toode\/woocommercei-tellimus-korduv-makse-woocommercei-plugin\/","url":"https:\/\/woo-themes-plugins.com\/et\/toode\/woocommercei-tellimus-korduv-makse-woocommercei-plugin\/","name":"WooCommerce'i tellimus - korduv makse - WooCommercei plugin","isPartOf":{"@id":"https:\/\/woo-themes-plugins.com\/it\/#website"},"primaryImageOfPage":{"@id":"https:\/\/woo-themes-plugins.com\/et\/toode\/woocommercei-tellimus-korduv-makse-woocommercei-plugin\/#primaryimage"},"image":{"@id":"https:\/\/woo-themes-plugins.com\/et\/toode\/woocommercei-tellimus-korduv-makse-woocommercei-plugin\/#primaryimage"},"thumbnailUrl":"https:\/\/woo-themes-plugins.com\/wp-content\/uploads\/sites\/7\/2018\/03\/woo-themes-plugins_woocommerce-subscription-payement.jpg","datePublished":"2018-03-26T04:32:48+00:00","dateModified":"2018-04-09T17:05:30+00:00","description":"WooCommercei pistikprogramm, mille abil saate hallata korduvaid makseid teie e-kaubanduse saidil, v\u00f5i \u00f6elnud teisiti, v\u00f5imaldab see plugin teil oma WooCommerce'i saidil tellida.","breadcrumb":{"@id":"https:\/\/woo-themes-plugins.com\/et\/toode\/woocommercei-tellimus-korduv-makse-woocommercei-plugin\/#breadcrumb"},"inLanguage":"et","potentialAction":[{"@type":"ReadAction","target":["https:\/\/woo-themes-plugins.com\/et\/toode\/woocommercei-tellimus-korduv-makse-woocommercei-plugin\/"]}]},{"@type":"ImageObject","inLanguage":"et","@id":"https:\/\/woo-themes-plugins.com\/et\/toode\/woocommercei-tellimus-korduv-makse-woocommercei-plugin\/#primaryimage","url":"https:\/\/woo-themes-plugins.com\/wp-content\/uploads\/sites\/7\/2018\/03\/woo-themes-plugins_woocommerce-subscription-payement.jpg","contentUrl":"https:\/\/woo-themes-plugins.com\/wp-content\/uploads\/sites\/7\/2018\/03\/woo-themes-plugins_woocommerce-subscription-payement.jpg","width":900,"height":900},{"@type":"BreadcrumbList","@id":"https:\/\/woo-themes-plugins.com\/et\/toode\/woocommercei-tellimus-korduv-makse-woocommercei-plugin\/#breadcrumb","itemListElement":[{"@type":"ListItem","position":1,"name":"Accueil","item":"https:\/\/woo-themes-plugins.com\/fr\/"},{"@type":"ListItem","position":2,"name":"Shop","item":"https:\/\/woo-themes-plugins.com\/shop\/"},{"@type":"ListItem","position":3,"name":"WooCommerce&#8217;i tellimus &#8211; korduv makse &#8211; WooCommercei plugin"}]},{"@type":"WebSite","@id":"https:\/\/woo-themes-plugins.com\/it\/#website","url":"https:\/\/woo-themes-plugins.com\/it\/","name":"Woo-themes-plugins.com","description":"Tous les th\u00e8mes et plugins WooCommerce Premium","potentialAction":[{"@type":"SearchAction","target":{"@type":"EntryPoint","urlTemplate":"https:\/\/woo-themes-plugins.com\/it\/?s={search_term_string}"},"query-input":"required name=search_term_string"}],"inLanguage":"et"}]}},"_links":{"self":[{"href":"https:\/\/woo-themes-plugins.com\/et\/wp-json\/wp\/v2\/product\/2885","targetHints":{"allow":["GET"]}}],"collection":[{"href":"https:\/\/woo-themes-plugins.com\/et\/wp-json\/wp\/v2\/product"}],"about":[{"href":"https:\/\/woo-themes-plugins.com\/et\/wp-json\/wp\/v2\/types\/product"}],"wp:featuredmedia":[{"embeddable":true,"href":"https:\/\/woo-themes-plugins.com\/et\/wp-json\/wp\/v2\/media\/2399"}],"wp:attachment":[{"href":"https:\/\/woo-themes-plugins.com\/et\/wp-json\/wp\/v2\/media?parent=2885"}],"wp:term":[{"taxonomy":"product_cat","embeddable":true,"href":"https:\/\/woo-themes-plugins.com\/et\/wp-json\/wp\/v2\/product_cat?post=2885"},{"taxonomy":"product_tag","embeddable":true,"href":"https:\/\/woo-themes-plugins.com\/et\/wp-json\/wp\/v2\/product_tag?post=2885"}],"curies":[{"name":"wp","href":"https:\/\/api.w.org\/{rel}","templated":true}]}}