{"id":2886,"date":"2018-03-24T07:06:49","date_gmt":"2018-03-24T06:06:49","guid":{"rendered":"https:\/\/woo-themes-plugins.com\/product\/toote-lisandmoodulid-kliendi-kohandatav-toode-woocommercei-plugin\/"},"modified":"2018-03-24T07:06:49","modified_gmt":"2018-03-24T06:06:49","slug":"toote-lisandmoodulid-kliendi-kohandatav-toode-woocommercei-plugin","status":"publish","type":"product","link":"https:\/\/woo-themes-plugins.com\/et\/product\/toote-lisandmoodulid-kliendi-kohandatav-toode-woocommercei-plugin\/","title":{"rendered":"Toote lisandmoodulid &#8211; kliendi kohandatav toode &#8211; WooCommercei plugin"},"content":{"rendered":"<p><span id=\"result_box\" class=\"\" lang=\"et\"><span title=\"Product add-ons est un plugin officiel WooCommerce qui permettra \u00e0 tes clients de personnaliser leurs produits en ajoutant de nouvelles options comme un champ texte, une liste d\u00e9roulante de choix ou encore des choix par boutons radios.\">Toote lisandmoodulid on ametlik plugin WooCommerce, mis v\u00f5imaldab oma klientidele kohandada oma tooteid lisades uusi funktsioone, nagu tekstiv\u00e4ljal rippmen\u00fc\u00fc valikute loendist v\u00f5i valikuid raadio nupud. <\/span><span title=\"Cette extension WooCommerce a \u00e9t\u00e9 pr\u00e9vue pour rendre de nombreux services comme par exemple l'ajout d'un message, une donation, un texte ou une image \u00e0 graver au laser sur un produit, un message \u00e0 imprimer sur un t-shirt...\">See WooCommerce pikendamise pidi tegema palju teenuseid, nagu lisades s\u00f5num, kingitus, teksti v\u00f5i pildi lasergraveerimine toode, s\u00f5numi tr\u00fckitakse T-s\u00e4rk &#8230; <\/span><span title=\"la liste est longue.\">nimekiri on pikk. <\/span><span title=\"Ce plugin WooCommerce sera particuli\u00e8rement utile lorsque ton produit n\u00e9cessitera une entr\u00e9e de la part de ton client.\n\n\">See WooCommercei pistikprogramm on eriti kasulik, kui teie toode vajab teie kliendilt sisestamist.<\/p>\n<p><\/span><span title=\"Cette extension WooCommerce supporte diff\u00e9rents types de champs comme les champs texte, les s\u00e9lections multiples, les s\u00e9lections par radio boutons, un champ prix libre ou encore un champ d'envoi de fichier par le client.\n\n\">WooCommerce See laiendus toetab erinevates valdkondades, n\u00e4iteks teksti v\u00e4ljad, mitu valikut, valik raadionuppu, tasuta hinna valdkonnas v\u00f5i faili \u00fcleslaadimise valdkonnas kliendi poolt.<\/p>\n<p><\/span><span title=\"Product Add-ons peut \u00eatre activ\u00e9 pour toute ta boutique WooCommerce ou seulement sur des produits cibl\u00e9s.\">Toote lisandmooduleid saab aktiveerida kogu teie WooCommerce&#8217;i kaupluse v\u00f5i ainult sihtotstarbeliste toodete jaoks. <\/span><span title=\"Pratique.\">Praktika. <\/span><span title=\"Bien entendu, cette extension est compatible avec WooCommerce Subscription, l'un des plugins phare de WooCommerce.\n\n\">Muidugi, see laiendus on koosk\u00f5las WooCommerce Tellimus \u00fcks lipulaev WooCommerce pluginad.<\/p>\n<p><\/span><span title=\"Une fois le plugin activ\u00e9 et configur\u00e9, les nouveaux champs apparaitrons juste en dessous de la description courte, avant le bouton d'ajout au panier.\">Kui plugin on lubatud ja konfigureeritud, uus v\u00e4ljad ilmuvad tulevad veidi alla l\u00fchike kirjeldus, enne add korvi nuppu.<\/span><\/span><\/p>\n","protected":false},"excerpt":{"rendered":"<p><span id=\"result_box\" class=\"\" lang=\"et\">WooCommerce.com poolt v\u00e4lja t\u00f6\u00f6tatud lisandmoodulid, mis v\u00f5imaldavad teil oma toodete aladele lisada, mida teie klient peab kohandamiseks kohandama. P\u00f5him\u00f5tteliselt, kui teil on toode ja te ettepaneku sisestada, tr\u00fckkida, joonistada, printida s\u00f5numit v\u00f5i pilti, siis on see vajalik plugin.<\/span><\/p>\n","protected":false},"featured_media":2887,"template":"","meta":{"_monsterinsights_skip_tracking":false,"_monsterinsights_sitenote_active":false,"_monsterinsights_sitenote_note":"","_monsterinsights_sitenote_category":0},"product_cat":[204],"product_tag":[825],"class_list":["post-2886","product","type-product","status-publish","has-post-thumbnail","hentry","product_cat-plugin-woocommerce-et","product_tag-lahenduse-maksmine-woocommerce","pa_dev-woo-plugin-theme-woocommerce-et","pa_marketplace-woocommerce-woocommerce-com-et"],"yoast_head":"<!-- This site is optimized with the Yoast SEO plugin v23.1 - https:\/\/yoast.com\/wordpress\/plugins\/seo\/ -->\n<title>Amazon Pay - WooCommerce makseviis - WooCommerce plugin<\/title>\n<meta name=\"description\" content=\"Strobi makselahenduse haldamiseks WooCommercei pistikprogramm.\" \/>\n<meta name=\"robots\" content=\"index, follow, max-snippet:-1, max-image-preview:large, max-video-preview:-1\" \/>\n<link rel=\"canonical\" href=\"https:\/\/woo-themes-plugins.com\/et\/toode\/toote-lisandmoodulid-kliendi-kohandatav-toode-woocommercei-plugin\/\" \/>\n<meta property=\"og:locale\" content=\"et_EE\" \/>\n<meta property=\"og:type\" content=\"article\" \/>\n<meta property=\"og:title\" content=\"Amazon Pay - WooCommerce makseviis - WooCommerce plugin\" \/>\n<meta property=\"og:description\" content=\"Strobi makselahenduse haldamiseks WooCommercei pistikprogramm.\" \/>\n<meta property=\"og:url\" content=\"https:\/\/woo-themes-plugins.com\/et\/toode\/toote-lisandmoodulid-kliendi-kohandatav-toode-woocommercei-plugin\/\" \/>\n<meta property=\"og:site_name\" content=\"Woo-themes-plugins.com\" \/>\n<meta property=\"og:image\" content=\"https:\/\/woo-themes-plugins.com\/wp-content\/uploads\/sites\/7\/2018\/03\/product-add-ons-woocommerce.jpg\" \/>\n\t<meta property=\"og:image:width\" content=\"1024\" \/>\n\t<meta property=\"og:image:height\" content=\"512\" \/>\n\t<meta property=\"og:image:type\" content=\"image\/jpeg\" \/>\n<meta name=\"twitter:label1\" content=\"Est. reading time\" \/>\n\t<meta name=\"twitter:data1\" content=\"1 minut\" \/>\n<script type=\"application\/ld+json\" class=\"yoast-schema-graph\">{\"@context\":\"https:\/\/schema.org\",\"@graph\":[{\"@type\":\"WebPage\",\"@id\":\"https:\/\/woo-themes-plugins.com\/et\/toode\/toote-lisandmoodulid-kliendi-kohandatav-toode-woocommercei-plugin\/\",\"url\":\"https:\/\/woo-themes-plugins.com\/et\/toode\/toote-lisandmoodulid-kliendi-kohandatav-toode-woocommercei-plugin\/\",\"name\":\"Amazon Pay - WooCommerce makseviis - WooCommerce plugin\",\"isPartOf\":{\"@id\":\"https:\/\/woo-themes-plugins.com\/it\/#website\"},\"primaryImageOfPage\":{\"@id\":\"https:\/\/woo-themes-plugins.com\/et\/toode\/toote-lisandmoodulid-kliendi-kohandatav-toode-woocommercei-plugin\/#primaryimage\"},\"image\":{\"@id\":\"https:\/\/woo-themes-plugins.com\/et\/toode\/toote-lisandmoodulid-kliendi-kohandatav-toode-woocommercei-plugin\/#primaryimage\"},\"thumbnailUrl\":\"https:\/\/woo-themes-plugins.com\/wp-content\/uploads\/sites\/7\/2018\/03\/product-add-ons-woocommerce.jpg\",\"datePublished\":\"2018-03-24T06:06:49+00:00\",\"dateModified\":\"2018-03-24T06:06:49+00:00\",\"description\":\"Strobi makselahenduse haldamiseks WooCommercei pistikprogramm.\",\"breadcrumb\":{\"@id\":\"https:\/\/woo-themes-plugins.com\/et\/toode\/toote-lisandmoodulid-kliendi-kohandatav-toode-woocommercei-plugin\/#breadcrumb\"},\"inLanguage\":\"et\",\"potentialAction\":[{\"@type\":\"ReadAction\",\"target\":[\"https:\/\/woo-themes-plugins.com\/et\/toode\/toote-lisandmoodulid-kliendi-kohandatav-toode-woocommercei-plugin\/\"]}]},{\"@type\":\"ImageObject\",\"inLanguage\":\"et\",\"@id\":\"https:\/\/woo-themes-plugins.com\/et\/toode\/toote-lisandmoodulid-kliendi-kohandatav-toode-woocommercei-plugin\/#primaryimage\",\"url\":\"https:\/\/woo-themes-plugins.com\/wp-content\/uploads\/sites\/7\/2018\/03\/product-add-ons-woocommerce.jpg\",\"contentUrl\":\"https:\/\/woo-themes-plugins.com\/wp-content\/uploads\/sites\/7\/2018\/03\/product-add-ons-woocommerce.jpg\",\"width\":1024,\"height\":512},{\"@type\":\"BreadcrumbList\",\"@id\":\"https:\/\/woo-themes-plugins.com\/et\/toode\/toote-lisandmoodulid-kliendi-kohandatav-toode-woocommercei-plugin\/#breadcrumb\",\"itemListElement\":[{\"@type\":\"ListItem\",\"position\":1,\"name\":\"Accueil\",\"item\":\"https:\/\/woo-themes-plugins.com\/fr\/\"},{\"@type\":\"ListItem\",\"position\":2,\"name\":\"Shop\",\"item\":\"https:\/\/woo-themes-plugins.com\/shop\/\"},{\"@type\":\"ListItem\",\"position\":3,\"name\":\"Toote lisandmoodulid &#8211; kliendi kohandatav toode &#8211; WooCommercei plugin\"}]},{\"@type\":\"WebSite\",\"@id\":\"https:\/\/woo-themes-plugins.com\/it\/#website\",\"url\":\"https:\/\/woo-themes-plugins.com\/it\/\",\"name\":\"Woo-themes-plugins.com\",\"description\":\"Tous les th\u00e8mes et plugins WooCommerce Premium\",\"potentialAction\":[{\"@type\":\"SearchAction\",\"target\":{\"@type\":\"EntryPoint\",\"urlTemplate\":\"https:\/\/woo-themes-plugins.com\/it\/?s={search_term_string}\"},\"query-input\":\"required name=search_term_string\"}],\"inLanguage\":\"et\"}]}<\/script>\n<!-- \/ Yoast SEO plugin. -->","yoast_head_json":{"title":"Amazon Pay - WooCommerce makseviis - WooCommerce plugin","description":"Strobi makselahenduse haldamiseks WooCommercei pistikprogramm.","robots":{"index":"index","follow":"follow","max-snippet":"max-snippet:-1","max-image-preview":"max-image-preview:large","max-video-preview":"max-video-preview:-1"},"canonical":"https:\/\/woo-themes-plugins.com\/et\/toode\/toote-lisandmoodulid-kliendi-kohandatav-toode-woocommercei-plugin\/","og_locale":"et_EE","og_type":"article","og_title":"Amazon Pay - WooCommerce makseviis - WooCommerce plugin","og_description":"Strobi makselahenduse haldamiseks WooCommercei pistikprogramm.","og_url":"https:\/\/woo-themes-plugins.com\/et\/toode\/toote-lisandmoodulid-kliendi-kohandatav-toode-woocommercei-plugin\/","og_site_name":"Woo-themes-plugins.com","og_image":[{"width":1024,"height":512,"url":"https:\/\/woo-themes-plugins.com\/wp-content\/uploads\/sites\/7\/2018\/03\/product-add-ons-woocommerce.jpg","type":"image\/jpeg"}],"twitter_misc":{"Est. reading time":"1 minut"},"schema":{"@context":"https:\/\/schema.org","@graph":[{"@type":"WebPage","@id":"https:\/\/woo-themes-plugins.com\/et\/toode\/toote-lisandmoodulid-kliendi-kohandatav-toode-woocommercei-plugin\/","url":"https:\/\/woo-themes-plugins.com\/et\/toode\/toote-lisandmoodulid-kliendi-kohandatav-toode-woocommercei-plugin\/","name":"Amazon Pay - WooCommerce makseviis - WooCommerce plugin","isPartOf":{"@id":"https:\/\/woo-themes-plugins.com\/it\/#website"},"primaryImageOfPage":{"@id":"https:\/\/woo-themes-plugins.com\/et\/toode\/toote-lisandmoodulid-kliendi-kohandatav-toode-woocommercei-plugin\/#primaryimage"},"image":{"@id":"https:\/\/woo-themes-plugins.com\/et\/toode\/toote-lisandmoodulid-kliendi-kohandatav-toode-woocommercei-plugin\/#primaryimage"},"thumbnailUrl":"https:\/\/woo-themes-plugins.com\/wp-content\/uploads\/sites\/7\/2018\/03\/product-add-ons-woocommerce.jpg","datePublished":"2018-03-24T06:06:49+00:00","dateModified":"2018-03-24T06:06:49+00:00","description":"Strobi makselahenduse haldamiseks WooCommercei pistikprogramm.","breadcrumb":{"@id":"https:\/\/woo-themes-plugins.com\/et\/toode\/toote-lisandmoodulid-kliendi-kohandatav-toode-woocommercei-plugin\/#breadcrumb"},"inLanguage":"et","potentialAction":[{"@type":"ReadAction","target":["https:\/\/woo-themes-plugins.com\/et\/toode\/toote-lisandmoodulid-kliendi-kohandatav-toode-woocommercei-plugin\/"]}]},{"@type":"ImageObject","inLanguage":"et","@id":"https:\/\/woo-themes-plugins.com\/et\/toode\/toote-lisandmoodulid-kliendi-kohandatav-toode-woocommercei-plugin\/#primaryimage","url":"https:\/\/woo-themes-plugins.com\/wp-content\/uploads\/sites\/7\/2018\/03\/product-add-ons-woocommerce.jpg","contentUrl":"https:\/\/woo-themes-plugins.com\/wp-content\/uploads\/sites\/7\/2018\/03\/product-add-ons-woocommerce.jpg","width":1024,"height":512},{"@type":"BreadcrumbList","@id":"https:\/\/woo-themes-plugins.com\/et\/toode\/toote-lisandmoodulid-kliendi-kohandatav-toode-woocommercei-plugin\/#breadcrumb","itemListElement":[{"@type":"ListItem","position":1,"name":"Accueil","item":"https:\/\/woo-themes-plugins.com\/fr\/"},{"@type":"ListItem","position":2,"name":"Shop","item":"https:\/\/woo-themes-plugins.com\/shop\/"},{"@type":"ListItem","position":3,"name":"Toote lisandmoodulid &#8211; kliendi kohandatav toode &#8211; WooCommercei plugin"}]},{"@type":"WebSite","@id":"https:\/\/woo-themes-plugins.com\/it\/#website","url":"https:\/\/woo-themes-plugins.com\/it\/","name":"Woo-themes-plugins.com","description":"Tous les th\u00e8mes et plugins WooCommerce Premium","potentialAction":[{"@type":"SearchAction","target":{"@type":"EntryPoint","urlTemplate":"https:\/\/woo-themes-plugins.com\/it\/?s={search_term_string}"},"query-input":"required name=search_term_string"}],"inLanguage":"et"}]}},"_links":{"self":[{"href":"https:\/\/woo-themes-plugins.com\/et\/wp-json\/wp\/v2\/product\/2886","targetHints":{"allow":["GET"]}}],"collection":[{"href":"https:\/\/woo-themes-plugins.com\/et\/wp-json\/wp\/v2\/product"}],"about":[{"href":"https:\/\/woo-themes-plugins.com\/et\/wp-json\/wp\/v2\/types\/product"}],"wp:featuredmedia":[{"embeddable":true,"href":"https:\/\/woo-themes-plugins.com\/et\/wp-json\/wp\/v2\/media\/2887"}],"wp:attachment":[{"href":"https:\/\/woo-themes-plugins.com\/et\/wp-json\/wp\/v2\/media?parent=2886"}],"wp:term":[{"taxonomy":"product_cat","embeddable":true,"href":"https:\/\/woo-themes-plugins.com\/et\/wp-json\/wp\/v2\/product_cat?post=2886"},{"taxonomy":"product_tag","embeddable":true,"href":"https:\/\/woo-themes-plugins.com\/et\/wp-json\/wp\/v2\/product_tag?post=2886"}],"curies":[{"name":"wp","href":"https:\/\/api.w.org\/{rel}","templated":true}]}}