{"id":2888,"date":"2018-03-24T06:59:20","date_gmt":"2018-03-24T05:59:20","guid":{"rendered":"https:\/\/woo-themes-plugins.com\/product\/facebook-for-woocommerce-sotsiaalse-vorgustiku-plugin-woocommerce-plugin\/"},"modified":"2018-03-24T06:59:20","modified_gmt":"2018-03-24T05:59:20","slug":"facebook-for-woocommerce-sotsiaalse-vorgustiku-plugin-woocommerce-plugin","status":"publish","type":"product","link":"https:\/\/woo-themes-plugins.com\/et\/product\/facebook-for-woocommerce-sotsiaalse-vorgustiku-plugin-woocommerce-plugin\/","title":{"rendered":"Facebook for WooCommerce &#8211; Sotsiaalse v\u00f5rgustiku plugin &#8211; WooCommerce plugin"},"content":{"rendered":"<p><span id=\"result_box\" class=\"\" lang=\"et\"><span title=\"Ce plugin WooCommerce Facebook va te permettre d'ajouter un l\u00e9vier de vente important \u00e0 ton site WooCommerce : la gestion simple de ta page Facebook.\n\n\">See WooCommerce&#8217;i Facebooki pistikprogramm v\u00f5imaldab teil oma WooCommerce&#8217;i saidile lisada t\u00e4htsa m\u00fc\u00fcgiv\u00f5tja: lihtsa Facebooki lehe haldamise.<\/p>\n<p><\/span><span title=\"Avec ce plugin, tu vas pouvoir r\u00e9aliser deux choses importantes : Partager tes produits simplement par WordPress sur Facebook et te permettre de cr\u00e9er une page de type shop.\n\n\">Selle pistikprogrammiga saate saavutada kaks olulist asja: jagage oma tooteid lihtsalt WordPressiga Facebookis ja saate luua poe t\u00fc\u00fcbi lehe.<\/p>\n<p><\/span><span title=\"Faire du marketing sur Facebook c'est s'offrir la possibilit\u00e9 d'atteindre des clients qui n'auraient jamais eu connaissance de notre site autrement.\">Facebookis turunduse eesm\u00e4rk on pakkuda klientidele v\u00f5imalust j\u00f5uda klientideni, kes muidu ei tunneks meie saidil kunagi teada. <\/span><span title=\"Avec l'extension Facebook Ads la t\u00e2che de ciblage de ton futur auditoire s'en trouvera fortement simplifi\u00e9.\">Facebooki reklaamide laiendusega lihtsustatakse teie tulevase vaatajaskonna sihtimist. <\/span><span title=\"Cela te permettra de maximiser les performances de ta campagne Facebook, de trouver de nouveaux clients et de suivre la progression et de calculer le r\u00e9sultat final.\n\n\">See v\u00f5imaldab teil Facebooki kampaania tulemusi maksimeerida, leida uusi kliente ja j\u00e4lgida edusamme ning arvutada l\u00f5pptulemus.<\/p>\n<p><\/span><span title=\"Pour ce qui est de la cr\u00e9ation d'une r\u00e9plication de sa boutique WooCommerce sur Facebook, ce plugin va te permettre de soumettre tout ton catalogue en un seul clic.\">Facebooki WooCommerce poe replikatsiooni loomisega saab see plugin v\u00f5imaldada teil kogu kataloogi \u00fche hiirekl\u00f5psuga esitada. <\/span><span title=\"Avec cette extension WooCommerce, ta boutique en ligne va s'ouvrir \u00e0 des milliers de nouveaux clients.\">Selle WooCommercei laiendusega avaneb sinu poe tuhanded uued kliendid.<\/span><\/span><\/p>\n","protected":false},"excerpt":{"rendered":"<p><span id=\"result_box\" class=\"\" lang=\"et\"><span class=\"\">WooCommercei ametlik Facebooki plugin v\u00f5imaldab teil h\u00f5lpsasti oma e-kaubanduse poe WooCommercei oma Facebooki lehele \u00fchendada koos k\u00f5igi toredate funktsioonidega.<\/span><\/span><\/p>\n","protected":false},"featured_media":2889,"template":"","meta":{"_monsterinsights_skip_tracking":false,"_monsterinsights_sitenote_active":false,"_monsterinsights_sitenote_note":"","_monsterinsights_sitenote_category":0},"product_cat":[204],"product_tag":[825,856,803],"class_list":["post-2888","product","type-product","status-publish","has-post-thumbnail","hentry","product_cat-plugin-woocommerce-et","product_tag-lahenduse-maksmine-woocommerce","product_tag-olulised-woocommerce","product_tag-tasuta-woocommerce-laiendamine","pa_dev-woo-plugin-theme-facebook-et","pa_marketplace-woocommerce-woocommerce-com-et"],"yoast_head":"<!-- This site is optimized with the Yoast SEO plugin v23.1 - https:\/\/yoast.com\/wordpress\/plugins\/seo\/ -->\n<title>Facebook for WooCommerce - Sotsiaalse v\u00f5rgustiku plugin - WooCommerce plugin - Woo-themes-plugins.com<\/title>\n<meta name=\"robots\" content=\"index, follow, max-snippet:-1, max-image-preview:large, max-video-preview:-1\" \/>\n<link rel=\"canonical\" href=\"https:\/\/woo-themes-plugins.com\/et\/toode\/facebook-for-woocommerce-sotsiaalse-vorgustiku-plugin-woocommerce-plugin\/\" \/>\n<meta property=\"og:locale\" content=\"et_EE\" \/>\n<meta property=\"og:type\" content=\"article\" \/>\n<meta property=\"og:title\" content=\"Facebook for WooCommerce - Sotsiaalse v\u00f5rgustiku plugin - WooCommerce plugin - Woo-themes-plugins.com\" \/>\n<meta property=\"og:description\" content=\"WooCommercei ametlik Facebooki plugin v\u00f5imaldab teil h\u00f5lpsasti oma e-kaubanduse poe WooCommercei oma Facebooki lehele \u00fchendada koos k\u00f5igi toredate funktsioonidega.\" \/>\n<meta property=\"og:url\" content=\"https:\/\/woo-themes-plugins.com\/et\/toode\/facebook-for-woocommerce-sotsiaalse-vorgustiku-plugin-woocommerce-plugin\/\" \/>\n<meta property=\"og:site_name\" content=\"Woo-themes-plugins.com\" \/>\n<meta property=\"og:image\" content=\"https:\/\/woo-themes-plugins.com\/wp-content\/uploads\/sites\/7\/2018\/03\/Hacking-facebook-login.jpg\" \/>\n\t<meta property=\"og:image:width\" content=\"728\" \/>\n\t<meta property=\"og:image:height\" content=\"450\" \/>\n\t<meta property=\"og:image:type\" content=\"image\/jpeg\" \/>\n<meta name=\"twitter:label1\" content=\"Est. reading time\" \/>\n\t<meta name=\"twitter:data1\" content=\"1 minut\" \/>\n<script type=\"application\/ld+json\" class=\"yoast-schema-graph\">{\"@context\":\"https:\/\/schema.org\",\"@graph\":[{\"@type\":\"WebPage\",\"@id\":\"https:\/\/woo-themes-plugins.com\/et\/toode\/facebook-for-woocommerce-sotsiaalse-vorgustiku-plugin-woocommerce-plugin\/\",\"url\":\"https:\/\/woo-themes-plugins.com\/et\/toode\/facebook-for-woocommerce-sotsiaalse-vorgustiku-plugin-woocommerce-plugin\/\",\"name\":\"Facebook for WooCommerce - Sotsiaalse v\u00f5rgustiku plugin - WooCommerce plugin - Woo-themes-plugins.com\",\"isPartOf\":{\"@id\":\"https:\/\/woo-themes-plugins.com\/it\/#website\"},\"primaryImageOfPage\":{\"@id\":\"https:\/\/woo-themes-plugins.com\/et\/toode\/facebook-for-woocommerce-sotsiaalse-vorgustiku-plugin-woocommerce-plugin\/#primaryimage\"},\"image\":{\"@id\":\"https:\/\/woo-themes-plugins.com\/et\/toode\/facebook-for-woocommerce-sotsiaalse-vorgustiku-plugin-woocommerce-plugin\/#primaryimage\"},\"thumbnailUrl\":\"https:\/\/woo-themes-plugins.com\/wp-content\/uploads\/sites\/7\/2018\/03\/Hacking-facebook-login.jpg\",\"datePublished\":\"2018-03-24T05:59:20+00:00\",\"dateModified\":\"2018-03-24T05:59:20+00:00\",\"breadcrumb\":{\"@id\":\"https:\/\/woo-themes-plugins.com\/et\/toode\/facebook-for-woocommerce-sotsiaalse-vorgustiku-plugin-woocommerce-plugin\/#breadcrumb\"},\"inLanguage\":\"et\",\"potentialAction\":[{\"@type\":\"ReadAction\",\"target\":[\"https:\/\/woo-themes-plugins.com\/et\/toode\/facebook-for-woocommerce-sotsiaalse-vorgustiku-plugin-woocommerce-plugin\/\"]}]},{\"@type\":\"ImageObject\",\"inLanguage\":\"et\",\"@id\":\"https:\/\/woo-themes-plugins.com\/et\/toode\/facebook-for-woocommerce-sotsiaalse-vorgustiku-plugin-woocommerce-plugin\/#primaryimage\",\"url\":\"https:\/\/woo-themes-plugins.com\/wp-content\/uploads\/sites\/7\/2018\/03\/Hacking-facebook-login.jpg\",\"contentUrl\":\"https:\/\/woo-themes-plugins.com\/wp-content\/uploads\/sites\/7\/2018\/03\/Hacking-facebook-login.jpg\",\"width\":728,\"height\":450},{\"@type\":\"BreadcrumbList\",\"@id\":\"https:\/\/woo-themes-plugins.com\/et\/toode\/facebook-for-woocommerce-sotsiaalse-vorgustiku-plugin-woocommerce-plugin\/#breadcrumb\",\"itemListElement\":[{\"@type\":\"ListItem\",\"position\":1,\"name\":\"Accueil\",\"item\":\"https:\/\/woo-themes-plugins.com\/fr\/\"},{\"@type\":\"ListItem\",\"position\":2,\"name\":\"Shop\",\"item\":\"https:\/\/woo-themes-plugins.com\/shop\/\"},{\"@type\":\"ListItem\",\"position\":3,\"name\":\"Facebook for WooCommerce &#8211; Sotsiaalse v\u00f5rgustiku plugin &#8211; WooCommerce plugin\"}]},{\"@type\":\"WebSite\",\"@id\":\"https:\/\/woo-themes-plugins.com\/it\/#website\",\"url\":\"https:\/\/woo-themes-plugins.com\/it\/\",\"name\":\"Woo-themes-plugins.com\",\"description\":\"Tous les th\u00e8mes et plugins WooCommerce Premium\",\"potentialAction\":[{\"@type\":\"SearchAction\",\"target\":{\"@type\":\"EntryPoint\",\"urlTemplate\":\"https:\/\/woo-themes-plugins.com\/it\/?s={search_term_string}\"},\"query-input\":\"required name=search_term_string\"}],\"inLanguage\":\"et\"}]}<\/script>\n<!-- \/ Yoast SEO plugin. -->","yoast_head_json":{"title":"Facebook for WooCommerce - Sotsiaalse v\u00f5rgustiku plugin - WooCommerce plugin - Woo-themes-plugins.com","robots":{"index":"index","follow":"follow","max-snippet":"max-snippet:-1","max-image-preview":"max-image-preview:large","max-video-preview":"max-video-preview:-1"},"canonical":"https:\/\/woo-themes-plugins.com\/et\/toode\/facebook-for-woocommerce-sotsiaalse-vorgustiku-plugin-woocommerce-plugin\/","og_locale":"et_EE","og_type":"article","og_title":"Facebook for WooCommerce - Sotsiaalse v\u00f5rgustiku plugin - WooCommerce plugin - Woo-themes-plugins.com","og_description":"WooCommercei ametlik Facebooki plugin v\u00f5imaldab teil h\u00f5lpsasti oma e-kaubanduse poe WooCommercei oma Facebooki lehele \u00fchendada koos k\u00f5igi toredate funktsioonidega.","og_url":"https:\/\/woo-themes-plugins.com\/et\/toode\/facebook-for-woocommerce-sotsiaalse-vorgustiku-plugin-woocommerce-plugin\/","og_site_name":"Woo-themes-plugins.com","og_image":[{"width":728,"height":450,"url":"https:\/\/woo-themes-plugins.com\/wp-content\/uploads\/sites\/7\/2018\/03\/Hacking-facebook-login.jpg","type":"image\/jpeg"}],"twitter_misc":{"Est. reading time":"1 minut"},"schema":{"@context":"https:\/\/schema.org","@graph":[{"@type":"WebPage","@id":"https:\/\/woo-themes-plugins.com\/et\/toode\/facebook-for-woocommerce-sotsiaalse-vorgustiku-plugin-woocommerce-plugin\/","url":"https:\/\/woo-themes-plugins.com\/et\/toode\/facebook-for-woocommerce-sotsiaalse-vorgustiku-plugin-woocommerce-plugin\/","name":"Facebook for WooCommerce - Sotsiaalse v\u00f5rgustiku plugin - WooCommerce plugin - Woo-themes-plugins.com","isPartOf":{"@id":"https:\/\/woo-themes-plugins.com\/it\/#website"},"primaryImageOfPage":{"@id":"https:\/\/woo-themes-plugins.com\/et\/toode\/facebook-for-woocommerce-sotsiaalse-vorgustiku-plugin-woocommerce-plugin\/#primaryimage"},"image":{"@id":"https:\/\/woo-themes-plugins.com\/et\/toode\/facebook-for-woocommerce-sotsiaalse-vorgustiku-plugin-woocommerce-plugin\/#primaryimage"},"thumbnailUrl":"https:\/\/woo-themes-plugins.com\/wp-content\/uploads\/sites\/7\/2018\/03\/Hacking-facebook-login.jpg","datePublished":"2018-03-24T05:59:20+00:00","dateModified":"2018-03-24T05:59:20+00:00","breadcrumb":{"@id":"https:\/\/woo-themes-plugins.com\/et\/toode\/facebook-for-woocommerce-sotsiaalse-vorgustiku-plugin-woocommerce-plugin\/#breadcrumb"},"inLanguage":"et","potentialAction":[{"@type":"ReadAction","target":["https:\/\/woo-themes-plugins.com\/et\/toode\/facebook-for-woocommerce-sotsiaalse-vorgustiku-plugin-woocommerce-plugin\/"]}]},{"@type":"ImageObject","inLanguage":"et","@id":"https:\/\/woo-themes-plugins.com\/et\/toode\/facebook-for-woocommerce-sotsiaalse-vorgustiku-plugin-woocommerce-plugin\/#primaryimage","url":"https:\/\/woo-themes-plugins.com\/wp-content\/uploads\/sites\/7\/2018\/03\/Hacking-facebook-login.jpg","contentUrl":"https:\/\/woo-themes-plugins.com\/wp-content\/uploads\/sites\/7\/2018\/03\/Hacking-facebook-login.jpg","width":728,"height":450},{"@type":"BreadcrumbList","@id":"https:\/\/woo-themes-plugins.com\/et\/toode\/facebook-for-woocommerce-sotsiaalse-vorgustiku-plugin-woocommerce-plugin\/#breadcrumb","itemListElement":[{"@type":"ListItem","position":1,"name":"Accueil","item":"https:\/\/woo-themes-plugins.com\/fr\/"},{"@type":"ListItem","position":2,"name":"Shop","item":"https:\/\/woo-themes-plugins.com\/shop\/"},{"@type":"ListItem","position":3,"name":"Facebook for WooCommerce &#8211; Sotsiaalse v\u00f5rgustiku plugin &#8211; WooCommerce plugin"}]},{"@type":"WebSite","@id":"https:\/\/woo-themes-plugins.com\/it\/#website","url":"https:\/\/woo-themes-plugins.com\/it\/","name":"Woo-themes-plugins.com","description":"Tous les th\u00e8mes et plugins WooCommerce Premium","potentialAction":[{"@type":"SearchAction","target":{"@type":"EntryPoint","urlTemplate":"https:\/\/woo-themes-plugins.com\/it\/?s={search_term_string}"},"query-input":"required name=search_term_string"}],"inLanguage":"et"}]}},"_links":{"self":[{"href":"https:\/\/woo-themes-plugins.com\/et\/wp-json\/wp\/v2\/product\/2888","targetHints":{"allow":["GET"]}}],"collection":[{"href":"https:\/\/woo-themes-plugins.com\/et\/wp-json\/wp\/v2\/product"}],"about":[{"href":"https:\/\/woo-themes-plugins.com\/et\/wp-json\/wp\/v2\/types\/product"}],"wp:featuredmedia":[{"embeddable":true,"href":"https:\/\/woo-themes-plugins.com\/et\/wp-json\/wp\/v2\/media\/2889"}],"wp:attachment":[{"href":"https:\/\/woo-themes-plugins.com\/et\/wp-json\/wp\/v2\/media?parent=2888"}],"wp:term":[{"taxonomy":"product_cat","embeddable":true,"href":"https:\/\/woo-themes-plugins.com\/et\/wp-json\/wp\/v2\/product_cat?post=2888"},{"taxonomy":"product_tag","embeddable":true,"href":"https:\/\/woo-themes-plugins.com\/et\/wp-json\/wp\/v2\/product_tag?post=2888"}],"curies":[{"name":"wp","href":"https:\/\/api.w.org\/{rel}","templated":true}]}}