{"id":2890,"date":"2018-03-24T06:44:17","date_gmt":"2018-03-24T05:44:17","guid":{"rendered":"https:\/\/woo-themes-plugins.com\/product\/amazon-pay-woocommerce-makseviis-woocommerce-plugin\/"},"modified":"2018-03-24T06:44:17","modified_gmt":"2018-03-24T05:44:17","slug":"amazon-pay-woocommerce-makseviis-woocommerce-plugin","status":"publish","type":"product","link":"https:\/\/woo-themes-plugins.com\/et\/product\/amazon-pay-woocommerce-makseviis-woocommerce-plugin\/","title":{"rendered":"Amazon Pay &#8211; WooCommerce makseviis &#8211; WooCommerce plugin"},"content":{"rendered":"<p><span id=\"result_box\" class=\"\" lang=\"et\">See Amazon Pay WooCommercei pistikprogramm v\u00f5imaldab miljonitel Amazoni klientidel kasutada oma kliendikonto teavet &#8211; makse- ja laevandusinfot &#8211; otse oma e-kaubanduse saidil.<\/p>\n<p>Selle WooCommercei pistikprogrammiga on teie klientidel vaja ainult oma Amazoni ID abil oma saiti \u00fchendada ja k\u00f5ik muu t\u00e4iendab neid automaatselt. See plugin toob kasulikku kliendikogemust kliendikasutuse ajal, mis on teadaolevalt selle e-kaubanduse saidi koht, kus me kaotame k\u00f5ige rohkem kliente.<\/p>\n<p><span class=\"\">Lisaks sellele v\u00f5imaldab see Amazon plugin teil kasutada t\u00e4iendavaid funktsioone, nagu n\u00e4iteks:<\/span><\/p>\n<p><span class=\"\">Amazoni pettusevastane kaitse<\/span><br \/>\nAmazon Paymentsile saadetud tellimused<br \/>\n<span class=\"\">Vidin kohandatud mobiiltelefonidele ja tahvelarvutitele<\/span><br \/>\n<span class=\"\">Kliendid viibivad saidil kogu v\u00e4ljalennul<\/span><br \/>\n<span class=\"\">Tugiteemaks korduvate maksete tegemiseks t\u00e4nu WooCommercei tellimuste pluginale<\/span><\/span><\/p>\n","protected":false},"excerpt":{"rendered":"<p><span id=\"result_box\" class=\"\" lang=\"et\">Amazon Payi pistikprogramm v\u00f5imaldab integreerida samanimelise makselahenduse oma e-kaubanduse WooCommerce saidil.<\/span><\/p>\n","protected":false},"featured_media":2891,"template":"","meta":{"_monsterinsights_skip_tracking":false,"_monsterinsights_sitenote_active":false,"_monsterinsights_sitenote_note":"","_monsterinsights_sitenote_category":0},"product_cat":[204],"product_tag":[825,803],"class_list":["post-2890","product","type-product","status-publish","has-post-thumbnail","hentry","product_cat-plugin-woocommerce-et","product_tag-lahenduse-maksmine-woocommerce","product_tag-tasuta-woocommerce-laiendamine","pa_dev-woo-plugin-theme-woocommerce-et","pa_marketplace-woocommerce-woocommerce-com-et"],"yoast_head":"<!-- This site is optimized with the Yoast SEO plugin v23.1 - https:\/\/yoast.com\/wordpress\/plugins\/seo\/ -->\n<title>Amazon Pay - WooCommerce makseviis - WooCommerce plugin<\/title>\n<meta name=\"description\" content=\"Strobi makselahenduse haldamiseks WooCommercei pistikprogramm.\" \/>\n<meta name=\"robots\" content=\"index, follow, max-snippet:-1, max-image-preview:large, max-video-preview:-1\" \/>\n<link rel=\"canonical\" href=\"https:\/\/woo-themes-plugins.com\/et\/toode\/amazon-pay-woocommerce-makseviis-woocommerce-plugin\/\" \/>\n<meta property=\"og:locale\" content=\"et_EE\" \/>\n<meta property=\"og:type\" content=\"article\" \/>\n<meta property=\"og:title\" content=\"Amazon Pay - WooCommerce makseviis - WooCommerce plugin\" \/>\n<meta property=\"og:description\" content=\"Strobi makselahenduse haldamiseks WooCommercei pistikprogramm.\" \/>\n<meta property=\"og:url\" content=\"https:\/\/woo-themes-plugins.com\/et\/toode\/amazon-pay-woocommerce-makseviis-woocommerce-plugin\/\" \/>\n<meta property=\"og:site_name\" content=\"Woo-themes-plugins.com\" \/>\n<meta property=\"og:image\" content=\"https:\/\/woo-themes-plugins.com\/wp-content\/uploads\/sites\/7\/2018\/03\/Amazon-pay.png\" \/>\n\t<meta property=\"og:image:width\" content=\"800\" \/>\n\t<meta property=\"og:image:height\" content=\"600\" \/>\n\t<meta property=\"og:image:type\" content=\"image\/png\" \/>\n<meta name=\"twitter:label1\" content=\"Est. reading time\" \/>\n\t<meta name=\"twitter:data1\" content=\"1 minut\" \/>\n<script type=\"application\/ld+json\" class=\"yoast-schema-graph\">{\"@context\":\"https:\/\/schema.org\",\"@graph\":[{\"@type\":\"WebPage\",\"@id\":\"https:\/\/woo-themes-plugins.com\/et\/toode\/amazon-pay-woocommerce-makseviis-woocommerce-plugin\/\",\"url\":\"https:\/\/woo-themes-plugins.com\/et\/toode\/amazon-pay-woocommerce-makseviis-woocommerce-plugin\/\",\"name\":\"Amazon Pay - WooCommerce makseviis - WooCommerce plugin\",\"isPartOf\":{\"@id\":\"https:\/\/woo-themes-plugins.com\/it\/#website\"},\"primaryImageOfPage\":{\"@id\":\"https:\/\/woo-themes-plugins.com\/et\/toode\/amazon-pay-woocommerce-makseviis-woocommerce-plugin\/#primaryimage\"},\"image\":{\"@id\":\"https:\/\/woo-themes-plugins.com\/et\/toode\/amazon-pay-woocommerce-makseviis-woocommerce-plugin\/#primaryimage\"},\"thumbnailUrl\":\"https:\/\/woo-themes-plugins.com\/wp-content\/uploads\/sites\/7\/2018\/03\/Amazon-pay.png\",\"datePublished\":\"2018-03-24T05:44:17+00:00\",\"dateModified\":\"2018-03-24T05:44:17+00:00\",\"description\":\"Strobi makselahenduse haldamiseks WooCommercei pistikprogramm.\",\"breadcrumb\":{\"@id\":\"https:\/\/woo-themes-plugins.com\/et\/toode\/amazon-pay-woocommerce-makseviis-woocommerce-plugin\/#breadcrumb\"},\"inLanguage\":\"et\",\"potentialAction\":[{\"@type\":\"ReadAction\",\"target\":[\"https:\/\/woo-themes-plugins.com\/et\/toode\/amazon-pay-woocommerce-makseviis-woocommerce-plugin\/\"]}]},{\"@type\":\"ImageObject\",\"inLanguage\":\"et\",\"@id\":\"https:\/\/woo-themes-plugins.com\/et\/toode\/amazon-pay-woocommerce-makseviis-woocommerce-plugin\/#primaryimage\",\"url\":\"https:\/\/woo-themes-plugins.com\/wp-content\/uploads\/sites\/7\/2018\/03\/Amazon-pay.png\",\"contentUrl\":\"https:\/\/woo-themes-plugins.com\/wp-content\/uploads\/sites\/7\/2018\/03\/Amazon-pay.png\",\"width\":800,\"height\":600},{\"@type\":\"BreadcrumbList\",\"@id\":\"https:\/\/woo-themes-plugins.com\/et\/toode\/amazon-pay-woocommerce-makseviis-woocommerce-plugin\/#breadcrumb\",\"itemListElement\":[{\"@type\":\"ListItem\",\"position\":1,\"name\":\"Accueil\",\"item\":\"https:\/\/woo-themes-plugins.com\/fr\/\"},{\"@type\":\"ListItem\",\"position\":2,\"name\":\"Shop\",\"item\":\"https:\/\/woo-themes-plugins.com\/shop\/\"},{\"@type\":\"ListItem\",\"position\":3,\"name\":\"Amazon Pay &#8211; WooCommerce makseviis &#8211; WooCommerce plugin\"}]},{\"@type\":\"WebSite\",\"@id\":\"https:\/\/woo-themes-plugins.com\/it\/#website\",\"url\":\"https:\/\/woo-themes-plugins.com\/it\/\",\"name\":\"Woo-themes-plugins.com\",\"description\":\"Tous les th\u00e8mes et plugins WooCommerce Premium\",\"potentialAction\":[{\"@type\":\"SearchAction\",\"target\":{\"@type\":\"EntryPoint\",\"urlTemplate\":\"https:\/\/woo-themes-plugins.com\/it\/?s={search_term_string}\"},\"query-input\":\"required name=search_term_string\"}],\"inLanguage\":\"et\"}]}<\/script>\n<!-- \/ Yoast SEO plugin. -->","yoast_head_json":{"title":"Amazon Pay - WooCommerce makseviis - WooCommerce plugin","description":"Strobi makselahenduse haldamiseks WooCommercei pistikprogramm.","robots":{"index":"index","follow":"follow","max-snippet":"max-snippet:-1","max-image-preview":"max-image-preview:large","max-video-preview":"max-video-preview:-1"},"canonical":"https:\/\/woo-themes-plugins.com\/et\/toode\/amazon-pay-woocommerce-makseviis-woocommerce-plugin\/","og_locale":"et_EE","og_type":"article","og_title":"Amazon Pay - WooCommerce makseviis - WooCommerce plugin","og_description":"Strobi makselahenduse haldamiseks WooCommercei pistikprogramm.","og_url":"https:\/\/woo-themes-plugins.com\/et\/toode\/amazon-pay-woocommerce-makseviis-woocommerce-plugin\/","og_site_name":"Woo-themes-plugins.com","og_image":[{"width":800,"height":600,"url":"https:\/\/woo-themes-plugins.com\/wp-content\/uploads\/sites\/7\/2018\/03\/Amazon-pay.png","type":"image\/png"}],"twitter_misc":{"Est. reading time":"1 minut"},"schema":{"@context":"https:\/\/schema.org","@graph":[{"@type":"WebPage","@id":"https:\/\/woo-themes-plugins.com\/et\/toode\/amazon-pay-woocommerce-makseviis-woocommerce-plugin\/","url":"https:\/\/woo-themes-plugins.com\/et\/toode\/amazon-pay-woocommerce-makseviis-woocommerce-plugin\/","name":"Amazon Pay - WooCommerce makseviis - WooCommerce plugin","isPartOf":{"@id":"https:\/\/woo-themes-plugins.com\/it\/#website"},"primaryImageOfPage":{"@id":"https:\/\/woo-themes-plugins.com\/et\/toode\/amazon-pay-woocommerce-makseviis-woocommerce-plugin\/#primaryimage"},"image":{"@id":"https:\/\/woo-themes-plugins.com\/et\/toode\/amazon-pay-woocommerce-makseviis-woocommerce-plugin\/#primaryimage"},"thumbnailUrl":"https:\/\/woo-themes-plugins.com\/wp-content\/uploads\/sites\/7\/2018\/03\/Amazon-pay.png","datePublished":"2018-03-24T05:44:17+00:00","dateModified":"2018-03-24T05:44:17+00:00","description":"Strobi makselahenduse haldamiseks WooCommercei pistikprogramm.","breadcrumb":{"@id":"https:\/\/woo-themes-plugins.com\/et\/toode\/amazon-pay-woocommerce-makseviis-woocommerce-plugin\/#breadcrumb"},"inLanguage":"et","potentialAction":[{"@type":"ReadAction","target":["https:\/\/woo-themes-plugins.com\/et\/toode\/amazon-pay-woocommerce-makseviis-woocommerce-plugin\/"]}]},{"@type":"ImageObject","inLanguage":"et","@id":"https:\/\/woo-themes-plugins.com\/et\/toode\/amazon-pay-woocommerce-makseviis-woocommerce-plugin\/#primaryimage","url":"https:\/\/woo-themes-plugins.com\/wp-content\/uploads\/sites\/7\/2018\/03\/Amazon-pay.png","contentUrl":"https:\/\/woo-themes-plugins.com\/wp-content\/uploads\/sites\/7\/2018\/03\/Amazon-pay.png","width":800,"height":600},{"@type":"BreadcrumbList","@id":"https:\/\/woo-themes-plugins.com\/et\/toode\/amazon-pay-woocommerce-makseviis-woocommerce-plugin\/#breadcrumb","itemListElement":[{"@type":"ListItem","position":1,"name":"Accueil","item":"https:\/\/woo-themes-plugins.com\/fr\/"},{"@type":"ListItem","position":2,"name":"Shop","item":"https:\/\/woo-themes-plugins.com\/shop\/"},{"@type":"ListItem","position":3,"name":"Amazon Pay &#8211; WooCommerce makseviis &#8211; WooCommerce plugin"}]},{"@type":"WebSite","@id":"https:\/\/woo-themes-plugins.com\/it\/#website","url":"https:\/\/woo-themes-plugins.com\/it\/","name":"Woo-themes-plugins.com","description":"Tous les th\u00e8mes et plugins WooCommerce Premium","potentialAction":[{"@type":"SearchAction","target":{"@type":"EntryPoint","urlTemplate":"https:\/\/woo-themes-plugins.com\/it\/?s={search_term_string}"},"query-input":"required name=search_term_string"}],"inLanguage":"et"}]}},"_links":{"self":[{"href":"https:\/\/woo-themes-plugins.com\/et\/wp-json\/wp\/v2\/product\/2890","targetHints":{"allow":["GET"]}}],"collection":[{"href":"https:\/\/woo-themes-plugins.com\/et\/wp-json\/wp\/v2\/product"}],"about":[{"href":"https:\/\/woo-themes-plugins.com\/et\/wp-json\/wp\/v2\/types\/product"}],"wp:featuredmedia":[{"embeddable":true,"href":"https:\/\/woo-themes-plugins.com\/et\/wp-json\/wp\/v2\/media\/2891"}],"wp:attachment":[{"href":"https:\/\/woo-themes-plugins.com\/et\/wp-json\/wp\/v2\/media?parent=2890"}],"wp:term":[{"taxonomy":"product_cat","embeddable":true,"href":"https:\/\/woo-themes-plugins.com\/et\/wp-json\/wp\/v2\/product_cat?post=2890"},{"taxonomy":"product_tag","embeddable":true,"href":"https:\/\/woo-themes-plugins.com\/et\/wp-json\/wp\/v2\/product_tag?post=2890"}],"curies":[{"name":"wp","href":"https:\/\/api.w.org\/{rel}","templated":true}]}}