{"id":2892,"date":"2018-03-23T20:13:19","date_gmt":"2018-03-23T19:13:19","guid":{"rendered":"https:\/\/woo-themes-plugins.com\/product\/stripe-makse-lahendus-woocommerce-woocommerce-plugin\/"},"modified":"2018-03-23T20:13:19","modified_gmt":"2018-03-23T19:13:19","slug":"stripe-makse-lahendus-woocommerce-woocommerce-plugin","status":"publish","type":"product","link":"https:\/\/woo-themes-plugins.com\/et\/product\/stripe-makse-lahendus-woocommerce-woocommerce-plugin\/","title":{"rendered":"Stripe &#8211; makse lahendus WooCommerce &#8211; WooCommerce plugin"},"content":{"rendered":"<p><span id=\"result_box\" class=\"\" lang=\"et\">WooCommerce Stripe&#8217;i pistikprogramm lubab teil otse oma veebisaidi v\u00f5i mobiilseadme makse lehel aktsepteerida pangakaarte. WooCommerce Stripe&#8217;i plugina abil j\u00e4\u00e4vad teie kliendid teie e-kaubanduse veebisaidile kogu v\u00e4ljamakseprotsessi jooksul, ilma et nad kunagi suunataks panga makselehele. Seda on t\u00f5estatud, seda t\u00fc\u00fcpi toimingud suurendavad saidi usaldusv\u00e4\u00e4rsust klientide silmis ja seega loomulikult suurendavad m\u00fc\u00fcki.<\/p>\n<p><span class=\"\">Stripe on lihtne viis aktsepteerida otse oma WooCommerce&#8217;i saiti.<\/span> <span class=\"\">Peate looma konto aadressil Stripe, kuid see on tasuta ja ilma varjatud kuludeta.<\/span> <span class=\"\">Triibu kasutab sadu tuhandeid e-kaubanduse saite kogu maailmas.<\/span> Seda panganduslahendust haldab \u00fcle 25 erineva riigi, seda on lihtne m\u00f5ista. <span class=\"\">Peale selle v\u00f5tab Strip vastu v\u00e4hemalt 135 erinevat valuutat.<\/span><\/p>\n<p><span class=\"\">See WooCommercei pistikprogramm on tasuta.<\/span><\/span><\/p>\n","protected":false},"excerpt":{"rendered":"<p><span id=\"result_box\" class=\"\" lang=\"et\">Stripe&#8217;i pistikprogramm v\u00f5imaldab teil integreerida samanimelise makselahenduse oma e-kaubanduse WooCommerce saidil.<\/span><\/p>\n","protected":false},"featured_media":2893,"template":"","meta":{"_monsterinsights_skip_tracking":false,"_monsterinsights_sitenote_active":false,"_monsterinsights_sitenote_note":"","_monsterinsights_sitenote_category":0},"product_cat":[204],"product_tag":[825,803],"class_list":["post-2892","product","type-product","status-publish","has-post-thumbnail","hentry","product_cat-plugin-woocommerce-et","product_tag-lahenduse-maksmine-woocommerce","product_tag-tasuta-woocommerce-laiendamine","pa_dev-woo-plugin-theme-woocommerce-et","pa_marketplace-woocommerce-woocommerce-com-et"],"yoast_head":"<!-- This site is optimized with the Yoast SEO plugin v23.1 - https:\/\/yoast.com\/wordpress\/plugins\/seo\/ -->\n<title>Stripe - makse lahendus WooCommerce - WooCommerce plugin<\/title>\n<meta name=\"description\" content=\"Strobi makselahenduse haldamiseks WooCommercei pistikprogramm.\" \/>\n<meta name=\"robots\" content=\"index, follow, max-snippet:-1, max-image-preview:large, max-video-preview:-1\" \/>\n<link rel=\"canonical\" href=\"https:\/\/woo-themes-plugins.com\/et\/toode\/stripe-makse-lahendus-woocommerce-woocommerce-plugin\/\" \/>\n<meta property=\"og:locale\" content=\"et_EE\" \/>\n<meta property=\"og:type\" content=\"article\" \/>\n<meta property=\"og:title\" content=\"Stripe - makse lahendus WooCommerce - WooCommerce plugin\" \/>\n<meta property=\"og:description\" content=\"Strobi makselahenduse haldamiseks WooCommercei pistikprogramm.\" \/>\n<meta property=\"og:url\" content=\"https:\/\/woo-themes-plugins.com\/et\/toode\/stripe-makse-lahendus-woocommerce-woocommerce-plugin\/\" \/>\n<meta property=\"og:site_name\" content=\"Woo-themes-plugins.com\" \/>\n<meta property=\"og:image\" content=\"https:\/\/woo-themes-plugins.com\/wp-content\/uploads\/sites\/7\/2018\/03\/stripe.jpg\" \/>\n\t<meta property=\"og:image:width\" content=\"1024\" \/>\n\t<meta property=\"og:image:height\" content=\"512\" \/>\n\t<meta property=\"og:image:type\" content=\"image\/jpeg\" \/>\n<meta name=\"twitter:label1\" content=\"Est. reading time\" \/>\n\t<meta name=\"twitter:data1\" content=\"1 minut\" \/>\n<script type=\"application\/ld+json\" class=\"yoast-schema-graph\">{\"@context\":\"https:\/\/schema.org\",\"@graph\":[{\"@type\":\"WebPage\",\"@id\":\"https:\/\/woo-themes-plugins.com\/et\/toode\/stripe-makse-lahendus-woocommerce-woocommerce-plugin\/\",\"url\":\"https:\/\/woo-themes-plugins.com\/et\/toode\/stripe-makse-lahendus-woocommerce-woocommerce-plugin\/\",\"name\":\"Stripe - makse lahendus WooCommerce - WooCommerce plugin\",\"isPartOf\":{\"@id\":\"https:\/\/woo-themes-plugins.com\/it\/#website\"},\"primaryImageOfPage\":{\"@id\":\"https:\/\/woo-themes-plugins.com\/et\/toode\/stripe-makse-lahendus-woocommerce-woocommerce-plugin\/#primaryimage\"},\"image\":{\"@id\":\"https:\/\/woo-themes-plugins.com\/et\/toode\/stripe-makse-lahendus-woocommerce-woocommerce-plugin\/#primaryimage\"},\"thumbnailUrl\":\"https:\/\/woo-themes-plugins.com\/wp-content\/uploads\/sites\/7\/2018\/03\/stripe.jpg\",\"datePublished\":\"2018-03-23T19:13:19+00:00\",\"dateModified\":\"2018-03-23T19:13:19+00:00\",\"description\":\"Strobi makselahenduse haldamiseks WooCommercei pistikprogramm.\",\"breadcrumb\":{\"@id\":\"https:\/\/woo-themes-plugins.com\/et\/toode\/stripe-makse-lahendus-woocommerce-woocommerce-plugin\/#breadcrumb\"},\"inLanguage\":\"et\",\"potentialAction\":[{\"@type\":\"ReadAction\",\"target\":[\"https:\/\/woo-themes-plugins.com\/et\/toode\/stripe-makse-lahendus-woocommerce-woocommerce-plugin\/\"]}]},{\"@type\":\"ImageObject\",\"inLanguage\":\"et\",\"@id\":\"https:\/\/woo-themes-plugins.com\/et\/toode\/stripe-makse-lahendus-woocommerce-woocommerce-plugin\/#primaryimage\",\"url\":\"https:\/\/woo-themes-plugins.com\/wp-content\/uploads\/sites\/7\/2018\/03\/stripe.jpg\",\"contentUrl\":\"https:\/\/woo-themes-plugins.com\/wp-content\/uploads\/sites\/7\/2018\/03\/stripe.jpg\",\"width\":1024,\"height\":512},{\"@type\":\"BreadcrumbList\",\"@id\":\"https:\/\/woo-themes-plugins.com\/et\/toode\/stripe-makse-lahendus-woocommerce-woocommerce-plugin\/#breadcrumb\",\"itemListElement\":[{\"@type\":\"ListItem\",\"position\":1,\"name\":\"Accueil\",\"item\":\"https:\/\/woo-themes-plugins.com\/fr\/\"},{\"@type\":\"ListItem\",\"position\":2,\"name\":\"Shop\",\"item\":\"https:\/\/woo-themes-plugins.com\/shop\/\"},{\"@type\":\"ListItem\",\"position\":3,\"name\":\"Stripe &#8211; makse lahendus WooCommerce &#8211; WooCommerce plugin\"}]},{\"@type\":\"WebSite\",\"@id\":\"https:\/\/woo-themes-plugins.com\/it\/#website\",\"url\":\"https:\/\/woo-themes-plugins.com\/it\/\",\"name\":\"Woo-themes-plugins.com\",\"description\":\"Tous les th\u00e8mes et plugins WooCommerce Premium\",\"potentialAction\":[{\"@type\":\"SearchAction\",\"target\":{\"@type\":\"EntryPoint\",\"urlTemplate\":\"https:\/\/woo-themes-plugins.com\/it\/?s={search_term_string}\"},\"query-input\":\"required name=search_term_string\"}],\"inLanguage\":\"et\"}]}<\/script>\n<!-- \/ Yoast SEO plugin. -->","yoast_head_json":{"title":"Stripe - makse lahendus WooCommerce - WooCommerce plugin","description":"Strobi makselahenduse haldamiseks WooCommercei pistikprogramm.","robots":{"index":"index","follow":"follow","max-snippet":"max-snippet:-1","max-image-preview":"max-image-preview:large","max-video-preview":"max-video-preview:-1"},"canonical":"https:\/\/woo-themes-plugins.com\/et\/toode\/stripe-makse-lahendus-woocommerce-woocommerce-plugin\/","og_locale":"et_EE","og_type":"article","og_title":"Stripe - makse lahendus WooCommerce - WooCommerce plugin","og_description":"Strobi makselahenduse haldamiseks WooCommercei pistikprogramm.","og_url":"https:\/\/woo-themes-plugins.com\/et\/toode\/stripe-makse-lahendus-woocommerce-woocommerce-plugin\/","og_site_name":"Woo-themes-plugins.com","og_image":[{"width":1024,"height":512,"url":"https:\/\/woo-themes-plugins.com\/wp-content\/uploads\/sites\/7\/2018\/03\/stripe.jpg","type":"image\/jpeg"}],"twitter_misc":{"Est. reading time":"1 minut"},"schema":{"@context":"https:\/\/schema.org","@graph":[{"@type":"WebPage","@id":"https:\/\/woo-themes-plugins.com\/et\/toode\/stripe-makse-lahendus-woocommerce-woocommerce-plugin\/","url":"https:\/\/woo-themes-plugins.com\/et\/toode\/stripe-makse-lahendus-woocommerce-woocommerce-plugin\/","name":"Stripe - makse lahendus WooCommerce - WooCommerce plugin","isPartOf":{"@id":"https:\/\/woo-themes-plugins.com\/it\/#website"},"primaryImageOfPage":{"@id":"https:\/\/woo-themes-plugins.com\/et\/toode\/stripe-makse-lahendus-woocommerce-woocommerce-plugin\/#primaryimage"},"image":{"@id":"https:\/\/woo-themes-plugins.com\/et\/toode\/stripe-makse-lahendus-woocommerce-woocommerce-plugin\/#primaryimage"},"thumbnailUrl":"https:\/\/woo-themes-plugins.com\/wp-content\/uploads\/sites\/7\/2018\/03\/stripe.jpg","datePublished":"2018-03-23T19:13:19+00:00","dateModified":"2018-03-23T19:13:19+00:00","description":"Strobi makselahenduse haldamiseks WooCommercei pistikprogramm.","breadcrumb":{"@id":"https:\/\/woo-themes-plugins.com\/et\/toode\/stripe-makse-lahendus-woocommerce-woocommerce-plugin\/#breadcrumb"},"inLanguage":"et","potentialAction":[{"@type":"ReadAction","target":["https:\/\/woo-themes-plugins.com\/et\/toode\/stripe-makse-lahendus-woocommerce-woocommerce-plugin\/"]}]},{"@type":"ImageObject","inLanguage":"et","@id":"https:\/\/woo-themes-plugins.com\/et\/toode\/stripe-makse-lahendus-woocommerce-woocommerce-plugin\/#primaryimage","url":"https:\/\/woo-themes-plugins.com\/wp-content\/uploads\/sites\/7\/2018\/03\/stripe.jpg","contentUrl":"https:\/\/woo-themes-plugins.com\/wp-content\/uploads\/sites\/7\/2018\/03\/stripe.jpg","width":1024,"height":512},{"@type":"BreadcrumbList","@id":"https:\/\/woo-themes-plugins.com\/et\/toode\/stripe-makse-lahendus-woocommerce-woocommerce-plugin\/#breadcrumb","itemListElement":[{"@type":"ListItem","position":1,"name":"Accueil","item":"https:\/\/woo-themes-plugins.com\/fr\/"},{"@type":"ListItem","position":2,"name":"Shop","item":"https:\/\/woo-themes-plugins.com\/shop\/"},{"@type":"ListItem","position":3,"name":"Stripe &#8211; makse lahendus WooCommerce &#8211; WooCommerce plugin"}]},{"@type":"WebSite","@id":"https:\/\/woo-themes-plugins.com\/it\/#website","url":"https:\/\/woo-themes-plugins.com\/it\/","name":"Woo-themes-plugins.com","description":"Tous les th\u00e8mes et plugins WooCommerce Premium","potentialAction":[{"@type":"SearchAction","target":{"@type":"EntryPoint","urlTemplate":"https:\/\/woo-themes-plugins.com\/it\/?s={search_term_string}"},"query-input":"required name=search_term_string"}],"inLanguage":"et"}]}},"_links":{"self":[{"href":"https:\/\/woo-themes-plugins.com\/et\/wp-json\/wp\/v2\/product\/2892","targetHints":{"allow":["GET"]}}],"collection":[{"href":"https:\/\/woo-themes-plugins.com\/et\/wp-json\/wp\/v2\/product"}],"about":[{"href":"https:\/\/woo-themes-plugins.com\/et\/wp-json\/wp\/v2\/types\/product"}],"wp:featuredmedia":[{"embeddable":true,"href":"https:\/\/woo-themes-plugins.com\/et\/wp-json\/wp\/v2\/media\/2893"}],"wp:attachment":[{"href":"https:\/\/woo-themes-plugins.com\/et\/wp-json\/wp\/v2\/media?parent=2892"}],"wp:term":[{"taxonomy":"product_cat","embeddable":true,"href":"https:\/\/woo-themes-plugins.com\/et\/wp-json\/wp\/v2\/product_cat?post=2892"},{"taxonomy":"product_tag","embeddable":true,"href":"https:\/\/woo-themes-plugins.com\/et\/wp-json\/wp\/v2\/product_tag?post=2892"}],"curies":[{"name":"wp","href":"https:\/\/api.w.org\/{rel}","templated":true}]}}