{"id":1035,"date":"2018-03-28T07:32:28","date_gmt":"2018-03-28T06:32:28","guid":{"rendered":"https:\/\/woo-themes-plugins.com\/?post_type=product&#038;p=1035"},"modified":"2018-04-26T17:18:23","modified_gmt":"2018-04-26T16:18:23","slug":"handy-theme-woocommerce-marketplace-amazon-etsy-theme-simple-multilingue","status":"publish","type":"product","link":"https:\/\/woo-themes-plugins.com\/fr\/product\/handy-theme-woocommerce-marketplace-amazon-etsy-theme-simple-multilingue\/","title":{"rendered":"Handy &#8211; Th\u00e8me WooCommerce Marketplace (Amazon \/ Etsy) &#8211; Th\u00e8me Simple &amp; Multilingue"},"content":{"rendered":"","protected":false},"excerpt":{"rendered":"<p>Tu souhaites cr\u00e9er le nouveau concurrent d&rsquo;Amazon ou d&rsquo;Etsy avec ton site WooCommerce ? Apr\u00e8s tout, pourquoi pas ! Il faut bien commencer quelque part. Et si tu commen\u00e7ais justement avec ce th\u00e8me WooCommerce qui a \u00e9t\u00e9 pens\u00e9 par son cr\u00e9ateur pour servir de base \u00e0 un marketplace sous WooCommerce. Il me semble que ce serait un point de d\u00e9part int\u00e9ressant.<em><br \/>\n<\/em><\/p>\n<p><em>Handmade <\/em>tire son nom du fait qu&rsquo;il va t&rsquo;\u00eatre possible de venir personnaliser \u00e0 la main chaque parties de ce th\u00e8me WooCommerce. Ce th\u00e8me regorge de fonctionnalit\u00e9s particuli\u00e8rement bien pens\u00e9es pour ta boutique WooCommerce.<\/p>\n","protected":false},"featured_media":1036,"template":"","meta":{"_monsterinsights_skip_tracking":false,"_monsterinsights_sitenote_active":false,"_monsterinsights_sitenote_note":"","_monsterinsights_sitenote_category":0},"product_cat":[139],"product_tag":[160,144,154,149,141,191,175,169,163,159,151,152,148],"class_list":["post-1035","product","type-product","status-publish","has-post-thumbnail","hentry","product_cat-theme-woocommerce","product_tag-bundle-plugins-premium","product_tag-debutant-woocommerce","product_tag-theme-woocommerce-avec-blog","product_tag-theme-woocommerce-avec-builder","product_tag-themes-woocommerce-personnalisable","product_tag-wishlist-woocommerce","product_tag-woocommerce-luxe-haut-de-gamme","product_tag-woocommerce-magasin-de-mode","product_tag-woocommerce-magasin-de-vetements","product_tag-woocommerce-revolution-slider","product_tag-woocommerce-installation-un-clic","product_tag-woocommerce-multilingue","product_tag-woocommerce-responsive","pa_dev-woo-plugin-theme-sara_p","pa_marketplace-woocommerce-themeforest-net"],"yoast_head":"<!-- This site is optimized with the Yoast SEO plugin v23.1 - https:\/\/yoast.com\/wordpress\/plugins\/seo\/ -->\n<title>Labomba - Th\u00e8me WooCommerce Mode &amp; Polyvalent - Multilingue<\/title>\n<meta name=\"robots\" content=\"index, follow, max-snippet:-1, max-image-preview:large, max-video-preview:-1\" \/>\n<link rel=\"canonical\" href=\"https:\/\/woo-themes-plugins.com\/fr\/produit\/handy-theme-woocommerce-marketplace-amazon-etsy-theme-simple-multilingue\/\" \/>\n<meta property=\"og:locale\" content=\"fr_FR\" \/>\n<meta property=\"og:type\" content=\"article\" \/>\n<meta property=\"og:title\" content=\"Labomba - Th\u00e8me WooCommerce Mode &amp; Polyvalent - Multilingue\" \/>\n<meta property=\"og:description\" content=\"Tu souhaites cr\u00e9er le nouveau concurrent d&#039;Amazon ou d&#039;Etsy avec ton site WooCommerce ? Apr\u00e8s tout, pourquoi pas ! Il faut bien commencer quelque part. Et si tu commen\u00e7ais justement avec ce th\u00e8me WooCommerce qui a \u00e9t\u00e9 pens\u00e9 par son cr\u00e9ateur pour servir de base \u00e0 un marketplace sous WooCommerce. Il me semble que ce serait un point de d\u00e9part int\u00e9ressant.   Handmade tire son nom du fait qu&#039;il va t&#039;\u00eatre possible de venir personnaliser \u00e0 la main chaque parties de ce th\u00e8me WooCommerce. Ce th\u00e8me regorge de fonctionnalit\u00e9s particuli\u00e8rement bien pens\u00e9es pour ta boutique WooCommerce.\" \/>\n<meta property=\"og:url\" content=\"https:\/\/woo-themes-plugins.com\/fr\/produit\/handy-theme-woocommerce-marketplace-amazon-etsy-theme-simple-multilingue\/\" \/>\n<meta property=\"og:site_name\" content=\"Woo-themes-plugins.com\" \/>\n<meta property=\"article:modified_time\" content=\"2018-04-26T16:18:23+00:00\" \/>\n<meta property=\"og:image\" content=\"https:\/\/woo-themes-plugins.com\/wp-content\/uploads\/sites\/7\/2018\/03\/woo-themes-plugins-handy-theme-woocommerce-marketplace-amazon-etsy-theme-simple-multilingue-home.jpg\" \/>\n\t<meta property=\"og:image:width\" content=\"906\" \/>\n\t<meta property=\"og:image:height\" content=\"900\" \/>\n\t<meta property=\"og:image:type\" content=\"image\/jpeg\" \/>\n<script type=\"application\/ld+json\" class=\"yoast-schema-graph\">{\"@context\":\"https:\/\/schema.org\",\"@graph\":[{\"@type\":\"WebPage\",\"@id\":\"https:\/\/woo-themes-plugins.com\/fr\/produit\/handy-theme-woocommerce-marketplace-amazon-etsy-theme-simple-multilingue\/\",\"url\":\"https:\/\/woo-themes-plugins.com\/fr\/produit\/handy-theme-woocommerce-marketplace-amazon-etsy-theme-simple-multilingue\/\",\"name\":\"Labomba - Th\u00e8me WooCommerce Mode & Polyvalent - Multilingue\",\"isPartOf\":{\"@id\":\"https:\/\/woo-themes-plugins.com\/it\/#website\"},\"primaryImageOfPage\":{\"@id\":\"https:\/\/woo-themes-plugins.com\/fr\/produit\/handy-theme-woocommerce-marketplace-amazon-etsy-theme-simple-multilingue\/#primaryimage\"},\"image\":{\"@id\":\"https:\/\/woo-themes-plugins.com\/fr\/produit\/handy-theme-woocommerce-marketplace-amazon-etsy-theme-simple-multilingue\/#primaryimage\"},\"thumbnailUrl\":\"https:\/\/woo-themes-plugins.com\/wp-content\/uploads\/sites\/7\/2018\/03\/woo-themes-plugins-handy-theme-woocommerce-marketplace-amazon-etsy-theme-simple-multilingue-home.jpg\",\"datePublished\":\"2018-03-28T06:32:28+00:00\",\"dateModified\":\"2018-04-26T16:18:23+00:00\",\"breadcrumb\":{\"@id\":\"https:\/\/woo-themes-plugins.com\/fr\/produit\/handy-theme-woocommerce-marketplace-amazon-etsy-theme-simple-multilingue\/#breadcrumb\"},\"inLanguage\":\"fr-FR\",\"potentialAction\":[{\"@type\":\"ReadAction\",\"target\":[\"https:\/\/woo-themes-plugins.com\/fr\/produit\/handy-theme-woocommerce-marketplace-amazon-etsy-theme-simple-multilingue\/\"]}]},{\"@type\":\"ImageObject\",\"inLanguage\":\"fr-FR\",\"@id\":\"https:\/\/woo-themes-plugins.com\/fr\/produit\/handy-theme-woocommerce-marketplace-amazon-etsy-theme-simple-multilingue\/#primaryimage\",\"url\":\"https:\/\/woo-themes-plugins.com\/wp-content\/uploads\/sites\/7\/2018\/03\/woo-themes-plugins-handy-theme-woocommerce-marketplace-amazon-etsy-theme-simple-multilingue-home.jpg\",\"contentUrl\":\"https:\/\/woo-themes-plugins.com\/wp-content\/uploads\/sites\/7\/2018\/03\/woo-themes-plugins-handy-theme-woocommerce-marketplace-amazon-etsy-theme-simple-multilingue-home.jpg\",\"width\":906,\"height\":900},{\"@type\":\"BreadcrumbList\",\"@id\":\"https:\/\/woo-themes-plugins.com\/fr\/produit\/handy-theme-woocommerce-marketplace-amazon-etsy-theme-simple-multilingue\/#breadcrumb\",\"itemListElement\":[{\"@type\":\"ListItem\",\"position\":1,\"name\":\"Accueil\",\"item\":\"https:\/\/woo-themes-plugins.com\/fr\/\"},{\"@type\":\"ListItem\",\"position\":2,\"name\":\"Shop\",\"item\":\"https:\/\/woo-themes-plugins.com\/shop\/\"},{\"@type\":\"ListItem\",\"position\":3,\"name\":\"Handy &#8211; Th\u00e8me WooCommerce Marketplace (Amazon \/ Etsy) &#8211; Th\u00e8me Simple &amp; Multilingue\"}]},{\"@type\":\"WebSite\",\"@id\":\"https:\/\/woo-themes-plugins.com\/it\/#website\",\"url\":\"https:\/\/woo-themes-plugins.com\/it\/\",\"name\":\"Woo-themes-plugins.com\",\"description\":\"Tous les th\u00e8mes et plugins WooCommerce Premium\",\"potentialAction\":[{\"@type\":\"SearchAction\",\"target\":{\"@type\":\"EntryPoint\",\"urlTemplate\":\"https:\/\/woo-themes-plugins.com\/it\/?s={search_term_string}\"},\"query-input\":\"required name=search_term_string\"}],\"inLanguage\":\"fr-FR\"}]}<\/script>\n<!-- \/ Yoast SEO plugin. -->","yoast_head_json":{"title":"Labomba - Th\u00e8me WooCommerce Mode & Polyvalent - Multilingue","robots":{"index":"index","follow":"follow","max-snippet":"max-snippet:-1","max-image-preview":"max-image-preview:large","max-video-preview":"max-video-preview:-1"},"canonical":"https:\/\/woo-themes-plugins.com\/fr\/produit\/handy-theme-woocommerce-marketplace-amazon-etsy-theme-simple-multilingue\/","og_locale":"fr_FR","og_type":"article","og_title":"Labomba - Th\u00e8me WooCommerce Mode & Polyvalent - Multilingue","og_description":"Tu souhaites cr\u00e9er le nouveau concurrent d'Amazon ou d'Etsy avec ton site WooCommerce ? Apr\u00e8s tout, pourquoi pas ! Il faut bien commencer quelque part. Et si tu commen\u00e7ais justement avec ce th\u00e8me WooCommerce qui a \u00e9t\u00e9 pens\u00e9 par son cr\u00e9ateur pour servir de base \u00e0 un marketplace sous WooCommerce. Il me semble que ce serait un point de d\u00e9part int\u00e9ressant.   Handmade tire son nom du fait qu'il va t'\u00eatre possible de venir personnaliser \u00e0 la main chaque parties de ce th\u00e8me WooCommerce. Ce th\u00e8me regorge de fonctionnalit\u00e9s particuli\u00e8rement bien pens\u00e9es pour ta boutique WooCommerce.","og_url":"https:\/\/woo-themes-plugins.com\/fr\/produit\/handy-theme-woocommerce-marketplace-amazon-etsy-theme-simple-multilingue\/","og_site_name":"Woo-themes-plugins.com","article_modified_time":"2018-04-26T16:18:23+00:00","og_image":[{"width":906,"height":900,"url":"https:\/\/woo-themes-plugins.com\/wp-content\/uploads\/sites\/7\/2018\/03\/woo-themes-plugins-handy-theme-woocommerce-marketplace-amazon-etsy-theme-simple-multilingue-home.jpg","type":"image\/jpeg"}],"schema":{"@context":"https:\/\/schema.org","@graph":[{"@type":"WebPage","@id":"https:\/\/woo-themes-plugins.com\/fr\/produit\/handy-theme-woocommerce-marketplace-amazon-etsy-theme-simple-multilingue\/","url":"https:\/\/woo-themes-plugins.com\/fr\/produit\/handy-theme-woocommerce-marketplace-amazon-etsy-theme-simple-multilingue\/","name":"Labomba - Th\u00e8me WooCommerce Mode & Polyvalent - Multilingue","isPartOf":{"@id":"https:\/\/woo-themes-plugins.com\/it\/#website"},"primaryImageOfPage":{"@id":"https:\/\/woo-themes-plugins.com\/fr\/produit\/handy-theme-woocommerce-marketplace-amazon-etsy-theme-simple-multilingue\/#primaryimage"},"image":{"@id":"https:\/\/woo-themes-plugins.com\/fr\/produit\/handy-theme-woocommerce-marketplace-amazon-etsy-theme-simple-multilingue\/#primaryimage"},"thumbnailUrl":"https:\/\/woo-themes-plugins.com\/wp-content\/uploads\/sites\/7\/2018\/03\/woo-themes-plugins-handy-theme-woocommerce-marketplace-amazon-etsy-theme-simple-multilingue-home.jpg","datePublished":"2018-03-28T06:32:28+00:00","dateModified":"2018-04-26T16:18:23+00:00","breadcrumb":{"@id":"https:\/\/woo-themes-plugins.com\/fr\/produit\/handy-theme-woocommerce-marketplace-amazon-etsy-theme-simple-multilingue\/#breadcrumb"},"inLanguage":"fr-FR","potentialAction":[{"@type":"ReadAction","target":["https:\/\/woo-themes-plugins.com\/fr\/produit\/handy-theme-woocommerce-marketplace-amazon-etsy-theme-simple-multilingue\/"]}]},{"@type":"ImageObject","inLanguage":"fr-FR","@id":"https:\/\/woo-themes-plugins.com\/fr\/produit\/handy-theme-woocommerce-marketplace-amazon-etsy-theme-simple-multilingue\/#primaryimage","url":"https:\/\/woo-themes-plugins.com\/wp-content\/uploads\/sites\/7\/2018\/03\/woo-themes-plugins-handy-theme-woocommerce-marketplace-amazon-etsy-theme-simple-multilingue-home.jpg","contentUrl":"https:\/\/woo-themes-plugins.com\/wp-content\/uploads\/sites\/7\/2018\/03\/woo-themes-plugins-handy-theme-woocommerce-marketplace-amazon-etsy-theme-simple-multilingue-home.jpg","width":906,"height":900},{"@type":"BreadcrumbList","@id":"https:\/\/woo-themes-plugins.com\/fr\/produit\/handy-theme-woocommerce-marketplace-amazon-etsy-theme-simple-multilingue\/#breadcrumb","itemListElement":[{"@type":"ListItem","position":1,"name":"Accueil","item":"https:\/\/woo-themes-plugins.com\/fr\/"},{"@type":"ListItem","position":2,"name":"Shop","item":"https:\/\/woo-themes-plugins.com\/shop\/"},{"@type":"ListItem","position":3,"name":"Handy &#8211; Th\u00e8me WooCommerce Marketplace (Amazon \/ Etsy) &#8211; Th\u00e8me Simple &amp; Multilingue"}]},{"@type":"WebSite","@id":"https:\/\/woo-themes-plugins.com\/it\/#website","url":"https:\/\/woo-themes-plugins.com\/it\/","name":"Woo-themes-plugins.com","description":"Tous les th\u00e8mes et plugins WooCommerce Premium","potentialAction":[{"@type":"SearchAction","target":{"@type":"EntryPoint","urlTemplate":"https:\/\/woo-themes-plugins.com\/it\/?s={search_term_string}"},"query-input":"required name=search_term_string"}],"inLanguage":"fr-FR"}]}},"_links":{"self":[{"href":"https:\/\/woo-themes-plugins.com\/fr\/wp-json\/wp\/v2\/product\/1035","targetHints":{"allow":["GET"]}}],"collection":[{"href":"https:\/\/woo-themes-plugins.com\/fr\/wp-json\/wp\/v2\/product"}],"about":[{"href":"https:\/\/woo-themes-plugins.com\/fr\/wp-json\/wp\/v2\/types\/product"}],"wp:featuredmedia":[{"embeddable":true,"href":"https:\/\/woo-themes-plugins.com\/fr\/wp-json\/wp\/v2\/media\/1036"}],"wp:attachment":[{"href":"https:\/\/woo-themes-plugins.com\/fr\/wp-json\/wp\/v2\/media?parent=1035"}],"wp:term":[{"taxonomy":"product_cat","embeddable":true,"href":"https:\/\/woo-themes-plugins.com\/fr\/wp-json\/wp\/v2\/product_cat?post=1035"},{"taxonomy":"product_tag","embeddable":true,"href":"https:\/\/woo-themes-plugins.com\/fr\/wp-json\/wp\/v2\/product_tag?post=1035"}],"curies":[{"name":"wp","href":"https:\/\/api.w.org\/{rel}","templated":true}]}}