{"id":1072,"date":"2018-03-28T08:18:40","date_gmt":"2018-03-28T07:18:40","guid":{"rendered":"https:\/\/woo-themes-plugins.com\/?post_type=product&#038;p=1072"},"modified":"2018-04-26T17:18:15","modified_gmt":"2018-04-26T16:18:15","slug":"cheope-shop-theme-woocommerce-ameublement-theme-flexible-multilingue","status":"publish","type":"product","link":"https:\/\/woo-themes-plugins.com\/fr\/product\/cheope-shop-theme-woocommerce-ameublement-theme-flexible-multilingue\/","title":{"rendered":"Cheope Shop &#8211; Th\u00e8me WooCommerce Ameublement &#8211; Th\u00e8me Flexible &amp; Multilingue"},"content":{"rendered":"","protected":false},"excerpt":{"rendered":"<p><em>Cheope Shop <\/em>est le th\u00e8me WooCommerce ameublement qui sait allier avec brio un style \u00e0 la fois minimaliste et tr\u00e8s moderne. Pour notre plus grand plaisir, ce th\u00e8me est parfaitement adapt\u00e9 \u00e0 WooCommerce ainsi qu&rsquo;au moteur en-dessous de tout cela, j&rsquo;ai nomm\u00e9 WordPress. Il nous est donc possible de jouer un peu partout avec notre nouveau th\u00e8me WooCommerce. Regardes un peu ce que te proposes ce th\u00e8me : 2 plugins premium de gestion de sliders \u00e9volu\u00e9s, un zoom produit tr\u00e8s efficace, un syst\u00e8me de pop up juste indispensable pour le eCommerce et bien plus encore !<\/p>\n","protected":false},"featured_media":1079,"template":"","meta":{"_monsterinsights_skip_tracking":false,"_monsterinsights_sitenote_active":false,"_monsterinsights_sitenote_note":"","_monsterinsights_sitenote_category":0},"product_cat":[139],"product_tag":[160,144,154,149,141,191,175,169,163,159,151,152,148],"class_list":["post-1072","product","type-product","status-publish","has-post-thumbnail","hentry","product_cat-theme-woocommerce","product_tag-bundle-plugins-premium","product_tag-debutant-woocommerce","product_tag-theme-woocommerce-avec-blog","product_tag-theme-woocommerce-avec-builder","product_tag-themes-woocommerce-personnalisable","product_tag-wishlist-woocommerce","product_tag-woocommerce-luxe-haut-de-gamme","product_tag-woocommerce-magasin-de-mode","product_tag-woocommerce-magasin-de-vetements","product_tag-woocommerce-revolution-slider","product_tag-woocommerce-installation-un-clic","product_tag-woocommerce-multilingue","product_tag-woocommerce-responsive","pa_dev-woo-plugin-theme-sara_p","pa_marketplace-woocommerce-themeforest-net"],"yoast_head":"<!-- This site is optimized with the Yoast SEO plugin v23.1 - https:\/\/yoast.com\/wordpress\/plugins\/seo\/ -->\n<title>Cheope Shop - Th\u00e8me WooCommerce Ameublement - Th\u00e8me Flexible<\/title>\n<meta name=\"robots\" content=\"index, follow, max-snippet:-1, max-image-preview:large, max-video-preview:-1\" \/>\n<link rel=\"canonical\" href=\"https:\/\/woo-themes-plugins.com\/fr\/produit\/cheope-shop-theme-woocommerce-ameublement-theme-flexible-multilingue\/\" \/>\n<meta property=\"og:locale\" content=\"fr_FR\" \/>\n<meta property=\"og:type\" content=\"article\" \/>\n<meta property=\"og:title\" content=\"Cheope Shop - Th\u00e8me WooCommerce Ameublement - Th\u00e8me Flexible\" \/>\n<meta property=\"og:description\" content=\"Cheope Shop est le th\u00e8me WooCommerce ameublement qui sait allier avec brio un style \u00e0 la fois minimaliste et tr\u00e8s moderne. Pour notre plus grand plaisir, ce th\u00e8me est parfaitement adapt\u00e9 \u00e0 WooCommerce ainsi qu&#039;au moteur en-dessous de tout cela, j&#039;ai nomm\u00e9 WordPress. Il nous est donc possible de jouer un peu partout avec notre nouveau th\u00e8me WooCommerce. Regardes un peu ce que te proposes ce th\u00e8me : 2 plugins premium de gestion de sliders \u00e9volu\u00e9s, un zoom produit tr\u00e8s efficace, un syst\u00e8me de pop up juste indispensable pour le eCommerce et bien plus encore !\" \/>\n<meta property=\"og:url\" content=\"https:\/\/woo-themes-plugins.com\/fr\/produit\/cheope-shop-theme-woocommerce-ameublement-theme-flexible-multilingue\/\" \/>\n<meta property=\"og:site_name\" content=\"Woo-themes-plugins.com\" \/>\n<meta property=\"article:modified_time\" content=\"2018-04-26T16:18:15+00:00\" \/>\n<meta property=\"og:image\" content=\"https:\/\/woo-themes-plugins.com\/wp-content\/uploads\/sites\/7\/2018\/03\/woo-themes-plugins-handy-theme-woocommerce-ameublement-theme-flexible-multilingue-home-3.jpg\" \/>\n\t<meta property=\"og:image:width\" content=\"1146\" \/>\n\t<meta property=\"og:image:height\" content=\"900\" \/>\n\t<meta property=\"og:image:type\" content=\"image\/jpeg\" \/>\n<script type=\"application\/ld+json\" class=\"yoast-schema-graph\">{\"@context\":\"https:\/\/schema.org\",\"@graph\":[{\"@type\":\"WebPage\",\"@id\":\"https:\/\/woo-themes-plugins.com\/fr\/produit\/cheope-shop-theme-woocommerce-ameublement-theme-flexible-multilingue\/\",\"url\":\"https:\/\/woo-themes-plugins.com\/fr\/produit\/cheope-shop-theme-woocommerce-ameublement-theme-flexible-multilingue\/\",\"name\":\"Cheope Shop - Th\u00e8me WooCommerce Ameublement - Th\u00e8me Flexible\",\"isPartOf\":{\"@id\":\"https:\/\/woo-themes-plugins.com\/it\/#website\"},\"primaryImageOfPage\":{\"@id\":\"https:\/\/woo-themes-plugins.com\/fr\/produit\/cheope-shop-theme-woocommerce-ameublement-theme-flexible-multilingue\/#primaryimage\"},\"image\":{\"@id\":\"https:\/\/woo-themes-plugins.com\/fr\/produit\/cheope-shop-theme-woocommerce-ameublement-theme-flexible-multilingue\/#primaryimage\"},\"thumbnailUrl\":\"https:\/\/woo-themes-plugins.com\/wp-content\/uploads\/sites\/7\/2018\/03\/woo-themes-plugins-handy-theme-woocommerce-ameublement-theme-flexible-multilingue-home-3.jpg\",\"datePublished\":\"2018-03-28T07:18:40+00:00\",\"dateModified\":\"2018-04-26T16:18:15+00:00\",\"breadcrumb\":{\"@id\":\"https:\/\/woo-themes-plugins.com\/fr\/produit\/cheope-shop-theme-woocommerce-ameublement-theme-flexible-multilingue\/#breadcrumb\"},\"inLanguage\":\"fr-FR\",\"potentialAction\":[{\"@type\":\"ReadAction\",\"target\":[\"https:\/\/woo-themes-plugins.com\/fr\/produit\/cheope-shop-theme-woocommerce-ameublement-theme-flexible-multilingue\/\"]}]},{\"@type\":\"ImageObject\",\"inLanguage\":\"fr-FR\",\"@id\":\"https:\/\/woo-themes-plugins.com\/fr\/produit\/cheope-shop-theme-woocommerce-ameublement-theme-flexible-multilingue\/#primaryimage\",\"url\":\"https:\/\/woo-themes-plugins.com\/wp-content\/uploads\/sites\/7\/2018\/03\/woo-themes-plugins-handy-theme-woocommerce-ameublement-theme-flexible-multilingue-home-3.jpg\",\"contentUrl\":\"https:\/\/woo-themes-plugins.com\/wp-content\/uploads\/sites\/7\/2018\/03\/woo-themes-plugins-handy-theme-woocommerce-ameublement-theme-flexible-multilingue-home-3.jpg\",\"width\":1146,\"height\":900},{\"@type\":\"BreadcrumbList\",\"@id\":\"https:\/\/woo-themes-plugins.com\/fr\/produit\/cheope-shop-theme-woocommerce-ameublement-theme-flexible-multilingue\/#breadcrumb\",\"itemListElement\":[{\"@type\":\"ListItem\",\"position\":1,\"name\":\"Accueil\",\"item\":\"https:\/\/woo-themes-plugins.com\/fr\/\"},{\"@type\":\"ListItem\",\"position\":2,\"name\":\"Shop\",\"item\":\"https:\/\/woo-themes-plugins.com\/shop\/\"},{\"@type\":\"ListItem\",\"position\":3,\"name\":\"Cheope Shop &#8211; Th\u00e8me WooCommerce Ameublement &#8211; Th\u00e8me Flexible &amp; Multilingue\"}]},{\"@type\":\"WebSite\",\"@id\":\"https:\/\/woo-themes-plugins.com\/it\/#website\",\"url\":\"https:\/\/woo-themes-plugins.com\/it\/\",\"name\":\"Woo-themes-plugins.com\",\"description\":\"Tous les th\u00e8mes et plugins WooCommerce Premium\",\"potentialAction\":[{\"@type\":\"SearchAction\",\"target\":{\"@type\":\"EntryPoint\",\"urlTemplate\":\"https:\/\/woo-themes-plugins.com\/it\/?s={search_term_string}\"},\"query-input\":\"required name=search_term_string\"}],\"inLanguage\":\"fr-FR\"}]}<\/script>\n<!-- \/ Yoast SEO plugin. -->","yoast_head_json":{"title":"Cheope Shop - Th\u00e8me WooCommerce Ameublement - Th\u00e8me Flexible","robots":{"index":"index","follow":"follow","max-snippet":"max-snippet:-1","max-image-preview":"max-image-preview:large","max-video-preview":"max-video-preview:-1"},"canonical":"https:\/\/woo-themes-plugins.com\/fr\/produit\/cheope-shop-theme-woocommerce-ameublement-theme-flexible-multilingue\/","og_locale":"fr_FR","og_type":"article","og_title":"Cheope Shop - Th\u00e8me WooCommerce Ameublement - Th\u00e8me Flexible","og_description":"Cheope Shop est le th\u00e8me WooCommerce ameublement qui sait allier avec brio un style \u00e0 la fois minimaliste et tr\u00e8s moderne. Pour notre plus grand plaisir, ce th\u00e8me est parfaitement adapt\u00e9 \u00e0 WooCommerce ainsi qu'au moteur en-dessous de tout cela, j'ai nomm\u00e9 WordPress. Il nous est donc possible de jouer un peu partout avec notre nouveau th\u00e8me WooCommerce. Regardes un peu ce que te proposes ce th\u00e8me : 2 plugins premium de gestion de sliders \u00e9volu\u00e9s, un zoom produit tr\u00e8s efficace, un syst\u00e8me de pop up juste indispensable pour le eCommerce et bien plus encore !","og_url":"https:\/\/woo-themes-plugins.com\/fr\/produit\/cheope-shop-theme-woocommerce-ameublement-theme-flexible-multilingue\/","og_site_name":"Woo-themes-plugins.com","article_modified_time":"2018-04-26T16:18:15+00:00","og_image":[{"width":1146,"height":900,"url":"https:\/\/woo-themes-plugins.com\/wp-content\/uploads\/sites\/7\/2018\/03\/woo-themes-plugins-handy-theme-woocommerce-ameublement-theme-flexible-multilingue-home-3.jpg","type":"image\/jpeg"}],"schema":{"@context":"https:\/\/schema.org","@graph":[{"@type":"WebPage","@id":"https:\/\/woo-themes-plugins.com\/fr\/produit\/cheope-shop-theme-woocommerce-ameublement-theme-flexible-multilingue\/","url":"https:\/\/woo-themes-plugins.com\/fr\/produit\/cheope-shop-theme-woocommerce-ameublement-theme-flexible-multilingue\/","name":"Cheope Shop - Th\u00e8me WooCommerce Ameublement - Th\u00e8me Flexible","isPartOf":{"@id":"https:\/\/woo-themes-plugins.com\/it\/#website"},"primaryImageOfPage":{"@id":"https:\/\/woo-themes-plugins.com\/fr\/produit\/cheope-shop-theme-woocommerce-ameublement-theme-flexible-multilingue\/#primaryimage"},"image":{"@id":"https:\/\/woo-themes-plugins.com\/fr\/produit\/cheope-shop-theme-woocommerce-ameublement-theme-flexible-multilingue\/#primaryimage"},"thumbnailUrl":"https:\/\/woo-themes-plugins.com\/wp-content\/uploads\/sites\/7\/2018\/03\/woo-themes-plugins-handy-theme-woocommerce-ameublement-theme-flexible-multilingue-home-3.jpg","datePublished":"2018-03-28T07:18:40+00:00","dateModified":"2018-04-26T16:18:15+00:00","breadcrumb":{"@id":"https:\/\/woo-themes-plugins.com\/fr\/produit\/cheope-shop-theme-woocommerce-ameublement-theme-flexible-multilingue\/#breadcrumb"},"inLanguage":"fr-FR","potentialAction":[{"@type":"ReadAction","target":["https:\/\/woo-themes-plugins.com\/fr\/produit\/cheope-shop-theme-woocommerce-ameublement-theme-flexible-multilingue\/"]}]},{"@type":"ImageObject","inLanguage":"fr-FR","@id":"https:\/\/woo-themes-plugins.com\/fr\/produit\/cheope-shop-theme-woocommerce-ameublement-theme-flexible-multilingue\/#primaryimage","url":"https:\/\/woo-themes-plugins.com\/wp-content\/uploads\/sites\/7\/2018\/03\/woo-themes-plugins-handy-theme-woocommerce-ameublement-theme-flexible-multilingue-home-3.jpg","contentUrl":"https:\/\/woo-themes-plugins.com\/wp-content\/uploads\/sites\/7\/2018\/03\/woo-themes-plugins-handy-theme-woocommerce-ameublement-theme-flexible-multilingue-home-3.jpg","width":1146,"height":900},{"@type":"BreadcrumbList","@id":"https:\/\/woo-themes-plugins.com\/fr\/produit\/cheope-shop-theme-woocommerce-ameublement-theme-flexible-multilingue\/#breadcrumb","itemListElement":[{"@type":"ListItem","position":1,"name":"Accueil","item":"https:\/\/woo-themes-plugins.com\/fr\/"},{"@type":"ListItem","position":2,"name":"Shop","item":"https:\/\/woo-themes-plugins.com\/shop\/"},{"@type":"ListItem","position":3,"name":"Cheope Shop &#8211; Th\u00e8me WooCommerce Ameublement &#8211; Th\u00e8me Flexible &amp; Multilingue"}]},{"@type":"WebSite","@id":"https:\/\/woo-themes-plugins.com\/it\/#website","url":"https:\/\/woo-themes-plugins.com\/it\/","name":"Woo-themes-plugins.com","description":"Tous les th\u00e8mes et plugins WooCommerce Premium","potentialAction":[{"@type":"SearchAction","target":{"@type":"EntryPoint","urlTemplate":"https:\/\/woo-themes-plugins.com\/it\/?s={search_term_string}"},"query-input":"required name=search_term_string"}],"inLanguage":"fr-FR"}]}},"_links":{"self":[{"href":"https:\/\/woo-themes-plugins.com\/fr\/wp-json\/wp\/v2\/product\/1072","targetHints":{"allow":["GET"]}}],"collection":[{"href":"https:\/\/woo-themes-plugins.com\/fr\/wp-json\/wp\/v2\/product"}],"about":[{"href":"https:\/\/woo-themes-plugins.com\/fr\/wp-json\/wp\/v2\/types\/product"}],"wp:featuredmedia":[{"embeddable":true,"href":"https:\/\/woo-themes-plugins.com\/fr\/wp-json\/wp\/v2\/media\/1079"}],"wp:attachment":[{"href":"https:\/\/woo-themes-plugins.com\/fr\/wp-json\/wp\/v2\/media?parent=1072"}],"wp:term":[{"taxonomy":"product_cat","embeddable":true,"href":"https:\/\/woo-themes-plugins.com\/fr\/wp-json\/wp\/v2\/product_cat?post=1072"},{"taxonomy":"product_tag","embeddable":true,"href":"https:\/\/woo-themes-plugins.com\/fr\/wp-json\/wp\/v2\/product_tag?post=1072"}],"curies":[{"name":"wp","href":"https:\/\/api.w.org\/{rel}","templated":true}]}}