{"id":1121,"date":"2018-03-28T08:31:19","date_gmt":"2018-03-28T07:31:19","guid":{"rendered":"https:\/\/woo-themes-plugins.com\/?post_type=product&#038;p=1121"},"modified":"2018-04-26T17:18:01","modified_gmt":"2018-04-26T16:18:01","slug":"mega-shop-theme-woocommerce-place-de-marche-theme-gros-volumes-produits-references","status":"publish","type":"product","link":"https:\/\/woo-themes-plugins.com\/fr\/product\/mega-shop-theme-woocommerce-place-de-marche-theme-gros-volumes-produits-references\/","title":{"rendered":"Mega Shop &#8211; Th\u00e8me WooCommerce Place de March\u00e9 &#8211; Th\u00e8me Gros Volumes Produits \/ R\u00e9f\u00e9rences"},"content":{"rendered":"","protected":false},"excerpt":{"rendered":"<p>Toutes les boutiques de eCommerce ne sont pas \u00e9quivalente. Lorsqu&rsquo;on travail sur un gros volumes de produits, avec beaucoup de cat\u00e9gories, de sous-cat\u00e9gories, de tags, de fournisseurs&#8230; un th\u00e8me <em>classique <\/em>WooCommerce est compl\u00e8tement inadapt\u00e9. Il te faut choisir un th\u00e8me WooCommerce qui ait \u00e9t\u00e9 pens\u00e9 pour afficher tout cela correctement. C&rsquo;est exactement sur cette niche que vient se place <em>Mega Shop<\/em>, le th\u00e8me de r\u00e9f\u00e9rence en mati\u00e8re de place de march\u00e9 ou de site avec beaucoup de r\u00e9f\u00e9rences pour WooCommerce depuis 2014 !<\/p>\n","protected":false},"featured_media":1122,"template":"","meta":{"_monsterinsights_skip_tracking":false,"_monsterinsights_sitenote_active":false,"_monsterinsights_sitenote_note":"","_monsterinsights_sitenote_category":0},"product_cat":[139],"product_tag":[160,144,154,149,141,191,175,169,163,159,151,152,148],"class_list":["post-1121","product","type-product","status-publish","has-post-thumbnail","hentry","product_cat-theme-woocommerce","product_tag-bundle-plugins-premium","product_tag-debutant-woocommerce","product_tag-theme-woocommerce-avec-blog","product_tag-theme-woocommerce-avec-builder","product_tag-themes-woocommerce-personnalisable","product_tag-wishlist-woocommerce","product_tag-woocommerce-luxe-haut-de-gamme","product_tag-woocommerce-magasin-de-mode","product_tag-woocommerce-magasin-de-vetements","product_tag-woocommerce-revolution-slider","product_tag-woocommerce-installation-un-clic","product_tag-woocommerce-multilingue","product_tag-woocommerce-responsive","pa_dev-woo-plugin-theme-sara_p","pa_marketplace-woocommerce-themeforest-net"],"yoast_head":"<!-- This site is optimized with the Yoast SEO plugin v23.1 - https:\/\/yoast.com\/wordpress\/plugins\/seo\/ -->\n<title>Mega Shop - Th\u00e8me WooCommerce avec beaucoup de produits \/ R\u00e9f.<\/title>\n<meta name=\"robots\" content=\"index, follow, max-snippet:-1, max-image-preview:large, max-video-preview:-1\" \/>\n<link rel=\"canonical\" href=\"https:\/\/woo-themes-plugins.com\/fr\/produit\/mega-shop-theme-woocommerce-place-de-marche-theme-gros-volumes-produits-references\/\" \/>\n<meta property=\"og:locale\" content=\"fr_FR\" \/>\n<meta property=\"og:type\" content=\"article\" \/>\n<meta property=\"og:title\" content=\"Mega Shop - Th\u00e8me WooCommerce avec beaucoup de produits \/ R\u00e9f.\" \/>\n<meta property=\"og:description\" content=\"Toutes les boutiques de eCommerce ne sont pas \u00e9quivalente. Lorsqu&#039;on travail sur un gros volumes de produits, avec beaucoup de cat\u00e9gories, de sous-cat\u00e9gories, de tags, de fournisseurs... un th\u00e8me classique WooCommerce est compl\u00e8tement inadapt\u00e9. Il te faut choisir un th\u00e8me WooCommerce qui ait \u00e9t\u00e9 pens\u00e9 pour afficher tout cela correctement. C&#039;est exactement sur cette niche que vient se place Mega Shop, le th\u00e8me de r\u00e9f\u00e9rence en mati\u00e8re de place de march\u00e9 ou de site avec beaucoup de r\u00e9f\u00e9rences pour WooCommerce depuis 2014 !\" \/>\n<meta property=\"og:url\" content=\"https:\/\/woo-themes-plugins.com\/fr\/produit\/mega-shop-theme-woocommerce-place-de-marche-theme-gros-volumes-produits-references\/\" \/>\n<meta property=\"og:site_name\" content=\"Woo-themes-plugins.com\" \/>\n<meta property=\"article:modified_time\" content=\"2018-04-26T16:18:01+00:00\" \/>\n<meta property=\"og:image\" content=\"https:\/\/woo-themes-plugins.com\/wp-content\/uploads\/sites\/7\/2018\/03\/woo-themes-plugins-mega-shop-theme-woocommerce-place-de-marche-theme-beaucoup-references-produits-default.jpg\" \/>\n\t<meta property=\"og:image:width\" content=\"644\" \/>\n\t<meta property=\"og:image:height\" content=\"900\" \/>\n\t<meta property=\"og:image:type\" content=\"image\/jpeg\" \/>\n<script type=\"application\/ld+json\" class=\"yoast-schema-graph\">{\"@context\":\"https:\/\/schema.org\",\"@graph\":[{\"@type\":\"WebPage\",\"@id\":\"https:\/\/woo-themes-plugins.com\/fr\/produit\/mega-shop-theme-woocommerce-place-de-marche-theme-gros-volumes-produits-references\/\",\"url\":\"https:\/\/woo-themes-plugins.com\/fr\/produit\/mega-shop-theme-woocommerce-place-de-marche-theme-gros-volumes-produits-references\/\",\"name\":\"Mega Shop - Th\u00e8me WooCommerce avec beaucoup de produits \/ R\u00e9f.\",\"isPartOf\":{\"@id\":\"https:\/\/woo-themes-plugins.com\/it\/#website\"},\"primaryImageOfPage\":{\"@id\":\"https:\/\/woo-themes-plugins.com\/fr\/produit\/mega-shop-theme-woocommerce-place-de-marche-theme-gros-volumes-produits-references\/#primaryimage\"},\"image\":{\"@id\":\"https:\/\/woo-themes-plugins.com\/fr\/produit\/mega-shop-theme-woocommerce-place-de-marche-theme-gros-volumes-produits-references\/#primaryimage\"},\"thumbnailUrl\":\"https:\/\/woo-themes-plugins.com\/wp-content\/uploads\/sites\/7\/2018\/03\/woo-themes-plugins-mega-shop-theme-woocommerce-place-de-marche-theme-beaucoup-references-produits-default.jpg\",\"datePublished\":\"2018-03-28T07:31:19+00:00\",\"dateModified\":\"2018-04-26T16:18:01+00:00\",\"breadcrumb\":{\"@id\":\"https:\/\/woo-themes-plugins.com\/fr\/produit\/mega-shop-theme-woocommerce-place-de-marche-theme-gros-volumes-produits-references\/#breadcrumb\"},\"inLanguage\":\"fr-FR\",\"potentialAction\":[{\"@type\":\"ReadAction\",\"target\":[\"https:\/\/woo-themes-plugins.com\/fr\/produit\/mega-shop-theme-woocommerce-place-de-marche-theme-gros-volumes-produits-references\/\"]}]},{\"@type\":\"ImageObject\",\"inLanguage\":\"fr-FR\",\"@id\":\"https:\/\/woo-themes-plugins.com\/fr\/produit\/mega-shop-theme-woocommerce-place-de-marche-theme-gros-volumes-produits-references\/#primaryimage\",\"url\":\"https:\/\/woo-themes-plugins.com\/wp-content\/uploads\/sites\/7\/2018\/03\/woo-themes-plugins-mega-shop-theme-woocommerce-place-de-marche-theme-beaucoup-references-produits-default.jpg\",\"contentUrl\":\"https:\/\/woo-themes-plugins.com\/wp-content\/uploads\/sites\/7\/2018\/03\/woo-themes-plugins-mega-shop-theme-woocommerce-place-de-marche-theme-beaucoup-references-produits-default.jpg\",\"width\":644,\"height\":900},{\"@type\":\"BreadcrumbList\",\"@id\":\"https:\/\/woo-themes-plugins.com\/fr\/produit\/mega-shop-theme-woocommerce-place-de-marche-theme-gros-volumes-produits-references\/#breadcrumb\",\"itemListElement\":[{\"@type\":\"ListItem\",\"position\":1,\"name\":\"Accueil\",\"item\":\"https:\/\/woo-themes-plugins.com\/fr\/\"},{\"@type\":\"ListItem\",\"position\":2,\"name\":\"Shop\",\"item\":\"https:\/\/woo-themes-plugins.com\/shop\/\"},{\"@type\":\"ListItem\",\"position\":3,\"name\":\"Mega Shop &#8211; Th\u00e8me WooCommerce Place de March\u00e9 &#8211; Th\u00e8me Gros Volumes Produits \/ R\u00e9f\u00e9rences\"}]},{\"@type\":\"WebSite\",\"@id\":\"https:\/\/woo-themes-plugins.com\/it\/#website\",\"url\":\"https:\/\/woo-themes-plugins.com\/it\/\",\"name\":\"Woo-themes-plugins.com\",\"description\":\"Tous les th\u00e8mes et plugins WooCommerce Premium\",\"potentialAction\":[{\"@type\":\"SearchAction\",\"target\":{\"@type\":\"EntryPoint\",\"urlTemplate\":\"https:\/\/woo-themes-plugins.com\/it\/?s={search_term_string}\"},\"query-input\":\"required name=search_term_string\"}],\"inLanguage\":\"fr-FR\"}]}<\/script>\n<!-- \/ Yoast SEO plugin. -->","yoast_head_json":{"title":"Mega Shop - Th\u00e8me WooCommerce avec beaucoup de produits \/ R\u00e9f.","robots":{"index":"index","follow":"follow","max-snippet":"max-snippet:-1","max-image-preview":"max-image-preview:large","max-video-preview":"max-video-preview:-1"},"canonical":"https:\/\/woo-themes-plugins.com\/fr\/produit\/mega-shop-theme-woocommerce-place-de-marche-theme-gros-volumes-produits-references\/","og_locale":"fr_FR","og_type":"article","og_title":"Mega Shop - Th\u00e8me WooCommerce avec beaucoup de produits \/ R\u00e9f.","og_description":"Toutes les boutiques de eCommerce ne sont pas \u00e9quivalente. Lorsqu'on travail sur un gros volumes de produits, avec beaucoup de cat\u00e9gories, de sous-cat\u00e9gories, de tags, de fournisseurs... un th\u00e8me classique WooCommerce est compl\u00e8tement inadapt\u00e9. Il te faut choisir un th\u00e8me WooCommerce qui ait \u00e9t\u00e9 pens\u00e9 pour afficher tout cela correctement. C'est exactement sur cette niche que vient se place Mega Shop, le th\u00e8me de r\u00e9f\u00e9rence en mati\u00e8re de place de march\u00e9 ou de site avec beaucoup de r\u00e9f\u00e9rences pour WooCommerce depuis 2014 !","og_url":"https:\/\/woo-themes-plugins.com\/fr\/produit\/mega-shop-theme-woocommerce-place-de-marche-theme-gros-volumes-produits-references\/","og_site_name":"Woo-themes-plugins.com","article_modified_time":"2018-04-26T16:18:01+00:00","og_image":[{"width":644,"height":900,"url":"https:\/\/woo-themes-plugins.com\/wp-content\/uploads\/sites\/7\/2018\/03\/woo-themes-plugins-mega-shop-theme-woocommerce-place-de-marche-theme-beaucoup-references-produits-default.jpg","type":"image\/jpeg"}],"schema":{"@context":"https:\/\/schema.org","@graph":[{"@type":"WebPage","@id":"https:\/\/woo-themes-plugins.com\/fr\/produit\/mega-shop-theme-woocommerce-place-de-marche-theme-gros-volumes-produits-references\/","url":"https:\/\/woo-themes-plugins.com\/fr\/produit\/mega-shop-theme-woocommerce-place-de-marche-theme-gros-volumes-produits-references\/","name":"Mega Shop - Th\u00e8me WooCommerce avec beaucoup de produits \/ R\u00e9f.","isPartOf":{"@id":"https:\/\/woo-themes-plugins.com\/it\/#website"},"primaryImageOfPage":{"@id":"https:\/\/woo-themes-plugins.com\/fr\/produit\/mega-shop-theme-woocommerce-place-de-marche-theme-gros-volumes-produits-references\/#primaryimage"},"image":{"@id":"https:\/\/woo-themes-plugins.com\/fr\/produit\/mega-shop-theme-woocommerce-place-de-marche-theme-gros-volumes-produits-references\/#primaryimage"},"thumbnailUrl":"https:\/\/woo-themes-plugins.com\/wp-content\/uploads\/sites\/7\/2018\/03\/woo-themes-plugins-mega-shop-theme-woocommerce-place-de-marche-theme-beaucoup-references-produits-default.jpg","datePublished":"2018-03-28T07:31:19+00:00","dateModified":"2018-04-26T16:18:01+00:00","breadcrumb":{"@id":"https:\/\/woo-themes-plugins.com\/fr\/produit\/mega-shop-theme-woocommerce-place-de-marche-theme-gros-volumes-produits-references\/#breadcrumb"},"inLanguage":"fr-FR","potentialAction":[{"@type":"ReadAction","target":["https:\/\/woo-themes-plugins.com\/fr\/produit\/mega-shop-theme-woocommerce-place-de-marche-theme-gros-volumes-produits-references\/"]}]},{"@type":"ImageObject","inLanguage":"fr-FR","@id":"https:\/\/woo-themes-plugins.com\/fr\/produit\/mega-shop-theme-woocommerce-place-de-marche-theme-gros-volumes-produits-references\/#primaryimage","url":"https:\/\/woo-themes-plugins.com\/wp-content\/uploads\/sites\/7\/2018\/03\/woo-themes-plugins-mega-shop-theme-woocommerce-place-de-marche-theme-beaucoup-references-produits-default.jpg","contentUrl":"https:\/\/woo-themes-plugins.com\/wp-content\/uploads\/sites\/7\/2018\/03\/woo-themes-plugins-mega-shop-theme-woocommerce-place-de-marche-theme-beaucoup-references-produits-default.jpg","width":644,"height":900},{"@type":"BreadcrumbList","@id":"https:\/\/woo-themes-plugins.com\/fr\/produit\/mega-shop-theme-woocommerce-place-de-marche-theme-gros-volumes-produits-references\/#breadcrumb","itemListElement":[{"@type":"ListItem","position":1,"name":"Accueil","item":"https:\/\/woo-themes-plugins.com\/fr\/"},{"@type":"ListItem","position":2,"name":"Shop","item":"https:\/\/woo-themes-plugins.com\/shop\/"},{"@type":"ListItem","position":3,"name":"Mega Shop &#8211; Th\u00e8me WooCommerce Place de March\u00e9 &#8211; Th\u00e8me Gros Volumes Produits \/ R\u00e9f\u00e9rences"}]},{"@type":"WebSite","@id":"https:\/\/woo-themes-plugins.com\/it\/#website","url":"https:\/\/woo-themes-plugins.com\/it\/","name":"Woo-themes-plugins.com","description":"Tous les th\u00e8mes et plugins WooCommerce Premium","potentialAction":[{"@type":"SearchAction","target":{"@type":"EntryPoint","urlTemplate":"https:\/\/woo-themes-plugins.com\/it\/?s={search_term_string}"},"query-input":"required name=search_term_string"}],"inLanguage":"fr-FR"}]}},"_links":{"self":[{"href":"https:\/\/woo-themes-plugins.com\/fr\/wp-json\/wp\/v2\/product\/1121","targetHints":{"allow":["GET"]}}],"collection":[{"href":"https:\/\/woo-themes-plugins.com\/fr\/wp-json\/wp\/v2\/product"}],"about":[{"href":"https:\/\/woo-themes-plugins.com\/fr\/wp-json\/wp\/v2\/types\/product"}],"wp:featuredmedia":[{"embeddable":true,"href":"https:\/\/woo-themes-plugins.com\/fr\/wp-json\/wp\/v2\/media\/1122"}],"wp:attachment":[{"href":"https:\/\/woo-themes-plugins.com\/fr\/wp-json\/wp\/v2\/media?parent=1121"}],"wp:term":[{"taxonomy":"product_cat","embeddable":true,"href":"https:\/\/woo-themes-plugins.com\/fr\/wp-json\/wp\/v2\/product_cat?post=1121"},{"taxonomy":"product_tag","embeddable":true,"href":"https:\/\/woo-themes-plugins.com\/fr\/wp-json\/wp\/v2\/product_tag?post=1121"}],"curies":[{"name":"wp","href":"https:\/\/api.w.org\/{rel}","templated":true}]}}