{"id":1164,"date":"2018-03-28T08:41:06","date_gmt":"2018-03-28T07:41:06","guid":{"rendered":"https:\/\/woo-themes-plugins.com\/?post_type=product&#038;p=1164"},"modified":"2018-04-26T17:17:51","modified_gmt":"2018-04-26T16:17:51","slug":"abundance-theme-woocommerce-polyvalent-elegant-megamenu-zoom-html5","status":"publish","type":"product","link":"https:\/\/woo-themes-plugins.com\/fr\/product\/abundance-theme-woocommerce-polyvalent-elegant-megamenu-zoom-html5\/","title":{"rendered":"Abundance &#8211; Th\u00e8me WooCommerce Polyvalent &amp; \u00c9l\u00e9gant &#8211; MegaMenu, Zoom &amp; HTML5"},"content":{"rendered":"<p>Abundance est un th\u00e8me pour WooCommerce qui cherche \u00e0 \u00eatre esth\u00e9tiquement \u00e9l\u00e9gant et techniquement polyvalent, le tout sans le moindre besoin de connaissance en terme de d\u00e9veloppement web.<\/p>\n<p>Le nom de ce th\u00e8me WooCommerce se comprend rapidement lorsqu&rsquo;on prend connaissance de toutes les options qu&rsquo;il embarque. Prenons par exemple les lecteurs de diaporamas (<em>slideshow<\/em>). Il en propose 5 diff\u00e9rents :<\/p>\n<ul>\n<li>AviaCordion Slider : Un syst\u00e8me de diaporama totalement int\u00e9gr\u00e9 \u00e0 ton site, gr\u00e2ce \u00e0 du JavaScript. Ce diaporama accepte aussi bien les images que les vid\u00e9os, et peut tout ouvrir dans une lightbox.<\/li>\n<li>Piecemaker2 : Syst\u00e8me de slide <em>3D<\/em> qui est enti\u00e8rement configurable au travers de l&rsquo;interface d&rsquo;administration de WordPress..<\/li>\n<li>Aviaslider : Tr\u00e8s proche du premier slider, celui-ci accepte en plus beaucoup d&rsquo;effets de transitions.<\/li>\n<li>Fade Slider : Un syst\u00e8me de diaporama tr\u00e8s limit\u00e9, mais tr\u00e8s l\u00eager.<\/li>\n<li>Caption Slider : Ce syst\u00e8me de diaporama peut venir am\u00e9liorer un peu le rendu de tes images, tout en proposant l&rsquo;ajout de boutons.<\/li>\n<\/ul>\n<p>Pour ce qui est des polices de caract\u00e8re et des couleurs, tu auras acc\u00e8s \u00e0 une interface de personnalisation. Pour gagner du temps, tu peux choisir parmi une s\u00e9lection de 16 palettes de couleurs diff\u00e9rentes.<\/p>\n<p>La mise en page de l&rsquo;ensemble de ton site est assur\u00e9e par le fait que ce th\u00e8me vient avec beaucoup d&rsquo;\u00e9l\u00e9ments de mise en page pr\u00e9configur\u00e9s, mais qui peuvent toujours \u00eatre modifi\u00e9es pour s&rsquo;adapter \u00e0 tes besoins. Abundance pense aussi que la partie blog d&rsquo;un site de eCommerce est une part importante et doit \u00e0 ce titre \u00eatre <em>bien trait\u00e9e<\/em>. C&rsquo;est pourquoi tu vas pouvoir choisir parmi diff\u00e9rentes proposition <em>aussi<\/em> pour ton blog; ce qui se fait quand m\u00eame de plus en plus rare dans les th\u00e8mes trop <em>concentr\u00e9s<\/em> sur WooCommerce.<\/p>\n","protected":false},"excerpt":{"rendered":"<p>Tu recherches un th\u00e8me WooCommerce qui ait \u00e9t\u00e9 avant tout pens\u00e9 pour offrir des performances au-dessus du lot en mati\u00e8re de SEO ? Alors <em>Abundance <\/em>est un th\u00e8me WooCommerce \u00e0 \u00e9tudier de pr\u00e8s tant son concepteur y a apporter une attention toute particuli\u00e8re. Il suffit de lire ce qui suit pour s&rsquo;en convaincre : durant tout le processus de d\u00e9veloppement, ce th\u00e8me a \u00e9t\u00e9 d\u00e9velopp\u00e9 en gardant bien \u00e0 l&rsquo;esprit toutes les r\u00e8gles pertinentes pour le SEO c&rsquo;est pourquoi tout le code HMTL utilise des balises s\u00e9mantiques valident. Tout le contenu important, pour le r\u00e9f\u00e9rencement naturel, est toujours plac\u00e9 le plus haut possible dans le code source pour montrer son importance aux robots des moteurs de recherche.<\/p>\n<p>Pour cr\u00e9er rapidement un site de eCommerce avec WooCommerce, ce th\u00e8me est aussi id\u00e9al car il vient accompagn\u00e9 de 16 mises en pages diff\u00e9rentes pour\u00a0 la page d&rsquo;accueil.<\/p>\n","protected":false},"featured_media":3123,"template":"","meta":{"_monsterinsights_skip_tracking":false,"_monsterinsights_sitenote_active":false,"_monsterinsights_sitenote_note":"","_monsterinsights_sitenote_category":0},"product_cat":[139],"product_tag":[144,154,149,141,175,169,151,152,148],"class_list":["post-1164","product","type-product","status-publish","has-post-thumbnail","hentry","product_cat-theme-woocommerce","product_tag-debutant-woocommerce","product_tag-theme-woocommerce-avec-blog","product_tag-theme-woocommerce-avec-builder","product_tag-themes-woocommerce-personnalisable","product_tag-woocommerce-luxe-haut-de-gamme","product_tag-woocommerce-magasin-de-mode","product_tag-woocommerce-installation-un-clic","product_tag-woocommerce-multilingue","product_tag-woocommerce-responsive","pa_dev-woo-plugin-theme-kriesi","pa_marketplace-woocommerce-themeforest-net"],"yoast_head":"<!-- This site is optimized with the Yoast SEO plugin v23.1 - https:\/\/yoast.com\/wordpress\/plugins\/seo\/ -->\n<title>Abundance - Th\u00e8me WooCommerce Polyvalent &amp; \u00c9l\u00e9gant<\/title>\n<meta name=\"robots\" content=\"index, follow, max-snippet:-1, max-image-preview:large, max-video-preview:-1\" \/>\n<link rel=\"canonical\" href=\"https:\/\/woo-themes-plugins.com\/fr\/produit\/abundance-theme-woocommerce-polyvalent-elegant-megamenu-zoom-html5\/\" \/>\n<meta property=\"og:locale\" content=\"fr_FR\" \/>\n<meta property=\"og:type\" content=\"article\" \/>\n<meta property=\"og:title\" content=\"Abundance - Th\u00e8me WooCommerce Polyvalent &amp; \u00c9l\u00e9gant\" \/>\n<meta property=\"og:description\" content=\"Tu recherches un th\u00e8me WooCommerce qui ait \u00e9t\u00e9 avant tout pens\u00e9 pour offrir des performances au-dessus du lot en mati\u00e8re de SEO ? Alors Abundance est un th\u00e8me WooCommerce \u00e0 \u00e9tudier de pr\u00e8s tant son concepteur y a apporter une attention toute particuli\u00e8re. Il suffit de lire ce qui suit pour s&#039;en convaincre : durant tout le processus de d\u00e9veloppement, ce th\u00e8me a \u00e9t\u00e9 d\u00e9velopp\u00e9 en gardant bien \u00e0 l&#039;esprit toutes les r\u00e8gles pertinentes pour le SEO c&#039;est pourquoi tout le code HMTL utilise des balises s\u00e9mantiques valident. Tout le contenu important, pour le r\u00e9f\u00e9rencement naturel, est toujours plac\u00e9 le plus haut possible dans le code source pour montrer son importance aux robots des moteurs de recherche.  Pour cr\u00e9er rapidement un site de eCommerce avec WooCommerce, ce th\u00e8me est aussi id\u00e9al car il vient accompagn\u00e9 de 16 mises en pages diff\u00e9rentes pour\u00a0 la page d&#039;accueil.\" \/>\n<meta property=\"og:url\" content=\"https:\/\/woo-themes-plugins.com\/fr\/produit\/abundance-theme-woocommerce-polyvalent-elegant-megamenu-zoom-html5\/\" \/>\n<meta property=\"og:site_name\" content=\"Woo-themes-plugins.com\" \/>\n<meta property=\"article:modified_time\" content=\"2018-04-26T16:17:51+00:00\" \/>\n<meta property=\"og:image\" content=\"https:\/\/woo-themes-plugins.com\/wp-content\/uploads\/sites\/7\/2018\/03\/woo-themes-plugins-abundance-theme-woocommerce-polyvalent-elegant-megamenu-zoom-html5-4.jpg\" \/>\n\t<meta property=\"og:image:width\" content=\"644\" \/>\n\t<meta property=\"og:image:height\" content=\"900\" \/>\n\t<meta property=\"og:image:type\" content=\"image\/jpeg\" \/>\n<meta name=\"twitter:label1\" content=\"Dur\u00e9e de lecture estim\u00e9e\" \/>\n\t<meta name=\"twitter:data1\" content=\"2 minutes\" \/>\n<script type=\"application\/ld+json\" class=\"yoast-schema-graph\">{\"@context\":\"https:\/\/schema.org\",\"@graph\":[{\"@type\":\"WebPage\",\"@id\":\"https:\/\/woo-themes-plugins.com\/fr\/produit\/abundance-theme-woocommerce-polyvalent-elegant-megamenu-zoom-html5\/\",\"url\":\"https:\/\/woo-themes-plugins.com\/fr\/produit\/abundance-theme-woocommerce-polyvalent-elegant-megamenu-zoom-html5\/\",\"name\":\"Abundance - Th\u00e8me WooCommerce Polyvalent & \u00c9l\u00e9gant\",\"isPartOf\":{\"@id\":\"https:\/\/woo-themes-plugins.com\/it\/#website\"},\"primaryImageOfPage\":{\"@id\":\"https:\/\/woo-themes-plugins.com\/fr\/produit\/abundance-theme-woocommerce-polyvalent-elegant-megamenu-zoom-html5\/#primaryimage\"},\"image\":{\"@id\":\"https:\/\/woo-themes-plugins.com\/fr\/produit\/abundance-theme-woocommerce-polyvalent-elegant-megamenu-zoom-html5\/#primaryimage\"},\"thumbnailUrl\":\"https:\/\/woo-themes-plugins.com\/wp-content\/uploads\/sites\/7\/2018\/03\/woo-themes-plugins-abundance-theme-woocommerce-polyvalent-elegant-megamenu-zoom-html5-4.jpg\",\"datePublished\":\"2018-03-28T07:41:06+00:00\",\"dateModified\":\"2018-04-26T16:17:51+00:00\",\"breadcrumb\":{\"@id\":\"https:\/\/woo-themes-plugins.com\/fr\/produit\/abundance-theme-woocommerce-polyvalent-elegant-megamenu-zoom-html5\/#breadcrumb\"},\"inLanguage\":\"fr-FR\",\"potentialAction\":[{\"@type\":\"ReadAction\",\"target\":[\"https:\/\/woo-themes-plugins.com\/fr\/produit\/abundance-theme-woocommerce-polyvalent-elegant-megamenu-zoom-html5\/\"]}]},{\"@type\":\"ImageObject\",\"inLanguage\":\"fr-FR\",\"@id\":\"https:\/\/woo-themes-plugins.com\/fr\/produit\/abundance-theme-woocommerce-polyvalent-elegant-megamenu-zoom-html5\/#primaryimage\",\"url\":\"https:\/\/woo-themes-plugins.com\/wp-content\/uploads\/sites\/7\/2018\/03\/woo-themes-plugins-abundance-theme-woocommerce-polyvalent-elegant-megamenu-zoom-html5-4.jpg\",\"contentUrl\":\"https:\/\/woo-themes-plugins.com\/wp-content\/uploads\/sites\/7\/2018\/03\/woo-themes-plugins-abundance-theme-woocommerce-polyvalent-elegant-megamenu-zoom-html5-4.jpg\",\"width\":644,\"height\":900},{\"@type\":\"BreadcrumbList\",\"@id\":\"https:\/\/woo-themes-plugins.com\/fr\/produit\/abundance-theme-woocommerce-polyvalent-elegant-megamenu-zoom-html5\/#breadcrumb\",\"itemListElement\":[{\"@type\":\"ListItem\",\"position\":1,\"name\":\"Accueil\",\"item\":\"https:\/\/woo-themes-plugins.com\/fr\/\"},{\"@type\":\"ListItem\",\"position\":2,\"name\":\"Shop\",\"item\":\"https:\/\/woo-themes-plugins.com\/shop\/\"},{\"@type\":\"ListItem\",\"position\":3,\"name\":\"Abundance &#8211; Th\u00e8me WooCommerce Polyvalent &amp; \u00c9l\u00e9gant &#8211; MegaMenu, Zoom &amp; HTML5\"}]},{\"@type\":\"WebSite\",\"@id\":\"https:\/\/woo-themes-plugins.com\/it\/#website\",\"url\":\"https:\/\/woo-themes-plugins.com\/it\/\",\"name\":\"Woo-themes-plugins.com\",\"description\":\"Tous les th\u00e8mes et plugins WooCommerce Premium\",\"potentialAction\":[{\"@type\":\"SearchAction\",\"target\":{\"@type\":\"EntryPoint\",\"urlTemplate\":\"https:\/\/woo-themes-plugins.com\/it\/?s={search_term_string}\"},\"query-input\":\"required name=search_term_string\"}],\"inLanguage\":\"fr-FR\"}]}<\/script>\n<!-- \/ Yoast SEO plugin. -->","yoast_head_json":{"title":"Abundance - Th\u00e8me WooCommerce Polyvalent & \u00c9l\u00e9gant","robots":{"index":"index","follow":"follow","max-snippet":"max-snippet:-1","max-image-preview":"max-image-preview:large","max-video-preview":"max-video-preview:-1"},"canonical":"https:\/\/woo-themes-plugins.com\/fr\/produit\/abundance-theme-woocommerce-polyvalent-elegant-megamenu-zoom-html5\/","og_locale":"fr_FR","og_type":"article","og_title":"Abundance - Th\u00e8me WooCommerce Polyvalent & \u00c9l\u00e9gant","og_description":"Tu recherches un th\u00e8me WooCommerce qui ait \u00e9t\u00e9 avant tout pens\u00e9 pour offrir des performances au-dessus du lot en mati\u00e8re de SEO ? Alors Abundance est un th\u00e8me WooCommerce \u00e0 \u00e9tudier de pr\u00e8s tant son concepteur y a apporter une attention toute particuli\u00e8re. Il suffit de lire ce qui suit pour s'en convaincre : durant tout le processus de d\u00e9veloppement, ce th\u00e8me a \u00e9t\u00e9 d\u00e9velopp\u00e9 en gardant bien \u00e0 l'esprit toutes les r\u00e8gles pertinentes pour le SEO c'est pourquoi tout le code HMTL utilise des balises s\u00e9mantiques valident. Tout le contenu important, pour le r\u00e9f\u00e9rencement naturel, est toujours plac\u00e9 le plus haut possible dans le code source pour montrer son importance aux robots des moteurs de recherche.  Pour cr\u00e9er rapidement un site de eCommerce avec WooCommerce, ce th\u00e8me est aussi id\u00e9al car il vient accompagn\u00e9 de 16 mises en pages diff\u00e9rentes pour\u00a0 la page d'accueil.","og_url":"https:\/\/woo-themes-plugins.com\/fr\/produit\/abundance-theme-woocommerce-polyvalent-elegant-megamenu-zoom-html5\/","og_site_name":"Woo-themes-plugins.com","article_modified_time":"2018-04-26T16:17:51+00:00","og_image":[{"width":644,"height":900,"url":"https:\/\/woo-themes-plugins.com\/wp-content\/uploads\/sites\/7\/2018\/03\/woo-themes-plugins-abundance-theme-woocommerce-polyvalent-elegant-megamenu-zoom-html5-4.jpg","type":"image\/jpeg"}],"twitter_misc":{"Dur\u00e9e de lecture estim\u00e9e":"2 minutes"},"schema":{"@context":"https:\/\/schema.org","@graph":[{"@type":"WebPage","@id":"https:\/\/woo-themes-plugins.com\/fr\/produit\/abundance-theme-woocommerce-polyvalent-elegant-megamenu-zoom-html5\/","url":"https:\/\/woo-themes-plugins.com\/fr\/produit\/abundance-theme-woocommerce-polyvalent-elegant-megamenu-zoom-html5\/","name":"Abundance - Th\u00e8me WooCommerce Polyvalent & \u00c9l\u00e9gant","isPartOf":{"@id":"https:\/\/woo-themes-plugins.com\/it\/#website"},"primaryImageOfPage":{"@id":"https:\/\/woo-themes-plugins.com\/fr\/produit\/abundance-theme-woocommerce-polyvalent-elegant-megamenu-zoom-html5\/#primaryimage"},"image":{"@id":"https:\/\/woo-themes-plugins.com\/fr\/produit\/abundance-theme-woocommerce-polyvalent-elegant-megamenu-zoom-html5\/#primaryimage"},"thumbnailUrl":"https:\/\/woo-themes-plugins.com\/wp-content\/uploads\/sites\/7\/2018\/03\/woo-themes-plugins-abundance-theme-woocommerce-polyvalent-elegant-megamenu-zoom-html5-4.jpg","datePublished":"2018-03-28T07:41:06+00:00","dateModified":"2018-04-26T16:17:51+00:00","breadcrumb":{"@id":"https:\/\/woo-themes-plugins.com\/fr\/produit\/abundance-theme-woocommerce-polyvalent-elegant-megamenu-zoom-html5\/#breadcrumb"},"inLanguage":"fr-FR","potentialAction":[{"@type":"ReadAction","target":["https:\/\/woo-themes-plugins.com\/fr\/produit\/abundance-theme-woocommerce-polyvalent-elegant-megamenu-zoom-html5\/"]}]},{"@type":"ImageObject","inLanguage":"fr-FR","@id":"https:\/\/woo-themes-plugins.com\/fr\/produit\/abundance-theme-woocommerce-polyvalent-elegant-megamenu-zoom-html5\/#primaryimage","url":"https:\/\/woo-themes-plugins.com\/wp-content\/uploads\/sites\/7\/2018\/03\/woo-themes-plugins-abundance-theme-woocommerce-polyvalent-elegant-megamenu-zoom-html5-4.jpg","contentUrl":"https:\/\/woo-themes-plugins.com\/wp-content\/uploads\/sites\/7\/2018\/03\/woo-themes-plugins-abundance-theme-woocommerce-polyvalent-elegant-megamenu-zoom-html5-4.jpg","width":644,"height":900},{"@type":"BreadcrumbList","@id":"https:\/\/woo-themes-plugins.com\/fr\/produit\/abundance-theme-woocommerce-polyvalent-elegant-megamenu-zoom-html5\/#breadcrumb","itemListElement":[{"@type":"ListItem","position":1,"name":"Accueil","item":"https:\/\/woo-themes-plugins.com\/fr\/"},{"@type":"ListItem","position":2,"name":"Shop","item":"https:\/\/woo-themes-plugins.com\/shop\/"},{"@type":"ListItem","position":3,"name":"Abundance &#8211; Th\u00e8me WooCommerce Polyvalent &amp; \u00c9l\u00e9gant &#8211; MegaMenu, Zoom &amp; HTML5"}]},{"@type":"WebSite","@id":"https:\/\/woo-themes-plugins.com\/it\/#website","url":"https:\/\/woo-themes-plugins.com\/it\/","name":"Woo-themes-plugins.com","description":"Tous les th\u00e8mes et plugins WooCommerce Premium","potentialAction":[{"@type":"SearchAction","target":{"@type":"EntryPoint","urlTemplate":"https:\/\/woo-themes-plugins.com\/it\/?s={search_term_string}"},"query-input":"required name=search_term_string"}],"inLanguage":"fr-FR"}]}},"_links":{"self":[{"href":"https:\/\/woo-themes-plugins.com\/fr\/wp-json\/wp\/v2\/product\/1164","targetHints":{"allow":["GET"]}}],"collection":[{"href":"https:\/\/woo-themes-plugins.com\/fr\/wp-json\/wp\/v2\/product"}],"about":[{"href":"https:\/\/woo-themes-plugins.com\/fr\/wp-json\/wp\/v2\/types\/product"}],"wp:featuredmedia":[{"embeddable":true,"href":"https:\/\/woo-themes-plugins.com\/fr\/wp-json\/wp\/v2\/media\/3123"}],"wp:attachment":[{"href":"https:\/\/woo-themes-plugins.com\/fr\/wp-json\/wp\/v2\/media?parent=1164"}],"wp:term":[{"taxonomy":"product_cat","embeddable":true,"href":"https:\/\/woo-themes-plugins.com\/fr\/wp-json\/wp\/v2\/product_cat?post=1164"},{"taxonomy":"product_tag","embeddable":true,"href":"https:\/\/woo-themes-plugins.com\/fr\/wp-json\/wp\/v2\/product_tag?post=1164"}],"curies":[{"name":"wp","href":"https:\/\/api.w.org\/{rel}","templated":true}]}}