{"id":220,"date":"2018-03-24T06:44:17","date_gmt":"2018-03-24T05:44:17","guid":{"rendered":"https:\/\/woo-themes-plugins.com\/?post_type=product&#038;p=220"},"modified":"2018-04-26T17:36:58","modified_gmt":"2018-04-26T16:36:58","slug":"stripe-solution-paiement-woocommerce-plugin-woocommerce-copie","status":"publish","type":"product","link":"https:\/\/woo-themes-plugins.com\/fr\/product\/stripe-solution-paiement-woocommerce-plugin-woocommerce-copie\/","title":{"rendered":"Amazon Pay &#8211; Solution Paiement WooCommerce &#8211; Plugin WooCommerce"},"content":{"rendered":"<p>Ce plugin WooCommerce <em>Amazon Pay <\/em>va te permettre \u00e0 des millions de clients Amazon d&rsquo;utiliser les informations de leur compte client, \u00e0 savoir les infos de paiement et de livraison, directement sur votre site de eCommerce.<\/p>\n<p>Avec ce plugin WooCommerce, vos clients auront seulement besoin de se connecter \u00e0 votre site en utilisant leur identifiant Amazon, et tout le reste se compl\u00e9tera automatiquement pour eux. Ce plugin apportera un v\u00e9ritable plus en terme d&rsquo;exp\u00e9rience client au niveau du checkout, connu pour \u00eatre l&rsquo;endroit de son site de eCommerce o\u00f9 l&rsquo;on perd le plus de client.<\/p>\n<p>En plus, ce plugin Amazon va te permettre d&rsquo;acc\u00e9der \u00e0 des fonctionnalit\u00e9s suppl\u00e9mentaires comme :<\/p>\n<ul>\n<li>La protection anti-fraude d&rsquo;Amazon<\/li>\n<li>Commandes envoy\u00e9es sur Amazon Payments<\/li>\n<li>Widget adapt\u00e9 aux mobiles et tablettes<\/li>\n<li>Les clients restent sur votre site durant tout le checkout<\/li>\n<li>Support des paiements reccurants gr\u00e2ce au plugin <a href=\"\/?p=243\">WooCommerce Subscriptions<\/a><\/li>\n<\/ul>\n","protected":false},"excerpt":{"rendered":"<p>Le plugin <em>Amazon Pay <\/em>te permettras d&rsquo;int\u00e9grer la solution de paiement \u00e9ponyme \u00e0 ton site de eCommerce WooCommerce.<\/p>\n","protected":false},"featured_media":223,"template":"","meta":{"_monsterinsights_skip_tracking":false,"_monsterinsights_sitenote_active":false,"_monsterinsights_sitenote_note":"","_monsterinsights_sitenote_category":0},"product_cat":[40],"product_tag":[120,41],"class_list":["post-220","product","type-product","status-publish","has-post-thumbnail","hentry","product_cat-plugin-woocommerce","product_tag-extension-woocommerce-gratuite","product_tag-solution-paiement-woocommerce","pa_dev-woo-plugin-theme-woocommerce","pa_marketplace-woocommerce-woocommerce-com"],"yoast_head":"<!-- This site is optimized with the Yoast SEO plugin v23.1 - https:\/\/yoast.com\/wordpress\/plugins\/seo\/ -->\n<title>Amazon Pay - Solution Paiement WooCommerce - Plugin WooCommerce<\/title>\n<meta name=\"description\" content=\"Le plugin WooCommerce pour g\u00e9rer la solution de paiement Stripe.\" \/>\n<meta name=\"robots\" content=\"index, follow, max-snippet:-1, max-image-preview:large, max-video-preview:-1\" \/>\n<link rel=\"canonical\" href=\"https:\/\/woo-themes-plugins.com\/fr\/produit\/stripe-solution-paiement-woocommerce-plugin-woocommerce-copie\/\" \/>\n<meta property=\"og:locale\" content=\"fr_FR\" \/>\n<meta property=\"og:type\" content=\"article\" \/>\n<meta property=\"og:title\" content=\"Amazon Pay - Solution Paiement WooCommerce - Plugin WooCommerce\" \/>\n<meta property=\"og:description\" content=\"Le plugin WooCommerce pour g\u00e9rer la solution de paiement Stripe.\" \/>\n<meta property=\"og:url\" content=\"https:\/\/woo-themes-plugins.com\/fr\/produit\/stripe-solution-paiement-woocommerce-plugin-woocommerce-copie\/\" \/>\n<meta property=\"og:site_name\" content=\"Woo-themes-plugins.com\" \/>\n<meta property=\"article:modified_time\" content=\"2018-04-26T16:36:58+00:00\" \/>\n<meta property=\"og:image\" content=\"https:\/\/woo-themes-plugins.com\/wp-content\/uploads\/sites\/7\/2018\/03\/Amazon-pay.png\" \/>\n\t<meta property=\"og:image:width\" content=\"800\" \/>\n\t<meta property=\"og:image:height\" content=\"600\" \/>\n\t<meta property=\"og:image:type\" content=\"image\/png\" \/>\n<meta name=\"twitter:label1\" content=\"Dur\u00e9e de lecture estim\u00e9e\" \/>\n\t<meta name=\"twitter:data1\" content=\"1 minute\" \/>\n<script type=\"application\/ld+json\" class=\"yoast-schema-graph\">{\"@context\":\"https:\/\/schema.org\",\"@graph\":[{\"@type\":\"WebPage\",\"@id\":\"https:\/\/woo-themes-plugins.com\/fr\/produit\/stripe-solution-paiement-woocommerce-plugin-woocommerce-copie\/\",\"url\":\"https:\/\/woo-themes-plugins.com\/fr\/produit\/stripe-solution-paiement-woocommerce-plugin-woocommerce-copie\/\",\"name\":\"Amazon Pay - Solution Paiement WooCommerce - Plugin WooCommerce\",\"isPartOf\":{\"@id\":\"https:\/\/woo-themes-plugins.com\/it\/#website\"},\"primaryImageOfPage\":{\"@id\":\"https:\/\/woo-themes-plugins.com\/fr\/produit\/stripe-solution-paiement-woocommerce-plugin-woocommerce-copie\/#primaryimage\"},\"image\":{\"@id\":\"https:\/\/woo-themes-plugins.com\/fr\/produit\/stripe-solution-paiement-woocommerce-plugin-woocommerce-copie\/#primaryimage\"},\"thumbnailUrl\":\"https:\/\/woo-themes-plugins.com\/wp-content\/uploads\/sites\/7\/2018\/03\/Amazon-pay.png\",\"datePublished\":\"2018-03-24T05:44:17+00:00\",\"dateModified\":\"2018-04-26T16:36:58+00:00\",\"description\":\"Le plugin WooCommerce pour g\u00e9rer la solution de paiement Stripe.\",\"breadcrumb\":{\"@id\":\"https:\/\/woo-themes-plugins.com\/fr\/produit\/stripe-solution-paiement-woocommerce-plugin-woocommerce-copie\/#breadcrumb\"},\"inLanguage\":\"fr-FR\",\"potentialAction\":[{\"@type\":\"ReadAction\",\"target\":[\"https:\/\/woo-themes-plugins.com\/fr\/produit\/stripe-solution-paiement-woocommerce-plugin-woocommerce-copie\/\"]}]},{\"@type\":\"ImageObject\",\"inLanguage\":\"fr-FR\",\"@id\":\"https:\/\/woo-themes-plugins.com\/fr\/produit\/stripe-solution-paiement-woocommerce-plugin-woocommerce-copie\/#primaryimage\",\"url\":\"https:\/\/woo-themes-plugins.com\/wp-content\/uploads\/sites\/7\/2018\/03\/Amazon-pay.png\",\"contentUrl\":\"https:\/\/woo-themes-plugins.com\/wp-content\/uploads\/sites\/7\/2018\/03\/Amazon-pay.png\",\"width\":800,\"height\":600},{\"@type\":\"BreadcrumbList\",\"@id\":\"https:\/\/woo-themes-plugins.com\/fr\/produit\/stripe-solution-paiement-woocommerce-plugin-woocommerce-copie\/#breadcrumb\",\"itemListElement\":[{\"@type\":\"ListItem\",\"position\":1,\"name\":\"Accueil\",\"item\":\"https:\/\/woo-themes-plugins.com\/fr\/\"},{\"@type\":\"ListItem\",\"position\":2,\"name\":\"Shop\",\"item\":\"https:\/\/woo-themes-plugins.com\/shop\/\"},{\"@type\":\"ListItem\",\"position\":3,\"name\":\"Amazon Pay &#8211; Solution Paiement WooCommerce &#8211; Plugin WooCommerce\"}]},{\"@type\":\"WebSite\",\"@id\":\"https:\/\/woo-themes-plugins.com\/it\/#website\",\"url\":\"https:\/\/woo-themes-plugins.com\/it\/\",\"name\":\"Woo-themes-plugins.com\",\"description\":\"Tous les th\u00e8mes et plugins WooCommerce Premium\",\"potentialAction\":[{\"@type\":\"SearchAction\",\"target\":{\"@type\":\"EntryPoint\",\"urlTemplate\":\"https:\/\/woo-themes-plugins.com\/it\/?s={search_term_string}\"},\"query-input\":\"required name=search_term_string\"}],\"inLanguage\":\"fr-FR\"}]}<\/script>\n<!-- \/ Yoast SEO plugin. -->","yoast_head_json":{"title":"Amazon Pay - Solution Paiement WooCommerce - Plugin WooCommerce","description":"Le plugin WooCommerce pour g\u00e9rer la solution de paiement Stripe.","robots":{"index":"index","follow":"follow","max-snippet":"max-snippet:-1","max-image-preview":"max-image-preview:large","max-video-preview":"max-video-preview:-1"},"canonical":"https:\/\/woo-themes-plugins.com\/fr\/produit\/stripe-solution-paiement-woocommerce-plugin-woocommerce-copie\/","og_locale":"fr_FR","og_type":"article","og_title":"Amazon Pay - Solution Paiement WooCommerce - Plugin WooCommerce","og_description":"Le plugin WooCommerce pour g\u00e9rer la solution de paiement Stripe.","og_url":"https:\/\/woo-themes-plugins.com\/fr\/produit\/stripe-solution-paiement-woocommerce-plugin-woocommerce-copie\/","og_site_name":"Woo-themes-plugins.com","article_modified_time":"2018-04-26T16:36:58+00:00","og_image":[{"width":800,"height":600,"url":"https:\/\/woo-themes-plugins.com\/wp-content\/uploads\/sites\/7\/2018\/03\/Amazon-pay.png","type":"image\/png"}],"twitter_misc":{"Dur\u00e9e de lecture estim\u00e9e":"1 minute"},"schema":{"@context":"https:\/\/schema.org","@graph":[{"@type":"WebPage","@id":"https:\/\/woo-themes-plugins.com\/fr\/produit\/stripe-solution-paiement-woocommerce-plugin-woocommerce-copie\/","url":"https:\/\/woo-themes-plugins.com\/fr\/produit\/stripe-solution-paiement-woocommerce-plugin-woocommerce-copie\/","name":"Amazon Pay - Solution Paiement WooCommerce - Plugin WooCommerce","isPartOf":{"@id":"https:\/\/woo-themes-plugins.com\/it\/#website"},"primaryImageOfPage":{"@id":"https:\/\/woo-themes-plugins.com\/fr\/produit\/stripe-solution-paiement-woocommerce-plugin-woocommerce-copie\/#primaryimage"},"image":{"@id":"https:\/\/woo-themes-plugins.com\/fr\/produit\/stripe-solution-paiement-woocommerce-plugin-woocommerce-copie\/#primaryimage"},"thumbnailUrl":"https:\/\/woo-themes-plugins.com\/wp-content\/uploads\/sites\/7\/2018\/03\/Amazon-pay.png","datePublished":"2018-03-24T05:44:17+00:00","dateModified":"2018-04-26T16:36:58+00:00","description":"Le plugin WooCommerce pour g\u00e9rer la solution de paiement Stripe.","breadcrumb":{"@id":"https:\/\/woo-themes-plugins.com\/fr\/produit\/stripe-solution-paiement-woocommerce-plugin-woocommerce-copie\/#breadcrumb"},"inLanguage":"fr-FR","potentialAction":[{"@type":"ReadAction","target":["https:\/\/woo-themes-plugins.com\/fr\/produit\/stripe-solution-paiement-woocommerce-plugin-woocommerce-copie\/"]}]},{"@type":"ImageObject","inLanguage":"fr-FR","@id":"https:\/\/woo-themes-plugins.com\/fr\/produit\/stripe-solution-paiement-woocommerce-plugin-woocommerce-copie\/#primaryimage","url":"https:\/\/woo-themes-plugins.com\/wp-content\/uploads\/sites\/7\/2018\/03\/Amazon-pay.png","contentUrl":"https:\/\/woo-themes-plugins.com\/wp-content\/uploads\/sites\/7\/2018\/03\/Amazon-pay.png","width":800,"height":600},{"@type":"BreadcrumbList","@id":"https:\/\/woo-themes-plugins.com\/fr\/produit\/stripe-solution-paiement-woocommerce-plugin-woocommerce-copie\/#breadcrumb","itemListElement":[{"@type":"ListItem","position":1,"name":"Accueil","item":"https:\/\/woo-themes-plugins.com\/fr\/"},{"@type":"ListItem","position":2,"name":"Shop","item":"https:\/\/woo-themes-plugins.com\/shop\/"},{"@type":"ListItem","position":3,"name":"Amazon Pay &#8211; Solution Paiement WooCommerce &#8211; Plugin WooCommerce"}]},{"@type":"WebSite","@id":"https:\/\/woo-themes-plugins.com\/it\/#website","url":"https:\/\/woo-themes-plugins.com\/it\/","name":"Woo-themes-plugins.com","description":"Tous les th\u00e8mes et plugins WooCommerce Premium","potentialAction":[{"@type":"SearchAction","target":{"@type":"EntryPoint","urlTemplate":"https:\/\/woo-themes-plugins.com\/it\/?s={search_term_string}"},"query-input":"required name=search_term_string"}],"inLanguage":"fr-FR"}]}},"_links":{"self":[{"href":"https:\/\/woo-themes-plugins.com\/fr\/wp-json\/wp\/v2\/product\/220","targetHints":{"allow":["GET"]}}],"collection":[{"href":"https:\/\/woo-themes-plugins.com\/fr\/wp-json\/wp\/v2\/product"}],"about":[{"href":"https:\/\/woo-themes-plugins.com\/fr\/wp-json\/wp\/v2\/types\/product"}],"wp:featuredmedia":[{"embeddable":true,"href":"https:\/\/woo-themes-plugins.com\/fr\/wp-json\/wp\/v2\/media\/223"}],"wp:attachment":[{"href":"https:\/\/woo-themes-plugins.com\/fr\/wp-json\/wp\/v2\/media?parent=220"}],"wp:term":[{"taxonomy":"product_cat","embeddable":true,"href":"https:\/\/woo-themes-plugins.com\/fr\/wp-json\/wp\/v2\/product_cat?post=220"},{"taxonomy":"product_tag","embeddable":true,"href":"https:\/\/woo-themes-plugins.com\/fr\/wp-json\/wp\/v2\/product_tag?post=220"}],"curies":[{"name":"wp","href":"https:\/\/api.w.org\/{rel}","templated":true}]}}