{"id":229,"date":"2018-03-24T06:59:20","date_gmt":"2018-03-24T05:59:20","guid":{"rendered":"https:\/\/woo-themes-plugins.com\/?post_type=product&#038;p=229"},"modified":"2018-04-26T17:36:31","modified_gmt":"2018-04-26T16:36:31","slug":"facebook-for-woocommerce-plugin-reseaux-sociaux-plugin-woocommerce","status":"publish","type":"product","link":"https:\/\/woo-themes-plugins.com\/fr\/product\/facebook-for-woocommerce-plugin-reseaux-sociaux-plugin-woocommerce\/","title":{"rendered":"Facebook for WooCommerce &#8211; Plugin R\u00e9seaux Sociaux &#8211; Plugin WooCommerce"},"content":{"rendered":"<p>Ce plugin WooCommerce Facebook va te permettre d&rsquo;ajouter un l\u00e9vier de vente important \u00e0 ton site WooCommerce : la gestion simple de ta page Facebook.<\/p>\n<p>Avec ce plugin, tu vas pouvoir r\u00e9aliser deux choses importantes : Partager tes produits simplement par WordPress sur Facebook et te permettre de cr\u00e9er une page de type <em>shop<\/em>.<\/p>\n<p>Faire du marketing sur Facebook c&rsquo;est s&rsquo;offrir la possibilit\u00e9 d&rsquo;atteindre des clients qui n&rsquo;auraient jamais eu connaissance de notre site autrement. Avec l&rsquo;extension <em>Facebook Ads<\/em> la t\u00e2che de ciblage de ton futur auditoire s&rsquo;en trouvera fortement simplifi\u00e9. Cela te permettra de maximiser les performances de ta campagne Facebook, de trouver de nouveaux clients et de suivre la progression et de calculer le r\u00e9sultat final.<\/p>\n<p>Pour ce qui est de la cr\u00e9ation d&rsquo;une r\u00e9plication de sa boutique WooCommerce sur Facebook, ce plugin va te permettre de soumettre tout ton catalogue en un seul clic. Avec cette extension WooCommerce, ta boutique en ligne va s&rsquo;ouvrir \u00e0 des milliers de nouveaux clients.<\/p>\n","protected":false},"excerpt":{"rendered":"<p>Le plugin officiel <em>Facebook for WooCommerce <\/em>te permettras de connecter facilement ta boutique de eCommerce WooCommerce \u00e0 ta page Facebook, avec tout pleins de fonctionnalit\u00e9s sympathiques.<\/p>\n","protected":false},"featured_media":230,"template":"","meta":{"_monsterinsights_skip_tracking":false,"_monsterinsights_sitenote_active":false,"_monsterinsights_sitenote_note":"","_monsterinsights_sitenote_category":0},"product_cat":[40],"product_tag":[120,121,41],"class_list":["post-229","product","type-product","status-publish","has-post-thumbnail","hentry","product_cat-plugin-woocommerce","product_tag-extension-woocommerce-gratuite","product_tag-plugin-theme-woocommerce-indispensable","product_tag-solution-paiement-woocommerce","pa_dev-woo-plugin-theme-facebook","pa_marketplace-woocommerce-woocommerce-com"],"yoast_head":"<!-- This site is optimized with the Yoast SEO plugin v23.1 - https:\/\/yoast.com\/wordpress\/plugins\/seo\/ -->\n<title>Facebook for WooCommerce - Plugin R\u00e9seaux Sociaux WooCommerce<\/title>\n<meta name=\"description\" content=\"Le plugin Facebook ultime pour permettre \u00e0 tes clients WooCommerce d&#039;utiliser leur compte Facebook. Une extension presque indispensable pour bien int\u00e9grer Facebook \u00e0 WooCommerce et en tirer parti pleinement !\" \/>\n<meta name=\"robots\" content=\"index, follow, max-snippet:-1, max-image-preview:large, max-video-preview:-1\" \/>\n<link rel=\"canonical\" href=\"https:\/\/woo-themes-plugins.com\/fr\/produit\/facebook-for-woocommerce-plugin-reseaux-sociaux-plugin-woocommerce\/\" \/>\n<meta property=\"og:locale\" content=\"fr_FR\" \/>\n<meta property=\"og:type\" content=\"article\" \/>\n<meta property=\"og:title\" content=\"Facebook for WooCommerce - Plugin R\u00e9seaux Sociaux WooCommerce\" \/>\n<meta property=\"og:description\" content=\"Le plugin Facebook ultime pour permettre \u00e0 tes clients WooCommerce d&#039;utiliser leur compte Facebook. Une extension presque indispensable pour bien int\u00e9grer Facebook \u00e0 WooCommerce et en tirer parti pleinement !\" \/>\n<meta property=\"og:url\" content=\"https:\/\/woo-themes-plugins.com\/fr\/produit\/facebook-for-woocommerce-plugin-reseaux-sociaux-plugin-woocommerce\/\" \/>\n<meta property=\"og:site_name\" content=\"Woo-themes-plugins.com\" \/>\n<meta property=\"article:modified_time\" content=\"2018-04-26T16:36:31+00:00\" \/>\n<meta property=\"og:image\" content=\"https:\/\/woo-themes-plugins.com\/wp-content\/uploads\/sites\/7\/2018\/03\/Hacking-facebook-login.jpg\" \/>\n\t<meta property=\"og:image:width\" content=\"728\" \/>\n\t<meta property=\"og:image:height\" content=\"450\" \/>\n\t<meta property=\"og:image:type\" content=\"image\/jpeg\" \/>\n<meta name=\"twitter:label1\" content=\"Dur\u00e9e de lecture estim\u00e9e\" \/>\n\t<meta name=\"twitter:data1\" content=\"1 minute\" \/>\n<script type=\"application\/ld+json\" class=\"yoast-schema-graph\">{\"@context\":\"https:\/\/schema.org\",\"@graph\":[{\"@type\":\"WebPage\",\"@id\":\"https:\/\/woo-themes-plugins.com\/fr\/produit\/facebook-for-woocommerce-plugin-reseaux-sociaux-plugin-woocommerce\/\",\"url\":\"https:\/\/woo-themes-plugins.com\/fr\/produit\/facebook-for-woocommerce-plugin-reseaux-sociaux-plugin-woocommerce\/\",\"name\":\"Facebook for WooCommerce - Plugin R\u00e9seaux Sociaux WooCommerce\",\"isPartOf\":{\"@id\":\"https:\/\/woo-themes-plugins.com\/it\/#website\"},\"primaryImageOfPage\":{\"@id\":\"https:\/\/woo-themes-plugins.com\/fr\/produit\/facebook-for-woocommerce-plugin-reseaux-sociaux-plugin-woocommerce\/#primaryimage\"},\"image\":{\"@id\":\"https:\/\/woo-themes-plugins.com\/fr\/produit\/facebook-for-woocommerce-plugin-reseaux-sociaux-plugin-woocommerce\/#primaryimage\"},\"thumbnailUrl\":\"https:\/\/woo-themes-plugins.com\/wp-content\/uploads\/sites\/7\/2018\/03\/Hacking-facebook-login.jpg\",\"datePublished\":\"2018-03-24T05:59:20+00:00\",\"dateModified\":\"2018-04-26T16:36:31+00:00\",\"description\":\"Le plugin Facebook ultime pour permettre \u00e0 tes clients WooCommerce d'utiliser leur compte Facebook. Une extension presque indispensable pour bien int\u00e9grer Facebook \u00e0 WooCommerce et en tirer parti pleinement !\",\"breadcrumb\":{\"@id\":\"https:\/\/woo-themes-plugins.com\/fr\/produit\/facebook-for-woocommerce-plugin-reseaux-sociaux-plugin-woocommerce\/#breadcrumb\"},\"inLanguage\":\"fr-FR\",\"potentialAction\":[{\"@type\":\"ReadAction\",\"target\":[\"https:\/\/woo-themes-plugins.com\/fr\/produit\/facebook-for-woocommerce-plugin-reseaux-sociaux-plugin-woocommerce\/\"]}]},{\"@type\":\"ImageObject\",\"inLanguage\":\"fr-FR\",\"@id\":\"https:\/\/woo-themes-plugins.com\/fr\/produit\/facebook-for-woocommerce-plugin-reseaux-sociaux-plugin-woocommerce\/#primaryimage\",\"url\":\"https:\/\/woo-themes-plugins.com\/wp-content\/uploads\/sites\/7\/2018\/03\/Hacking-facebook-login.jpg\",\"contentUrl\":\"https:\/\/woo-themes-plugins.com\/wp-content\/uploads\/sites\/7\/2018\/03\/Hacking-facebook-login.jpg\",\"width\":728,\"height\":450},{\"@type\":\"BreadcrumbList\",\"@id\":\"https:\/\/woo-themes-plugins.com\/fr\/produit\/facebook-for-woocommerce-plugin-reseaux-sociaux-plugin-woocommerce\/#breadcrumb\",\"itemListElement\":[{\"@type\":\"ListItem\",\"position\":1,\"name\":\"Accueil\",\"item\":\"https:\/\/woo-themes-plugins.com\/fr\/\"},{\"@type\":\"ListItem\",\"position\":2,\"name\":\"Shop\",\"item\":\"https:\/\/woo-themes-plugins.com\/shop\/\"},{\"@type\":\"ListItem\",\"position\":3,\"name\":\"Facebook for WooCommerce &#8211; Plugin R\u00e9seaux Sociaux &#8211; Plugin WooCommerce\"}]},{\"@type\":\"WebSite\",\"@id\":\"https:\/\/woo-themes-plugins.com\/it\/#website\",\"url\":\"https:\/\/woo-themes-plugins.com\/it\/\",\"name\":\"Woo-themes-plugins.com\",\"description\":\"Tous les th\u00e8mes et plugins WooCommerce Premium\",\"potentialAction\":[{\"@type\":\"SearchAction\",\"target\":{\"@type\":\"EntryPoint\",\"urlTemplate\":\"https:\/\/woo-themes-plugins.com\/it\/?s={search_term_string}\"},\"query-input\":\"required name=search_term_string\"}],\"inLanguage\":\"fr-FR\"}]}<\/script>\n<!-- \/ Yoast SEO plugin. -->","yoast_head_json":{"title":"Facebook for WooCommerce - Plugin R\u00e9seaux Sociaux WooCommerce","description":"Le plugin Facebook ultime pour permettre \u00e0 tes clients WooCommerce d'utiliser leur compte Facebook. Une extension presque indispensable pour bien int\u00e9grer Facebook \u00e0 WooCommerce et en tirer parti pleinement !","robots":{"index":"index","follow":"follow","max-snippet":"max-snippet:-1","max-image-preview":"max-image-preview:large","max-video-preview":"max-video-preview:-1"},"canonical":"https:\/\/woo-themes-plugins.com\/fr\/produit\/facebook-for-woocommerce-plugin-reseaux-sociaux-plugin-woocommerce\/","og_locale":"fr_FR","og_type":"article","og_title":"Facebook for WooCommerce - Plugin R\u00e9seaux Sociaux WooCommerce","og_description":"Le plugin Facebook ultime pour permettre \u00e0 tes clients WooCommerce d'utiliser leur compte Facebook. Une extension presque indispensable pour bien int\u00e9grer Facebook \u00e0 WooCommerce et en tirer parti pleinement !","og_url":"https:\/\/woo-themes-plugins.com\/fr\/produit\/facebook-for-woocommerce-plugin-reseaux-sociaux-plugin-woocommerce\/","og_site_name":"Woo-themes-plugins.com","article_modified_time":"2018-04-26T16:36:31+00:00","og_image":[{"width":728,"height":450,"url":"https:\/\/woo-themes-plugins.com\/wp-content\/uploads\/sites\/7\/2018\/03\/Hacking-facebook-login.jpg","type":"image\/jpeg"}],"twitter_misc":{"Dur\u00e9e de lecture estim\u00e9e":"1 minute"},"schema":{"@context":"https:\/\/schema.org","@graph":[{"@type":"WebPage","@id":"https:\/\/woo-themes-plugins.com\/fr\/produit\/facebook-for-woocommerce-plugin-reseaux-sociaux-plugin-woocommerce\/","url":"https:\/\/woo-themes-plugins.com\/fr\/produit\/facebook-for-woocommerce-plugin-reseaux-sociaux-plugin-woocommerce\/","name":"Facebook for WooCommerce - Plugin R\u00e9seaux Sociaux WooCommerce","isPartOf":{"@id":"https:\/\/woo-themes-plugins.com\/it\/#website"},"primaryImageOfPage":{"@id":"https:\/\/woo-themes-plugins.com\/fr\/produit\/facebook-for-woocommerce-plugin-reseaux-sociaux-plugin-woocommerce\/#primaryimage"},"image":{"@id":"https:\/\/woo-themes-plugins.com\/fr\/produit\/facebook-for-woocommerce-plugin-reseaux-sociaux-plugin-woocommerce\/#primaryimage"},"thumbnailUrl":"https:\/\/woo-themes-plugins.com\/wp-content\/uploads\/sites\/7\/2018\/03\/Hacking-facebook-login.jpg","datePublished":"2018-03-24T05:59:20+00:00","dateModified":"2018-04-26T16:36:31+00:00","description":"Le plugin Facebook ultime pour permettre \u00e0 tes clients WooCommerce d'utiliser leur compte Facebook. Une extension presque indispensable pour bien int\u00e9grer Facebook \u00e0 WooCommerce et en tirer parti pleinement !","breadcrumb":{"@id":"https:\/\/woo-themes-plugins.com\/fr\/produit\/facebook-for-woocommerce-plugin-reseaux-sociaux-plugin-woocommerce\/#breadcrumb"},"inLanguage":"fr-FR","potentialAction":[{"@type":"ReadAction","target":["https:\/\/woo-themes-plugins.com\/fr\/produit\/facebook-for-woocommerce-plugin-reseaux-sociaux-plugin-woocommerce\/"]}]},{"@type":"ImageObject","inLanguage":"fr-FR","@id":"https:\/\/woo-themes-plugins.com\/fr\/produit\/facebook-for-woocommerce-plugin-reseaux-sociaux-plugin-woocommerce\/#primaryimage","url":"https:\/\/woo-themes-plugins.com\/wp-content\/uploads\/sites\/7\/2018\/03\/Hacking-facebook-login.jpg","contentUrl":"https:\/\/woo-themes-plugins.com\/wp-content\/uploads\/sites\/7\/2018\/03\/Hacking-facebook-login.jpg","width":728,"height":450},{"@type":"BreadcrumbList","@id":"https:\/\/woo-themes-plugins.com\/fr\/produit\/facebook-for-woocommerce-plugin-reseaux-sociaux-plugin-woocommerce\/#breadcrumb","itemListElement":[{"@type":"ListItem","position":1,"name":"Accueil","item":"https:\/\/woo-themes-plugins.com\/fr\/"},{"@type":"ListItem","position":2,"name":"Shop","item":"https:\/\/woo-themes-plugins.com\/shop\/"},{"@type":"ListItem","position":3,"name":"Facebook for WooCommerce &#8211; Plugin R\u00e9seaux Sociaux &#8211; Plugin WooCommerce"}]},{"@type":"WebSite","@id":"https:\/\/woo-themes-plugins.com\/it\/#website","url":"https:\/\/woo-themes-plugins.com\/it\/","name":"Woo-themes-plugins.com","description":"Tous les th\u00e8mes et plugins WooCommerce Premium","potentialAction":[{"@type":"SearchAction","target":{"@type":"EntryPoint","urlTemplate":"https:\/\/woo-themes-plugins.com\/it\/?s={search_term_string}"},"query-input":"required name=search_term_string"}],"inLanguage":"fr-FR"}]}},"_links":{"self":[{"href":"https:\/\/woo-themes-plugins.com\/fr\/wp-json\/wp\/v2\/product\/229","targetHints":{"allow":["GET"]}}],"collection":[{"href":"https:\/\/woo-themes-plugins.com\/fr\/wp-json\/wp\/v2\/product"}],"about":[{"href":"https:\/\/woo-themes-plugins.com\/fr\/wp-json\/wp\/v2\/types\/product"}],"wp:featuredmedia":[{"embeddable":true,"href":"https:\/\/woo-themes-plugins.com\/fr\/wp-json\/wp\/v2\/media\/230"}],"wp:attachment":[{"href":"https:\/\/woo-themes-plugins.com\/fr\/wp-json\/wp\/v2\/media?parent=229"}],"wp:term":[{"taxonomy":"product_cat","embeddable":true,"href":"https:\/\/woo-themes-plugins.com\/fr\/wp-json\/wp\/v2\/product_cat?post=229"},{"taxonomy":"product_tag","embeddable":true,"href":"https:\/\/woo-themes-plugins.com\/fr\/wp-json\/wp\/v2\/product_tag?post=229"}],"curies":[{"name":"wp","href":"https:\/\/api.w.org\/{rel}","templated":true}]}}