{"id":236,"date":"2018-03-24T07:06:49","date_gmt":"2018-03-24T06:06:49","guid":{"rendered":"https:\/\/woo-themes-plugins.com\/?post_type=product&#038;p=236"},"modified":"2018-04-26T17:36:21","modified_gmt":"2018-04-26T16:36:21","slug":"product-add-ons-produit-personnalisable-par-le-client-plugin-woocommerce","status":"publish","type":"product","link":"https:\/\/woo-themes-plugins.com\/fr\/product\/product-add-ons-produit-personnalisable-par-le-client-plugin-woocommerce\/","title":{"rendered":"Product Add-Ons &#8211; Produit Personnalisable par le Client &#8211; Plugin WooCommerce"},"content":{"rendered":"<p><em>Product add-ons <\/em>est un plugin officiel WooCommerce qui permettra \u00e0 tes clients de personnaliser leurs produits en ajoutant de nouvelles options comme un champ texte, une liste d\u00e9roulante de choix ou encore des choix par boutons radios. Cette extension WooCommerce a \u00e9t\u00e9 pr\u00e9vue pour rendre de nombreux services comme par exemple l&rsquo;ajout d&rsquo;un message, une donation, un texte ou une image \u00e0 graver au laser sur un produit, un message \u00e0 imprimer sur un t-shirt&#8230; la liste est longue. Ce plugin WooCommerce sera particuli\u00e8rement utile lorsque ton produit n\u00e9cessitera une entr\u00e9e de la part de ton client.<\/p>\n<p>Cette extension WooCommerce supporte diff\u00e9rents types de champs comme les champs texte, les s\u00e9lections multiples, les s\u00e9lections par radio boutons, un champ prix libre ou encore un champ d&rsquo;envoi de fichier par le client.<\/p>\n<p><em>Product Add-ons <\/em>peut \u00eatre activ\u00e9 pour toute ta boutique WooCommerce ou seulement sur des produits cibl\u00e9s. Pratique. Bien entendu, cette extension est compatible avec <a href=\"\/?p=243\">WooCommerce Subscription<\/a>, l&rsquo;un des plugins phare de WooCommerce.<\/p>\n<p>Une fois le plugin activ\u00e9 et configur\u00e9, les nouveaux champs apparaitrons juste en dessous de la description courte, avant le bouton d&rsquo;ajout au panier.<\/p>\n","protected":false},"excerpt":{"rendered":"<p>Le plugin <em>Product Add-Ons<\/em>, qui est d\u00e9velopp\u00e9 par WooCommerce.com, te permettras d&rsquo;introduire dans tes produits des zones que ton client devra remplir pour personnaliser. En gros, si tu as un produit et que tu proposes de faire graver, imprimer, dessiner, imprimer un message ou une image dessus, alors c&rsquo;est le plugin qu&rsquo;il te faut.<\/p>\n","protected":false},"featured_media":237,"template":"","meta":{"_monsterinsights_skip_tracking":false,"_monsterinsights_sitenote_active":false,"_monsterinsights_sitenote_note":"","_monsterinsights_sitenote_category":0},"product_cat":[40],"product_tag":[41],"class_list":["post-236","product","type-product","status-publish","has-post-thumbnail","hentry","product_cat-plugin-woocommerce","product_tag-solution-paiement-woocommerce","pa_dev-woo-plugin-theme-woocommerce","pa_marketplace-woocommerce-woocommerce-com"],"yoast_head":"<!-- This site is optimized with the Yoast SEO plugin v23.1 - https:\/\/yoast.com\/wordpress\/plugins\/seo\/ -->\n<title>Product Add-Ons - Produit WooCommerce Personnalisable par le client<\/title>\n<meta name=\"description\" content=\"Permettre \u00e0 tes clients d&#039;envoyer une photo pour l&#039;imprimer sur un t-shirt, offrir une zone de texte pour faire graver un message, voila autant de possibilit\u00e9s offertes gr\u00e2ce \u00e0 ce plugin WooCommerce parfait pour laisser le client personnaliser une partie du produit final.\" \/>\n<meta name=\"robots\" content=\"index, follow, max-snippet:-1, max-image-preview:large, max-video-preview:-1\" \/>\n<link rel=\"canonical\" href=\"https:\/\/woo-themes-plugins.com\/fr\/produit\/product-add-ons-produit-personnalisable-par-le-client-plugin-woocommerce\/\" \/>\n<meta property=\"og:locale\" content=\"fr_FR\" \/>\n<meta property=\"og:type\" content=\"article\" \/>\n<meta property=\"og:title\" content=\"Product Add-Ons - Produit WooCommerce Personnalisable par le client\" \/>\n<meta property=\"og:description\" content=\"Permettre \u00e0 tes clients d&#039;envoyer une photo pour l&#039;imprimer sur un t-shirt, offrir une zone de texte pour faire graver un message, voila autant de possibilit\u00e9s offertes gr\u00e2ce \u00e0 ce plugin WooCommerce parfait pour laisser le client personnaliser une partie du produit final.\" \/>\n<meta property=\"og:url\" content=\"https:\/\/woo-themes-plugins.com\/fr\/produit\/product-add-ons-produit-personnalisable-par-le-client-plugin-woocommerce\/\" \/>\n<meta property=\"og:site_name\" content=\"Woo-themes-plugins.com\" \/>\n<meta property=\"article:modified_time\" content=\"2018-04-26T16:36:21+00:00\" \/>\n<meta property=\"og:image\" content=\"https:\/\/woo-themes-plugins.com\/wp-content\/uploads\/sites\/7\/2018\/03\/product-add-ons-woocommerce.jpg\" \/>\n\t<meta property=\"og:image:width\" content=\"1024\" \/>\n\t<meta property=\"og:image:height\" content=\"512\" \/>\n\t<meta property=\"og:image:type\" content=\"image\/jpeg\" \/>\n<meta name=\"twitter:label1\" content=\"Dur\u00e9e de lecture estim\u00e9e\" \/>\n\t<meta name=\"twitter:data1\" content=\"1 minute\" \/>\n<script type=\"application\/ld+json\" class=\"yoast-schema-graph\">{\"@context\":\"https:\/\/schema.org\",\"@graph\":[{\"@type\":\"WebPage\",\"@id\":\"https:\/\/woo-themes-plugins.com\/fr\/produit\/product-add-ons-produit-personnalisable-par-le-client-plugin-woocommerce\/\",\"url\":\"https:\/\/woo-themes-plugins.com\/fr\/produit\/product-add-ons-produit-personnalisable-par-le-client-plugin-woocommerce\/\",\"name\":\"Product Add-Ons - Produit WooCommerce Personnalisable par le client\",\"isPartOf\":{\"@id\":\"https:\/\/woo-themes-plugins.com\/it\/#website\"},\"primaryImageOfPage\":{\"@id\":\"https:\/\/woo-themes-plugins.com\/fr\/produit\/product-add-ons-produit-personnalisable-par-le-client-plugin-woocommerce\/#primaryimage\"},\"image\":{\"@id\":\"https:\/\/woo-themes-plugins.com\/fr\/produit\/product-add-ons-produit-personnalisable-par-le-client-plugin-woocommerce\/#primaryimage\"},\"thumbnailUrl\":\"https:\/\/woo-themes-plugins.com\/wp-content\/uploads\/sites\/7\/2018\/03\/product-add-ons-woocommerce.jpg\",\"datePublished\":\"2018-03-24T06:06:49+00:00\",\"dateModified\":\"2018-04-26T16:36:21+00:00\",\"description\":\"Permettre \u00e0 tes clients d'envoyer une photo pour l'imprimer sur un t-shirt, offrir une zone de texte pour faire graver un message, voila autant de possibilit\u00e9s offertes gr\u00e2ce \u00e0 ce plugin WooCommerce parfait pour laisser le client personnaliser une partie du produit final.\",\"breadcrumb\":{\"@id\":\"https:\/\/woo-themes-plugins.com\/fr\/produit\/product-add-ons-produit-personnalisable-par-le-client-plugin-woocommerce\/#breadcrumb\"},\"inLanguage\":\"fr-FR\",\"potentialAction\":[{\"@type\":\"ReadAction\",\"target\":[\"https:\/\/woo-themes-plugins.com\/fr\/produit\/product-add-ons-produit-personnalisable-par-le-client-plugin-woocommerce\/\"]}]},{\"@type\":\"ImageObject\",\"inLanguage\":\"fr-FR\",\"@id\":\"https:\/\/woo-themes-plugins.com\/fr\/produit\/product-add-ons-produit-personnalisable-par-le-client-plugin-woocommerce\/#primaryimage\",\"url\":\"https:\/\/woo-themes-plugins.com\/wp-content\/uploads\/sites\/7\/2018\/03\/product-add-ons-woocommerce.jpg\",\"contentUrl\":\"https:\/\/woo-themes-plugins.com\/wp-content\/uploads\/sites\/7\/2018\/03\/product-add-ons-woocommerce.jpg\",\"width\":1024,\"height\":512},{\"@type\":\"BreadcrumbList\",\"@id\":\"https:\/\/woo-themes-plugins.com\/fr\/produit\/product-add-ons-produit-personnalisable-par-le-client-plugin-woocommerce\/#breadcrumb\",\"itemListElement\":[{\"@type\":\"ListItem\",\"position\":1,\"name\":\"Accueil\",\"item\":\"https:\/\/woo-themes-plugins.com\/fr\/\"},{\"@type\":\"ListItem\",\"position\":2,\"name\":\"Shop\",\"item\":\"https:\/\/woo-themes-plugins.com\/shop\/\"},{\"@type\":\"ListItem\",\"position\":3,\"name\":\"Product Add-Ons &#8211; Produit Personnalisable par le Client &#8211; Plugin WooCommerce\"}]},{\"@type\":\"WebSite\",\"@id\":\"https:\/\/woo-themes-plugins.com\/it\/#website\",\"url\":\"https:\/\/woo-themes-plugins.com\/it\/\",\"name\":\"Woo-themes-plugins.com\",\"description\":\"Tous les th\u00e8mes et plugins WooCommerce Premium\",\"potentialAction\":[{\"@type\":\"SearchAction\",\"target\":{\"@type\":\"EntryPoint\",\"urlTemplate\":\"https:\/\/woo-themes-plugins.com\/it\/?s={search_term_string}\"},\"query-input\":\"required name=search_term_string\"}],\"inLanguage\":\"fr-FR\"}]}<\/script>\n<!-- \/ Yoast SEO plugin. -->","yoast_head_json":{"title":"Product Add-Ons - Produit WooCommerce Personnalisable par le client","description":"Permettre \u00e0 tes clients d'envoyer une photo pour l'imprimer sur un t-shirt, offrir une zone de texte pour faire graver un message, voila autant de possibilit\u00e9s offertes gr\u00e2ce \u00e0 ce plugin WooCommerce parfait pour laisser le client personnaliser une partie du produit final.","robots":{"index":"index","follow":"follow","max-snippet":"max-snippet:-1","max-image-preview":"max-image-preview:large","max-video-preview":"max-video-preview:-1"},"canonical":"https:\/\/woo-themes-plugins.com\/fr\/produit\/product-add-ons-produit-personnalisable-par-le-client-plugin-woocommerce\/","og_locale":"fr_FR","og_type":"article","og_title":"Product Add-Ons - Produit WooCommerce Personnalisable par le client","og_description":"Permettre \u00e0 tes clients d'envoyer une photo pour l'imprimer sur un t-shirt, offrir une zone de texte pour faire graver un message, voila autant de possibilit\u00e9s offertes gr\u00e2ce \u00e0 ce plugin WooCommerce parfait pour laisser le client personnaliser une partie du produit final.","og_url":"https:\/\/woo-themes-plugins.com\/fr\/produit\/product-add-ons-produit-personnalisable-par-le-client-plugin-woocommerce\/","og_site_name":"Woo-themes-plugins.com","article_modified_time":"2018-04-26T16:36:21+00:00","og_image":[{"width":1024,"height":512,"url":"https:\/\/woo-themes-plugins.com\/wp-content\/uploads\/sites\/7\/2018\/03\/product-add-ons-woocommerce.jpg","type":"image\/jpeg"}],"twitter_misc":{"Dur\u00e9e de lecture estim\u00e9e":"1 minute"},"schema":{"@context":"https:\/\/schema.org","@graph":[{"@type":"WebPage","@id":"https:\/\/woo-themes-plugins.com\/fr\/produit\/product-add-ons-produit-personnalisable-par-le-client-plugin-woocommerce\/","url":"https:\/\/woo-themes-plugins.com\/fr\/produit\/product-add-ons-produit-personnalisable-par-le-client-plugin-woocommerce\/","name":"Product Add-Ons - Produit WooCommerce Personnalisable par le client","isPartOf":{"@id":"https:\/\/woo-themes-plugins.com\/it\/#website"},"primaryImageOfPage":{"@id":"https:\/\/woo-themes-plugins.com\/fr\/produit\/product-add-ons-produit-personnalisable-par-le-client-plugin-woocommerce\/#primaryimage"},"image":{"@id":"https:\/\/woo-themes-plugins.com\/fr\/produit\/product-add-ons-produit-personnalisable-par-le-client-plugin-woocommerce\/#primaryimage"},"thumbnailUrl":"https:\/\/woo-themes-plugins.com\/wp-content\/uploads\/sites\/7\/2018\/03\/product-add-ons-woocommerce.jpg","datePublished":"2018-03-24T06:06:49+00:00","dateModified":"2018-04-26T16:36:21+00:00","description":"Permettre \u00e0 tes clients d'envoyer une photo pour l'imprimer sur un t-shirt, offrir une zone de texte pour faire graver un message, voila autant de possibilit\u00e9s offertes gr\u00e2ce \u00e0 ce plugin WooCommerce parfait pour laisser le client personnaliser une partie du produit final.","breadcrumb":{"@id":"https:\/\/woo-themes-plugins.com\/fr\/produit\/product-add-ons-produit-personnalisable-par-le-client-plugin-woocommerce\/#breadcrumb"},"inLanguage":"fr-FR","potentialAction":[{"@type":"ReadAction","target":["https:\/\/woo-themes-plugins.com\/fr\/produit\/product-add-ons-produit-personnalisable-par-le-client-plugin-woocommerce\/"]}]},{"@type":"ImageObject","inLanguage":"fr-FR","@id":"https:\/\/woo-themes-plugins.com\/fr\/produit\/product-add-ons-produit-personnalisable-par-le-client-plugin-woocommerce\/#primaryimage","url":"https:\/\/woo-themes-plugins.com\/wp-content\/uploads\/sites\/7\/2018\/03\/product-add-ons-woocommerce.jpg","contentUrl":"https:\/\/woo-themes-plugins.com\/wp-content\/uploads\/sites\/7\/2018\/03\/product-add-ons-woocommerce.jpg","width":1024,"height":512},{"@type":"BreadcrumbList","@id":"https:\/\/woo-themes-plugins.com\/fr\/produit\/product-add-ons-produit-personnalisable-par-le-client-plugin-woocommerce\/#breadcrumb","itemListElement":[{"@type":"ListItem","position":1,"name":"Accueil","item":"https:\/\/woo-themes-plugins.com\/fr\/"},{"@type":"ListItem","position":2,"name":"Shop","item":"https:\/\/woo-themes-plugins.com\/shop\/"},{"@type":"ListItem","position":3,"name":"Product Add-Ons &#8211; Produit Personnalisable par le Client &#8211; Plugin WooCommerce"}]},{"@type":"WebSite","@id":"https:\/\/woo-themes-plugins.com\/it\/#website","url":"https:\/\/woo-themes-plugins.com\/it\/","name":"Woo-themes-plugins.com","description":"Tous les th\u00e8mes et plugins WooCommerce Premium","potentialAction":[{"@type":"SearchAction","target":{"@type":"EntryPoint","urlTemplate":"https:\/\/woo-themes-plugins.com\/it\/?s={search_term_string}"},"query-input":"required name=search_term_string"}],"inLanguage":"fr-FR"}]}},"_links":{"self":[{"href":"https:\/\/woo-themes-plugins.com\/fr\/wp-json\/wp\/v2\/product\/236","targetHints":{"allow":["GET"]}}],"collection":[{"href":"https:\/\/woo-themes-plugins.com\/fr\/wp-json\/wp\/v2\/product"}],"about":[{"href":"https:\/\/woo-themes-plugins.com\/fr\/wp-json\/wp\/v2\/types\/product"}],"wp:featuredmedia":[{"embeddable":true,"href":"https:\/\/woo-themes-plugins.com\/fr\/wp-json\/wp\/v2\/media\/237"}],"wp:attachment":[{"href":"https:\/\/woo-themes-plugins.com\/fr\/wp-json\/wp\/v2\/media?parent=236"}],"wp:term":[{"taxonomy":"product_cat","embeddable":true,"href":"https:\/\/woo-themes-plugins.com\/fr\/wp-json\/wp\/v2\/product_cat?post=236"},{"taxonomy":"product_tag","embeddable":true,"href":"https:\/\/woo-themes-plugins.com\/fr\/wp-json\/wp\/v2\/product_tag?post=236"}],"curies":[{"name":"wp","href":"https:\/\/api.w.org\/{rel}","templated":true}]}}