{"id":243,"date":"2018-03-26T05:32:48","date_gmt":"2018-03-26T04:32:48","guid":{"rendered":"https:\/\/woo-themes-plugins.com\/?post_type=product&#038;p=243"},"modified":"2018-04-26T17:36:04","modified_gmt":"2018-04-26T16:36:04","slug":"woocommerce-subscription-abonnement-paiement-recurrent-plugin-woocommerce","status":"publish","type":"product","link":"https:\/\/woo-themes-plugins.com\/fr\/product\/woocommerce-subscription-abonnement-paiement-recurrent-plugin-woocommerce\/","title":{"rendered":"WooCommerce Subscription &#8211; Paiement R\u00e9current &#8211; Plugin WooCommerce"},"content":{"rendered":"<p>Le commerce est par d\u00e9finition fluctuant. Comment pr\u00e9voir le niveau de vos ventes d&rsquo;un mois sur l&rsquo;autre ? Trop de facteurs peuvent venir influencer les ventes d&rsquo;un mois sur l&rsquo;autre pour avoir la certitude quand \u00e0 son chiffre d&rsquo;affaire en fin de mois. Et si je te disais qu&rsquo;il existe une solution ? La mise en place d&rsquo;un abonnement ! Un abonnement, c&rsquo;est la certitude de conna\u00eetre son chiffre d&rsquo;affaire \u00e0 l&rsquo;avance.<\/p>\n<p>En plus de la bonne id\u00e9e qui te permettra de vendre \u00e0 une fr\u00e9quence d\u00e9finit un certain type de produit ou service, il va falloir que ton site WooCommerce soit en mesure de traiter le paiement r\u00e9curant d&rsquo;un abonnement. La solution, c&rsquo;est <em>WooCommerce Subscription<\/em>, une extension certifi\u00e9e WooCommerce qui te permettra de cr\u00e9er et g\u00e9rer des produits avec un paiement r\u00e9curant.<\/p>\n<p>WooCommerce Subscription est une extension WooCommerce qui va te permettra d&rsquo;acc\u00e9der \u00e0 toutes une gamme vari\u00e9e d&rsquo;abonnement pour les biens et les services. Cette extension va te permettra par exemple de cr\u00e9er une formule d&rsquo;abonnement mensuel \u00e0 un club de sport, un abonnement hebdomadaire \u00e0 un service de formation \u00e0 distance ou encore un abonnement annuel \u00e0 un logiciel. Tu vas m\u00eame pouvoir ajouter des frais d&rsquo;adh\u00e9sion payables uniquement la premi\u00e8re fois, offrir des p\u00e9riodes d&rsquo;essais ou encore indiquer la date de fin d&rsquo;un service.<\/p>\n<p>WooCommerce Subscription est tout simplement le plugin de r\u00e9f\u00e9rence en mati\u00e8re de cr\u00e9ation d&rsquo;abonnement ou de paiement r\u00e9curant avec WooCommerce.<\/p>\n","protected":false},"excerpt":{"rendered":"<p>Le plugin <em>WooCommerce Subscription <\/em>te permettra de mettre en place un syst\u00e8me de paiement r\u00e9current sur ton site de eCommerce WooCommerce, comme un abonnement \u00e0 ta boutique par exemple.<\/p>\n","protected":false},"featured_media":2396,"template":"","meta":{"_monsterinsights_skip_tracking":false,"_monsterinsights_sitenote_active":false,"_monsterinsights_sitenote_note":"","_monsterinsights_sitenote_category":0},"product_cat":[40],"product_tag":[121,41,186],"class_list":["post-243","product","type-product","status-publish","has-post-thumbnail","hentry","product_cat-plugin-woocommerce","product_tag-plugin-theme-woocommerce-indispensable","product_tag-solution-paiement-woocommerce","product_tag-woocommerce-magasin-de-sport","pa_dev-woo-plugin-theme-woocommerce","pa_marketplace-woocommerce-woocommerce-com"],"yoast_head":"<!-- This site is optimized with the Yoast SEO plugin v23.1 - https:\/\/yoast.com\/wordpress\/plugins\/seo\/ -->\n<title>WooCommerce Subscription - Paiement R\u00e9current \/ Abonnement<\/title>\n<meta name=\"description\" content=\"Le plugin WooCommerce pour g\u00e9rer les paiements r\u00e9currents sur ton site de eCommerce, ou dit autrement, ce plugin te permettra de mettre en place un abonnement sur ton site WooCommerce. WooCommerce Subscription est un plugin officiel WooCommerce.\" \/>\n<meta name=\"robots\" content=\"index, follow, max-snippet:-1, max-image-preview:large, max-video-preview:-1\" \/>\n<link rel=\"canonical\" href=\"https:\/\/woo-themes-plugins.com\/fr\/produit\/woocommerce-subscription-abonnement-paiement-recurrent-plugin-woocommerce\/\" \/>\n<meta property=\"og:locale\" content=\"fr_FR\" \/>\n<meta property=\"og:type\" content=\"article\" \/>\n<meta property=\"og:title\" content=\"WooCommerce Subscription - Paiement R\u00e9current \/ Abonnement\" \/>\n<meta property=\"og:description\" content=\"Le plugin WooCommerce pour g\u00e9rer les paiements r\u00e9currents sur ton site de eCommerce, ou dit autrement, ce plugin te permettra de mettre en place un abonnement sur ton site WooCommerce. WooCommerce Subscription est un plugin officiel WooCommerce.\" \/>\n<meta property=\"og:url\" content=\"https:\/\/woo-themes-plugins.com\/fr\/produit\/woocommerce-subscription-abonnement-paiement-recurrent-plugin-woocommerce\/\" \/>\n<meta property=\"og:site_name\" content=\"Woo-themes-plugins.com\" \/>\n<meta property=\"article:modified_time\" content=\"2018-04-26T16:36:04+00:00\" \/>\n<meta property=\"og:image\" content=\"https:\/\/woo-themes-plugins.com\/wp-content\/uploads\/sites\/7\/2018\/03\/woo-themes-plugins_woocommerce-subscription-payement.jpg\" \/>\n\t<meta property=\"og:image:width\" content=\"900\" \/>\n\t<meta property=\"og:image:height\" content=\"900\" \/>\n\t<meta property=\"og:image:type\" content=\"image\/jpeg\" \/>\n<meta name=\"twitter:label1\" content=\"Dur\u00e9e de lecture estim\u00e9e\" \/>\n\t<meta name=\"twitter:data1\" content=\"1 minute\" \/>\n<script type=\"application\/ld+json\" class=\"yoast-schema-graph\">{\"@context\":\"https:\/\/schema.org\",\"@graph\":[{\"@type\":\"WebPage\",\"@id\":\"https:\/\/woo-themes-plugins.com\/fr\/produit\/woocommerce-subscription-abonnement-paiement-recurrent-plugin-woocommerce\/\",\"url\":\"https:\/\/woo-themes-plugins.com\/fr\/produit\/woocommerce-subscription-abonnement-paiement-recurrent-plugin-woocommerce\/\",\"name\":\"WooCommerce Subscription - Paiement R\u00e9current \/ Abonnement\",\"isPartOf\":{\"@id\":\"https:\/\/woo-themes-plugins.com\/it\/#website\"},\"primaryImageOfPage\":{\"@id\":\"https:\/\/woo-themes-plugins.com\/fr\/produit\/woocommerce-subscription-abonnement-paiement-recurrent-plugin-woocommerce\/#primaryimage\"},\"image\":{\"@id\":\"https:\/\/woo-themes-plugins.com\/fr\/produit\/woocommerce-subscription-abonnement-paiement-recurrent-plugin-woocommerce\/#primaryimage\"},\"thumbnailUrl\":\"https:\/\/woo-themes-plugins.com\/wp-content\/uploads\/sites\/7\/2018\/03\/woo-themes-plugins_woocommerce-subscription-payement.jpg\",\"datePublished\":\"2018-03-26T04:32:48+00:00\",\"dateModified\":\"2018-04-26T16:36:04+00:00\",\"description\":\"Le plugin WooCommerce pour g\u00e9rer les paiements r\u00e9currents sur ton site de eCommerce, ou dit autrement, ce plugin te permettra de mettre en place un abonnement sur ton site WooCommerce. WooCommerce Subscription est un plugin officiel WooCommerce.\",\"breadcrumb\":{\"@id\":\"https:\/\/woo-themes-plugins.com\/fr\/produit\/woocommerce-subscription-abonnement-paiement-recurrent-plugin-woocommerce\/#breadcrumb\"},\"inLanguage\":\"fr-FR\",\"potentialAction\":[{\"@type\":\"ReadAction\",\"target\":[\"https:\/\/woo-themes-plugins.com\/fr\/produit\/woocommerce-subscription-abonnement-paiement-recurrent-plugin-woocommerce\/\"]}]},{\"@type\":\"ImageObject\",\"inLanguage\":\"fr-FR\",\"@id\":\"https:\/\/woo-themes-plugins.com\/fr\/produit\/woocommerce-subscription-abonnement-paiement-recurrent-plugin-woocommerce\/#primaryimage\",\"url\":\"https:\/\/woo-themes-plugins.com\/wp-content\/uploads\/sites\/7\/2018\/03\/woo-themes-plugins_woocommerce-subscription-payement.jpg\",\"contentUrl\":\"https:\/\/woo-themes-plugins.com\/wp-content\/uploads\/sites\/7\/2018\/03\/woo-themes-plugins_woocommerce-subscription-payement.jpg\",\"width\":900,\"height\":900},{\"@type\":\"BreadcrumbList\",\"@id\":\"https:\/\/woo-themes-plugins.com\/fr\/produit\/woocommerce-subscription-abonnement-paiement-recurrent-plugin-woocommerce\/#breadcrumb\",\"itemListElement\":[{\"@type\":\"ListItem\",\"position\":1,\"name\":\"Accueil\",\"item\":\"https:\/\/woo-themes-plugins.com\/fr\/\"},{\"@type\":\"ListItem\",\"position\":2,\"name\":\"Shop\",\"item\":\"https:\/\/woo-themes-plugins.com\/shop\/\"},{\"@type\":\"ListItem\",\"position\":3,\"name\":\"WooCommerce Subscription &#8211; Paiement R\u00e9current &#8211; Plugin WooCommerce\"}]},{\"@type\":\"WebSite\",\"@id\":\"https:\/\/woo-themes-plugins.com\/it\/#website\",\"url\":\"https:\/\/woo-themes-plugins.com\/it\/\",\"name\":\"Woo-themes-plugins.com\",\"description\":\"Tous les th\u00e8mes et plugins WooCommerce Premium\",\"potentialAction\":[{\"@type\":\"SearchAction\",\"target\":{\"@type\":\"EntryPoint\",\"urlTemplate\":\"https:\/\/woo-themes-plugins.com\/it\/?s={search_term_string}\"},\"query-input\":\"required name=search_term_string\"}],\"inLanguage\":\"fr-FR\"}]}<\/script>\n<!-- \/ Yoast SEO plugin. -->","yoast_head_json":{"title":"WooCommerce Subscription - Paiement R\u00e9current \/ Abonnement","description":"Le plugin WooCommerce pour g\u00e9rer les paiements r\u00e9currents sur ton site de eCommerce, ou dit autrement, ce plugin te permettra de mettre en place un abonnement sur ton site WooCommerce. WooCommerce Subscription est un plugin officiel WooCommerce.","robots":{"index":"index","follow":"follow","max-snippet":"max-snippet:-1","max-image-preview":"max-image-preview:large","max-video-preview":"max-video-preview:-1"},"canonical":"https:\/\/woo-themes-plugins.com\/fr\/produit\/woocommerce-subscription-abonnement-paiement-recurrent-plugin-woocommerce\/","og_locale":"fr_FR","og_type":"article","og_title":"WooCommerce Subscription - Paiement R\u00e9current \/ Abonnement","og_description":"Le plugin WooCommerce pour g\u00e9rer les paiements r\u00e9currents sur ton site de eCommerce, ou dit autrement, ce plugin te permettra de mettre en place un abonnement sur ton site WooCommerce. WooCommerce Subscription est un plugin officiel WooCommerce.","og_url":"https:\/\/woo-themes-plugins.com\/fr\/produit\/woocommerce-subscription-abonnement-paiement-recurrent-plugin-woocommerce\/","og_site_name":"Woo-themes-plugins.com","article_modified_time":"2018-04-26T16:36:04+00:00","og_image":[{"width":900,"height":900,"url":"https:\/\/woo-themes-plugins.com\/wp-content\/uploads\/sites\/7\/2018\/03\/woo-themes-plugins_woocommerce-subscription-payement.jpg","type":"image\/jpeg"}],"twitter_misc":{"Dur\u00e9e de lecture estim\u00e9e":"1 minute"},"schema":{"@context":"https:\/\/schema.org","@graph":[{"@type":"WebPage","@id":"https:\/\/woo-themes-plugins.com\/fr\/produit\/woocommerce-subscription-abonnement-paiement-recurrent-plugin-woocommerce\/","url":"https:\/\/woo-themes-plugins.com\/fr\/produit\/woocommerce-subscription-abonnement-paiement-recurrent-plugin-woocommerce\/","name":"WooCommerce Subscription - Paiement R\u00e9current \/ Abonnement","isPartOf":{"@id":"https:\/\/woo-themes-plugins.com\/it\/#website"},"primaryImageOfPage":{"@id":"https:\/\/woo-themes-plugins.com\/fr\/produit\/woocommerce-subscription-abonnement-paiement-recurrent-plugin-woocommerce\/#primaryimage"},"image":{"@id":"https:\/\/woo-themes-plugins.com\/fr\/produit\/woocommerce-subscription-abonnement-paiement-recurrent-plugin-woocommerce\/#primaryimage"},"thumbnailUrl":"https:\/\/woo-themes-plugins.com\/wp-content\/uploads\/sites\/7\/2018\/03\/woo-themes-plugins_woocommerce-subscription-payement.jpg","datePublished":"2018-03-26T04:32:48+00:00","dateModified":"2018-04-26T16:36:04+00:00","description":"Le plugin WooCommerce pour g\u00e9rer les paiements r\u00e9currents sur ton site de eCommerce, ou dit autrement, ce plugin te permettra de mettre en place un abonnement sur ton site WooCommerce. WooCommerce Subscription est un plugin officiel WooCommerce.","breadcrumb":{"@id":"https:\/\/woo-themes-plugins.com\/fr\/produit\/woocommerce-subscription-abonnement-paiement-recurrent-plugin-woocommerce\/#breadcrumb"},"inLanguage":"fr-FR","potentialAction":[{"@type":"ReadAction","target":["https:\/\/woo-themes-plugins.com\/fr\/produit\/woocommerce-subscription-abonnement-paiement-recurrent-plugin-woocommerce\/"]}]},{"@type":"ImageObject","inLanguage":"fr-FR","@id":"https:\/\/woo-themes-plugins.com\/fr\/produit\/woocommerce-subscription-abonnement-paiement-recurrent-plugin-woocommerce\/#primaryimage","url":"https:\/\/woo-themes-plugins.com\/wp-content\/uploads\/sites\/7\/2018\/03\/woo-themes-plugins_woocommerce-subscription-payement.jpg","contentUrl":"https:\/\/woo-themes-plugins.com\/wp-content\/uploads\/sites\/7\/2018\/03\/woo-themes-plugins_woocommerce-subscription-payement.jpg","width":900,"height":900},{"@type":"BreadcrumbList","@id":"https:\/\/woo-themes-plugins.com\/fr\/produit\/woocommerce-subscription-abonnement-paiement-recurrent-plugin-woocommerce\/#breadcrumb","itemListElement":[{"@type":"ListItem","position":1,"name":"Accueil","item":"https:\/\/woo-themes-plugins.com\/fr\/"},{"@type":"ListItem","position":2,"name":"Shop","item":"https:\/\/woo-themes-plugins.com\/shop\/"},{"@type":"ListItem","position":3,"name":"WooCommerce Subscription &#8211; Paiement R\u00e9current &#8211; Plugin WooCommerce"}]},{"@type":"WebSite","@id":"https:\/\/woo-themes-plugins.com\/it\/#website","url":"https:\/\/woo-themes-plugins.com\/it\/","name":"Woo-themes-plugins.com","description":"Tous les th\u00e8mes et plugins WooCommerce Premium","potentialAction":[{"@type":"SearchAction","target":{"@type":"EntryPoint","urlTemplate":"https:\/\/woo-themes-plugins.com\/it\/?s={search_term_string}"},"query-input":"required name=search_term_string"}],"inLanguage":"fr-FR"}]}},"_links":{"self":[{"href":"https:\/\/woo-themes-plugins.com\/fr\/wp-json\/wp\/v2\/product\/243","targetHints":{"allow":["GET"]}}],"collection":[{"href":"https:\/\/woo-themes-plugins.com\/fr\/wp-json\/wp\/v2\/product"}],"about":[{"href":"https:\/\/woo-themes-plugins.com\/fr\/wp-json\/wp\/v2\/types\/product"}],"wp:featuredmedia":[{"embeddable":true,"href":"https:\/\/woo-themes-plugins.com\/fr\/wp-json\/wp\/v2\/media\/2396"}],"wp:attachment":[{"href":"https:\/\/woo-themes-plugins.com\/fr\/wp-json\/wp\/v2\/media?parent=243"}],"wp:term":[{"taxonomy":"product_cat","embeddable":true,"href":"https:\/\/woo-themes-plugins.com\/fr\/wp-json\/wp\/v2\/product_cat?post=243"},{"taxonomy":"product_tag","embeddable":true,"href":"https:\/\/woo-themes-plugins.com\/fr\/wp-json\/wp\/v2\/product_tag?post=243"}],"curies":[{"name":"wp","href":"https:\/\/api.w.org\/{rel}","templated":true}]}}