{"id":244,"date":"2018-03-26T05:37:50","date_gmt":"2018-03-26T04:37:50","guid":{"rendered":"https:\/\/woo-themes-plugins.com\/?post_type=product&#038;p=244"},"modified":"2018-04-26T17:35:57","modified_gmt":"2018-04-26T16:35:57","slug":"woocommerce-subscription-paiement-recurant-plugin-woocommerce-copie","status":"publish","type":"product","link":"https:\/\/woo-themes-plugins.com\/fr\/product\/woocommerce-subscription-paiement-recurant-plugin-woocommerce-copie\/","title":{"rendered":"WooCommerce Google Analytics &#8211; Statistiques &amp; Analyses &#8211; Plugin WooCommerce"},"content":{"rendered":"<p>Acc\u00e8de gratuitement aux donn\u00e9es de base de Google Analytics gr\u00e2ce \u00e0 cette extension WooCommerce.<\/p>\n<p>Avec cette extension WooCommerce Google Analytics gratuite, tu vas pouvoir conna\u00eetre les canaux qui t&rsquo;apportent des clients comme les moteurs de recherches ou les sites r\u00e9f\u00e9rants par exemple. Cela te permettra de te concentrer sur ceux te rapportant le plus de visiteurs. Mais cela ne s&rsquo;arr\u00eate bien entendu pas l\u00e0. Apr\u00e8s tout, nous parlons de WooCommerce donc tu vas en plus pouvoir d\u00e9couvrir les endroits sur ton site qui te font perdrent le plus d&rsquo;argent. Cela sera rendu possible en analysant le flow utilisateur de tes pages produits \u00e0 tes pages de paiements. Pour comprendre encore plus tes clients, tu seras capables de faire de recoupement en fonction du chiffre d&rsquo;affaire g\u00e9n\u00e9r\u00e9 par canaux, ou encore d\u00e9terminer ce que tes clients recherchent sur ton site.<\/p>\n<p>Une extension gratuite pour WooCommerce qui fait clairement parti des extensions WooCommerce indispensables.<\/p>\n","protected":false},"excerpt":{"rendered":"<p>Le plugin gratuit <em>WooCommerce Google Analytics<\/em> est propos\u00e9 par les d\u00e9veloppeurs de WooCommerce. Ce plugin te permettra de mettre en place le suivi Google Analytics au seins de ton site de eCommerce WooCommerce. Parfait pour tout savoir du circuit eCommerce directement dans vos rapports Google Analytics.<\/p>\n","protected":false},"featured_media":2404,"template":"","meta":{"_monsterinsights_skip_tracking":false,"_monsterinsights_sitenote_active":false,"_monsterinsights_sitenote_note":"","_monsterinsights_sitenote_category":0},"product_cat":[40],"product_tag":[120,54,121],"class_list":["post-244","product","type-product","status-publish","has-post-thumbnail","hentry","product_cat-plugin-woocommerce","product_tag-extension-woocommerce-gratuite","product_tag-google-analytics-plugin-wordpress","product_tag-plugin-theme-woocommerce-indispensable","pa_dev-woo-plugin-theme-woocommerce","pa_marketplace-woocommerce-woocommerce-com"],"yoast_head":"<!-- This site is optimized with the Yoast SEO plugin v23.1 - https:\/\/yoast.com\/wordpress\/plugins\/seo\/ -->\n<title>WooCommerce Google Analytics - Statistiques &amp; Analyses - Plugin<\/title>\n<meta name=\"description\" content=\"Besoin de mettre en place Google Analytics sur ton site WooCommerce ? WooCommerce Google Analytics, gratuit, est le plugin d\u00e9velopp\u00e9 par la m\u00eame \u00e9quipe que WooCommerce. Il te suffit d&#039;installer WooCommerce Google Analytics et de regarder tes ventes dans Google Analytics, directement.\" \/>\n<meta name=\"robots\" content=\"index, follow, max-snippet:-1, max-image-preview:large, max-video-preview:-1\" \/>\n<link rel=\"canonical\" href=\"https:\/\/woo-themes-plugins.com\/fr\/produit\/woocommerce-subscription-paiement-recurant-plugin-woocommerce-copie\/\" \/>\n<meta property=\"og:locale\" content=\"fr_FR\" \/>\n<meta property=\"og:type\" content=\"article\" \/>\n<meta property=\"og:title\" content=\"WooCommerce Google Analytics - Statistiques &amp; Analyses - Plugin\" \/>\n<meta property=\"og:description\" content=\"Besoin de mettre en place Google Analytics sur ton site WooCommerce ? WooCommerce Google Analytics, gratuit, est le plugin d\u00e9velopp\u00e9 par la m\u00eame \u00e9quipe que WooCommerce. Il te suffit d&#039;installer WooCommerce Google Analytics et de regarder tes ventes dans Google Analytics, directement.\" \/>\n<meta property=\"og:url\" content=\"https:\/\/woo-themes-plugins.com\/fr\/produit\/woocommerce-subscription-paiement-recurant-plugin-woocommerce-copie\/\" \/>\n<meta property=\"og:site_name\" content=\"Woo-themes-plugins.com\" \/>\n<meta property=\"article:modified_time\" content=\"2018-04-26T16:35:57+00:00\" \/>\n<meta property=\"og:image\" content=\"https:\/\/woo-themes-plugins.com\/wp-content\/uploads\/sites\/7\/2018\/03\/woo-themes-plugins_woocommerce-google-analytics.jpg\" \/>\n\t<meta property=\"og:image:width\" content=\"900\" \/>\n\t<meta property=\"og:image:height\" content=\"900\" \/>\n\t<meta property=\"og:image:type\" content=\"image\/jpeg\" \/>\n<meta name=\"twitter:label1\" content=\"Dur\u00e9e de lecture estim\u00e9e\" \/>\n\t<meta name=\"twitter:data1\" content=\"1 minute\" \/>\n<script type=\"application\/ld+json\" class=\"yoast-schema-graph\">{\"@context\":\"https:\/\/schema.org\",\"@graph\":[{\"@type\":\"WebPage\",\"@id\":\"https:\/\/woo-themes-plugins.com\/fr\/produit\/woocommerce-subscription-paiement-recurant-plugin-woocommerce-copie\/\",\"url\":\"https:\/\/woo-themes-plugins.com\/fr\/produit\/woocommerce-subscription-paiement-recurant-plugin-woocommerce-copie\/\",\"name\":\"WooCommerce Google Analytics - Statistiques & Analyses - Plugin\",\"isPartOf\":{\"@id\":\"https:\/\/woo-themes-plugins.com\/it\/#website\"},\"primaryImageOfPage\":{\"@id\":\"https:\/\/woo-themes-plugins.com\/fr\/produit\/woocommerce-subscription-paiement-recurant-plugin-woocommerce-copie\/#primaryimage\"},\"image\":{\"@id\":\"https:\/\/woo-themes-plugins.com\/fr\/produit\/woocommerce-subscription-paiement-recurant-plugin-woocommerce-copie\/#primaryimage\"},\"thumbnailUrl\":\"https:\/\/woo-themes-plugins.com\/wp-content\/uploads\/sites\/7\/2018\/03\/woo-themes-plugins_woocommerce-google-analytics.jpg\",\"datePublished\":\"2018-03-26T04:37:50+00:00\",\"dateModified\":\"2018-04-26T16:35:57+00:00\",\"description\":\"Besoin de mettre en place Google Analytics sur ton site WooCommerce ? WooCommerce Google Analytics, gratuit, est le plugin d\u00e9velopp\u00e9 par la m\u00eame \u00e9quipe que WooCommerce. Il te suffit d'installer WooCommerce Google Analytics et de regarder tes ventes dans Google Analytics, directement.\",\"breadcrumb\":{\"@id\":\"https:\/\/woo-themes-plugins.com\/fr\/produit\/woocommerce-subscription-paiement-recurant-plugin-woocommerce-copie\/#breadcrumb\"},\"inLanguage\":\"fr-FR\",\"potentialAction\":[{\"@type\":\"ReadAction\",\"target\":[\"https:\/\/woo-themes-plugins.com\/fr\/produit\/woocommerce-subscription-paiement-recurant-plugin-woocommerce-copie\/\"]}]},{\"@type\":\"ImageObject\",\"inLanguage\":\"fr-FR\",\"@id\":\"https:\/\/woo-themes-plugins.com\/fr\/produit\/woocommerce-subscription-paiement-recurant-plugin-woocommerce-copie\/#primaryimage\",\"url\":\"https:\/\/woo-themes-plugins.com\/wp-content\/uploads\/sites\/7\/2018\/03\/woo-themes-plugins_woocommerce-google-analytics.jpg\",\"contentUrl\":\"https:\/\/woo-themes-plugins.com\/wp-content\/uploads\/sites\/7\/2018\/03\/woo-themes-plugins_woocommerce-google-analytics.jpg\",\"width\":900,\"height\":900},{\"@type\":\"BreadcrumbList\",\"@id\":\"https:\/\/woo-themes-plugins.com\/fr\/produit\/woocommerce-subscription-paiement-recurant-plugin-woocommerce-copie\/#breadcrumb\",\"itemListElement\":[{\"@type\":\"ListItem\",\"position\":1,\"name\":\"Accueil\",\"item\":\"https:\/\/woo-themes-plugins.com\/fr\/\"},{\"@type\":\"ListItem\",\"position\":2,\"name\":\"Shop\",\"item\":\"https:\/\/woo-themes-plugins.com\/shop\/\"},{\"@type\":\"ListItem\",\"position\":3,\"name\":\"WooCommerce Google Analytics &#8211; Statistiques &amp; Analyses &#8211; Plugin WooCommerce\"}]},{\"@type\":\"WebSite\",\"@id\":\"https:\/\/woo-themes-plugins.com\/it\/#website\",\"url\":\"https:\/\/woo-themes-plugins.com\/it\/\",\"name\":\"Woo-themes-plugins.com\",\"description\":\"Tous les th\u00e8mes et plugins WooCommerce Premium\",\"potentialAction\":[{\"@type\":\"SearchAction\",\"target\":{\"@type\":\"EntryPoint\",\"urlTemplate\":\"https:\/\/woo-themes-plugins.com\/it\/?s={search_term_string}\"},\"query-input\":\"required name=search_term_string\"}],\"inLanguage\":\"fr-FR\"}]}<\/script>\n<!-- \/ Yoast SEO plugin. -->","yoast_head_json":{"title":"WooCommerce Google Analytics - Statistiques & Analyses - Plugin","description":"Besoin de mettre en place Google Analytics sur ton site WooCommerce ? WooCommerce Google Analytics, gratuit, est le plugin d\u00e9velopp\u00e9 par la m\u00eame \u00e9quipe que WooCommerce. Il te suffit d'installer WooCommerce Google Analytics et de regarder tes ventes dans Google Analytics, directement.","robots":{"index":"index","follow":"follow","max-snippet":"max-snippet:-1","max-image-preview":"max-image-preview:large","max-video-preview":"max-video-preview:-1"},"canonical":"https:\/\/woo-themes-plugins.com\/fr\/produit\/woocommerce-subscription-paiement-recurant-plugin-woocommerce-copie\/","og_locale":"fr_FR","og_type":"article","og_title":"WooCommerce Google Analytics - Statistiques & Analyses - Plugin","og_description":"Besoin de mettre en place Google Analytics sur ton site WooCommerce ? WooCommerce Google Analytics, gratuit, est le plugin d\u00e9velopp\u00e9 par la m\u00eame \u00e9quipe que WooCommerce. Il te suffit d'installer WooCommerce Google Analytics et de regarder tes ventes dans Google Analytics, directement.","og_url":"https:\/\/woo-themes-plugins.com\/fr\/produit\/woocommerce-subscription-paiement-recurant-plugin-woocommerce-copie\/","og_site_name":"Woo-themes-plugins.com","article_modified_time":"2018-04-26T16:35:57+00:00","og_image":[{"width":900,"height":900,"url":"https:\/\/woo-themes-plugins.com\/wp-content\/uploads\/sites\/7\/2018\/03\/woo-themes-plugins_woocommerce-google-analytics.jpg","type":"image\/jpeg"}],"twitter_misc":{"Dur\u00e9e de lecture estim\u00e9e":"1 minute"},"schema":{"@context":"https:\/\/schema.org","@graph":[{"@type":"WebPage","@id":"https:\/\/woo-themes-plugins.com\/fr\/produit\/woocommerce-subscription-paiement-recurant-plugin-woocommerce-copie\/","url":"https:\/\/woo-themes-plugins.com\/fr\/produit\/woocommerce-subscription-paiement-recurant-plugin-woocommerce-copie\/","name":"WooCommerce Google Analytics - Statistiques & Analyses - Plugin","isPartOf":{"@id":"https:\/\/woo-themes-plugins.com\/it\/#website"},"primaryImageOfPage":{"@id":"https:\/\/woo-themes-plugins.com\/fr\/produit\/woocommerce-subscription-paiement-recurant-plugin-woocommerce-copie\/#primaryimage"},"image":{"@id":"https:\/\/woo-themes-plugins.com\/fr\/produit\/woocommerce-subscription-paiement-recurant-plugin-woocommerce-copie\/#primaryimage"},"thumbnailUrl":"https:\/\/woo-themes-plugins.com\/wp-content\/uploads\/sites\/7\/2018\/03\/woo-themes-plugins_woocommerce-google-analytics.jpg","datePublished":"2018-03-26T04:37:50+00:00","dateModified":"2018-04-26T16:35:57+00:00","description":"Besoin de mettre en place Google Analytics sur ton site WooCommerce ? WooCommerce Google Analytics, gratuit, est le plugin d\u00e9velopp\u00e9 par la m\u00eame \u00e9quipe que WooCommerce. Il te suffit d'installer WooCommerce Google Analytics et de regarder tes ventes dans Google Analytics, directement.","breadcrumb":{"@id":"https:\/\/woo-themes-plugins.com\/fr\/produit\/woocommerce-subscription-paiement-recurant-plugin-woocommerce-copie\/#breadcrumb"},"inLanguage":"fr-FR","potentialAction":[{"@type":"ReadAction","target":["https:\/\/woo-themes-plugins.com\/fr\/produit\/woocommerce-subscription-paiement-recurant-plugin-woocommerce-copie\/"]}]},{"@type":"ImageObject","inLanguage":"fr-FR","@id":"https:\/\/woo-themes-plugins.com\/fr\/produit\/woocommerce-subscription-paiement-recurant-plugin-woocommerce-copie\/#primaryimage","url":"https:\/\/woo-themes-plugins.com\/wp-content\/uploads\/sites\/7\/2018\/03\/woo-themes-plugins_woocommerce-google-analytics.jpg","contentUrl":"https:\/\/woo-themes-plugins.com\/wp-content\/uploads\/sites\/7\/2018\/03\/woo-themes-plugins_woocommerce-google-analytics.jpg","width":900,"height":900},{"@type":"BreadcrumbList","@id":"https:\/\/woo-themes-plugins.com\/fr\/produit\/woocommerce-subscription-paiement-recurant-plugin-woocommerce-copie\/#breadcrumb","itemListElement":[{"@type":"ListItem","position":1,"name":"Accueil","item":"https:\/\/woo-themes-plugins.com\/fr\/"},{"@type":"ListItem","position":2,"name":"Shop","item":"https:\/\/woo-themes-plugins.com\/shop\/"},{"@type":"ListItem","position":3,"name":"WooCommerce Google Analytics &#8211; Statistiques &amp; Analyses &#8211; Plugin WooCommerce"}]},{"@type":"WebSite","@id":"https:\/\/woo-themes-plugins.com\/it\/#website","url":"https:\/\/woo-themes-plugins.com\/it\/","name":"Woo-themes-plugins.com","description":"Tous les th\u00e8mes et plugins WooCommerce Premium","potentialAction":[{"@type":"SearchAction","target":{"@type":"EntryPoint","urlTemplate":"https:\/\/woo-themes-plugins.com\/it\/?s={search_term_string}"},"query-input":"required name=search_term_string"}],"inLanguage":"fr-FR"}]}},"_links":{"self":[{"href":"https:\/\/woo-themes-plugins.com\/fr\/wp-json\/wp\/v2\/product\/244","targetHints":{"allow":["GET"]}}],"collection":[{"href":"https:\/\/woo-themes-plugins.com\/fr\/wp-json\/wp\/v2\/product"}],"about":[{"href":"https:\/\/woo-themes-plugins.com\/fr\/wp-json\/wp\/v2\/types\/product"}],"wp:featuredmedia":[{"embeddable":true,"href":"https:\/\/woo-themes-plugins.com\/fr\/wp-json\/wp\/v2\/media\/2404"}],"wp:attachment":[{"href":"https:\/\/woo-themes-plugins.com\/fr\/wp-json\/wp\/v2\/media?parent=244"}],"wp:term":[{"taxonomy":"product_cat","embeddable":true,"href":"https:\/\/woo-themes-plugins.com\/fr\/wp-json\/wp\/v2\/product_cat?post=244"},{"taxonomy":"product_tag","embeddable":true,"href":"https:\/\/woo-themes-plugins.com\/fr\/wp-json\/wp\/v2\/product_tag?post=244"}],"curies":[{"name":"wp","href":"https:\/\/api.w.org\/{rel}","templated":true}]}}