{"id":246,"date":"2018-03-26T05:49:12","date_gmt":"2018-03-26T04:49:12","guid":{"rendered":"https:\/\/woo-themes-plugins.com\/?post_type=product&#038;p=246"},"modified":"2018-04-26T17:35:26","modified_gmt":"2018-04-26T16:35:26","slug":"paypal-cb-par-braintree-systeme-de-paiement-plugin-woocommerce","status":"publish","type":"product","link":"https:\/\/woo-themes-plugins.com\/fr\/product\/paypal-cb-par-braintree-systeme-de-paiement-plugin-woocommerce\/","title":{"rendered":"Paypal &amp; CB par Braintree &#8211; Syst\u00e8me de Paiement \u2013 Plugin WooCommerce"},"content":{"rendered":"<p>Ce plugin WooCommerce offre une grande vari\u00e9t\u00e9 de fonctionnalit\u00e9 \u00e0 qui veux utiliser Paypal sur son site WooCommerce. <em>Paypal by Braintree <\/em>est comme son nom l&rsquo;indique une solution de paiement te proposant d&rsquo;inclure Paypal sur ton site. \u00c9trange non ? Apr\u00e8s tout, il est possible de le faire nativement avec WooCommerce, non ? En fait&#8230; Oui et non. Disons que cette extension WooCommerce va bien plus loin en te permettant d&rsquo;inclure le paiement par Paypal directement sur ton site, mais aussi des moyens de paiements pour cartes bancaires. Fini les clients qui sont renvoy\u00e9s sur le site de Paypal pour payer. Avec cette extension, vos clients restent sur votre site WooCommerce.<\/p>\n<p>En plus d&rsquo;offrir une mise en \u0153uvre d\u00e9concertante de simplicit\u00e9, ce plugin WooCommerce te permettra :<\/p>\n<ul>\n<li>Accepter toutes les plus grandes cartes de cr\u00e9dits comme Visa, MasterCard, American Express, Discover, Diner&rsquo;s Club et JCB<\/li>\n<li>Compatible PCI DSS v3.0 SAQ-A<\/li>\n<li>Activation au choix du contr\u00f4le AVS ou CVV<\/li>\n<li>Processus de renboursement int\u00e9gr\u00e9 \u00e0 l&rsquo;interface d&rsquo;administration de WooCommerce<\/li>\n<li>Compatible avec le plugin de paiement recurrant <em>WooCommerce Subscriptions<\/em><\/li>\n<\/ul>\n<p>Une fois le plugin d&rsquo;install\u00e9 sur ton site, la connexion avec Braintree se fera en un clic sur ton interface d&rsquo;administration WooCommerce. Cela activera l&rsquo;ensemble des fonctionnalit\u00e9s que nous venons de lister.<\/p>\n<p>Au fait, si tu es habitu\u00e9 aux autres solutions Paypal, tu vas certainement recherch\u00e9 partout o\u00f9 mettre ta cl\u00e9 secrette. Avec <em>Paypal by Braintree<\/em>, cela est rendu caduc.<\/p>\n","protected":false},"excerpt":{"rendered":"<p>WooCommerce te propose ce plugin gratuit et officiel qui te permettra de mettre en place un paiement par PayPal directement sur ton site WooCommerce gr\u00e2ce aux services de Braintree.<\/p>\n","protected":false},"featured_media":2428,"template":"","meta":{"_monsterinsights_skip_tracking":false,"_monsterinsights_sitenote_active":false,"_monsterinsights_sitenote_note":"","_monsterinsights_sitenote_category":0},"product_cat":[40],"product_tag":[120,56,41],"class_list":["post-246","product","type-product","status-publish","has-post-thumbnail","hentry","product_cat-plugin-woocommerce","product_tag-extension-woocommerce-gratuite","product_tag-paypal-woocommerce","product_tag-solution-paiement-woocommerce","pa_dev-woo-plugin-theme-woocommerce","pa_marketplace-woocommerce-woocommerce-com"],"yoast_head":"<!-- This site is optimized with the Yoast SEO plugin v23.1 - https:\/\/yoast.com\/wordpress\/plugins\/seo\/ -->\n<title>Paypal par Braintree - Syst\u00e8me de Paiement \u2013 Plugin WooCommerce<\/title>\n<meta name=\"description\" content=\"Plugin officiel WooCommerce et gratuit pour pouvoir utiliser directement la solution de Paypal sur la page de paiement de ton site de eCommerce WooCommerce gr\u00e2ce aux services de Braintree.\" \/>\n<meta name=\"robots\" content=\"index, follow, max-snippet:-1, max-image-preview:large, max-video-preview:-1\" \/>\n<link rel=\"canonical\" href=\"https:\/\/woo-themes-plugins.com\/fr\/produit\/paypal-cb-par-braintree-systeme-de-paiement-plugin-woocommerce\/\" \/>\n<meta property=\"og:locale\" content=\"fr_FR\" \/>\n<meta property=\"og:type\" content=\"article\" \/>\n<meta property=\"og:title\" content=\"Paypal par Braintree - Syst\u00e8me de Paiement \u2013 Plugin WooCommerce\" \/>\n<meta property=\"og:description\" content=\"Plugin officiel WooCommerce et gratuit pour pouvoir utiliser directement la solution de Paypal sur la page de paiement de ton site de eCommerce WooCommerce gr\u00e2ce aux services de Braintree.\" \/>\n<meta property=\"og:url\" content=\"https:\/\/woo-themes-plugins.com\/fr\/produit\/paypal-cb-par-braintree-systeme-de-paiement-plugin-woocommerce\/\" \/>\n<meta property=\"og:site_name\" content=\"Woo-themes-plugins.com\" \/>\n<meta property=\"article:modified_time\" content=\"2018-04-26T16:35:26+00:00\" \/>\n<meta property=\"og:image\" content=\"https:\/\/woo-themes-plugins.com\/wp-content\/uploads\/sites\/7\/2018\/03\/woo-themes-plugins_woocommerce-paypal-cb-braintree.jpg\" \/>\n\t<meta property=\"og:image:width\" content=\"900\" \/>\n\t<meta property=\"og:image:height\" content=\"900\" \/>\n\t<meta property=\"og:image:type\" content=\"image\/jpeg\" \/>\n<meta name=\"twitter:label1\" content=\"Dur\u00e9e de lecture estim\u00e9e\" \/>\n\t<meta name=\"twitter:data1\" content=\"1 minute\" \/>\n<script type=\"application\/ld+json\" class=\"yoast-schema-graph\">{\"@context\":\"https:\/\/schema.org\",\"@graph\":[{\"@type\":\"WebPage\",\"@id\":\"https:\/\/woo-themes-plugins.com\/fr\/produit\/paypal-cb-par-braintree-systeme-de-paiement-plugin-woocommerce\/\",\"url\":\"https:\/\/woo-themes-plugins.com\/fr\/produit\/paypal-cb-par-braintree-systeme-de-paiement-plugin-woocommerce\/\",\"name\":\"Paypal par Braintree - Syst\u00e8me de Paiement \u2013 Plugin WooCommerce\",\"isPartOf\":{\"@id\":\"https:\/\/woo-themes-plugins.com\/it\/#website\"},\"primaryImageOfPage\":{\"@id\":\"https:\/\/woo-themes-plugins.com\/fr\/produit\/paypal-cb-par-braintree-systeme-de-paiement-plugin-woocommerce\/#primaryimage\"},\"image\":{\"@id\":\"https:\/\/woo-themes-plugins.com\/fr\/produit\/paypal-cb-par-braintree-systeme-de-paiement-plugin-woocommerce\/#primaryimage\"},\"thumbnailUrl\":\"https:\/\/woo-themes-plugins.com\/wp-content\/uploads\/sites\/7\/2018\/03\/woo-themes-plugins_woocommerce-paypal-cb-braintree.jpg\",\"datePublished\":\"2018-03-26T04:49:12+00:00\",\"dateModified\":\"2018-04-26T16:35:26+00:00\",\"description\":\"Plugin officiel WooCommerce et gratuit pour pouvoir utiliser directement la solution de Paypal sur la page de paiement de ton site de eCommerce WooCommerce gr\u00e2ce aux services de Braintree.\",\"breadcrumb\":{\"@id\":\"https:\/\/woo-themes-plugins.com\/fr\/produit\/paypal-cb-par-braintree-systeme-de-paiement-plugin-woocommerce\/#breadcrumb\"},\"inLanguage\":\"fr-FR\",\"potentialAction\":[{\"@type\":\"ReadAction\",\"target\":[\"https:\/\/woo-themes-plugins.com\/fr\/produit\/paypal-cb-par-braintree-systeme-de-paiement-plugin-woocommerce\/\"]}]},{\"@type\":\"ImageObject\",\"inLanguage\":\"fr-FR\",\"@id\":\"https:\/\/woo-themes-plugins.com\/fr\/produit\/paypal-cb-par-braintree-systeme-de-paiement-plugin-woocommerce\/#primaryimage\",\"url\":\"https:\/\/woo-themes-plugins.com\/wp-content\/uploads\/sites\/7\/2018\/03\/woo-themes-plugins_woocommerce-paypal-cb-braintree.jpg\",\"contentUrl\":\"https:\/\/woo-themes-plugins.com\/wp-content\/uploads\/sites\/7\/2018\/03\/woo-themes-plugins_woocommerce-paypal-cb-braintree.jpg\",\"width\":900,\"height\":900},{\"@type\":\"BreadcrumbList\",\"@id\":\"https:\/\/woo-themes-plugins.com\/fr\/produit\/paypal-cb-par-braintree-systeme-de-paiement-plugin-woocommerce\/#breadcrumb\",\"itemListElement\":[{\"@type\":\"ListItem\",\"position\":1,\"name\":\"Accueil\",\"item\":\"https:\/\/woo-themes-plugins.com\/fr\/\"},{\"@type\":\"ListItem\",\"position\":2,\"name\":\"Shop\",\"item\":\"https:\/\/woo-themes-plugins.com\/shop\/\"},{\"@type\":\"ListItem\",\"position\":3,\"name\":\"Paypal &amp; CB par Braintree &#8211; Syst\u00e8me de Paiement \u2013 Plugin WooCommerce\"}]},{\"@type\":\"WebSite\",\"@id\":\"https:\/\/woo-themes-plugins.com\/it\/#website\",\"url\":\"https:\/\/woo-themes-plugins.com\/it\/\",\"name\":\"Woo-themes-plugins.com\",\"description\":\"Tous les th\u00e8mes et plugins WooCommerce Premium\",\"potentialAction\":[{\"@type\":\"SearchAction\",\"target\":{\"@type\":\"EntryPoint\",\"urlTemplate\":\"https:\/\/woo-themes-plugins.com\/it\/?s={search_term_string}\"},\"query-input\":\"required name=search_term_string\"}],\"inLanguage\":\"fr-FR\"}]}<\/script>\n<!-- \/ Yoast SEO plugin. -->","yoast_head_json":{"title":"Paypal par Braintree - Syst\u00e8me de Paiement \u2013 Plugin WooCommerce","description":"Plugin officiel WooCommerce et gratuit pour pouvoir utiliser directement la solution de Paypal sur la page de paiement de ton site de eCommerce WooCommerce gr\u00e2ce aux services de Braintree.","robots":{"index":"index","follow":"follow","max-snippet":"max-snippet:-1","max-image-preview":"max-image-preview:large","max-video-preview":"max-video-preview:-1"},"canonical":"https:\/\/woo-themes-plugins.com\/fr\/produit\/paypal-cb-par-braintree-systeme-de-paiement-plugin-woocommerce\/","og_locale":"fr_FR","og_type":"article","og_title":"Paypal par Braintree - Syst\u00e8me de Paiement \u2013 Plugin WooCommerce","og_description":"Plugin officiel WooCommerce et gratuit pour pouvoir utiliser directement la solution de Paypal sur la page de paiement de ton site de eCommerce WooCommerce gr\u00e2ce aux services de Braintree.","og_url":"https:\/\/woo-themes-plugins.com\/fr\/produit\/paypal-cb-par-braintree-systeme-de-paiement-plugin-woocommerce\/","og_site_name":"Woo-themes-plugins.com","article_modified_time":"2018-04-26T16:35:26+00:00","og_image":[{"width":900,"height":900,"url":"https:\/\/woo-themes-plugins.com\/wp-content\/uploads\/sites\/7\/2018\/03\/woo-themes-plugins_woocommerce-paypal-cb-braintree.jpg","type":"image\/jpeg"}],"twitter_misc":{"Dur\u00e9e de lecture estim\u00e9e":"1 minute"},"schema":{"@context":"https:\/\/schema.org","@graph":[{"@type":"WebPage","@id":"https:\/\/woo-themes-plugins.com\/fr\/produit\/paypal-cb-par-braintree-systeme-de-paiement-plugin-woocommerce\/","url":"https:\/\/woo-themes-plugins.com\/fr\/produit\/paypal-cb-par-braintree-systeme-de-paiement-plugin-woocommerce\/","name":"Paypal par Braintree - Syst\u00e8me de Paiement \u2013 Plugin WooCommerce","isPartOf":{"@id":"https:\/\/woo-themes-plugins.com\/it\/#website"},"primaryImageOfPage":{"@id":"https:\/\/woo-themes-plugins.com\/fr\/produit\/paypal-cb-par-braintree-systeme-de-paiement-plugin-woocommerce\/#primaryimage"},"image":{"@id":"https:\/\/woo-themes-plugins.com\/fr\/produit\/paypal-cb-par-braintree-systeme-de-paiement-plugin-woocommerce\/#primaryimage"},"thumbnailUrl":"https:\/\/woo-themes-plugins.com\/wp-content\/uploads\/sites\/7\/2018\/03\/woo-themes-plugins_woocommerce-paypal-cb-braintree.jpg","datePublished":"2018-03-26T04:49:12+00:00","dateModified":"2018-04-26T16:35:26+00:00","description":"Plugin officiel WooCommerce et gratuit pour pouvoir utiliser directement la solution de Paypal sur la page de paiement de ton site de eCommerce WooCommerce gr\u00e2ce aux services de Braintree.","breadcrumb":{"@id":"https:\/\/woo-themes-plugins.com\/fr\/produit\/paypal-cb-par-braintree-systeme-de-paiement-plugin-woocommerce\/#breadcrumb"},"inLanguage":"fr-FR","potentialAction":[{"@type":"ReadAction","target":["https:\/\/woo-themes-plugins.com\/fr\/produit\/paypal-cb-par-braintree-systeme-de-paiement-plugin-woocommerce\/"]}]},{"@type":"ImageObject","inLanguage":"fr-FR","@id":"https:\/\/woo-themes-plugins.com\/fr\/produit\/paypal-cb-par-braintree-systeme-de-paiement-plugin-woocommerce\/#primaryimage","url":"https:\/\/woo-themes-plugins.com\/wp-content\/uploads\/sites\/7\/2018\/03\/woo-themes-plugins_woocommerce-paypal-cb-braintree.jpg","contentUrl":"https:\/\/woo-themes-plugins.com\/wp-content\/uploads\/sites\/7\/2018\/03\/woo-themes-plugins_woocommerce-paypal-cb-braintree.jpg","width":900,"height":900},{"@type":"BreadcrumbList","@id":"https:\/\/woo-themes-plugins.com\/fr\/produit\/paypal-cb-par-braintree-systeme-de-paiement-plugin-woocommerce\/#breadcrumb","itemListElement":[{"@type":"ListItem","position":1,"name":"Accueil","item":"https:\/\/woo-themes-plugins.com\/fr\/"},{"@type":"ListItem","position":2,"name":"Shop","item":"https:\/\/woo-themes-plugins.com\/shop\/"},{"@type":"ListItem","position":3,"name":"Paypal &amp; CB par Braintree &#8211; Syst\u00e8me de Paiement \u2013 Plugin WooCommerce"}]},{"@type":"WebSite","@id":"https:\/\/woo-themes-plugins.com\/it\/#website","url":"https:\/\/woo-themes-plugins.com\/it\/","name":"Woo-themes-plugins.com","description":"Tous les th\u00e8mes et plugins WooCommerce Premium","potentialAction":[{"@type":"SearchAction","target":{"@type":"EntryPoint","urlTemplate":"https:\/\/woo-themes-plugins.com\/it\/?s={search_term_string}"},"query-input":"required name=search_term_string"}],"inLanguage":"fr-FR"}]}},"_links":{"self":[{"href":"https:\/\/woo-themes-plugins.com\/fr\/wp-json\/wp\/v2\/product\/246","targetHints":{"allow":["GET"]}}],"collection":[{"href":"https:\/\/woo-themes-plugins.com\/fr\/wp-json\/wp\/v2\/product"}],"about":[{"href":"https:\/\/woo-themes-plugins.com\/fr\/wp-json\/wp\/v2\/types\/product"}],"wp:featuredmedia":[{"embeddable":true,"href":"https:\/\/woo-themes-plugins.com\/fr\/wp-json\/wp\/v2\/media\/2428"}],"wp:attachment":[{"href":"https:\/\/woo-themes-plugins.com\/fr\/wp-json\/wp\/v2\/media?parent=246"}],"wp:term":[{"taxonomy":"product_cat","embeddable":true,"href":"https:\/\/woo-themes-plugins.com\/fr\/wp-json\/wp\/v2\/product_cat?post=246"},{"taxonomy":"product_tag","embeddable":true,"href":"https:\/\/woo-themes-plugins.com\/fr\/wp-json\/wp\/v2\/product_tag?post=246"}],"curies":[{"name":"wp","href":"https:\/\/api.w.org\/{rel}","templated":true}]}}