{"id":248,"date":"2018-03-26T06:00:37","date_gmt":"2018-03-26T05:00:37","guid":{"rendered":"https:\/\/woo-themes-plugins.com\/?post_type=product&#038;p=248"},"modified":"2018-04-26T17:35:14","modified_gmt":"2018-04-26T16:35:14","slug":"woocommerce-customer-order-csv-export-export-commandes-clients-plugin-woocommerce","status":"publish","type":"product","link":"https:\/\/woo-themes-plugins.com\/fr\/product\/woocommerce-customer-order-csv-export-export-commandes-clients-plugin-woocommerce\/","title":{"rendered":"WooCommerce Customer \/ Order CSV Export &#8211; Export Commandes &amp; Clients \u2013 Plugin WooCommerce"},"content":{"rendered":"<p>Bien que WooCommerce offre la possibilit\u00e9 de faire des rapports, beaucoup de eCommer\u00e7ants ont encore besoin de faire des extractions CSV r\u00e9guli\u00e8res, que ce soit pour suivre les commandes, g\u00e9rer ses clients ou tout simplement pouvoir lire toutes ses donn\u00e9es sur Excel.<\/p>\n<p>Cette extension WooCommerce a pour but de simplifier le processus d&rsquo;extraction de donn\u00e9es WooCommerce en nous laissant faire un export tr\u00e8s cibl\u00e9, ou bien un export de l&rsquo;ensemble de notre site WooCommerce. Il nous est m\u00eame possible de d\u00e9finir des extractions automatiques qui s&rsquo;enverront tout seul en FTP, par HTTP POST ou m\u00eame par email.<\/p>\n<p>Les t\u00e2ches d&rsquo;extractions se font en arri\u00e8re plan de notre site WooCommerce. Dit autrement, cela signifie que ce processus ne sera pas prioritaire sur les autres, offrant le maximum de performance \u00e0 vos clients. Donc m\u00eame si vous avez des milliers de lignes \u00e0 exporter, pas d&rsquo;inqui\u00e8tude, cela ne viendra pas ralentir notre site de eCommerce.<\/p>\n","protected":false},"excerpt":{"rendered":"<p>Ce plugin WooCommerce va te permettre de faire des exports CSV des commandes et des clients de ton site WooCommerce.<\/p>\n","protected":false},"featured_media":2436,"template":"","meta":{"_monsterinsights_skip_tracking":false,"_monsterinsights_sitenote_active":false,"_monsterinsights_sitenote_note":"","_monsterinsights_sitenote_category":0},"product_cat":[40],"product_tag":[60,59,58],"class_list":["post-248","product","type-product","status-publish","has-post-thumbnail","hentry","product_cat-plugin-woocommerce","product_tag-importer-exporter-commandes-woocommerce","product_tag-exporter-importer-clients-woocommerce","product_tag-plugin-export-woocommerce","pa_dev-woo-plugin-theme-skyverge","pa_marketplace-woocommerce-woocommerce-com"],"yoast_head":"<!-- This site is optimized with the Yoast SEO plugin v23.1 - https:\/\/yoast.com\/wordpress\/plugins\/seo\/ -->\n<title>WooCommerce Customer \/ Order CSV Export<\/title>\n<meta name=\"description\" content=\"Faire de vraies extractions CSV \u00e0 partir de WooCommerce, c&#039;est enfin possible gr\u00e2ce \u00e0 ce plugin WooCommerce. Ce plugin WooCommerce va te permettre d&#039;exporter tes commandes, tes articles, tes promotions et tes clients WooCommerce au format CSV !\" \/>\n<meta name=\"robots\" content=\"index, follow, max-snippet:-1, max-image-preview:large, max-video-preview:-1\" \/>\n<link rel=\"canonical\" href=\"https:\/\/woo-themes-plugins.com\/fr\/produit\/woocommerce-customer-order-csv-export-export-commandes-clients-plugin-woocommerce\/\" \/>\n<meta property=\"og:locale\" content=\"fr_FR\" \/>\n<meta property=\"og:type\" content=\"article\" \/>\n<meta property=\"og:title\" content=\"WooCommerce Customer \/ Order CSV Export\" \/>\n<meta property=\"og:description\" content=\"Faire de vraies extractions CSV \u00e0 partir de WooCommerce, c&#039;est enfin possible gr\u00e2ce \u00e0 ce plugin WooCommerce. Ce plugin WooCommerce va te permettre d&#039;exporter tes commandes, tes articles, tes promotions et tes clients WooCommerce au format CSV !\" \/>\n<meta property=\"og:url\" content=\"https:\/\/woo-themes-plugins.com\/fr\/produit\/woocommerce-customer-order-csv-export-export-commandes-clients-plugin-woocommerce\/\" \/>\n<meta property=\"og:site_name\" content=\"Woo-themes-plugins.com\" \/>\n<meta property=\"article:modified_time\" content=\"2018-04-26T16:35:14+00:00\" \/>\n<meta property=\"og:image\" content=\"https:\/\/woo-themes-plugins.com\/wp-content\/uploads\/sites\/7\/2018\/03\/woo-themes-plugins_woocommerce-customer-order-csv-export-plugin-woocommerce.jpg\" \/>\n\t<meta property=\"og:image:width\" content=\"900\" \/>\n\t<meta property=\"og:image:height\" content=\"900\" \/>\n\t<meta property=\"og:image:type\" content=\"image\/jpeg\" \/>\n<meta name=\"twitter:label1\" content=\"Dur\u00e9e de lecture estim\u00e9e\" \/>\n\t<meta name=\"twitter:data1\" content=\"1 minute\" \/>\n<script type=\"application\/ld+json\" class=\"yoast-schema-graph\">{\"@context\":\"https:\/\/schema.org\",\"@graph\":[{\"@type\":\"WebPage\",\"@id\":\"https:\/\/woo-themes-plugins.com\/fr\/produit\/woocommerce-customer-order-csv-export-export-commandes-clients-plugin-woocommerce\/\",\"url\":\"https:\/\/woo-themes-plugins.com\/fr\/produit\/woocommerce-customer-order-csv-export-export-commandes-clients-plugin-woocommerce\/\",\"name\":\"WooCommerce Customer \/ Order CSV Export\",\"isPartOf\":{\"@id\":\"https:\/\/woo-themes-plugins.com\/it\/#website\"},\"primaryImageOfPage\":{\"@id\":\"https:\/\/woo-themes-plugins.com\/fr\/produit\/woocommerce-customer-order-csv-export-export-commandes-clients-plugin-woocommerce\/#primaryimage\"},\"image\":{\"@id\":\"https:\/\/woo-themes-plugins.com\/fr\/produit\/woocommerce-customer-order-csv-export-export-commandes-clients-plugin-woocommerce\/#primaryimage\"},\"thumbnailUrl\":\"https:\/\/woo-themes-plugins.com\/wp-content\/uploads\/sites\/7\/2018\/03\/woo-themes-plugins_woocommerce-customer-order-csv-export-plugin-woocommerce.jpg\",\"datePublished\":\"2018-03-26T05:00:37+00:00\",\"dateModified\":\"2018-04-26T16:35:14+00:00\",\"description\":\"Faire de vraies extractions CSV \u00e0 partir de WooCommerce, c'est enfin possible gr\u00e2ce \u00e0 ce plugin WooCommerce. Ce plugin WooCommerce va te permettre d'exporter tes commandes, tes articles, tes promotions et tes clients WooCommerce au format CSV !\",\"breadcrumb\":{\"@id\":\"https:\/\/woo-themes-plugins.com\/fr\/produit\/woocommerce-customer-order-csv-export-export-commandes-clients-plugin-woocommerce\/#breadcrumb\"},\"inLanguage\":\"fr-FR\",\"potentialAction\":[{\"@type\":\"ReadAction\",\"target\":[\"https:\/\/woo-themes-plugins.com\/fr\/produit\/woocommerce-customer-order-csv-export-export-commandes-clients-plugin-woocommerce\/\"]}]},{\"@type\":\"ImageObject\",\"inLanguage\":\"fr-FR\",\"@id\":\"https:\/\/woo-themes-plugins.com\/fr\/produit\/woocommerce-customer-order-csv-export-export-commandes-clients-plugin-woocommerce\/#primaryimage\",\"url\":\"https:\/\/woo-themes-plugins.com\/wp-content\/uploads\/sites\/7\/2018\/03\/woo-themes-plugins_woocommerce-customer-order-csv-export-plugin-woocommerce.jpg\",\"contentUrl\":\"https:\/\/woo-themes-plugins.com\/wp-content\/uploads\/sites\/7\/2018\/03\/woo-themes-plugins_woocommerce-customer-order-csv-export-plugin-woocommerce.jpg\",\"width\":900,\"height\":900},{\"@type\":\"BreadcrumbList\",\"@id\":\"https:\/\/woo-themes-plugins.com\/fr\/produit\/woocommerce-customer-order-csv-export-export-commandes-clients-plugin-woocommerce\/#breadcrumb\",\"itemListElement\":[{\"@type\":\"ListItem\",\"position\":1,\"name\":\"Accueil\",\"item\":\"https:\/\/woo-themes-plugins.com\/fr\/\"},{\"@type\":\"ListItem\",\"position\":2,\"name\":\"Shop\",\"item\":\"https:\/\/woo-themes-plugins.com\/shop\/\"},{\"@type\":\"ListItem\",\"position\":3,\"name\":\"WooCommerce Customer \/ Order CSV Export &#8211; Export Commandes &amp; Clients \u2013 Plugin WooCommerce\"}]},{\"@type\":\"WebSite\",\"@id\":\"https:\/\/woo-themes-plugins.com\/it\/#website\",\"url\":\"https:\/\/woo-themes-plugins.com\/it\/\",\"name\":\"Woo-themes-plugins.com\",\"description\":\"Tous les th\u00e8mes et plugins WooCommerce Premium\",\"potentialAction\":[{\"@type\":\"SearchAction\",\"target\":{\"@type\":\"EntryPoint\",\"urlTemplate\":\"https:\/\/woo-themes-plugins.com\/it\/?s={search_term_string}\"},\"query-input\":\"required name=search_term_string\"}],\"inLanguage\":\"fr-FR\"}]}<\/script>\n<!-- \/ Yoast SEO plugin. -->","yoast_head_json":{"title":"WooCommerce Customer \/ Order CSV Export","description":"Faire de vraies extractions CSV \u00e0 partir de WooCommerce, c'est enfin possible gr\u00e2ce \u00e0 ce plugin WooCommerce. Ce plugin WooCommerce va te permettre d'exporter tes commandes, tes articles, tes promotions et tes clients WooCommerce au format CSV !","robots":{"index":"index","follow":"follow","max-snippet":"max-snippet:-1","max-image-preview":"max-image-preview:large","max-video-preview":"max-video-preview:-1"},"canonical":"https:\/\/woo-themes-plugins.com\/fr\/produit\/woocommerce-customer-order-csv-export-export-commandes-clients-plugin-woocommerce\/","og_locale":"fr_FR","og_type":"article","og_title":"WooCommerce Customer \/ Order CSV Export","og_description":"Faire de vraies extractions CSV \u00e0 partir de WooCommerce, c'est enfin possible gr\u00e2ce \u00e0 ce plugin WooCommerce. Ce plugin WooCommerce va te permettre d'exporter tes commandes, tes articles, tes promotions et tes clients WooCommerce au format CSV !","og_url":"https:\/\/woo-themes-plugins.com\/fr\/produit\/woocommerce-customer-order-csv-export-export-commandes-clients-plugin-woocommerce\/","og_site_name":"Woo-themes-plugins.com","article_modified_time":"2018-04-26T16:35:14+00:00","og_image":[{"width":900,"height":900,"url":"https:\/\/woo-themes-plugins.com\/wp-content\/uploads\/sites\/7\/2018\/03\/woo-themes-plugins_woocommerce-customer-order-csv-export-plugin-woocommerce.jpg","type":"image\/jpeg"}],"twitter_misc":{"Dur\u00e9e de lecture estim\u00e9e":"1 minute"},"schema":{"@context":"https:\/\/schema.org","@graph":[{"@type":"WebPage","@id":"https:\/\/woo-themes-plugins.com\/fr\/produit\/woocommerce-customer-order-csv-export-export-commandes-clients-plugin-woocommerce\/","url":"https:\/\/woo-themes-plugins.com\/fr\/produit\/woocommerce-customer-order-csv-export-export-commandes-clients-plugin-woocommerce\/","name":"WooCommerce Customer \/ Order CSV Export","isPartOf":{"@id":"https:\/\/woo-themes-plugins.com\/it\/#website"},"primaryImageOfPage":{"@id":"https:\/\/woo-themes-plugins.com\/fr\/produit\/woocommerce-customer-order-csv-export-export-commandes-clients-plugin-woocommerce\/#primaryimage"},"image":{"@id":"https:\/\/woo-themes-plugins.com\/fr\/produit\/woocommerce-customer-order-csv-export-export-commandes-clients-plugin-woocommerce\/#primaryimage"},"thumbnailUrl":"https:\/\/woo-themes-plugins.com\/wp-content\/uploads\/sites\/7\/2018\/03\/woo-themes-plugins_woocommerce-customer-order-csv-export-plugin-woocommerce.jpg","datePublished":"2018-03-26T05:00:37+00:00","dateModified":"2018-04-26T16:35:14+00:00","description":"Faire de vraies extractions CSV \u00e0 partir de WooCommerce, c'est enfin possible gr\u00e2ce \u00e0 ce plugin WooCommerce. Ce plugin WooCommerce va te permettre d'exporter tes commandes, tes articles, tes promotions et tes clients WooCommerce au format CSV !","breadcrumb":{"@id":"https:\/\/woo-themes-plugins.com\/fr\/produit\/woocommerce-customer-order-csv-export-export-commandes-clients-plugin-woocommerce\/#breadcrumb"},"inLanguage":"fr-FR","potentialAction":[{"@type":"ReadAction","target":["https:\/\/woo-themes-plugins.com\/fr\/produit\/woocommerce-customer-order-csv-export-export-commandes-clients-plugin-woocommerce\/"]}]},{"@type":"ImageObject","inLanguage":"fr-FR","@id":"https:\/\/woo-themes-plugins.com\/fr\/produit\/woocommerce-customer-order-csv-export-export-commandes-clients-plugin-woocommerce\/#primaryimage","url":"https:\/\/woo-themes-plugins.com\/wp-content\/uploads\/sites\/7\/2018\/03\/woo-themes-plugins_woocommerce-customer-order-csv-export-plugin-woocommerce.jpg","contentUrl":"https:\/\/woo-themes-plugins.com\/wp-content\/uploads\/sites\/7\/2018\/03\/woo-themes-plugins_woocommerce-customer-order-csv-export-plugin-woocommerce.jpg","width":900,"height":900},{"@type":"BreadcrumbList","@id":"https:\/\/woo-themes-plugins.com\/fr\/produit\/woocommerce-customer-order-csv-export-export-commandes-clients-plugin-woocommerce\/#breadcrumb","itemListElement":[{"@type":"ListItem","position":1,"name":"Accueil","item":"https:\/\/woo-themes-plugins.com\/fr\/"},{"@type":"ListItem","position":2,"name":"Shop","item":"https:\/\/woo-themes-plugins.com\/shop\/"},{"@type":"ListItem","position":3,"name":"WooCommerce Customer \/ Order CSV Export &#8211; Export Commandes &amp; Clients \u2013 Plugin WooCommerce"}]},{"@type":"WebSite","@id":"https:\/\/woo-themes-plugins.com\/it\/#website","url":"https:\/\/woo-themes-plugins.com\/it\/","name":"Woo-themes-plugins.com","description":"Tous les th\u00e8mes et plugins WooCommerce Premium","potentialAction":[{"@type":"SearchAction","target":{"@type":"EntryPoint","urlTemplate":"https:\/\/woo-themes-plugins.com\/it\/?s={search_term_string}"},"query-input":"required name=search_term_string"}],"inLanguage":"fr-FR"}]}},"_links":{"self":[{"href":"https:\/\/woo-themes-plugins.com\/fr\/wp-json\/wp\/v2\/product\/248","targetHints":{"allow":["GET"]}}],"collection":[{"href":"https:\/\/woo-themes-plugins.com\/fr\/wp-json\/wp\/v2\/product"}],"about":[{"href":"https:\/\/woo-themes-plugins.com\/fr\/wp-json\/wp\/v2\/types\/product"}],"wp:featuredmedia":[{"embeddable":true,"href":"https:\/\/woo-themes-plugins.com\/fr\/wp-json\/wp\/v2\/media\/2436"}],"wp:attachment":[{"href":"https:\/\/woo-themes-plugins.com\/fr\/wp-json\/wp\/v2\/media?parent=248"}],"wp:term":[{"taxonomy":"product_cat","embeddable":true,"href":"https:\/\/woo-themes-plugins.com\/fr\/wp-json\/wp\/v2\/product_cat?post=248"},{"taxonomy":"product_tag","embeddable":true,"href":"https:\/\/woo-themes-plugins.com\/fr\/wp-json\/wp\/v2\/product_tag?post=248"}],"curies":[{"name":"wp","href":"https:\/\/api.w.org\/{rel}","templated":true}]}}