{"id":249,"date":"2018-03-26T06:12:20","date_gmt":"2018-03-26T05:12:20","guid":{"rendered":"https:\/\/woo-themes-plugins.com\/?post_type=product&#038;p=249"},"modified":"2018-04-26T17:35:06","modified_gmt":"2018-04-26T16:35:06","slug":"usps-shipping-method-plugin-livraison-woocommerce","status":"publish","type":"product","link":"https:\/\/woo-themes-plugins.com\/fr\/product\/usps-shipping-method-plugin-livraison-woocommerce\/","title":{"rendered":"USPS Shipping Method &#8211; Plugin Livraison WooCommerce"},"content":{"rendered":"<p>Tu livres aux \u00c9tats-Unis d&rsquo;Am\u00e9rique ? Alors tu dois certainement utiliser les services d&rsquo;USPS.<\/p>\n<p>Avec cette extension WooCommerce, tu vas pouvoir indiquer le vrai prix \u00e0 tes clients, en direct.<\/p>\n<p>Pour b\u00e9n\u00e9ficier de cette fonctionnalit\u00e9, il va tout de m\u00eame falloir respecter quelques r\u00e8gles comme par exemple faire payer ses clients en dollar am\u00e9ricain, des \u00eeles vierges ou encore de Puerto Ribo. Le syst\u00e8me est lui aussi taill\u00e9 pour le march\u00e9 am\u00e9ricain car il te faudra utiliser les <em>inches <\/em>et <em>pounds <\/em>comme unit\u00e9 de mesure. Pour information, les conversions m\u00e9triques se font toutes seules si le besoin s&rsquo;en fait sentir sur ton site WooCommerce.<\/p>\n<p>Si tu utilises les services d&rsquo;USPS, ce plugin WooCommerce est \u00e0 classer dans le rayon des plugins indispensables.<\/p>\n","protected":false},"excerpt":{"rendered":"<p>Plugin officiel <em>WooCommerce <\/em>permettant l&rsquo;int\u00e9gration du transporteur <em>USPS<\/em> (avec ses tarifs bien entendu) directement dans ton site de eCommerce WooCommerce.<\/p>\n","protected":false},"featured_media":2444,"template":"","meta":{"_monsterinsights_skip_tracking":false,"_monsterinsights_sitenote_active":false,"_monsterinsights_sitenote_note":"","_monsterinsights_sitenote_category":0},"product_cat":[40],"product_tag":[55],"class_list":["post-249","product","type-product","status-publish","has-post-thumbnail","hentry","product_cat-plugin-woocommerce","product_tag-livraison-woocommerce","pa_dev-woo-plugin-theme-woocommerce","pa_marketplace-woocommerce-woocommerce-com"],"yoast_head":"<!-- This site is optimized with the Yoast SEO plugin v23.1 - https:\/\/yoast.com\/wordpress\/plugins\/seo\/ -->\n<title>USPS Shipping Method - Plugin Livraison WooCommerce<\/title>\n<meta name=\"robots\" content=\"index, follow, max-snippet:-1, max-image-preview:large, max-video-preview:-1\" \/>\n<link rel=\"canonical\" href=\"https:\/\/woo-themes-plugins.com\/fr\/produit\/usps-shipping-method-plugin-livraison-woocommerce\/\" \/>\n<meta property=\"og:locale\" content=\"fr_FR\" \/>\n<meta property=\"og:type\" content=\"article\" \/>\n<meta property=\"og:title\" content=\"USPS Shipping Method - Plugin Livraison WooCommerce\" \/>\n<meta property=\"og:description\" content=\"Plugin officiel WooCommerce permettant l&#039;int\u00e9gration du transporteur USPS (avec ses tarifs bien entendu) directement dans ton site de eCommerce WooCommerce.\" \/>\n<meta property=\"og:url\" content=\"https:\/\/woo-themes-plugins.com\/fr\/produit\/usps-shipping-method-plugin-livraison-woocommerce\/\" \/>\n<meta property=\"og:site_name\" content=\"Woo-themes-plugins.com\" \/>\n<meta property=\"article:modified_time\" content=\"2018-04-26T16:35:06+00:00\" \/>\n<meta property=\"og:image\" content=\"https:\/\/woo-themes-plugins.com\/wp-content\/uploads\/sites\/7\/2018\/03\/woo-themes-plugins_woocommerce-usps-shipping-method-plugin-woocommerce.jpg\" \/>\n\t<meta property=\"og:image:width\" content=\"900\" \/>\n\t<meta property=\"og:image:height\" content=\"900\" \/>\n\t<meta property=\"og:image:type\" content=\"image\/jpeg\" \/>\n<meta name=\"twitter:label1\" content=\"Dur\u00e9e de lecture estim\u00e9e\" \/>\n\t<meta name=\"twitter:data1\" content=\"1 minute\" \/>\n<script type=\"application\/ld+json\" class=\"yoast-schema-graph\">{\"@context\":\"https:\/\/schema.org\",\"@graph\":[{\"@type\":\"WebPage\",\"@id\":\"https:\/\/woo-themes-plugins.com\/fr\/produit\/usps-shipping-method-plugin-livraison-woocommerce\/\",\"url\":\"https:\/\/woo-themes-plugins.com\/fr\/produit\/usps-shipping-method-plugin-livraison-woocommerce\/\",\"name\":\"USPS Shipping Method - Plugin Livraison WooCommerce\",\"isPartOf\":{\"@id\":\"https:\/\/woo-themes-plugins.com\/it\/#website\"},\"primaryImageOfPage\":{\"@id\":\"https:\/\/woo-themes-plugins.com\/fr\/produit\/usps-shipping-method-plugin-livraison-woocommerce\/#primaryimage\"},\"image\":{\"@id\":\"https:\/\/woo-themes-plugins.com\/fr\/produit\/usps-shipping-method-plugin-livraison-woocommerce\/#primaryimage\"},\"thumbnailUrl\":\"https:\/\/woo-themes-plugins.com\/wp-content\/uploads\/sites\/7\/2018\/03\/woo-themes-plugins_woocommerce-usps-shipping-method-plugin-woocommerce.jpg\",\"datePublished\":\"2018-03-26T05:12:20+00:00\",\"dateModified\":\"2018-04-26T16:35:06+00:00\",\"breadcrumb\":{\"@id\":\"https:\/\/woo-themes-plugins.com\/fr\/produit\/usps-shipping-method-plugin-livraison-woocommerce\/#breadcrumb\"},\"inLanguage\":\"fr-FR\",\"potentialAction\":[{\"@type\":\"ReadAction\",\"target\":[\"https:\/\/woo-themes-plugins.com\/fr\/produit\/usps-shipping-method-plugin-livraison-woocommerce\/\"]}]},{\"@type\":\"ImageObject\",\"inLanguage\":\"fr-FR\",\"@id\":\"https:\/\/woo-themes-plugins.com\/fr\/produit\/usps-shipping-method-plugin-livraison-woocommerce\/#primaryimage\",\"url\":\"https:\/\/woo-themes-plugins.com\/wp-content\/uploads\/sites\/7\/2018\/03\/woo-themes-plugins_woocommerce-usps-shipping-method-plugin-woocommerce.jpg\",\"contentUrl\":\"https:\/\/woo-themes-plugins.com\/wp-content\/uploads\/sites\/7\/2018\/03\/woo-themes-plugins_woocommerce-usps-shipping-method-plugin-woocommerce.jpg\",\"width\":900,\"height\":900},{\"@type\":\"BreadcrumbList\",\"@id\":\"https:\/\/woo-themes-plugins.com\/fr\/produit\/usps-shipping-method-plugin-livraison-woocommerce\/#breadcrumb\",\"itemListElement\":[{\"@type\":\"ListItem\",\"position\":1,\"name\":\"Accueil\",\"item\":\"https:\/\/woo-themes-plugins.com\/fr\/\"},{\"@type\":\"ListItem\",\"position\":2,\"name\":\"Shop\",\"item\":\"https:\/\/woo-themes-plugins.com\/shop\/\"},{\"@type\":\"ListItem\",\"position\":3,\"name\":\"USPS Shipping Method &#8211; Plugin Livraison WooCommerce\"}]},{\"@type\":\"WebSite\",\"@id\":\"https:\/\/woo-themes-plugins.com\/it\/#website\",\"url\":\"https:\/\/woo-themes-plugins.com\/it\/\",\"name\":\"Woo-themes-plugins.com\",\"description\":\"Tous les th\u00e8mes et plugins WooCommerce Premium\",\"potentialAction\":[{\"@type\":\"SearchAction\",\"target\":{\"@type\":\"EntryPoint\",\"urlTemplate\":\"https:\/\/woo-themes-plugins.com\/it\/?s={search_term_string}\"},\"query-input\":\"required name=search_term_string\"}],\"inLanguage\":\"fr-FR\"}]}<\/script>\n<!-- \/ Yoast SEO plugin. -->","yoast_head_json":{"title":"USPS Shipping Method - Plugin Livraison WooCommerce","robots":{"index":"index","follow":"follow","max-snippet":"max-snippet:-1","max-image-preview":"max-image-preview:large","max-video-preview":"max-video-preview:-1"},"canonical":"https:\/\/woo-themes-plugins.com\/fr\/produit\/usps-shipping-method-plugin-livraison-woocommerce\/","og_locale":"fr_FR","og_type":"article","og_title":"USPS Shipping Method - Plugin Livraison WooCommerce","og_description":"Plugin officiel WooCommerce permettant l'int\u00e9gration du transporteur USPS (avec ses tarifs bien entendu) directement dans ton site de eCommerce WooCommerce.","og_url":"https:\/\/woo-themes-plugins.com\/fr\/produit\/usps-shipping-method-plugin-livraison-woocommerce\/","og_site_name":"Woo-themes-plugins.com","article_modified_time":"2018-04-26T16:35:06+00:00","og_image":[{"width":900,"height":900,"url":"https:\/\/woo-themes-plugins.com\/wp-content\/uploads\/sites\/7\/2018\/03\/woo-themes-plugins_woocommerce-usps-shipping-method-plugin-woocommerce.jpg","type":"image\/jpeg"}],"twitter_misc":{"Dur\u00e9e de lecture estim\u00e9e":"1 minute"},"schema":{"@context":"https:\/\/schema.org","@graph":[{"@type":"WebPage","@id":"https:\/\/woo-themes-plugins.com\/fr\/produit\/usps-shipping-method-plugin-livraison-woocommerce\/","url":"https:\/\/woo-themes-plugins.com\/fr\/produit\/usps-shipping-method-plugin-livraison-woocommerce\/","name":"USPS Shipping Method - Plugin Livraison WooCommerce","isPartOf":{"@id":"https:\/\/woo-themes-plugins.com\/it\/#website"},"primaryImageOfPage":{"@id":"https:\/\/woo-themes-plugins.com\/fr\/produit\/usps-shipping-method-plugin-livraison-woocommerce\/#primaryimage"},"image":{"@id":"https:\/\/woo-themes-plugins.com\/fr\/produit\/usps-shipping-method-plugin-livraison-woocommerce\/#primaryimage"},"thumbnailUrl":"https:\/\/woo-themes-plugins.com\/wp-content\/uploads\/sites\/7\/2018\/03\/woo-themes-plugins_woocommerce-usps-shipping-method-plugin-woocommerce.jpg","datePublished":"2018-03-26T05:12:20+00:00","dateModified":"2018-04-26T16:35:06+00:00","breadcrumb":{"@id":"https:\/\/woo-themes-plugins.com\/fr\/produit\/usps-shipping-method-plugin-livraison-woocommerce\/#breadcrumb"},"inLanguage":"fr-FR","potentialAction":[{"@type":"ReadAction","target":["https:\/\/woo-themes-plugins.com\/fr\/produit\/usps-shipping-method-plugin-livraison-woocommerce\/"]}]},{"@type":"ImageObject","inLanguage":"fr-FR","@id":"https:\/\/woo-themes-plugins.com\/fr\/produit\/usps-shipping-method-plugin-livraison-woocommerce\/#primaryimage","url":"https:\/\/woo-themes-plugins.com\/wp-content\/uploads\/sites\/7\/2018\/03\/woo-themes-plugins_woocommerce-usps-shipping-method-plugin-woocommerce.jpg","contentUrl":"https:\/\/woo-themes-plugins.com\/wp-content\/uploads\/sites\/7\/2018\/03\/woo-themes-plugins_woocommerce-usps-shipping-method-plugin-woocommerce.jpg","width":900,"height":900},{"@type":"BreadcrumbList","@id":"https:\/\/woo-themes-plugins.com\/fr\/produit\/usps-shipping-method-plugin-livraison-woocommerce\/#breadcrumb","itemListElement":[{"@type":"ListItem","position":1,"name":"Accueil","item":"https:\/\/woo-themes-plugins.com\/fr\/"},{"@type":"ListItem","position":2,"name":"Shop","item":"https:\/\/woo-themes-plugins.com\/shop\/"},{"@type":"ListItem","position":3,"name":"USPS Shipping Method &#8211; Plugin Livraison WooCommerce"}]},{"@type":"WebSite","@id":"https:\/\/woo-themes-plugins.com\/it\/#website","url":"https:\/\/woo-themes-plugins.com\/it\/","name":"Woo-themes-plugins.com","description":"Tous les th\u00e8mes et plugins WooCommerce Premium","potentialAction":[{"@type":"SearchAction","target":{"@type":"EntryPoint","urlTemplate":"https:\/\/woo-themes-plugins.com\/it\/?s={search_term_string}"},"query-input":"required name=search_term_string"}],"inLanguage":"fr-FR"}]}},"_links":{"self":[{"href":"https:\/\/woo-themes-plugins.com\/fr\/wp-json\/wp\/v2\/product\/249","targetHints":{"allow":["GET"]}}],"collection":[{"href":"https:\/\/woo-themes-plugins.com\/fr\/wp-json\/wp\/v2\/product"}],"about":[{"href":"https:\/\/woo-themes-plugins.com\/fr\/wp-json\/wp\/v2\/types\/product"}],"wp:featuredmedia":[{"embeddable":true,"href":"https:\/\/woo-themes-plugins.com\/fr\/wp-json\/wp\/v2\/media\/2444"}],"wp:attachment":[{"href":"https:\/\/woo-themes-plugins.com\/fr\/wp-json\/wp\/v2\/media?parent=249"}],"wp:term":[{"taxonomy":"product_cat","embeddable":true,"href":"https:\/\/woo-themes-plugins.com\/fr\/wp-json\/wp\/v2\/product_cat?post=249"},{"taxonomy":"product_tag","embeddable":true,"href":"https:\/\/woo-themes-plugins.com\/fr\/wp-json\/wp\/v2\/product_tag?post=249"}],"curies":[{"name":"wp","href":"https:\/\/api.w.org\/{rel}","templated":true}]}}