{"id":250,"date":"2018-03-26T06:18:07","date_gmt":"2018-03-26T05:18:07","guid":{"rendered":"https:\/\/woo-themes-plugins.com\/?post_type=product&#038;p=250"},"modified":"2018-04-26T17:34:58","modified_gmt":"2018-04-26T16:34:58","slug":"authorize-net-aim-solution-paiement-woocommerce-plugin-woocommerce","status":"publish","type":"product","link":"https:\/\/woo-themes-plugins.com\/fr\/product\/authorize-net-aim-solution-paiement-woocommerce-plugin-woocommerce\/","title":{"rendered":"Authorize.net AIM &#8211; Solution Paiement WooCommerce \u2013 Plugin WooCommerce"},"content":{"rendered":"<p><em>Authorize.net AIM <\/em>se veut \u00eatre le plugin WooCommerce fournissant l&rsquo;int\u00e9gration la plus pouss\u00e9e \u00e0 qui utilise \u00e0 la fois les services de WooCommerce et d&rsquo;Authorize.net. Ce plugin permet m\u00eame d&rsquo;inclure le support d&rsquo;<em>Authorize.net eCheck <\/em>et de <em>Accept.js<\/em>. Qui fait mieux ?<\/p>\n<p>Authorize.net est un service en ligne de paiement qui conna\u00eet un tr\u00e8s grand succ\u00e8s du notamment \u00e0 sa grande simplicit\u00e9 d&rsquo;utilisation coupl\u00e9e \u00e0 une grande s\u00e9curit\u00e9. Ce plugin WooCommerce te permet donc d&rsquo;int\u00e9grer le paiement directement sur ton site WooCommerce, ainsi que la possibilit\u00e9 de rembourser directement dans ton interface d&rsquo;administration WooCommerce.<\/p>\n<p>Si ce plugin porte le nom de <em>AIM<\/em>, c&rsquo;est qu&rsquo;il s&rsquo;agit de la version d&rsquo;Authorize.net qui va te permettre d&rsquo;offrir \u00e0 tes clients la possibilit\u00e9 de rester sur ton site de eCommerce au moment du paiement. Un v\u00e9ritable plus pour r\u00e9duire l&rsquo;effet de friction du formulaire de commande, particuli\u00e8rement accrue sur les interfaces mobiles.<\/p>\n","protected":false},"excerpt":{"rendered":"<p>SkyVerge te propose ce plugin de paiement bancaire qui te permettra de mettre en place la solution de paiement <em>Authorize.net<\/em> directement sur ton site de eCommerce WooCommerce, sur la page de paiement de ton site !<\/p>\n","protected":false},"featured_media":2452,"template":"","meta":{"_monsterinsights_skip_tracking":false,"_monsterinsights_sitenote_active":false,"_monsterinsights_sitenote_note":"","_monsterinsights_sitenote_category":0},"product_cat":[40],"product_tag":[61,41],"class_list":["post-250","product","type-product","status-publish","has-post-thumbnail","hentry","product_cat-plugin-woocommerce","product_tag-authorize-net-woocommerce","product_tag-solution-paiement-woocommerce","pa_dev-woo-plugin-theme-skyverge","pa_marketplace-woocommerce-woocommerce-com"],"yoast_head":"<!-- This site is optimized with the Yoast SEO plugin v23.1 - https:\/\/yoast.com\/wordpress\/plugins\/seo\/ -->\n<title>Authorize.net AIM - Solution Paiement WooCommerce<\/title>\n<meta name=\"robots\" content=\"index, follow, max-snippet:-1, max-image-preview:large, max-video-preview:-1\" \/>\n<link rel=\"canonical\" href=\"https:\/\/woo-themes-plugins.com\/fr\/produit\/authorize-net-aim-solution-paiement-woocommerce-plugin-woocommerce\/\" \/>\n<meta property=\"og:locale\" content=\"fr_FR\" \/>\n<meta property=\"og:type\" content=\"article\" \/>\n<meta property=\"og:title\" content=\"Authorize.net AIM - Solution Paiement WooCommerce\" \/>\n<meta property=\"og:description\" content=\"SkyVerge te propose ce plugin de paiement bancaire qui te permettra de mettre en place la solution de paiement Authorize.net directement sur ton site de eCommerce WooCommerce, sur la page de paiement de ton site !\" \/>\n<meta property=\"og:url\" content=\"https:\/\/woo-themes-plugins.com\/fr\/produit\/authorize-net-aim-solution-paiement-woocommerce-plugin-woocommerce\/\" \/>\n<meta property=\"og:site_name\" content=\"Woo-themes-plugins.com\" \/>\n<meta property=\"article:modified_time\" content=\"2018-04-26T16:34:58+00:00\" \/>\n<meta property=\"og:image\" content=\"https:\/\/woo-themes-plugins.com\/wp-content\/uploads\/sites\/7\/2018\/03\/woo-themes-plugins_woocommerce-auhtorize-net-plugin-woocommerce.jpg\" \/>\n\t<meta property=\"og:image:width\" content=\"900\" \/>\n\t<meta property=\"og:image:height\" content=\"900\" \/>\n\t<meta property=\"og:image:type\" content=\"image\/jpeg\" \/>\n<meta name=\"twitter:label1\" content=\"Dur\u00e9e de lecture estim\u00e9e\" \/>\n\t<meta name=\"twitter:data1\" content=\"1 minute\" \/>\n<script type=\"application\/ld+json\" class=\"yoast-schema-graph\">{\"@context\":\"https:\/\/schema.org\",\"@graph\":[{\"@type\":\"WebPage\",\"@id\":\"https:\/\/woo-themes-plugins.com\/fr\/produit\/authorize-net-aim-solution-paiement-woocommerce-plugin-woocommerce\/\",\"url\":\"https:\/\/woo-themes-plugins.com\/fr\/produit\/authorize-net-aim-solution-paiement-woocommerce-plugin-woocommerce\/\",\"name\":\"Authorize.net AIM - Solution Paiement WooCommerce\",\"isPartOf\":{\"@id\":\"https:\/\/woo-themes-plugins.com\/it\/#website\"},\"primaryImageOfPage\":{\"@id\":\"https:\/\/woo-themes-plugins.com\/fr\/produit\/authorize-net-aim-solution-paiement-woocommerce-plugin-woocommerce\/#primaryimage\"},\"image\":{\"@id\":\"https:\/\/woo-themes-plugins.com\/fr\/produit\/authorize-net-aim-solution-paiement-woocommerce-plugin-woocommerce\/#primaryimage\"},\"thumbnailUrl\":\"https:\/\/woo-themes-plugins.com\/wp-content\/uploads\/sites\/7\/2018\/03\/woo-themes-plugins_woocommerce-auhtorize-net-plugin-woocommerce.jpg\",\"datePublished\":\"2018-03-26T05:18:07+00:00\",\"dateModified\":\"2018-04-26T16:34:58+00:00\",\"breadcrumb\":{\"@id\":\"https:\/\/woo-themes-plugins.com\/fr\/produit\/authorize-net-aim-solution-paiement-woocommerce-plugin-woocommerce\/#breadcrumb\"},\"inLanguage\":\"fr-FR\",\"potentialAction\":[{\"@type\":\"ReadAction\",\"target\":[\"https:\/\/woo-themes-plugins.com\/fr\/produit\/authorize-net-aim-solution-paiement-woocommerce-plugin-woocommerce\/\"]}]},{\"@type\":\"ImageObject\",\"inLanguage\":\"fr-FR\",\"@id\":\"https:\/\/woo-themes-plugins.com\/fr\/produit\/authorize-net-aim-solution-paiement-woocommerce-plugin-woocommerce\/#primaryimage\",\"url\":\"https:\/\/woo-themes-plugins.com\/wp-content\/uploads\/sites\/7\/2018\/03\/woo-themes-plugins_woocommerce-auhtorize-net-plugin-woocommerce.jpg\",\"contentUrl\":\"https:\/\/woo-themes-plugins.com\/wp-content\/uploads\/sites\/7\/2018\/03\/woo-themes-plugins_woocommerce-auhtorize-net-plugin-woocommerce.jpg\",\"width\":900,\"height\":900},{\"@type\":\"BreadcrumbList\",\"@id\":\"https:\/\/woo-themes-plugins.com\/fr\/produit\/authorize-net-aim-solution-paiement-woocommerce-plugin-woocommerce\/#breadcrumb\",\"itemListElement\":[{\"@type\":\"ListItem\",\"position\":1,\"name\":\"Accueil\",\"item\":\"https:\/\/woo-themes-plugins.com\/fr\/\"},{\"@type\":\"ListItem\",\"position\":2,\"name\":\"Shop\",\"item\":\"https:\/\/woo-themes-plugins.com\/shop\/\"},{\"@type\":\"ListItem\",\"position\":3,\"name\":\"Authorize.net AIM &#8211; Solution Paiement WooCommerce \u2013 Plugin WooCommerce\"}]},{\"@type\":\"WebSite\",\"@id\":\"https:\/\/woo-themes-plugins.com\/it\/#website\",\"url\":\"https:\/\/woo-themes-plugins.com\/it\/\",\"name\":\"Woo-themes-plugins.com\",\"description\":\"Tous les th\u00e8mes et plugins WooCommerce Premium\",\"potentialAction\":[{\"@type\":\"SearchAction\",\"target\":{\"@type\":\"EntryPoint\",\"urlTemplate\":\"https:\/\/woo-themes-plugins.com\/it\/?s={search_term_string}\"},\"query-input\":\"required name=search_term_string\"}],\"inLanguage\":\"fr-FR\"}]}<\/script>\n<!-- \/ Yoast SEO plugin. -->","yoast_head_json":{"title":"Authorize.net AIM - Solution Paiement WooCommerce","robots":{"index":"index","follow":"follow","max-snippet":"max-snippet:-1","max-image-preview":"max-image-preview:large","max-video-preview":"max-video-preview:-1"},"canonical":"https:\/\/woo-themes-plugins.com\/fr\/produit\/authorize-net-aim-solution-paiement-woocommerce-plugin-woocommerce\/","og_locale":"fr_FR","og_type":"article","og_title":"Authorize.net AIM - Solution Paiement WooCommerce","og_description":"SkyVerge te propose ce plugin de paiement bancaire qui te permettra de mettre en place la solution de paiement Authorize.net directement sur ton site de eCommerce WooCommerce, sur la page de paiement de ton site !","og_url":"https:\/\/woo-themes-plugins.com\/fr\/produit\/authorize-net-aim-solution-paiement-woocommerce-plugin-woocommerce\/","og_site_name":"Woo-themes-plugins.com","article_modified_time":"2018-04-26T16:34:58+00:00","og_image":[{"width":900,"height":900,"url":"https:\/\/woo-themes-plugins.com\/wp-content\/uploads\/sites\/7\/2018\/03\/woo-themes-plugins_woocommerce-auhtorize-net-plugin-woocommerce.jpg","type":"image\/jpeg"}],"twitter_misc":{"Dur\u00e9e de lecture estim\u00e9e":"1 minute"},"schema":{"@context":"https:\/\/schema.org","@graph":[{"@type":"WebPage","@id":"https:\/\/woo-themes-plugins.com\/fr\/produit\/authorize-net-aim-solution-paiement-woocommerce-plugin-woocommerce\/","url":"https:\/\/woo-themes-plugins.com\/fr\/produit\/authorize-net-aim-solution-paiement-woocommerce-plugin-woocommerce\/","name":"Authorize.net AIM - Solution Paiement WooCommerce","isPartOf":{"@id":"https:\/\/woo-themes-plugins.com\/it\/#website"},"primaryImageOfPage":{"@id":"https:\/\/woo-themes-plugins.com\/fr\/produit\/authorize-net-aim-solution-paiement-woocommerce-plugin-woocommerce\/#primaryimage"},"image":{"@id":"https:\/\/woo-themes-plugins.com\/fr\/produit\/authorize-net-aim-solution-paiement-woocommerce-plugin-woocommerce\/#primaryimage"},"thumbnailUrl":"https:\/\/woo-themes-plugins.com\/wp-content\/uploads\/sites\/7\/2018\/03\/woo-themes-plugins_woocommerce-auhtorize-net-plugin-woocommerce.jpg","datePublished":"2018-03-26T05:18:07+00:00","dateModified":"2018-04-26T16:34:58+00:00","breadcrumb":{"@id":"https:\/\/woo-themes-plugins.com\/fr\/produit\/authorize-net-aim-solution-paiement-woocommerce-plugin-woocommerce\/#breadcrumb"},"inLanguage":"fr-FR","potentialAction":[{"@type":"ReadAction","target":["https:\/\/woo-themes-plugins.com\/fr\/produit\/authorize-net-aim-solution-paiement-woocommerce-plugin-woocommerce\/"]}]},{"@type":"ImageObject","inLanguage":"fr-FR","@id":"https:\/\/woo-themes-plugins.com\/fr\/produit\/authorize-net-aim-solution-paiement-woocommerce-plugin-woocommerce\/#primaryimage","url":"https:\/\/woo-themes-plugins.com\/wp-content\/uploads\/sites\/7\/2018\/03\/woo-themes-plugins_woocommerce-auhtorize-net-plugin-woocommerce.jpg","contentUrl":"https:\/\/woo-themes-plugins.com\/wp-content\/uploads\/sites\/7\/2018\/03\/woo-themes-plugins_woocommerce-auhtorize-net-plugin-woocommerce.jpg","width":900,"height":900},{"@type":"BreadcrumbList","@id":"https:\/\/woo-themes-plugins.com\/fr\/produit\/authorize-net-aim-solution-paiement-woocommerce-plugin-woocommerce\/#breadcrumb","itemListElement":[{"@type":"ListItem","position":1,"name":"Accueil","item":"https:\/\/woo-themes-plugins.com\/fr\/"},{"@type":"ListItem","position":2,"name":"Shop","item":"https:\/\/woo-themes-plugins.com\/shop\/"},{"@type":"ListItem","position":3,"name":"Authorize.net AIM &#8211; Solution Paiement WooCommerce \u2013 Plugin WooCommerce"}]},{"@type":"WebSite","@id":"https:\/\/woo-themes-plugins.com\/it\/#website","url":"https:\/\/woo-themes-plugins.com\/it\/","name":"Woo-themes-plugins.com","description":"Tous les th\u00e8mes et plugins WooCommerce Premium","potentialAction":[{"@type":"SearchAction","target":{"@type":"EntryPoint","urlTemplate":"https:\/\/woo-themes-plugins.com\/it\/?s={search_term_string}"},"query-input":"required name=search_term_string"}],"inLanguage":"fr-FR"}]}},"_links":{"self":[{"href":"https:\/\/woo-themes-plugins.com\/fr\/wp-json\/wp\/v2\/product\/250","targetHints":{"allow":["GET"]}}],"collection":[{"href":"https:\/\/woo-themes-plugins.com\/fr\/wp-json\/wp\/v2\/product"}],"about":[{"href":"https:\/\/woo-themes-plugins.com\/fr\/wp-json\/wp\/v2\/types\/product"}],"wp:featuredmedia":[{"embeddable":true,"href":"https:\/\/woo-themes-plugins.com\/fr\/wp-json\/wp\/v2\/media\/2452"}],"wp:attachment":[{"href":"https:\/\/woo-themes-plugins.com\/fr\/wp-json\/wp\/v2\/media?parent=250"}],"wp:term":[{"taxonomy":"product_cat","embeddable":true,"href":"https:\/\/woo-themes-plugins.com\/fr\/wp-json\/wp\/v2\/product_cat?post=250"},{"taxonomy":"product_tag","embeddable":true,"href":"https:\/\/woo-themes-plugins.com\/fr\/wp-json\/wp\/v2\/product_tag?post=250"}],"curies":[{"name":"wp","href":"https:\/\/api.w.org\/{rel}","templated":true}]}}