{"id":251,"date":"2018-03-26T06:22:46","date_gmt":"2018-03-26T05:22:46","guid":{"rendered":"https:\/\/woo-themes-plugins.com\/?post_type=product&#038;p=251"},"modified":"2018-04-26T17:34:41","modified_gmt":"2018-04-26T16:34:41","slug":"product-bundles-produits-groupes-personnalises-plugin-woocommerce","status":"publish","type":"product","link":"https:\/\/woo-themes-plugins.com\/fr\/product\/product-bundles-produits-groupes-personnalises-plugin-woocommerce\/","title":{"rendered":"Product Bundles &#8211; Produits Group\u00e9s Personnalis\u00e9s &#8211; Plugin WooCommerce"},"content":{"rendered":"<p>En une phrase, <em>Product Bundles <\/em>est une v\u00e9ritable boite \u00e0 outil pour vos produits WooCommerce qui te permettra de cr\u00e9er des assemblages de produits \u00e0 proposer \u00e0 tes clients.<\/p>\n<p>Les produits group\u00e9s sont l&rsquo;une des strat\u00e9gies les plus agressives en mati\u00e8re d\u2019efficacit\u00e9 sur les ventes. Cette extension WooCommerce nous permet de choisir des produits \u00e0 grouper ensemble, d\u00e9finir une r\u00e9duction sur l&rsquo;ensemble du prix et de simplement regarder ses ventes d\u00e9coller. Programme plut\u00f4t sympathique non ?<\/p>\n<p>Lorsqu&rsquo;on parle de produits group\u00e9s, il ne faut pas uniquement penser r\u00e9duction. Cela est aussi une formidable opportunit\u00e9 de pr\u00e9senter ton un ensemble de produit en un seul produit comme un <em>look <\/em>en entier pour un magasin de mode, ou un ordinateur avec tout ses composants pour un magasin d&rsquo;informatique.<\/p>\n<p>Ce plugin nous offre des fonctionnalit\u00e9s tr\u00e8s flexibles en mati\u00e8re de groupement de produits, nous laissant libre de cr\u00e9er des groupements de produits comme bon nous semble.<\/p>\n","protected":false},"excerpt":{"rendered":"<p>Le plugin <em>Product Bundle <\/em>te permettra de cr\u00e9er un nouveau type de produit : le produit group\u00e9 constitu\u00e9 d&rsquo;autres produits, \u00e0 un tarif avantageux&#8230; ou pas plus que \u00e7a en fait \ud83d\ude09<\/p>\n","protected":false},"featured_media":2806,"template":"","meta":{"_monsterinsights_skip_tracking":false,"_monsterinsights_sitenote_active":false,"_monsterinsights_sitenote_note":"","_monsterinsights_sitenote_category":0},"product_cat":[40],"product_tag":[69,121,63],"class_list":["post-251","product","type-product","status-publish","has-post-thumbnail","hentry","product_cat-plugin-woocommerce","product_tag-gerer-prix-woocommerce","product_tag-plugin-theme-woocommerce-indispensable","product_tag-produit-woocommerce-produit-groupe-produit-complementaire","pa_dev-woo-plugin-theme-somewherewarm","pa_marketplace-woocommerce-woocommerce-com"],"yoast_head":"<!-- This site is optimized with the Yoast SEO plugin v23.1 - https:\/\/yoast.com\/wordpress\/plugins\/seo\/ -->\n<title>Product Bundles - Produits Group\u00e9s Personnalis\u00e9s WooCommerce<\/title>\n<meta name=\"robots\" content=\"index, follow, max-snippet:-1, max-image-preview:large, max-video-preview:-1\" \/>\n<link rel=\"canonical\" href=\"https:\/\/woo-themes-plugins.com\/fr\/produit\/product-bundles-produits-groupes-personnalises-plugin-woocommerce\/\" \/>\n<meta property=\"og:locale\" content=\"fr_FR\" \/>\n<meta property=\"og:type\" content=\"article\" \/>\n<meta property=\"og:title\" content=\"Product Bundles - Produits Group\u00e9s Personnalis\u00e9s WooCommerce\" \/>\n<meta property=\"og:description\" content=\"Le plugin Product Bundle te permettra de cr\u00e9er un nouveau type de produit : le produit group\u00e9 constitu\u00e9 d&#039;autres produits, \u00e0 un tarif avantageux... ou pas plus que \u00e7a en fait ;)\" \/>\n<meta property=\"og:url\" content=\"https:\/\/woo-themes-plugins.com\/fr\/produit\/product-bundles-produits-groupes-personnalises-plugin-woocommerce\/\" \/>\n<meta property=\"og:site_name\" content=\"Woo-themes-plugins.com\" \/>\n<meta property=\"article:modified_time\" content=\"2018-04-26T16:34:41+00:00\" \/>\n<meta property=\"og:image\" content=\"https:\/\/woo-themes-plugins.com\/wp-content\/uploads\/sites\/7\/2018\/03\/woo-themes-plugins_woocommerce-product-bundles-plugin-woocommerce.png\" \/>\n\t<meta property=\"og:image:width\" content=\"900\" \/>\n\t<meta property=\"og:image:height\" content=\"900\" \/>\n\t<meta property=\"og:image:type\" content=\"image\/png\" \/>\n<meta name=\"twitter:label1\" content=\"Dur\u00e9e de lecture estim\u00e9e\" \/>\n\t<meta name=\"twitter:data1\" content=\"1 minute\" \/>\n<script type=\"application\/ld+json\" class=\"yoast-schema-graph\">{\"@context\":\"https:\/\/schema.org\",\"@graph\":[{\"@type\":\"WebPage\",\"@id\":\"https:\/\/woo-themes-plugins.com\/fr\/produit\/product-bundles-produits-groupes-personnalises-plugin-woocommerce\/\",\"url\":\"https:\/\/woo-themes-plugins.com\/fr\/produit\/product-bundles-produits-groupes-personnalises-plugin-woocommerce\/\",\"name\":\"Product Bundles - Produits Group\u00e9s Personnalis\u00e9s WooCommerce\",\"isPartOf\":{\"@id\":\"https:\/\/woo-themes-plugins.com\/it\/#website\"},\"primaryImageOfPage\":{\"@id\":\"https:\/\/woo-themes-plugins.com\/fr\/produit\/product-bundles-produits-groupes-personnalises-plugin-woocommerce\/#primaryimage\"},\"image\":{\"@id\":\"https:\/\/woo-themes-plugins.com\/fr\/produit\/product-bundles-produits-groupes-personnalises-plugin-woocommerce\/#primaryimage\"},\"thumbnailUrl\":\"https:\/\/woo-themes-plugins.com\/wp-content\/uploads\/sites\/7\/2018\/03\/woo-themes-plugins_woocommerce-product-bundles-plugin-woocommerce.png\",\"datePublished\":\"2018-03-26T05:22:46+00:00\",\"dateModified\":\"2018-04-26T16:34:41+00:00\",\"breadcrumb\":{\"@id\":\"https:\/\/woo-themes-plugins.com\/fr\/produit\/product-bundles-produits-groupes-personnalises-plugin-woocommerce\/#breadcrumb\"},\"inLanguage\":\"fr-FR\",\"potentialAction\":[{\"@type\":\"ReadAction\",\"target\":[\"https:\/\/woo-themes-plugins.com\/fr\/produit\/product-bundles-produits-groupes-personnalises-plugin-woocommerce\/\"]}]},{\"@type\":\"ImageObject\",\"inLanguage\":\"fr-FR\",\"@id\":\"https:\/\/woo-themes-plugins.com\/fr\/produit\/product-bundles-produits-groupes-personnalises-plugin-woocommerce\/#primaryimage\",\"url\":\"https:\/\/woo-themes-plugins.com\/wp-content\/uploads\/sites\/7\/2018\/03\/woo-themes-plugins_woocommerce-product-bundles-plugin-woocommerce.png\",\"contentUrl\":\"https:\/\/woo-themes-plugins.com\/wp-content\/uploads\/sites\/7\/2018\/03\/woo-themes-plugins_woocommerce-product-bundles-plugin-woocommerce.png\",\"width\":900,\"height\":900},{\"@type\":\"BreadcrumbList\",\"@id\":\"https:\/\/woo-themes-plugins.com\/fr\/produit\/product-bundles-produits-groupes-personnalises-plugin-woocommerce\/#breadcrumb\",\"itemListElement\":[{\"@type\":\"ListItem\",\"position\":1,\"name\":\"Accueil\",\"item\":\"https:\/\/woo-themes-plugins.com\/fr\/\"},{\"@type\":\"ListItem\",\"position\":2,\"name\":\"Shop\",\"item\":\"https:\/\/woo-themes-plugins.com\/shop\/\"},{\"@type\":\"ListItem\",\"position\":3,\"name\":\"Product Bundles &#8211; Produits Group\u00e9s Personnalis\u00e9s &#8211; Plugin WooCommerce\"}]},{\"@type\":\"WebSite\",\"@id\":\"https:\/\/woo-themes-plugins.com\/it\/#website\",\"url\":\"https:\/\/woo-themes-plugins.com\/it\/\",\"name\":\"Woo-themes-plugins.com\",\"description\":\"Tous les th\u00e8mes et plugins WooCommerce Premium\",\"potentialAction\":[{\"@type\":\"SearchAction\",\"target\":{\"@type\":\"EntryPoint\",\"urlTemplate\":\"https:\/\/woo-themes-plugins.com\/it\/?s={search_term_string}\"},\"query-input\":\"required name=search_term_string\"}],\"inLanguage\":\"fr-FR\"}]}<\/script>\n<!-- \/ Yoast SEO plugin. -->","yoast_head_json":{"title":"Product Bundles - Produits Group\u00e9s Personnalis\u00e9s WooCommerce","robots":{"index":"index","follow":"follow","max-snippet":"max-snippet:-1","max-image-preview":"max-image-preview:large","max-video-preview":"max-video-preview:-1"},"canonical":"https:\/\/woo-themes-plugins.com\/fr\/produit\/product-bundles-produits-groupes-personnalises-plugin-woocommerce\/","og_locale":"fr_FR","og_type":"article","og_title":"Product Bundles - Produits Group\u00e9s Personnalis\u00e9s WooCommerce","og_description":"Le plugin Product Bundle te permettra de cr\u00e9er un nouveau type de produit : le produit group\u00e9 constitu\u00e9 d'autres produits, \u00e0 un tarif avantageux... ou pas plus que \u00e7a en fait ;)","og_url":"https:\/\/woo-themes-plugins.com\/fr\/produit\/product-bundles-produits-groupes-personnalises-plugin-woocommerce\/","og_site_name":"Woo-themes-plugins.com","article_modified_time":"2018-04-26T16:34:41+00:00","og_image":[{"width":900,"height":900,"url":"https:\/\/woo-themes-plugins.com\/wp-content\/uploads\/sites\/7\/2018\/03\/woo-themes-plugins_woocommerce-product-bundles-plugin-woocommerce.png","type":"image\/png"}],"twitter_misc":{"Dur\u00e9e de lecture estim\u00e9e":"1 minute"},"schema":{"@context":"https:\/\/schema.org","@graph":[{"@type":"WebPage","@id":"https:\/\/woo-themes-plugins.com\/fr\/produit\/product-bundles-produits-groupes-personnalises-plugin-woocommerce\/","url":"https:\/\/woo-themes-plugins.com\/fr\/produit\/product-bundles-produits-groupes-personnalises-plugin-woocommerce\/","name":"Product Bundles - Produits Group\u00e9s Personnalis\u00e9s WooCommerce","isPartOf":{"@id":"https:\/\/woo-themes-plugins.com\/it\/#website"},"primaryImageOfPage":{"@id":"https:\/\/woo-themes-plugins.com\/fr\/produit\/product-bundles-produits-groupes-personnalises-plugin-woocommerce\/#primaryimage"},"image":{"@id":"https:\/\/woo-themes-plugins.com\/fr\/produit\/product-bundles-produits-groupes-personnalises-plugin-woocommerce\/#primaryimage"},"thumbnailUrl":"https:\/\/woo-themes-plugins.com\/wp-content\/uploads\/sites\/7\/2018\/03\/woo-themes-plugins_woocommerce-product-bundles-plugin-woocommerce.png","datePublished":"2018-03-26T05:22:46+00:00","dateModified":"2018-04-26T16:34:41+00:00","breadcrumb":{"@id":"https:\/\/woo-themes-plugins.com\/fr\/produit\/product-bundles-produits-groupes-personnalises-plugin-woocommerce\/#breadcrumb"},"inLanguage":"fr-FR","potentialAction":[{"@type":"ReadAction","target":["https:\/\/woo-themes-plugins.com\/fr\/produit\/product-bundles-produits-groupes-personnalises-plugin-woocommerce\/"]}]},{"@type":"ImageObject","inLanguage":"fr-FR","@id":"https:\/\/woo-themes-plugins.com\/fr\/produit\/product-bundles-produits-groupes-personnalises-plugin-woocommerce\/#primaryimage","url":"https:\/\/woo-themes-plugins.com\/wp-content\/uploads\/sites\/7\/2018\/03\/woo-themes-plugins_woocommerce-product-bundles-plugin-woocommerce.png","contentUrl":"https:\/\/woo-themes-plugins.com\/wp-content\/uploads\/sites\/7\/2018\/03\/woo-themes-plugins_woocommerce-product-bundles-plugin-woocommerce.png","width":900,"height":900},{"@type":"BreadcrumbList","@id":"https:\/\/woo-themes-plugins.com\/fr\/produit\/product-bundles-produits-groupes-personnalises-plugin-woocommerce\/#breadcrumb","itemListElement":[{"@type":"ListItem","position":1,"name":"Accueil","item":"https:\/\/woo-themes-plugins.com\/fr\/"},{"@type":"ListItem","position":2,"name":"Shop","item":"https:\/\/woo-themes-plugins.com\/shop\/"},{"@type":"ListItem","position":3,"name":"Product Bundles &#8211; Produits Group\u00e9s Personnalis\u00e9s &#8211; Plugin WooCommerce"}]},{"@type":"WebSite","@id":"https:\/\/woo-themes-plugins.com\/it\/#website","url":"https:\/\/woo-themes-plugins.com\/it\/","name":"Woo-themes-plugins.com","description":"Tous les th\u00e8mes et plugins WooCommerce Premium","potentialAction":[{"@type":"SearchAction","target":{"@type":"EntryPoint","urlTemplate":"https:\/\/woo-themes-plugins.com\/it\/?s={search_term_string}"},"query-input":"required name=search_term_string"}],"inLanguage":"fr-FR"}]}},"_links":{"self":[{"href":"https:\/\/woo-themes-plugins.com\/fr\/wp-json\/wp\/v2\/product\/251","targetHints":{"allow":["GET"]}}],"collection":[{"href":"https:\/\/woo-themes-plugins.com\/fr\/wp-json\/wp\/v2\/product"}],"about":[{"href":"https:\/\/woo-themes-plugins.com\/fr\/wp-json\/wp\/v2\/types\/product"}],"wp:featuredmedia":[{"embeddable":true,"href":"https:\/\/woo-themes-plugins.com\/fr\/wp-json\/wp\/v2\/media\/2806"}],"wp:attachment":[{"href":"https:\/\/woo-themes-plugins.com\/fr\/wp-json\/wp\/v2\/media?parent=251"}],"wp:term":[{"taxonomy":"product_cat","embeddable":true,"href":"https:\/\/woo-themes-plugins.com\/fr\/wp-json\/wp\/v2\/product_cat?post=251"},{"taxonomy":"product_tag","embeddable":true,"href":"https:\/\/woo-themes-plugins.com\/fr\/wp-json\/wp\/v2\/product_tag?post=251"}],"curies":[{"name":"wp","href":"https:\/\/api.w.org\/{rel}","templated":true}]}}