{"id":252,"date":"2018-03-26T06:27:35","date_gmt":"2018-03-26T05:27:35","guid":{"rendered":"https:\/\/woo-themes-plugins.com\/?post_type=product&#038;p=252"},"modified":"2018-04-26T17:34:32","modified_gmt":"2018-04-26T16:34:32","slug":"ups-shipping-method-plugin-livraison-ups-plugin-woocommerce","status":"publish","type":"product","link":"https:\/\/woo-themes-plugins.com\/fr\/product\/ups-shipping-method-plugin-livraison-ups-plugin-woocommerce\/","title":{"rendered":"UPS Shipping Method &#8211; Plugin Livraison UPS &#8211; Plugin WooCommerce"},"content":{"rendered":"<p>UPS est devenu un leader mondial des exp\u00e9ditions en un peu plus de 100 ans. Pour rester \u00e0 la hauteur de sa r\u00e9putation, voici un plugin WooCommerce qui va te permettre d&rsquo;int\u00e9grer les frais qui te seront factur\u00e9 directement dans l&rsquo;interface de commande de ton client.<\/p>\n<p>Pour fonctionner, cette extension va cr\u00e9er un fichier XML tr\u00e8s simple qui contiendra diff\u00e9rentes informations indispensables au calcul du co\u00fbt de livraison chez UPS. Une fois la donn\u00e9e calcul\u00e9, UPS la renvoie et le plugin se charge d&rsquo;afficher la bonne information \u00e0 ton client. Cette extension fonctionne de base en <em>inches <\/em>et <em>pounds<\/em>, mais un syst\u00e8me de conversion automatique existe pour que tout le monde puisse utiliser cette extension.<\/p>\n<p>Pour qui travail \u00e0 la fois avec WooCommerce et UPS, cette extension fait partie des indispensables WooCommerce.<\/p>\n","protected":false},"excerpt":{"rendered":"<p>Plugin officiel <em>WooCommerce <\/em>permettant l&rsquo;int\u00e9gration du transporteur <em>UPS<\/em> (avec ses tarifs bien entendu) directement dans ton site de eCommerce WooCommerce.<\/p>\n","protected":false},"featured_media":2476,"template":"","meta":{"_monsterinsights_skip_tracking":false,"_monsterinsights_sitenote_active":false,"_monsterinsights_sitenote_note":"","_monsterinsights_sitenote_category":0},"product_cat":[40],"product_tag":[55,65],"class_list":["post-252","product","type-product","status-publish","has-post-thumbnail","hentry","product_cat-plugin-woocommerce","product_tag-livraison-woocommerce","product_tag-ups-woocommerce","pa_dev-woo-plugin-theme-woocommerce","pa_marketplace-woocommerce-woocommerce-com"],"yoast_head":"<!-- This site is optimized with the Yoast SEO plugin v23.1 - https:\/\/yoast.com\/wordpress\/plugins\/seo\/ -->\n<title>UPS Shipping Method - Plugin Livraison UPS - Plugin WooCommerce<\/title>\n<meta name=\"robots\" content=\"index, follow, max-snippet:-1, max-image-preview:large, max-video-preview:-1\" \/>\n<link rel=\"canonical\" href=\"https:\/\/woo-themes-plugins.com\/fr\/produit\/ups-shipping-method-plugin-livraison-ups-plugin-woocommerce\/\" \/>\n<meta property=\"og:locale\" content=\"fr_FR\" \/>\n<meta property=\"og:type\" content=\"article\" \/>\n<meta property=\"og:title\" content=\"UPS Shipping Method - Plugin Livraison UPS - Plugin WooCommerce\" \/>\n<meta property=\"og:description\" content=\"Plugin officiel WooCommerce permettant l&#039;int\u00e9gration du transporteur UPS (avec ses tarifs bien entendu) directement dans ton site de eCommerce WooCommerce.\" \/>\n<meta property=\"og:url\" content=\"https:\/\/woo-themes-plugins.com\/fr\/produit\/ups-shipping-method-plugin-livraison-ups-plugin-woocommerce\/\" \/>\n<meta property=\"og:site_name\" content=\"Woo-themes-plugins.com\" \/>\n<meta property=\"article:modified_time\" content=\"2018-04-26T16:34:32+00:00\" \/>\n<meta property=\"og:image\" content=\"https:\/\/woo-themes-plugins.com\/wp-content\/uploads\/sites\/7\/2018\/03\/woo-themes-plugins_woocommerce-ups-shipping-method-plugin-woocommerce.jpg\" \/>\n\t<meta property=\"og:image:width\" content=\"900\" \/>\n\t<meta property=\"og:image:height\" content=\"900\" \/>\n\t<meta property=\"og:image:type\" content=\"image\/jpeg\" \/>\n<meta name=\"twitter:label1\" content=\"Dur\u00e9e de lecture estim\u00e9e\" \/>\n\t<meta name=\"twitter:data1\" content=\"1 minute\" \/>\n<script type=\"application\/ld+json\" class=\"yoast-schema-graph\">{\"@context\":\"https:\/\/schema.org\",\"@graph\":[{\"@type\":\"WebPage\",\"@id\":\"https:\/\/woo-themes-plugins.com\/fr\/produit\/ups-shipping-method-plugin-livraison-ups-plugin-woocommerce\/\",\"url\":\"https:\/\/woo-themes-plugins.com\/fr\/produit\/ups-shipping-method-plugin-livraison-ups-plugin-woocommerce\/\",\"name\":\"UPS Shipping Method - Plugin Livraison UPS - Plugin WooCommerce\",\"isPartOf\":{\"@id\":\"https:\/\/woo-themes-plugins.com\/it\/#website\"},\"primaryImageOfPage\":{\"@id\":\"https:\/\/woo-themes-plugins.com\/fr\/produit\/ups-shipping-method-plugin-livraison-ups-plugin-woocommerce\/#primaryimage\"},\"image\":{\"@id\":\"https:\/\/woo-themes-plugins.com\/fr\/produit\/ups-shipping-method-plugin-livraison-ups-plugin-woocommerce\/#primaryimage\"},\"thumbnailUrl\":\"https:\/\/woo-themes-plugins.com\/wp-content\/uploads\/sites\/7\/2018\/03\/woo-themes-plugins_woocommerce-ups-shipping-method-plugin-woocommerce.jpg\",\"datePublished\":\"2018-03-26T05:27:35+00:00\",\"dateModified\":\"2018-04-26T16:34:32+00:00\",\"breadcrumb\":{\"@id\":\"https:\/\/woo-themes-plugins.com\/fr\/produit\/ups-shipping-method-plugin-livraison-ups-plugin-woocommerce\/#breadcrumb\"},\"inLanguage\":\"fr-FR\",\"potentialAction\":[{\"@type\":\"ReadAction\",\"target\":[\"https:\/\/woo-themes-plugins.com\/fr\/produit\/ups-shipping-method-plugin-livraison-ups-plugin-woocommerce\/\"]}]},{\"@type\":\"ImageObject\",\"inLanguage\":\"fr-FR\",\"@id\":\"https:\/\/woo-themes-plugins.com\/fr\/produit\/ups-shipping-method-plugin-livraison-ups-plugin-woocommerce\/#primaryimage\",\"url\":\"https:\/\/woo-themes-plugins.com\/wp-content\/uploads\/sites\/7\/2018\/03\/woo-themes-plugins_woocommerce-ups-shipping-method-plugin-woocommerce.jpg\",\"contentUrl\":\"https:\/\/woo-themes-plugins.com\/wp-content\/uploads\/sites\/7\/2018\/03\/woo-themes-plugins_woocommerce-ups-shipping-method-plugin-woocommerce.jpg\",\"width\":900,\"height\":900},{\"@type\":\"BreadcrumbList\",\"@id\":\"https:\/\/woo-themes-plugins.com\/fr\/produit\/ups-shipping-method-plugin-livraison-ups-plugin-woocommerce\/#breadcrumb\",\"itemListElement\":[{\"@type\":\"ListItem\",\"position\":1,\"name\":\"Accueil\",\"item\":\"https:\/\/woo-themes-plugins.com\/fr\/\"},{\"@type\":\"ListItem\",\"position\":2,\"name\":\"Shop\",\"item\":\"https:\/\/woo-themes-plugins.com\/shop\/\"},{\"@type\":\"ListItem\",\"position\":3,\"name\":\"UPS Shipping Method &#8211; Plugin Livraison UPS &#8211; Plugin WooCommerce\"}]},{\"@type\":\"WebSite\",\"@id\":\"https:\/\/woo-themes-plugins.com\/it\/#website\",\"url\":\"https:\/\/woo-themes-plugins.com\/it\/\",\"name\":\"Woo-themes-plugins.com\",\"description\":\"Tous les th\u00e8mes et plugins WooCommerce Premium\",\"potentialAction\":[{\"@type\":\"SearchAction\",\"target\":{\"@type\":\"EntryPoint\",\"urlTemplate\":\"https:\/\/woo-themes-plugins.com\/it\/?s={search_term_string}\"},\"query-input\":\"required name=search_term_string\"}],\"inLanguage\":\"fr-FR\"}]}<\/script>\n<!-- \/ Yoast SEO plugin. -->","yoast_head_json":{"title":"UPS Shipping Method - Plugin Livraison UPS - Plugin WooCommerce","robots":{"index":"index","follow":"follow","max-snippet":"max-snippet:-1","max-image-preview":"max-image-preview:large","max-video-preview":"max-video-preview:-1"},"canonical":"https:\/\/woo-themes-plugins.com\/fr\/produit\/ups-shipping-method-plugin-livraison-ups-plugin-woocommerce\/","og_locale":"fr_FR","og_type":"article","og_title":"UPS Shipping Method - Plugin Livraison UPS - Plugin WooCommerce","og_description":"Plugin officiel WooCommerce permettant l'int\u00e9gration du transporteur UPS (avec ses tarifs bien entendu) directement dans ton site de eCommerce WooCommerce.","og_url":"https:\/\/woo-themes-plugins.com\/fr\/produit\/ups-shipping-method-plugin-livraison-ups-plugin-woocommerce\/","og_site_name":"Woo-themes-plugins.com","article_modified_time":"2018-04-26T16:34:32+00:00","og_image":[{"width":900,"height":900,"url":"https:\/\/woo-themes-plugins.com\/wp-content\/uploads\/sites\/7\/2018\/03\/woo-themes-plugins_woocommerce-ups-shipping-method-plugin-woocommerce.jpg","type":"image\/jpeg"}],"twitter_misc":{"Dur\u00e9e de lecture estim\u00e9e":"1 minute"},"schema":{"@context":"https:\/\/schema.org","@graph":[{"@type":"WebPage","@id":"https:\/\/woo-themes-plugins.com\/fr\/produit\/ups-shipping-method-plugin-livraison-ups-plugin-woocommerce\/","url":"https:\/\/woo-themes-plugins.com\/fr\/produit\/ups-shipping-method-plugin-livraison-ups-plugin-woocommerce\/","name":"UPS Shipping Method - Plugin Livraison UPS - Plugin WooCommerce","isPartOf":{"@id":"https:\/\/woo-themes-plugins.com\/it\/#website"},"primaryImageOfPage":{"@id":"https:\/\/woo-themes-plugins.com\/fr\/produit\/ups-shipping-method-plugin-livraison-ups-plugin-woocommerce\/#primaryimage"},"image":{"@id":"https:\/\/woo-themes-plugins.com\/fr\/produit\/ups-shipping-method-plugin-livraison-ups-plugin-woocommerce\/#primaryimage"},"thumbnailUrl":"https:\/\/woo-themes-plugins.com\/wp-content\/uploads\/sites\/7\/2018\/03\/woo-themes-plugins_woocommerce-ups-shipping-method-plugin-woocommerce.jpg","datePublished":"2018-03-26T05:27:35+00:00","dateModified":"2018-04-26T16:34:32+00:00","breadcrumb":{"@id":"https:\/\/woo-themes-plugins.com\/fr\/produit\/ups-shipping-method-plugin-livraison-ups-plugin-woocommerce\/#breadcrumb"},"inLanguage":"fr-FR","potentialAction":[{"@type":"ReadAction","target":["https:\/\/woo-themes-plugins.com\/fr\/produit\/ups-shipping-method-plugin-livraison-ups-plugin-woocommerce\/"]}]},{"@type":"ImageObject","inLanguage":"fr-FR","@id":"https:\/\/woo-themes-plugins.com\/fr\/produit\/ups-shipping-method-plugin-livraison-ups-plugin-woocommerce\/#primaryimage","url":"https:\/\/woo-themes-plugins.com\/wp-content\/uploads\/sites\/7\/2018\/03\/woo-themes-plugins_woocommerce-ups-shipping-method-plugin-woocommerce.jpg","contentUrl":"https:\/\/woo-themes-plugins.com\/wp-content\/uploads\/sites\/7\/2018\/03\/woo-themes-plugins_woocommerce-ups-shipping-method-plugin-woocommerce.jpg","width":900,"height":900},{"@type":"BreadcrumbList","@id":"https:\/\/woo-themes-plugins.com\/fr\/produit\/ups-shipping-method-plugin-livraison-ups-plugin-woocommerce\/#breadcrumb","itemListElement":[{"@type":"ListItem","position":1,"name":"Accueil","item":"https:\/\/woo-themes-plugins.com\/fr\/"},{"@type":"ListItem","position":2,"name":"Shop","item":"https:\/\/woo-themes-plugins.com\/shop\/"},{"@type":"ListItem","position":3,"name":"UPS Shipping Method &#8211; Plugin Livraison UPS &#8211; Plugin WooCommerce"}]},{"@type":"WebSite","@id":"https:\/\/woo-themes-plugins.com\/it\/#website","url":"https:\/\/woo-themes-plugins.com\/it\/","name":"Woo-themes-plugins.com","description":"Tous les th\u00e8mes et plugins WooCommerce Premium","potentialAction":[{"@type":"SearchAction","target":{"@type":"EntryPoint","urlTemplate":"https:\/\/woo-themes-plugins.com\/it\/?s={search_term_string}"},"query-input":"required name=search_term_string"}],"inLanguage":"fr-FR"}]}},"_links":{"self":[{"href":"https:\/\/woo-themes-plugins.com\/fr\/wp-json\/wp\/v2\/product\/252","targetHints":{"allow":["GET"]}}],"collection":[{"href":"https:\/\/woo-themes-plugins.com\/fr\/wp-json\/wp\/v2\/product"}],"about":[{"href":"https:\/\/woo-themes-plugins.com\/fr\/wp-json\/wp\/v2\/types\/product"}],"wp:featuredmedia":[{"embeddable":true,"href":"https:\/\/woo-themes-plugins.com\/fr\/wp-json\/wp\/v2\/media\/2476"}],"wp:attachment":[{"href":"https:\/\/woo-themes-plugins.com\/fr\/wp-json\/wp\/v2\/media?parent=252"}],"wp:term":[{"taxonomy":"product_cat","embeddable":true,"href":"https:\/\/woo-themes-plugins.com\/fr\/wp-json\/wp\/v2\/product_cat?post=252"},{"taxonomy":"product_tag","embeddable":true,"href":"https:\/\/woo-themes-plugins.com\/fr\/wp-json\/wp\/v2\/product_tag?post=252"}],"curies":[{"name":"wp","href":"https:\/\/api.w.org\/{rel}","templated":true}]}}