{"id":254,"date":"2018-03-26T07:41:01","date_gmt":"2018-03-26T06:41:01","guid":{"rendered":"https:\/\/woo-themes-plugins.com\/?post_type=product&#038;p=254"},"modified":"2018-04-26T17:34:13","modified_gmt":"2018-04-26T16:34:13","slug":"table-rate-shipping-plugin-frais-livraison-plugin-woocommerce","status":"publish","type":"product","link":"https:\/\/woo-themes-plugins.com\/fr\/product\/table-rate-shipping-plugin-frais-livraison-plugin-woocommerce\/","title":{"rendered":"Table Rate Shipping &#8211; Plugin Frais Livraison &#8211; Plugin WooCommerce"},"content":{"rendered":"<p>R\u00e9sumer ce plugin WooCommerce est simple : il va te permettre d&rsquo;acc\u00e9der \u00e0 des options de livraisons <em>avanc\u00e9es<\/em>.<\/p>\n<p>Ce plugin <em>table Rate Shipping <\/em>accro\u00eet les options d&rsquo;exp\u00e9ditions par d\u00e9faut de WooCommerce, nous offrant la possibilit\u00e9 de personnaliser l&rsquo;ensemble de ces options. Nous allons enfin pouvoir d\u00e9finir des frais de livraisons bas\u00e9s sur de multiples crit\u00e8res comme le prix, le poids, le lieu de livraison, le nombre d&rsquo;articles dans le panier client&#8230;<\/p>\n<p>Ce plugin WooCommerce va donc te permettre de g\u00e9rer de nombreux tables de frais de livraisons par zone g\u00e9ographique, offrir la possibilit\u00e9 d&rsquo;avoir plusieurs syst\u00e8me de calcul des frais de livraison bas\u00e9es sur diff\u00e9rents types de donn\u00e9es comme le poids ou la quantit\u00e9 et le tout sera m\u00eame g\u00e9rable finement car tu pourras d\u00e9cider si une r\u00e8gle s&rsquo;applique par ligne produit ou sur la totalit\u00e9 de la commande.<\/p>\n<p>Une interface intuitive pour un outil WooCommerce puissant lorsqu&rsquo;il est question de g\u00e9rer ses frais de livraison avec tr\u00e8s grande pr\u00e9cision.<\/p>\n","protected":false},"excerpt":{"rendered":"<p>Gr\u00e2ce \u00e0 ce plugin pour WooCommerce d\u00e9velopp\u00e9 et en plus d\u00e9velopp\u00e9 par la m\u00eame \u00e9quipe, tu vas \u00eatre en mesure de g\u00e9rer tr\u00e8s finement tes co\u00fbts de livraison en les basant sur des nombreux crit\u00e8res.<\/p>\n","protected":false},"featured_media":2492,"template":"","meta":{"_monsterinsights_skip_tracking":false,"_monsterinsights_sitenote_active":false,"_monsterinsights_sitenote_note":"","_monsterinsights_sitenote_category":0},"product_cat":[40],"product_tag":[55],"class_list":["post-254","product","type-product","status-publish","has-post-thumbnail","hentry","product_cat-plugin-woocommerce","product_tag-livraison-woocommerce","pa_dev-woo-plugin-theme-woocommerce","pa_marketplace-woocommerce-woocommerce-com"],"yoast_head":"<!-- This site is optimized with the Yoast SEO plugin v23.1 - https:\/\/yoast.com\/wordpress\/plugins\/seo\/ -->\n<title>Table Rate Shipping - Plugin Frais Livraison - Plugin WooCommerce<\/title>\n<meta name=\"description\" content=\"Tu as besoin d&#039;acc\u00e9der \u00e0 des configurations avanc\u00e9es pour g\u00e9rer tes frais de port sur ton site WooCommerce ? Table Rate Shipping est l&#039;extension WooCommerce qui te permettra de g\u00e9rer tout tes frais d&#039;exp\u00e9ditions, au niveau de l&#039;article si besoin. Un plugin WooCommerce officiel.\" \/>\n<meta name=\"robots\" content=\"index, follow, max-snippet:-1, max-image-preview:large, max-video-preview:-1\" \/>\n<link rel=\"canonical\" href=\"https:\/\/woo-themes-plugins.com\/fr\/produit\/table-rate-shipping-plugin-frais-livraison-plugin-woocommerce\/\" \/>\n<meta property=\"og:locale\" content=\"fr_FR\" \/>\n<meta property=\"og:type\" content=\"article\" \/>\n<meta property=\"og:title\" content=\"Table Rate Shipping - Plugin Frais Livraison - Plugin WooCommerce\" \/>\n<meta property=\"og:description\" content=\"Tu as besoin d&#039;acc\u00e9der \u00e0 des configurations avanc\u00e9es pour g\u00e9rer tes frais de port sur ton site WooCommerce ? Table Rate Shipping est l&#039;extension WooCommerce qui te permettra de g\u00e9rer tout tes frais d&#039;exp\u00e9ditions, au niveau de l&#039;article si besoin. Un plugin WooCommerce officiel.\" \/>\n<meta property=\"og:url\" content=\"https:\/\/woo-themes-plugins.com\/fr\/produit\/table-rate-shipping-plugin-frais-livraison-plugin-woocommerce\/\" \/>\n<meta property=\"og:site_name\" content=\"Woo-themes-plugins.com\" \/>\n<meta property=\"article:modified_time\" content=\"2018-04-26T16:34:13+00:00\" \/>\n<meta property=\"og:image\" content=\"https:\/\/woo-themes-plugins.com\/wp-content\/uploads\/sites\/7\/2018\/03\/woo-themes-plugins_woocommerce-table-rate-shipping-plugin-woocommerce.jpg\" \/>\n\t<meta property=\"og:image:width\" content=\"900\" \/>\n\t<meta property=\"og:image:height\" content=\"900\" \/>\n\t<meta property=\"og:image:type\" content=\"image\/jpeg\" \/>\n<meta name=\"twitter:label1\" content=\"Dur\u00e9e de lecture estim\u00e9e\" \/>\n\t<meta name=\"twitter:data1\" content=\"1 minute\" \/>\n<script type=\"application\/ld+json\" class=\"yoast-schema-graph\">{\"@context\":\"https:\/\/schema.org\",\"@graph\":[{\"@type\":\"WebPage\",\"@id\":\"https:\/\/woo-themes-plugins.com\/fr\/produit\/table-rate-shipping-plugin-frais-livraison-plugin-woocommerce\/\",\"url\":\"https:\/\/woo-themes-plugins.com\/fr\/produit\/table-rate-shipping-plugin-frais-livraison-plugin-woocommerce\/\",\"name\":\"Table Rate Shipping - Plugin Frais Livraison - Plugin WooCommerce\",\"isPartOf\":{\"@id\":\"https:\/\/woo-themes-plugins.com\/it\/#website\"},\"primaryImageOfPage\":{\"@id\":\"https:\/\/woo-themes-plugins.com\/fr\/produit\/table-rate-shipping-plugin-frais-livraison-plugin-woocommerce\/#primaryimage\"},\"image\":{\"@id\":\"https:\/\/woo-themes-plugins.com\/fr\/produit\/table-rate-shipping-plugin-frais-livraison-plugin-woocommerce\/#primaryimage\"},\"thumbnailUrl\":\"https:\/\/woo-themes-plugins.com\/wp-content\/uploads\/sites\/7\/2018\/03\/woo-themes-plugins_woocommerce-table-rate-shipping-plugin-woocommerce.jpg\",\"datePublished\":\"2018-03-26T06:41:01+00:00\",\"dateModified\":\"2018-04-26T16:34:13+00:00\",\"description\":\"Tu as besoin d'acc\u00e9der \u00e0 des configurations avanc\u00e9es pour g\u00e9rer tes frais de port sur ton site WooCommerce ? Table Rate Shipping est l'extension WooCommerce qui te permettra de g\u00e9rer tout tes frais d'exp\u00e9ditions, au niveau de l'article si besoin. Un plugin WooCommerce officiel.\",\"breadcrumb\":{\"@id\":\"https:\/\/woo-themes-plugins.com\/fr\/produit\/table-rate-shipping-plugin-frais-livraison-plugin-woocommerce\/#breadcrumb\"},\"inLanguage\":\"fr-FR\",\"potentialAction\":[{\"@type\":\"ReadAction\",\"target\":[\"https:\/\/woo-themes-plugins.com\/fr\/produit\/table-rate-shipping-plugin-frais-livraison-plugin-woocommerce\/\"]}]},{\"@type\":\"ImageObject\",\"inLanguage\":\"fr-FR\",\"@id\":\"https:\/\/woo-themes-plugins.com\/fr\/produit\/table-rate-shipping-plugin-frais-livraison-plugin-woocommerce\/#primaryimage\",\"url\":\"https:\/\/woo-themes-plugins.com\/wp-content\/uploads\/sites\/7\/2018\/03\/woo-themes-plugins_woocommerce-table-rate-shipping-plugin-woocommerce.jpg\",\"contentUrl\":\"https:\/\/woo-themes-plugins.com\/wp-content\/uploads\/sites\/7\/2018\/03\/woo-themes-plugins_woocommerce-table-rate-shipping-plugin-woocommerce.jpg\",\"width\":900,\"height\":900},{\"@type\":\"BreadcrumbList\",\"@id\":\"https:\/\/woo-themes-plugins.com\/fr\/produit\/table-rate-shipping-plugin-frais-livraison-plugin-woocommerce\/#breadcrumb\",\"itemListElement\":[{\"@type\":\"ListItem\",\"position\":1,\"name\":\"Accueil\",\"item\":\"https:\/\/woo-themes-plugins.com\/fr\/\"},{\"@type\":\"ListItem\",\"position\":2,\"name\":\"Shop\",\"item\":\"https:\/\/woo-themes-plugins.com\/shop\/\"},{\"@type\":\"ListItem\",\"position\":3,\"name\":\"Table Rate Shipping &#8211; Plugin Frais Livraison &#8211; Plugin WooCommerce\"}]},{\"@type\":\"WebSite\",\"@id\":\"https:\/\/woo-themes-plugins.com\/it\/#website\",\"url\":\"https:\/\/woo-themes-plugins.com\/it\/\",\"name\":\"Woo-themes-plugins.com\",\"description\":\"Tous les th\u00e8mes et plugins WooCommerce Premium\",\"potentialAction\":[{\"@type\":\"SearchAction\",\"target\":{\"@type\":\"EntryPoint\",\"urlTemplate\":\"https:\/\/woo-themes-plugins.com\/it\/?s={search_term_string}\"},\"query-input\":\"required name=search_term_string\"}],\"inLanguage\":\"fr-FR\"}]}<\/script>\n<!-- \/ Yoast SEO plugin. -->","yoast_head_json":{"title":"Table Rate Shipping - Plugin Frais Livraison - Plugin WooCommerce","description":"Tu as besoin d'acc\u00e9der \u00e0 des configurations avanc\u00e9es pour g\u00e9rer tes frais de port sur ton site WooCommerce ? Table Rate Shipping est l'extension WooCommerce qui te permettra de g\u00e9rer tout tes frais d'exp\u00e9ditions, au niveau de l'article si besoin. Un plugin WooCommerce officiel.","robots":{"index":"index","follow":"follow","max-snippet":"max-snippet:-1","max-image-preview":"max-image-preview:large","max-video-preview":"max-video-preview:-1"},"canonical":"https:\/\/woo-themes-plugins.com\/fr\/produit\/table-rate-shipping-plugin-frais-livraison-plugin-woocommerce\/","og_locale":"fr_FR","og_type":"article","og_title":"Table Rate Shipping - Plugin Frais Livraison - Plugin WooCommerce","og_description":"Tu as besoin d'acc\u00e9der \u00e0 des configurations avanc\u00e9es pour g\u00e9rer tes frais de port sur ton site WooCommerce ? Table Rate Shipping est l'extension WooCommerce qui te permettra de g\u00e9rer tout tes frais d'exp\u00e9ditions, au niveau de l'article si besoin. Un plugin WooCommerce officiel.","og_url":"https:\/\/woo-themes-plugins.com\/fr\/produit\/table-rate-shipping-plugin-frais-livraison-plugin-woocommerce\/","og_site_name":"Woo-themes-plugins.com","article_modified_time":"2018-04-26T16:34:13+00:00","og_image":[{"width":900,"height":900,"url":"https:\/\/woo-themes-plugins.com\/wp-content\/uploads\/sites\/7\/2018\/03\/woo-themes-plugins_woocommerce-table-rate-shipping-plugin-woocommerce.jpg","type":"image\/jpeg"}],"twitter_misc":{"Dur\u00e9e de lecture estim\u00e9e":"1 minute"},"schema":{"@context":"https:\/\/schema.org","@graph":[{"@type":"WebPage","@id":"https:\/\/woo-themes-plugins.com\/fr\/produit\/table-rate-shipping-plugin-frais-livraison-plugin-woocommerce\/","url":"https:\/\/woo-themes-plugins.com\/fr\/produit\/table-rate-shipping-plugin-frais-livraison-plugin-woocommerce\/","name":"Table Rate Shipping - Plugin Frais Livraison - Plugin WooCommerce","isPartOf":{"@id":"https:\/\/woo-themes-plugins.com\/it\/#website"},"primaryImageOfPage":{"@id":"https:\/\/woo-themes-plugins.com\/fr\/produit\/table-rate-shipping-plugin-frais-livraison-plugin-woocommerce\/#primaryimage"},"image":{"@id":"https:\/\/woo-themes-plugins.com\/fr\/produit\/table-rate-shipping-plugin-frais-livraison-plugin-woocommerce\/#primaryimage"},"thumbnailUrl":"https:\/\/woo-themes-plugins.com\/wp-content\/uploads\/sites\/7\/2018\/03\/woo-themes-plugins_woocommerce-table-rate-shipping-plugin-woocommerce.jpg","datePublished":"2018-03-26T06:41:01+00:00","dateModified":"2018-04-26T16:34:13+00:00","description":"Tu as besoin d'acc\u00e9der \u00e0 des configurations avanc\u00e9es pour g\u00e9rer tes frais de port sur ton site WooCommerce ? Table Rate Shipping est l'extension WooCommerce qui te permettra de g\u00e9rer tout tes frais d'exp\u00e9ditions, au niveau de l'article si besoin. Un plugin WooCommerce officiel.","breadcrumb":{"@id":"https:\/\/woo-themes-plugins.com\/fr\/produit\/table-rate-shipping-plugin-frais-livraison-plugin-woocommerce\/#breadcrumb"},"inLanguage":"fr-FR","potentialAction":[{"@type":"ReadAction","target":["https:\/\/woo-themes-plugins.com\/fr\/produit\/table-rate-shipping-plugin-frais-livraison-plugin-woocommerce\/"]}]},{"@type":"ImageObject","inLanguage":"fr-FR","@id":"https:\/\/woo-themes-plugins.com\/fr\/produit\/table-rate-shipping-plugin-frais-livraison-plugin-woocommerce\/#primaryimage","url":"https:\/\/woo-themes-plugins.com\/wp-content\/uploads\/sites\/7\/2018\/03\/woo-themes-plugins_woocommerce-table-rate-shipping-plugin-woocommerce.jpg","contentUrl":"https:\/\/woo-themes-plugins.com\/wp-content\/uploads\/sites\/7\/2018\/03\/woo-themes-plugins_woocommerce-table-rate-shipping-plugin-woocommerce.jpg","width":900,"height":900},{"@type":"BreadcrumbList","@id":"https:\/\/woo-themes-plugins.com\/fr\/produit\/table-rate-shipping-plugin-frais-livraison-plugin-woocommerce\/#breadcrumb","itemListElement":[{"@type":"ListItem","position":1,"name":"Accueil","item":"https:\/\/woo-themes-plugins.com\/fr\/"},{"@type":"ListItem","position":2,"name":"Shop","item":"https:\/\/woo-themes-plugins.com\/shop\/"},{"@type":"ListItem","position":3,"name":"Table Rate Shipping &#8211; Plugin Frais Livraison &#8211; Plugin WooCommerce"}]},{"@type":"WebSite","@id":"https:\/\/woo-themes-plugins.com\/it\/#website","url":"https:\/\/woo-themes-plugins.com\/it\/","name":"Woo-themes-plugins.com","description":"Tous les th\u00e8mes et plugins WooCommerce Premium","potentialAction":[{"@type":"SearchAction","target":{"@type":"EntryPoint","urlTemplate":"https:\/\/woo-themes-plugins.com\/it\/?s={search_term_string}"},"query-input":"required name=search_term_string"}],"inLanguage":"fr-FR"}]}},"_links":{"self":[{"href":"https:\/\/woo-themes-plugins.com\/fr\/wp-json\/wp\/v2\/product\/254","targetHints":{"allow":["GET"]}}],"collection":[{"href":"https:\/\/woo-themes-plugins.com\/fr\/wp-json\/wp\/v2\/product"}],"about":[{"href":"https:\/\/woo-themes-plugins.com\/fr\/wp-json\/wp\/v2\/types\/product"}],"wp:featuredmedia":[{"embeddable":true,"href":"https:\/\/woo-themes-plugins.com\/fr\/wp-json\/wp\/v2\/media\/2492"}],"wp:attachment":[{"href":"https:\/\/woo-themes-plugins.com\/fr\/wp-json\/wp\/v2\/media?parent=254"}],"wp:term":[{"taxonomy":"product_cat","embeddable":true,"href":"https:\/\/woo-themes-plugins.com\/fr\/wp-json\/wp\/v2\/product_cat?post=254"},{"taxonomy":"product_tag","embeddable":true,"href":"https:\/\/woo-themes-plugins.com\/fr\/wp-json\/wp\/v2\/product_tag?post=254"}],"curies":[{"name":"wp","href":"https:\/\/api.w.org\/{rel}","templated":true}]}}