{"id":255,"date":"2018-03-26T07:44:47","date_gmt":"2018-03-26T06:44:47","guid":{"rendered":"https:\/\/woo-themes-plugins.com\/?post_type=product&#038;p=255"},"modified":"2018-04-26T17:33:53","modified_gmt":"2018-04-26T16:33:53","slug":"dynamic-pricing-gestion-fine-des-reductions-par-lot-plugin-woocommerce","status":"publish","type":"product","link":"https:\/\/woo-themes-plugins.com\/fr\/product\/dynamic-pricing-gestion-fine-des-reductions-par-lot-plugin-woocommerce\/","title":{"rendered":"Storefront Extensions Bundle &#8211; Personnalisation Storefront &#8211; Plugin WooCommerce"},"content":{"rendered":"<p>Storefront c&rsquo;est <strong>le th\u00e8me WooCommerce<\/strong><\/p>\n<p><em>Storefront extensions bundle<\/em> va te permettre notamment de prendre le contr\u00f4le sur l&rsquo;ensemble des \u00e9l\u00e9ments qui composent Storefront, et cela directement dans l&rsquo;interface de personnalisation de WordPress. Ce plugin est profond\u00e9ment int\u00e9gr\u00e9 dans le fonctionnement classique de WordPress et in fine WooCommerce.<\/p>\n<p>Parmis tous les \u00e9l\u00e9ments que tu pourras personnaliser gr\u00e2ce \u00e0 ce plugin WooCommerce, la page d&rsquo;accueil en fait partie. Comme la toute premi\u00e8re impression compte \u00e9norm\u00e9ment, encore plus sur un site de eCommerce, la cr\u00e9ation de la page d&rsquo;accueil est un \u00e9l\u00e9ment capital. Tu vas \u00eatre en mesure de personnaliser chacun des \u00e9l\u00e9ments la composant.<\/p>\n<p>En plus de tout cela, ce plugin WooCommerce va te permettre d&rsquo;avoir acc\u00e8s \u00e0 une interface de personnalisation du checkout ainsi que de beaux commentaires produits ou encore un chariot en mode <em>sticky<\/em>.<\/p>\n","protected":false},"excerpt":{"rendered":"<p>Tout les outils et plugins indispensables pour la personnalisation du style et des fonctionnalit\u00e9s du th\u00e8me Storefront d\u00e9velopp\u00e9 par WooCommerce.<\/p>\n","protected":false},"featured_media":2928,"template":"","meta":{"_monsterinsights_skip_tracking":false,"_monsterinsights_sitenote_active":false,"_monsterinsights_sitenote_note":"","_monsterinsights_sitenote_category":0},"product_cat":[40],"product_tag":[160,121,141,72],"class_list":["post-255","product","type-product","status-publish","has-post-thumbnail","hentry","product_cat-plugin-woocommerce","product_tag-bundle-plugins-premium","product_tag-plugin-theme-woocommerce-indispensable","product_tag-themes-woocommerce-personnalisable","product_tag-tunnel-de-conversion-checkout-woocommerce","pa_dev-woo-plugin-theme-woocommerce","pa_marketplace-woocommerce-woocommerce-com"],"yoast_head":"<!-- This site is optimized with the Yoast SEO plugin v23.1 - https:\/\/yoast.com\/wordpress\/plugins\/seo\/ -->\n<title>Storefront Extensions Bundle - Personnalisation &amp; Plugins Storefront<\/title>\n<meta name=\"description\" content=\"Personnaliser Storefront, c&#039;est simple gr\u00e2ce \u00e0 ce plugin WooCommerce. Storefront Extensions Bundle va te permettre d&#039;avoir acc\u00e8s \u00e0 la personnalisation de la page d&#039;accueil de Storefront mais aussi \u00e0 un chariot unique ou encore des commentaires produits pro. Une extensions Storefront indispensable.\" \/>\n<meta name=\"robots\" content=\"index, follow, max-snippet:-1, max-image-preview:large, max-video-preview:-1\" \/>\n<link rel=\"canonical\" href=\"https:\/\/woo-themes-plugins.com\/fr\/produit\/dynamic-pricing-gestion-fine-des-reductions-par-lot-plugin-woocommerce\/\" \/>\n<meta property=\"og:locale\" content=\"fr_FR\" \/>\n<meta property=\"og:type\" content=\"article\" \/>\n<meta property=\"og:title\" content=\"Storefront Extensions Bundle - Personnalisation &amp; Plugins Storefront\" \/>\n<meta property=\"og:description\" content=\"Personnaliser Storefront, c&#039;est simple gr\u00e2ce \u00e0 ce plugin WooCommerce. Storefront Extensions Bundle va te permettre d&#039;avoir acc\u00e8s \u00e0 la personnalisation de la page d&#039;accueil de Storefront mais aussi \u00e0 un chariot unique ou encore des commentaires produits pro. Une extensions Storefront indispensable.\" \/>\n<meta property=\"og:url\" content=\"https:\/\/woo-themes-plugins.com\/fr\/produit\/dynamic-pricing-gestion-fine-des-reductions-par-lot-plugin-woocommerce\/\" \/>\n<meta property=\"og:site_name\" content=\"Woo-themes-plugins.com\" \/>\n<meta property=\"article:modified_time\" content=\"2018-04-26T16:33:53+00:00\" \/>\n<meta property=\"og:image\" content=\"https:\/\/woo-themes-plugins.com\/wp-content\/uploads\/sites\/7\/2018\/03\/woo-themes-plugins_woocommerce-storefront-extensions-bundle-plugin-woocommerce.jpg\" \/>\n\t<meta property=\"og:image:width\" content=\"900\" \/>\n\t<meta property=\"og:image:height\" content=\"900\" \/>\n\t<meta property=\"og:image:type\" content=\"image\/jpeg\" \/>\n<meta name=\"twitter:label1\" content=\"Dur\u00e9e de lecture estim\u00e9e\" \/>\n\t<meta name=\"twitter:data1\" content=\"1 minute\" \/>\n<script type=\"application\/ld+json\" class=\"yoast-schema-graph\">{\"@context\":\"https:\/\/schema.org\",\"@graph\":[{\"@type\":\"WebPage\",\"@id\":\"https:\/\/woo-themes-plugins.com\/fr\/produit\/dynamic-pricing-gestion-fine-des-reductions-par-lot-plugin-woocommerce\/\",\"url\":\"https:\/\/woo-themes-plugins.com\/fr\/produit\/dynamic-pricing-gestion-fine-des-reductions-par-lot-plugin-woocommerce\/\",\"name\":\"Storefront Extensions Bundle - Personnalisation & Plugins Storefront\",\"isPartOf\":{\"@id\":\"https:\/\/woo-themes-plugins.com\/it\/#website\"},\"primaryImageOfPage\":{\"@id\":\"https:\/\/woo-themes-plugins.com\/fr\/produit\/dynamic-pricing-gestion-fine-des-reductions-par-lot-plugin-woocommerce\/#primaryimage\"},\"image\":{\"@id\":\"https:\/\/woo-themes-plugins.com\/fr\/produit\/dynamic-pricing-gestion-fine-des-reductions-par-lot-plugin-woocommerce\/#primaryimage\"},\"thumbnailUrl\":\"https:\/\/woo-themes-plugins.com\/wp-content\/uploads\/sites\/7\/2018\/03\/woo-themes-plugins_woocommerce-storefront-extensions-bundle-plugin-woocommerce.jpg\",\"datePublished\":\"2018-03-26T06:44:47+00:00\",\"dateModified\":\"2018-04-26T16:33:53+00:00\",\"description\":\"Personnaliser Storefront, c'est simple gr\u00e2ce \u00e0 ce plugin WooCommerce. Storefront Extensions Bundle va te permettre d'avoir acc\u00e8s \u00e0 la personnalisation de la page d'accueil de Storefront mais aussi \u00e0 un chariot unique ou encore des commentaires produits pro. Une extensions Storefront indispensable.\",\"breadcrumb\":{\"@id\":\"https:\/\/woo-themes-plugins.com\/fr\/produit\/dynamic-pricing-gestion-fine-des-reductions-par-lot-plugin-woocommerce\/#breadcrumb\"},\"inLanguage\":\"fr-FR\",\"potentialAction\":[{\"@type\":\"ReadAction\",\"target\":[\"https:\/\/woo-themes-plugins.com\/fr\/produit\/dynamic-pricing-gestion-fine-des-reductions-par-lot-plugin-woocommerce\/\"]}]},{\"@type\":\"ImageObject\",\"inLanguage\":\"fr-FR\",\"@id\":\"https:\/\/woo-themes-plugins.com\/fr\/produit\/dynamic-pricing-gestion-fine-des-reductions-par-lot-plugin-woocommerce\/#primaryimage\",\"url\":\"https:\/\/woo-themes-plugins.com\/wp-content\/uploads\/sites\/7\/2018\/03\/woo-themes-plugins_woocommerce-storefront-extensions-bundle-plugin-woocommerce.jpg\",\"contentUrl\":\"https:\/\/woo-themes-plugins.com\/wp-content\/uploads\/sites\/7\/2018\/03\/woo-themes-plugins_woocommerce-storefront-extensions-bundle-plugin-woocommerce.jpg\",\"width\":900,\"height\":900},{\"@type\":\"BreadcrumbList\",\"@id\":\"https:\/\/woo-themes-plugins.com\/fr\/produit\/dynamic-pricing-gestion-fine-des-reductions-par-lot-plugin-woocommerce\/#breadcrumb\",\"itemListElement\":[{\"@type\":\"ListItem\",\"position\":1,\"name\":\"Accueil\",\"item\":\"https:\/\/woo-themes-plugins.com\/fr\/\"},{\"@type\":\"ListItem\",\"position\":2,\"name\":\"Shop\",\"item\":\"https:\/\/woo-themes-plugins.com\/shop\/\"},{\"@type\":\"ListItem\",\"position\":3,\"name\":\"Storefront Extensions Bundle &#8211; Personnalisation Storefront &#8211; Plugin WooCommerce\"}]},{\"@type\":\"WebSite\",\"@id\":\"https:\/\/woo-themes-plugins.com\/it\/#website\",\"url\":\"https:\/\/woo-themes-plugins.com\/it\/\",\"name\":\"Woo-themes-plugins.com\",\"description\":\"Tous les th\u00e8mes et plugins WooCommerce Premium\",\"potentialAction\":[{\"@type\":\"SearchAction\",\"target\":{\"@type\":\"EntryPoint\",\"urlTemplate\":\"https:\/\/woo-themes-plugins.com\/it\/?s={search_term_string}\"},\"query-input\":\"required name=search_term_string\"}],\"inLanguage\":\"fr-FR\"}]}<\/script>\n<!-- \/ Yoast SEO plugin. -->","yoast_head_json":{"title":"Storefront Extensions Bundle - Personnalisation & Plugins Storefront","description":"Personnaliser Storefront, c'est simple gr\u00e2ce \u00e0 ce plugin WooCommerce. Storefront Extensions Bundle va te permettre d'avoir acc\u00e8s \u00e0 la personnalisation de la page d'accueil de Storefront mais aussi \u00e0 un chariot unique ou encore des commentaires produits pro. Une extensions Storefront indispensable.","robots":{"index":"index","follow":"follow","max-snippet":"max-snippet:-1","max-image-preview":"max-image-preview:large","max-video-preview":"max-video-preview:-1"},"canonical":"https:\/\/woo-themes-plugins.com\/fr\/produit\/dynamic-pricing-gestion-fine-des-reductions-par-lot-plugin-woocommerce\/","og_locale":"fr_FR","og_type":"article","og_title":"Storefront Extensions Bundle - Personnalisation & Plugins Storefront","og_description":"Personnaliser Storefront, c'est simple gr\u00e2ce \u00e0 ce plugin WooCommerce. Storefront Extensions Bundle va te permettre d'avoir acc\u00e8s \u00e0 la personnalisation de la page d'accueil de Storefront mais aussi \u00e0 un chariot unique ou encore des commentaires produits pro. Une extensions Storefront indispensable.","og_url":"https:\/\/woo-themes-plugins.com\/fr\/produit\/dynamic-pricing-gestion-fine-des-reductions-par-lot-plugin-woocommerce\/","og_site_name":"Woo-themes-plugins.com","article_modified_time":"2018-04-26T16:33:53+00:00","og_image":[{"width":900,"height":900,"url":"https:\/\/woo-themes-plugins.com\/wp-content\/uploads\/sites\/7\/2018\/03\/woo-themes-plugins_woocommerce-storefront-extensions-bundle-plugin-woocommerce.jpg","type":"image\/jpeg"}],"twitter_misc":{"Dur\u00e9e de lecture estim\u00e9e":"1 minute"},"schema":{"@context":"https:\/\/schema.org","@graph":[{"@type":"WebPage","@id":"https:\/\/woo-themes-plugins.com\/fr\/produit\/dynamic-pricing-gestion-fine-des-reductions-par-lot-plugin-woocommerce\/","url":"https:\/\/woo-themes-plugins.com\/fr\/produit\/dynamic-pricing-gestion-fine-des-reductions-par-lot-plugin-woocommerce\/","name":"Storefront Extensions Bundle - Personnalisation & Plugins Storefront","isPartOf":{"@id":"https:\/\/woo-themes-plugins.com\/it\/#website"},"primaryImageOfPage":{"@id":"https:\/\/woo-themes-plugins.com\/fr\/produit\/dynamic-pricing-gestion-fine-des-reductions-par-lot-plugin-woocommerce\/#primaryimage"},"image":{"@id":"https:\/\/woo-themes-plugins.com\/fr\/produit\/dynamic-pricing-gestion-fine-des-reductions-par-lot-plugin-woocommerce\/#primaryimage"},"thumbnailUrl":"https:\/\/woo-themes-plugins.com\/wp-content\/uploads\/sites\/7\/2018\/03\/woo-themes-plugins_woocommerce-storefront-extensions-bundle-plugin-woocommerce.jpg","datePublished":"2018-03-26T06:44:47+00:00","dateModified":"2018-04-26T16:33:53+00:00","description":"Personnaliser Storefront, c'est simple gr\u00e2ce \u00e0 ce plugin WooCommerce. Storefront Extensions Bundle va te permettre d'avoir acc\u00e8s \u00e0 la personnalisation de la page d'accueil de Storefront mais aussi \u00e0 un chariot unique ou encore des commentaires produits pro. Une extensions Storefront indispensable.","breadcrumb":{"@id":"https:\/\/woo-themes-plugins.com\/fr\/produit\/dynamic-pricing-gestion-fine-des-reductions-par-lot-plugin-woocommerce\/#breadcrumb"},"inLanguage":"fr-FR","potentialAction":[{"@type":"ReadAction","target":["https:\/\/woo-themes-plugins.com\/fr\/produit\/dynamic-pricing-gestion-fine-des-reductions-par-lot-plugin-woocommerce\/"]}]},{"@type":"ImageObject","inLanguage":"fr-FR","@id":"https:\/\/woo-themes-plugins.com\/fr\/produit\/dynamic-pricing-gestion-fine-des-reductions-par-lot-plugin-woocommerce\/#primaryimage","url":"https:\/\/woo-themes-plugins.com\/wp-content\/uploads\/sites\/7\/2018\/03\/woo-themes-plugins_woocommerce-storefront-extensions-bundle-plugin-woocommerce.jpg","contentUrl":"https:\/\/woo-themes-plugins.com\/wp-content\/uploads\/sites\/7\/2018\/03\/woo-themes-plugins_woocommerce-storefront-extensions-bundle-plugin-woocommerce.jpg","width":900,"height":900},{"@type":"BreadcrumbList","@id":"https:\/\/woo-themes-plugins.com\/fr\/produit\/dynamic-pricing-gestion-fine-des-reductions-par-lot-plugin-woocommerce\/#breadcrumb","itemListElement":[{"@type":"ListItem","position":1,"name":"Accueil","item":"https:\/\/woo-themes-plugins.com\/fr\/"},{"@type":"ListItem","position":2,"name":"Shop","item":"https:\/\/woo-themes-plugins.com\/shop\/"},{"@type":"ListItem","position":3,"name":"Storefront Extensions Bundle &#8211; Personnalisation Storefront &#8211; Plugin WooCommerce"}]},{"@type":"WebSite","@id":"https:\/\/woo-themes-plugins.com\/it\/#website","url":"https:\/\/woo-themes-plugins.com\/it\/","name":"Woo-themes-plugins.com","description":"Tous les th\u00e8mes et plugins WooCommerce Premium","potentialAction":[{"@type":"SearchAction","target":{"@type":"EntryPoint","urlTemplate":"https:\/\/woo-themes-plugins.com\/it\/?s={search_term_string}"},"query-input":"required name=search_term_string"}],"inLanguage":"fr-FR"}]}},"_links":{"self":[{"href":"https:\/\/woo-themes-plugins.com\/fr\/wp-json\/wp\/v2\/product\/255","targetHints":{"allow":["GET"]}}],"collection":[{"href":"https:\/\/woo-themes-plugins.com\/fr\/wp-json\/wp\/v2\/product"}],"about":[{"href":"https:\/\/woo-themes-plugins.com\/fr\/wp-json\/wp\/v2\/types\/product"}],"wp:featuredmedia":[{"embeddable":true,"href":"https:\/\/woo-themes-plugins.com\/fr\/wp-json\/wp\/v2\/media\/2928"}],"wp:attachment":[{"href":"https:\/\/woo-themes-plugins.com\/fr\/wp-json\/wp\/v2\/media?parent=255"}],"wp:term":[{"taxonomy":"product_cat","embeddable":true,"href":"https:\/\/woo-themes-plugins.com\/fr\/wp-json\/wp\/v2\/product_cat?post=255"},{"taxonomy":"product_tag","embeddable":true,"href":"https:\/\/woo-themes-plugins.com\/fr\/wp-json\/wp\/v2\/product_tag?post=255"}],"curies":[{"name":"wp","href":"https:\/\/api.w.org\/{rel}","templated":true}]}}