{"id":256,"date":"2018-03-26T07:57:28","date_gmt":"2018-03-26T06:57:28","guid":{"rendered":"https:\/\/woo-themes-plugins.com\/?post_type=product&#038;p=256"},"modified":"2018-04-26T17:33:45","modified_gmt":"2018-04-26T16:33:45","slug":"paypal-express-checkout-solution-paiement-woocommerce-plugin-woocommerce","status":"publish","type":"product","link":"https:\/\/woo-themes-plugins.com\/fr\/product\/paypal-express-checkout-solution-paiement-woocommerce-plugin-woocommerce\/","title":{"rendered":"PayPal Express Checkout &#8211; Solution Paiement WooCommerce \u2013 Plugin WooCommerce"},"content":{"rendered":"<p>Acc\u00e8de tout de suite \u00e0 la solution de paiement leader dans le monde du eCommerce, j&rsquo;ai nomm\u00e9 Paypal. Avec <em>Paypal Express Checkout<\/em>, les 179 millions de comptes actifs sur Paypal pourrant l&rsquo;utiliser directement sur votre site WooCommrece.<\/p>\n<p>Gr\u00e2ce \u00e0 <em>Paypal Express Checkout<\/em>, fini le le tunnel de conversion WooCommerce, tout se fait directement sur Paypal. De quoi ajouter une touche de confiance \u00e0 un site qui serait encore assez peu connu de son publique. Lorsqu&rsquo;un client poss\u00e9dant un compte Paypal cliquera sur le logo \u00e9ponyme dans son panier, il arrivera directement sur le checkout de Paypal. Cette simple astuce peut faire grimper votre chiffre d&rsquo;affaire de plus de 40%. Un ajout fonctionnelle presque indispensable \u00e0 WooCommerce.<\/p>\n<p>Cette extension WooCommerce gratuite te permettra donc de mettre en place Paypal sur ton site en un clic, te permettra d&rsquo;accepter les cartes de bancaires typese Visa, MasterCard, American Express ou encore JCB, et te permettra d&rsquo;utiliser virutellement toutes les monnaies du monde sur ton site.<\/p>\n<p>C\u00f4t\u00e9 s\u00e9curit\u00e9, tout est du c\u00f4t\u00e9 de Paypal, tout le processus de paiement passant par lui. Une fois tout valid\u00e9, la commande arrivera d\u00fbment compl\u00e9t\u00e9e sur ton interface d&rsquo;administration des ventes WooCommerce.<\/p>\n","protected":false},"excerpt":{"rendered":"<p>D\u00e9velopper par les m\u00eames auteurs que WooCommerce, le plugin <em>Paypal Express Checkout <\/em>va permettre \u00e0 tes clients de passer l&rsquo;\u00e9tape du checkout WooCommerce pour arriver tout de suite sur le site de Paypal pour proc\u00e9der au r\u00e8glement de leur commande.<\/p>\n","protected":false},"featured_media":2508,"template":"","meta":{"_monsterinsights_skip_tracking":false,"_monsterinsights_sitenote_active":false,"_monsterinsights_sitenote_note":"","_monsterinsights_sitenote_category":0},"product_cat":[40],"product_tag":[120,56,41,72],"class_list":["post-256","product","type-product","status-publish","has-post-thumbnail","hentry","product_cat-plugin-woocommerce","product_tag-extension-woocommerce-gratuite","product_tag-paypal-woocommerce","product_tag-solution-paiement-woocommerce","product_tag-tunnel-de-conversion-checkout-woocommerce","pa_dev-woo-plugin-theme-woocommerce","pa_marketplace-woocommerce-woocommerce-com"],"yoast_head":"<!-- This site is optimized with the Yoast SEO plugin v23.1 - https:\/\/yoast.com\/wordpress\/plugins\/seo\/ -->\n<title>PayPal Express Checkout - Solution Paiement WooCommerce<\/title>\n<meta name=\"description\" content=\"Ce plugin WooCommerce va te permettre de changer ton checkout WooCommerce par celui de Paypal, le tout en un clic. Un checkout WooCommerce plus simple et s\u00e9curis\u00e9 gr\u00e2ce \u00e0 Paypal Express Checkout pour WooCommerce.\" \/>\n<meta name=\"robots\" content=\"index, follow, max-snippet:-1, max-image-preview:large, max-video-preview:-1\" \/>\n<link rel=\"canonical\" href=\"https:\/\/woo-themes-plugins.com\/fr\/produit\/paypal-express-checkout-solution-paiement-woocommerce-plugin-woocommerce\/\" \/>\n<meta property=\"og:locale\" content=\"fr_FR\" \/>\n<meta property=\"og:type\" content=\"article\" \/>\n<meta property=\"og:title\" content=\"PayPal Express Checkout - Solution Paiement WooCommerce\" \/>\n<meta property=\"og:description\" content=\"Ce plugin WooCommerce va te permettre de changer ton checkout WooCommerce par celui de Paypal, le tout en un clic. Un checkout WooCommerce plus simple et s\u00e9curis\u00e9 gr\u00e2ce \u00e0 Paypal Express Checkout pour WooCommerce.\" \/>\n<meta property=\"og:url\" content=\"https:\/\/woo-themes-plugins.com\/fr\/produit\/paypal-express-checkout-solution-paiement-woocommerce-plugin-woocommerce\/\" \/>\n<meta property=\"og:site_name\" content=\"Woo-themes-plugins.com\" \/>\n<meta property=\"article:modified_time\" content=\"2018-04-26T16:33:45+00:00\" \/>\n<meta property=\"og:image\" content=\"https:\/\/woo-themes-plugins.com\/wp-content\/uploads\/sites\/7\/2018\/03\/woo-themes-plugins_woocommerce-paypal-express-checkout-plugin-woocommerce.jpg\" \/>\n\t<meta property=\"og:image:width\" content=\"900\" \/>\n\t<meta property=\"og:image:height\" content=\"900\" \/>\n\t<meta property=\"og:image:type\" content=\"image\/jpeg\" \/>\n<meta name=\"twitter:label1\" content=\"Dur\u00e9e de lecture estim\u00e9e\" \/>\n\t<meta name=\"twitter:data1\" content=\"1 minute\" \/>\n<script type=\"application\/ld+json\" class=\"yoast-schema-graph\">{\"@context\":\"https:\/\/schema.org\",\"@graph\":[{\"@type\":\"WebPage\",\"@id\":\"https:\/\/woo-themes-plugins.com\/fr\/produit\/paypal-express-checkout-solution-paiement-woocommerce-plugin-woocommerce\/\",\"url\":\"https:\/\/woo-themes-plugins.com\/fr\/produit\/paypal-express-checkout-solution-paiement-woocommerce-plugin-woocommerce\/\",\"name\":\"PayPal Express Checkout - Solution Paiement WooCommerce\",\"isPartOf\":{\"@id\":\"https:\/\/woo-themes-plugins.com\/it\/#website\"},\"primaryImageOfPage\":{\"@id\":\"https:\/\/woo-themes-plugins.com\/fr\/produit\/paypal-express-checkout-solution-paiement-woocommerce-plugin-woocommerce\/#primaryimage\"},\"image\":{\"@id\":\"https:\/\/woo-themes-plugins.com\/fr\/produit\/paypal-express-checkout-solution-paiement-woocommerce-plugin-woocommerce\/#primaryimage\"},\"thumbnailUrl\":\"https:\/\/woo-themes-plugins.com\/wp-content\/uploads\/sites\/7\/2018\/03\/woo-themes-plugins_woocommerce-paypal-express-checkout-plugin-woocommerce.jpg\",\"datePublished\":\"2018-03-26T06:57:28+00:00\",\"dateModified\":\"2018-04-26T16:33:45+00:00\",\"description\":\"Ce plugin WooCommerce va te permettre de changer ton checkout WooCommerce par celui de Paypal, le tout en un clic. Un checkout WooCommerce plus simple et s\u00e9curis\u00e9 gr\u00e2ce \u00e0 Paypal Express Checkout pour WooCommerce.\",\"breadcrumb\":{\"@id\":\"https:\/\/woo-themes-plugins.com\/fr\/produit\/paypal-express-checkout-solution-paiement-woocommerce-plugin-woocommerce\/#breadcrumb\"},\"inLanguage\":\"fr-FR\",\"potentialAction\":[{\"@type\":\"ReadAction\",\"target\":[\"https:\/\/woo-themes-plugins.com\/fr\/produit\/paypal-express-checkout-solution-paiement-woocommerce-plugin-woocommerce\/\"]}]},{\"@type\":\"ImageObject\",\"inLanguage\":\"fr-FR\",\"@id\":\"https:\/\/woo-themes-plugins.com\/fr\/produit\/paypal-express-checkout-solution-paiement-woocommerce-plugin-woocommerce\/#primaryimage\",\"url\":\"https:\/\/woo-themes-plugins.com\/wp-content\/uploads\/sites\/7\/2018\/03\/woo-themes-plugins_woocommerce-paypal-express-checkout-plugin-woocommerce.jpg\",\"contentUrl\":\"https:\/\/woo-themes-plugins.com\/wp-content\/uploads\/sites\/7\/2018\/03\/woo-themes-plugins_woocommerce-paypal-express-checkout-plugin-woocommerce.jpg\",\"width\":900,\"height\":900},{\"@type\":\"BreadcrumbList\",\"@id\":\"https:\/\/woo-themes-plugins.com\/fr\/produit\/paypal-express-checkout-solution-paiement-woocommerce-plugin-woocommerce\/#breadcrumb\",\"itemListElement\":[{\"@type\":\"ListItem\",\"position\":1,\"name\":\"Accueil\",\"item\":\"https:\/\/woo-themes-plugins.com\/fr\/\"},{\"@type\":\"ListItem\",\"position\":2,\"name\":\"Shop\",\"item\":\"https:\/\/woo-themes-plugins.com\/shop\/\"},{\"@type\":\"ListItem\",\"position\":3,\"name\":\"PayPal Express Checkout &#8211; Solution Paiement WooCommerce \u2013 Plugin WooCommerce\"}]},{\"@type\":\"WebSite\",\"@id\":\"https:\/\/woo-themes-plugins.com\/it\/#website\",\"url\":\"https:\/\/woo-themes-plugins.com\/it\/\",\"name\":\"Woo-themes-plugins.com\",\"description\":\"Tous les th\u00e8mes et plugins WooCommerce Premium\",\"potentialAction\":[{\"@type\":\"SearchAction\",\"target\":{\"@type\":\"EntryPoint\",\"urlTemplate\":\"https:\/\/woo-themes-plugins.com\/it\/?s={search_term_string}\"},\"query-input\":\"required name=search_term_string\"}],\"inLanguage\":\"fr-FR\"}]}<\/script>\n<!-- \/ Yoast SEO plugin. -->","yoast_head_json":{"title":"PayPal Express Checkout - Solution Paiement WooCommerce","description":"Ce plugin WooCommerce va te permettre de changer ton checkout WooCommerce par celui de Paypal, le tout en un clic. Un checkout WooCommerce plus simple et s\u00e9curis\u00e9 gr\u00e2ce \u00e0 Paypal Express Checkout pour WooCommerce.","robots":{"index":"index","follow":"follow","max-snippet":"max-snippet:-1","max-image-preview":"max-image-preview:large","max-video-preview":"max-video-preview:-1"},"canonical":"https:\/\/woo-themes-plugins.com\/fr\/produit\/paypal-express-checkout-solution-paiement-woocommerce-plugin-woocommerce\/","og_locale":"fr_FR","og_type":"article","og_title":"PayPal Express Checkout - Solution Paiement WooCommerce","og_description":"Ce plugin WooCommerce va te permettre de changer ton checkout WooCommerce par celui de Paypal, le tout en un clic. Un checkout WooCommerce plus simple et s\u00e9curis\u00e9 gr\u00e2ce \u00e0 Paypal Express Checkout pour WooCommerce.","og_url":"https:\/\/woo-themes-plugins.com\/fr\/produit\/paypal-express-checkout-solution-paiement-woocommerce-plugin-woocommerce\/","og_site_name":"Woo-themes-plugins.com","article_modified_time":"2018-04-26T16:33:45+00:00","og_image":[{"width":900,"height":900,"url":"https:\/\/woo-themes-plugins.com\/wp-content\/uploads\/sites\/7\/2018\/03\/woo-themes-plugins_woocommerce-paypal-express-checkout-plugin-woocommerce.jpg","type":"image\/jpeg"}],"twitter_misc":{"Dur\u00e9e de lecture estim\u00e9e":"1 minute"},"schema":{"@context":"https:\/\/schema.org","@graph":[{"@type":"WebPage","@id":"https:\/\/woo-themes-plugins.com\/fr\/produit\/paypal-express-checkout-solution-paiement-woocommerce-plugin-woocommerce\/","url":"https:\/\/woo-themes-plugins.com\/fr\/produit\/paypal-express-checkout-solution-paiement-woocommerce-plugin-woocommerce\/","name":"PayPal Express Checkout - Solution Paiement WooCommerce","isPartOf":{"@id":"https:\/\/woo-themes-plugins.com\/it\/#website"},"primaryImageOfPage":{"@id":"https:\/\/woo-themes-plugins.com\/fr\/produit\/paypal-express-checkout-solution-paiement-woocommerce-plugin-woocommerce\/#primaryimage"},"image":{"@id":"https:\/\/woo-themes-plugins.com\/fr\/produit\/paypal-express-checkout-solution-paiement-woocommerce-plugin-woocommerce\/#primaryimage"},"thumbnailUrl":"https:\/\/woo-themes-plugins.com\/wp-content\/uploads\/sites\/7\/2018\/03\/woo-themes-plugins_woocommerce-paypal-express-checkout-plugin-woocommerce.jpg","datePublished":"2018-03-26T06:57:28+00:00","dateModified":"2018-04-26T16:33:45+00:00","description":"Ce plugin WooCommerce va te permettre de changer ton checkout WooCommerce par celui de Paypal, le tout en un clic. Un checkout WooCommerce plus simple et s\u00e9curis\u00e9 gr\u00e2ce \u00e0 Paypal Express Checkout pour WooCommerce.","breadcrumb":{"@id":"https:\/\/woo-themes-plugins.com\/fr\/produit\/paypal-express-checkout-solution-paiement-woocommerce-plugin-woocommerce\/#breadcrumb"},"inLanguage":"fr-FR","potentialAction":[{"@type":"ReadAction","target":["https:\/\/woo-themes-plugins.com\/fr\/produit\/paypal-express-checkout-solution-paiement-woocommerce-plugin-woocommerce\/"]}]},{"@type":"ImageObject","inLanguage":"fr-FR","@id":"https:\/\/woo-themes-plugins.com\/fr\/produit\/paypal-express-checkout-solution-paiement-woocommerce-plugin-woocommerce\/#primaryimage","url":"https:\/\/woo-themes-plugins.com\/wp-content\/uploads\/sites\/7\/2018\/03\/woo-themes-plugins_woocommerce-paypal-express-checkout-plugin-woocommerce.jpg","contentUrl":"https:\/\/woo-themes-plugins.com\/wp-content\/uploads\/sites\/7\/2018\/03\/woo-themes-plugins_woocommerce-paypal-express-checkout-plugin-woocommerce.jpg","width":900,"height":900},{"@type":"BreadcrumbList","@id":"https:\/\/woo-themes-plugins.com\/fr\/produit\/paypal-express-checkout-solution-paiement-woocommerce-plugin-woocommerce\/#breadcrumb","itemListElement":[{"@type":"ListItem","position":1,"name":"Accueil","item":"https:\/\/woo-themes-plugins.com\/fr\/"},{"@type":"ListItem","position":2,"name":"Shop","item":"https:\/\/woo-themes-plugins.com\/shop\/"},{"@type":"ListItem","position":3,"name":"PayPal Express Checkout &#8211; Solution Paiement WooCommerce \u2013 Plugin WooCommerce"}]},{"@type":"WebSite","@id":"https:\/\/woo-themes-plugins.com\/it\/#website","url":"https:\/\/woo-themes-plugins.com\/it\/","name":"Woo-themes-plugins.com","description":"Tous les th\u00e8mes et plugins WooCommerce Premium","potentialAction":[{"@type":"SearchAction","target":{"@type":"EntryPoint","urlTemplate":"https:\/\/woo-themes-plugins.com\/it\/?s={search_term_string}"},"query-input":"required name=search_term_string"}],"inLanguage":"fr-FR"}]}},"_links":{"self":[{"href":"https:\/\/woo-themes-plugins.com\/fr\/wp-json\/wp\/v2\/product\/256","targetHints":{"allow":["GET"]}}],"collection":[{"href":"https:\/\/woo-themes-plugins.com\/fr\/wp-json\/wp\/v2\/product"}],"about":[{"href":"https:\/\/woo-themes-plugins.com\/fr\/wp-json\/wp\/v2\/types\/product"}],"wp:featuredmedia":[{"embeddable":true,"href":"https:\/\/woo-themes-plugins.com\/fr\/wp-json\/wp\/v2\/media\/2508"}],"wp:attachment":[{"href":"https:\/\/woo-themes-plugins.com\/fr\/wp-json\/wp\/v2\/media?parent=256"}],"wp:term":[{"taxonomy":"product_cat","embeddable":true,"href":"https:\/\/woo-themes-plugins.com\/fr\/wp-json\/wp\/v2\/product_cat?post=256"},{"taxonomy":"product_tag","embeddable":true,"href":"https:\/\/woo-themes-plugins.com\/fr\/wp-json\/wp\/v2\/product_tag?post=256"}],"curies":[{"name":"wp","href":"https:\/\/api.w.org\/{rel}","templated":true}]}}