{"id":257,"date":"2018-03-26T08:00:57","date_gmt":"2018-03-26T07:00:57","guid":{"rendered":"https:\/\/woo-themes-plugins.com\/?post_type=product&#038;p=257"},"modified":"2018-04-26T17:33:37","modified_gmt":"2018-04-26T16:33:37","slug":"checkout-field-editor-personnalisation-tunnel-de-conversion-plugin-woocommerce","status":"publish","type":"product","link":"https:\/\/woo-themes-plugins.com\/fr\/product\/checkout-field-editor-personnalisation-tunnel-de-conversion-plugin-woocommerce\/","title":{"rendered":"Checkout Field Editor &#8211; Personnalisation Tunnel de Conversion \u2013 Plugin WooCommerce"},"content":{"rendered":"<p>Checkout Field Editor est un plugin d\u00e9velopp\u00e9 par WooCommerce qui a pour but de nous lib\u00e9rer du checkout classique de WooCommerce en nous offrant la possibilit\u00e9 d&rsquo;ajouter, \u00e9diter, voir supprimer certains champs du processus de commande sur WooCommerce.<\/p>\n<p>Cette extension WooCommerce va te permettre d&rsquo;\u00e9diter tous les champs de la partie facturation et exp\u00e9dition, et peuvent \u00eatre utilis\u00e9 apr\u00e8s les notes de commandes \u00e9galement. Bien entendu, cette extension WooCommerce nous permet de jongler avec diff\u00e9rents types de champs comme les champs textuels, les s\u00e9lections, les s\u00e9lecteurs de date ou encore une liste d\u00e9roulante.<\/p>\n<p>Cerise sur le g\u00e2teau, cette extension WooCommerce nous permet de venir jouer avec le positionnement de chacun des champs indispensables \u00e0 une bonne commande sous WooCommerce.<\/p>\n<p>De quoi reprendre le contr\u00f4le du tunnel de conversion de son site de eCommerce WooCommerce.<\/p>\n","protected":false},"excerpt":{"rendered":"<p>Plugin propos\u00e9 par l&rsquo;\u00e9quipe derri\u00e8re WooCommerce, qui va te permettre de venir \u00e9diter les diff\u00e9rents champs du processus de checkout de WooCommerce.<\/p>\n","protected":false},"featured_media":2516,"template":"","meta":{"_monsterinsights_skip_tracking":false,"_monsterinsights_sitenote_active":false,"_monsterinsights_sitenote_note":"","_monsterinsights_sitenote_category":0},"product_cat":[40],"product_tag":[121,72],"class_list":["post-257","product","type-product","status-publish","has-post-thumbnail","hentry","product_cat-plugin-woocommerce","product_tag-plugin-theme-woocommerce-indispensable","product_tag-tunnel-de-conversion-checkout-woocommerce","pa_dev-woo-plugin-theme-woocommerce","pa_marketplace-woocommerce-woocommerce-com"],"yoast_head":"<!-- This site is optimized with the Yoast SEO plugin v23.1 - https:\/\/yoast.com\/wordpress\/plugins\/seo\/ -->\n<title>Checkout Field Editor - Personnalisation Processus de Commande<\/title>\n<meta name=\"description\" content=\"Personnaliser le tunnel de conversion de son site WooCommerce est enfin rendu simple gr\u00e2ce \u00e0 cette extension WooCommerce. Avec ce plugin, tu vas pouvoir \u00e9diter les champs des commandes mais aussi changer l&#039;ordre de tous les champs dans le processus de prise de commande sous WooCommerce.\" \/>\n<meta name=\"robots\" content=\"index, follow, max-snippet:-1, max-image-preview:large, max-video-preview:-1\" \/>\n<link rel=\"canonical\" href=\"https:\/\/woo-themes-plugins.com\/fr\/produit\/checkout-field-editor-personnalisation-tunnel-de-conversion-plugin-woocommerce\/\" \/>\n<meta property=\"og:locale\" content=\"fr_FR\" \/>\n<meta property=\"og:type\" content=\"article\" \/>\n<meta property=\"og:title\" content=\"Checkout Field Editor - Personnalisation Processus de Commande\" \/>\n<meta property=\"og:description\" content=\"Personnaliser le tunnel de conversion de son site WooCommerce est enfin rendu simple gr\u00e2ce \u00e0 cette extension WooCommerce. Avec ce plugin, tu vas pouvoir \u00e9diter les champs des commandes mais aussi changer l&#039;ordre de tous les champs dans le processus de prise de commande sous WooCommerce.\" \/>\n<meta property=\"og:url\" content=\"https:\/\/woo-themes-plugins.com\/fr\/produit\/checkout-field-editor-personnalisation-tunnel-de-conversion-plugin-woocommerce\/\" \/>\n<meta property=\"og:site_name\" content=\"Woo-themes-plugins.com\" \/>\n<meta property=\"article:modified_time\" content=\"2018-04-26T16:33:37+00:00\" \/>\n<meta property=\"og:image\" content=\"https:\/\/woo-themes-plugins.com\/wp-content\/uploads\/sites\/7\/2018\/03\/woo-themes-plugins_woocommerce-checkout-field-editor-plugin-woocommerce.jpg\" \/>\n\t<meta property=\"og:image:width\" content=\"900\" \/>\n\t<meta property=\"og:image:height\" content=\"900\" \/>\n\t<meta property=\"og:image:type\" content=\"image\/jpeg\" \/>\n<meta name=\"twitter:label1\" content=\"Dur\u00e9e de lecture estim\u00e9e\" \/>\n\t<meta name=\"twitter:data1\" content=\"1 minute\" \/>\n<script type=\"application\/ld+json\" class=\"yoast-schema-graph\">{\"@context\":\"https:\/\/schema.org\",\"@graph\":[{\"@type\":\"WebPage\",\"@id\":\"https:\/\/woo-themes-plugins.com\/fr\/produit\/checkout-field-editor-personnalisation-tunnel-de-conversion-plugin-woocommerce\/\",\"url\":\"https:\/\/woo-themes-plugins.com\/fr\/produit\/checkout-field-editor-personnalisation-tunnel-de-conversion-plugin-woocommerce\/\",\"name\":\"Checkout Field Editor - Personnalisation Processus de Commande\",\"isPartOf\":{\"@id\":\"https:\/\/woo-themes-plugins.com\/it\/#website\"},\"primaryImageOfPage\":{\"@id\":\"https:\/\/woo-themes-plugins.com\/fr\/produit\/checkout-field-editor-personnalisation-tunnel-de-conversion-plugin-woocommerce\/#primaryimage\"},\"image\":{\"@id\":\"https:\/\/woo-themes-plugins.com\/fr\/produit\/checkout-field-editor-personnalisation-tunnel-de-conversion-plugin-woocommerce\/#primaryimage\"},\"thumbnailUrl\":\"https:\/\/woo-themes-plugins.com\/wp-content\/uploads\/sites\/7\/2018\/03\/woo-themes-plugins_woocommerce-checkout-field-editor-plugin-woocommerce.jpg\",\"datePublished\":\"2018-03-26T07:00:57+00:00\",\"dateModified\":\"2018-04-26T16:33:37+00:00\",\"description\":\"Personnaliser le tunnel de conversion de son site WooCommerce est enfin rendu simple gr\u00e2ce \u00e0 cette extension WooCommerce. Avec ce plugin, tu vas pouvoir \u00e9diter les champs des commandes mais aussi changer l'ordre de tous les champs dans le processus de prise de commande sous WooCommerce.\",\"breadcrumb\":{\"@id\":\"https:\/\/woo-themes-plugins.com\/fr\/produit\/checkout-field-editor-personnalisation-tunnel-de-conversion-plugin-woocommerce\/#breadcrumb\"},\"inLanguage\":\"fr-FR\",\"potentialAction\":[{\"@type\":\"ReadAction\",\"target\":[\"https:\/\/woo-themes-plugins.com\/fr\/produit\/checkout-field-editor-personnalisation-tunnel-de-conversion-plugin-woocommerce\/\"]}]},{\"@type\":\"ImageObject\",\"inLanguage\":\"fr-FR\",\"@id\":\"https:\/\/woo-themes-plugins.com\/fr\/produit\/checkout-field-editor-personnalisation-tunnel-de-conversion-plugin-woocommerce\/#primaryimage\",\"url\":\"https:\/\/woo-themes-plugins.com\/wp-content\/uploads\/sites\/7\/2018\/03\/woo-themes-plugins_woocommerce-checkout-field-editor-plugin-woocommerce.jpg\",\"contentUrl\":\"https:\/\/woo-themes-plugins.com\/wp-content\/uploads\/sites\/7\/2018\/03\/woo-themes-plugins_woocommerce-checkout-field-editor-plugin-woocommerce.jpg\",\"width\":900,\"height\":900},{\"@type\":\"BreadcrumbList\",\"@id\":\"https:\/\/woo-themes-plugins.com\/fr\/produit\/checkout-field-editor-personnalisation-tunnel-de-conversion-plugin-woocommerce\/#breadcrumb\",\"itemListElement\":[{\"@type\":\"ListItem\",\"position\":1,\"name\":\"Accueil\",\"item\":\"https:\/\/woo-themes-plugins.com\/fr\/\"},{\"@type\":\"ListItem\",\"position\":2,\"name\":\"Shop\",\"item\":\"https:\/\/woo-themes-plugins.com\/shop\/\"},{\"@type\":\"ListItem\",\"position\":3,\"name\":\"Checkout Field Editor &#8211; Personnalisation Tunnel de Conversion \u2013 Plugin WooCommerce\"}]},{\"@type\":\"WebSite\",\"@id\":\"https:\/\/woo-themes-plugins.com\/it\/#website\",\"url\":\"https:\/\/woo-themes-plugins.com\/it\/\",\"name\":\"Woo-themes-plugins.com\",\"description\":\"Tous les th\u00e8mes et plugins WooCommerce Premium\",\"potentialAction\":[{\"@type\":\"SearchAction\",\"target\":{\"@type\":\"EntryPoint\",\"urlTemplate\":\"https:\/\/woo-themes-plugins.com\/it\/?s={search_term_string}\"},\"query-input\":\"required name=search_term_string\"}],\"inLanguage\":\"fr-FR\"}]}<\/script>\n<!-- \/ Yoast SEO plugin. -->","yoast_head_json":{"title":"Checkout Field Editor - Personnalisation Processus de Commande","description":"Personnaliser le tunnel de conversion de son site WooCommerce est enfin rendu simple gr\u00e2ce \u00e0 cette extension WooCommerce. Avec ce plugin, tu vas pouvoir \u00e9diter les champs des commandes mais aussi changer l'ordre de tous les champs dans le processus de prise de commande sous WooCommerce.","robots":{"index":"index","follow":"follow","max-snippet":"max-snippet:-1","max-image-preview":"max-image-preview:large","max-video-preview":"max-video-preview:-1"},"canonical":"https:\/\/woo-themes-plugins.com\/fr\/produit\/checkout-field-editor-personnalisation-tunnel-de-conversion-plugin-woocommerce\/","og_locale":"fr_FR","og_type":"article","og_title":"Checkout Field Editor - Personnalisation Processus de Commande","og_description":"Personnaliser le tunnel de conversion de son site WooCommerce est enfin rendu simple gr\u00e2ce \u00e0 cette extension WooCommerce. Avec ce plugin, tu vas pouvoir \u00e9diter les champs des commandes mais aussi changer l'ordre de tous les champs dans le processus de prise de commande sous WooCommerce.","og_url":"https:\/\/woo-themes-plugins.com\/fr\/produit\/checkout-field-editor-personnalisation-tunnel-de-conversion-plugin-woocommerce\/","og_site_name":"Woo-themes-plugins.com","article_modified_time":"2018-04-26T16:33:37+00:00","og_image":[{"width":900,"height":900,"url":"https:\/\/woo-themes-plugins.com\/wp-content\/uploads\/sites\/7\/2018\/03\/woo-themes-plugins_woocommerce-checkout-field-editor-plugin-woocommerce.jpg","type":"image\/jpeg"}],"twitter_misc":{"Dur\u00e9e de lecture estim\u00e9e":"1 minute"},"schema":{"@context":"https:\/\/schema.org","@graph":[{"@type":"WebPage","@id":"https:\/\/woo-themes-plugins.com\/fr\/produit\/checkout-field-editor-personnalisation-tunnel-de-conversion-plugin-woocommerce\/","url":"https:\/\/woo-themes-plugins.com\/fr\/produit\/checkout-field-editor-personnalisation-tunnel-de-conversion-plugin-woocommerce\/","name":"Checkout Field Editor - Personnalisation Processus de Commande","isPartOf":{"@id":"https:\/\/woo-themes-plugins.com\/it\/#website"},"primaryImageOfPage":{"@id":"https:\/\/woo-themes-plugins.com\/fr\/produit\/checkout-field-editor-personnalisation-tunnel-de-conversion-plugin-woocommerce\/#primaryimage"},"image":{"@id":"https:\/\/woo-themes-plugins.com\/fr\/produit\/checkout-field-editor-personnalisation-tunnel-de-conversion-plugin-woocommerce\/#primaryimage"},"thumbnailUrl":"https:\/\/woo-themes-plugins.com\/wp-content\/uploads\/sites\/7\/2018\/03\/woo-themes-plugins_woocommerce-checkout-field-editor-plugin-woocommerce.jpg","datePublished":"2018-03-26T07:00:57+00:00","dateModified":"2018-04-26T16:33:37+00:00","description":"Personnaliser le tunnel de conversion de son site WooCommerce est enfin rendu simple gr\u00e2ce \u00e0 cette extension WooCommerce. Avec ce plugin, tu vas pouvoir \u00e9diter les champs des commandes mais aussi changer l'ordre de tous les champs dans le processus de prise de commande sous WooCommerce.","breadcrumb":{"@id":"https:\/\/woo-themes-plugins.com\/fr\/produit\/checkout-field-editor-personnalisation-tunnel-de-conversion-plugin-woocommerce\/#breadcrumb"},"inLanguage":"fr-FR","potentialAction":[{"@type":"ReadAction","target":["https:\/\/woo-themes-plugins.com\/fr\/produit\/checkout-field-editor-personnalisation-tunnel-de-conversion-plugin-woocommerce\/"]}]},{"@type":"ImageObject","inLanguage":"fr-FR","@id":"https:\/\/woo-themes-plugins.com\/fr\/produit\/checkout-field-editor-personnalisation-tunnel-de-conversion-plugin-woocommerce\/#primaryimage","url":"https:\/\/woo-themes-plugins.com\/wp-content\/uploads\/sites\/7\/2018\/03\/woo-themes-plugins_woocommerce-checkout-field-editor-plugin-woocommerce.jpg","contentUrl":"https:\/\/woo-themes-plugins.com\/wp-content\/uploads\/sites\/7\/2018\/03\/woo-themes-plugins_woocommerce-checkout-field-editor-plugin-woocommerce.jpg","width":900,"height":900},{"@type":"BreadcrumbList","@id":"https:\/\/woo-themes-plugins.com\/fr\/produit\/checkout-field-editor-personnalisation-tunnel-de-conversion-plugin-woocommerce\/#breadcrumb","itemListElement":[{"@type":"ListItem","position":1,"name":"Accueil","item":"https:\/\/woo-themes-plugins.com\/fr\/"},{"@type":"ListItem","position":2,"name":"Shop","item":"https:\/\/woo-themes-plugins.com\/shop\/"},{"@type":"ListItem","position":3,"name":"Checkout Field Editor &#8211; Personnalisation Tunnel de Conversion \u2013 Plugin WooCommerce"}]},{"@type":"WebSite","@id":"https:\/\/woo-themes-plugins.com\/it\/#website","url":"https:\/\/woo-themes-plugins.com\/it\/","name":"Woo-themes-plugins.com","description":"Tous les th\u00e8mes et plugins WooCommerce Premium","potentialAction":[{"@type":"SearchAction","target":{"@type":"EntryPoint","urlTemplate":"https:\/\/woo-themes-plugins.com\/it\/?s={search_term_string}"},"query-input":"required name=search_term_string"}],"inLanguage":"fr-FR"}]}},"_links":{"self":[{"href":"https:\/\/woo-themes-plugins.com\/fr\/wp-json\/wp\/v2\/product\/257","targetHints":{"allow":["GET"]}}],"collection":[{"href":"https:\/\/woo-themes-plugins.com\/fr\/wp-json\/wp\/v2\/product"}],"about":[{"href":"https:\/\/woo-themes-plugins.com\/fr\/wp-json\/wp\/v2\/types\/product"}],"wp:featuredmedia":[{"embeddable":true,"href":"https:\/\/woo-themes-plugins.com\/fr\/wp-json\/wp\/v2\/media\/2516"}],"wp:attachment":[{"href":"https:\/\/woo-themes-plugins.com\/fr\/wp-json\/wp\/v2\/media?parent=257"}],"wp:term":[{"taxonomy":"product_cat","embeddable":true,"href":"https:\/\/woo-themes-plugins.com\/fr\/wp-json\/wp\/v2\/product_cat?post=257"},{"taxonomy":"product_tag","embeddable":true,"href":"https:\/\/woo-themes-plugins.com\/fr\/wp-json\/wp\/v2\/product_tag?post=257"}],"curies":[{"name":"wp","href":"https:\/\/api.w.org\/{rel}","templated":true}]}}