{"id":258,"date":"2018-03-26T08:04:00","date_gmt":"2018-03-26T07:04:00","guid":{"rendered":"https:\/\/woo-themes-plugins.com\/?post_type=product&#038;p=258"},"modified":"2018-04-26T17:33:31","modified_gmt":"2018-04-26T16:33:31","slug":"woocommerce-print-invoices-packing-lists-impression-des-factures-et-colisage-plugin-woocommerce","status":"publish","type":"product","link":"https:\/\/woo-themes-plugins.com\/fr\/product\/woocommerce-print-invoices-packing-lists-impression-des-factures-et-colisage-plugin-woocommerce\/","title":{"rendered":"WooCommerce Print Invoices &amp; Packing lists &#8211; Impression des Factures et Colisage \u2013 Plugin WooCommerce"},"content":{"rendered":"<p><em>Print Invoices &amp; Packing lists <\/em>est une extension WooCommerce \u00e0 regarder de tr\u00e8s pr\u00e9s si tu recherches une mani\u00e8re simple d&rsquo;imprimer tes commandes WooCommerce, mais aussi tes listes de colissage. C\u00f4t\u00e9 gestionnaire de la boutique, cette extension WooCommerce va nous permettre d&rsquo;imprimer toute une commande, ou juste la liste de colissage, tr\u00e8s rapide \u00e0 partir de son interface d&rsquo;administration. C\u00f4t\u00e9 client, ce plugin WooCommerce offrira la possibilit\u00e9 de retrouver toutes ses commandes au format PDF dans la rubrique <em>Mon Compte<\/em>.<\/p>\n<p>Avec cette extension WooCommerce, il te sera aussi possible de faire imprimer une liste de documents comme par exemple tes CGV, ou encore les conditions de retour. <em>Print Invoices &amp; Packng List <\/em>s&rsquo;occupe de tout se travail d&rsquo;information du client, important, mais fastidieux.<\/p>\n<p>En constant d\u00e9veloppement, ce plugin a connu une r\u00e9volution dans sa version 3. Il est maintenant possible de personnaliser ses factures WooCommerce. Le tout est rendu aussi simple que personnaliser une page WordPress.<\/p>\n<p>Les factures seront imprimables individuellement ou en groupe, envoy\u00e9 automatiquement par email lorsque le paiement est valid\u00e9 ou encore accessiblent au client au travers de leur interface client.<\/p>\n<p>La fonction de picking a \u00e9t\u00e9 pens\u00e9e pour nous permettre de l&rsquo;inclure dans le processus de picking que nous avons d\u00e9j\u00e0 mis en place dans notre entrep\u00f4t. Ainsi, lorsqu&rsquo;une commande est imprim\u00e9e, les bonnes informations sont tout de suites disponibles. Encore mieux, si vous vendez des produits physiques et des produits virtuels, seul les produits physiques apparaitrons dans l&rsquo;ordre de picking. Cool.<\/p>\n<p>Dernier d\u00e9tail bien sympathique \u00e0 souligner, il est possible de travailler \u00e0 la fois sur une seule commande comme sur plusieurs en une seule fois. Des options de traitement par lot vraiment utiles lorsqu&rsquo;on rencontre ce type de besoin.<\/p>\n<p><em>WooCommerce Print Invoices <\/em>est clairement un plugin indispensable \u00e0 WooCommerce.<\/p>\n","protected":false},"excerpt":{"rendered":"<p>Propos\u00e9 par WooCommece, ce plugin va te permettre d&rsquo;imprimer en deux clics les factures ou les informations de colisage de ton client. En plus, il sera possible pour tes clients de les r\u00e9cup\u00e9rer facilement sur leurs espace client. Un plugin presque indispensable \u00e0 WooCommerce.<\/p>\n","protected":false},"featured_media":2524,"template":"","meta":{"_monsterinsights_skip_tracking":false,"_monsterinsights_sitenote_active":false,"_monsterinsights_sitenote_note":"","_monsterinsights_sitenote_category":0},"product_cat":[40],"product_tag":[74,121],"class_list":["post-258","product","type-product","status-publish","has-post-thumbnail","hentry","product_cat-plugin-woocommerce","product_tag-facture-woocommerce","product_tag-plugin-theme-woocommerce-indispensable","pa_dev-woo-plugin-theme-woocommerce","pa_marketplace-woocommerce-woocommerce-com"],"yoast_head":"<!-- This site is optimized with the Yoast SEO plugin v23.1 - https:\/\/yoast.com\/wordpress\/plugins\/seo\/ -->\n<title>WooCommerce Print Invoices &amp; Packing lists - Impression des Factures<\/title>\n<meta name=\"description\" content=\"Besoin d&#039;imprimer tes commandes WooCommerce, tes listes de colisage ou encore imprimer le bordereau de pr\u00e9paration de la commande ? Gr\u00e2ce \u00e0 ce plugin WooCommerce, l&#039;impression de factures et de packing liste est enfin simple, efficace, et automatis\u00e9e. En plus, ton client retrouvera ses factures dans son compte client !\" \/>\n<meta name=\"robots\" content=\"index, follow, max-snippet:-1, max-image-preview:large, max-video-preview:-1\" \/>\n<link rel=\"canonical\" href=\"https:\/\/woo-themes-plugins.com\/fr\/produit\/woocommerce-print-invoices-packing-lists-impression-des-factures-et-colisage-plugin-woocommerce\/\" \/>\n<meta property=\"og:locale\" content=\"fr_FR\" \/>\n<meta property=\"og:type\" content=\"article\" \/>\n<meta property=\"og:title\" content=\"WooCommerce Print Invoices &amp; Packing lists - Impression des Factures\" \/>\n<meta property=\"og:description\" content=\"Besoin d&#039;imprimer tes commandes WooCommerce, tes listes de colisage ou encore imprimer le bordereau de pr\u00e9paration de la commande ? Gr\u00e2ce \u00e0 ce plugin WooCommerce, l&#039;impression de factures et de packing liste est enfin simple, efficace, et automatis\u00e9e. En plus, ton client retrouvera ses factures dans son compte client !\" \/>\n<meta property=\"og:url\" content=\"https:\/\/woo-themes-plugins.com\/fr\/produit\/woocommerce-print-invoices-packing-lists-impression-des-factures-et-colisage-plugin-woocommerce\/\" \/>\n<meta property=\"og:site_name\" content=\"Woo-themes-plugins.com\" \/>\n<meta property=\"article:modified_time\" content=\"2018-04-26T16:33:31+00:00\" \/>\n<meta property=\"og:image\" content=\"https:\/\/woo-themes-plugins.com\/wp-content\/uploads\/sites\/7\/2018\/03\/woo-themes-plugins_woocommerce-woocommerce-print-invoices-plugin-woocommerce.jpg\" \/>\n\t<meta property=\"og:image:width\" content=\"900\" \/>\n\t<meta property=\"og:image:height\" content=\"900\" \/>\n\t<meta property=\"og:image:type\" content=\"image\/jpeg\" \/>\n<meta name=\"twitter:label1\" content=\"Dur\u00e9e de lecture estim\u00e9e\" \/>\n\t<meta name=\"twitter:data1\" content=\"2 minutes\" \/>\n<script type=\"application\/ld+json\" class=\"yoast-schema-graph\">{\"@context\":\"https:\/\/schema.org\",\"@graph\":[{\"@type\":\"WebPage\",\"@id\":\"https:\/\/woo-themes-plugins.com\/fr\/produit\/woocommerce-print-invoices-packing-lists-impression-des-factures-et-colisage-plugin-woocommerce\/\",\"url\":\"https:\/\/woo-themes-plugins.com\/fr\/produit\/woocommerce-print-invoices-packing-lists-impression-des-factures-et-colisage-plugin-woocommerce\/\",\"name\":\"WooCommerce Print Invoices & Packing lists - Impression des Factures\",\"isPartOf\":{\"@id\":\"https:\/\/woo-themes-plugins.com\/it\/#website\"},\"primaryImageOfPage\":{\"@id\":\"https:\/\/woo-themes-plugins.com\/fr\/produit\/woocommerce-print-invoices-packing-lists-impression-des-factures-et-colisage-plugin-woocommerce\/#primaryimage\"},\"image\":{\"@id\":\"https:\/\/woo-themes-plugins.com\/fr\/produit\/woocommerce-print-invoices-packing-lists-impression-des-factures-et-colisage-plugin-woocommerce\/#primaryimage\"},\"thumbnailUrl\":\"https:\/\/woo-themes-plugins.com\/wp-content\/uploads\/sites\/7\/2018\/03\/woo-themes-plugins_woocommerce-woocommerce-print-invoices-plugin-woocommerce.jpg\",\"datePublished\":\"2018-03-26T07:04:00+00:00\",\"dateModified\":\"2018-04-26T16:33:31+00:00\",\"description\":\"Besoin d'imprimer tes commandes WooCommerce, tes listes de colisage ou encore imprimer le bordereau de pr\u00e9paration de la commande ? Gr\u00e2ce \u00e0 ce plugin WooCommerce, l'impression de factures et de packing liste est enfin simple, efficace, et automatis\u00e9e. En plus, ton client retrouvera ses factures dans son compte client !\",\"breadcrumb\":{\"@id\":\"https:\/\/woo-themes-plugins.com\/fr\/produit\/woocommerce-print-invoices-packing-lists-impression-des-factures-et-colisage-plugin-woocommerce\/#breadcrumb\"},\"inLanguage\":\"fr-FR\",\"potentialAction\":[{\"@type\":\"ReadAction\",\"target\":[\"https:\/\/woo-themes-plugins.com\/fr\/produit\/woocommerce-print-invoices-packing-lists-impression-des-factures-et-colisage-plugin-woocommerce\/\"]}]},{\"@type\":\"ImageObject\",\"inLanguage\":\"fr-FR\",\"@id\":\"https:\/\/woo-themes-plugins.com\/fr\/produit\/woocommerce-print-invoices-packing-lists-impression-des-factures-et-colisage-plugin-woocommerce\/#primaryimage\",\"url\":\"https:\/\/woo-themes-plugins.com\/wp-content\/uploads\/sites\/7\/2018\/03\/woo-themes-plugins_woocommerce-woocommerce-print-invoices-plugin-woocommerce.jpg\",\"contentUrl\":\"https:\/\/woo-themes-plugins.com\/wp-content\/uploads\/sites\/7\/2018\/03\/woo-themes-plugins_woocommerce-woocommerce-print-invoices-plugin-woocommerce.jpg\",\"width\":900,\"height\":900},{\"@type\":\"BreadcrumbList\",\"@id\":\"https:\/\/woo-themes-plugins.com\/fr\/produit\/woocommerce-print-invoices-packing-lists-impression-des-factures-et-colisage-plugin-woocommerce\/#breadcrumb\",\"itemListElement\":[{\"@type\":\"ListItem\",\"position\":1,\"name\":\"Accueil\",\"item\":\"https:\/\/woo-themes-plugins.com\/fr\/\"},{\"@type\":\"ListItem\",\"position\":2,\"name\":\"Shop\",\"item\":\"https:\/\/woo-themes-plugins.com\/shop\/\"},{\"@type\":\"ListItem\",\"position\":3,\"name\":\"WooCommerce Print Invoices &amp; Packing lists &#8211; Impression des Factures et Colisage \u2013 Plugin WooCommerce\"}]},{\"@type\":\"WebSite\",\"@id\":\"https:\/\/woo-themes-plugins.com\/it\/#website\",\"url\":\"https:\/\/woo-themes-plugins.com\/it\/\",\"name\":\"Woo-themes-plugins.com\",\"description\":\"Tous les th\u00e8mes et plugins WooCommerce Premium\",\"potentialAction\":[{\"@type\":\"SearchAction\",\"target\":{\"@type\":\"EntryPoint\",\"urlTemplate\":\"https:\/\/woo-themes-plugins.com\/it\/?s={search_term_string}\"},\"query-input\":\"required name=search_term_string\"}],\"inLanguage\":\"fr-FR\"}]}<\/script>\n<!-- \/ Yoast SEO plugin. -->","yoast_head_json":{"title":"WooCommerce Print Invoices & Packing lists - Impression des Factures","description":"Besoin d'imprimer tes commandes WooCommerce, tes listes de colisage ou encore imprimer le bordereau de pr\u00e9paration de la commande ? Gr\u00e2ce \u00e0 ce plugin WooCommerce, l'impression de factures et de packing liste est enfin simple, efficace, et automatis\u00e9e. En plus, ton client retrouvera ses factures dans son compte client !","robots":{"index":"index","follow":"follow","max-snippet":"max-snippet:-1","max-image-preview":"max-image-preview:large","max-video-preview":"max-video-preview:-1"},"canonical":"https:\/\/woo-themes-plugins.com\/fr\/produit\/woocommerce-print-invoices-packing-lists-impression-des-factures-et-colisage-plugin-woocommerce\/","og_locale":"fr_FR","og_type":"article","og_title":"WooCommerce Print Invoices & Packing lists - Impression des Factures","og_description":"Besoin d'imprimer tes commandes WooCommerce, tes listes de colisage ou encore imprimer le bordereau de pr\u00e9paration de la commande ? Gr\u00e2ce \u00e0 ce plugin WooCommerce, l'impression de factures et de packing liste est enfin simple, efficace, et automatis\u00e9e. En plus, ton client retrouvera ses factures dans son compte client !","og_url":"https:\/\/woo-themes-plugins.com\/fr\/produit\/woocommerce-print-invoices-packing-lists-impression-des-factures-et-colisage-plugin-woocommerce\/","og_site_name":"Woo-themes-plugins.com","article_modified_time":"2018-04-26T16:33:31+00:00","og_image":[{"width":900,"height":900,"url":"https:\/\/woo-themes-plugins.com\/wp-content\/uploads\/sites\/7\/2018\/03\/woo-themes-plugins_woocommerce-woocommerce-print-invoices-plugin-woocommerce.jpg","type":"image\/jpeg"}],"twitter_misc":{"Dur\u00e9e de lecture estim\u00e9e":"2 minutes"},"schema":{"@context":"https:\/\/schema.org","@graph":[{"@type":"WebPage","@id":"https:\/\/woo-themes-plugins.com\/fr\/produit\/woocommerce-print-invoices-packing-lists-impression-des-factures-et-colisage-plugin-woocommerce\/","url":"https:\/\/woo-themes-plugins.com\/fr\/produit\/woocommerce-print-invoices-packing-lists-impression-des-factures-et-colisage-plugin-woocommerce\/","name":"WooCommerce Print Invoices & Packing lists - Impression des Factures","isPartOf":{"@id":"https:\/\/woo-themes-plugins.com\/it\/#website"},"primaryImageOfPage":{"@id":"https:\/\/woo-themes-plugins.com\/fr\/produit\/woocommerce-print-invoices-packing-lists-impression-des-factures-et-colisage-plugin-woocommerce\/#primaryimage"},"image":{"@id":"https:\/\/woo-themes-plugins.com\/fr\/produit\/woocommerce-print-invoices-packing-lists-impression-des-factures-et-colisage-plugin-woocommerce\/#primaryimage"},"thumbnailUrl":"https:\/\/woo-themes-plugins.com\/wp-content\/uploads\/sites\/7\/2018\/03\/woo-themes-plugins_woocommerce-woocommerce-print-invoices-plugin-woocommerce.jpg","datePublished":"2018-03-26T07:04:00+00:00","dateModified":"2018-04-26T16:33:31+00:00","description":"Besoin d'imprimer tes commandes WooCommerce, tes listes de colisage ou encore imprimer le bordereau de pr\u00e9paration de la commande ? Gr\u00e2ce \u00e0 ce plugin WooCommerce, l'impression de factures et de packing liste est enfin simple, efficace, et automatis\u00e9e. En plus, ton client retrouvera ses factures dans son compte client !","breadcrumb":{"@id":"https:\/\/woo-themes-plugins.com\/fr\/produit\/woocommerce-print-invoices-packing-lists-impression-des-factures-et-colisage-plugin-woocommerce\/#breadcrumb"},"inLanguage":"fr-FR","potentialAction":[{"@type":"ReadAction","target":["https:\/\/woo-themes-plugins.com\/fr\/produit\/woocommerce-print-invoices-packing-lists-impression-des-factures-et-colisage-plugin-woocommerce\/"]}]},{"@type":"ImageObject","inLanguage":"fr-FR","@id":"https:\/\/woo-themes-plugins.com\/fr\/produit\/woocommerce-print-invoices-packing-lists-impression-des-factures-et-colisage-plugin-woocommerce\/#primaryimage","url":"https:\/\/woo-themes-plugins.com\/wp-content\/uploads\/sites\/7\/2018\/03\/woo-themes-plugins_woocommerce-woocommerce-print-invoices-plugin-woocommerce.jpg","contentUrl":"https:\/\/woo-themes-plugins.com\/wp-content\/uploads\/sites\/7\/2018\/03\/woo-themes-plugins_woocommerce-woocommerce-print-invoices-plugin-woocommerce.jpg","width":900,"height":900},{"@type":"BreadcrumbList","@id":"https:\/\/woo-themes-plugins.com\/fr\/produit\/woocommerce-print-invoices-packing-lists-impression-des-factures-et-colisage-plugin-woocommerce\/#breadcrumb","itemListElement":[{"@type":"ListItem","position":1,"name":"Accueil","item":"https:\/\/woo-themes-plugins.com\/fr\/"},{"@type":"ListItem","position":2,"name":"Shop","item":"https:\/\/woo-themes-plugins.com\/shop\/"},{"@type":"ListItem","position":3,"name":"WooCommerce Print Invoices &amp; Packing lists &#8211; Impression des Factures et Colisage \u2013 Plugin WooCommerce"}]},{"@type":"WebSite","@id":"https:\/\/woo-themes-plugins.com\/it\/#website","url":"https:\/\/woo-themes-plugins.com\/it\/","name":"Woo-themes-plugins.com","description":"Tous les th\u00e8mes et plugins WooCommerce Premium","potentialAction":[{"@type":"SearchAction","target":{"@type":"EntryPoint","urlTemplate":"https:\/\/woo-themes-plugins.com\/it\/?s={search_term_string}"},"query-input":"required name=search_term_string"}],"inLanguage":"fr-FR"}]}},"_links":{"self":[{"href":"https:\/\/woo-themes-plugins.com\/fr\/wp-json\/wp\/v2\/product\/258","targetHints":{"allow":["GET"]}}],"collection":[{"href":"https:\/\/woo-themes-plugins.com\/fr\/wp-json\/wp\/v2\/product"}],"about":[{"href":"https:\/\/woo-themes-plugins.com\/fr\/wp-json\/wp\/v2\/types\/product"}],"wp:featuredmedia":[{"embeddable":true,"href":"https:\/\/woo-themes-plugins.com\/fr\/wp-json\/wp\/v2\/media\/2524"}],"wp:attachment":[{"href":"https:\/\/woo-themes-plugins.com\/fr\/wp-json\/wp\/v2\/media?parent=258"}],"wp:term":[{"taxonomy":"product_cat","embeddable":true,"href":"https:\/\/woo-themes-plugins.com\/fr\/wp-json\/wp\/v2\/product_cat?post=258"},{"taxonomy":"product_tag","embeddable":true,"href":"https:\/\/woo-themes-plugins.com\/fr\/wp-json\/wp\/v2\/product_tag?post=258"}],"curies":[{"name":"wp","href":"https:\/\/api.w.org\/{rel}","templated":true}]}}