{"id":259,"date":"2018-03-26T08:07:50","date_gmt":"2018-03-26T07:07:50","guid":{"rendered":"https:\/\/woo-themes-plugins.com\/?post_type=product&#038;p=259"},"modified":"2018-04-26T17:32:41","modified_gmt":"2018-04-26T16:32:41","slug":"woocommerce-memberships-adhesion-paywall-plugin-woocommerce","status":"publish","type":"product","link":"https:\/\/woo-themes-plugins.com\/fr\/product\/woocommerce-memberships-adhesion-paywall-plugin-woocommerce\/","title":{"rendered":"WooCommerce Memberships &#8211; Adh\u00e9sion \/ Paywall \u2013 Plugin WooCommerce"},"content":{"rendered":"<p>En un mot, <em>WooCommerce Memberships <\/em>est la solution ultime pour la gestion d&rsquo;espace privatif, ou seul des membres peuvent acc\u00e9der, le tout int\u00e9gr\u00e9 \u00e0 100% au contenu g\u00e9n\u00e9r\u00e9 par WooCommerce mais aussi g\u00e9n\u00e9ra par WordPress dans son ensemble.<\/p>\n<p><em>WooCommerce Memberships <\/em>est une extension WooCommerce qui tente de se diff\u00e9rencier des autres extensions de restriction de contenu en offrant justement bien plus qu&rsquo;un simple plugin de restriction de contenu classique. Cette extension WooCommerce est avant tout simple de mise en place. Ensuite, elle te permet de restreindre l&rsquo;acc\u00e8s de 100% de ton site WooCommerce \u00e0 tes adh\u00e9rents.<\/p>\n<p><em>Membership <\/em>est donc un plugin WooCommerce qui nous permet de cr\u00e9er un syst\u00e8me d&rsquo;adh\u00e9sion totale \u00e0 notre site WooCommerce.<\/p>\n<p>Cette extension WooCommerce nous permet donc de mettre en place des zones ou des produits qui seront accessibles uniquement \u00e0 un certain type de client ou d&rsquo;abonn\u00e9 sur ton site, mais il va aussi permettre un petit quelque chose que j&rsquo;aime beaucoup : d\u00e9finir quand un produit est pr\u00e9sent ou non. En d&rsquo;autre terme, voila un superbe plugin taill\u00e9 pour la mise en place d&rsquo;un site avec des soldes priv\u00e9es par exemple.<\/p>\n<p>Concernant l&rsquo;adh\u00e9sion \u00e0 votre site, celle-ci peut \u00eatre payante, attribu\u00e9e manuellement au travers de l&rsquo;interface d&rsquo;administration et l&rsquo;ensemble de notre site peut \u00eatre soumis \u00e0 ce r\u00e9gime d&rsquo;adh\u00e9sion.<\/p>\n<p>La vente d&rsquo;abonnement ne produire pas de nouveau produit sur ton site. Au lieu de cela, les plans d&rsquo;adh\u00e9sions sont g\u00e9r\u00e9s dans une partie ind\u00e9pendantes des produits. Cela offre une bien plus grande fl\u00e9xibilit\u00e9 \u00e0 l&rsquo;ensemble. Il nous sera d\u00e9s lors possible d&rsquo;assigner de 0 \u00e0 tout les produits \u00e0 un type d&rsquo;abonnement.<\/p>\n<p>Enfin, cette extension WooCommerce nous permet de venir pr\u00e9senter des produits qu&rsquo;\u00e0 partir d&rsquo;un certain moment. Je m&rsquo;explique. Je te propose un produit \u00e0 un prix canon accessible uniquement aux adh\u00e9rants de plus d&rsquo;un mois par exemple.<\/p>\n<p>Un plugin WooCommerce qui va clairement apporter un co\u00fbt de boost significatif \u00e0 la fid\u00e9lit\u00e9 sur notre site WooCommerce.<\/p>\n","protected":false},"excerpt":{"rendered":"<p>G\u00e9rer un site o\u00f9 l&rsquo;on paie sous forme d&rsquo;adh\u00e9sion pour acc\u00e9der \u00e0 certaines parties de ce dernier n&rsquo;a jamais \u00e9t\u00e9 aussi simple gr\u00e2ce \u00e0 <em>WooCommerce Memberships<\/em>.<\/p>\n","protected":false},"featured_media":2532,"template":"","meta":{"_monsterinsights_skip_tracking":false,"_monsterinsights_sitenote_active":false,"_monsterinsights_sitenote_note":"","_monsterinsights_sitenote_category":0},"product_cat":[40],"product_tag":[76,77,107],"class_list":["post-259","product","type-product","status-publish","has-post-thumbnail","hentry","product_cat-plugin-woocommerce","product_tag-paywall-woocommerce","product_tag-plugin-adhesion-woocommerce","product_tag-plugin-abonnement-woocommerce","pa_dev-woo-plugin-theme-skyverge","pa_marketplace-woocommerce-woocommerce-com"],"yoast_head":"<!-- This site is optimized with the Yoast SEO plugin v23.1 - https:\/\/yoast.com\/wordpress\/plugins\/seo\/ -->\n<title>WooCommerce Memberships - Abonnement \/ Paywall<\/title>\n<meta name=\"description\" content=\"Offrir un acc\u00e8s \u00e0 son site WooCommerce seulement \u00e0 un profil d&#039;adh\u00e9rent, c&#039;est tout \u00e0 fait possible. C&#039;est le but m\u00eame de cette extension WooCommerce. D\u00e9finis en quelques clics ta politique d&#039;adh\u00e9sion, gratuite ou payante, ainsi que les produits WooCommerce qui la compose. L&#039;adh\u00e9sion WooCommerce simple.\" \/>\n<meta name=\"robots\" content=\"index, follow, max-snippet:-1, max-image-preview:large, max-video-preview:-1\" \/>\n<link rel=\"canonical\" href=\"https:\/\/woo-themes-plugins.com\/fr\/produit\/woocommerce-memberships-adhesion-paywall-plugin-woocommerce\/\" \/>\n<meta property=\"og:locale\" content=\"fr_FR\" \/>\n<meta property=\"og:type\" content=\"article\" \/>\n<meta property=\"og:title\" content=\"WooCommerce Memberships - Abonnement \/ Paywall\" \/>\n<meta property=\"og:description\" content=\"Offrir un acc\u00e8s \u00e0 son site WooCommerce seulement \u00e0 un profil d&#039;adh\u00e9rent, c&#039;est tout \u00e0 fait possible. C&#039;est le but m\u00eame de cette extension WooCommerce. D\u00e9finis en quelques clics ta politique d&#039;adh\u00e9sion, gratuite ou payante, ainsi que les produits WooCommerce qui la compose. L&#039;adh\u00e9sion WooCommerce simple.\" \/>\n<meta property=\"og:url\" content=\"https:\/\/woo-themes-plugins.com\/fr\/produit\/woocommerce-memberships-adhesion-paywall-plugin-woocommerce\/\" \/>\n<meta property=\"og:site_name\" content=\"Woo-themes-plugins.com\" \/>\n<meta property=\"article:modified_time\" content=\"2018-04-26T16:32:41+00:00\" \/>\n<meta property=\"og:image\" content=\"https:\/\/woo-themes-plugins.com\/wp-content\/uploads\/sites\/7\/2018\/03\/woo-themes-plugins_woocommerce-woocommerce-memberships-plugin-woocommerce.jpg\" \/>\n\t<meta property=\"og:image:width\" content=\"900\" \/>\n\t<meta property=\"og:image:height\" content=\"900\" \/>\n\t<meta property=\"og:image:type\" content=\"image\/jpeg\" \/>\n<meta name=\"twitter:label1\" content=\"Dur\u00e9e de lecture estim\u00e9e\" \/>\n\t<meta name=\"twitter:data1\" content=\"2 minutes\" \/>\n<script type=\"application\/ld+json\" class=\"yoast-schema-graph\">{\"@context\":\"https:\/\/schema.org\",\"@graph\":[{\"@type\":\"WebPage\",\"@id\":\"https:\/\/woo-themes-plugins.com\/fr\/produit\/woocommerce-memberships-adhesion-paywall-plugin-woocommerce\/\",\"url\":\"https:\/\/woo-themes-plugins.com\/fr\/produit\/woocommerce-memberships-adhesion-paywall-plugin-woocommerce\/\",\"name\":\"WooCommerce Memberships - Abonnement \/ Paywall\",\"isPartOf\":{\"@id\":\"https:\/\/woo-themes-plugins.com\/it\/#website\"},\"primaryImageOfPage\":{\"@id\":\"https:\/\/woo-themes-plugins.com\/fr\/produit\/woocommerce-memberships-adhesion-paywall-plugin-woocommerce\/#primaryimage\"},\"image\":{\"@id\":\"https:\/\/woo-themes-plugins.com\/fr\/produit\/woocommerce-memberships-adhesion-paywall-plugin-woocommerce\/#primaryimage\"},\"thumbnailUrl\":\"https:\/\/woo-themes-plugins.com\/wp-content\/uploads\/sites\/7\/2018\/03\/woo-themes-plugins_woocommerce-woocommerce-memberships-plugin-woocommerce.jpg\",\"datePublished\":\"2018-03-26T07:07:50+00:00\",\"dateModified\":\"2018-04-26T16:32:41+00:00\",\"description\":\"Offrir un acc\u00e8s \u00e0 son site WooCommerce seulement \u00e0 un profil d'adh\u00e9rent, c'est tout \u00e0 fait possible. C'est le but m\u00eame de cette extension WooCommerce. D\u00e9finis en quelques clics ta politique d'adh\u00e9sion, gratuite ou payante, ainsi que les produits WooCommerce qui la compose. L'adh\u00e9sion WooCommerce simple.\",\"breadcrumb\":{\"@id\":\"https:\/\/woo-themes-plugins.com\/fr\/produit\/woocommerce-memberships-adhesion-paywall-plugin-woocommerce\/#breadcrumb\"},\"inLanguage\":\"fr-FR\",\"potentialAction\":[{\"@type\":\"ReadAction\",\"target\":[\"https:\/\/woo-themes-plugins.com\/fr\/produit\/woocommerce-memberships-adhesion-paywall-plugin-woocommerce\/\"]}]},{\"@type\":\"ImageObject\",\"inLanguage\":\"fr-FR\",\"@id\":\"https:\/\/woo-themes-plugins.com\/fr\/produit\/woocommerce-memberships-adhesion-paywall-plugin-woocommerce\/#primaryimage\",\"url\":\"https:\/\/woo-themes-plugins.com\/wp-content\/uploads\/sites\/7\/2018\/03\/woo-themes-plugins_woocommerce-woocommerce-memberships-plugin-woocommerce.jpg\",\"contentUrl\":\"https:\/\/woo-themes-plugins.com\/wp-content\/uploads\/sites\/7\/2018\/03\/woo-themes-plugins_woocommerce-woocommerce-memberships-plugin-woocommerce.jpg\",\"width\":900,\"height\":900},{\"@type\":\"BreadcrumbList\",\"@id\":\"https:\/\/woo-themes-plugins.com\/fr\/produit\/woocommerce-memberships-adhesion-paywall-plugin-woocommerce\/#breadcrumb\",\"itemListElement\":[{\"@type\":\"ListItem\",\"position\":1,\"name\":\"Accueil\",\"item\":\"https:\/\/woo-themes-plugins.com\/fr\/\"},{\"@type\":\"ListItem\",\"position\":2,\"name\":\"Shop\",\"item\":\"https:\/\/woo-themes-plugins.com\/shop\/\"},{\"@type\":\"ListItem\",\"position\":3,\"name\":\"WooCommerce Memberships &#8211; Adh\u00e9sion \/ Paywall \u2013 Plugin WooCommerce\"}]},{\"@type\":\"WebSite\",\"@id\":\"https:\/\/woo-themes-plugins.com\/it\/#website\",\"url\":\"https:\/\/woo-themes-plugins.com\/it\/\",\"name\":\"Woo-themes-plugins.com\",\"description\":\"Tous les th\u00e8mes et plugins WooCommerce Premium\",\"potentialAction\":[{\"@type\":\"SearchAction\",\"target\":{\"@type\":\"EntryPoint\",\"urlTemplate\":\"https:\/\/woo-themes-plugins.com\/it\/?s={search_term_string}\"},\"query-input\":\"required name=search_term_string\"}],\"inLanguage\":\"fr-FR\"}]}<\/script>\n<!-- \/ Yoast SEO plugin. -->","yoast_head_json":{"title":"WooCommerce Memberships - Abonnement \/ Paywall","description":"Offrir un acc\u00e8s \u00e0 son site WooCommerce seulement \u00e0 un profil d'adh\u00e9rent, c'est tout \u00e0 fait possible. C'est le but m\u00eame de cette extension WooCommerce. D\u00e9finis en quelques clics ta politique d'adh\u00e9sion, gratuite ou payante, ainsi que les produits WooCommerce qui la compose. L'adh\u00e9sion WooCommerce simple.","robots":{"index":"index","follow":"follow","max-snippet":"max-snippet:-1","max-image-preview":"max-image-preview:large","max-video-preview":"max-video-preview:-1"},"canonical":"https:\/\/woo-themes-plugins.com\/fr\/produit\/woocommerce-memberships-adhesion-paywall-plugin-woocommerce\/","og_locale":"fr_FR","og_type":"article","og_title":"WooCommerce Memberships - Abonnement \/ Paywall","og_description":"Offrir un acc\u00e8s \u00e0 son site WooCommerce seulement \u00e0 un profil d'adh\u00e9rent, c'est tout \u00e0 fait possible. C'est le but m\u00eame de cette extension WooCommerce. D\u00e9finis en quelques clics ta politique d'adh\u00e9sion, gratuite ou payante, ainsi que les produits WooCommerce qui la compose. L'adh\u00e9sion WooCommerce simple.","og_url":"https:\/\/woo-themes-plugins.com\/fr\/produit\/woocommerce-memberships-adhesion-paywall-plugin-woocommerce\/","og_site_name":"Woo-themes-plugins.com","article_modified_time":"2018-04-26T16:32:41+00:00","og_image":[{"width":900,"height":900,"url":"https:\/\/woo-themes-plugins.com\/wp-content\/uploads\/sites\/7\/2018\/03\/woo-themes-plugins_woocommerce-woocommerce-memberships-plugin-woocommerce.jpg","type":"image\/jpeg"}],"twitter_misc":{"Dur\u00e9e de lecture estim\u00e9e":"2 minutes"},"schema":{"@context":"https:\/\/schema.org","@graph":[{"@type":"WebPage","@id":"https:\/\/woo-themes-plugins.com\/fr\/produit\/woocommerce-memberships-adhesion-paywall-plugin-woocommerce\/","url":"https:\/\/woo-themes-plugins.com\/fr\/produit\/woocommerce-memberships-adhesion-paywall-plugin-woocommerce\/","name":"WooCommerce Memberships - Abonnement \/ Paywall","isPartOf":{"@id":"https:\/\/woo-themes-plugins.com\/it\/#website"},"primaryImageOfPage":{"@id":"https:\/\/woo-themes-plugins.com\/fr\/produit\/woocommerce-memberships-adhesion-paywall-plugin-woocommerce\/#primaryimage"},"image":{"@id":"https:\/\/woo-themes-plugins.com\/fr\/produit\/woocommerce-memberships-adhesion-paywall-plugin-woocommerce\/#primaryimage"},"thumbnailUrl":"https:\/\/woo-themes-plugins.com\/wp-content\/uploads\/sites\/7\/2018\/03\/woo-themes-plugins_woocommerce-woocommerce-memberships-plugin-woocommerce.jpg","datePublished":"2018-03-26T07:07:50+00:00","dateModified":"2018-04-26T16:32:41+00:00","description":"Offrir un acc\u00e8s \u00e0 son site WooCommerce seulement \u00e0 un profil d'adh\u00e9rent, c'est tout \u00e0 fait possible. C'est le but m\u00eame de cette extension WooCommerce. D\u00e9finis en quelques clics ta politique d'adh\u00e9sion, gratuite ou payante, ainsi que les produits WooCommerce qui la compose. L'adh\u00e9sion WooCommerce simple.","breadcrumb":{"@id":"https:\/\/woo-themes-plugins.com\/fr\/produit\/woocommerce-memberships-adhesion-paywall-plugin-woocommerce\/#breadcrumb"},"inLanguage":"fr-FR","potentialAction":[{"@type":"ReadAction","target":["https:\/\/woo-themes-plugins.com\/fr\/produit\/woocommerce-memberships-adhesion-paywall-plugin-woocommerce\/"]}]},{"@type":"ImageObject","inLanguage":"fr-FR","@id":"https:\/\/woo-themes-plugins.com\/fr\/produit\/woocommerce-memberships-adhesion-paywall-plugin-woocommerce\/#primaryimage","url":"https:\/\/woo-themes-plugins.com\/wp-content\/uploads\/sites\/7\/2018\/03\/woo-themes-plugins_woocommerce-woocommerce-memberships-plugin-woocommerce.jpg","contentUrl":"https:\/\/woo-themes-plugins.com\/wp-content\/uploads\/sites\/7\/2018\/03\/woo-themes-plugins_woocommerce-woocommerce-memberships-plugin-woocommerce.jpg","width":900,"height":900},{"@type":"BreadcrumbList","@id":"https:\/\/woo-themes-plugins.com\/fr\/produit\/woocommerce-memberships-adhesion-paywall-plugin-woocommerce\/#breadcrumb","itemListElement":[{"@type":"ListItem","position":1,"name":"Accueil","item":"https:\/\/woo-themes-plugins.com\/fr\/"},{"@type":"ListItem","position":2,"name":"Shop","item":"https:\/\/woo-themes-plugins.com\/shop\/"},{"@type":"ListItem","position":3,"name":"WooCommerce Memberships &#8211; Adh\u00e9sion \/ Paywall \u2013 Plugin WooCommerce"}]},{"@type":"WebSite","@id":"https:\/\/woo-themes-plugins.com\/it\/#website","url":"https:\/\/woo-themes-plugins.com\/it\/","name":"Woo-themes-plugins.com","description":"Tous les th\u00e8mes et plugins WooCommerce Premium","potentialAction":[{"@type":"SearchAction","target":{"@type":"EntryPoint","urlTemplate":"https:\/\/woo-themes-plugins.com\/it\/?s={search_term_string}"},"query-input":"required name=search_term_string"}],"inLanguage":"fr-FR"}]}},"_links":{"self":[{"href":"https:\/\/woo-themes-plugins.com\/fr\/wp-json\/wp\/v2\/product\/259","targetHints":{"allow":["GET"]}}],"collection":[{"href":"https:\/\/woo-themes-plugins.com\/fr\/wp-json\/wp\/v2\/product"}],"about":[{"href":"https:\/\/woo-themes-plugins.com\/fr\/wp-json\/wp\/v2\/types\/product"}],"wp:featuredmedia":[{"embeddable":true,"href":"https:\/\/woo-themes-plugins.com\/fr\/wp-json\/wp\/v2\/media\/2532"}],"wp:attachment":[{"href":"https:\/\/woo-themes-plugins.com\/fr\/wp-json\/wp\/v2\/media?parent=259"}],"wp:term":[{"taxonomy":"product_cat","embeddable":true,"href":"https:\/\/woo-themes-plugins.com\/fr\/wp-json\/wp\/v2\/product_cat?post=259"},{"taxonomy":"product_tag","embeddable":true,"href":"https:\/\/woo-themes-plugins.com\/fr\/wp-json\/wp\/v2\/product_tag?post=259"}],"curies":[{"name":"wp","href":"https:\/\/api.w.org\/{rel}","templated":true}]}}