{"id":260,"date":"2018-03-26T08:10:13","date_gmt":"2018-03-26T07:10:13","guid":{"rendered":"https:\/\/woo-themes-plugins.com\/?post_type=product&#038;p=260"},"modified":"2018-04-26T17:32:34","modified_gmt":"2018-04-26T16:32:34","slug":"mailchimp-for-woocommerce-emailing-emarketing-plugin-woocommerce","status":"publish","type":"product","link":"https:\/\/woo-themes-plugins.com\/fr\/product\/mailchimp-for-woocommerce-emailing-emarketing-plugin-woocommerce\/","title":{"rendered":"MailChimp for WooCommerce &#8211; eMailing &amp; eMarketing \u2013 Plugin WooCommerce"},"content":{"rendered":"<p>Avec plus de 16 000 000 de clients dans le monde du eCommerce, je crois qu&rsquo;on est en droit de dire que MailChimp est un v\u00e9ritable expert tr\u00e8s largement reconnu dans le monde l&rsquo;envoi d&#8217;emailing et newsletter.<\/p>\n<p>Gr\u00e2ce \u00e0 cette extension faite par les \u00e9quipes de MailChimp, et cela gratieusement, il nous est possible de venir synchroniser nos clients et leurs commandes sous MailChimp, ce qui va nous permettre de venir mettre en place des campagnes personnalis\u00e9es ou automatis\u00e9es, le tout en tenant compte de l&rsquo;historique de chaque client. En poussant plus loin, on peut m\u00eame venir utiliser MailChimp pour relancer les paniers abandonn\u00e9s sur ton site WooCommerce. Le mien dans tout cela, c&rsquo;est que MailChimp va t&rsquo;offrir la chance d&rsquo;\u00eatre en mesure de conna\u00eetre ton ROI sur chacune de tes campagnes. Un outil clairement tr\u00e8s professionnel, et pourtant d\u00e9concertant de simplicit\u00e9 lorsqu&rsquo;il est question de la prise en main de l&rsquo;ensemble.<\/p>\n<p>Aurais-je oublier de dire que cette extension est un plugin WooCommerce gratuit ?<\/p>\n<p>Avec cette extension WooCommerce tu vas donc pouvoir :<\/p>\n<ul>\n<li>Syncrhoniser tes listes<\/li>\n<li>Syncrhoniser les achats avec les listes<\/li>\n<li>Mettre en place des campagnes automatis\u00e9es sur la base de donn\u00e9es eCommerce comme ce qui est contenu dans le chariot client, ses derni\u00e8res commandes&#8230;<\/li>\n<li>Mettre en avant les produits recommand\u00e9s<\/li>\n<li>Suivre et cat\u00e9goris\u00e9 ses clients en fonction de l&rsquo;historique et la fr\u00e9quence d&rsquo;achat<\/li>\n<li>Suivre l&rsquo;ensemble des performances de vos campagnes dans le tableau de bord MailChimp<\/li>\n<li>Int\u00e9gration d&rsquo;une POP-UP d&rsquo;inscription \u00e0 sa newsletter<\/li>\n<\/ul>\n<p>Petit d\u00e9tail, il faut que ton <a href=\"https:\/\/hebergement-wp.info\/comparatif-hebergements-woocommerce\/\"><strong>h\u00e9bergement WooCommerce<\/strong><\/a> respecte certains standards comme PHP en version minimale \u00e0 5.6, l&rsquo;utilisation d&rsquo;un environnement de d\u00e9veloppement avant la mise en ligne&#8230; Bref, tout ce qu&rsquo;un <a href=\"https:\/\/hebergement-wp.info\/comparatif-hebergements-wordpress\/\"><strong>bon h\u00e9bergement WordPress<\/strong><\/a> doit savoir faire.<\/p>\n","protected":false},"excerpt":{"rendered":"<p>Qui d&rsquo;autre que MailChimp pour proposer le meilleur plugin qui va te permettre de faire remonter toutes tes donn\u00e9es eCommerce issues de WooCommerce sur MailChimp ? D\u00e9cuple les possibilit\u00e9s de tes campagnes d&#8217;emailing gr\u00e2ce \u00e0 ce plugin qui va t&rsquo;ouvrir les portes des fonctionnalit\u00e9s <em>eCommerce 360 <\/em>de MailChimp.<\/p>\n","protected":false},"featured_media":2540,"template":"","meta":{"_monsterinsights_skip_tracking":false,"_monsterinsights_sitenote_active":false,"_monsterinsights_sitenote_note":"","_monsterinsights_sitenote_category":0},"product_cat":[40],"product_tag":[79,120,121,81,80],"class_list":["post-260","product","type-product","status-publish","has-post-thumbnail","hentry","product_cat-plugin-woocommerce","product_tag-emailing-marketing-woocommerce","product_tag-extension-woocommerce-gratuite","product_tag-plugin-theme-woocommerce-indispensable","product_tag-mailchimp-woocommerce","product_tag-plugin-emarketing-woocommerce","pa_dev-woo-plugin-theme-mailchimp","pa_marketplace-woocommerce-woocommerce-com"],"yoast_head":"<!-- This site is optimized with the Yoast SEO plugin v23.1 - https:\/\/yoast.com\/wordpress\/plugins\/seo\/ -->\n<title>MailChimp for WooCommerce - eMailing &amp; eMarketing<\/title>\n<meta name=\"description\" content=\"Extension WooCommerce gratuite pour venir connecter sa boutique WooCommerce \u00e0 la tr\u00e8s c\u00e9l\u00e8bre solution d&#039;envois d&#039;emails : MailChimp ! Ce plugin est parfaitement int\u00e9gr\u00e9 entre WooCommerce et MailChimp dans le but nous offrir le meilleur des deux mondes. Un outil bien pratique pour accro\u00eetre facilement son CA !\" \/>\n<meta name=\"robots\" content=\"index, follow, max-snippet:-1, max-image-preview:large, max-video-preview:-1\" \/>\n<link rel=\"canonical\" href=\"https:\/\/woo-themes-plugins.com\/fr\/produit\/mailchimp-for-woocommerce-emailing-emarketing-plugin-woocommerce\/\" \/>\n<meta property=\"og:locale\" content=\"fr_FR\" \/>\n<meta property=\"og:type\" content=\"article\" \/>\n<meta property=\"og:title\" content=\"MailChimp for WooCommerce - eMailing &amp; eMarketing\" \/>\n<meta property=\"og:description\" content=\"Extension WooCommerce gratuite pour venir connecter sa boutique WooCommerce \u00e0 la tr\u00e8s c\u00e9l\u00e8bre solution d&#039;envois d&#039;emails : MailChimp ! Ce plugin est parfaitement int\u00e9gr\u00e9 entre WooCommerce et MailChimp dans le but nous offrir le meilleur des deux mondes. Un outil bien pratique pour accro\u00eetre facilement son CA !\" \/>\n<meta property=\"og:url\" content=\"https:\/\/woo-themes-plugins.com\/fr\/produit\/mailchimp-for-woocommerce-emailing-emarketing-plugin-woocommerce\/\" \/>\n<meta property=\"og:site_name\" content=\"Woo-themes-plugins.com\" \/>\n<meta property=\"article:modified_time\" content=\"2018-04-26T16:32:34+00:00\" \/>\n<meta property=\"og:image\" content=\"https:\/\/woo-themes-plugins.com\/wp-content\/uploads\/sites\/7\/2018\/03\/woo-themes-plugins_woocommerce-mailchimp-woocommerce-emailing-plugin-woocommerce.jpg\" \/>\n\t<meta property=\"og:image:width\" content=\"900\" \/>\n\t<meta property=\"og:image:height\" content=\"900\" \/>\n\t<meta property=\"og:image:type\" content=\"image\/jpeg\" \/>\n<meta name=\"twitter:label1\" content=\"Dur\u00e9e de lecture estim\u00e9e\" \/>\n\t<meta name=\"twitter:data1\" content=\"1 minute\" \/>\n<script type=\"application\/ld+json\" class=\"yoast-schema-graph\">{\"@context\":\"https:\/\/schema.org\",\"@graph\":[{\"@type\":\"WebPage\",\"@id\":\"https:\/\/woo-themes-plugins.com\/fr\/produit\/mailchimp-for-woocommerce-emailing-emarketing-plugin-woocommerce\/\",\"url\":\"https:\/\/woo-themes-plugins.com\/fr\/produit\/mailchimp-for-woocommerce-emailing-emarketing-plugin-woocommerce\/\",\"name\":\"MailChimp for WooCommerce - eMailing & eMarketing\",\"isPartOf\":{\"@id\":\"https:\/\/woo-themes-plugins.com\/it\/#website\"},\"primaryImageOfPage\":{\"@id\":\"https:\/\/woo-themes-plugins.com\/fr\/produit\/mailchimp-for-woocommerce-emailing-emarketing-plugin-woocommerce\/#primaryimage\"},\"image\":{\"@id\":\"https:\/\/woo-themes-plugins.com\/fr\/produit\/mailchimp-for-woocommerce-emailing-emarketing-plugin-woocommerce\/#primaryimage\"},\"thumbnailUrl\":\"https:\/\/woo-themes-plugins.com\/wp-content\/uploads\/sites\/7\/2018\/03\/woo-themes-plugins_woocommerce-mailchimp-woocommerce-emailing-plugin-woocommerce.jpg\",\"datePublished\":\"2018-03-26T07:10:13+00:00\",\"dateModified\":\"2018-04-26T16:32:34+00:00\",\"description\":\"Extension WooCommerce gratuite pour venir connecter sa boutique WooCommerce \u00e0 la tr\u00e8s c\u00e9l\u00e8bre solution d'envois d'emails : MailChimp ! Ce plugin est parfaitement int\u00e9gr\u00e9 entre WooCommerce et MailChimp dans le but nous offrir le meilleur des deux mondes. Un outil bien pratique pour accro\u00eetre facilement son CA !\",\"breadcrumb\":{\"@id\":\"https:\/\/woo-themes-plugins.com\/fr\/produit\/mailchimp-for-woocommerce-emailing-emarketing-plugin-woocommerce\/#breadcrumb\"},\"inLanguage\":\"fr-FR\",\"potentialAction\":[{\"@type\":\"ReadAction\",\"target\":[\"https:\/\/woo-themes-plugins.com\/fr\/produit\/mailchimp-for-woocommerce-emailing-emarketing-plugin-woocommerce\/\"]}]},{\"@type\":\"ImageObject\",\"inLanguage\":\"fr-FR\",\"@id\":\"https:\/\/woo-themes-plugins.com\/fr\/produit\/mailchimp-for-woocommerce-emailing-emarketing-plugin-woocommerce\/#primaryimage\",\"url\":\"https:\/\/woo-themes-plugins.com\/wp-content\/uploads\/sites\/7\/2018\/03\/woo-themes-plugins_woocommerce-mailchimp-woocommerce-emailing-plugin-woocommerce.jpg\",\"contentUrl\":\"https:\/\/woo-themes-plugins.com\/wp-content\/uploads\/sites\/7\/2018\/03\/woo-themes-plugins_woocommerce-mailchimp-woocommerce-emailing-plugin-woocommerce.jpg\",\"width\":900,\"height\":900},{\"@type\":\"BreadcrumbList\",\"@id\":\"https:\/\/woo-themes-plugins.com\/fr\/produit\/mailchimp-for-woocommerce-emailing-emarketing-plugin-woocommerce\/#breadcrumb\",\"itemListElement\":[{\"@type\":\"ListItem\",\"position\":1,\"name\":\"Accueil\",\"item\":\"https:\/\/woo-themes-plugins.com\/fr\/\"},{\"@type\":\"ListItem\",\"position\":2,\"name\":\"Shop\",\"item\":\"https:\/\/woo-themes-plugins.com\/shop\/\"},{\"@type\":\"ListItem\",\"position\":3,\"name\":\"MailChimp for WooCommerce &#8211; eMailing &amp; eMarketing \u2013 Plugin WooCommerce\"}]},{\"@type\":\"WebSite\",\"@id\":\"https:\/\/woo-themes-plugins.com\/it\/#website\",\"url\":\"https:\/\/woo-themes-plugins.com\/it\/\",\"name\":\"Woo-themes-plugins.com\",\"description\":\"Tous les th\u00e8mes et plugins WooCommerce Premium\",\"potentialAction\":[{\"@type\":\"SearchAction\",\"target\":{\"@type\":\"EntryPoint\",\"urlTemplate\":\"https:\/\/woo-themes-plugins.com\/it\/?s={search_term_string}\"},\"query-input\":\"required name=search_term_string\"}],\"inLanguage\":\"fr-FR\"}]}<\/script>\n<!-- \/ Yoast SEO plugin. -->","yoast_head_json":{"title":"MailChimp for WooCommerce - eMailing & eMarketing","description":"Extension WooCommerce gratuite pour venir connecter sa boutique WooCommerce \u00e0 la tr\u00e8s c\u00e9l\u00e8bre solution d'envois d'emails : MailChimp ! Ce plugin est parfaitement int\u00e9gr\u00e9 entre WooCommerce et MailChimp dans le but nous offrir le meilleur des deux mondes. Un outil bien pratique pour accro\u00eetre facilement son CA !","robots":{"index":"index","follow":"follow","max-snippet":"max-snippet:-1","max-image-preview":"max-image-preview:large","max-video-preview":"max-video-preview:-1"},"canonical":"https:\/\/woo-themes-plugins.com\/fr\/produit\/mailchimp-for-woocommerce-emailing-emarketing-plugin-woocommerce\/","og_locale":"fr_FR","og_type":"article","og_title":"MailChimp for WooCommerce - eMailing & eMarketing","og_description":"Extension WooCommerce gratuite pour venir connecter sa boutique WooCommerce \u00e0 la tr\u00e8s c\u00e9l\u00e8bre solution d'envois d'emails : MailChimp ! Ce plugin est parfaitement int\u00e9gr\u00e9 entre WooCommerce et MailChimp dans le but nous offrir le meilleur des deux mondes. Un outil bien pratique pour accro\u00eetre facilement son CA !","og_url":"https:\/\/woo-themes-plugins.com\/fr\/produit\/mailchimp-for-woocommerce-emailing-emarketing-plugin-woocommerce\/","og_site_name":"Woo-themes-plugins.com","article_modified_time":"2018-04-26T16:32:34+00:00","og_image":[{"width":900,"height":900,"url":"https:\/\/woo-themes-plugins.com\/wp-content\/uploads\/sites\/7\/2018\/03\/woo-themes-plugins_woocommerce-mailchimp-woocommerce-emailing-plugin-woocommerce.jpg","type":"image\/jpeg"}],"twitter_misc":{"Dur\u00e9e de lecture estim\u00e9e":"1 minute"},"schema":{"@context":"https:\/\/schema.org","@graph":[{"@type":"WebPage","@id":"https:\/\/woo-themes-plugins.com\/fr\/produit\/mailchimp-for-woocommerce-emailing-emarketing-plugin-woocommerce\/","url":"https:\/\/woo-themes-plugins.com\/fr\/produit\/mailchimp-for-woocommerce-emailing-emarketing-plugin-woocommerce\/","name":"MailChimp for WooCommerce - eMailing & eMarketing","isPartOf":{"@id":"https:\/\/woo-themes-plugins.com\/it\/#website"},"primaryImageOfPage":{"@id":"https:\/\/woo-themes-plugins.com\/fr\/produit\/mailchimp-for-woocommerce-emailing-emarketing-plugin-woocommerce\/#primaryimage"},"image":{"@id":"https:\/\/woo-themes-plugins.com\/fr\/produit\/mailchimp-for-woocommerce-emailing-emarketing-plugin-woocommerce\/#primaryimage"},"thumbnailUrl":"https:\/\/woo-themes-plugins.com\/wp-content\/uploads\/sites\/7\/2018\/03\/woo-themes-plugins_woocommerce-mailchimp-woocommerce-emailing-plugin-woocommerce.jpg","datePublished":"2018-03-26T07:10:13+00:00","dateModified":"2018-04-26T16:32:34+00:00","description":"Extension WooCommerce gratuite pour venir connecter sa boutique WooCommerce \u00e0 la tr\u00e8s c\u00e9l\u00e8bre solution d'envois d'emails : MailChimp ! Ce plugin est parfaitement int\u00e9gr\u00e9 entre WooCommerce et MailChimp dans le but nous offrir le meilleur des deux mondes. Un outil bien pratique pour accro\u00eetre facilement son CA !","breadcrumb":{"@id":"https:\/\/woo-themes-plugins.com\/fr\/produit\/mailchimp-for-woocommerce-emailing-emarketing-plugin-woocommerce\/#breadcrumb"},"inLanguage":"fr-FR","potentialAction":[{"@type":"ReadAction","target":["https:\/\/woo-themes-plugins.com\/fr\/produit\/mailchimp-for-woocommerce-emailing-emarketing-plugin-woocommerce\/"]}]},{"@type":"ImageObject","inLanguage":"fr-FR","@id":"https:\/\/woo-themes-plugins.com\/fr\/produit\/mailchimp-for-woocommerce-emailing-emarketing-plugin-woocommerce\/#primaryimage","url":"https:\/\/woo-themes-plugins.com\/wp-content\/uploads\/sites\/7\/2018\/03\/woo-themes-plugins_woocommerce-mailchimp-woocommerce-emailing-plugin-woocommerce.jpg","contentUrl":"https:\/\/woo-themes-plugins.com\/wp-content\/uploads\/sites\/7\/2018\/03\/woo-themes-plugins_woocommerce-mailchimp-woocommerce-emailing-plugin-woocommerce.jpg","width":900,"height":900},{"@type":"BreadcrumbList","@id":"https:\/\/woo-themes-plugins.com\/fr\/produit\/mailchimp-for-woocommerce-emailing-emarketing-plugin-woocommerce\/#breadcrumb","itemListElement":[{"@type":"ListItem","position":1,"name":"Accueil","item":"https:\/\/woo-themes-plugins.com\/fr\/"},{"@type":"ListItem","position":2,"name":"Shop","item":"https:\/\/woo-themes-plugins.com\/shop\/"},{"@type":"ListItem","position":3,"name":"MailChimp for WooCommerce &#8211; eMailing &amp; eMarketing \u2013 Plugin WooCommerce"}]},{"@type":"WebSite","@id":"https:\/\/woo-themes-plugins.com\/it\/#website","url":"https:\/\/woo-themes-plugins.com\/it\/","name":"Woo-themes-plugins.com","description":"Tous les th\u00e8mes et plugins WooCommerce Premium","potentialAction":[{"@type":"SearchAction","target":{"@type":"EntryPoint","urlTemplate":"https:\/\/woo-themes-plugins.com\/it\/?s={search_term_string}"},"query-input":"required name=search_term_string"}],"inLanguage":"fr-FR"}]}},"_links":{"self":[{"href":"https:\/\/woo-themes-plugins.com\/fr\/wp-json\/wp\/v2\/product\/260","targetHints":{"allow":["GET"]}}],"collection":[{"href":"https:\/\/woo-themes-plugins.com\/fr\/wp-json\/wp\/v2\/product"}],"about":[{"href":"https:\/\/woo-themes-plugins.com\/fr\/wp-json\/wp\/v2\/types\/product"}],"wp:featuredmedia":[{"embeddable":true,"href":"https:\/\/woo-themes-plugins.com\/fr\/wp-json\/wp\/v2\/media\/2540"}],"wp:attachment":[{"href":"https:\/\/woo-themes-plugins.com\/fr\/wp-json\/wp\/v2\/media?parent=260"}],"wp:term":[{"taxonomy":"product_cat","embeddable":true,"href":"https:\/\/woo-themes-plugins.com\/fr\/wp-json\/wp\/v2\/product_cat?post=260"},{"taxonomy":"product_tag","embeddable":true,"href":"https:\/\/woo-themes-plugins.com\/fr\/wp-json\/wp\/v2\/product_tag?post=260"}],"curies":[{"name":"wp","href":"https:\/\/api.w.org\/{rel}","templated":true}]}}