{"id":261,"date":"2018-03-26T08:13:48","date_gmt":"2018-03-26T07:13:48","guid":{"rendered":"https:\/\/woo-themes-plugins.com\/?post_type=product&#038;p=261"},"modified":"2018-04-26T17:32:28","modified_gmt":"2018-04-26T16:32:28","slug":"paypal-pro-solution-paiement-woocommerce-plugin-woocommerce","status":"publish","type":"product","link":"https:\/\/woo-themes-plugins.com\/fr\/product\/paypal-pro-solution-paiement-woocommerce-plugin-woocommerce\/","title":{"rendered":"PayPal Pro &#8211; Solution Paiement WooCommerce \u2013 Plugin WooCommerce"},"content":{"rendered":"<p>Nous offrir la possibilit\u00e9 d&rsquo;acc\u00e9pter les cartes bancaires directement sur notre site WooCommerce, voila ce que permet <em>PaypPal Pro<\/em>, une extension WooCommerce bien int\u00e9ressante. Pour le dire autrement, durant la phase de commande, ton client mettra son num\u00e9ro de carte bancaire, et Paypal se charge de tout le reste. Cela conduira donc naturellement ton client \u00e0 rester sur ton site, m\u00eame au moment de payer. Beaucoup d&rsquo;\u00e9tudes dans le monde du eCommerce tendent \u00e0 d\u00e9montrer qu&rsquo;en faisant cela, l&rsquo;on vient \u00e0 r\u00e9duire significativement son taux d&rsquo;abandon panier.<\/p>\n<p>Cette extension WooCommerce supporte \u00e0 la fois Paypal Pro et Paypal Pro Pay Flow Editions.<\/p>\n","protected":false},"excerpt":{"rendered":"<p>Paypal est une super solution de paiement. Mais pour bien faire les choses, il faudrait que tes clients ne quittent jamais ton site, m\u00eame pour payer. Gr\u00e2ce au plugin <em>Paypal Pro<\/em> propos\u00e9 par WooCommerce, tu vas pouvoir int\u00e9grer le module de paiement Paypal directement sur ton site.<\/p>\n","protected":false},"featured_media":2548,"template":"","meta":{"_monsterinsights_skip_tracking":false,"_monsterinsights_sitenote_active":false,"_monsterinsights_sitenote_note":"","_monsterinsights_sitenote_category":0},"product_cat":[40],"product_tag":[56,41,72],"class_list":["post-261","product","type-product","status-publish","has-post-thumbnail","hentry","product_cat-plugin-woocommerce","product_tag-paypal-woocommerce","product_tag-solution-paiement-woocommerce","product_tag-tunnel-de-conversion-checkout-woocommerce","pa_dev-woo-plugin-theme-woocommerce","pa_marketplace-woocommerce-woocommerce-com"],"yoast_head":"<!-- This site is optimized with the Yoast SEO plugin v23.1 - https:\/\/yoast.com\/wordpress\/plugins\/seo\/ -->\n<title>PayPal Pro - Solution Paiement WooCommerce<\/title>\n<meta name=\"description\" content=\"Une extension WooCommerce qui va te permettre d&#039;acc\u00e9pter les cartes bancaires directement sur ton site. Ton client saisis son num\u00e9ro de carte bancaire sur ton site, et en dessous, Paypal s&#039;occupe de tout !\" \/>\n<meta name=\"robots\" content=\"index, follow, max-snippet:-1, max-image-preview:large, max-video-preview:-1\" \/>\n<link rel=\"canonical\" href=\"https:\/\/woo-themes-plugins.com\/fr\/produit\/paypal-pro-solution-paiement-woocommerce-plugin-woocommerce\/\" \/>\n<meta property=\"og:locale\" content=\"fr_FR\" \/>\n<meta property=\"og:type\" content=\"article\" \/>\n<meta property=\"og:title\" content=\"PayPal Pro - Solution Paiement WooCommerce\" \/>\n<meta property=\"og:description\" content=\"Une extension WooCommerce qui va te permettre d&#039;acc\u00e9pter les cartes bancaires directement sur ton site. Ton client saisis son num\u00e9ro de carte bancaire sur ton site, et en dessous, Paypal s&#039;occupe de tout !\" \/>\n<meta property=\"og:url\" content=\"https:\/\/woo-themes-plugins.com\/fr\/produit\/paypal-pro-solution-paiement-woocommerce-plugin-woocommerce\/\" \/>\n<meta property=\"og:site_name\" content=\"Woo-themes-plugins.com\" \/>\n<meta property=\"article:modified_time\" content=\"2018-04-26T16:32:28+00:00\" \/>\n<meta property=\"og:image\" content=\"https:\/\/woo-themes-plugins.com\/wp-content\/uploads\/sites\/7\/2018\/03\/woo-themes-plugins_woocommerce-paypal-pro-plugin-woocommerce.jpg\" \/>\n\t<meta property=\"og:image:width\" content=\"900\" \/>\n\t<meta property=\"og:image:height\" content=\"900\" \/>\n\t<meta property=\"og:image:type\" content=\"image\/jpeg\" \/>\n<meta name=\"twitter:label1\" content=\"Dur\u00e9e de lecture estim\u00e9e\" \/>\n\t<meta name=\"twitter:data1\" content=\"1 minute\" \/>\n<script type=\"application\/ld+json\" class=\"yoast-schema-graph\">{\"@context\":\"https:\/\/schema.org\",\"@graph\":[{\"@type\":\"WebPage\",\"@id\":\"https:\/\/woo-themes-plugins.com\/fr\/produit\/paypal-pro-solution-paiement-woocommerce-plugin-woocommerce\/\",\"url\":\"https:\/\/woo-themes-plugins.com\/fr\/produit\/paypal-pro-solution-paiement-woocommerce-plugin-woocommerce\/\",\"name\":\"PayPal Pro - Solution Paiement WooCommerce\",\"isPartOf\":{\"@id\":\"https:\/\/woo-themes-plugins.com\/it\/#website\"},\"primaryImageOfPage\":{\"@id\":\"https:\/\/woo-themes-plugins.com\/fr\/produit\/paypal-pro-solution-paiement-woocommerce-plugin-woocommerce\/#primaryimage\"},\"image\":{\"@id\":\"https:\/\/woo-themes-plugins.com\/fr\/produit\/paypal-pro-solution-paiement-woocommerce-plugin-woocommerce\/#primaryimage\"},\"thumbnailUrl\":\"https:\/\/woo-themes-plugins.com\/wp-content\/uploads\/sites\/7\/2018\/03\/woo-themes-plugins_woocommerce-paypal-pro-plugin-woocommerce.jpg\",\"datePublished\":\"2018-03-26T07:13:48+00:00\",\"dateModified\":\"2018-04-26T16:32:28+00:00\",\"description\":\"Une extension WooCommerce qui va te permettre d'acc\u00e9pter les cartes bancaires directement sur ton site. Ton client saisis son num\u00e9ro de carte bancaire sur ton site, et en dessous, Paypal s'occupe de tout !\",\"breadcrumb\":{\"@id\":\"https:\/\/woo-themes-plugins.com\/fr\/produit\/paypal-pro-solution-paiement-woocommerce-plugin-woocommerce\/#breadcrumb\"},\"inLanguage\":\"fr-FR\",\"potentialAction\":[{\"@type\":\"ReadAction\",\"target\":[\"https:\/\/woo-themes-plugins.com\/fr\/produit\/paypal-pro-solution-paiement-woocommerce-plugin-woocommerce\/\"]}]},{\"@type\":\"ImageObject\",\"inLanguage\":\"fr-FR\",\"@id\":\"https:\/\/woo-themes-plugins.com\/fr\/produit\/paypal-pro-solution-paiement-woocommerce-plugin-woocommerce\/#primaryimage\",\"url\":\"https:\/\/woo-themes-plugins.com\/wp-content\/uploads\/sites\/7\/2018\/03\/woo-themes-plugins_woocommerce-paypal-pro-plugin-woocommerce.jpg\",\"contentUrl\":\"https:\/\/woo-themes-plugins.com\/wp-content\/uploads\/sites\/7\/2018\/03\/woo-themes-plugins_woocommerce-paypal-pro-plugin-woocommerce.jpg\",\"width\":900,\"height\":900},{\"@type\":\"BreadcrumbList\",\"@id\":\"https:\/\/woo-themes-plugins.com\/fr\/produit\/paypal-pro-solution-paiement-woocommerce-plugin-woocommerce\/#breadcrumb\",\"itemListElement\":[{\"@type\":\"ListItem\",\"position\":1,\"name\":\"Accueil\",\"item\":\"https:\/\/woo-themes-plugins.com\/fr\/\"},{\"@type\":\"ListItem\",\"position\":2,\"name\":\"Shop\",\"item\":\"https:\/\/woo-themes-plugins.com\/shop\/\"},{\"@type\":\"ListItem\",\"position\":3,\"name\":\"PayPal Pro &#8211; Solution Paiement WooCommerce \u2013 Plugin WooCommerce\"}]},{\"@type\":\"WebSite\",\"@id\":\"https:\/\/woo-themes-plugins.com\/it\/#website\",\"url\":\"https:\/\/woo-themes-plugins.com\/it\/\",\"name\":\"Woo-themes-plugins.com\",\"description\":\"Tous les th\u00e8mes et plugins WooCommerce Premium\",\"potentialAction\":[{\"@type\":\"SearchAction\",\"target\":{\"@type\":\"EntryPoint\",\"urlTemplate\":\"https:\/\/woo-themes-plugins.com\/it\/?s={search_term_string}\"},\"query-input\":\"required name=search_term_string\"}],\"inLanguage\":\"fr-FR\"}]}<\/script>\n<!-- \/ Yoast SEO plugin. -->","yoast_head_json":{"title":"PayPal Pro - Solution Paiement WooCommerce","description":"Une extension WooCommerce qui va te permettre d'acc\u00e9pter les cartes bancaires directement sur ton site. Ton client saisis son num\u00e9ro de carte bancaire sur ton site, et en dessous, Paypal s'occupe de tout !","robots":{"index":"index","follow":"follow","max-snippet":"max-snippet:-1","max-image-preview":"max-image-preview:large","max-video-preview":"max-video-preview:-1"},"canonical":"https:\/\/woo-themes-plugins.com\/fr\/produit\/paypal-pro-solution-paiement-woocommerce-plugin-woocommerce\/","og_locale":"fr_FR","og_type":"article","og_title":"PayPal Pro - Solution Paiement WooCommerce","og_description":"Une extension WooCommerce qui va te permettre d'acc\u00e9pter les cartes bancaires directement sur ton site. Ton client saisis son num\u00e9ro de carte bancaire sur ton site, et en dessous, Paypal s'occupe de tout !","og_url":"https:\/\/woo-themes-plugins.com\/fr\/produit\/paypal-pro-solution-paiement-woocommerce-plugin-woocommerce\/","og_site_name":"Woo-themes-plugins.com","article_modified_time":"2018-04-26T16:32:28+00:00","og_image":[{"width":900,"height":900,"url":"https:\/\/woo-themes-plugins.com\/wp-content\/uploads\/sites\/7\/2018\/03\/woo-themes-plugins_woocommerce-paypal-pro-plugin-woocommerce.jpg","type":"image\/jpeg"}],"twitter_misc":{"Dur\u00e9e de lecture estim\u00e9e":"1 minute"},"schema":{"@context":"https:\/\/schema.org","@graph":[{"@type":"WebPage","@id":"https:\/\/woo-themes-plugins.com\/fr\/produit\/paypal-pro-solution-paiement-woocommerce-plugin-woocommerce\/","url":"https:\/\/woo-themes-plugins.com\/fr\/produit\/paypal-pro-solution-paiement-woocommerce-plugin-woocommerce\/","name":"PayPal Pro - Solution Paiement WooCommerce","isPartOf":{"@id":"https:\/\/woo-themes-plugins.com\/it\/#website"},"primaryImageOfPage":{"@id":"https:\/\/woo-themes-plugins.com\/fr\/produit\/paypal-pro-solution-paiement-woocommerce-plugin-woocommerce\/#primaryimage"},"image":{"@id":"https:\/\/woo-themes-plugins.com\/fr\/produit\/paypal-pro-solution-paiement-woocommerce-plugin-woocommerce\/#primaryimage"},"thumbnailUrl":"https:\/\/woo-themes-plugins.com\/wp-content\/uploads\/sites\/7\/2018\/03\/woo-themes-plugins_woocommerce-paypal-pro-plugin-woocommerce.jpg","datePublished":"2018-03-26T07:13:48+00:00","dateModified":"2018-04-26T16:32:28+00:00","description":"Une extension WooCommerce qui va te permettre d'acc\u00e9pter les cartes bancaires directement sur ton site. Ton client saisis son num\u00e9ro de carte bancaire sur ton site, et en dessous, Paypal s'occupe de tout !","breadcrumb":{"@id":"https:\/\/woo-themes-plugins.com\/fr\/produit\/paypal-pro-solution-paiement-woocommerce-plugin-woocommerce\/#breadcrumb"},"inLanguage":"fr-FR","potentialAction":[{"@type":"ReadAction","target":["https:\/\/woo-themes-plugins.com\/fr\/produit\/paypal-pro-solution-paiement-woocommerce-plugin-woocommerce\/"]}]},{"@type":"ImageObject","inLanguage":"fr-FR","@id":"https:\/\/woo-themes-plugins.com\/fr\/produit\/paypal-pro-solution-paiement-woocommerce-plugin-woocommerce\/#primaryimage","url":"https:\/\/woo-themes-plugins.com\/wp-content\/uploads\/sites\/7\/2018\/03\/woo-themes-plugins_woocommerce-paypal-pro-plugin-woocommerce.jpg","contentUrl":"https:\/\/woo-themes-plugins.com\/wp-content\/uploads\/sites\/7\/2018\/03\/woo-themes-plugins_woocommerce-paypal-pro-plugin-woocommerce.jpg","width":900,"height":900},{"@type":"BreadcrumbList","@id":"https:\/\/woo-themes-plugins.com\/fr\/produit\/paypal-pro-solution-paiement-woocommerce-plugin-woocommerce\/#breadcrumb","itemListElement":[{"@type":"ListItem","position":1,"name":"Accueil","item":"https:\/\/woo-themes-plugins.com\/fr\/"},{"@type":"ListItem","position":2,"name":"Shop","item":"https:\/\/woo-themes-plugins.com\/shop\/"},{"@type":"ListItem","position":3,"name":"PayPal Pro &#8211; Solution Paiement WooCommerce \u2013 Plugin WooCommerce"}]},{"@type":"WebSite","@id":"https:\/\/woo-themes-plugins.com\/it\/#website","url":"https:\/\/woo-themes-plugins.com\/it\/","name":"Woo-themes-plugins.com","description":"Tous les th\u00e8mes et plugins WooCommerce Premium","potentialAction":[{"@type":"SearchAction","target":{"@type":"EntryPoint","urlTemplate":"https:\/\/woo-themes-plugins.com\/it\/?s={search_term_string}"},"query-input":"required name=search_term_string"}],"inLanguage":"fr-FR"}]}},"_links":{"self":[{"href":"https:\/\/woo-themes-plugins.com\/fr\/wp-json\/wp\/v2\/product\/261","targetHints":{"allow":["GET"]}}],"collection":[{"href":"https:\/\/woo-themes-plugins.com\/fr\/wp-json\/wp\/v2\/product"}],"about":[{"href":"https:\/\/woo-themes-plugins.com\/fr\/wp-json\/wp\/v2\/types\/product"}],"wp:featuredmedia":[{"embeddable":true,"href":"https:\/\/woo-themes-plugins.com\/fr\/wp-json\/wp\/v2\/media\/2548"}],"wp:attachment":[{"href":"https:\/\/woo-themes-plugins.com\/fr\/wp-json\/wp\/v2\/media?parent=261"}],"wp:term":[{"taxonomy":"product_cat","embeddable":true,"href":"https:\/\/woo-themes-plugins.com\/fr\/wp-json\/wp\/v2\/product_cat?post=261"},{"taxonomy":"product_tag","embeddable":true,"href":"https:\/\/woo-themes-plugins.com\/fr\/wp-json\/wp\/v2\/product_tag?post=261"}],"curies":[{"name":"wp","href":"https:\/\/api.w.org\/{rel}","templated":true}]}}