{"id":262,"date":"2018-03-26T08:17:21","date_gmt":"2018-03-26T07:17:21","guid":{"rendered":"https:\/\/woo-themes-plugins.com\/?post_type=product&#038;p=262"},"modified":"2018-04-26T17:32:20","modified_gmt":"2018-04-26T16:32:20","slug":"smart-coupons-gestion-des-reductions-credits-et-cartes-cadeaux-plugin-woocommerce","status":"publish","type":"product","link":"https:\/\/woo-themes-plugins.com\/fr\/product\/smart-coupons-gestion-des-reductions-credits-et-cartes-cadeaux-plugin-woocommerce\/","title":{"rendered":"Smart Coupons &#8211; Gestion des R\u00e9ductions, Cr\u00e9dits et Cartes Cadeaux &#8211; Plugin WooCommerce"},"content":{"rendered":"<p>Tout \u00e0 chacun appr\u00e9cie d&rsquo;en avoir plus pour le m\u00eame prix. C&rsquo;est pour cette raison qu&rsquo;un plugin WooCommerce comme <em>Smart Coupons <\/em>peut v\u00e9ritable faire d\u00e9coller tes ventes en proposant r\u00e9ductions et frais de port offerts.<\/p>\n<p>Plut\u00f4t que de te faire une liste de fonctionnalit\u00e9s, d\u00e9couvrons ce plugin WooCommerce d&rsquo;une mani\u00e8re plus pragmatique : qu&rsquo;est-il r\u00e9ellement en mesure de faire !<\/p>\n<ul>\n<li>G\u00e9n\u00e9ration automatique de r\u00e9duction group\u00e9<\/li>\n<li>Conditionner l&rsquo;obtention d&rsquo;une r\u00e9duction \u00e0 l&rsquo;achat d&rsquo;un autre produit<\/li>\n<li>Cr\u00e9ation d&rsquo;un solde sur le site<\/li>\n<li>Cr\u00e9ation de certificat de bon cadeaux sur le site<\/li>\n<li>R\u00e9duction activable au clic (plus besoin de code)<\/li>\n<li>URL d\u00e9di\u00e9e aux coupons de r\u00e9ductions<\/li>\n<li>Design des coupons de r\u00e9duction travaill\u00e9<\/li>\n<\/ul>\n<p>Avec plus de 10 000 boutiques utilisant quotidiennement <em>Smart Coupons<\/em>, nous sommes certain d&rsquo;avoir \u00e0 faire avec un plugin fonctionnel et bien test\u00e9.<\/p>\n","protected":false},"excerpt":{"rendered":"<p>Envie de passer au niveau sup\u00e9rieur en mati\u00e8re de gestion des r\u00e9ductions sur ton site WooCommerce ? Besoin d&rsquo;impl\u00e9menter un syst\u00e8me de carte cadeau virtuelle sur ton site ?\u00a0 <em>Smart Coupons <\/em>est le plugin WooCommerce que tu recherchais partout.<\/p>\n","protected":false},"featured_media":2840,"template":"","meta":{"_monsterinsights_skip_tracking":false,"_monsterinsights_sitenote_active":false,"_monsterinsights_sitenote_note":"","_monsterinsights_sitenote_category":0},"product_cat":[40],"product_tag":[83,69,121,63,71],"class_list":["post-262","product","type-product","status-publish","has-post-thumbnail","hentry","product_cat-plugin-woocommerce","product_tag-carte-cadeau-woocommerce","product_tag-gerer-prix-woocommerce","product_tag-plugin-theme-woocommerce-indispensable","product_tag-produit-woocommerce-produit-groupe-produit-complementaire","product_tag-promotions-reductions-woocommerce","pa_dev-woo-plugin-theme-storeapps","pa_marketplace-woocommerce-woocommerce-com"],"yoast_head":"<!-- This site is optimized with the Yoast SEO plugin v23.1 - https:\/\/yoast.com\/wordpress\/plugins\/seo\/ -->\n<title>Smart Coupons - R\u00e9ductions, Cr\u00e9dits et Cartes Cadeaux WooCommerce<\/title>\n<meta name=\"description\" content=\"Smart Coupons est une extension WooCommerce qui va te permettre de g\u00e9n\u00e9rer des coupons de r\u00e9duction bas\u00e9s sur des r\u00e9glages fins et \u00e9volu\u00e9s. Ce plugin WooCommerce permet \u00e9galement de g\u00e9rer les avoirs clients ainsi qu&#039;une carte cadeau pour ton site WooCommerce.\" \/>\n<meta name=\"robots\" content=\"index, follow, max-snippet:-1, max-image-preview:large, max-video-preview:-1\" \/>\n<link rel=\"canonical\" href=\"https:\/\/woo-themes-plugins.com\/fr\/produit\/smart-coupons-gestion-des-reductions-credits-et-cartes-cadeaux-plugin-woocommerce\/\" \/>\n<meta property=\"og:locale\" content=\"fr_FR\" \/>\n<meta property=\"og:type\" content=\"article\" \/>\n<meta property=\"og:title\" content=\"Smart Coupons - R\u00e9ductions, Cr\u00e9dits et Cartes Cadeaux WooCommerce\" \/>\n<meta property=\"og:description\" content=\"Smart Coupons est une extension WooCommerce qui va te permettre de g\u00e9n\u00e9rer des coupons de r\u00e9duction bas\u00e9s sur des r\u00e9glages fins et \u00e9volu\u00e9s. Ce plugin WooCommerce permet \u00e9galement de g\u00e9rer les avoirs clients ainsi qu&#039;une carte cadeau pour ton site WooCommerce.\" \/>\n<meta property=\"og:url\" content=\"https:\/\/woo-themes-plugins.com\/fr\/produit\/smart-coupons-gestion-des-reductions-credits-et-cartes-cadeaux-plugin-woocommerce\/\" \/>\n<meta property=\"og:site_name\" content=\"Woo-themes-plugins.com\" \/>\n<meta property=\"article:modified_time\" content=\"2018-04-26T16:32:20+00:00\" \/>\n<meta property=\"og:image\" content=\"https:\/\/woo-themes-plugins.com\/wp-content\/uploads\/sites\/7\/2018\/03\/woo-themes-plugins_woocommerce-smart-coupons-plugin-woocommerce.jpg\" \/>\n\t<meta property=\"og:image:width\" content=\"900\" \/>\n\t<meta property=\"og:image:height\" content=\"900\" \/>\n\t<meta property=\"og:image:type\" content=\"image\/jpeg\" \/>\n<meta name=\"twitter:label1\" content=\"Dur\u00e9e de lecture estim\u00e9e\" \/>\n\t<meta name=\"twitter:data1\" content=\"1 minute\" \/>\n<script type=\"application\/ld+json\" class=\"yoast-schema-graph\">{\"@context\":\"https:\/\/schema.org\",\"@graph\":[{\"@type\":\"WebPage\",\"@id\":\"https:\/\/woo-themes-plugins.com\/fr\/produit\/smart-coupons-gestion-des-reductions-credits-et-cartes-cadeaux-plugin-woocommerce\/\",\"url\":\"https:\/\/woo-themes-plugins.com\/fr\/produit\/smart-coupons-gestion-des-reductions-credits-et-cartes-cadeaux-plugin-woocommerce\/\",\"name\":\"Smart Coupons - R\u00e9ductions, Cr\u00e9dits et Cartes Cadeaux WooCommerce\",\"isPartOf\":{\"@id\":\"https:\/\/woo-themes-plugins.com\/it\/#website\"},\"primaryImageOfPage\":{\"@id\":\"https:\/\/woo-themes-plugins.com\/fr\/produit\/smart-coupons-gestion-des-reductions-credits-et-cartes-cadeaux-plugin-woocommerce\/#primaryimage\"},\"image\":{\"@id\":\"https:\/\/woo-themes-plugins.com\/fr\/produit\/smart-coupons-gestion-des-reductions-credits-et-cartes-cadeaux-plugin-woocommerce\/#primaryimage\"},\"thumbnailUrl\":\"https:\/\/woo-themes-plugins.com\/wp-content\/uploads\/sites\/7\/2018\/03\/woo-themes-plugins_woocommerce-smart-coupons-plugin-woocommerce.jpg\",\"datePublished\":\"2018-03-26T07:17:21+00:00\",\"dateModified\":\"2018-04-26T16:32:20+00:00\",\"description\":\"Smart Coupons est une extension WooCommerce qui va te permettre de g\u00e9n\u00e9rer des coupons de r\u00e9duction bas\u00e9s sur des r\u00e9glages fins et \u00e9volu\u00e9s. Ce plugin WooCommerce permet \u00e9galement de g\u00e9rer les avoirs clients ainsi qu'une carte cadeau pour ton site WooCommerce.\",\"breadcrumb\":{\"@id\":\"https:\/\/woo-themes-plugins.com\/fr\/produit\/smart-coupons-gestion-des-reductions-credits-et-cartes-cadeaux-plugin-woocommerce\/#breadcrumb\"},\"inLanguage\":\"fr-FR\",\"potentialAction\":[{\"@type\":\"ReadAction\",\"target\":[\"https:\/\/woo-themes-plugins.com\/fr\/produit\/smart-coupons-gestion-des-reductions-credits-et-cartes-cadeaux-plugin-woocommerce\/\"]}]},{\"@type\":\"ImageObject\",\"inLanguage\":\"fr-FR\",\"@id\":\"https:\/\/woo-themes-plugins.com\/fr\/produit\/smart-coupons-gestion-des-reductions-credits-et-cartes-cadeaux-plugin-woocommerce\/#primaryimage\",\"url\":\"https:\/\/woo-themes-plugins.com\/wp-content\/uploads\/sites\/7\/2018\/03\/woo-themes-plugins_woocommerce-smart-coupons-plugin-woocommerce.jpg\",\"contentUrl\":\"https:\/\/woo-themes-plugins.com\/wp-content\/uploads\/sites\/7\/2018\/03\/woo-themes-plugins_woocommerce-smart-coupons-plugin-woocommerce.jpg\",\"width\":900,\"height\":900},{\"@type\":\"BreadcrumbList\",\"@id\":\"https:\/\/woo-themes-plugins.com\/fr\/produit\/smart-coupons-gestion-des-reductions-credits-et-cartes-cadeaux-plugin-woocommerce\/#breadcrumb\",\"itemListElement\":[{\"@type\":\"ListItem\",\"position\":1,\"name\":\"Accueil\",\"item\":\"https:\/\/woo-themes-plugins.com\/fr\/\"},{\"@type\":\"ListItem\",\"position\":2,\"name\":\"Shop\",\"item\":\"https:\/\/woo-themes-plugins.com\/shop\/\"},{\"@type\":\"ListItem\",\"position\":3,\"name\":\"Smart Coupons &#8211; Gestion des R\u00e9ductions, Cr\u00e9dits et Cartes Cadeaux &#8211; Plugin WooCommerce\"}]},{\"@type\":\"WebSite\",\"@id\":\"https:\/\/woo-themes-plugins.com\/it\/#website\",\"url\":\"https:\/\/woo-themes-plugins.com\/it\/\",\"name\":\"Woo-themes-plugins.com\",\"description\":\"Tous les th\u00e8mes et plugins WooCommerce Premium\",\"potentialAction\":[{\"@type\":\"SearchAction\",\"target\":{\"@type\":\"EntryPoint\",\"urlTemplate\":\"https:\/\/woo-themes-plugins.com\/it\/?s={search_term_string}\"},\"query-input\":\"required name=search_term_string\"}],\"inLanguage\":\"fr-FR\"}]}<\/script>\n<!-- \/ Yoast SEO plugin. -->","yoast_head_json":{"title":"Smart Coupons - R\u00e9ductions, Cr\u00e9dits et Cartes Cadeaux WooCommerce","description":"Smart Coupons est une extension WooCommerce qui va te permettre de g\u00e9n\u00e9rer des coupons de r\u00e9duction bas\u00e9s sur des r\u00e9glages fins et \u00e9volu\u00e9s. Ce plugin WooCommerce permet \u00e9galement de g\u00e9rer les avoirs clients ainsi qu'une carte cadeau pour ton site WooCommerce.","robots":{"index":"index","follow":"follow","max-snippet":"max-snippet:-1","max-image-preview":"max-image-preview:large","max-video-preview":"max-video-preview:-1"},"canonical":"https:\/\/woo-themes-plugins.com\/fr\/produit\/smart-coupons-gestion-des-reductions-credits-et-cartes-cadeaux-plugin-woocommerce\/","og_locale":"fr_FR","og_type":"article","og_title":"Smart Coupons - R\u00e9ductions, Cr\u00e9dits et Cartes Cadeaux WooCommerce","og_description":"Smart Coupons est une extension WooCommerce qui va te permettre de g\u00e9n\u00e9rer des coupons de r\u00e9duction bas\u00e9s sur des r\u00e9glages fins et \u00e9volu\u00e9s. Ce plugin WooCommerce permet \u00e9galement de g\u00e9rer les avoirs clients ainsi qu'une carte cadeau pour ton site WooCommerce.","og_url":"https:\/\/woo-themes-plugins.com\/fr\/produit\/smart-coupons-gestion-des-reductions-credits-et-cartes-cadeaux-plugin-woocommerce\/","og_site_name":"Woo-themes-plugins.com","article_modified_time":"2018-04-26T16:32:20+00:00","og_image":[{"width":900,"height":900,"url":"https:\/\/woo-themes-plugins.com\/wp-content\/uploads\/sites\/7\/2018\/03\/woo-themes-plugins_woocommerce-smart-coupons-plugin-woocommerce.jpg","type":"image\/jpeg"}],"twitter_misc":{"Dur\u00e9e de lecture estim\u00e9e":"1 minute"},"schema":{"@context":"https:\/\/schema.org","@graph":[{"@type":"WebPage","@id":"https:\/\/woo-themes-plugins.com\/fr\/produit\/smart-coupons-gestion-des-reductions-credits-et-cartes-cadeaux-plugin-woocommerce\/","url":"https:\/\/woo-themes-plugins.com\/fr\/produit\/smart-coupons-gestion-des-reductions-credits-et-cartes-cadeaux-plugin-woocommerce\/","name":"Smart Coupons - R\u00e9ductions, Cr\u00e9dits et Cartes Cadeaux WooCommerce","isPartOf":{"@id":"https:\/\/woo-themes-plugins.com\/it\/#website"},"primaryImageOfPage":{"@id":"https:\/\/woo-themes-plugins.com\/fr\/produit\/smart-coupons-gestion-des-reductions-credits-et-cartes-cadeaux-plugin-woocommerce\/#primaryimage"},"image":{"@id":"https:\/\/woo-themes-plugins.com\/fr\/produit\/smart-coupons-gestion-des-reductions-credits-et-cartes-cadeaux-plugin-woocommerce\/#primaryimage"},"thumbnailUrl":"https:\/\/woo-themes-plugins.com\/wp-content\/uploads\/sites\/7\/2018\/03\/woo-themes-plugins_woocommerce-smart-coupons-plugin-woocommerce.jpg","datePublished":"2018-03-26T07:17:21+00:00","dateModified":"2018-04-26T16:32:20+00:00","description":"Smart Coupons est une extension WooCommerce qui va te permettre de g\u00e9n\u00e9rer des coupons de r\u00e9duction bas\u00e9s sur des r\u00e9glages fins et \u00e9volu\u00e9s. Ce plugin WooCommerce permet \u00e9galement de g\u00e9rer les avoirs clients ainsi qu'une carte cadeau pour ton site WooCommerce.","breadcrumb":{"@id":"https:\/\/woo-themes-plugins.com\/fr\/produit\/smart-coupons-gestion-des-reductions-credits-et-cartes-cadeaux-plugin-woocommerce\/#breadcrumb"},"inLanguage":"fr-FR","potentialAction":[{"@type":"ReadAction","target":["https:\/\/woo-themes-plugins.com\/fr\/produit\/smart-coupons-gestion-des-reductions-credits-et-cartes-cadeaux-plugin-woocommerce\/"]}]},{"@type":"ImageObject","inLanguage":"fr-FR","@id":"https:\/\/woo-themes-plugins.com\/fr\/produit\/smart-coupons-gestion-des-reductions-credits-et-cartes-cadeaux-plugin-woocommerce\/#primaryimage","url":"https:\/\/woo-themes-plugins.com\/wp-content\/uploads\/sites\/7\/2018\/03\/woo-themes-plugins_woocommerce-smart-coupons-plugin-woocommerce.jpg","contentUrl":"https:\/\/woo-themes-plugins.com\/wp-content\/uploads\/sites\/7\/2018\/03\/woo-themes-plugins_woocommerce-smart-coupons-plugin-woocommerce.jpg","width":900,"height":900},{"@type":"BreadcrumbList","@id":"https:\/\/woo-themes-plugins.com\/fr\/produit\/smart-coupons-gestion-des-reductions-credits-et-cartes-cadeaux-plugin-woocommerce\/#breadcrumb","itemListElement":[{"@type":"ListItem","position":1,"name":"Accueil","item":"https:\/\/woo-themes-plugins.com\/fr\/"},{"@type":"ListItem","position":2,"name":"Shop","item":"https:\/\/woo-themes-plugins.com\/shop\/"},{"@type":"ListItem","position":3,"name":"Smart Coupons &#8211; Gestion des R\u00e9ductions, Cr\u00e9dits et Cartes Cadeaux &#8211; Plugin WooCommerce"}]},{"@type":"WebSite","@id":"https:\/\/woo-themes-plugins.com\/it\/#website","url":"https:\/\/woo-themes-plugins.com\/it\/","name":"Woo-themes-plugins.com","description":"Tous les th\u00e8mes et plugins WooCommerce Premium","potentialAction":[{"@type":"SearchAction","target":{"@type":"EntryPoint","urlTemplate":"https:\/\/woo-themes-plugins.com\/it\/?s={search_term_string}"},"query-input":"required name=search_term_string"}],"inLanguage":"fr-FR"}]}},"_links":{"self":[{"href":"https:\/\/woo-themes-plugins.com\/fr\/wp-json\/wp\/v2\/product\/262","targetHints":{"allow":["GET"]}}],"collection":[{"href":"https:\/\/woo-themes-plugins.com\/fr\/wp-json\/wp\/v2\/product"}],"about":[{"href":"https:\/\/woo-themes-plugins.com\/fr\/wp-json\/wp\/v2\/types\/product"}],"wp:featuredmedia":[{"embeddable":true,"href":"https:\/\/woo-themes-plugins.com\/fr\/wp-json\/wp\/v2\/media\/2840"}],"wp:attachment":[{"href":"https:\/\/woo-themes-plugins.com\/fr\/wp-json\/wp\/v2\/media?parent=262"}],"wp:term":[{"taxonomy":"product_cat","embeddable":true,"href":"https:\/\/woo-themes-plugins.com\/fr\/wp-json\/wp\/v2\/product_cat?post=262"},{"taxonomy":"product_tag","embeddable":true,"href":"https:\/\/woo-themes-plugins.com\/fr\/wp-json\/wp\/v2\/product_tag?post=262"}],"curies":[{"name":"wp","href":"https:\/\/api.w.org\/{rel}","templated":true}]}}