{"id":264,"date":"2018-03-26T08:24:53","date_gmt":"2018-03-26T07:24:53","guid":{"rendered":"https:\/\/woo-themes-plugins.com\/?post_type=product&#038;p=264"},"modified":"2018-04-26T17:32:05","modified_gmt":"2018-04-26T16:32:05","slug":"authorize-net-cim-solution-paiement-woocommerce-plugin-woocommerce","status":"publish","type":"product","link":"https:\/\/woo-themes-plugins.com\/fr\/product\/authorize-net-cim-solution-paiement-woocommerce-plugin-woocommerce\/","title":{"rendered":"Authorize.Net CIM &#8211; Solution Paiement WooCommerce \u2013 Plugin WooCommerce"},"content":{"rendered":"<p>Gr\u00e2ce \u00e0 ce plugin WooCommerce, ta boutique va \u00eatre en mesure d&rsquo;accepter les paiements par cartes bancaires ! Le syst\u00e8me de passerelle bancaire utilis\u00e9e est celui d&rsquo;Authorize.net, dans sa version AIM. L&rsquo;extension de paiement par carte bancaire <em>authorize.net <\/em>pour WooCommerce va cr\u00e9er une exp\u00e9rience utilisateur compl\u00e8tement int\u00e9gr\u00e9 \u00e0 ton propre site de eCommerce. Plus besoin pour tes clients de sortir de ton site pour payer. Ce plugin s&rsquo;appuie sur le script JavaScript <em>Accept.js<\/em>.<\/p>\n<p>La version AIM du plugin WooCommerc <em>authorize.net<\/em> nous offre cette possibilit\u00e9 de conserver notre client sur le site, plut\u00f4t que de le renvoyer sur le site de la banque. Pour cela, la pr\u00e9sence obligatoire d&rsquo;un certificat SSL sur la partie checkout de ton site WooCommerce est indispensable. N&rsquo;importe quel <a href=\"https:\/\/hebergement-wp.info\/comparatif-hebergements-woocommerce\/\" target=\"_blank\" rel=\"noopener\"><strong>bon h\u00e9bergement WooCommerce<\/strong><\/a> te le permettra.<\/p>\n","protected":false},"excerpt":{"rendered":"<p>SkyVerge te propose ce plugin de paiement bancaire s\u00e9curis\u00e9 qui te permettra de mettre en place la solution de paiement <em>Authorize.net<\/em> en version CIM directement sur ton site de eCommerce WooCommerce, sur la page de paiement de ton site ! La version CIM d&rsquo;Authorize.net te permet d&rsquo;utiliser les services de ce dernier de mani\u00e8re pouss\u00e9.<\/p>\n","protected":false},"featured_media":2572,"template":"","meta":{"_monsterinsights_skip_tracking":false,"_monsterinsights_sitenote_active":false,"_monsterinsights_sitenote_note":"","_monsterinsights_sitenote_category":0},"product_cat":[40],"product_tag":[61,41],"class_list":["post-264","product","type-product","status-publish","has-post-thumbnail","hentry","product_cat-plugin-woocommerce","product_tag-authorize-net-woocommerce","product_tag-solution-paiement-woocommerce","pa_dev-woo-plugin-theme-skyverge","pa_marketplace-woocommerce-woocommerce-com"],"yoast_head":"<!-- This site is optimized with the Yoast SEO plugin v23.1 - https:\/\/yoast.com\/wordpress\/plugins\/seo\/ -->\n<title>Authorize.Net CIM - Plugin Cartes Bancaires WooCommerce<\/title>\n<meta name=\"description\" content=\"Le plugin officiel WooCommerce pour la gestion de la solution de paiement Authorize.net dans sa version AIM Gr\u00e2ce \u00e0 cette extension WooCommerce, accepte les paiements par cartes bancaires directement sur ton site de eCommerce, fini l&#039;envoi du client sur le site de la banque pour payer !\" \/>\n<meta name=\"robots\" content=\"index, follow, max-snippet:-1, max-image-preview:large, max-video-preview:-1\" \/>\n<link rel=\"canonical\" href=\"https:\/\/woo-themes-plugins.com\/fr\/produit\/authorize-net-cim-solution-paiement-woocommerce-plugin-woocommerce\/\" \/>\n<meta property=\"og:locale\" content=\"fr_FR\" \/>\n<meta property=\"og:type\" content=\"article\" \/>\n<meta property=\"og:title\" content=\"Authorize.Net CIM - Plugin Cartes Bancaires WooCommerce\" \/>\n<meta property=\"og:description\" content=\"Le plugin officiel WooCommerce pour la gestion de la solution de paiement Authorize.net dans sa version AIM Gr\u00e2ce \u00e0 cette extension WooCommerce, accepte les paiements par cartes bancaires directement sur ton site de eCommerce, fini l&#039;envoi du client sur le site de la banque pour payer !\" \/>\n<meta property=\"og:url\" content=\"https:\/\/woo-themes-plugins.com\/fr\/produit\/authorize-net-cim-solution-paiement-woocommerce-plugin-woocommerce\/\" \/>\n<meta property=\"og:site_name\" content=\"Woo-themes-plugins.com\" \/>\n<meta property=\"article:modified_time\" content=\"2018-04-26T16:32:05+00:00\" \/>\n<meta property=\"og:image\" content=\"https:\/\/woo-themes-plugins.com\/wp-content\/uploads\/sites\/7\/2018\/03\/woo-themes-plugins_woocommerce-authorize-net-cim-plugin-woocommerce.jpg\" \/>\n\t<meta property=\"og:image:width\" content=\"900\" \/>\n\t<meta property=\"og:image:height\" content=\"900\" \/>\n\t<meta property=\"og:image:type\" content=\"image\/jpeg\" \/>\n<meta name=\"twitter:label1\" content=\"Dur\u00e9e de lecture estim\u00e9e\" \/>\n\t<meta name=\"twitter:data1\" content=\"1 minute\" \/>\n<script type=\"application\/ld+json\" class=\"yoast-schema-graph\">{\"@context\":\"https:\/\/schema.org\",\"@graph\":[{\"@type\":\"WebPage\",\"@id\":\"https:\/\/woo-themes-plugins.com\/fr\/produit\/authorize-net-cim-solution-paiement-woocommerce-plugin-woocommerce\/\",\"url\":\"https:\/\/woo-themes-plugins.com\/fr\/produit\/authorize-net-cim-solution-paiement-woocommerce-plugin-woocommerce\/\",\"name\":\"Authorize.Net CIM - Plugin Cartes Bancaires WooCommerce\",\"isPartOf\":{\"@id\":\"https:\/\/woo-themes-plugins.com\/it\/#website\"},\"primaryImageOfPage\":{\"@id\":\"https:\/\/woo-themes-plugins.com\/fr\/produit\/authorize-net-cim-solution-paiement-woocommerce-plugin-woocommerce\/#primaryimage\"},\"image\":{\"@id\":\"https:\/\/woo-themes-plugins.com\/fr\/produit\/authorize-net-cim-solution-paiement-woocommerce-plugin-woocommerce\/#primaryimage\"},\"thumbnailUrl\":\"https:\/\/woo-themes-plugins.com\/wp-content\/uploads\/sites\/7\/2018\/03\/woo-themes-plugins_woocommerce-authorize-net-cim-plugin-woocommerce.jpg\",\"datePublished\":\"2018-03-26T07:24:53+00:00\",\"dateModified\":\"2018-04-26T16:32:05+00:00\",\"description\":\"Le plugin officiel WooCommerce pour la gestion de la solution de paiement Authorize.net dans sa version AIM Gr\u00e2ce \u00e0 cette extension WooCommerce, accepte les paiements par cartes bancaires directement sur ton site de eCommerce, fini l'envoi du client sur le site de la banque pour payer !\",\"breadcrumb\":{\"@id\":\"https:\/\/woo-themes-plugins.com\/fr\/produit\/authorize-net-cim-solution-paiement-woocommerce-plugin-woocommerce\/#breadcrumb\"},\"inLanguage\":\"fr-FR\",\"potentialAction\":[{\"@type\":\"ReadAction\",\"target\":[\"https:\/\/woo-themes-plugins.com\/fr\/produit\/authorize-net-cim-solution-paiement-woocommerce-plugin-woocommerce\/\"]}]},{\"@type\":\"ImageObject\",\"inLanguage\":\"fr-FR\",\"@id\":\"https:\/\/woo-themes-plugins.com\/fr\/produit\/authorize-net-cim-solution-paiement-woocommerce-plugin-woocommerce\/#primaryimage\",\"url\":\"https:\/\/woo-themes-plugins.com\/wp-content\/uploads\/sites\/7\/2018\/03\/woo-themes-plugins_woocommerce-authorize-net-cim-plugin-woocommerce.jpg\",\"contentUrl\":\"https:\/\/woo-themes-plugins.com\/wp-content\/uploads\/sites\/7\/2018\/03\/woo-themes-plugins_woocommerce-authorize-net-cim-plugin-woocommerce.jpg\",\"width\":900,\"height\":900},{\"@type\":\"BreadcrumbList\",\"@id\":\"https:\/\/woo-themes-plugins.com\/fr\/produit\/authorize-net-cim-solution-paiement-woocommerce-plugin-woocommerce\/#breadcrumb\",\"itemListElement\":[{\"@type\":\"ListItem\",\"position\":1,\"name\":\"Accueil\",\"item\":\"https:\/\/woo-themes-plugins.com\/fr\/\"},{\"@type\":\"ListItem\",\"position\":2,\"name\":\"Shop\",\"item\":\"https:\/\/woo-themes-plugins.com\/shop\/\"},{\"@type\":\"ListItem\",\"position\":3,\"name\":\"Authorize.Net CIM &#8211; Solution Paiement WooCommerce \u2013 Plugin WooCommerce\"}]},{\"@type\":\"WebSite\",\"@id\":\"https:\/\/woo-themes-plugins.com\/it\/#website\",\"url\":\"https:\/\/woo-themes-plugins.com\/it\/\",\"name\":\"Woo-themes-plugins.com\",\"description\":\"Tous les th\u00e8mes et plugins WooCommerce Premium\",\"potentialAction\":[{\"@type\":\"SearchAction\",\"target\":{\"@type\":\"EntryPoint\",\"urlTemplate\":\"https:\/\/woo-themes-plugins.com\/it\/?s={search_term_string}\"},\"query-input\":\"required name=search_term_string\"}],\"inLanguage\":\"fr-FR\"}]}<\/script>\n<!-- \/ Yoast SEO plugin. -->","yoast_head_json":{"title":"Authorize.Net CIM - Plugin Cartes Bancaires WooCommerce","description":"Le plugin officiel WooCommerce pour la gestion de la solution de paiement Authorize.net dans sa version AIM Gr\u00e2ce \u00e0 cette extension WooCommerce, accepte les paiements par cartes bancaires directement sur ton site de eCommerce, fini l'envoi du client sur le site de la banque pour payer !","robots":{"index":"index","follow":"follow","max-snippet":"max-snippet:-1","max-image-preview":"max-image-preview:large","max-video-preview":"max-video-preview:-1"},"canonical":"https:\/\/woo-themes-plugins.com\/fr\/produit\/authorize-net-cim-solution-paiement-woocommerce-plugin-woocommerce\/","og_locale":"fr_FR","og_type":"article","og_title":"Authorize.Net CIM - Plugin Cartes Bancaires WooCommerce","og_description":"Le plugin officiel WooCommerce pour la gestion de la solution de paiement Authorize.net dans sa version AIM Gr\u00e2ce \u00e0 cette extension WooCommerce, accepte les paiements par cartes bancaires directement sur ton site de eCommerce, fini l'envoi du client sur le site de la banque pour payer !","og_url":"https:\/\/woo-themes-plugins.com\/fr\/produit\/authorize-net-cim-solution-paiement-woocommerce-plugin-woocommerce\/","og_site_name":"Woo-themes-plugins.com","article_modified_time":"2018-04-26T16:32:05+00:00","og_image":[{"width":900,"height":900,"url":"https:\/\/woo-themes-plugins.com\/wp-content\/uploads\/sites\/7\/2018\/03\/woo-themes-plugins_woocommerce-authorize-net-cim-plugin-woocommerce.jpg","type":"image\/jpeg"}],"twitter_misc":{"Dur\u00e9e de lecture estim\u00e9e":"1 minute"},"schema":{"@context":"https:\/\/schema.org","@graph":[{"@type":"WebPage","@id":"https:\/\/woo-themes-plugins.com\/fr\/produit\/authorize-net-cim-solution-paiement-woocommerce-plugin-woocommerce\/","url":"https:\/\/woo-themes-plugins.com\/fr\/produit\/authorize-net-cim-solution-paiement-woocommerce-plugin-woocommerce\/","name":"Authorize.Net CIM - Plugin Cartes Bancaires WooCommerce","isPartOf":{"@id":"https:\/\/woo-themes-plugins.com\/it\/#website"},"primaryImageOfPage":{"@id":"https:\/\/woo-themes-plugins.com\/fr\/produit\/authorize-net-cim-solution-paiement-woocommerce-plugin-woocommerce\/#primaryimage"},"image":{"@id":"https:\/\/woo-themes-plugins.com\/fr\/produit\/authorize-net-cim-solution-paiement-woocommerce-plugin-woocommerce\/#primaryimage"},"thumbnailUrl":"https:\/\/woo-themes-plugins.com\/wp-content\/uploads\/sites\/7\/2018\/03\/woo-themes-plugins_woocommerce-authorize-net-cim-plugin-woocommerce.jpg","datePublished":"2018-03-26T07:24:53+00:00","dateModified":"2018-04-26T16:32:05+00:00","description":"Le plugin officiel WooCommerce pour la gestion de la solution de paiement Authorize.net dans sa version AIM Gr\u00e2ce \u00e0 cette extension WooCommerce, accepte les paiements par cartes bancaires directement sur ton site de eCommerce, fini l'envoi du client sur le site de la banque pour payer !","breadcrumb":{"@id":"https:\/\/woo-themes-plugins.com\/fr\/produit\/authorize-net-cim-solution-paiement-woocommerce-plugin-woocommerce\/#breadcrumb"},"inLanguage":"fr-FR","potentialAction":[{"@type":"ReadAction","target":["https:\/\/woo-themes-plugins.com\/fr\/produit\/authorize-net-cim-solution-paiement-woocommerce-plugin-woocommerce\/"]}]},{"@type":"ImageObject","inLanguage":"fr-FR","@id":"https:\/\/woo-themes-plugins.com\/fr\/produit\/authorize-net-cim-solution-paiement-woocommerce-plugin-woocommerce\/#primaryimage","url":"https:\/\/woo-themes-plugins.com\/wp-content\/uploads\/sites\/7\/2018\/03\/woo-themes-plugins_woocommerce-authorize-net-cim-plugin-woocommerce.jpg","contentUrl":"https:\/\/woo-themes-plugins.com\/wp-content\/uploads\/sites\/7\/2018\/03\/woo-themes-plugins_woocommerce-authorize-net-cim-plugin-woocommerce.jpg","width":900,"height":900},{"@type":"BreadcrumbList","@id":"https:\/\/woo-themes-plugins.com\/fr\/produit\/authorize-net-cim-solution-paiement-woocommerce-plugin-woocommerce\/#breadcrumb","itemListElement":[{"@type":"ListItem","position":1,"name":"Accueil","item":"https:\/\/woo-themes-plugins.com\/fr\/"},{"@type":"ListItem","position":2,"name":"Shop","item":"https:\/\/woo-themes-plugins.com\/shop\/"},{"@type":"ListItem","position":3,"name":"Authorize.Net CIM &#8211; Solution Paiement WooCommerce \u2013 Plugin WooCommerce"}]},{"@type":"WebSite","@id":"https:\/\/woo-themes-plugins.com\/it\/#website","url":"https:\/\/woo-themes-plugins.com\/it\/","name":"Woo-themes-plugins.com","description":"Tous les th\u00e8mes et plugins WooCommerce Premium","potentialAction":[{"@type":"SearchAction","target":{"@type":"EntryPoint","urlTemplate":"https:\/\/woo-themes-plugins.com\/it\/?s={search_term_string}"},"query-input":"required name=search_term_string"}],"inLanguage":"fr-FR"}]}},"_links":{"self":[{"href":"https:\/\/woo-themes-plugins.com\/fr\/wp-json\/wp\/v2\/product\/264","targetHints":{"allow":["GET"]}}],"collection":[{"href":"https:\/\/woo-themes-plugins.com\/fr\/wp-json\/wp\/v2\/product"}],"about":[{"href":"https:\/\/woo-themes-plugins.com\/fr\/wp-json\/wp\/v2\/types\/product"}],"wp:featuredmedia":[{"embeddable":true,"href":"https:\/\/woo-themes-plugins.com\/fr\/wp-json\/wp\/v2\/media\/2572"}],"wp:attachment":[{"href":"https:\/\/woo-themes-plugins.com\/fr\/wp-json\/wp\/v2\/media?parent=264"}],"wp:term":[{"taxonomy":"product_cat","embeddable":true,"href":"https:\/\/woo-themes-plugins.com\/fr\/wp-json\/wp\/v2\/product_cat?post=264"},{"taxonomy":"product_tag","embeddable":true,"href":"https:\/\/woo-themes-plugins.com\/fr\/wp-json\/wp\/v2\/product_tag?post=264"}],"curies":[{"name":"wp","href":"https:\/\/api.w.org\/{rel}","templated":true}]}}