{"id":265,"date":"2018-03-26T08:26:30","date_gmt":"2018-03-26T07:26:30","guid":{"rendered":"https:\/\/woo-themes-plugins.com\/?post_type=product&#038;p=265"},"modified":"2018-04-26T17:31:43","modified_gmt":"2018-04-26T16:31:43","slug":"table-rate-shipping-plugin-suivi-livraison-plugin-woocommerce","status":"publish","type":"product","link":"https:\/\/woo-themes-plugins.com\/fr\/product\/table-rate-shipping-plugin-suivi-livraison-plugin-woocommerce\/","title":{"rendered":"Shipment Tracking &#8211; Plugin Suivi Livraison &#8211; Plugin WooCommerce"},"content":{"rendered":"<p><em>Shipment Tracking <\/em>est une extension WooCommerce qui va te permettre d&rsquo;ajouter des informations de suivi de livraison directement dans tes commandes clients. Gr\u00e2ce \u00e0 ce plugin WooCommerce, tu vas pouvoir informer ton client sur les modalit\u00e9s de suivi de ses exp\u00e9ditions directement dans ton interface de gestion WooCommerce, tr\u00e8s facilement. Une fois que tu auras donn\u00e9 toutes informations n\u00e9cessaires au bon suivi de cette exp\u00e9dition, L&rsquo;information sera alors dupliqu\u00e9e sur les emails, la page de suivi des commandes pour le client et l&rsquo;administrateur du site, mais aussi dans la section commandes du compte client.<\/p>\n<p>Bien entendu, cette extension de suivi des exp\u00e9ditions est 100% personnalisable. Pour nous faire gagner du temps cependant, quelques fournisseurs sont mis par d\u00e9faut comme la poste Canadienne, SAPO, City Link, DHL, DPD, Royal Mail, TNT, UPS&#8230;<\/p>\n","protected":false},"excerpt":{"rendered":"<p>Offrir le suivi de ses exp\u00e9ditions est en soit pas bien complexe. La plupart du temps, nous nous reposons en fait sur le service de notre livreur. Mais encore faut-il \u00eatre en mesure de faire parvenir simplement le num\u00e9ro de suivi et le lien pour suivre l&rsquo;avanc\u00e9 de la livraison client en ligne. Ce plugin propos\u00e9 par WooCommerce va te permettre d&rsquo;ajouter un num\u00e9ro de suivi de tes exp\u00e9ditions directement dans tes commandes clients. Cool.<\/p>\n","protected":false},"featured_media":2580,"template":"","meta":{"_monsterinsights_skip_tracking":false,"_monsterinsights_sitenote_active":false,"_monsterinsights_sitenote_note":"","_monsterinsights_sitenote_category":0},"product_cat":[40],"product_tag":[85,55],"class_list":["post-265","product","type-product","status-publish","has-post-thumbnail","hentry","product_cat-plugin-woocommerce","product_tag-commandes-client-woocommerce","product_tag-livraison-woocommerce","pa_dev-woo-plugin-theme-woocommerce","pa_marketplace-woocommerce-woocommerce-com"],"yoast_head":"<!-- This site is optimized with the Yoast SEO plugin v23.1 - https:\/\/yoast.com\/wordpress\/plugins\/seo\/ -->\n<title>Shipment Tracking - Plugin Suivi Livraison - Plugin WooCommerce<\/title>\n<meta name=\"description\" content=\"Int\u00e9grer directement dans ses commandes WooCommerce le suivi des exp\u00e9ditions, voici ce que propose l&#039;extension WooCommerce &quot;Shipment Tracking&quot;. Gr\u00e2ce \u00e0 ce plugin WooCommerce, indique ton num\u00e9ro de suivi et il sera envoy\u00e9 au client et appara\u00eetra dans son interface de suivi de commandes.\" \/>\n<meta name=\"robots\" content=\"index, follow, max-snippet:-1, max-image-preview:large, max-video-preview:-1\" \/>\n<link rel=\"canonical\" href=\"https:\/\/woo-themes-plugins.com\/fr\/produit\/table-rate-shipping-plugin-suivi-livraison-plugin-woocommerce\/\" \/>\n<meta property=\"og:locale\" content=\"fr_FR\" \/>\n<meta property=\"og:type\" content=\"article\" \/>\n<meta property=\"og:title\" content=\"Shipment Tracking - Plugin Suivi Livraison - Plugin WooCommerce\" \/>\n<meta property=\"og:description\" content=\"Int\u00e9grer directement dans ses commandes WooCommerce le suivi des exp\u00e9ditions, voici ce que propose l&#039;extension WooCommerce &quot;Shipment Tracking&quot;. Gr\u00e2ce \u00e0 ce plugin WooCommerce, indique ton num\u00e9ro de suivi et il sera envoy\u00e9 au client et appara\u00eetra dans son interface de suivi de commandes.\" \/>\n<meta property=\"og:url\" content=\"https:\/\/woo-themes-plugins.com\/fr\/produit\/table-rate-shipping-plugin-suivi-livraison-plugin-woocommerce\/\" \/>\n<meta property=\"og:site_name\" content=\"Woo-themes-plugins.com\" \/>\n<meta property=\"article:modified_time\" content=\"2018-04-26T16:31:43+00:00\" \/>\n<meta property=\"og:image\" content=\"https:\/\/woo-themes-plugins.com\/wp-content\/uploads\/sites\/7\/2018\/03\/woo-themes-plugins_woocommerce-table-rate-shipping-plugin-woocommerce-1.jpg\" \/>\n\t<meta property=\"og:image:width\" content=\"900\" \/>\n\t<meta property=\"og:image:height\" content=\"900\" \/>\n\t<meta property=\"og:image:type\" content=\"image\/jpeg\" \/>\n<meta name=\"twitter:label1\" content=\"Dur\u00e9e de lecture estim\u00e9e\" \/>\n\t<meta name=\"twitter:data1\" content=\"1 minute\" \/>\n<script type=\"application\/ld+json\" class=\"yoast-schema-graph\">{\"@context\":\"https:\/\/schema.org\",\"@graph\":[{\"@type\":\"WebPage\",\"@id\":\"https:\/\/woo-themes-plugins.com\/fr\/produit\/table-rate-shipping-plugin-suivi-livraison-plugin-woocommerce\/\",\"url\":\"https:\/\/woo-themes-plugins.com\/fr\/produit\/table-rate-shipping-plugin-suivi-livraison-plugin-woocommerce\/\",\"name\":\"Shipment Tracking - Plugin Suivi Livraison - Plugin WooCommerce\",\"isPartOf\":{\"@id\":\"https:\/\/woo-themes-plugins.com\/it\/#website\"},\"primaryImageOfPage\":{\"@id\":\"https:\/\/woo-themes-plugins.com\/fr\/produit\/table-rate-shipping-plugin-suivi-livraison-plugin-woocommerce\/#primaryimage\"},\"image\":{\"@id\":\"https:\/\/woo-themes-plugins.com\/fr\/produit\/table-rate-shipping-plugin-suivi-livraison-plugin-woocommerce\/#primaryimage\"},\"thumbnailUrl\":\"https:\/\/woo-themes-plugins.com\/wp-content\/uploads\/sites\/7\/2018\/03\/woo-themes-plugins_woocommerce-table-rate-shipping-plugin-woocommerce-1.jpg\",\"datePublished\":\"2018-03-26T07:26:30+00:00\",\"dateModified\":\"2018-04-26T16:31:43+00:00\",\"description\":\"Int\u00e9grer directement dans ses commandes WooCommerce le suivi des exp\u00e9ditions, voici ce que propose l'extension WooCommerce \\\"Shipment Tracking\\\". Gr\u00e2ce \u00e0 ce plugin WooCommerce, indique ton num\u00e9ro de suivi et il sera envoy\u00e9 au client et appara\u00eetra dans son interface de suivi de commandes.\",\"breadcrumb\":{\"@id\":\"https:\/\/woo-themes-plugins.com\/fr\/produit\/table-rate-shipping-plugin-suivi-livraison-plugin-woocommerce\/#breadcrumb\"},\"inLanguage\":\"fr-FR\",\"potentialAction\":[{\"@type\":\"ReadAction\",\"target\":[\"https:\/\/woo-themes-plugins.com\/fr\/produit\/table-rate-shipping-plugin-suivi-livraison-plugin-woocommerce\/\"]}]},{\"@type\":\"ImageObject\",\"inLanguage\":\"fr-FR\",\"@id\":\"https:\/\/woo-themes-plugins.com\/fr\/produit\/table-rate-shipping-plugin-suivi-livraison-plugin-woocommerce\/#primaryimage\",\"url\":\"https:\/\/woo-themes-plugins.com\/wp-content\/uploads\/sites\/7\/2018\/03\/woo-themes-plugins_woocommerce-table-rate-shipping-plugin-woocommerce-1.jpg\",\"contentUrl\":\"https:\/\/woo-themes-plugins.com\/wp-content\/uploads\/sites\/7\/2018\/03\/woo-themes-plugins_woocommerce-table-rate-shipping-plugin-woocommerce-1.jpg\",\"width\":900,\"height\":900},{\"@type\":\"BreadcrumbList\",\"@id\":\"https:\/\/woo-themes-plugins.com\/fr\/produit\/table-rate-shipping-plugin-suivi-livraison-plugin-woocommerce\/#breadcrumb\",\"itemListElement\":[{\"@type\":\"ListItem\",\"position\":1,\"name\":\"Accueil\",\"item\":\"https:\/\/woo-themes-plugins.com\/fr\/\"},{\"@type\":\"ListItem\",\"position\":2,\"name\":\"Shop\",\"item\":\"https:\/\/woo-themes-plugins.com\/shop\/\"},{\"@type\":\"ListItem\",\"position\":3,\"name\":\"Shipment Tracking &#8211; Plugin Suivi Livraison &#8211; Plugin WooCommerce\"}]},{\"@type\":\"WebSite\",\"@id\":\"https:\/\/woo-themes-plugins.com\/it\/#website\",\"url\":\"https:\/\/woo-themes-plugins.com\/it\/\",\"name\":\"Woo-themes-plugins.com\",\"description\":\"Tous les th\u00e8mes et plugins WooCommerce Premium\",\"potentialAction\":[{\"@type\":\"SearchAction\",\"target\":{\"@type\":\"EntryPoint\",\"urlTemplate\":\"https:\/\/woo-themes-plugins.com\/it\/?s={search_term_string}\"},\"query-input\":\"required name=search_term_string\"}],\"inLanguage\":\"fr-FR\"}]}<\/script>\n<!-- \/ Yoast SEO plugin. -->","yoast_head_json":{"title":"Shipment Tracking - Plugin Suivi Livraison - Plugin WooCommerce","description":"Int\u00e9grer directement dans ses commandes WooCommerce le suivi des exp\u00e9ditions, voici ce que propose l'extension WooCommerce \"Shipment Tracking\". Gr\u00e2ce \u00e0 ce plugin WooCommerce, indique ton num\u00e9ro de suivi et il sera envoy\u00e9 au client et appara\u00eetra dans son interface de suivi de commandes.","robots":{"index":"index","follow":"follow","max-snippet":"max-snippet:-1","max-image-preview":"max-image-preview:large","max-video-preview":"max-video-preview:-1"},"canonical":"https:\/\/woo-themes-plugins.com\/fr\/produit\/table-rate-shipping-plugin-suivi-livraison-plugin-woocommerce\/","og_locale":"fr_FR","og_type":"article","og_title":"Shipment Tracking - Plugin Suivi Livraison - Plugin WooCommerce","og_description":"Int\u00e9grer directement dans ses commandes WooCommerce le suivi des exp\u00e9ditions, voici ce que propose l'extension WooCommerce \"Shipment Tracking\". Gr\u00e2ce \u00e0 ce plugin WooCommerce, indique ton num\u00e9ro de suivi et il sera envoy\u00e9 au client et appara\u00eetra dans son interface de suivi de commandes.","og_url":"https:\/\/woo-themes-plugins.com\/fr\/produit\/table-rate-shipping-plugin-suivi-livraison-plugin-woocommerce\/","og_site_name":"Woo-themes-plugins.com","article_modified_time":"2018-04-26T16:31:43+00:00","og_image":[{"width":900,"height":900,"url":"https:\/\/woo-themes-plugins.com\/wp-content\/uploads\/sites\/7\/2018\/03\/woo-themes-plugins_woocommerce-table-rate-shipping-plugin-woocommerce-1.jpg","type":"image\/jpeg"}],"twitter_misc":{"Dur\u00e9e de lecture estim\u00e9e":"1 minute"},"schema":{"@context":"https:\/\/schema.org","@graph":[{"@type":"WebPage","@id":"https:\/\/woo-themes-plugins.com\/fr\/produit\/table-rate-shipping-plugin-suivi-livraison-plugin-woocommerce\/","url":"https:\/\/woo-themes-plugins.com\/fr\/produit\/table-rate-shipping-plugin-suivi-livraison-plugin-woocommerce\/","name":"Shipment Tracking - Plugin Suivi Livraison - Plugin WooCommerce","isPartOf":{"@id":"https:\/\/woo-themes-plugins.com\/it\/#website"},"primaryImageOfPage":{"@id":"https:\/\/woo-themes-plugins.com\/fr\/produit\/table-rate-shipping-plugin-suivi-livraison-plugin-woocommerce\/#primaryimage"},"image":{"@id":"https:\/\/woo-themes-plugins.com\/fr\/produit\/table-rate-shipping-plugin-suivi-livraison-plugin-woocommerce\/#primaryimage"},"thumbnailUrl":"https:\/\/woo-themes-plugins.com\/wp-content\/uploads\/sites\/7\/2018\/03\/woo-themes-plugins_woocommerce-table-rate-shipping-plugin-woocommerce-1.jpg","datePublished":"2018-03-26T07:26:30+00:00","dateModified":"2018-04-26T16:31:43+00:00","description":"Int\u00e9grer directement dans ses commandes WooCommerce le suivi des exp\u00e9ditions, voici ce que propose l'extension WooCommerce \"Shipment Tracking\". Gr\u00e2ce \u00e0 ce plugin WooCommerce, indique ton num\u00e9ro de suivi et il sera envoy\u00e9 au client et appara\u00eetra dans son interface de suivi de commandes.","breadcrumb":{"@id":"https:\/\/woo-themes-plugins.com\/fr\/produit\/table-rate-shipping-plugin-suivi-livraison-plugin-woocommerce\/#breadcrumb"},"inLanguage":"fr-FR","potentialAction":[{"@type":"ReadAction","target":["https:\/\/woo-themes-plugins.com\/fr\/produit\/table-rate-shipping-plugin-suivi-livraison-plugin-woocommerce\/"]}]},{"@type":"ImageObject","inLanguage":"fr-FR","@id":"https:\/\/woo-themes-plugins.com\/fr\/produit\/table-rate-shipping-plugin-suivi-livraison-plugin-woocommerce\/#primaryimage","url":"https:\/\/woo-themes-plugins.com\/wp-content\/uploads\/sites\/7\/2018\/03\/woo-themes-plugins_woocommerce-table-rate-shipping-plugin-woocommerce-1.jpg","contentUrl":"https:\/\/woo-themes-plugins.com\/wp-content\/uploads\/sites\/7\/2018\/03\/woo-themes-plugins_woocommerce-table-rate-shipping-plugin-woocommerce-1.jpg","width":900,"height":900},{"@type":"BreadcrumbList","@id":"https:\/\/woo-themes-plugins.com\/fr\/produit\/table-rate-shipping-plugin-suivi-livraison-plugin-woocommerce\/#breadcrumb","itemListElement":[{"@type":"ListItem","position":1,"name":"Accueil","item":"https:\/\/woo-themes-plugins.com\/fr\/"},{"@type":"ListItem","position":2,"name":"Shop","item":"https:\/\/woo-themes-plugins.com\/shop\/"},{"@type":"ListItem","position":3,"name":"Shipment Tracking &#8211; Plugin Suivi Livraison &#8211; Plugin WooCommerce"}]},{"@type":"WebSite","@id":"https:\/\/woo-themes-plugins.com\/it\/#website","url":"https:\/\/woo-themes-plugins.com\/it\/","name":"Woo-themes-plugins.com","description":"Tous les th\u00e8mes et plugins WooCommerce Premium","potentialAction":[{"@type":"SearchAction","target":{"@type":"EntryPoint","urlTemplate":"https:\/\/woo-themes-plugins.com\/it\/?s={search_term_string}"},"query-input":"required name=search_term_string"}],"inLanguage":"fr-FR"}]}},"_links":{"self":[{"href":"https:\/\/woo-themes-plugins.com\/fr\/wp-json\/wp\/v2\/product\/265","targetHints":{"allow":["GET"]}}],"collection":[{"href":"https:\/\/woo-themes-plugins.com\/fr\/wp-json\/wp\/v2\/product"}],"about":[{"href":"https:\/\/woo-themes-plugins.com\/fr\/wp-json\/wp\/v2\/types\/product"}],"wp:featuredmedia":[{"embeddable":true,"href":"https:\/\/woo-themes-plugins.com\/fr\/wp-json\/wp\/v2\/media\/2580"}],"wp:attachment":[{"href":"https:\/\/woo-themes-plugins.com\/fr\/wp-json\/wp\/v2\/media?parent=265"}],"wp:term":[{"taxonomy":"product_cat","embeddable":true,"href":"https:\/\/woo-themes-plugins.com\/fr\/wp-json\/wp\/v2\/product_cat?post=265"},{"taxonomy":"product_tag","embeddable":true,"href":"https:\/\/woo-themes-plugins.com\/fr\/wp-json\/wp\/v2\/product_tag?post=265"}],"curies":[{"name":"wp","href":"https:\/\/api.w.org\/{rel}","templated":true}]}}