{"id":266,"date":"2018-03-26T08:58:43","date_gmt":"2018-03-26T07:58:43","guid":{"rendered":"https:\/\/woo-themes-plugins.com\/?post_type=product&#038;p=266"},"modified":"2018-04-26T17:31:36","modified_gmt":"2018-04-26T16:31:36","slug":"woocommerce-bookings-plugin-reservation-plugin-woocommerce","status":"publish","type":"product","link":"https:\/\/woo-themes-plugins.com\/fr\/product\/woocommerce-bookings-plugin-reservation-plugin-woocommerce\/","title":{"rendered":"WooCommerce Bookings \u2013 Plugin R\u00e9servation \u2013 Plugin WooCommerce"},"content":{"rendered":"<p>WooCommerce Bookings est une extension WooCommerce qui vient carr\u00e9ment ajouter un nouveau type de produit ! Ce produit, c&rsquo;est du temps. Avec cette extension WooCommerce, tu vas pouvoir aussi bien vendre des tranches de temps, que des journ\u00e9es enti\u00e8res. Un plugin va \u00eatre tr\u00e8s vite aim\u00e9 par tous ceux voulant mettre sur pied un site WooCommerce de r\u00e9servation d&rsquo;h\u00f4tel, de camping, un site pour un garagiste, un plombier, un m\u00e9decin, un site de location automobile, de location de bien touristiques&#8230; du moment que tu as du temps \u00e0 vendre, c&rsquo;est ce plugin WooCommerce qu&rsquo;il te faut !<\/p>\n<p>WooCommerce Bookings est un plugin qui vient ajouter de nombreuses fonctionnalit\u00e9s, toutes li\u00e9es \u00e0 la gestion d&rsquo;un produit temporel. Ainsi, nous avons acc\u00e8s \u00e0 la possibilit\u00e9 de d\u00e9finir des jours et des dates fixes ou de laisser le client choisir, une possibilit\u00e9 de mise \u00e0 jour de ses disponibilit\u00e9s en mode <em>expresse<\/em>, de faire des r\u00e9servations de groupe, de cr\u00e9er des r\u00e9servations manuelles directement dans l&rsquo;interface d&rsquo;administration dont l&rsquo;information se r\u00e9percute tout de suite sur les disponibilit\u00e9s offertes sur votre site WooCommerce, notification par email, d\u00e9finition d&rsquo;une politique tarifaire en fonction des horaires&#8230; Les possibilit\u00e9s offertes par ce plugin WooCommerce de gestion des r\u00e9servations est tr\u00e8s vaste.<\/p>\n<p>Pour te faire un avis plus complet sur les possibilit\u00e9s offertes par cette extension, une d\u00e9mo sur la page de t\u00e9l\u00e9chargement est accessible.<\/p>\n","protected":false},"excerpt":{"rendered":"<p>Le temps, c&rsquo;est de l&rsquo;argent. Avec ce plugin WooCommerce de gestion des r\u00e9servations, il va t&rsquo;\u00eatre possible de le vendre. Que ce soit pour un site de gestion des rendez-vous, des services ou encore de locations, voila un plugin d\u00e9velopp\u00e9 par WooCommerce qui va t&rsquo;\u00eatre indispensable rapidement.<\/p>\n","protected":false},"featured_media":2588,"template":"","meta":{"_monsterinsights_skip_tracking":false,"_monsterinsights_sitenote_active":false,"_monsterinsights_sitenote_note":"","_monsterinsights_sitenote_category":0},"product_cat":[40],"product_tag":[121,90,91],"class_list":["post-266","product","type-product","status-publish","has-post-thumbnail","hentry","product_cat-plugin-woocommerce","product_tag-plugin-theme-woocommerce-indispensable","product_tag-location-reservation-woocommerce","product_tag-vente-services-woocommerce","pa_dev-woo-plugin-theme-woocommerce","pa_marketplace-woocommerce-woocommerce-com"],"yoast_head":"<!-- This site is optimized with the Yoast SEO plugin v23.1 - https:\/\/yoast.com\/wordpress\/plugins\/seo\/ -->\n<title>WooCommerce Bookings \u2013 Plugin R\u00e9servation \u2013 Plugin WooCommerce - Woo-themes-plugins.com<\/title>\n<meta name=\"robots\" content=\"index, follow, max-snippet:-1, max-image-preview:large, max-video-preview:-1\" \/>\n<link rel=\"canonical\" href=\"https:\/\/woo-themes-plugins.com\/fr\/produit\/woocommerce-bookings-plugin-reservation-plugin-woocommerce\/\" \/>\n<meta property=\"og:locale\" content=\"fr_FR\" \/>\n<meta property=\"og:type\" content=\"article\" \/>\n<meta property=\"og:title\" content=\"WooCommerce Bookings \u2013 Plugin R\u00e9servation \u2013 Plugin WooCommerce - Woo-themes-plugins.com\" \/>\n<meta property=\"og:description\" content=\"Le temps, c&#039;est de l&#039;argent. Avec ce plugin WooCommerce de gestion des r\u00e9servations, il va t&#039;\u00eatre possible de le vendre. Que ce soit pour un site de gestion des rendez-vous, des services ou encore de locations, voila un plugin d\u00e9velopp\u00e9 par WooCommerce qui va t&#039;\u00eatre indispensable rapidement.\" \/>\n<meta property=\"og:url\" content=\"https:\/\/woo-themes-plugins.com\/fr\/produit\/woocommerce-bookings-plugin-reservation-plugin-woocommerce\/\" \/>\n<meta property=\"og:site_name\" content=\"Woo-themes-plugins.com\" \/>\n<meta property=\"article:modified_time\" content=\"2018-04-26T16:31:36+00:00\" \/>\n<meta property=\"og:image\" content=\"https:\/\/woo-themes-plugins.com\/wp-content\/uploads\/sites\/7\/2018\/03\/woo-themes-plugins_woocommerce-woocommerce-booking-plugin-woocommerce.jpg\" \/>\n\t<meta property=\"og:image:width\" content=\"900\" \/>\n\t<meta property=\"og:image:height\" content=\"900\" \/>\n\t<meta property=\"og:image:type\" content=\"image\/jpeg\" \/>\n<meta name=\"twitter:label1\" content=\"Dur\u00e9e de lecture estim\u00e9e\" \/>\n\t<meta name=\"twitter:data1\" content=\"1 minute\" \/>\n<script type=\"application\/ld+json\" class=\"yoast-schema-graph\">{\"@context\":\"https:\/\/schema.org\",\"@graph\":[{\"@type\":\"WebPage\",\"@id\":\"https:\/\/woo-themes-plugins.com\/fr\/produit\/woocommerce-bookings-plugin-reservation-plugin-woocommerce\/\",\"url\":\"https:\/\/woo-themes-plugins.com\/fr\/produit\/woocommerce-bookings-plugin-reservation-plugin-woocommerce\/\",\"name\":\"WooCommerce Bookings \u2013 Plugin R\u00e9servation \u2013 Plugin WooCommerce - Woo-themes-plugins.com\",\"isPartOf\":{\"@id\":\"https:\/\/woo-themes-plugins.com\/it\/#website\"},\"primaryImageOfPage\":{\"@id\":\"https:\/\/woo-themes-plugins.com\/fr\/produit\/woocommerce-bookings-plugin-reservation-plugin-woocommerce\/#primaryimage\"},\"image\":{\"@id\":\"https:\/\/woo-themes-plugins.com\/fr\/produit\/woocommerce-bookings-plugin-reservation-plugin-woocommerce\/#primaryimage\"},\"thumbnailUrl\":\"https:\/\/woo-themes-plugins.com\/wp-content\/uploads\/sites\/7\/2018\/03\/woo-themes-plugins_woocommerce-woocommerce-booking-plugin-woocommerce.jpg\",\"datePublished\":\"2018-03-26T07:58:43+00:00\",\"dateModified\":\"2018-04-26T16:31:36+00:00\",\"breadcrumb\":{\"@id\":\"https:\/\/woo-themes-plugins.com\/fr\/produit\/woocommerce-bookings-plugin-reservation-plugin-woocommerce\/#breadcrumb\"},\"inLanguage\":\"fr-FR\",\"potentialAction\":[{\"@type\":\"ReadAction\",\"target\":[\"https:\/\/woo-themes-plugins.com\/fr\/produit\/woocommerce-bookings-plugin-reservation-plugin-woocommerce\/\"]}]},{\"@type\":\"ImageObject\",\"inLanguage\":\"fr-FR\",\"@id\":\"https:\/\/woo-themes-plugins.com\/fr\/produit\/woocommerce-bookings-plugin-reservation-plugin-woocommerce\/#primaryimage\",\"url\":\"https:\/\/woo-themes-plugins.com\/wp-content\/uploads\/sites\/7\/2018\/03\/woo-themes-plugins_woocommerce-woocommerce-booking-plugin-woocommerce.jpg\",\"contentUrl\":\"https:\/\/woo-themes-plugins.com\/wp-content\/uploads\/sites\/7\/2018\/03\/woo-themes-plugins_woocommerce-woocommerce-booking-plugin-woocommerce.jpg\",\"width\":900,\"height\":900},{\"@type\":\"BreadcrumbList\",\"@id\":\"https:\/\/woo-themes-plugins.com\/fr\/produit\/woocommerce-bookings-plugin-reservation-plugin-woocommerce\/#breadcrumb\",\"itemListElement\":[{\"@type\":\"ListItem\",\"position\":1,\"name\":\"Accueil\",\"item\":\"https:\/\/woo-themes-plugins.com\/fr\/\"},{\"@type\":\"ListItem\",\"position\":2,\"name\":\"Shop\",\"item\":\"https:\/\/woo-themes-plugins.com\/shop\/\"},{\"@type\":\"ListItem\",\"position\":3,\"name\":\"WooCommerce Bookings \u2013 Plugin R\u00e9servation \u2013 Plugin WooCommerce\"}]},{\"@type\":\"WebSite\",\"@id\":\"https:\/\/woo-themes-plugins.com\/it\/#website\",\"url\":\"https:\/\/woo-themes-plugins.com\/it\/\",\"name\":\"Woo-themes-plugins.com\",\"description\":\"Tous les th\u00e8mes et plugins WooCommerce Premium\",\"potentialAction\":[{\"@type\":\"SearchAction\",\"target\":{\"@type\":\"EntryPoint\",\"urlTemplate\":\"https:\/\/woo-themes-plugins.com\/it\/?s={search_term_string}\"},\"query-input\":\"required name=search_term_string\"}],\"inLanguage\":\"fr-FR\"}]}<\/script>\n<!-- \/ Yoast SEO plugin. -->","yoast_head_json":{"title":"WooCommerce Bookings \u2013 Plugin R\u00e9servation \u2013 Plugin WooCommerce - Woo-themes-plugins.com","robots":{"index":"index","follow":"follow","max-snippet":"max-snippet:-1","max-image-preview":"max-image-preview:large","max-video-preview":"max-video-preview:-1"},"canonical":"https:\/\/woo-themes-plugins.com\/fr\/produit\/woocommerce-bookings-plugin-reservation-plugin-woocommerce\/","og_locale":"fr_FR","og_type":"article","og_title":"WooCommerce Bookings \u2013 Plugin R\u00e9servation \u2013 Plugin WooCommerce - Woo-themes-plugins.com","og_description":"Le temps, c'est de l'argent. Avec ce plugin WooCommerce de gestion des r\u00e9servations, il va t'\u00eatre possible de le vendre. Que ce soit pour un site de gestion des rendez-vous, des services ou encore de locations, voila un plugin d\u00e9velopp\u00e9 par WooCommerce qui va t'\u00eatre indispensable rapidement.","og_url":"https:\/\/woo-themes-plugins.com\/fr\/produit\/woocommerce-bookings-plugin-reservation-plugin-woocommerce\/","og_site_name":"Woo-themes-plugins.com","article_modified_time":"2018-04-26T16:31:36+00:00","og_image":[{"width":900,"height":900,"url":"https:\/\/woo-themes-plugins.com\/wp-content\/uploads\/sites\/7\/2018\/03\/woo-themes-plugins_woocommerce-woocommerce-booking-plugin-woocommerce.jpg","type":"image\/jpeg"}],"twitter_misc":{"Dur\u00e9e de lecture estim\u00e9e":"1 minute"},"schema":{"@context":"https:\/\/schema.org","@graph":[{"@type":"WebPage","@id":"https:\/\/woo-themes-plugins.com\/fr\/produit\/woocommerce-bookings-plugin-reservation-plugin-woocommerce\/","url":"https:\/\/woo-themes-plugins.com\/fr\/produit\/woocommerce-bookings-plugin-reservation-plugin-woocommerce\/","name":"WooCommerce Bookings \u2013 Plugin R\u00e9servation \u2013 Plugin WooCommerce - Woo-themes-plugins.com","isPartOf":{"@id":"https:\/\/woo-themes-plugins.com\/it\/#website"},"primaryImageOfPage":{"@id":"https:\/\/woo-themes-plugins.com\/fr\/produit\/woocommerce-bookings-plugin-reservation-plugin-woocommerce\/#primaryimage"},"image":{"@id":"https:\/\/woo-themes-plugins.com\/fr\/produit\/woocommerce-bookings-plugin-reservation-plugin-woocommerce\/#primaryimage"},"thumbnailUrl":"https:\/\/woo-themes-plugins.com\/wp-content\/uploads\/sites\/7\/2018\/03\/woo-themes-plugins_woocommerce-woocommerce-booking-plugin-woocommerce.jpg","datePublished":"2018-03-26T07:58:43+00:00","dateModified":"2018-04-26T16:31:36+00:00","breadcrumb":{"@id":"https:\/\/woo-themes-plugins.com\/fr\/produit\/woocommerce-bookings-plugin-reservation-plugin-woocommerce\/#breadcrumb"},"inLanguage":"fr-FR","potentialAction":[{"@type":"ReadAction","target":["https:\/\/woo-themes-plugins.com\/fr\/produit\/woocommerce-bookings-plugin-reservation-plugin-woocommerce\/"]}]},{"@type":"ImageObject","inLanguage":"fr-FR","@id":"https:\/\/woo-themes-plugins.com\/fr\/produit\/woocommerce-bookings-plugin-reservation-plugin-woocommerce\/#primaryimage","url":"https:\/\/woo-themes-plugins.com\/wp-content\/uploads\/sites\/7\/2018\/03\/woo-themes-plugins_woocommerce-woocommerce-booking-plugin-woocommerce.jpg","contentUrl":"https:\/\/woo-themes-plugins.com\/wp-content\/uploads\/sites\/7\/2018\/03\/woo-themes-plugins_woocommerce-woocommerce-booking-plugin-woocommerce.jpg","width":900,"height":900},{"@type":"BreadcrumbList","@id":"https:\/\/woo-themes-plugins.com\/fr\/produit\/woocommerce-bookings-plugin-reservation-plugin-woocommerce\/#breadcrumb","itemListElement":[{"@type":"ListItem","position":1,"name":"Accueil","item":"https:\/\/woo-themes-plugins.com\/fr\/"},{"@type":"ListItem","position":2,"name":"Shop","item":"https:\/\/woo-themes-plugins.com\/shop\/"},{"@type":"ListItem","position":3,"name":"WooCommerce Bookings \u2013 Plugin R\u00e9servation \u2013 Plugin WooCommerce"}]},{"@type":"WebSite","@id":"https:\/\/woo-themes-plugins.com\/it\/#website","url":"https:\/\/woo-themes-plugins.com\/it\/","name":"Woo-themes-plugins.com","description":"Tous les th\u00e8mes et plugins WooCommerce Premium","potentialAction":[{"@type":"SearchAction","target":{"@type":"EntryPoint","urlTemplate":"https:\/\/woo-themes-plugins.com\/it\/?s={search_term_string}"},"query-input":"required name=search_term_string"}],"inLanguage":"fr-FR"}]}},"_links":{"self":[{"href":"https:\/\/woo-themes-plugins.com\/fr\/wp-json\/wp\/v2\/product\/266","targetHints":{"allow":["GET"]}}],"collection":[{"href":"https:\/\/woo-themes-plugins.com\/fr\/wp-json\/wp\/v2\/product"}],"about":[{"href":"https:\/\/woo-themes-plugins.com\/fr\/wp-json\/wp\/v2\/types\/product"}],"wp:featuredmedia":[{"embeddable":true,"href":"https:\/\/woo-themes-plugins.com\/fr\/wp-json\/wp\/v2\/media\/2588"}],"wp:attachment":[{"href":"https:\/\/woo-themes-plugins.com\/fr\/wp-json\/wp\/v2\/media?parent=266"}],"wp:term":[{"taxonomy":"product_cat","embeddable":true,"href":"https:\/\/woo-themes-plugins.com\/fr\/wp-json\/wp\/v2\/product_cat?post=266"},{"taxonomy":"product_tag","embeddable":true,"href":"https:\/\/woo-themes-plugins.com\/fr\/wp-json\/wp\/v2\/product_tag?post=266"}],"curies":[{"name":"wp","href":"https:\/\/api.w.org\/{rel}","templated":true}]}}