{"id":268,"date":"2018-03-26T09:07:28","date_gmt":"2018-03-26T08:07:28","guid":{"rendered":"https:\/\/woo-themes-plugins.com\/?post_type=product&#038;p=268"},"modified":"2018-04-26T17:31:28","modified_gmt":"2018-04-26T16:31:28","slug":"name-your-price-prix-donne-par-le-client-plugin-woocommerce","status":"publish","type":"product","link":"https:\/\/woo-themes-plugins.com\/fr\/product\/name-your-price-prix-donne-par-le-client-plugin-woocommerce\/","title":{"rendered":"Name Your Price &#8211; Prix Donn\u00e9 par le Client \u2013 Plugin WooCommerce"},"content":{"rendered":"<p>Permettre \u00e0 tes clients de payer le <em>prix juste <\/em>pour le produit ou le service que tu as \u00e0 vendre, voici l&rsquo;id\u00e9e derri\u00e8re <em>name your price<\/em>, un plugin WooCommerce qui va rapidement devenir indispensable dans pareil situation.<\/p>\n<p>Gr\u00e2ce \u00e0 ce plugin WooCommerce, tu va \u00eatre en mesure de fixer un <em>prix flexible<\/em> que tu es pr\u00eat \u00e0 accepter pour un produit ou service donn\u00e9. Ce plugin WooCommerce se sentira autant \u00e0 l&rsquo;aise dans le cadre d&rsquo;un projet de donation que dans la mise en place d&rsquo;une nouvelle approche du eCommerce. Penses \u00e0 Metallica par exemple. Un param\u00e9trage fin est permis par ce plugin. Par question de simplement proposer un plugin qui laisse un champs libre comme montant \u00e0 saisir. Avec ce plugin, tu vas par exemple pouvoir laisser la case du prix totalement libre, mais indiqu\u00e9 le montant que tu souhaiterais, ou encore le minimum que tu acceptes. Ce ne sont que des exemples comme d&rsquo;autres.<\/p>\n<p>On adore ce plugin pour :<\/p>\n<ul>\n<li>Faire un espace donation<\/li>\n<li>Mettre sur pied une campagne de vente originale<\/li>\n<li>Accro\u00eetre le profit r\u00e9alis\u00e9 sur la vente d&rsquo;un produit<\/li>\n<li>Faire une \u00e9tude de march\u00e9 sur l&rsquo;impact du prix<\/li>\n<\/ul>\n<p>Je te le disais, ce plugin offre une grande finesse dans le contr\u00f4le de l&rsquo;ensemble. \u00c0 ce titre, les variations produits sont support\u00e9es. Cela signifie que tu vas \u00eatre en mesure de d\u00e9finir une politique tarifaire s\u00e9par\u00e9e m\u00eame au niveau de la variation d&rsquo;un produit. \u00c7a, c&rsquo;est top.<\/p>\n<p>Un autre avantage de ce plugin, c&rsquo;est qu&rsquo;il soit d\u00e9velopp\u00e9 par les \u00e9quipes de WooCommerce. Non pas tant pour la qualit\u00e9 d&rsquo;int\u00e9gration du plugin avec l&rsquo;\u00e9cosyst\u00e8me WooCommerce qui doit \u00eatre excellent j&rsquo;imagine, mais surtout par sa compatibilit\u00e9 avec tout l&rsquo;\u00e9cosyst\u00e8me de plugin mis en place par WooCommerce. Ainsi, quoi de plus naturel que ce plugin soit \u00e9galement compatible avec des plugins permettant la vente par lot, des plugins permettant le cr\u00e9ation de contenu r\u00e9serv\u00e9 \u00e0 des abonn\u00e9s&#8230; Le tableau est tr\u00e8s large.<\/p>\n<p>On appr\u00e9ciera \u00e9galement la facilit\u00e9 de prise en main d&rsquo;un tel plugin de d\u00e9finition des prix par le client final.<\/p>\n","protected":false},"excerpt":{"rendered":"<p>Parfois, on ne souhaite pas donner un prix fixe \u00e0 un produit, on souhaite que ce soit le client qui paie le prix qui lui semble juste pour le-dit produit. Cela est devenu assez courant dans la vente de musique par exemple. Le plugin <em>Name your price <\/em>te propose donc de laisser le choix du prix d&rsquo;un produit \u00e0 ton client final.<\/p>\n","protected":false},"featured_media":2596,"template":"","meta":{"_monsterinsights_skip_tracking":false,"_monsterinsights_sitenote_active":false,"_monsterinsights_sitenote_note":"","_monsterinsights_sitenote_category":0},"product_cat":[40],"product_tag":[69],"class_list":["post-268","product","type-product","status-publish","has-post-thumbnail","hentry","product_cat-plugin-woocommerce","product_tag-gerer-prix-woocommerce","pa_dev-woo-plugin-theme-kathy-darling","pa_marketplace-woocommerce-woocommerce-com"],"yoast_head":"<!-- This site is optimized with the Yoast SEO plugin v23.1 - https:\/\/yoast.com\/wordpress\/plugins\/seo\/ -->\n<title>Name Your Price - Prix Donn\u00e9 par le Client \u2013 Plugin WooCommerce<\/title>\n<meta name=\"description\" content=\"Tu veux que l&#039;on soit libre de fixer le prix que l&#039;on souhaite sur le produit que tu as \u00e0 vendre ? Alors ce plugin WooCommerce est fait pour toi ! Gr\u00e2ce \u00e0 ce plugin WooCommerce, ton client pourra payer le prix qu&#039;il estime &quot;juste&quot; pour acqu\u00e9rir ce bien ou service ;)\" \/>\n<meta name=\"robots\" content=\"index, follow, max-snippet:-1, max-image-preview:large, max-video-preview:-1\" \/>\n<link rel=\"canonical\" href=\"https:\/\/woo-themes-plugins.com\/fr\/produit\/name-your-price-prix-donne-par-le-client-plugin-woocommerce\/\" \/>\n<meta property=\"og:locale\" content=\"fr_FR\" \/>\n<meta property=\"og:type\" content=\"article\" \/>\n<meta property=\"og:title\" content=\"Name Your Price - Prix Donn\u00e9 par le Client \u2013 Plugin WooCommerce\" \/>\n<meta property=\"og:description\" content=\"Tu veux que l&#039;on soit libre de fixer le prix que l&#039;on souhaite sur le produit que tu as \u00e0 vendre ? Alors ce plugin WooCommerce est fait pour toi ! Gr\u00e2ce \u00e0 ce plugin WooCommerce, ton client pourra payer le prix qu&#039;il estime &quot;juste&quot; pour acqu\u00e9rir ce bien ou service ;)\" \/>\n<meta property=\"og:url\" content=\"https:\/\/woo-themes-plugins.com\/fr\/produit\/name-your-price-prix-donne-par-le-client-plugin-woocommerce\/\" \/>\n<meta property=\"og:site_name\" content=\"Woo-themes-plugins.com\" \/>\n<meta property=\"article:modified_time\" content=\"2018-04-26T16:31:28+00:00\" \/>\n<meta property=\"og:image\" content=\"https:\/\/woo-themes-plugins.com\/wp-content\/uploads\/sites\/7\/2018\/03\/woo-themes-plugins_woocommerce-name-your-price-plugin-woocommerce.jpg\" \/>\n\t<meta property=\"og:image:width\" content=\"900\" \/>\n\t<meta property=\"og:image:height\" content=\"900\" \/>\n\t<meta property=\"og:image:type\" content=\"image\/jpeg\" \/>\n<meta name=\"twitter:label1\" content=\"Dur\u00e9e de lecture estim\u00e9e\" \/>\n\t<meta name=\"twitter:data1\" content=\"2 minutes\" \/>\n<script type=\"application\/ld+json\" class=\"yoast-schema-graph\">{\"@context\":\"https:\/\/schema.org\",\"@graph\":[{\"@type\":\"WebPage\",\"@id\":\"https:\/\/woo-themes-plugins.com\/fr\/produit\/name-your-price-prix-donne-par-le-client-plugin-woocommerce\/\",\"url\":\"https:\/\/woo-themes-plugins.com\/fr\/produit\/name-your-price-prix-donne-par-le-client-plugin-woocommerce\/\",\"name\":\"Name Your Price - Prix Donn\u00e9 par le Client \u2013 Plugin WooCommerce\",\"isPartOf\":{\"@id\":\"https:\/\/woo-themes-plugins.com\/it\/#website\"},\"primaryImageOfPage\":{\"@id\":\"https:\/\/woo-themes-plugins.com\/fr\/produit\/name-your-price-prix-donne-par-le-client-plugin-woocommerce\/#primaryimage\"},\"image\":{\"@id\":\"https:\/\/woo-themes-plugins.com\/fr\/produit\/name-your-price-prix-donne-par-le-client-plugin-woocommerce\/#primaryimage\"},\"thumbnailUrl\":\"https:\/\/woo-themes-plugins.com\/wp-content\/uploads\/sites\/7\/2018\/03\/woo-themes-plugins_woocommerce-name-your-price-plugin-woocommerce.jpg\",\"datePublished\":\"2018-03-26T08:07:28+00:00\",\"dateModified\":\"2018-04-26T16:31:28+00:00\",\"description\":\"Tu veux que l'on soit libre de fixer le prix que l'on souhaite sur le produit que tu as \u00e0 vendre ? Alors ce plugin WooCommerce est fait pour toi ! Gr\u00e2ce \u00e0 ce plugin WooCommerce, ton client pourra payer le prix qu'il estime \\\"juste\\\" pour acqu\u00e9rir ce bien ou service ;)\",\"breadcrumb\":{\"@id\":\"https:\/\/woo-themes-plugins.com\/fr\/produit\/name-your-price-prix-donne-par-le-client-plugin-woocommerce\/#breadcrumb\"},\"inLanguage\":\"fr-FR\",\"potentialAction\":[{\"@type\":\"ReadAction\",\"target\":[\"https:\/\/woo-themes-plugins.com\/fr\/produit\/name-your-price-prix-donne-par-le-client-plugin-woocommerce\/\"]}]},{\"@type\":\"ImageObject\",\"inLanguage\":\"fr-FR\",\"@id\":\"https:\/\/woo-themes-plugins.com\/fr\/produit\/name-your-price-prix-donne-par-le-client-plugin-woocommerce\/#primaryimage\",\"url\":\"https:\/\/woo-themes-plugins.com\/wp-content\/uploads\/sites\/7\/2018\/03\/woo-themes-plugins_woocommerce-name-your-price-plugin-woocommerce.jpg\",\"contentUrl\":\"https:\/\/woo-themes-plugins.com\/wp-content\/uploads\/sites\/7\/2018\/03\/woo-themes-plugins_woocommerce-name-your-price-plugin-woocommerce.jpg\",\"width\":900,\"height\":900},{\"@type\":\"BreadcrumbList\",\"@id\":\"https:\/\/woo-themes-plugins.com\/fr\/produit\/name-your-price-prix-donne-par-le-client-plugin-woocommerce\/#breadcrumb\",\"itemListElement\":[{\"@type\":\"ListItem\",\"position\":1,\"name\":\"Accueil\",\"item\":\"https:\/\/woo-themes-plugins.com\/fr\/\"},{\"@type\":\"ListItem\",\"position\":2,\"name\":\"Shop\",\"item\":\"https:\/\/woo-themes-plugins.com\/shop\/\"},{\"@type\":\"ListItem\",\"position\":3,\"name\":\"Name Your Price &#8211; Prix Donn\u00e9 par le Client \u2013 Plugin WooCommerce\"}]},{\"@type\":\"WebSite\",\"@id\":\"https:\/\/woo-themes-plugins.com\/it\/#website\",\"url\":\"https:\/\/woo-themes-plugins.com\/it\/\",\"name\":\"Woo-themes-plugins.com\",\"description\":\"Tous les th\u00e8mes et plugins WooCommerce Premium\",\"potentialAction\":[{\"@type\":\"SearchAction\",\"target\":{\"@type\":\"EntryPoint\",\"urlTemplate\":\"https:\/\/woo-themes-plugins.com\/it\/?s={search_term_string}\"},\"query-input\":\"required name=search_term_string\"}],\"inLanguage\":\"fr-FR\"}]}<\/script>\n<!-- \/ Yoast SEO plugin. -->","yoast_head_json":{"title":"Name Your Price - Prix Donn\u00e9 par le Client \u2013 Plugin WooCommerce","description":"Tu veux que l'on soit libre de fixer le prix que l'on souhaite sur le produit que tu as \u00e0 vendre ? Alors ce plugin WooCommerce est fait pour toi ! Gr\u00e2ce \u00e0 ce plugin WooCommerce, ton client pourra payer le prix qu'il estime \"juste\" pour acqu\u00e9rir ce bien ou service ;)","robots":{"index":"index","follow":"follow","max-snippet":"max-snippet:-1","max-image-preview":"max-image-preview:large","max-video-preview":"max-video-preview:-1"},"canonical":"https:\/\/woo-themes-plugins.com\/fr\/produit\/name-your-price-prix-donne-par-le-client-plugin-woocommerce\/","og_locale":"fr_FR","og_type":"article","og_title":"Name Your Price - Prix Donn\u00e9 par le Client \u2013 Plugin WooCommerce","og_description":"Tu veux que l'on soit libre de fixer le prix que l'on souhaite sur le produit que tu as \u00e0 vendre ? Alors ce plugin WooCommerce est fait pour toi ! Gr\u00e2ce \u00e0 ce plugin WooCommerce, ton client pourra payer le prix qu'il estime \"juste\" pour acqu\u00e9rir ce bien ou service ;)","og_url":"https:\/\/woo-themes-plugins.com\/fr\/produit\/name-your-price-prix-donne-par-le-client-plugin-woocommerce\/","og_site_name":"Woo-themes-plugins.com","article_modified_time":"2018-04-26T16:31:28+00:00","og_image":[{"width":900,"height":900,"url":"https:\/\/woo-themes-plugins.com\/wp-content\/uploads\/sites\/7\/2018\/03\/woo-themes-plugins_woocommerce-name-your-price-plugin-woocommerce.jpg","type":"image\/jpeg"}],"twitter_misc":{"Dur\u00e9e de lecture estim\u00e9e":"2 minutes"},"schema":{"@context":"https:\/\/schema.org","@graph":[{"@type":"WebPage","@id":"https:\/\/woo-themes-plugins.com\/fr\/produit\/name-your-price-prix-donne-par-le-client-plugin-woocommerce\/","url":"https:\/\/woo-themes-plugins.com\/fr\/produit\/name-your-price-prix-donne-par-le-client-plugin-woocommerce\/","name":"Name Your Price - Prix Donn\u00e9 par le Client \u2013 Plugin WooCommerce","isPartOf":{"@id":"https:\/\/woo-themes-plugins.com\/it\/#website"},"primaryImageOfPage":{"@id":"https:\/\/woo-themes-plugins.com\/fr\/produit\/name-your-price-prix-donne-par-le-client-plugin-woocommerce\/#primaryimage"},"image":{"@id":"https:\/\/woo-themes-plugins.com\/fr\/produit\/name-your-price-prix-donne-par-le-client-plugin-woocommerce\/#primaryimage"},"thumbnailUrl":"https:\/\/woo-themes-plugins.com\/wp-content\/uploads\/sites\/7\/2018\/03\/woo-themes-plugins_woocommerce-name-your-price-plugin-woocommerce.jpg","datePublished":"2018-03-26T08:07:28+00:00","dateModified":"2018-04-26T16:31:28+00:00","description":"Tu veux que l'on soit libre de fixer le prix que l'on souhaite sur le produit que tu as \u00e0 vendre ? Alors ce plugin WooCommerce est fait pour toi ! Gr\u00e2ce \u00e0 ce plugin WooCommerce, ton client pourra payer le prix qu'il estime \"juste\" pour acqu\u00e9rir ce bien ou service ;)","breadcrumb":{"@id":"https:\/\/woo-themes-plugins.com\/fr\/produit\/name-your-price-prix-donne-par-le-client-plugin-woocommerce\/#breadcrumb"},"inLanguage":"fr-FR","potentialAction":[{"@type":"ReadAction","target":["https:\/\/woo-themes-plugins.com\/fr\/produit\/name-your-price-prix-donne-par-le-client-plugin-woocommerce\/"]}]},{"@type":"ImageObject","inLanguage":"fr-FR","@id":"https:\/\/woo-themes-plugins.com\/fr\/produit\/name-your-price-prix-donne-par-le-client-plugin-woocommerce\/#primaryimage","url":"https:\/\/woo-themes-plugins.com\/wp-content\/uploads\/sites\/7\/2018\/03\/woo-themes-plugins_woocommerce-name-your-price-plugin-woocommerce.jpg","contentUrl":"https:\/\/woo-themes-plugins.com\/wp-content\/uploads\/sites\/7\/2018\/03\/woo-themes-plugins_woocommerce-name-your-price-plugin-woocommerce.jpg","width":900,"height":900},{"@type":"BreadcrumbList","@id":"https:\/\/woo-themes-plugins.com\/fr\/produit\/name-your-price-prix-donne-par-le-client-plugin-woocommerce\/#breadcrumb","itemListElement":[{"@type":"ListItem","position":1,"name":"Accueil","item":"https:\/\/woo-themes-plugins.com\/fr\/"},{"@type":"ListItem","position":2,"name":"Shop","item":"https:\/\/woo-themes-plugins.com\/shop\/"},{"@type":"ListItem","position":3,"name":"Name Your Price &#8211; Prix Donn\u00e9 par le Client \u2013 Plugin WooCommerce"}]},{"@type":"WebSite","@id":"https:\/\/woo-themes-plugins.com\/it\/#website","url":"https:\/\/woo-themes-plugins.com\/it\/","name":"Woo-themes-plugins.com","description":"Tous les th\u00e8mes et plugins WooCommerce Premium","potentialAction":[{"@type":"SearchAction","target":{"@type":"EntryPoint","urlTemplate":"https:\/\/woo-themes-plugins.com\/it\/?s={search_term_string}"},"query-input":"required name=search_term_string"}],"inLanguage":"fr-FR"}]}},"_links":{"self":[{"href":"https:\/\/woo-themes-plugins.com\/fr\/wp-json\/wp\/v2\/product\/268","targetHints":{"allow":["GET"]}}],"collection":[{"href":"https:\/\/woo-themes-plugins.com\/fr\/wp-json\/wp\/v2\/product"}],"about":[{"href":"https:\/\/woo-themes-plugins.com\/fr\/wp-json\/wp\/v2\/types\/product"}],"wp:featuredmedia":[{"embeddable":true,"href":"https:\/\/woo-themes-plugins.com\/fr\/wp-json\/wp\/v2\/media\/2596"}],"wp:attachment":[{"href":"https:\/\/woo-themes-plugins.com\/fr\/wp-json\/wp\/v2\/media?parent=268"}],"wp:term":[{"taxonomy":"product_cat","embeddable":true,"href":"https:\/\/woo-themes-plugins.com\/fr\/wp-json\/wp\/v2\/product_cat?post=268"},{"taxonomy":"product_tag","embeddable":true,"href":"https:\/\/woo-themes-plugins.com\/fr\/wp-json\/wp\/v2\/product_tag?post=268"}],"curies":[{"name":"wp","href":"https:\/\/api.w.org\/{rel}","templated":true}]}}