{"id":270,"date":"2018-03-26T09:12:24","date_gmt":"2018-03-26T08:12:24","guid":{"rendered":"https:\/\/woo-themes-plugins.com\/?post_type=product&#038;p=270"},"modified":"2018-04-26T17:31:20","modified_gmt":"2018-04-26T16:31:20","slug":"woocommerce-shipping-plugin-livraison-plugin-woocommerce","status":"publish","type":"product","link":"https:\/\/woo-themes-plugins.com\/fr\/product\/woocommerce-shipping-plugin-livraison-plugin-woocommerce\/","title":{"rendered":"WooCommerce Shipping &#8211; Plugin Livraison &#8211; Plugin WooCommerce"},"content":{"rendered":"","protected":false},"excerpt":{"rendered":"<p><em>WooCommerce Shipping <\/em>est le plugin de gestion des livraisons pens\u00e9 par JetPack. Ce plugin nous permet de venir utiliser les tarifs en temps r\u00e9el de notre fournisseur mais aussi d&rsquo;imprimer les \u00e9tiquettes qui vont bien pour la livraison de vos colis par votre prestataire. Il y a fort \u00e0 parier que cette extension va s&rsquo;imposer de plus en plus en int\u00e9grant de\u00a0 nouveaux prestataires et de nouveaux pays avec le temps.<\/p>\n","protected":false},"featured_media":2604,"template":"","meta":{"_monsterinsights_skip_tracking":false,"_monsterinsights_sitenote_active":false,"_monsterinsights_sitenote_note":"","_monsterinsights_sitenote_category":0},"product_cat":[40],"product_tag":[120,85,55],"class_list":["post-270","product","type-product","status-publish","has-post-thumbnail","hentry","product_cat-plugin-woocommerce","product_tag-extension-woocommerce-gratuite","product_tag-commandes-client-woocommerce","product_tag-livraison-woocommerce","pa_dev-woo-plugin-theme-woocommerce","pa_marketplace-woocommerce-woocommerce-com"],"yoast_head":"<!-- This site is optimized with the Yoast SEO plugin v23.1 - https:\/\/yoast.com\/wordpress\/plugins\/seo\/ -->\n<title>WooCommerce Shipping - Plugin Livraison - Plugin WooCommerce<\/title>\n<meta name=\"description\" content=\"Cette extension WooCommerce, c&#039;est la solution officielle propos\u00e9e par WooCommerce et JetPack pour nous permettre de g\u00e9rer les livraisons comme des pro. Affichage en temps r\u00e9el du co\u00fbt de livraison, prix remis\u00e9s intelligents, gestion des \u00e9tiquettes d&#039;exp\u00e9dition, ce plugin de livraison WooCommerce est indispensable !\" \/>\n<meta name=\"robots\" content=\"index, follow, max-snippet:-1, max-image-preview:large, max-video-preview:-1\" \/>\n<link rel=\"canonical\" href=\"https:\/\/woo-themes-plugins.com\/fr\/produit\/woocommerce-shipping-plugin-livraison-plugin-woocommerce\/\" \/>\n<meta property=\"og:locale\" content=\"fr_FR\" \/>\n<meta property=\"og:type\" content=\"article\" \/>\n<meta property=\"og:title\" content=\"WooCommerce Shipping - Plugin Livraison - Plugin WooCommerce\" \/>\n<meta property=\"og:description\" content=\"Cette extension WooCommerce, c&#039;est la solution officielle propos\u00e9e par WooCommerce et JetPack pour nous permettre de g\u00e9rer les livraisons comme des pro. Affichage en temps r\u00e9el du co\u00fbt de livraison, prix remis\u00e9s intelligents, gestion des \u00e9tiquettes d&#039;exp\u00e9dition, ce plugin de livraison WooCommerce est indispensable !\" \/>\n<meta property=\"og:url\" content=\"https:\/\/woo-themes-plugins.com\/fr\/produit\/woocommerce-shipping-plugin-livraison-plugin-woocommerce\/\" \/>\n<meta property=\"og:site_name\" content=\"Woo-themes-plugins.com\" \/>\n<meta property=\"article:modified_time\" content=\"2018-04-26T16:31:20+00:00\" \/>\n<meta property=\"og:image\" content=\"https:\/\/woo-themes-plugins.com\/wp-content\/uploads\/sites\/7\/2018\/03\/woo-themes-plugins_woocommerce-woocommerce-shipping-plugin-woocommerce.jpg\" \/>\n\t<meta property=\"og:image:width\" content=\"900\" \/>\n\t<meta property=\"og:image:height\" content=\"900\" \/>\n\t<meta property=\"og:image:type\" content=\"image\/jpeg\" \/>\n<script type=\"application\/ld+json\" class=\"yoast-schema-graph\">{\"@context\":\"https:\/\/schema.org\",\"@graph\":[{\"@type\":\"WebPage\",\"@id\":\"https:\/\/woo-themes-plugins.com\/fr\/produit\/woocommerce-shipping-plugin-livraison-plugin-woocommerce\/\",\"url\":\"https:\/\/woo-themes-plugins.com\/fr\/produit\/woocommerce-shipping-plugin-livraison-plugin-woocommerce\/\",\"name\":\"WooCommerce Shipping - Plugin Livraison - Plugin WooCommerce\",\"isPartOf\":{\"@id\":\"https:\/\/woo-themes-plugins.com\/it\/#website\"},\"primaryImageOfPage\":{\"@id\":\"https:\/\/woo-themes-plugins.com\/fr\/produit\/woocommerce-shipping-plugin-livraison-plugin-woocommerce\/#primaryimage\"},\"image\":{\"@id\":\"https:\/\/woo-themes-plugins.com\/fr\/produit\/woocommerce-shipping-plugin-livraison-plugin-woocommerce\/#primaryimage\"},\"thumbnailUrl\":\"https:\/\/woo-themes-plugins.com\/wp-content\/uploads\/sites\/7\/2018\/03\/woo-themes-plugins_woocommerce-woocommerce-shipping-plugin-woocommerce.jpg\",\"datePublished\":\"2018-03-26T08:12:24+00:00\",\"dateModified\":\"2018-04-26T16:31:20+00:00\",\"description\":\"Cette extension WooCommerce, c'est la solution officielle propos\u00e9e par WooCommerce et JetPack pour nous permettre de g\u00e9rer les livraisons comme des pro. Affichage en temps r\u00e9el du co\u00fbt de livraison, prix remis\u00e9s intelligents, gestion des \u00e9tiquettes d'exp\u00e9dition, ce plugin de livraison WooCommerce est indispensable !\",\"breadcrumb\":{\"@id\":\"https:\/\/woo-themes-plugins.com\/fr\/produit\/woocommerce-shipping-plugin-livraison-plugin-woocommerce\/#breadcrumb\"},\"inLanguage\":\"fr-FR\",\"potentialAction\":[{\"@type\":\"ReadAction\",\"target\":[\"https:\/\/woo-themes-plugins.com\/fr\/produit\/woocommerce-shipping-plugin-livraison-plugin-woocommerce\/\"]}]},{\"@type\":\"ImageObject\",\"inLanguage\":\"fr-FR\",\"@id\":\"https:\/\/woo-themes-plugins.com\/fr\/produit\/woocommerce-shipping-plugin-livraison-plugin-woocommerce\/#primaryimage\",\"url\":\"https:\/\/woo-themes-plugins.com\/wp-content\/uploads\/sites\/7\/2018\/03\/woo-themes-plugins_woocommerce-woocommerce-shipping-plugin-woocommerce.jpg\",\"contentUrl\":\"https:\/\/woo-themes-plugins.com\/wp-content\/uploads\/sites\/7\/2018\/03\/woo-themes-plugins_woocommerce-woocommerce-shipping-plugin-woocommerce.jpg\",\"width\":900,\"height\":900},{\"@type\":\"BreadcrumbList\",\"@id\":\"https:\/\/woo-themes-plugins.com\/fr\/produit\/woocommerce-shipping-plugin-livraison-plugin-woocommerce\/#breadcrumb\",\"itemListElement\":[{\"@type\":\"ListItem\",\"position\":1,\"name\":\"Accueil\",\"item\":\"https:\/\/woo-themes-plugins.com\/fr\/\"},{\"@type\":\"ListItem\",\"position\":2,\"name\":\"Shop\",\"item\":\"https:\/\/woo-themes-plugins.com\/shop\/\"},{\"@type\":\"ListItem\",\"position\":3,\"name\":\"WooCommerce Shipping &#8211; Plugin Livraison &#8211; Plugin WooCommerce\"}]},{\"@type\":\"WebSite\",\"@id\":\"https:\/\/woo-themes-plugins.com\/it\/#website\",\"url\":\"https:\/\/woo-themes-plugins.com\/it\/\",\"name\":\"Woo-themes-plugins.com\",\"description\":\"Tous les th\u00e8mes et plugins WooCommerce Premium\",\"potentialAction\":[{\"@type\":\"SearchAction\",\"target\":{\"@type\":\"EntryPoint\",\"urlTemplate\":\"https:\/\/woo-themes-plugins.com\/it\/?s={search_term_string}\"},\"query-input\":\"required name=search_term_string\"}],\"inLanguage\":\"fr-FR\"}]}<\/script>\n<!-- \/ Yoast SEO plugin. -->","yoast_head_json":{"title":"WooCommerce Shipping - Plugin Livraison - Plugin WooCommerce","description":"Cette extension WooCommerce, c'est la solution officielle propos\u00e9e par WooCommerce et JetPack pour nous permettre de g\u00e9rer les livraisons comme des pro. Affichage en temps r\u00e9el du co\u00fbt de livraison, prix remis\u00e9s intelligents, gestion des \u00e9tiquettes d'exp\u00e9dition, ce plugin de livraison WooCommerce est indispensable !","robots":{"index":"index","follow":"follow","max-snippet":"max-snippet:-1","max-image-preview":"max-image-preview:large","max-video-preview":"max-video-preview:-1"},"canonical":"https:\/\/woo-themes-plugins.com\/fr\/produit\/woocommerce-shipping-plugin-livraison-plugin-woocommerce\/","og_locale":"fr_FR","og_type":"article","og_title":"WooCommerce Shipping - Plugin Livraison - Plugin WooCommerce","og_description":"Cette extension WooCommerce, c'est la solution officielle propos\u00e9e par WooCommerce et JetPack pour nous permettre de g\u00e9rer les livraisons comme des pro. Affichage en temps r\u00e9el du co\u00fbt de livraison, prix remis\u00e9s intelligents, gestion des \u00e9tiquettes d'exp\u00e9dition, ce plugin de livraison WooCommerce est indispensable !","og_url":"https:\/\/woo-themes-plugins.com\/fr\/produit\/woocommerce-shipping-plugin-livraison-plugin-woocommerce\/","og_site_name":"Woo-themes-plugins.com","article_modified_time":"2018-04-26T16:31:20+00:00","og_image":[{"width":900,"height":900,"url":"https:\/\/woo-themes-plugins.com\/wp-content\/uploads\/sites\/7\/2018\/03\/woo-themes-plugins_woocommerce-woocommerce-shipping-plugin-woocommerce.jpg","type":"image\/jpeg"}],"schema":{"@context":"https:\/\/schema.org","@graph":[{"@type":"WebPage","@id":"https:\/\/woo-themes-plugins.com\/fr\/produit\/woocommerce-shipping-plugin-livraison-plugin-woocommerce\/","url":"https:\/\/woo-themes-plugins.com\/fr\/produit\/woocommerce-shipping-plugin-livraison-plugin-woocommerce\/","name":"WooCommerce Shipping - Plugin Livraison - Plugin WooCommerce","isPartOf":{"@id":"https:\/\/woo-themes-plugins.com\/it\/#website"},"primaryImageOfPage":{"@id":"https:\/\/woo-themes-plugins.com\/fr\/produit\/woocommerce-shipping-plugin-livraison-plugin-woocommerce\/#primaryimage"},"image":{"@id":"https:\/\/woo-themes-plugins.com\/fr\/produit\/woocommerce-shipping-plugin-livraison-plugin-woocommerce\/#primaryimage"},"thumbnailUrl":"https:\/\/woo-themes-plugins.com\/wp-content\/uploads\/sites\/7\/2018\/03\/woo-themes-plugins_woocommerce-woocommerce-shipping-plugin-woocommerce.jpg","datePublished":"2018-03-26T08:12:24+00:00","dateModified":"2018-04-26T16:31:20+00:00","description":"Cette extension WooCommerce, c'est la solution officielle propos\u00e9e par WooCommerce et JetPack pour nous permettre de g\u00e9rer les livraisons comme des pro. Affichage en temps r\u00e9el du co\u00fbt de livraison, prix remis\u00e9s intelligents, gestion des \u00e9tiquettes d'exp\u00e9dition, ce plugin de livraison WooCommerce est indispensable !","breadcrumb":{"@id":"https:\/\/woo-themes-plugins.com\/fr\/produit\/woocommerce-shipping-plugin-livraison-plugin-woocommerce\/#breadcrumb"},"inLanguage":"fr-FR","potentialAction":[{"@type":"ReadAction","target":["https:\/\/woo-themes-plugins.com\/fr\/produit\/woocommerce-shipping-plugin-livraison-plugin-woocommerce\/"]}]},{"@type":"ImageObject","inLanguage":"fr-FR","@id":"https:\/\/woo-themes-plugins.com\/fr\/produit\/woocommerce-shipping-plugin-livraison-plugin-woocommerce\/#primaryimage","url":"https:\/\/woo-themes-plugins.com\/wp-content\/uploads\/sites\/7\/2018\/03\/woo-themes-plugins_woocommerce-woocommerce-shipping-plugin-woocommerce.jpg","contentUrl":"https:\/\/woo-themes-plugins.com\/wp-content\/uploads\/sites\/7\/2018\/03\/woo-themes-plugins_woocommerce-woocommerce-shipping-plugin-woocommerce.jpg","width":900,"height":900},{"@type":"BreadcrumbList","@id":"https:\/\/woo-themes-plugins.com\/fr\/produit\/woocommerce-shipping-plugin-livraison-plugin-woocommerce\/#breadcrumb","itemListElement":[{"@type":"ListItem","position":1,"name":"Accueil","item":"https:\/\/woo-themes-plugins.com\/fr\/"},{"@type":"ListItem","position":2,"name":"Shop","item":"https:\/\/woo-themes-plugins.com\/shop\/"},{"@type":"ListItem","position":3,"name":"WooCommerce Shipping &#8211; Plugin Livraison &#8211; Plugin WooCommerce"}]},{"@type":"WebSite","@id":"https:\/\/woo-themes-plugins.com\/it\/#website","url":"https:\/\/woo-themes-plugins.com\/it\/","name":"Woo-themes-plugins.com","description":"Tous les th\u00e8mes et plugins WooCommerce Premium","potentialAction":[{"@type":"SearchAction","target":{"@type":"EntryPoint","urlTemplate":"https:\/\/woo-themes-plugins.com\/it\/?s={search_term_string}"},"query-input":"required name=search_term_string"}],"inLanguage":"fr-FR"}]}},"_links":{"self":[{"href":"https:\/\/woo-themes-plugins.com\/fr\/wp-json\/wp\/v2\/product\/270","targetHints":{"allow":["GET"]}}],"collection":[{"href":"https:\/\/woo-themes-plugins.com\/fr\/wp-json\/wp\/v2\/product"}],"about":[{"href":"https:\/\/woo-themes-plugins.com\/fr\/wp-json\/wp\/v2\/types\/product"}],"wp:featuredmedia":[{"embeddable":true,"href":"https:\/\/woo-themes-plugins.com\/fr\/wp-json\/wp\/v2\/media\/2604"}],"wp:attachment":[{"href":"https:\/\/woo-themes-plugins.com\/fr\/wp-json\/wp\/v2\/media?parent=270"}],"wp:term":[{"taxonomy":"product_cat","embeddable":true,"href":"https:\/\/woo-themes-plugins.com\/fr\/wp-json\/wp\/v2\/product_cat?post=270"},{"taxonomy":"product_tag","embeddable":true,"href":"https:\/\/woo-themes-plugins.com\/fr\/wp-json\/wp\/v2\/product_tag?post=270"}],"curies":[{"name":"wp","href":"https:\/\/api.w.org\/{rel}","templated":true}]}}