{"id":271,"date":"2018-03-26T09:18:41","date_gmt":"2018-03-26T08:18:41","guid":{"rendered":"https:\/\/woo-themes-plugins.com\/?post_type=product&#038;p=271"},"modified":"2018-04-26T17:31:11","modified_gmt":"2018-04-26T16:31:11","slug":"product-csv-import-suite-import-export-de-produits-complexes-plugin-woocommerce","status":"publish","type":"product","link":"https:\/\/woo-themes-plugins.com\/fr\/product\/product-csv-import-suite-import-export-de-produits-complexes-plugin-woocommerce\/","title":{"rendered":"Product CSV Import Suite &#8211; Import &amp; Export de Produits Complexes \u2013 Plugin WooCommerce"},"content":{"rendered":"<p>Gagner tu temps pour g\u00e9rer sa boutique ? Cela passe souvent par l&rsquo;utilisation d&rsquo;un logiciel tiers. Le <em>format <\/em>le plus commun\u00e9ment utilis\u00e9 par tout logiciel externe est le CSV. <em>Product CSV Import \/ Export Suite <\/em>est un plugin officiel WooCommerce dont le but est de permettre la manipulation de n&rsquo;importe quel catalogue produits WooCommerce, m\u00eame des catalogues compos\u00e9s \u00e0 partir de produits dit <em>complexes<\/em>. Il te sera \u00e9galement possible de g\u00e9rer tes exports finement, en exportant uniquement certains produits d&rsquo;une cat\u00e9gorie ou d&rsquo;une \u00e9tiquette particuli\u00e8re. Un vrai gain de temps au quotidien.<\/p>\n<p>Ce n&rsquo;est pas tout ! Qui dit faire gagner du temps en exportant les donn\u00e9es produits WooCommerce dit aussi en faire gagner dans l&rsquo;autre sens, en nous permettant d&rsquo;importer ces m\u00eames produits au format CSV.<\/p>\n<p>Ce plugin d&rsquo;import export CSV pour WooCommerce nous permet de :<\/p>\n<ul>\n<li>Importer tous types de produits<\/li>\n<li>Importer des champs produits personnalis\u00e9s<\/li>\n<li>Importer des variations de produit<\/li>\n<li>Fusionner les produits entre eux<\/li>\n<li>Incr\u00e9menter le stock produit par un indicatif relatif<\/li>\n<li>Support de tous les autres plugins officiels WooCommerce<\/li>\n<li>Support de Google product feed<\/li>\n<\/ul>\n<p>\u00c0 la vue de cette liste, il est simple de comprendre pourquoi ce plugin s&rsquo;impose dans son domaine comme une solution incontournable en mati\u00e8re d&rsquo;import \/ export de fichiers CSV pour WooCommerce !<\/p>\n","protected":false},"excerpt":{"rendered":"<p>WooCommerce s&rsquo;am\u00e9liore avec le temps. Son syst\u00e8me d&rsquo;importation et d&rsquo;exportation de produits s&rsquo;est grandement am\u00e9lior\u00e9. Toutefois, les produits complexes souffrent encore de soucis d&rsquo;import \/ export. L&rsquo;extension <em>Product CSV Import Suite <\/em>est l\u00e0 pour te permettre de g\u00e9rer tes produits complexes avec ton tableur pr\u00e9f\u00e9r\u00e9, tout en pouvant simplement les extraire et les r\u00e9int\u00e9grer \u00e0 WooCommerce.<\/p>\n","protected":false},"featured_media":2612,"template":"","meta":{"_monsterinsights_skip_tracking":false,"_monsterinsights_sitenote_active":false,"_monsterinsights_sitenote_note":"","_monsterinsights_sitenote_category":0},"product_cat":[40],"product_tag":[94,58],"class_list":["post-271","product","type-product","status-publish","has-post-thumbnail","hentry","product_cat-plugin-woocommerce","product_tag-import-export-produits-woocommerce","product_tag-plugin-export-woocommerce","pa_dev-woo-plugin-theme-woocommerce","pa_marketplace-woocommerce-woocommerce-com"],"yoast_head":"<!-- This site is optimized with the Yoast SEO plugin v23.1 - https:\/\/yoast.com\/wordpress\/plugins\/seo\/ -->\n<title>Product CSV Import WooCommerce - Import &amp; Export Produits Complexes<\/title>\n<meta name=\"description\" content=\"Comment faire pour faire une extraction CSV de sa boutique WooCommerce ? Comment peut-on int\u00e9grer des produits \u00e0 WooCommerce gr\u00e2ce \u00e0 un fichier CSV ? Bref, comment g\u00e9rer sa boutique avec des fichiers CSV ? Gr\u00e2ce \u00e0 ce plugin WooCommerce d&#039;import export officiel WooCommerce !\" \/>\n<meta name=\"robots\" content=\"index, follow, max-snippet:-1, max-image-preview:large, max-video-preview:-1\" \/>\n<link rel=\"canonical\" href=\"https:\/\/woo-themes-plugins.com\/fr\/produit\/product-csv-import-suite-import-export-de-produits-complexes-plugin-woocommerce\/\" \/>\n<meta property=\"og:locale\" content=\"fr_FR\" \/>\n<meta property=\"og:type\" content=\"article\" \/>\n<meta property=\"og:title\" content=\"Product CSV Import WooCommerce - Import &amp; Export Produits Complexes\" \/>\n<meta property=\"og:description\" content=\"Comment faire pour faire une extraction CSV de sa boutique WooCommerce ? Comment peut-on int\u00e9grer des produits \u00e0 WooCommerce gr\u00e2ce \u00e0 un fichier CSV ? Bref, comment g\u00e9rer sa boutique avec des fichiers CSV ? Gr\u00e2ce \u00e0 ce plugin WooCommerce d&#039;import export officiel WooCommerce !\" \/>\n<meta property=\"og:url\" content=\"https:\/\/woo-themes-plugins.com\/fr\/produit\/product-csv-import-suite-import-export-de-produits-complexes-plugin-woocommerce\/\" \/>\n<meta property=\"og:site_name\" content=\"Woo-themes-plugins.com\" \/>\n<meta property=\"article:modified_time\" content=\"2018-04-26T16:31:11+00:00\" \/>\n<meta property=\"og:image\" content=\"https:\/\/woo-themes-plugins.com\/wp-content\/uploads\/sites\/7\/2018\/03\/woo-themes-plugins_woocommerce-product-csv-import-suite-plugin-woocommerce.jpg\" \/>\n\t<meta property=\"og:image:width\" content=\"900\" \/>\n\t<meta property=\"og:image:height\" content=\"900\" \/>\n\t<meta property=\"og:image:type\" content=\"image\/jpeg\" \/>\n<meta name=\"twitter:label1\" content=\"Dur\u00e9e de lecture estim\u00e9e\" \/>\n\t<meta name=\"twitter:data1\" content=\"1 minute\" \/>\n<script type=\"application\/ld+json\" class=\"yoast-schema-graph\">{\"@context\":\"https:\/\/schema.org\",\"@graph\":[{\"@type\":\"WebPage\",\"@id\":\"https:\/\/woo-themes-plugins.com\/fr\/produit\/product-csv-import-suite-import-export-de-produits-complexes-plugin-woocommerce\/\",\"url\":\"https:\/\/woo-themes-plugins.com\/fr\/produit\/product-csv-import-suite-import-export-de-produits-complexes-plugin-woocommerce\/\",\"name\":\"Product CSV Import WooCommerce - Import & Export Produits Complexes\",\"isPartOf\":{\"@id\":\"https:\/\/woo-themes-plugins.com\/it\/#website\"},\"primaryImageOfPage\":{\"@id\":\"https:\/\/woo-themes-plugins.com\/fr\/produit\/product-csv-import-suite-import-export-de-produits-complexes-plugin-woocommerce\/#primaryimage\"},\"image\":{\"@id\":\"https:\/\/woo-themes-plugins.com\/fr\/produit\/product-csv-import-suite-import-export-de-produits-complexes-plugin-woocommerce\/#primaryimage\"},\"thumbnailUrl\":\"https:\/\/woo-themes-plugins.com\/wp-content\/uploads\/sites\/7\/2018\/03\/woo-themes-plugins_woocommerce-product-csv-import-suite-plugin-woocommerce.jpg\",\"datePublished\":\"2018-03-26T08:18:41+00:00\",\"dateModified\":\"2018-04-26T16:31:11+00:00\",\"description\":\"Comment faire pour faire une extraction CSV de sa boutique WooCommerce ? Comment peut-on int\u00e9grer des produits \u00e0 WooCommerce gr\u00e2ce \u00e0 un fichier CSV ? Bref, comment g\u00e9rer sa boutique avec des fichiers CSV ? Gr\u00e2ce \u00e0 ce plugin WooCommerce d'import export officiel WooCommerce !\",\"breadcrumb\":{\"@id\":\"https:\/\/woo-themes-plugins.com\/fr\/produit\/product-csv-import-suite-import-export-de-produits-complexes-plugin-woocommerce\/#breadcrumb\"},\"inLanguage\":\"fr-FR\",\"potentialAction\":[{\"@type\":\"ReadAction\",\"target\":[\"https:\/\/woo-themes-plugins.com\/fr\/produit\/product-csv-import-suite-import-export-de-produits-complexes-plugin-woocommerce\/\"]}]},{\"@type\":\"ImageObject\",\"inLanguage\":\"fr-FR\",\"@id\":\"https:\/\/woo-themes-plugins.com\/fr\/produit\/product-csv-import-suite-import-export-de-produits-complexes-plugin-woocommerce\/#primaryimage\",\"url\":\"https:\/\/woo-themes-plugins.com\/wp-content\/uploads\/sites\/7\/2018\/03\/woo-themes-plugins_woocommerce-product-csv-import-suite-plugin-woocommerce.jpg\",\"contentUrl\":\"https:\/\/woo-themes-plugins.com\/wp-content\/uploads\/sites\/7\/2018\/03\/woo-themes-plugins_woocommerce-product-csv-import-suite-plugin-woocommerce.jpg\",\"width\":900,\"height\":900},{\"@type\":\"BreadcrumbList\",\"@id\":\"https:\/\/woo-themes-plugins.com\/fr\/produit\/product-csv-import-suite-import-export-de-produits-complexes-plugin-woocommerce\/#breadcrumb\",\"itemListElement\":[{\"@type\":\"ListItem\",\"position\":1,\"name\":\"Accueil\",\"item\":\"https:\/\/woo-themes-plugins.com\/fr\/\"},{\"@type\":\"ListItem\",\"position\":2,\"name\":\"Shop\",\"item\":\"https:\/\/woo-themes-plugins.com\/shop\/\"},{\"@type\":\"ListItem\",\"position\":3,\"name\":\"Product CSV Import Suite &#8211; Import &amp; Export de Produits Complexes \u2013 Plugin WooCommerce\"}]},{\"@type\":\"WebSite\",\"@id\":\"https:\/\/woo-themes-plugins.com\/it\/#website\",\"url\":\"https:\/\/woo-themes-plugins.com\/it\/\",\"name\":\"Woo-themes-plugins.com\",\"description\":\"Tous les th\u00e8mes et plugins WooCommerce Premium\",\"potentialAction\":[{\"@type\":\"SearchAction\",\"target\":{\"@type\":\"EntryPoint\",\"urlTemplate\":\"https:\/\/woo-themes-plugins.com\/it\/?s={search_term_string}\"},\"query-input\":\"required name=search_term_string\"}],\"inLanguage\":\"fr-FR\"}]}<\/script>\n<!-- \/ Yoast SEO plugin. -->","yoast_head_json":{"title":"Product CSV Import WooCommerce - Import & Export Produits Complexes","description":"Comment faire pour faire une extraction CSV de sa boutique WooCommerce ? Comment peut-on int\u00e9grer des produits \u00e0 WooCommerce gr\u00e2ce \u00e0 un fichier CSV ? Bref, comment g\u00e9rer sa boutique avec des fichiers CSV ? Gr\u00e2ce \u00e0 ce plugin WooCommerce d'import export officiel WooCommerce !","robots":{"index":"index","follow":"follow","max-snippet":"max-snippet:-1","max-image-preview":"max-image-preview:large","max-video-preview":"max-video-preview:-1"},"canonical":"https:\/\/woo-themes-plugins.com\/fr\/produit\/product-csv-import-suite-import-export-de-produits-complexes-plugin-woocommerce\/","og_locale":"fr_FR","og_type":"article","og_title":"Product CSV Import WooCommerce - Import & Export Produits Complexes","og_description":"Comment faire pour faire une extraction CSV de sa boutique WooCommerce ? Comment peut-on int\u00e9grer des produits \u00e0 WooCommerce gr\u00e2ce \u00e0 un fichier CSV ? Bref, comment g\u00e9rer sa boutique avec des fichiers CSV ? Gr\u00e2ce \u00e0 ce plugin WooCommerce d'import export officiel WooCommerce !","og_url":"https:\/\/woo-themes-plugins.com\/fr\/produit\/product-csv-import-suite-import-export-de-produits-complexes-plugin-woocommerce\/","og_site_name":"Woo-themes-plugins.com","article_modified_time":"2018-04-26T16:31:11+00:00","og_image":[{"width":900,"height":900,"url":"https:\/\/woo-themes-plugins.com\/wp-content\/uploads\/sites\/7\/2018\/03\/woo-themes-plugins_woocommerce-product-csv-import-suite-plugin-woocommerce.jpg","type":"image\/jpeg"}],"twitter_misc":{"Dur\u00e9e de lecture estim\u00e9e":"1 minute"},"schema":{"@context":"https:\/\/schema.org","@graph":[{"@type":"WebPage","@id":"https:\/\/woo-themes-plugins.com\/fr\/produit\/product-csv-import-suite-import-export-de-produits-complexes-plugin-woocommerce\/","url":"https:\/\/woo-themes-plugins.com\/fr\/produit\/product-csv-import-suite-import-export-de-produits-complexes-plugin-woocommerce\/","name":"Product CSV Import WooCommerce - Import & Export Produits Complexes","isPartOf":{"@id":"https:\/\/woo-themes-plugins.com\/it\/#website"},"primaryImageOfPage":{"@id":"https:\/\/woo-themes-plugins.com\/fr\/produit\/product-csv-import-suite-import-export-de-produits-complexes-plugin-woocommerce\/#primaryimage"},"image":{"@id":"https:\/\/woo-themes-plugins.com\/fr\/produit\/product-csv-import-suite-import-export-de-produits-complexes-plugin-woocommerce\/#primaryimage"},"thumbnailUrl":"https:\/\/woo-themes-plugins.com\/wp-content\/uploads\/sites\/7\/2018\/03\/woo-themes-plugins_woocommerce-product-csv-import-suite-plugin-woocommerce.jpg","datePublished":"2018-03-26T08:18:41+00:00","dateModified":"2018-04-26T16:31:11+00:00","description":"Comment faire pour faire une extraction CSV de sa boutique WooCommerce ? Comment peut-on int\u00e9grer des produits \u00e0 WooCommerce gr\u00e2ce \u00e0 un fichier CSV ? Bref, comment g\u00e9rer sa boutique avec des fichiers CSV ? Gr\u00e2ce \u00e0 ce plugin WooCommerce d'import export officiel WooCommerce !","breadcrumb":{"@id":"https:\/\/woo-themes-plugins.com\/fr\/produit\/product-csv-import-suite-import-export-de-produits-complexes-plugin-woocommerce\/#breadcrumb"},"inLanguage":"fr-FR","potentialAction":[{"@type":"ReadAction","target":["https:\/\/woo-themes-plugins.com\/fr\/produit\/product-csv-import-suite-import-export-de-produits-complexes-plugin-woocommerce\/"]}]},{"@type":"ImageObject","inLanguage":"fr-FR","@id":"https:\/\/woo-themes-plugins.com\/fr\/produit\/product-csv-import-suite-import-export-de-produits-complexes-plugin-woocommerce\/#primaryimage","url":"https:\/\/woo-themes-plugins.com\/wp-content\/uploads\/sites\/7\/2018\/03\/woo-themes-plugins_woocommerce-product-csv-import-suite-plugin-woocommerce.jpg","contentUrl":"https:\/\/woo-themes-plugins.com\/wp-content\/uploads\/sites\/7\/2018\/03\/woo-themes-plugins_woocommerce-product-csv-import-suite-plugin-woocommerce.jpg","width":900,"height":900},{"@type":"BreadcrumbList","@id":"https:\/\/woo-themes-plugins.com\/fr\/produit\/product-csv-import-suite-import-export-de-produits-complexes-plugin-woocommerce\/#breadcrumb","itemListElement":[{"@type":"ListItem","position":1,"name":"Accueil","item":"https:\/\/woo-themes-plugins.com\/fr\/"},{"@type":"ListItem","position":2,"name":"Shop","item":"https:\/\/woo-themes-plugins.com\/shop\/"},{"@type":"ListItem","position":3,"name":"Product CSV Import Suite &#8211; Import &amp; Export de Produits Complexes \u2013 Plugin WooCommerce"}]},{"@type":"WebSite","@id":"https:\/\/woo-themes-plugins.com\/it\/#website","url":"https:\/\/woo-themes-plugins.com\/it\/","name":"Woo-themes-plugins.com","description":"Tous les th\u00e8mes et plugins WooCommerce Premium","potentialAction":[{"@type":"SearchAction","target":{"@type":"EntryPoint","urlTemplate":"https:\/\/woo-themes-plugins.com\/it\/?s={search_term_string}"},"query-input":"required name=search_term_string"}],"inLanguage":"fr-FR"}]}},"_links":{"self":[{"href":"https:\/\/woo-themes-plugins.com\/fr\/wp-json\/wp\/v2\/product\/271","targetHints":{"allow":["GET"]}}],"collection":[{"href":"https:\/\/woo-themes-plugins.com\/fr\/wp-json\/wp\/v2\/product"}],"about":[{"href":"https:\/\/woo-themes-plugins.com\/fr\/wp-json\/wp\/v2\/types\/product"}],"wp:featuredmedia":[{"embeddable":true,"href":"https:\/\/woo-themes-plugins.com\/fr\/wp-json\/wp\/v2\/media\/2612"}],"wp:attachment":[{"href":"https:\/\/woo-themes-plugins.com\/fr\/wp-json\/wp\/v2\/media?parent=271"}],"wp:term":[{"taxonomy":"product_cat","embeddable":true,"href":"https:\/\/woo-themes-plugins.com\/fr\/wp-json\/wp\/v2\/product_cat?post=271"},{"taxonomy":"product_tag","embeddable":true,"href":"https:\/\/woo-themes-plugins.com\/fr\/wp-json\/wp\/v2\/product_tag?post=271"}],"curies":[{"name":"wp","href":"https:\/\/api.w.org\/{rel}","templated":true}]}}