{"id":272,"date":"2018-03-26T09:22:21","date_gmt":"2018-03-26T08:22:21","guid":{"rendered":"https:\/\/woo-themes-plugins.com\/?post_type=product&#038;p=272"},"modified":"2018-04-26T17:31:04","modified_gmt":"2018-04-26T16:31:04","slug":"fedex-shipping-method-plugin-livraison-plugin-woocommerce","status":"publish","type":"product","link":"https:\/\/woo-themes-plugins.com\/fr\/product\/fedex-shipping-method-plugin-livraison-plugin-woocommerce\/","title":{"rendered":"FedEx Shipping Method &#8211; Plugin Livraison &#8211; Plugin WooCommerce"},"content":{"rendered":"<p>Avant d&rsquo;aller plus loin, il va falloir t&rsquo;assurer que SOAP soit bien actif sur ton <a href=\"https:\/\/hebergement-wp.info\/comparatif-hebergements-woocommerce\/\" target=\"_blank\" rel=\"noopener\">h\u00e9bergement WooCommerce<\/a> ! Sans cela, il te sera impossible de faire fonctionner cette extension WooCommerce. Pour cause, elle effectue des interrogations <em>SOAP <\/em>sur les serveurs de FedEx pour permettre \u00e0 ton client de conna\u00eetre le prix exact \u00e0 payer pour son exp\u00e9dition.<\/p>\n<p>FedEx, c&rsquo;est pas n&rsquo;importe qui dans le monde des exp\u00e9ditions car c&rsquo;est tout de m\u00eame eux qui ont un peu invent\u00e9 le concept&#8230; et avec sa force de frappe r\u00e9partie dans 220 pays&#8230; comment dire&#8230; difficile de faire mieux.<\/p>\n<p>Par d\u00e9faut, cette extension FedEx pour WooCommerce travail sur la base du dollar am\u00e9ricain ou canadien.<\/p>\n","protected":false},"excerpt":{"rendered":"<p>Tu utilises les services de FedEx pour tes exp\u00e9ditions ? Alors voila un plugin WooCommerce qui devrait beaucoup t&rsquo;int\u00e9resser : <em>FedEx Shipping Method<\/em>. Avec ce plugin FedEx pour WooCommerce, tes clients auront toujours le tarif le plus juste qui leur sera appliqu\u00e9.<\/p>\n","protected":false},"featured_media":2620,"template":"","meta":{"_monsterinsights_skip_tracking":false,"_monsterinsights_sitenote_active":false,"_monsterinsights_sitenote_note":"","_monsterinsights_sitenote_category":0},"product_cat":[40],"product_tag":[95,85,55],"class_list":["post-272","product","type-product","status-publish","has-post-thumbnail","hentry","product_cat-plugin-woocommerce","product_tag-fedex-woocommerce","product_tag-commandes-client-woocommerce","product_tag-livraison-woocommerce","pa_dev-woo-plugin-theme-woocommerce","pa_marketplace-woocommerce-woocommerce-com"],"yoast_head":"<!-- This site is optimized with the Yoast SEO plugin v23.1 - https:\/\/yoast.com\/wordpress\/plugins\/seo\/ -->\n<title>FedEx Shipping Method - Plugin Livraison - Plugin WooCommerce<\/title>\n<meta name=\"description\" content=\"Plugin officiel WooCommerce pour int\u00e9grer l&#039;interrogation en temps r\u00e9el des prix pratiqu\u00e9s par le transporteur FedEx. Si tu travails avec WooCommerce et FedEx, voici une extension WooCommerce qui va rapidement t&#039;\u00eatre indispensable !\" \/>\n<meta name=\"robots\" content=\"index, follow, max-snippet:-1, max-image-preview:large, max-video-preview:-1\" \/>\n<link rel=\"canonical\" href=\"https:\/\/woo-themes-plugins.com\/fr\/produit\/fedex-shipping-method-plugin-livraison-plugin-woocommerce\/\" \/>\n<meta property=\"og:locale\" content=\"fr_FR\" \/>\n<meta property=\"og:type\" content=\"article\" \/>\n<meta property=\"og:title\" content=\"FedEx Shipping Method - Plugin Livraison - Plugin WooCommerce\" \/>\n<meta property=\"og:description\" content=\"Plugin officiel WooCommerce pour int\u00e9grer l&#039;interrogation en temps r\u00e9el des prix pratiqu\u00e9s par le transporteur FedEx. Si tu travails avec WooCommerce et FedEx, voici une extension WooCommerce qui va rapidement t&#039;\u00eatre indispensable !\" \/>\n<meta property=\"og:url\" content=\"https:\/\/woo-themes-plugins.com\/fr\/produit\/fedex-shipping-method-plugin-livraison-plugin-woocommerce\/\" \/>\n<meta property=\"og:site_name\" content=\"Woo-themes-plugins.com\" \/>\n<meta property=\"article:modified_time\" content=\"2018-04-26T16:31:04+00:00\" \/>\n<meta property=\"og:image\" content=\"https:\/\/woo-themes-plugins.com\/wp-content\/uploads\/sites\/7\/2018\/03\/woo-themes-plugins_woocommerce-fedex-shipping-method-plugin-woocommerce.jpg\" \/>\n\t<meta property=\"og:image:width\" content=\"900\" \/>\n\t<meta property=\"og:image:height\" content=\"900\" \/>\n\t<meta property=\"og:image:type\" content=\"image\/jpeg\" \/>\n<meta name=\"twitter:label1\" content=\"Dur\u00e9e de lecture estim\u00e9e\" \/>\n\t<meta name=\"twitter:data1\" content=\"1 minute\" \/>\n<script type=\"application\/ld+json\" class=\"yoast-schema-graph\">{\"@context\":\"https:\/\/schema.org\",\"@graph\":[{\"@type\":\"WebPage\",\"@id\":\"https:\/\/woo-themes-plugins.com\/fr\/produit\/fedex-shipping-method-plugin-livraison-plugin-woocommerce\/\",\"url\":\"https:\/\/woo-themes-plugins.com\/fr\/produit\/fedex-shipping-method-plugin-livraison-plugin-woocommerce\/\",\"name\":\"FedEx Shipping Method - Plugin Livraison - Plugin WooCommerce\",\"isPartOf\":{\"@id\":\"https:\/\/woo-themes-plugins.com\/it\/#website\"},\"primaryImageOfPage\":{\"@id\":\"https:\/\/woo-themes-plugins.com\/fr\/produit\/fedex-shipping-method-plugin-livraison-plugin-woocommerce\/#primaryimage\"},\"image\":{\"@id\":\"https:\/\/woo-themes-plugins.com\/fr\/produit\/fedex-shipping-method-plugin-livraison-plugin-woocommerce\/#primaryimage\"},\"thumbnailUrl\":\"https:\/\/woo-themes-plugins.com\/wp-content\/uploads\/sites\/7\/2018\/03\/woo-themes-plugins_woocommerce-fedex-shipping-method-plugin-woocommerce.jpg\",\"datePublished\":\"2018-03-26T08:22:21+00:00\",\"dateModified\":\"2018-04-26T16:31:04+00:00\",\"description\":\"Plugin officiel WooCommerce pour int\u00e9grer l'interrogation en temps r\u00e9el des prix pratiqu\u00e9s par le transporteur FedEx. Si tu travails avec WooCommerce et FedEx, voici une extension WooCommerce qui va rapidement t'\u00eatre indispensable !\",\"breadcrumb\":{\"@id\":\"https:\/\/woo-themes-plugins.com\/fr\/produit\/fedex-shipping-method-plugin-livraison-plugin-woocommerce\/#breadcrumb\"},\"inLanguage\":\"fr-FR\",\"potentialAction\":[{\"@type\":\"ReadAction\",\"target\":[\"https:\/\/woo-themes-plugins.com\/fr\/produit\/fedex-shipping-method-plugin-livraison-plugin-woocommerce\/\"]}]},{\"@type\":\"ImageObject\",\"inLanguage\":\"fr-FR\",\"@id\":\"https:\/\/woo-themes-plugins.com\/fr\/produit\/fedex-shipping-method-plugin-livraison-plugin-woocommerce\/#primaryimage\",\"url\":\"https:\/\/woo-themes-plugins.com\/wp-content\/uploads\/sites\/7\/2018\/03\/woo-themes-plugins_woocommerce-fedex-shipping-method-plugin-woocommerce.jpg\",\"contentUrl\":\"https:\/\/woo-themes-plugins.com\/wp-content\/uploads\/sites\/7\/2018\/03\/woo-themes-plugins_woocommerce-fedex-shipping-method-plugin-woocommerce.jpg\",\"width\":900,\"height\":900},{\"@type\":\"BreadcrumbList\",\"@id\":\"https:\/\/woo-themes-plugins.com\/fr\/produit\/fedex-shipping-method-plugin-livraison-plugin-woocommerce\/#breadcrumb\",\"itemListElement\":[{\"@type\":\"ListItem\",\"position\":1,\"name\":\"Accueil\",\"item\":\"https:\/\/woo-themes-plugins.com\/fr\/\"},{\"@type\":\"ListItem\",\"position\":2,\"name\":\"Shop\",\"item\":\"https:\/\/woo-themes-plugins.com\/shop\/\"},{\"@type\":\"ListItem\",\"position\":3,\"name\":\"FedEx Shipping Method &#8211; Plugin Livraison &#8211; Plugin WooCommerce\"}]},{\"@type\":\"WebSite\",\"@id\":\"https:\/\/woo-themes-plugins.com\/it\/#website\",\"url\":\"https:\/\/woo-themes-plugins.com\/it\/\",\"name\":\"Woo-themes-plugins.com\",\"description\":\"Tous les th\u00e8mes et plugins WooCommerce Premium\",\"potentialAction\":[{\"@type\":\"SearchAction\",\"target\":{\"@type\":\"EntryPoint\",\"urlTemplate\":\"https:\/\/woo-themes-plugins.com\/it\/?s={search_term_string}\"},\"query-input\":\"required name=search_term_string\"}],\"inLanguage\":\"fr-FR\"}]}<\/script>\n<!-- \/ Yoast SEO plugin. -->","yoast_head_json":{"title":"FedEx Shipping Method - Plugin Livraison - Plugin WooCommerce","description":"Plugin officiel WooCommerce pour int\u00e9grer l'interrogation en temps r\u00e9el des prix pratiqu\u00e9s par le transporteur FedEx. Si tu travails avec WooCommerce et FedEx, voici une extension WooCommerce qui va rapidement t'\u00eatre indispensable !","robots":{"index":"index","follow":"follow","max-snippet":"max-snippet:-1","max-image-preview":"max-image-preview:large","max-video-preview":"max-video-preview:-1"},"canonical":"https:\/\/woo-themes-plugins.com\/fr\/produit\/fedex-shipping-method-plugin-livraison-plugin-woocommerce\/","og_locale":"fr_FR","og_type":"article","og_title":"FedEx Shipping Method - Plugin Livraison - Plugin WooCommerce","og_description":"Plugin officiel WooCommerce pour int\u00e9grer l'interrogation en temps r\u00e9el des prix pratiqu\u00e9s par le transporteur FedEx. Si tu travails avec WooCommerce et FedEx, voici une extension WooCommerce qui va rapidement t'\u00eatre indispensable !","og_url":"https:\/\/woo-themes-plugins.com\/fr\/produit\/fedex-shipping-method-plugin-livraison-plugin-woocommerce\/","og_site_name":"Woo-themes-plugins.com","article_modified_time":"2018-04-26T16:31:04+00:00","og_image":[{"width":900,"height":900,"url":"https:\/\/woo-themes-plugins.com\/wp-content\/uploads\/sites\/7\/2018\/03\/woo-themes-plugins_woocommerce-fedex-shipping-method-plugin-woocommerce.jpg","type":"image\/jpeg"}],"twitter_misc":{"Dur\u00e9e de lecture estim\u00e9e":"1 minute"},"schema":{"@context":"https:\/\/schema.org","@graph":[{"@type":"WebPage","@id":"https:\/\/woo-themes-plugins.com\/fr\/produit\/fedex-shipping-method-plugin-livraison-plugin-woocommerce\/","url":"https:\/\/woo-themes-plugins.com\/fr\/produit\/fedex-shipping-method-plugin-livraison-plugin-woocommerce\/","name":"FedEx Shipping Method - Plugin Livraison - Plugin WooCommerce","isPartOf":{"@id":"https:\/\/woo-themes-plugins.com\/it\/#website"},"primaryImageOfPage":{"@id":"https:\/\/woo-themes-plugins.com\/fr\/produit\/fedex-shipping-method-plugin-livraison-plugin-woocommerce\/#primaryimage"},"image":{"@id":"https:\/\/woo-themes-plugins.com\/fr\/produit\/fedex-shipping-method-plugin-livraison-plugin-woocommerce\/#primaryimage"},"thumbnailUrl":"https:\/\/woo-themes-plugins.com\/wp-content\/uploads\/sites\/7\/2018\/03\/woo-themes-plugins_woocommerce-fedex-shipping-method-plugin-woocommerce.jpg","datePublished":"2018-03-26T08:22:21+00:00","dateModified":"2018-04-26T16:31:04+00:00","description":"Plugin officiel WooCommerce pour int\u00e9grer l'interrogation en temps r\u00e9el des prix pratiqu\u00e9s par le transporteur FedEx. Si tu travails avec WooCommerce et FedEx, voici une extension WooCommerce qui va rapidement t'\u00eatre indispensable !","breadcrumb":{"@id":"https:\/\/woo-themes-plugins.com\/fr\/produit\/fedex-shipping-method-plugin-livraison-plugin-woocommerce\/#breadcrumb"},"inLanguage":"fr-FR","potentialAction":[{"@type":"ReadAction","target":["https:\/\/woo-themes-plugins.com\/fr\/produit\/fedex-shipping-method-plugin-livraison-plugin-woocommerce\/"]}]},{"@type":"ImageObject","inLanguage":"fr-FR","@id":"https:\/\/woo-themes-plugins.com\/fr\/produit\/fedex-shipping-method-plugin-livraison-plugin-woocommerce\/#primaryimage","url":"https:\/\/woo-themes-plugins.com\/wp-content\/uploads\/sites\/7\/2018\/03\/woo-themes-plugins_woocommerce-fedex-shipping-method-plugin-woocommerce.jpg","contentUrl":"https:\/\/woo-themes-plugins.com\/wp-content\/uploads\/sites\/7\/2018\/03\/woo-themes-plugins_woocommerce-fedex-shipping-method-plugin-woocommerce.jpg","width":900,"height":900},{"@type":"BreadcrumbList","@id":"https:\/\/woo-themes-plugins.com\/fr\/produit\/fedex-shipping-method-plugin-livraison-plugin-woocommerce\/#breadcrumb","itemListElement":[{"@type":"ListItem","position":1,"name":"Accueil","item":"https:\/\/woo-themes-plugins.com\/fr\/"},{"@type":"ListItem","position":2,"name":"Shop","item":"https:\/\/woo-themes-plugins.com\/shop\/"},{"@type":"ListItem","position":3,"name":"FedEx Shipping Method &#8211; Plugin Livraison &#8211; Plugin WooCommerce"}]},{"@type":"WebSite","@id":"https:\/\/woo-themes-plugins.com\/it\/#website","url":"https:\/\/woo-themes-plugins.com\/it\/","name":"Woo-themes-plugins.com","description":"Tous les th\u00e8mes et plugins WooCommerce Premium","potentialAction":[{"@type":"SearchAction","target":{"@type":"EntryPoint","urlTemplate":"https:\/\/woo-themes-plugins.com\/it\/?s={search_term_string}"},"query-input":"required name=search_term_string"}],"inLanguage":"fr-FR"}]}},"_links":{"self":[{"href":"https:\/\/woo-themes-plugins.com\/fr\/wp-json\/wp\/v2\/product\/272","targetHints":{"allow":["GET"]}}],"collection":[{"href":"https:\/\/woo-themes-plugins.com\/fr\/wp-json\/wp\/v2\/product"}],"about":[{"href":"https:\/\/woo-themes-plugins.com\/fr\/wp-json\/wp\/v2\/types\/product"}],"wp:featuredmedia":[{"embeddable":true,"href":"https:\/\/woo-themes-plugins.com\/fr\/wp-json\/wp\/v2\/media\/2620"}],"wp:attachment":[{"href":"https:\/\/woo-themes-plugins.com\/fr\/wp-json\/wp\/v2\/media?parent=272"}],"wp:term":[{"taxonomy":"product_cat","embeddable":true,"href":"https:\/\/woo-themes-plugins.com\/fr\/wp-json\/wp\/v2\/product_cat?post=272"},{"taxonomy":"product_tag","embeddable":true,"href":"https:\/\/woo-themes-plugins.com\/fr\/wp-json\/wp\/v2\/product_tag?post=272"}],"curies":[{"name":"wp","href":"https:\/\/api.w.org\/{rel}","templated":true}]}}