{"id":273,"date":"2018-03-26T09:24:55","date_gmt":"2018-03-26T08:24:55","guid":{"rendered":"https:\/\/woo-themes-plugins.com\/?post_type=product&#038;p=273"},"modified":"2018-04-26T17:30:50","modified_gmt":"2018-04-26T16:30:50","slug":"catalog-visibility-options-catalogue-en-ligne-plugin-woocommerce","status":"publish","type":"product","link":"https:\/\/woo-themes-plugins.com\/fr\/product\/catalog-visibility-options-catalogue-en-ligne-plugin-woocommerce\/","title":{"rendered":"Catalog Visibility Options \u2013 Catalogue en Ligne \u2013 Plugin WooCommerce"},"content":{"rendered":"<p>Une extension WooCommerce qui a pour but de venir retirer toutes les fonctionnalit\u00e9s eCommerce \u00e0 WooCommerce, c&rsquo;est bien ce que propose l&rsquo;extension WooCommerce <em>Catalog Visibility Options. <\/em>Bien que cela puisse sembler \u00e9trange de prime abord, il arrive parfois que l&rsquo;on ait surtout besoin de pr\u00e9senter un catalogue de produits \u00e0 ses clients, sa possibilit\u00e9 d&rsquo;achat en ligne. WooCommerce est un outil formidable pour pr\u00e9senter un catalogue en ligne si on y pense bien. Il suffit pour cela de venir retirer les fonctionnalit\u00e9s de chariot, le bouton d&rsquo;ajout au panier et retirer tout le checkout et qu&rsquo;est-ce qu&rsquo;on obtient ? Un super syst\u00e8me de catalogue en ligne ! Cerise sur le g\u00e2teau, transformer ton site catalogue en v\u00e9ritable site de eCommerce sera aussi difficile que d\u00e9sactiver cette extension WooCommerce.<\/p>\n<p>Petit d\u00e9tail sympa permis par cette extension WooCommerce, il nous est possible de venir modifier le message sur le bouton d&rsquo;ajout au chariot, voir compl\u00e8tement le supprimer; au choix !<\/p>\n<p>Quelques mots de plus sur ce plugin WooCommerce de gestion de catalogue en ligne :<\/p>\n<ul>\n<li>Possibilit\u00e9 offerte de cacher les prix aux utilisateurs non connect\u00e9s, et de les afficher uniquement aux utilisateurs connect\u00e9s<\/li>\n<li>Possibilit\u00e9 de retirer les fonctionnalit\u00e9s eCommerce en d\u00e9sactivant le chariot<\/li>\n<\/ul>\n","protected":false},"excerpt":{"rendered":"<p>Avec <em>Catalog visibility Options<\/em>, transforme ta boutique en ligne WooCommerce en catalogue en ligne. Dit autrement, ce plugin retire toutes les fonctionnalit\u00e9s propre au eCommerce de WooCommerce pour se contenter de pr\u00e9senter les produits sous forme de catalogue en ligne.<\/p>\n","protected":false},"featured_media":2628,"template":"","meta":{"_monsterinsights_skip_tracking":false,"_monsterinsights_sitenote_active":false,"_monsterinsights_sitenote_note":"","_monsterinsights_sitenote_category":0},"product_cat":[40],"product_tag":[96,69],"class_list":["post-273","product","type-product","status-publish","has-post-thumbnail","hentry","product_cat-plugin-woocommerce","product_tag-catalogue-lookbook-woocommerce","product_tag-gerer-prix-woocommerce","pa_dev-woo-plugin-theme-lucas-stark","pa_marketplace-woocommerce-woocommerce-com"],"yoast_head":"<!-- This site is optimized with the Yoast SEO plugin v23.1 - https:\/\/yoast.com\/wordpress\/plugins\/seo\/ -->\n<title>Catalog Visibility Options \u2013 Catalogue en Ligne \u2013 Plugin WooCommerce<\/title>\n<meta name=\"description\" content=\"Plugin WooCommerce pour transformer sa boutique en ligne WooCommerce en un catalogue en ligne consultable sans possibilit\u00e9 d&#039;achats. Un plugin WooCommerce indispensable pour mettre en ligne un catalogue \u00e0 partir de WooCommerce.\" \/>\n<meta name=\"robots\" content=\"index, follow, max-snippet:-1, max-image-preview:large, max-video-preview:-1\" \/>\n<link rel=\"canonical\" href=\"https:\/\/woo-themes-plugins.com\/fr\/produit\/catalog-visibility-options-catalogue-en-ligne-plugin-woocommerce\/\" \/>\n<meta property=\"og:locale\" content=\"fr_FR\" \/>\n<meta property=\"og:type\" content=\"article\" \/>\n<meta property=\"og:title\" content=\"Catalog Visibility Options \u2013 Catalogue en Ligne \u2013 Plugin WooCommerce\" \/>\n<meta property=\"og:description\" content=\"Plugin WooCommerce pour transformer sa boutique en ligne WooCommerce en un catalogue en ligne consultable sans possibilit\u00e9 d&#039;achats. Un plugin WooCommerce indispensable pour mettre en ligne un catalogue \u00e0 partir de WooCommerce.\" \/>\n<meta property=\"og:url\" content=\"https:\/\/woo-themes-plugins.com\/fr\/produit\/catalog-visibility-options-catalogue-en-ligne-plugin-woocommerce\/\" \/>\n<meta property=\"og:site_name\" content=\"Woo-themes-plugins.com\" \/>\n<meta property=\"article:modified_time\" content=\"2018-04-26T16:30:50+00:00\" \/>\n<meta property=\"og:image\" content=\"https:\/\/woo-themes-plugins.com\/wp-content\/uploads\/sites\/7\/2018\/03\/woo-themes-plugins_woocommerce-catalog-visibilty-options-plugin-woocommerce.jpg\" \/>\n\t<meta property=\"og:image:width\" content=\"900\" \/>\n\t<meta property=\"og:image:height\" content=\"900\" \/>\n\t<meta property=\"og:image:type\" content=\"image\/jpeg\" \/>\n<meta name=\"twitter:label1\" content=\"Dur\u00e9e de lecture estim\u00e9e\" \/>\n\t<meta name=\"twitter:data1\" content=\"1 minute\" \/>\n<script type=\"application\/ld+json\" class=\"yoast-schema-graph\">{\"@context\":\"https:\/\/schema.org\",\"@graph\":[{\"@type\":\"WebPage\",\"@id\":\"https:\/\/woo-themes-plugins.com\/fr\/produit\/catalog-visibility-options-catalogue-en-ligne-plugin-woocommerce\/\",\"url\":\"https:\/\/woo-themes-plugins.com\/fr\/produit\/catalog-visibility-options-catalogue-en-ligne-plugin-woocommerce\/\",\"name\":\"Catalog Visibility Options \u2013 Catalogue en Ligne \u2013 Plugin WooCommerce\",\"isPartOf\":{\"@id\":\"https:\/\/woo-themes-plugins.com\/it\/#website\"},\"primaryImageOfPage\":{\"@id\":\"https:\/\/woo-themes-plugins.com\/fr\/produit\/catalog-visibility-options-catalogue-en-ligne-plugin-woocommerce\/#primaryimage\"},\"image\":{\"@id\":\"https:\/\/woo-themes-plugins.com\/fr\/produit\/catalog-visibility-options-catalogue-en-ligne-plugin-woocommerce\/#primaryimage\"},\"thumbnailUrl\":\"https:\/\/woo-themes-plugins.com\/wp-content\/uploads\/sites\/7\/2018\/03\/woo-themes-plugins_woocommerce-catalog-visibilty-options-plugin-woocommerce.jpg\",\"datePublished\":\"2018-03-26T08:24:55+00:00\",\"dateModified\":\"2018-04-26T16:30:50+00:00\",\"description\":\"Plugin WooCommerce pour transformer sa boutique en ligne WooCommerce en un catalogue en ligne consultable sans possibilit\u00e9 d'achats. Un plugin WooCommerce indispensable pour mettre en ligne un catalogue \u00e0 partir de WooCommerce.\",\"breadcrumb\":{\"@id\":\"https:\/\/woo-themes-plugins.com\/fr\/produit\/catalog-visibility-options-catalogue-en-ligne-plugin-woocommerce\/#breadcrumb\"},\"inLanguage\":\"fr-FR\",\"potentialAction\":[{\"@type\":\"ReadAction\",\"target\":[\"https:\/\/woo-themes-plugins.com\/fr\/produit\/catalog-visibility-options-catalogue-en-ligne-plugin-woocommerce\/\"]}]},{\"@type\":\"ImageObject\",\"inLanguage\":\"fr-FR\",\"@id\":\"https:\/\/woo-themes-plugins.com\/fr\/produit\/catalog-visibility-options-catalogue-en-ligne-plugin-woocommerce\/#primaryimage\",\"url\":\"https:\/\/woo-themes-plugins.com\/wp-content\/uploads\/sites\/7\/2018\/03\/woo-themes-plugins_woocommerce-catalog-visibilty-options-plugin-woocommerce.jpg\",\"contentUrl\":\"https:\/\/woo-themes-plugins.com\/wp-content\/uploads\/sites\/7\/2018\/03\/woo-themes-plugins_woocommerce-catalog-visibilty-options-plugin-woocommerce.jpg\",\"width\":900,\"height\":900},{\"@type\":\"BreadcrumbList\",\"@id\":\"https:\/\/woo-themes-plugins.com\/fr\/produit\/catalog-visibility-options-catalogue-en-ligne-plugin-woocommerce\/#breadcrumb\",\"itemListElement\":[{\"@type\":\"ListItem\",\"position\":1,\"name\":\"Accueil\",\"item\":\"https:\/\/woo-themes-plugins.com\/fr\/\"},{\"@type\":\"ListItem\",\"position\":2,\"name\":\"Shop\",\"item\":\"https:\/\/woo-themes-plugins.com\/shop\/\"},{\"@type\":\"ListItem\",\"position\":3,\"name\":\"Catalog Visibility Options \u2013 Catalogue en Ligne \u2013 Plugin WooCommerce\"}]},{\"@type\":\"WebSite\",\"@id\":\"https:\/\/woo-themes-plugins.com\/it\/#website\",\"url\":\"https:\/\/woo-themes-plugins.com\/it\/\",\"name\":\"Woo-themes-plugins.com\",\"description\":\"Tous les th\u00e8mes et plugins WooCommerce Premium\",\"potentialAction\":[{\"@type\":\"SearchAction\",\"target\":{\"@type\":\"EntryPoint\",\"urlTemplate\":\"https:\/\/woo-themes-plugins.com\/it\/?s={search_term_string}\"},\"query-input\":\"required name=search_term_string\"}],\"inLanguage\":\"fr-FR\"}]}<\/script>\n<!-- \/ Yoast SEO plugin. -->","yoast_head_json":{"title":"Catalog Visibility Options \u2013 Catalogue en Ligne \u2013 Plugin WooCommerce","description":"Plugin WooCommerce pour transformer sa boutique en ligne WooCommerce en un catalogue en ligne consultable sans possibilit\u00e9 d'achats. Un plugin WooCommerce indispensable pour mettre en ligne un catalogue \u00e0 partir de WooCommerce.","robots":{"index":"index","follow":"follow","max-snippet":"max-snippet:-1","max-image-preview":"max-image-preview:large","max-video-preview":"max-video-preview:-1"},"canonical":"https:\/\/woo-themes-plugins.com\/fr\/produit\/catalog-visibility-options-catalogue-en-ligne-plugin-woocommerce\/","og_locale":"fr_FR","og_type":"article","og_title":"Catalog Visibility Options \u2013 Catalogue en Ligne \u2013 Plugin WooCommerce","og_description":"Plugin WooCommerce pour transformer sa boutique en ligne WooCommerce en un catalogue en ligne consultable sans possibilit\u00e9 d'achats. Un plugin WooCommerce indispensable pour mettre en ligne un catalogue \u00e0 partir de WooCommerce.","og_url":"https:\/\/woo-themes-plugins.com\/fr\/produit\/catalog-visibility-options-catalogue-en-ligne-plugin-woocommerce\/","og_site_name":"Woo-themes-plugins.com","article_modified_time":"2018-04-26T16:30:50+00:00","og_image":[{"width":900,"height":900,"url":"https:\/\/woo-themes-plugins.com\/wp-content\/uploads\/sites\/7\/2018\/03\/woo-themes-plugins_woocommerce-catalog-visibilty-options-plugin-woocommerce.jpg","type":"image\/jpeg"}],"twitter_misc":{"Dur\u00e9e de lecture estim\u00e9e":"1 minute"},"schema":{"@context":"https:\/\/schema.org","@graph":[{"@type":"WebPage","@id":"https:\/\/woo-themes-plugins.com\/fr\/produit\/catalog-visibility-options-catalogue-en-ligne-plugin-woocommerce\/","url":"https:\/\/woo-themes-plugins.com\/fr\/produit\/catalog-visibility-options-catalogue-en-ligne-plugin-woocommerce\/","name":"Catalog Visibility Options \u2013 Catalogue en Ligne \u2013 Plugin WooCommerce","isPartOf":{"@id":"https:\/\/woo-themes-plugins.com\/it\/#website"},"primaryImageOfPage":{"@id":"https:\/\/woo-themes-plugins.com\/fr\/produit\/catalog-visibility-options-catalogue-en-ligne-plugin-woocommerce\/#primaryimage"},"image":{"@id":"https:\/\/woo-themes-plugins.com\/fr\/produit\/catalog-visibility-options-catalogue-en-ligne-plugin-woocommerce\/#primaryimage"},"thumbnailUrl":"https:\/\/woo-themes-plugins.com\/wp-content\/uploads\/sites\/7\/2018\/03\/woo-themes-plugins_woocommerce-catalog-visibilty-options-plugin-woocommerce.jpg","datePublished":"2018-03-26T08:24:55+00:00","dateModified":"2018-04-26T16:30:50+00:00","description":"Plugin WooCommerce pour transformer sa boutique en ligne WooCommerce en un catalogue en ligne consultable sans possibilit\u00e9 d'achats. Un plugin WooCommerce indispensable pour mettre en ligne un catalogue \u00e0 partir de WooCommerce.","breadcrumb":{"@id":"https:\/\/woo-themes-plugins.com\/fr\/produit\/catalog-visibility-options-catalogue-en-ligne-plugin-woocommerce\/#breadcrumb"},"inLanguage":"fr-FR","potentialAction":[{"@type":"ReadAction","target":["https:\/\/woo-themes-plugins.com\/fr\/produit\/catalog-visibility-options-catalogue-en-ligne-plugin-woocommerce\/"]}]},{"@type":"ImageObject","inLanguage":"fr-FR","@id":"https:\/\/woo-themes-plugins.com\/fr\/produit\/catalog-visibility-options-catalogue-en-ligne-plugin-woocommerce\/#primaryimage","url":"https:\/\/woo-themes-plugins.com\/wp-content\/uploads\/sites\/7\/2018\/03\/woo-themes-plugins_woocommerce-catalog-visibilty-options-plugin-woocommerce.jpg","contentUrl":"https:\/\/woo-themes-plugins.com\/wp-content\/uploads\/sites\/7\/2018\/03\/woo-themes-plugins_woocommerce-catalog-visibilty-options-plugin-woocommerce.jpg","width":900,"height":900},{"@type":"BreadcrumbList","@id":"https:\/\/woo-themes-plugins.com\/fr\/produit\/catalog-visibility-options-catalogue-en-ligne-plugin-woocommerce\/#breadcrumb","itemListElement":[{"@type":"ListItem","position":1,"name":"Accueil","item":"https:\/\/woo-themes-plugins.com\/fr\/"},{"@type":"ListItem","position":2,"name":"Shop","item":"https:\/\/woo-themes-plugins.com\/shop\/"},{"@type":"ListItem","position":3,"name":"Catalog Visibility Options \u2013 Catalogue en Ligne \u2013 Plugin WooCommerce"}]},{"@type":"WebSite","@id":"https:\/\/woo-themes-plugins.com\/it\/#website","url":"https:\/\/woo-themes-plugins.com\/it\/","name":"Woo-themes-plugins.com","description":"Tous les th\u00e8mes et plugins WooCommerce Premium","potentialAction":[{"@type":"SearchAction","target":{"@type":"EntryPoint","urlTemplate":"https:\/\/woo-themes-plugins.com\/it\/?s={search_term_string}"},"query-input":"required name=search_term_string"}],"inLanguage":"fr-FR"}]}},"_links":{"self":[{"href":"https:\/\/woo-themes-plugins.com\/fr\/wp-json\/wp\/v2\/product\/273","targetHints":{"allow":["GET"]}}],"collection":[{"href":"https:\/\/woo-themes-plugins.com\/fr\/wp-json\/wp\/v2\/product"}],"about":[{"href":"https:\/\/woo-themes-plugins.com\/fr\/wp-json\/wp\/v2\/types\/product"}],"wp:featuredmedia":[{"embeddable":true,"href":"https:\/\/woo-themes-plugins.com\/fr\/wp-json\/wp\/v2\/media\/2628"}],"wp:attachment":[{"href":"https:\/\/woo-themes-plugins.com\/fr\/wp-json\/wp\/v2\/media?parent=273"}],"wp:term":[{"taxonomy":"product_cat","embeddable":true,"href":"https:\/\/woo-themes-plugins.com\/fr\/wp-json\/wp\/v2\/product_cat?post=273"},{"taxonomy":"product_tag","embeddable":true,"href":"https:\/\/woo-themes-plugins.com\/fr\/wp-json\/wp\/v2\/product_tag?post=273"}],"curies":[{"name":"wp","href":"https:\/\/api.w.org\/{rel}","templated":true}]}}