{"id":274,"date":"2018-03-26T09:28:06","date_gmt":"2018-03-26T08:28:06","guid":{"rendered":"https:\/\/woo-themes-plugins.com\/?post_type=product&#038;p=274"},"modified":"2018-04-26T17:30:43","modified_gmt":"2018-04-26T16:30:43","slug":"follow-ups-emailing-emarketing-plugin-woocommerce-fidelisation","status":"publish","type":"product","link":"https:\/\/woo-themes-plugins.com\/fr\/product\/follow-ups-emailing-emarketing-plugin-woocommerce-fidelisation\/","title":{"rendered":"Follow Ups &#8211; eMailing &amp; eMarketing \u2013 Plugin WooCommerce Fid\u00e9lisation"},"content":{"rendered":"<p>Follow Ups s&rsquo;adresse \u00e0 deux publiques diff\u00e9rents, ceux travaillant avec des clients (une boutique de eCommerce en gros) et ceux travaillant \u00e0 fournir de la formation en ligne. Si j&rsquo;en parle, c&rsquo;est que cette extension WooCommerce va nous permettre de mettre en place des automatismes, dans ces deux types de cas.<\/p>\n<p>Gr\u00e2ce \u00e0 ce plugin WooCommerce, tu va pouvoir avoir un meilleur engagement de tes clients ou \u00e9tudiants en mettant sur pied des solutions complexes de campagnes d&#8217;emailing automatiques le tout bas\u00e9 sur l&rsquo;historique de chaque client.<\/p>\n<p>Ce plugin WooCommerce nous permet de :<\/p>\n<ul>\n<li>Utiliser la force qu&rsquo;est l&#8217;email et twitter sur nos clients et prospects<\/li>\n<li>Suivre avec efficacit\u00e9 le suivi de nos campagnes<\/li>\n<li>Automatise le processus de la communication marketing \u00e0 destinations de nos client<\/li>\n<li>Possibilit\u00e9 de ciblage sur ses clients pour se focaliser sur les 20% r\u00e9alisant 80% de notre chiffre d&rsquo;affaire<\/li>\n<li>Possibilit\u00e9 de personnaliser les templates utilis\u00e9s pour l&rsquo;envoi des courriels, \u00e0 chaque campagne<\/li>\n<\/ul>\n<p>L&rsquo;utilisation du levier marketing qu&rsquo;est l&#8217;email est \u00e0 prendre tr\u00e8s au s\u00e9rieux. De tr\u00e8s nombreuses \u00e9tudes montrent qu&rsquo;un euro de d\u00e9pens\u00e9 est bien souvent multipli\u00e9 par quarante. Ce n&rsquo;est pas une blague.<\/p>\n","protected":false},"excerpt":{"rendered":"<p>Le plugin WooCommerce <em>Follow Ups <\/em>va te permettre de travailler simplement l&rsquo;aspect eMarketing de ton site de eCommerce, tout en offrant une tr\u00e8s grande richesse de segmentation. Une des forces de ce plugin est d&rsquo;offrir \u00e0 la fois un v\u00e9ritable support de l&#8217;emailing marketing, mais aussi de quoi communiquer sur les r\u00e9seaux, indispensable aujourd\u2019hui.<\/p>\n","protected":false},"featured_media":2636,"template":"","meta":{"_monsterinsights_skip_tracking":false,"_monsterinsights_sitenote_active":false,"_monsterinsights_sitenote_note":"","_monsterinsights_sitenote_category":0},"product_cat":[40],"product_tag":[79,97,81,80,98],"class_list":["post-274","product","type-product","status-publish","has-post-thumbnail","hentry","product_cat-plugin-woocommerce","product_tag-emailing-marketing-woocommerce","product_tag-fidelisation-client-woocommerce","product_tag-mailchimp-woocommerce","product_tag-plugin-emarketing-woocommerce","product_tag-reseau-sociaux-woocommerce","pa_dev-woo-plugin-theme-woocommerce","pa_marketplace-woocommerce-woocommerce-com"],"yoast_head":"<!-- This site is optimized with the Yoast SEO plugin v23.1 - https:\/\/yoast.com\/wordpress\/plugins\/seo\/ -->\n<title>Follow Ups - eMailing &amp; eMarketing Automatique pour WooCommerce<\/title>\n<meta name=\"description\" content=\"Follow Ups, c&#039;est le plugin officiel WooCommerce qui nous permet d&#039;envoyer automatiquement des emails et des tweets \u00e0 nos clients et prospects, tout en nous permettant de tout suivre au travers d&#039;une interface de tracking tr\u00e8s efficace. Un plugin indispensable pour augementer son chiffre d&#039;affaire.\" \/>\n<meta name=\"robots\" content=\"index, follow, max-snippet:-1, max-image-preview:large, max-video-preview:-1\" \/>\n<link rel=\"canonical\" href=\"https:\/\/woo-themes-plugins.com\/fr\/produit\/follow-ups-emailing-emarketing-plugin-woocommerce-fidelisation\/\" \/>\n<meta property=\"og:locale\" content=\"fr_FR\" \/>\n<meta property=\"og:type\" content=\"article\" \/>\n<meta property=\"og:title\" content=\"Follow Ups - eMailing &amp; eMarketing Automatique pour WooCommerce\" \/>\n<meta property=\"og:description\" content=\"Follow Ups, c&#039;est le plugin officiel WooCommerce qui nous permet d&#039;envoyer automatiquement des emails et des tweets \u00e0 nos clients et prospects, tout en nous permettant de tout suivre au travers d&#039;une interface de tracking tr\u00e8s efficace. Un plugin indispensable pour augementer son chiffre d&#039;affaire.\" \/>\n<meta property=\"og:url\" content=\"https:\/\/woo-themes-plugins.com\/fr\/produit\/follow-ups-emailing-emarketing-plugin-woocommerce-fidelisation\/\" \/>\n<meta property=\"og:site_name\" content=\"Woo-themes-plugins.com\" \/>\n<meta property=\"article:modified_time\" content=\"2018-04-26T16:30:43+00:00\" \/>\n<meta property=\"og:image\" content=\"https:\/\/woo-themes-plugins.com\/wp-content\/uploads\/sites\/7\/2018\/03\/woo-themes-plugins_woocommerce-follow-ups-plugin-woocommerce.jpg\" \/>\n\t<meta property=\"og:image:width\" content=\"900\" \/>\n\t<meta property=\"og:image:height\" content=\"900\" \/>\n\t<meta property=\"og:image:type\" content=\"image\/jpeg\" \/>\n<meta name=\"twitter:label1\" content=\"Dur\u00e9e de lecture estim\u00e9e\" \/>\n\t<meta name=\"twitter:data1\" content=\"1 minute\" \/>\n<script type=\"application\/ld+json\" class=\"yoast-schema-graph\">{\"@context\":\"https:\/\/schema.org\",\"@graph\":[{\"@type\":\"WebPage\",\"@id\":\"https:\/\/woo-themes-plugins.com\/fr\/produit\/follow-ups-emailing-emarketing-plugin-woocommerce-fidelisation\/\",\"url\":\"https:\/\/woo-themes-plugins.com\/fr\/produit\/follow-ups-emailing-emarketing-plugin-woocommerce-fidelisation\/\",\"name\":\"Follow Ups - eMailing & eMarketing Automatique pour WooCommerce\",\"isPartOf\":{\"@id\":\"https:\/\/woo-themes-plugins.com\/it\/#website\"},\"primaryImageOfPage\":{\"@id\":\"https:\/\/woo-themes-plugins.com\/fr\/produit\/follow-ups-emailing-emarketing-plugin-woocommerce-fidelisation\/#primaryimage\"},\"image\":{\"@id\":\"https:\/\/woo-themes-plugins.com\/fr\/produit\/follow-ups-emailing-emarketing-plugin-woocommerce-fidelisation\/#primaryimage\"},\"thumbnailUrl\":\"https:\/\/woo-themes-plugins.com\/wp-content\/uploads\/sites\/7\/2018\/03\/woo-themes-plugins_woocommerce-follow-ups-plugin-woocommerce.jpg\",\"datePublished\":\"2018-03-26T08:28:06+00:00\",\"dateModified\":\"2018-04-26T16:30:43+00:00\",\"description\":\"Follow Ups, c'est le plugin officiel WooCommerce qui nous permet d'envoyer automatiquement des emails et des tweets \u00e0 nos clients et prospects, tout en nous permettant de tout suivre au travers d'une interface de tracking tr\u00e8s efficace. Un plugin indispensable pour augementer son chiffre d'affaire.\",\"breadcrumb\":{\"@id\":\"https:\/\/woo-themes-plugins.com\/fr\/produit\/follow-ups-emailing-emarketing-plugin-woocommerce-fidelisation\/#breadcrumb\"},\"inLanguage\":\"fr-FR\",\"potentialAction\":[{\"@type\":\"ReadAction\",\"target\":[\"https:\/\/woo-themes-plugins.com\/fr\/produit\/follow-ups-emailing-emarketing-plugin-woocommerce-fidelisation\/\"]}]},{\"@type\":\"ImageObject\",\"inLanguage\":\"fr-FR\",\"@id\":\"https:\/\/woo-themes-plugins.com\/fr\/produit\/follow-ups-emailing-emarketing-plugin-woocommerce-fidelisation\/#primaryimage\",\"url\":\"https:\/\/woo-themes-plugins.com\/wp-content\/uploads\/sites\/7\/2018\/03\/woo-themes-plugins_woocommerce-follow-ups-plugin-woocommerce.jpg\",\"contentUrl\":\"https:\/\/woo-themes-plugins.com\/wp-content\/uploads\/sites\/7\/2018\/03\/woo-themes-plugins_woocommerce-follow-ups-plugin-woocommerce.jpg\",\"width\":900,\"height\":900},{\"@type\":\"BreadcrumbList\",\"@id\":\"https:\/\/woo-themes-plugins.com\/fr\/produit\/follow-ups-emailing-emarketing-plugin-woocommerce-fidelisation\/#breadcrumb\",\"itemListElement\":[{\"@type\":\"ListItem\",\"position\":1,\"name\":\"Accueil\",\"item\":\"https:\/\/woo-themes-plugins.com\/fr\/\"},{\"@type\":\"ListItem\",\"position\":2,\"name\":\"Shop\",\"item\":\"https:\/\/woo-themes-plugins.com\/shop\/\"},{\"@type\":\"ListItem\",\"position\":3,\"name\":\"Follow Ups &#8211; eMailing &amp; eMarketing \u2013 Plugin WooCommerce Fid\u00e9lisation\"}]},{\"@type\":\"WebSite\",\"@id\":\"https:\/\/woo-themes-plugins.com\/it\/#website\",\"url\":\"https:\/\/woo-themes-plugins.com\/it\/\",\"name\":\"Woo-themes-plugins.com\",\"description\":\"Tous les th\u00e8mes et plugins WooCommerce Premium\",\"potentialAction\":[{\"@type\":\"SearchAction\",\"target\":{\"@type\":\"EntryPoint\",\"urlTemplate\":\"https:\/\/woo-themes-plugins.com\/it\/?s={search_term_string}\"},\"query-input\":\"required name=search_term_string\"}],\"inLanguage\":\"fr-FR\"}]}<\/script>\n<!-- \/ Yoast SEO plugin. -->","yoast_head_json":{"title":"Follow Ups - eMailing & eMarketing Automatique pour WooCommerce","description":"Follow Ups, c'est le plugin officiel WooCommerce qui nous permet d'envoyer automatiquement des emails et des tweets \u00e0 nos clients et prospects, tout en nous permettant de tout suivre au travers d'une interface de tracking tr\u00e8s efficace. Un plugin indispensable pour augementer son chiffre d'affaire.","robots":{"index":"index","follow":"follow","max-snippet":"max-snippet:-1","max-image-preview":"max-image-preview:large","max-video-preview":"max-video-preview:-1"},"canonical":"https:\/\/woo-themes-plugins.com\/fr\/produit\/follow-ups-emailing-emarketing-plugin-woocommerce-fidelisation\/","og_locale":"fr_FR","og_type":"article","og_title":"Follow Ups - eMailing & eMarketing Automatique pour WooCommerce","og_description":"Follow Ups, c'est le plugin officiel WooCommerce qui nous permet d'envoyer automatiquement des emails et des tweets \u00e0 nos clients et prospects, tout en nous permettant de tout suivre au travers d'une interface de tracking tr\u00e8s efficace. Un plugin indispensable pour augementer son chiffre d'affaire.","og_url":"https:\/\/woo-themes-plugins.com\/fr\/produit\/follow-ups-emailing-emarketing-plugin-woocommerce-fidelisation\/","og_site_name":"Woo-themes-plugins.com","article_modified_time":"2018-04-26T16:30:43+00:00","og_image":[{"width":900,"height":900,"url":"https:\/\/woo-themes-plugins.com\/wp-content\/uploads\/sites\/7\/2018\/03\/woo-themes-plugins_woocommerce-follow-ups-plugin-woocommerce.jpg","type":"image\/jpeg"}],"twitter_misc":{"Dur\u00e9e de lecture estim\u00e9e":"1 minute"},"schema":{"@context":"https:\/\/schema.org","@graph":[{"@type":"WebPage","@id":"https:\/\/woo-themes-plugins.com\/fr\/produit\/follow-ups-emailing-emarketing-plugin-woocommerce-fidelisation\/","url":"https:\/\/woo-themes-plugins.com\/fr\/produit\/follow-ups-emailing-emarketing-plugin-woocommerce-fidelisation\/","name":"Follow Ups - eMailing & eMarketing Automatique pour WooCommerce","isPartOf":{"@id":"https:\/\/woo-themes-plugins.com\/it\/#website"},"primaryImageOfPage":{"@id":"https:\/\/woo-themes-plugins.com\/fr\/produit\/follow-ups-emailing-emarketing-plugin-woocommerce-fidelisation\/#primaryimage"},"image":{"@id":"https:\/\/woo-themes-plugins.com\/fr\/produit\/follow-ups-emailing-emarketing-plugin-woocommerce-fidelisation\/#primaryimage"},"thumbnailUrl":"https:\/\/woo-themes-plugins.com\/wp-content\/uploads\/sites\/7\/2018\/03\/woo-themes-plugins_woocommerce-follow-ups-plugin-woocommerce.jpg","datePublished":"2018-03-26T08:28:06+00:00","dateModified":"2018-04-26T16:30:43+00:00","description":"Follow Ups, c'est le plugin officiel WooCommerce qui nous permet d'envoyer automatiquement des emails et des tweets \u00e0 nos clients et prospects, tout en nous permettant de tout suivre au travers d'une interface de tracking tr\u00e8s efficace. Un plugin indispensable pour augementer son chiffre d'affaire.","breadcrumb":{"@id":"https:\/\/woo-themes-plugins.com\/fr\/produit\/follow-ups-emailing-emarketing-plugin-woocommerce-fidelisation\/#breadcrumb"},"inLanguage":"fr-FR","potentialAction":[{"@type":"ReadAction","target":["https:\/\/woo-themes-plugins.com\/fr\/produit\/follow-ups-emailing-emarketing-plugin-woocommerce-fidelisation\/"]}]},{"@type":"ImageObject","inLanguage":"fr-FR","@id":"https:\/\/woo-themes-plugins.com\/fr\/produit\/follow-ups-emailing-emarketing-plugin-woocommerce-fidelisation\/#primaryimage","url":"https:\/\/woo-themes-plugins.com\/wp-content\/uploads\/sites\/7\/2018\/03\/woo-themes-plugins_woocommerce-follow-ups-plugin-woocommerce.jpg","contentUrl":"https:\/\/woo-themes-plugins.com\/wp-content\/uploads\/sites\/7\/2018\/03\/woo-themes-plugins_woocommerce-follow-ups-plugin-woocommerce.jpg","width":900,"height":900},{"@type":"BreadcrumbList","@id":"https:\/\/woo-themes-plugins.com\/fr\/produit\/follow-ups-emailing-emarketing-plugin-woocommerce-fidelisation\/#breadcrumb","itemListElement":[{"@type":"ListItem","position":1,"name":"Accueil","item":"https:\/\/woo-themes-plugins.com\/fr\/"},{"@type":"ListItem","position":2,"name":"Shop","item":"https:\/\/woo-themes-plugins.com\/shop\/"},{"@type":"ListItem","position":3,"name":"Follow Ups &#8211; eMailing &amp; eMarketing \u2013 Plugin WooCommerce Fid\u00e9lisation"}]},{"@type":"WebSite","@id":"https:\/\/woo-themes-plugins.com\/it\/#website","url":"https:\/\/woo-themes-plugins.com\/it\/","name":"Woo-themes-plugins.com","description":"Tous les th\u00e8mes et plugins WooCommerce Premium","potentialAction":[{"@type":"SearchAction","target":{"@type":"EntryPoint","urlTemplate":"https:\/\/woo-themes-plugins.com\/it\/?s={search_term_string}"},"query-input":"required name=search_term_string"}],"inLanguage":"fr-FR"}]}},"_links":{"self":[{"href":"https:\/\/woo-themes-plugins.com\/fr\/wp-json\/wp\/v2\/product\/274","targetHints":{"allow":["GET"]}}],"collection":[{"href":"https:\/\/woo-themes-plugins.com\/fr\/wp-json\/wp\/v2\/product"}],"about":[{"href":"https:\/\/woo-themes-plugins.com\/fr\/wp-json\/wp\/v2\/types\/product"}],"wp:featuredmedia":[{"embeddable":true,"href":"https:\/\/woo-themes-plugins.com\/fr\/wp-json\/wp\/v2\/media\/2636"}],"wp:attachment":[{"href":"https:\/\/woo-themes-plugins.com\/fr\/wp-json\/wp\/v2\/media?parent=274"}],"wp:term":[{"taxonomy":"product_cat","embeddable":true,"href":"https:\/\/woo-themes-plugins.com\/fr\/wp-json\/wp\/v2\/product_cat?post=274"},{"taxonomy":"product_tag","embeddable":true,"href":"https:\/\/woo-themes-plugins.com\/fr\/wp-json\/wp\/v2\/product_tag?post=274"}],"curies":[{"name":"wp","href":"https:\/\/api.w.org\/{rel}","templated":true}]}}