{"id":275,"date":"2018-03-26T09:32:57","date_gmt":"2018-03-26T08:32:57","guid":{"rendered":"https:\/\/woo-themes-plugins.com\/?post_type=product&#038;p=275"},"modified":"2018-04-26T17:30:27","modified_gmt":"2018-04-26T16:30:27","slug":"min-max-quantities-commandes-avec-quantite-minimale-ou-maximale-plugin-woocommerce","status":"publish","type":"product","link":"https:\/\/woo-themes-plugins.com\/fr\/product\/min-max-quantities-commandes-avec-quantite-minimale-ou-maximale-plugin-woocommerce\/","title":{"rendered":"Min\/Max Quantities &#8211; Commandes avec Quantit\u00e9 Minimale ou Maximale \u2013 Plugin WooCommerce"},"content":{"rendered":"<p>Tu vas enfin pouvoir d\u00e9finir simplement des r\u00e8gles au niveau de la totalit\u00e9 de la commande client ou du produit et de ses variations, pour bien g\u00e9rer les quantit\u00e9s command\u00e9es.<\/p>\n","protected":false},"excerpt":{"rendered":"<p>Besoin de venir limit\u00e9 la mise en panier d&rsquo;une certaine quantit\u00e9 sur un produit donn\u00e9 ? Sur ses variations ? Sur des groupes de produit ? Le plugin <em>Min\/Max Quantities <\/em>d\u00e9velopp\u00e9 par WooCommerce te propose d&rsquo;ajouter ces fonctions \u00e0 ton site WooCommerce, et le tout simplement.<\/p>\n","protected":false},"featured_media":2644,"template":"","meta":{"_monsterinsights_skip_tracking":false,"_monsterinsights_sitenote_active":false,"_monsterinsights_sitenote_note":"","_monsterinsights_sitenote_category":0},"product_cat":[40],"product_tag":[99,63],"class_list":["post-275","product","type-product","status-publish","has-post-thumbnail","hentry","product_cat-plugin-woocommerce","product_tag-gerer-quantite-woocommerce","product_tag-produit-woocommerce-produit-groupe-produit-complementaire","pa_dev-woo-plugin-theme-woocommerce","pa_marketplace-woocommerce-woocommerce-com"],"yoast_head":"<!-- This site is optimized with the Yoast SEO plugin v23.1 - https:\/\/yoast.com\/wordpress\/plugins\/seo\/ -->\n<title>Min\/Max Quantities - Gestion Quantit\u00e9 Commande WooCommerce<\/title>\n<meta name=\"description\" content=\"Une super petite extension d\u00e9velopp\u00e9e par WooCommerce pour nous offrir la gestion fine des quantit\u00e9s que le client peut commander, des paliers, des seuils et des lots commandables. Une petite p\u00e9pite d&#039;extension pour g\u00e9rer finement les quantit\u00e9s commandables par les clients.\" \/>\n<meta name=\"robots\" content=\"index, follow, max-snippet:-1, max-image-preview:large, max-video-preview:-1\" \/>\n<link rel=\"canonical\" href=\"https:\/\/woo-themes-plugins.com\/fr\/produit\/min-max-quantities-commandes-avec-quantite-minimale-ou-maximale-plugin-woocommerce\/\" \/>\n<meta property=\"og:locale\" content=\"fr_FR\" \/>\n<meta property=\"og:type\" content=\"article\" \/>\n<meta property=\"og:title\" content=\"Min\/Max Quantities - Gestion Quantit\u00e9 Commande WooCommerce\" \/>\n<meta property=\"og:description\" content=\"Une super petite extension d\u00e9velopp\u00e9e par WooCommerce pour nous offrir la gestion fine des quantit\u00e9s que le client peut commander, des paliers, des seuils et des lots commandables. Une petite p\u00e9pite d&#039;extension pour g\u00e9rer finement les quantit\u00e9s commandables par les clients.\" \/>\n<meta property=\"og:url\" content=\"https:\/\/woo-themes-plugins.com\/fr\/produit\/min-max-quantities-commandes-avec-quantite-minimale-ou-maximale-plugin-woocommerce\/\" \/>\n<meta property=\"og:site_name\" content=\"Woo-themes-plugins.com\" \/>\n<meta property=\"article:modified_time\" content=\"2018-04-26T16:30:27+00:00\" \/>\n<meta property=\"og:image\" content=\"https:\/\/woo-themes-plugins.com\/wp-content\/uploads\/sites\/7\/2018\/03\/woo-themes-plugins_woocommerce-min-max-quantities-plugin-woocommerce.jpg\" \/>\n\t<meta property=\"og:image:width\" content=\"900\" \/>\n\t<meta property=\"og:image:height\" content=\"900\" \/>\n\t<meta property=\"og:image:type\" content=\"image\/jpeg\" \/>\n<script type=\"application\/ld+json\" class=\"yoast-schema-graph\">{\"@context\":\"https:\/\/schema.org\",\"@graph\":[{\"@type\":\"WebPage\",\"@id\":\"https:\/\/woo-themes-plugins.com\/fr\/produit\/min-max-quantities-commandes-avec-quantite-minimale-ou-maximale-plugin-woocommerce\/\",\"url\":\"https:\/\/woo-themes-plugins.com\/fr\/produit\/min-max-quantities-commandes-avec-quantite-minimale-ou-maximale-plugin-woocommerce\/\",\"name\":\"Min\/Max Quantities - Gestion Quantit\u00e9 Commande WooCommerce\",\"isPartOf\":{\"@id\":\"https:\/\/woo-themes-plugins.com\/it\/#website\"},\"primaryImageOfPage\":{\"@id\":\"https:\/\/woo-themes-plugins.com\/fr\/produit\/min-max-quantities-commandes-avec-quantite-minimale-ou-maximale-plugin-woocommerce\/#primaryimage\"},\"image\":{\"@id\":\"https:\/\/woo-themes-plugins.com\/fr\/produit\/min-max-quantities-commandes-avec-quantite-minimale-ou-maximale-plugin-woocommerce\/#primaryimage\"},\"thumbnailUrl\":\"https:\/\/woo-themes-plugins.com\/wp-content\/uploads\/sites\/7\/2018\/03\/woo-themes-plugins_woocommerce-min-max-quantities-plugin-woocommerce.jpg\",\"datePublished\":\"2018-03-26T08:32:57+00:00\",\"dateModified\":\"2018-04-26T16:30:27+00:00\",\"description\":\"Une super petite extension d\u00e9velopp\u00e9e par WooCommerce pour nous offrir la gestion fine des quantit\u00e9s que le client peut commander, des paliers, des seuils et des lots commandables. Une petite p\u00e9pite d'extension pour g\u00e9rer finement les quantit\u00e9s commandables par les clients.\",\"breadcrumb\":{\"@id\":\"https:\/\/woo-themes-plugins.com\/fr\/produit\/min-max-quantities-commandes-avec-quantite-minimale-ou-maximale-plugin-woocommerce\/#breadcrumb\"},\"inLanguage\":\"fr-FR\",\"potentialAction\":[{\"@type\":\"ReadAction\",\"target\":[\"https:\/\/woo-themes-plugins.com\/fr\/produit\/min-max-quantities-commandes-avec-quantite-minimale-ou-maximale-plugin-woocommerce\/\"]}]},{\"@type\":\"ImageObject\",\"inLanguage\":\"fr-FR\",\"@id\":\"https:\/\/woo-themes-plugins.com\/fr\/produit\/min-max-quantities-commandes-avec-quantite-minimale-ou-maximale-plugin-woocommerce\/#primaryimage\",\"url\":\"https:\/\/woo-themes-plugins.com\/wp-content\/uploads\/sites\/7\/2018\/03\/woo-themes-plugins_woocommerce-min-max-quantities-plugin-woocommerce.jpg\",\"contentUrl\":\"https:\/\/woo-themes-plugins.com\/wp-content\/uploads\/sites\/7\/2018\/03\/woo-themes-plugins_woocommerce-min-max-quantities-plugin-woocommerce.jpg\",\"width\":900,\"height\":900},{\"@type\":\"BreadcrumbList\",\"@id\":\"https:\/\/woo-themes-plugins.com\/fr\/produit\/min-max-quantities-commandes-avec-quantite-minimale-ou-maximale-plugin-woocommerce\/#breadcrumb\",\"itemListElement\":[{\"@type\":\"ListItem\",\"position\":1,\"name\":\"Accueil\",\"item\":\"https:\/\/woo-themes-plugins.com\/fr\/\"},{\"@type\":\"ListItem\",\"position\":2,\"name\":\"Shop\",\"item\":\"https:\/\/woo-themes-plugins.com\/shop\/\"},{\"@type\":\"ListItem\",\"position\":3,\"name\":\"Min\/Max Quantities &#8211; Commandes avec Quantit\u00e9 Minimale ou Maximale \u2013 Plugin WooCommerce\"}]},{\"@type\":\"WebSite\",\"@id\":\"https:\/\/woo-themes-plugins.com\/it\/#website\",\"url\":\"https:\/\/woo-themes-plugins.com\/it\/\",\"name\":\"Woo-themes-plugins.com\",\"description\":\"Tous les th\u00e8mes et plugins WooCommerce Premium\",\"potentialAction\":[{\"@type\":\"SearchAction\",\"target\":{\"@type\":\"EntryPoint\",\"urlTemplate\":\"https:\/\/woo-themes-plugins.com\/it\/?s={search_term_string}\"},\"query-input\":\"required name=search_term_string\"}],\"inLanguage\":\"fr-FR\"}]}<\/script>\n<!-- \/ Yoast SEO plugin. -->","yoast_head_json":{"title":"Min\/Max Quantities - Gestion Quantit\u00e9 Commande WooCommerce","description":"Une super petite extension d\u00e9velopp\u00e9e par WooCommerce pour nous offrir la gestion fine des quantit\u00e9s que le client peut commander, des paliers, des seuils et des lots commandables. Une petite p\u00e9pite d'extension pour g\u00e9rer finement les quantit\u00e9s commandables par les clients.","robots":{"index":"index","follow":"follow","max-snippet":"max-snippet:-1","max-image-preview":"max-image-preview:large","max-video-preview":"max-video-preview:-1"},"canonical":"https:\/\/woo-themes-plugins.com\/fr\/produit\/min-max-quantities-commandes-avec-quantite-minimale-ou-maximale-plugin-woocommerce\/","og_locale":"fr_FR","og_type":"article","og_title":"Min\/Max Quantities - Gestion Quantit\u00e9 Commande WooCommerce","og_description":"Une super petite extension d\u00e9velopp\u00e9e par WooCommerce pour nous offrir la gestion fine des quantit\u00e9s que le client peut commander, des paliers, des seuils et des lots commandables. Une petite p\u00e9pite d'extension pour g\u00e9rer finement les quantit\u00e9s commandables par les clients.","og_url":"https:\/\/woo-themes-plugins.com\/fr\/produit\/min-max-quantities-commandes-avec-quantite-minimale-ou-maximale-plugin-woocommerce\/","og_site_name":"Woo-themes-plugins.com","article_modified_time":"2018-04-26T16:30:27+00:00","og_image":[{"width":900,"height":900,"url":"https:\/\/woo-themes-plugins.com\/wp-content\/uploads\/sites\/7\/2018\/03\/woo-themes-plugins_woocommerce-min-max-quantities-plugin-woocommerce.jpg","type":"image\/jpeg"}],"schema":{"@context":"https:\/\/schema.org","@graph":[{"@type":"WebPage","@id":"https:\/\/woo-themes-plugins.com\/fr\/produit\/min-max-quantities-commandes-avec-quantite-minimale-ou-maximale-plugin-woocommerce\/","url":"https:\/\/woo-themes-plugins.com\/fr\/produit\/min-max-quantities-commandes-avec-quantite-minimale-ou-maximale-plugin-woocommerce\/","name":"Min\/Max Quantities - Gestion Quantit\u00e9 Commande WooCommerce","isPartOf":{"@id":"https:\/\/woo-themes-plugins.com\/it\/#website"},"primaryImageOfPage":{"@id":"https:\/\/woo-themes-plugins.com\/fr\/produit\/min-max-quantities-commandes-avec-quantite-minimale-ou-maximale-plugin-woocommerce\/#primaryimage"},"image":{"@id":"https:\/\/woo-themes-plugins.com\/fr\/produit\/min-max-quantities-commandes-avec-quantite-minimale-ou-maximale-plugin-woocommerce\/#primaryimage"},"thumbnailUrl":"https:\/\/woo-themes-plugins.com\/wp-content\/uploads\/sites\/7\/2018\/03\/woo-themes-plugins_woocommerce-min-max-quantities-plugin-woocommerce.jpg","datePublished":"2018-03-26T08:32:57+00:00","dateModified":"2018-04-26T16:30:27+00:00","description":"Une super petite extension d\u00e9velopp\u00e9e par WooCommerce pour nous offrir la gestion fine des quantit\u00e9s que le client peut commander, des paliers, des seuils et des lots commandables. Une petite p\u00e9pite d'extension pour g\u00e9rer finement les quantit\u00e9s commandables par les clients.","breadcrumb":{"@id":"https:\/\/woo-themes-plugins.com\/fr\/produit\/min-max-quantities-commandes-avec-quantite-minimale-ou-maximale-plugin-woocommerce\/#breadcrumb"},"inLanguage":"fr-FR","potentialAction":[{"@type":"ReadAction","target":["https:\/\/woo-themes-plugins.com\/fr\/produit\/min-max-quantities-commandes-avec-quantite-minimale-ou-maximale-plugin-woocommerce\/"]}]},{"@type":"ImageObject","inLanguage":"fr-FR","@id":"https:\/\/woo-themes-plugins.com\/fr\/produit\/min-max-quantities-commandes-avec-quantite-minimale-ou-maximale-plugin-woocommerce\/#primaryimage","url":"https:\/\/woo-themes-plugins.com\/wp-content\/uploads\/sites\/7\/2018\/03\/woo-themes-plugins_woocommerce-min-max-quantities-plugin-woocommerce.jpg","contentUrl":"https:\/\/woo-themes-plugins.com\/wp-content\/uploads\/sites\/7\/2018\/03\/woo-themes-plugins_woocommerce-min-max-quantities-plugin-woocommerce.jpg","width":900,"height":900},{"@type":"BreadcrumbList","@id":"https:\/\/woo-themes-plugins.com\/fr\/produit\/min-max-quantities-commandes-avec-quantite-minimale-ou-maximale-plugin-woocommerce\/#breadcrumb","itemListElement":[{"@type":"ListItem","position":1,"name":"Accueil","item":"https:\/\/woo-themes-plugins.com\/fr\/"},{"@type":"ListItem","position":2,"name":"Shop","item":"https:\/\/woo-themes-plugins.com\/shop\/"},{"@type":"ListItem","position":3,"name":"Min\/Max Quantities &#8211; Commandes avec Quantit\u00e9 Minimale ou Maximale \u2013 Plugin WooCommerce"}]},{"@type":"WebSite","@id":"https:\/\/woo-themes-plugins.com\/it\/#website","url":"https:\/\/woo-themes-plugins.com\/it\/","name":"Woo-themes-plugins.com","description":"Tous les th\u00e8mes et plugins WooCommerce Premium","potentialAction":[{"@type":"SearchAction","target":{"@type":"EntryPoint","urlTemplate":"https:\/\/woo-themes-plugins.com\/it\/?s={search_term_string}"},"query-input":"required name=search_term_string"}],"inLanguage":"fr-FR"}]}},"_links":{"self":[{"href":"https:\/\/woo-themes-plugins.com\/fr\/wp-json\/wp\/v2\/product\/275","targetHints":{"allow":["GET"]}}],"collection":[{"href":"https:\/\/woo-themes-plugins.com\/fr\/wp-json\/wp\/v2\/product"}],"about":[{"href":"https:\/\/woo-themes-plugins.com\/fr\/wp-json\/wp\/v2\/types\/product"}],"wp:featuredmedia":[{"embeddable":true,"href":"https:\/\/woo-themes-plugins.com\/fr\/wp-json\/wp\/v2\/media\/2644"}],"wp:attachment":[{"href":"https:\/\/woo-themes-plugins.com\/fr\/wp-json\/wp\/v2\/media?parent=275"}],"wp:term":[{"taxonomy":"product_cat","embeddable":true,"href":"https:\/\/woo-themes-plugins.com\/fr\/wp-json\/wp\/v2\/product_cat?post=275"},{"taxonomy":"product_tag","embeddable":true,"href":"https:\/\/woo-themes-plugins.com\/fr\/wp-json\/wp\/v2\/product_tag?post=275"}],"curies":[{"name":"wp","href":"https:\/\/api.w.org\/{rel}","templated":true}]}}